{"id":999,"date":"2023-08-23T16:15:36","date_gmt":"2023-08-23T15:15:36","guid":{"rendered":"https:\/\/www.myrhythmdevice.org\/pacemaker\/differenti-tipologie-di-pacemaker\/"},"modified":"2023-08-29T12:43:51","modified_gmt":"2023-08-29T11:43:51","slug":"differenti-tipologie-di-pacemaker","status":"publish","type":"page","link":"https:\/\/www.myrhythmdevice.org\/it\/pacemaker\/differenti-tipologie-di-pacemaker\/","title":{"rendered":"Differenti tipologie di pacemaker"},"content":{"rendered":"<p>Il numero di terminali varia a seconda delle cavit\u00e0 cardiache che necessitano di trattamento. Un pacemaker pu\u00f2 avere 1, 2 o 3 elettrocateteri. Alcuni pacemaker moderni sono privi di terminali per trasmettere il segnale ai muscoli del cuore. Questo tipo di pacemaker \u00e8 detto &#8220;leadless&#8221;, o privo di elettrocateteri.<\/p>\n<p><img loading=\"lazy\" decoding=\"async\" class=\"alignnone size-full wp-image-1097\" src=\"https:\/\/cdn-endpoint-mrd.azureedge.net\/myrhythmdevice\/2023\/08\/pacemaker-insertion-it.jpg\" alt=\"\" width=\"700\" height=\"700\" srcset=\"https:\/\/cdn-endpoint-mrd.azureedge.net\/myrhythmdevice\/2023\/08\/pacemaker-insertion-it.jpg 700w, https:\/\/cdn-endpoint-mrd.azureedge.net\/myrhythmdevice\/2023\/08\/pacemaker-insertion-it-300x300.jpg 300w, https:\/\/cdn-endpoint-mrd.azureedge.net\/myrhythmdevice\/2023\/08\/pacemaker-insertion-it-150x150.jpg 150w, https:\/\/cdn-endpoint-mrd.azureedge.net\/myrhythmdevice\/2023\/08\/pacemaker-insertion-it-400x400.jpg 400w, https:\/\/cdn-endpoint-mrd.azureedge.net\/myrhythmdevice\/2023\/08\/pacemaker-insertion-it-600x600.jpg 600w\" sizes=\"auto, (max-width: 700px) 100vw, 700px\" \/><\/p>\n<h2>Pacemaker a camera singola (monocamerale)<\/h2>\n<p>Un pacemaker a camera singola dispone di un solo elettrodo, il che significa che \u00e8 in grado di trasmettere impulsi elettrici a una sola cavit\u00e0 del cuore. L&#8217;elettrocatetere pu\u00f2 essere posizionato nell&#8217;atrio destro del cuore (quando i segnali elettrici iniziano nel nodo del seno atriale, ma sono lenti) o nel ventricolo destro (quando il ritmo cardiaco \u00e8 lento, ma non inizia nel nodo del seno atriale, ad esempio nei casi di fibrillazione atriale).<\/p>\n<h2>Pacemaker a camera doppia (bicamerale)<\/h2>\n<p>Un pacemaker a camera doppia dispone di due elettrocateteri che trasmettono gli impulsi elettrici all&#8217;atrio destro e al ventricolo destro del cuore. Un pacemaker a camera doppia si utilizza quando i segnali elettrici tra l&#8217;atrio e il ventricolo sono bloccati (blocco AV), contribuendo a coordinare la contrazione di queste due cavit\u00e0.<\/p>\n<h2>Pacemaker biventricolare<\/h2>\n<p>Un pacemaker biventricolare, chiamato anche terapia di risincronizzazione cardiaca (Cardiac Resynchronization Therapy, CRT), \u00e8 dotato di due o tre elettrocateteri che trasmettono gli impulsi elettrici al ventricolo destro, al ventricolo sinistro e all&#8217;atrio destro. Quando il cuore va in fibrillazione atriale, non \u00e8 necessario alcun elettrocatetere nell&#8217;atrio destro.<\/p>\n<p>La funzione di un dispositivo CRT \u00e8 quello di coordinare la contrazione dei ventricoli destro e sinistro, rendendo pi\u00f9 efficiente ogni battito cardiaco.<\/p>\n<h2>Pacemeker leadless (o privo di elettrocateteri)<\/h2>\n<p>I pacemaker leadless sono dispositivi di piccole dimensioni che consistono solo in un generatore di impulsi e privi di elettrocateteri. Vengono inseriti attraverso la vena femorale, nella parte superiore della gamba, fino al ventricolo destro del cuore. Erogano impulsi elettrici attraverso il contatto diretto con il muscolo cardiaco. Un pacemaker leadless pu\u00f2 essere utilizzato per stimolare un&#8217;unica cavit\u00e0 del cuore, il ventricolo destro. L&#8217;impiego \u00e8 quindi limitato ai pazienti che necessitano solo della stimolazione monocamerale del ventricolo destro.<\/p>\n","protected":false},"excerpt":{"rendered":"<p>Il numero di terminali varia a seconda delle cavit\u00e0 cardiache che necessitano di trattamento. Un pacemaker pu\u00f2 avere 1, 2 o 3 elettrocateteri. Alcuni pacemaker moderni sono privi di terminali per trasmettere il segnale ai muscoli del cuore. Questo tipo di pacemaker \u00e8 detto &#8220;leadless&#8221;, o privo di elettrocateteri. Pacemaker a camera singola (monocamerale) Un [&hellip;]<\/p>\n","protected":false},"author":1,"featured_media":910,"parent":985,"menu_order":3,"comment_status":"closed","ping_status":"closed","template":"","meta":{"_acf_changed":false,"footnotes":""},"categories":[],"tags":[],"class_list":["post-999","page","type-page","status-publish","has-post-thumbnail","hentry"],"acf":[],"yoast_head":"<!-- This site is optimized with the Yoast SEO plugin v25.3.1 - https:\/\/yoast.com\/wordpress\/plugins\/seo\/ -->\n<title>Differenti tipologie di pacemaker | My Rhythm Device<\/title>\n<meta name=\"description\" content=\"Un pacemaker pu\u00f2 avere 1, 2 o 3 elettrocateteri. Alcuni pacemaker moderni sono privi di terminali per trasmettere il segnale ai muscoli del cuore.\" \/>\n<meta name=\"robots\" content=\"index, follow, max-snippet:-1, max-image-preview:large, max-video-preview:-1\" \/>\n<link rel=\"canonical\" href=\"https:\/\/www.myrhythmdevice.org\/it\/pacemaker\/differenti-tipologie-di-pacemaker\/\" \/>\n<meta property=\"og:locale\" content=\"it_IT\" \/>\n<meta property=\"og:type\" content=\"article\" \/>\n<meta property=\"og:title\" content=\"Differenti tipologie di pacemaker | My Rhythm Device\" \/>\n<meta property=\"og:description\" content=\"Un pacemaker pu\u00f2 avere 1, 2 o 3 elettrocateteri. Alcuni pacemaker moderni sono privi di terminali per trasmettere il segnale ai muscoli del cuore.\" \/>\n<meta property=\"og:url\" content=\"https:\/\/www.myrhythmdevice.org\/it\/pacemaker\/differenti-tipologie-di-pacemaker\/\" \/>\n<meta property=\"og:site_name\" content=\"myrhythmdevice.org\" \/>\n<meta property=\"article:modified_time\" content=\"2023-08-29T11:43:51+00:00\" \/>\n<meta property=\"og:image\" content=\"https:\/\/www.myrhythmdevice.org\/wp-content\/uploads\/2022\/02\/shutterstock_1692041692-min.jpg\" \/>\n\t<meta property=\"og:image:width\" content=\"600\" \/>\n\t<meta property=\"og:image:height\" content=\"407\" \/>\n\t<meta property=\"og:image:type\" content=\"image\/jpeg\" \/>\n<meta name=\"twitter:card\" content=\"summary_large_image\" \/>\n<meta name=\"twitter:label1\" content=\"Tempo di lettura stimato\" \/>\n\t<meta name=\"twitter:data1\" content=\"2 minuti\" \/>\n<script type=\"application\/ld+json\" class=\"yoast-schema-graph\">{\"@context\":\"https:\/\/schema.org\",\"@graph\":[{\"@type\":\"WebPage\",\"@id\":\"https:\/\/www.myrhythmdevice.org\/it\/pacemaker\/differenti-tipologie-di-pacemaker\/\",\"url\":\"https:\/\/www.myrhythmdevice.org\/it\/pacemaker\/differenti-tipologie-di-pacemaker\/\",\"name\":\"Differenti tipologie di pacemaker | My Rhythm Device\",\"isPartOf\":{\"@id\":\"https:\/\/www.myrhythmdevice.org\/#website\"},\"primaryImageOfPage\":{\"@id\":\"https:\/\/www.myrhythmdevice.org\/it\/pacemaker\/differenti-tipologie-di-pacemaker\/#primaryimage\"},\"image\":{\"@id\":\"https:\/\/www.myrhythmdevice.org\/it\/pacemaker\/differenti-tipologie-di-pacemaker\/#primaryimage\"},\"thumbnailUrl\":\"https:\/\/www.myrhythmdevice.org\/wp-content\/uploads\/2022\/02\/shutterstock_1692041692-min.jpg\",\"datePublished\":\"2023-08-23T15:15:36+00:00\",\"dateModified\":\"2023-08-29T11:43:51+00:00\",\"description\":\"Un pacemaker pu\u00f2 avere 1, 2 o 3 elettrocateteri. Alcuni pacemaker moderni sono privi di terminali per trasmettere il segnale ai muscoli del cuore.\",\"breadcrumb\":{\"@id\":\"https:\/\/www.myrhythmdevice.org\/it\/pacemaker\/differenti-tipologie-di-pacemaker\/#breadcrumb\"},\"inLanguage\":\"it-IT\",\"potentialAction\":[{\"@type\":\"ReadAction\",\"target\":[\"https:\/\/www.myrhythmdevice.org\/it\/pacemaker\/differenti-tipologie-di-pacemaker\/\"]}]},{\"@type\":\"ImageObject\",\"inLanguage\":\"it-IT\",\"@id\":\"https:\/\/www.myrhythmdevice.org\/it\/pacemaker\/differenti-tipologie-di-pacemaker\/#primaryimage\",\"url\":\"https:\/\/www.myrhythmdevice.org\/wp-content\/uploads\/2022\/02\/shutterstock_1692041692-min.jpg\",\"contentUrl\":\"https:\/\/www.myrhythmdevice.org\/wp-content\/uploads\/2022\/02\/shutterstock_1692041692-min.jpg\",\"width\":600,\"height\":407},{\"@type\":\"BreadcrumbList\",\"@id\":\"https:\/\/www.myrhythmdevice.org\/it\/pacemaker\/differenti-tipologie-di-pacemaker\/#breadcrumb\",\"itemListElement\":[{\"@type\":\"ListItem\",\"position\":1,\"name\":\"Home\",\"item\":\"https:\/\/www.myrhythmdevice.org\/it\/\"},{\"@type\":\"ListItem\",\"position\":2,\"name\":\"Pacemaker\",\"item\":\"https:\/\/www.myrhythmdevice.org\/it\/pacemaker\/\"},{\"@type\":\"ListItem\",\"position\":3,\"name\":\"Differenti tipologie di pacemaker\"}]},{\"@type\":\"WebSite\",\"@id\":\"https:\/\/www.myrhythmdevice.org\/#website\",\"url\":\"https:\/\/www.myrhythmdevice.org\/\",\"name\":\"myrhythmdevice.org\",\"description\":\"The website for patients with implanted cardiac devices, their caregivers and families.\",\"publisher\":{\"@id\":\"https:\/\/www.myrhythmdevice.org\/#organization\"},\"potentialAction\":[{\"@type\":\"SearchAction\",\"target\":{\"@type\":\"EntryPoint\",\"urlTemplate\":\"https:\/\/www.myrhythmdevice.org\/?s={search_term_string}\"},\"query-input\":{\"@type\":\"PropertyValueSpecification\",\"valueRequired\":true,\"valueName\":\"search_term_string\"}}],\"inLanguage\":\"it-IT\"},{\"@type\":\"Organization\",\"@id\":\"https:\/\/www.myrhythmdevice.org\/#organization\",\"name\":\"myrhythmdevice.org\",\"url\":\"https:\/\/www.myrhythmdevice.org\/\",\"logo\":{\"@type\":\"ImageObject\",\"inLanguage\":\"it-IT\",\"@id\":\"https:\/\/www.myrhythmdevice.org\/#\/schema\/logo\/image\/\",\"url\":\"https:\/\/cdn-endpoint-mrd.azureedge.net\/myrhythmdevice\/2022\/02\/LOGO-MRD.jpg\",\"contentUrl\":\"https:\/\/cdn-endpoint-mrd.azureedge.net\/myrhythmdevice\/2022\/02\/LOGO-MRD.jpg\",\"width\":1478,\"height\":326,\"caption\":\"myrhythmdevice.org\"},\"image\":{\"@id\":\"https:\/\/www.myrhythmdevice.org\/#\/schema\/logo\/image\/\"}}]}<\/script>\n<!-- \/ Yoast SEO plugin. -->","yoast_head_json":{"title":"Differenti tipologie di pacemaker | My Rhythm Device","description":"Un pacemaker pu\u00f2 avere 1, 2 o 3 elettrocateteri. Alcuni pacemaker moderni sono privi di terminali per trasmettere il segnale ai muscoli del cuore.","robots":{"index":"index","follow":"follow","max-snippet":"max-snippet:-1","max-image-preview":"max-image-preview:large","max-video-preview":"max-video-preview:-1"},"canonical":"https:\/\/www.myrhythmdevice.org\/it\/pacemaker\/differenti-tipologie-di-pacemaker\/","og_locale":"it_IT","og_type":"article","og_title":"Differenti tipologie di pacemaker | My Rhythm Device","og_description":"Un pacemaker pu\u00f2 avere 1, 2 o 3 elettrocateteri. Alcuni pacemaker moderni sono privi di terminali per trasmettere il segnale ai muscoli del cuore.","og_url":"https:\/\/www.myrhythmdevice.org\/it\/pacemaker\/differenti-tipologie-di-pacemaker\/","og_site_name":"myrhythmdevice.org","article_modified_time":"2023-08-29T11:43:51+00:00","og_image":[{"width":600,"height":407,"url":"https:\/\/www.myrhythmdevice.org\/wp-content\/uploads\/2022\/02\/shutterstock_1692041692-min.jpg","type":"image\/jpeg"}],"twitter_card":"summary_large_image","twitter_misc":{"Tempo di lettura stimato":"2 minuti"},"schema":{"@context":"https:\/\/schema.org","@graph":[{"@type":"WebPage","@id":"https:\/\/www.myrhythmdevice.org\/it\/pacemaker\/differenti-tipologie-di-pacemaker\/","url":"https:\/\/www.myrhythmdevice.org\/it\/pacemaker\/differenti-tipologie-di-pacemaker\/","name":"Differenti tipologie di pacemaker | My Rhythm Device","isPartOf":{"@id":"https:\/\/www.myrhythmdevice.org\/#website"},"primaryImageOfPage":{"@id":"https:\/\/www.myrhythmdevice.org\/it\/pacemaker\/differenti-tipologie-di-pacemaker\/#primaryimage"},"image":{"@id":"https:\/\/www.myrhythmdevice.org\/it\/pacemaker\/differenti-tipologie-di-pacemaker\/#primaryimage"},"thumbnailUrl":"https:\/\/www.myrhythmdevice.org\/wp-content\/uploads\/2022\/02\/shutterstock_1692041692-min.jpg","datePublished":"2023-08-23T15:15:36+00:00","dateModified":"2023-08-29T11:43:51+00:00","description":"Un pacemaker pu\u00f2 avere 1, 2 o 3 elettrocateteri. Alcuni pacemaker moderni sono privi di terminali per trasmettere il segnale ai muscoli del cuore.","breadcrumb":{"@id":"https:\/\/www.myrhythmdevice.org\/it\/pacemaker\/differenti-tipologie-di-pacemaker\/#breadcrumb"},"inLanguage":"it-IT","potentialAction":[{"@type":"ReadAction","target":["https:\/\/www.myrhythmdevice.org\/it\/pacemaker\/differenti-tipologie-di-pacemaker\/"]}]},{"@type":"ImageObject","inLanguage":"it-IT","@id":"https:\/\/www.myrhythmdevice.org\/it\/pacemaker\/differenti-tipologie-di-pacemaker\/#primaryimage","url":"https:\/\/www.myrhythmdevice.org\/wp-content\/uploads\/2022\/02\/shutterstock_1692041692-min.jpg","contentUrl":"https:\/\/www.myrhythmdevice.org\/wp-content\/uploads\/2022\/02\/shutterstock_1692041692-min.jpg","width":600,"height":407},{"@type":"BreadcrumbList","@id":"https:\/\/www.myrhythmdevice.org\/it\/pacemaker\/differenti-tipologie-di-pacemaker\/#breadcrumb","itemListElement":[{"@type":"ListItem","position":1,"name":"Home","item":"https:\/\/www.myrhythmdevice.org\/it\/"},{"@type":"ListItem","position":2,"name":"Pacemaker","item":"https:\/\/www.myrhythmdevice.org\/it\/pacemaker\/"},{"@type":"ListItem","position":3,"name":"Differenti tipologie di pacemaker"}]},{"@type":"WebSite","@id":"https:\/\/www.myrhythmdevice.org\/#website","url":"https:\/\/www.myrhythmdevice.org\/","name":"myrhythmdevice.org","description":"The website for patients with implanted cardiac devices, their caregivers and families.","publisher":{"@id":"https:\/\/www.myrhythmdevice.org\/#organization"},"potentialAction":[{"@type":"SearchAction","target":{"@type":"EntryPoint","urlTemplate":"https:\/\/www.myrhythmdevice.org\/?s={search_term_string}"},"query-input":{"@type":"PropertyValueSpecification","valueRequired":true,"valueName":"search_term_string"}}],"inLanguage":"it-IT"},{"@type":"Organization","@id":"https:\/\/www.myrhythmdevice.org\/#organization","name":"myrhythmdevice.org","url":"https:\/\/www.myrhythmdevice.org\/","logo":{"@type":"ImageObject","inLanguage":"it-IT","@id":"https:\/\/www.myrhythmdevice.org\/#\/schema\/logo\/image\/","url":"https:\/\/cdn-endpoint-mrd.azureedge.net\/myrhythmdevice\/2022\/02\/LOGO-MRD.jpg","contentUrl":"https:\/\/cdn-endpoint-mrd.azureedge.net\/myrhythmdevice\/2022\/02\/LOGO-MRD.jpg","width":1478,"height":326,"caption":"myrhythmdevice.org"},"image":{"@id":"https:\/\/www.myrhythmdevice.org\/#\/schema\/logo\/image\/"}}]}},"_links":{"self":[{"href":"https:\/\/www.myrhythmdevice.org\/it\/wp-json\/wp\/v2\/pages\/999","targetHints":{"allow":["GET"]}}],"collection":[{"href":"https:\/\/www.myrhythmdevice.org\/it\/wp-json\/wp\/v2\/pages"}],"about":[{"href":"https:\/\/www.myrhythmdevice.org\/it\/wp-json\/wp\/v2\/types\/page"}],"author":[{"embeddable":true,"href":"https:\/\/www.myrhythmdevice.org\/it\/wp-json\/wp\/v2\/users\/1"}],"replies":[{"embeddable":true,"href":"https:\/\/www.myrhythmdevice.org\/it\/wp-json\/wp\/v2\/comments?post=999"}],"version-history":[{"count":1,"href":"https:\/\/www.myrhythmdevice.org\/it\/wp-json\/wp\/v2\/pages\/999\/revisions"}],"predecessor-version":[{"id":1100,"href":"https:\/\/www.myrhythmdevice.org\/it\/wp-json\/wp\/v2\/pages\/999\/revisions\/1100"}],"up":[{"embeddable":true,"href":"https:\/\/www.myrhythmdevice.org\/it\/wp-json\/wp\/v2\/pages\/985"}],"wp:featuredmedia":[{"embeddable":true,"href":"https:\/\/www.myrhythmdevice.org\/it\/wp-json\/wp\/v2\/media\/910"}],"wp:attachment":[{"href":"https:\/\/www.myrhythmdevice.org\/it\/wp-json\/wp\/v2\/media?parent=999"}],"wp:term":[{"taxonomy":"category","embeddable":true,"href":"https:\/\/www.myrhythmdevice.org\/it\/wp-json\/wp\/v2\/categories?post=999"},{"taxonomy":"post_tag","embeddable":true,"href":"https:\/\/www.myrhythmdevice.org\/it\/wp-json\/wp\/v2\/tags?post=999"}],"curies":[{"name":"wp","href":"https:\/\/api.w.org\/{rel}","templated":true}]}}