{"id":998,"date":"2023-08-23T16:15:36","date_gmt":"2023-08-23T15:15:36","guid":{"rendered":"https:\/\/www.myrhythmdevice.org\/informativa-sulla-privacy\/"},"modified":"2023-08-23T16:15:36","modified_gmt":"2023-08-23T15:15:36","slug":"informativa-sulla-privacy","status":"publish","type":"page","link":"https:\/\/www.myrhythmdevice.org\/it\/informativa-sulla-privacy\/","title":{"rendered":"Informativa sulla Privacy"},"content":{"rendered":"<p>La European Society of Cardiology (ESC) si impegna a salvaguardare la privacy online. Utilizziamo le informazioni raccolte per comprendere meglio come viene utilizzato il nostro sito e apportarvi delle migliorie. Leggere la seguente Informativa sulla privacy per comprendere le modalit\u00e0 di trattamento di tali informazioni. L&#8217;Informativa pu\u00f2 subire modifiche di tanto in tanto, pertanto si consiglia di verificarla periodicamente.<\/p>\n<h3>Quali informazioni raccoglie l&#8217;ESC?<\/h3>\n<p>L&#8217;ESC raccoglie le seguenti informazioni da chi visita il suo sito web: informazioni su quali pagine vengono visitate e quando, informazioni fornite volontariamente dall&#8217;utente (ad esempio, informazioni derivanti da sondaggi).<\/p>\n<h3>In che modo l&#8217;ESC utilizza tali informazioni?<\/h3>\n<p>L&#8217;ESC utilizza le informazioni raccolte per comprendere meglio come viene utilizzato il suo sito e apportarvi delle migliorie. Occasionalmente, l&#8217;ESC pu\u00f2 rendere disponibili a terzi informazioni anonimizzate (ad esempio i risultati dei sondaggi).<\/p>\n<h3>Quali sono le precauzioni di sicurezza adottate per proteggere la perdita, l&#8217;utilizzo improprio o l&#8217;alterazione delle informazioni?<\/h3>\n<p>Purtroppo, nessuna trasmissione di dati su Internet pu\u00f2 essere considerata sicura al 100%. L&#8217;ESC non \u00e8 in grado di assicurare o garantire la sicurezza delle informazioni trasmesse dall&#8217;utente, che agisce a proprio rischio e pericolo. Una volta ricevuta la trasmissione dei dati, facciamo del nostro meglio per garantirne la sicurezza all&#8217;interno dei nostri sistemi.<\/p>\n<h3>Utilizzo dei cookie<\/h3>\n<p>I cookie sono informazioni che un sito web trasferisce sul disco rigido del computer dell&#8217;utente a scopo di memorizzazione. Si tratta di piccoli file di testo che un sito web pu\u00f2 utilizzare per riconoscere gli utenti abituali e facilitarne il continuo accesso e utilizzo del sito. Non rappresentano una minaccia per il sistema o i file. L&#8217;uso dei cookie \u00e8 uno standard di settore e molti siti web li utilizzano per fornire funzionalit\u00e0 utili. I cookie di per s\u00e9 non identificano personalmente gli utenti, mentre sono in grado di identificare il computer. L&#8217;impostazione iniziale della maggior parte dei browser \u00e8 settata sull&#8217;accettazione dei cookie. \u00c8 possibile impostare il computer in modo che rifiuti i cookie.<\/p>\n","protected":false},"excerpt":{"rendered":"<p>La European Society of Cardiology (ESC) si impegna a salvaguardare la privacy online. Utilizziamo le informazioni raccolte per comprendere meglio come viene utilizzato il nostro sito e apportarvi delle migliorie. Leggere la seguente Informativa sulla privacy per comprendere le modalit\u00e0 di trattamento di tali informazioni. L&#8217;Informativa pu\u00f2 subire modifiche di tanto in tanto, pertanto si [&hellip;]<\/p>\n","protected":false},"author":1,"featured_media":0,"parent":0,"menu_order":0,"comment_status":"closed","ping_status":"open","template":"templates\/page-full.php","meta":{"_acf_changed":false,"footnotes":""},"categories":[],"tags":[],"class_list":["post-998","page","type-page","status-publish","hentry"],"acf":[],"yoast_head":"<!-- This site is optimized with the Yoast SEO plugin v26.0 - https:\/\/yoast.com\/wordpress\/plugins\/seo\/ -->\n<title>Informativa sulla privacy | My Rhytmh Device<\/title>\n<meta name=\"description\" content=\"La European Society of Cardiology (ESC) si impegna a salvaguardare la privacy online. Approfondire la lettura per comprendere le modalit\u00e0 di trattamento di tali informazioni.\" \/>\n<meta name=\"robots\" content=\"index, follow, max-snippet:-1, max-image-preview:large, max-video-preview:-1\" \/>\n<link rel=\"canonical\" href=\"https:\/\/www.myrhythmdevice.org\/privacy-policy\/\" \/>\n<meta property=\"og:locale\" content=\"it_IT\" \/>\n<meta property=\"og:type\" content=\"article\" \/>\n<meta property=\"og:title\" content=\"Informativa sulla privacy | My Rhytmh Device\" \/>\n<meta property=\"og:description\" content=\"La European Society of Cardiology (ESC) si impegna a salvaguardare la privacy online. Approfondire la lettura per comprendere le modalit\u00e0 di trattamento di tali informazioni.\" \/>\n<meta property=\"og:url\" content=\"https:\/\/www.myrhythmdevice.org\/privacy-policy\/\" \/>\n<meta property=\"og:site_name\" content=\"myrhythmdevice.org\" \/>\n<meta name=\"twitter:card\" content=\"summary_large_image\" \/>\n<meta name=\"twitter:label1\" content=\"Tempo di lettura stimato\" \/>\n\t<meta name=\"twitter:data1\" content=\"2 minuti\" \/>\n<script type=\"application\/ld+json\" class=\"yoast-schema-graph\">{\"@context\":\"https:\/\/schema.org\",\"@graph\":[{\"@type\":\"WebPage\",\"@id\":\"https:\/\/www.myrhythmdevice.org\/privacy-policy\/\",\"url\":\"https:\/\/www.myrhythmdevice.org\/privacy-policy\/\",\"name\":\"Informativa sulla privacy | My Rhytmh Device\",\"isPartOf\":{\"@id\":\"https:\/\/www.myrhythmdevice.org\/#website\"},\"datePublished\":\"2023-08-23T15:15:36+00:00\",\"description\":\"La European Society of Cardiology (ESC) si impegna a salvaguardare la privacy online. Approfondire la lettura per comprendere le modalit\u00e0 di trattamento di tali informazioni.\",\"breadcrumb\":{\"@id\":\"https:\/\/www.myrhythmdevice.org\/privacy-policy\/#breadcrumb\"},\"inLanguage\":\"it-IT\",\"potentialAction\":[{\"@type\":\"ReadAction\",\"target\":[\"https:\/\/www.myrhythmdevice.org\/privacy-policy\/\"]}]},{\"@type\":\"BreadcrumbList\",\"@id\":\"https:\/\/www.myrhythmdevice.org\/privacy-policy\/#breadcrumb\",\"itemListElement\":[{\"@type\":\"ListItem\",\"position\":1,\"name\":\"Home\",\"item\":\"https:\/\/www.myrhythmdevice.org\/it\/\"},{\"@type\":\"ListItem\",\"position\":2,\"name\":\"Informativa sulla Privacy\"}]},{\"@type\":\"WebSite\",\"@id\":\"https:\/\/www.myrhythmdevice.org\/#website\",\"url\":\"https:\/\/www.myrhythmdevice.org\/\",\"name\":\"myrhythmdevice.org\",\"description\":\"The website for patients with implanted cardiac devices, their caregivers and families.\",\"publisher\":{\"@id\":\"https:\/\/www.myrhythmdevice.org\/#organization\"},\"potentialAction\":[{\"@type\":\"SearchAction\",\"target\":{\"@type\":\"EntryPoint\",\"urlTemplate\":\"https:\/\/www.myrhythmdevice.org\/?s={search_term_string}\"},\"query-input\":{\"@type\":\"PropertyValueSpecification\",\"valueRequired\":true,\"valueName\":\"search_term_string\"}}],\"inLanguage\":\"it-IT\"},{\"@type\":\"Organization\",\"@id\":\"https:\/\/www.myrhythmdevice.org\/#organization\",\"name\":\"myrhythmdevice.org\",\"url\":\"https:\/\/www.myrhythmdevice.org\/\",\"logo\":{\"@type\":\"ImageObject\",\"inLanguage\":\"it-IT\",\"@id\":\"https:\/\/www.myrhythmdevice.org\/#\/schema\/logo\/image\/\",\"url\":\"https:\/\/cdn-endpoint-mrd.azureedge.net\/myrhythmdevice\/2022\/02\/LOGO-MRD.jpg\",\"contentUrl\":\"https:\/\/cdn-endpoint-mrd.azureedge.net\/myrhythmdevice\/2022\/02\/LOGO-MRD.jpg\",\"width\":1478,\"height\":326,\"caption\":\"myrhythmdevice.org\"},\"image\":{\"@id\":\"https:\/\/www.myrhythmdevice.org\/#\/schema\/logo\/image\/\"}}]}<\/script>\n<!-- \/ Yoast SEO plugin. -->","yoast_head_json":{"title":"Informativa sulla privacy | My Rhytmh Device","description":"La European Society of Cardiology (ESC) si impegna a salvaguardare la privacy online. Approfondire la lettura per comprendere le modalit\u00e0 di trattamento di tali informazioni.","robots":{"index":"index","follow":"follow","max-snippet":"max-snippet:-1","max-image-preview":"max-image-preview:large","max-video-preview":"max-video-preview:-1"},"canonical":"https:\/\/www.myrhythmdevice.org\/privacy-policy\/","og_locale":"it_IT","og_type":"article","og_title":"Informativa sulla privacy | My Rhytmh Device","og_description":"La European Society of Cardiology (ESC) si impegna a salvaguardare la privacy online. Approfondire la lettura per comprendere le modalit\u00e0 di trattamento di tali informazioni.","og_url":"https:\/\/www.myrhythmdevice.org\/privacy-policy\/","og_site_name":"myrhythmdevice.org","twitter_card":"summary_large_image","twitter_misc":{"Tempo di lettura stimato":"2 minuti"},"schema":{"@context":"https:\/\/schema.org","@graph":[{"@type":"WebPage","@id":"https:\/\/www.myrhythmdevice.org\/privacy-policy\/","url":"https:\/\/www.myrhythmdevice.org\/privacy-policy\/","name":"Informativa sulla privacy | My Rhytmh Device","isPartOf":{"@id":"https:\/\/www.myrhythmdevice.org\/#website"},"datePublished":"2023-08-23T15:15:36+00:00","description":"La European Society of Cardiology (ESC) si impegna a salvaguardare la privacy online. Approfondire la lettura per comprendere le modalit\u00e0 di trattamento di tali informazioni.","breadcrumb":{"@id":"https:\/\/www.myrhythmdevice.org\/privacy-policy\/#breadcrumb"},"inLanguage":"it-IT","potentialAction":[{"@type":"ReadAction","target":["https:\/\/www.myrhythmdevice.org\/privacy-policy\/"]}]},{"@type":"BreadcrumbList","@id":"https:\/\/www.myrhythmdevice.org\/privacy-policy\/#breadcrumb","itemListElement":[{"@type":"ListItem","position":1,"name":"Home","item":"https:\/\/www.myrhythmdevice.org\/it\/"},{"@type":"ListItem","position":2,"name":"Informativa sulla Privacy"}]},{"@type":"WebSite","@id":"https:\/\/www.myrhythmdevice.org\/#website","url":"https:\/\/www.myrhythmdevice.org\/","name":"myrhythmdevice.org","description":"The website for patients with implanted cardiac devices, their caregivers and families.","publisher":{"@id":"https:\/\/www.myrhythmdevice.org\/#organization"},"potentialAction":[{"@type":"SearchAction","target":{"@type":"EntryPoint","urlTemplate":"https:\/\/www.myrhythmdevice.org\/?s={search_term_string}"},"query-input":{"@type":"PropertyValueSpecification","valueRequired":true,"valueName":"search_term_string"}}],"inLanguage":"it-IT"},{"@type":"Organization","@id":"https:\/\/www.myrhythmdevice.org\/#organization","name":"myrhythmdevice.org","url":"https:\/\/www.myrhythmdevice.org\/","logo":{"@type":"ImageObject","inLanguage":"it-IT","@id":"https:\/\/www.myrhythmdevice.org\/#\/schema\/logo\/image\/","url":"https:\/\/cdn-endpoint-mrd.azureedge.net\/myrhythmdevice\/2022\/02\/LOGO-MRD.jpg","contentUrl":"https:\/\/cdn-endpoint-mrd.azureedge.net\/myrhythmdevice\/2022\/02\/LOGO-MRD.jpg","width":1478,"height":326,"caption":"myrhythmdevice.org"},"image":{"@id":"https:\/\/www.myrhythmdevice.org\/#\/schema\/logo\/image\/"}}]}},"_links":{"self":[{"href":"https:\/\/www.myrhythmdevice.org\/it\/wp-json\/wp\/v2\/pages\/998","targetHints":{"allow":["GET"]}}],"collection":[{"href":"https:\/\/www.myrhythmdevice.org\/it\/wp-json\/wp\/v2\/pages"}],"about":[{"href":"https:\/\/www.myrhythmdevice.org\/it\/wp-json\/wp\/v2\/types\/page"}],"author":[{"embeddable":true,"href":"https:\/\/www.myrhythmdevice.org\/it\/wp-json\/wp\/v2\/users\/1"}],"replies":[{"embeddable":true,"href":"https:\/\/www.myrhythmdevice.org\/it\/wp-json\/wp\/v2\/comments?post=998"}],"version-history":[{"count":0,"href":"https:\/\/www.myrhythmdevice.org\/it\/wp-json\/wp\/v2\/pages\/998\/revisions"}],"wp:attachment":[{"href":"https:\/\/www.myrhythmdevice.org\/it\/wp-json\/wp\/v2\/media?parent=998"}],"wp:term":[{"taxonomy":"category","embeddable":true,"href":"https:\/\/www.myrhythmdevice.org\/it\/wp-json\/wp\/v2\/categories?post=998"},{"taxonomy":"post_tag","embeddable":true,"href":"https:\/\/www.myrhythmdevice.org\/it\/wp-json\/wp\/v2\/tags?post=998"}],"curies":[{"name":"wp","href":"https:\/\/api.w.org\/{rel}","templated":true}]}}