{"id":997,"date":"2023-08-23T16:15:36","date_gmt":"2023-08-23T15:15:36","guid":{"rendered":"https:\/\/www.myrhythmdevice.org\/cose-un-defibrillatore\/"},"modified":"2025-06-26T14:24:46","modified_gmt":"2025-06-26T13:24:46","slug":"cose-un-defibrillatore","status":"publish","type":"page","link":"https:\/\/www.myrhythmdevice.org\/it\/cose-un-dispositivo-cardiaco\/cose-un-defibrillatore\/","title":{"rendered":"Cos&#8217;\u00e8 un defibrillatore?"},"content":{"rendered":"<p><img loading=\"lazy\" decoding=\"async\" class=\"alignnone wp-image-507\" src=\"https:\/\/cdn-endpoint-mrd.azureedge.net\/myrhythmdevice\/2022\/11\/defib.jpg\" alt=\"\" width=\"501\" height=\"334\" srcset=\"https:\/\/cdn-endpoint-mrd.azureedge.net\/myrhythmdevice\/2022\/11\/defib.jpg 1000w, https:\/\/www.myrhythmdevice.org\/wp-content\/uploads\/2022\/11\/defib-300x200.jpg 300w, https:\/\/www.myrhythmdevice.org\/wp-content\/uploads\/2022\/11\/defib-768x512.jpg 768w, https:\/\/www.myrhythmdevice.org\/wp-content\/uploads\/2022\/11\/defib-600x400.jpg 600w, https:\/\/www.myrhythmdevice.org\/wp-content\/uploads\/2022\/11\/defib-900x600.jpg 900w\" sizes=\"auto, (max-width: 501px) 100vw, 501px\" \/><\/p>\n<p>Un cardiovertitore-defibrillatore impiantabile (Implantable Cardioverter-Defibrillator, ICD), comunemente conosciuto come &#8220;defibrillatore&#8221;, \u00e8 un dispositivo cardiaco che viene impiantato per rilevare e arrestare ritmi cardiaci pericolosamente accelerati (tachicardia ventricolare e fibrillazione ventricolare). Si tratta di un dispositivo alimentato a batteria che monitora costantemente il ritmo cardiaco. Quando viene rilevato un ritmo cardiaco ventricolare eccessivamente accelerato, l&#8217;ICD rilascia stimolazioni elettriche veloci e indolori (spesso di soli 8 battiti) o una scarica elettrica indolore finalizzate a ristabilire il ritmo cardiaco normale.<\/p>\n<p>L&#8217;ICD transvenoso funziona anche come pacemaker. Ci\u00f2 vuol dire che una volta impiantato, l&#8217;ICD \u00e8 in grado di trattare sia condizioni di ritmo accelerato che rallentato. Alcuni ICD possono essere dotati anche delle funzioni di dispositivo per la terapia di risincronizzazione cardiaca (CRT), in caso di necessit\u00e0.<\/p>\n<p>Dimensioni e forma dell&#8217;ICD possono variare a seconda di produttore e modello. Gli ICD sono in genere pi\u00f9 voluminosi dei pacemaker\/pacemaker biventricolari, in quanto il contenitore dove \u00e8 posizionato il generatore, che funziona anche da defibrillatore, \u00e8 pi\u00f9 grande.<\/p>\n","protected":false},"excerpt":{"rendered":"<p>Un cardiovertitore-defibrillatore impiantabile (Implantable Cardioverter-Defibrillator, ICD), comunemente conosciuto come &#8220;defibrillatore&#8221;, \u00e8 un dispositivo cardiaco che viene impiantato per rilevare e arrestare ritmi cardiaci pericolosamente accelerati (tachicardia ventricolare e fibrillazione ventricolare). Si tratta di un dispositivo alimentato a batteria che monitora costantemente il ritmo cardiaco. Quando viene rilevato un ritmo cardiaco ventricolare eccessivamente accelerato, l&#8217;ICD rilascia [&hellip;]<\/p>\n","protected":false},"author":1,"featured_media":905,"parent":1009,"menu_order":0,"comment_status":"closed","ping_status":"closed","template":"","meta":{"_acf_changed":false,"footnotes":""},"categories":[],"tags":[],"class_list":["post-997","page","type-page","status-publish","has-post-thumbnail","hentry"],"acf":[],"yoast_head":"<!-- This site is optimized with the Yoast SEO plugin v26.0 - https:\/\/yoast.com\/wordpress\/plugins\/seo\/ -->\n<title>Cos&#039;\u00e8 un defibrillatore? | My Rhythm Device<\/title>\n<meta name=\"description\" content=\"Un cardiovertitore-defibrillatore impiantabile, comunemente conosciuto come &quot;defibrillatore&quot;, \u00e8 un dispositivo cardiaco che viene impiantato per rilevare e arrestare ritmi cardiaci accelerati.\" \/>\n<meta name=\"robots\" content=\"index, follow, max-snippet:-1, max-image-preview:large, max-video-preview:-1\" \/>\n<link rel=\"canonical\" href=\"https:\/\/www.myrhythmdevice.org\/it\/cose-un-dispositivo-cardiaco\/cose-un-defibrillatore\/\" \/>\n<meta property=\"og:locale\" content=\"it_IT\" \/>\n<meta property=\"og:type\" content=\"article\" \/>\n<meta property=\"og:title\" content=\"Cos&#039;\u00e8 un defibrillatore? | My Rhythm Device\" \/>\n<meta property=\"og:description\" content=\"Un cardiovertitore-defibrillatore impiantabile, comunemente conosciuto come &quot;defibrillatore&quot;, \u00e8 un dispositivo cardiaco che viene impiantato per rilevare e arrestare ritmi cardiaci accelerati.\" \/>\n<meta property=\"og:url\" content=\"https:\/\/www.myrhythmdevice.org\/it\/cose-un-dispositivo-cardiaco\/cose-un-defibrillatore\/\" \/>\n<meta property=\"og:site_name\" content=\"myrhythmdevice.org\" \/>\n<meta property=\"article:modified_time\" content=\"2025-06-26T13:24:46+00:00\" \/>\n<meta property=\"og:image\" content=\"https:\/\/www.myrhythmdevice.org\/wp-content\/uploads\/2022\/02\/shutterstock_1560925949-1-min.jpg\" \/>\n\t<meta property=\"og:image:width\" content=\"900\" \/>\n\t<meta property=\"og:image:height\" content=\"600\" \/>\n\t<meta property=\"og:image:type\" content=\"image\/jpeg\" \/>\n<meta name=\"twitter:card\" content=\"summary_large_image\" \/>\n<meta name=\"twitter:label1\" content=\"Tempo di lettura stimato\" \/>\n\t<meta name=\"twitter:data1\" content=\"1 minuto\" \/>\n<script type=\"application\/ld+json\" class=\"yoast-schema-graph\">{\"@context\":\"https:\/\/schema.org\",\"@graph\":[{\"@type\":\"WebPage\",\"@id\":\"https:\/\/www.myrhythmdevice.org\/it\/cose-un-dispositivo-cardiaco\/cose-un-defibrillatore\/\",\"url\":\"https:\/\/www.myrhythmdevice.org\/it\/cose-un-dispositivo-cardiaco\/cose-un-defibrillatore\/\",\"name\":\"Cos'\u00e8 un defibrillatore? | My Rhythm Device\",\"isPartOf\":{\"@id\":\"https:\/\/www.myrhythmdevice.org\/#website\"},\"primaryImageOfPage\":{\"@id\":\"https:\/\/www.myrhythmdevice.org\/it\/cose-un-dispositivo-cardiaco\/cose-un-defibrillatore\/#primaryimage\"},\"image\":{\"@id\":\"https:\/\/www.myrhythmdevice.org\/it\/cose-un-dispositivo-cardiaco\/cose-un-defibrillatore\/#primaryimage\"},\"thumbnailUrl\":\"https:\/\/www.myrhythmdevice.org\/wp-content\/uploads\/2022\/02\/shutterstock_1560925949-1-min.jpg\",\"datePublished\":\"2023-08-23T15:15:36+00:00\",\"dateModified\":\"2025-06-26T13:24:46+00:00\",\"description\":\"Un cardiovertitore-defibrillatore impiantabile, comunemente conosciuto come \\\"defibrillatore\\\", \u00e8 un dispositivo cardiaco che viene impiantato per rilevare e arrestare ritmi cardiaci accelerati.\",\"breadcrumb\":{\"@id\":\"https:\/\/www.myrhythmdevice.org\/it\/cose-un-dispositivo-cardiaco\/cose-un-defibrillatore\/#breadcrumb\"},\"inLanguage\":\"it-IT\",\"potentialAction\":[{\"@type\":\"ReadAction\",\"target\":[\"https:\/\/www.myrhythmdevice.org\/it\/cose-un-dispositivo-cardiaco\/cose-un-defibrillatore\/\"]}]},{\"@type\":\"ImageObject\",\"inLanguage\":\"it-IT\",\"@id\":\"https:\/\/www.myrhythmdevice.org\/it\/cose-un-dispositivo-cardiaco\/cose-un-defibrillatore\/#primaryimage\",\"url\":\"https:\/\/www.myrhythmdevice.org\/wp-content\/uploads\/2022\/02\/shutterstock_1560925949-1-min.jpg\",\"contentUrl\":\"https:\/\/www.myrhythmdevice.org\/wp-content\/uploads\/2022\/02\/shutterstock_1560925949-1-min.jpg\",\"width\":900,\"height\":600},{\"@type\":\"BreadcrumbList\",\"@id\":\"https:\/\/www.myrhythmdevice.org\/it\/cose-un-dispositivo-cardiaco\/cose-un-defibrillatore\/#breadcrumb\",\"itemListElement\":[{\"@type\":\"ListItem\",\"position\":1,\"name\":\"Home\",\"item\":\"https:\/\/www.myrhythmdevice.org\/it\/\"},{\"@type\":\"ListItem\",\"position\":2,\"name\":\"Cos&#8217;\u00e8 un dispositivo cardiaco?\",\"item\":\"https:\/\/www.myrhythmdevice.org\/it\/cose-un-dispositivo-cardiaco\/\"},{\"@type\":\"ListItem\",\"position\":3,\"name\":\"Cos&#8217;\u00e8 un defibrillatore?\"}]},{\"@type\":\"WebSite\",\"@id\":\"https:\/\/www.myrhythmdevice.org\/#website\",\"url\":\"https:\/\/www.myrhythmdevice.org\/\",\"name\":\"myrhythmdevice.org\",\"description\":\"The website for patients with implanted cardiac devices, their caregivers and families.\",\"publisher\":{\"@id\":\"https:\/\/www.myrhythmdevice.org\/#organization\"},\"potentialAction\":[{\"@type\":\"SearchAction\",\"target\":{\"@type\":\"EntryPoint\",\"urlTemplate\":\"https:\/\/www.myrhythmdevice.org\/?s={search_term_string}\"},\"query-input\":{\"@type\":\"PropertyValueSpecification\",\"valueRequired\":true,\"valueName\":\"search_term_string\"}}],\"inLanguage\":\"it-IT\"},{\"@type\":\"Organization\",\"@id\":\"https:\/\/www.myrhythmdevice.org\/#organization\",\"name\":\"myrhythmdevice.org\",\"url\":\"https:\/\/www.myrhythmdevice.org\/\",\"logo\":{\"@type\":\"ImageObject\",\"inLanguage\":\"it-IT\",\"@id\":\"https:\/\/www.myrhythmdevice.org\/#\/schema\/logo\/image\/\",\"url\":\"https:\/\/cdn-endpoint-mrd.azureedge.net\/myrhythmdevice\/2022\/02\/LOGO-MRD.jpg\",\"contentUrl\":\"https:\/\/cdn-endpoint-mrd.azureedge.net\/myrhythmdevice\/2022\/02\/LOGO-MRD.jpg\",\"width\":1478,\"height\":326,\"caption\":\"myrhythmdevice.org\"},\"image\":{\"@id\":\"https:\/\/www.myrhythmdevice.org\/#\/schema\/logo\/image\/\"}}]}<\/script>\n<!-- \/ Yoast SEO plugin. -->","yoast_head_json":{"title":"Cos'\u00e8 un defibrillatore? | My Rhythm Device","description":"Un cardiovertitore-defibrillatore impiantabile, comunemente conosciuto come \"defibrillatore\", \u00e8 un dispositivo cardiaco che viene impiantato per rilevare e arrestare ritmi cardiaci accelerati.","robots":{"index":"index","follow":"follow","max-snippet":"max-snippet:-1","max-image-preview":"max-image-preview:large","max-video-preview":"max-video-preview:-1"},"canonical":"https:\/\/www.myrhythmdevice.org\/it\/cose-un-dispositivo-cardiaco\/cose-un-defibrillatore\/","og_locale":"it_IT","og_type":"article","og_title":"Cos'\u00e8 un defibrillatore? | My Rhythm Device","og_description":"Un cardiovertitore-defibrillatore impiantabile, comunemente conosciuto come \"defibrillatore\", \u00e8 un dispositivo cardiaco che viene impiantato per rilevare e arrestare ritmi cardiaci accelerati.","og_url":"https:\/\/www.myrhythmdevice.org\/it\/cose-un-dispositivo-cardiaco\/cose-un-defibrillatore\/","og_site_name":"myrhythmdevice.org","article_modified_time":"2025-06-26T13:24:46+00:00","og_image":[{"width":900,"height":600,"url":"https:\/\/www.myrhythmdevice.org\/wp-content\/uploads\/2022\/02\/shutterstock_1560925949-1-min.jpg","type":"image\/jpeg"}],"twitter_card":"summary_large_image","twitter_misc":{"Tempo di lettura stimato":"1 minuto"},"schema":{"@context":"https:\/\/schema.org","@graph":[{"@type":"WebPage","@id":"https:\/\/www.myrhythmdevice.org\/it\/cose-un-dispositivo-cardiaco\/cose-un-defibrillatore\/","url":"https:\/\/www.myrhythmdevice.org\/it\/cose-un-dispositivo-cardiaco\/cose-un-defibrillatore\/","name":"Cos'\u00e8 un defibrillatore? | My Rhythm Device","isPartOf":{"@id":"https:\/\/www.myrhythmdevice.org\/#website"},"primaryImageOfPage":{"@id":"https:\/\/www.myrhythmdevice.org\/it\/cose-un-dispositivo-cardiaco\/cose-un-defibrillatore\/#primaryimage"},"image":{"@id":"https:\/\/www.myrhythmdevice.org\/it\/cose-un-dispositivo-cardiaco\/cose-un-defibrillatore\/#primaryimage"},"thumbnailUrl":"https:\/\/www.myrhythmdevice.org\/wp-content\/uploads\/2022\/02\/shutterstock_1560925949-1-min.jpg","datePublished":"2023-08-23T15:15:36+00:00","dateModified":"2025-06-26T13:24:46+00:00","description":"Un cardiovertitore-defibrillatore impiantabile, comunemente conosciuto come \"defibrillatore\", \u00e8 un dispositivo cardiaco che viene impiantato per rilevare e arrestare ritmi cardiaci accelerati.","breadcrumb":{"@id":"https:\/\/www.myrhythmdevice.org\/it\/cose-un-dispositivo-cardiaco\/cose-un-defibrillatore\/#breadcrumb"},"inLanguage":"it-IT","potentialAction":[{"@type":"ReadAction","target":["https:\/\/www.myrhythmdevice.org\/it\/cose-un-dispositivo-cardiaco\/cose-un-defibrillatore\/"]}]},{"@type":"ImageObject","inLanguage":"it-IT","@id":"https:\/\/www.myrhythmdevice.org\/it\/cose-un-dispositivo-cardiaco\/cose-un-defibrillatore\/#primaryimage","url":"https:\/\/www.myrhythmdevice.org\/wp-content\/uploads\/2022\/02\/shutterstock_1560925949-1-min.jpg","contentUrl":"https:\/\/www.myrhythmdevice.org\/wp-content\/uploads\/2022\/02\/shutterstock_1560925949-1-min.jpg","width":900,"height":600},{"@type":"BreadcrumbList","@id":"https:\/\/www.myrhythmdevice.org\/it\/cose-un-dispositivo-cardiaco\/cose-un-defibrillatore\/#breadcrumb","itemListElement":[{"@type":"ListItem","position":1,"name":"Home","item":"https:\/\/www.myrhythmdevice.org\/it\/"},{"@type":"ListItem","position":2,"name":"Cos&#8217;\u00e8 un dispositivo cardiaco?","item":"https:\/\/www.myrhythmdevice.org\/it\/cose-un-dispositivo-cardiaco\/"},{"@type":"ListItem","position":3,"name":"Cos&#8217;\u00e8 un defibrillatore?"}]},{"@type":"WebSite","@id":"https:\/\/www.myrhythmdevice.org\/#website","url":"https:\/\/www.myrhythmdevice.org\/","name":"myrhythmdevice.org","description":"The website for patients with implanted cardiac devices, their caregivers and families.","publisher":{"@id":"https:\/\/www.myrhythmdevice.org\/#organization"},"potentialAction":[{"@type":"SearchAction","target":{"@type":"EntryPoint","urlTemplate":"https:\/\/www.myrhythmdevice.org\/?s={search_term_string}"},"query-input":{"@type":"PropertyValueSpecification","valueRequired":true,"valueName":"search_term_string"}}],"inLanguage":"it-IT"},{"@type":"Organization","@id":"https:\/\/www.myrhythmdevice.org\/#organization","name":"myrhythmdevice.org","url":"https:\/\/www.myrhythmdevice.org\/","logo":{"@type":"ImageObject","inLanguage":"it-IT","@id":"https:\/\/www.myrhythmdevice.org\/#\/schema\/logo\/image\/","url":"https:\/\/cdn-endpoint-mrd.azureedge.net\/myrhythmdevice\/2022\/02\/LOGO-MRD.jpg","contentUrl":"https:\/\/cdn-endpoint-mrd.azureedge.net\/myrhythmdevice\/2022\/02\/LOGO-MRD.jpg","width":1478,"height":326,"caption":"myrhythmdevice.org"},"image":{"@id":"https:\/\/www.myrhythmdevice.org\/#\/schema\/logo\/image\/"}}]}},"_links":{"self":[{"href":"https:\/\/www.myrhythmdevice.org\/it\/wp-json\/wp\/v2\/pages\/997","targetHints":{"allow":["GET"]}}],"collection":[{"href":"https:\/\/www.myrhythmdevice.org\/it\/wp-json\/wp\/v2\/pages"}],"about":[{"href":"https:\/\/www.myrhythmdevice.org\/it\/wp-json\/wp\/v2\/types\/page"}],"author":[{"embeddable":true,"href":"https:\/\/www.myrhythmdevice.org\/it\/wp-json\/wp\/v2\/users\/1"}],"replies":[{"embeddable":true,"href":"https:\/\/www.myrhythmdevice.org\/it\/wp-json\/wp\/v2\/comments?post=997"}],"version-history":[{"count":1,"href":"https:\/\/www.myrhythmdevice.org\/it\/wp-json\/wp\/v2\/pages\/997\/revisions"}],"predecessor-version":[{"id":1241,"href":"https:\/\/www.myrhythmdevice.org\/it\/wp-json\/wp\/v2\/pages\/997\/revisions\/1241"}],"up":[{"embeddable":true,"href":"https:\/\/www.myrhythmdevice.org\/it\/wp-json\/wp\/v2\/pages\/1009"}],"wp:featuredmedia":[{"embeddable":true,"href":"https:\/\/www.myrhythmdevice.org\/it\/wp-json\/wp\/v2\/media\/905"}],"wp:attachment":[{"href":"https:\/\/www.myrhythmdevice.org\/it\/wp-json\/wp\/v2\/media?parent=997"}],"wp:term":[{"taxonomy":"category","embeddable":true,"href":"https:\/\/www.myrhythmdevice.org\/it\/wp-json\/wp\/v2\/categories?post=997"},{"taxonomy":"post_tag","embeddable":true,"href":"https:\/\/www.myrhythmdevice.org\/it\/wp-json\/wp\/v2\/tags?post=997"}],"curies":[{"name":"wp","href":"https:\/\/api.w.org\/{rel}","templated":true}]}}