{"id":993,"date":"2023-08-23T16:15:34","date_gmt":"2023-08-23T15:15:34","guid":{"rendered":"https:\/\/www.myrhythmdevice.org\/pacemaker\/come-funziona-un-pacemaker\/"},"modified":"2023-08-23T16:15:34","modified_gmt":"2023-08-23T15:15:34","slug":"come-funziona-un-pacemaker","status":"publish","type":"page","link":"https:\/\/www.myrhythmdevice.org\/it\/pacemaker\/come-funziona-un-pacemaker\/","title":{"rendered":"Come funziona un pacemaker?"},"content":{"rendered":"<p><img loading=\"lazy\" decoding=\"async\" class=\"alignnone size-medium wp-image-83\" src=\"https:\/\/cdn-endpoint-mrd.azureedge.net\/myrhythmdevice\/2022\/02\/shutterstock_608377106-1-min-300x200.jpg\" alt=\"\" width=\"300\" height=\"200\" srcset=\"https:\/\/www.myrhythmdevice.org\/wp-content\/uploads\/2022\/02\/shutterstock_608377106-1-min-300x200.jpg 300w, https:\/\/www.myrhythmdevice.org\/wp-content\/uploads\/2022\/02\/shutterstock_608377106-1-min-768x512.jpg 768w, https:\/\/www.myrhythmdevice.org\/wp-content\/uploads\/2022\/02\/shutterstock_608377106-1-min-600x400.jpg 600w, https:\/\/cdn-endpoint-mrd.azureedge.net\/myrhythmdevice\/2022\/02\/shutterstock_608377106-1-min.jpg 900w\" sizes=\"auto, (max-width: 300px) 100vw, 300px\" \/><\/p>\n<p>Un pacemaker svolge due funzioni differenti. Per prima cosa, tiene costantemente sotto osservazione il ritmo cardiaco al fine di rilevare eventuali aritmie (rilevamento). Quando i battiti sono troppo lenti, il pacemaker stimola il muscolo cardiaco inviando segnali elettrici che ne correggono il ritmo rallentato (stimolazione). In altre parole, il pacemaker &#8220;rileva&#8221; continuamente il ritmo cardiaco, ma &#8220;stimola&#8221; il cuore solo in caso di necessit\u00e0.<\/p>\n<p>I pacemaker sono dotati di funzioni aggiuntive per ottimizzare il ritmo cardiaco. Una di queste \u00e8 la funzione di sensore (la cosiddetta &#8220;rate response&#8221;, risposta in frequenza). Un sensore rileva l&#8217;attivit\u00e0 fisica (tramite il movimento del corpo, la frequenza respiratoria o la contrattilit\u00e0 cardiaca) ed \u00e8 sulla base di questo elemento che il pacemaker aumenta la frequenza cardiaca in caso di necessit\u00e0 (ad es. durante lo svolgimento di attivit\u00e0 motorie).<\/p>\n<p>Il pacemaker \u00e8 costituito da due parti:<\/p>\n<ul>\n<li>Il generatore di impulsi: una piccola custodia in metallo che contiene la batteria del dispositivo e il circuito elettrico preposto alla rilevazione dei battiti del cuore e alla generazione dei segnali elettrici.<\/li>\n<li>I cateteri sono sottili cavi isolati che collegano il generatore di impulsi a una camera cardiaca. I cateteri vengono impiantati per via intravenosa nel torace, sotto la clavicola e posizionati nelle camere cardiache. Gli elettrodi rilasciano i segnali elettrici alla camera che il pacemaker &#8220;stimola&#8221;, controllando la frequenza cardiaca. Inoltre, &#8220;rilevano&#8221; l&#8217;attivit\u00e0 elettrica del cuore, reinviando tali informazioni al generatore di impulsi.<\/li>\n<\/ul>\n","protected":false},"excerpt":{"rendered":"<p>Un pacemaker svolge due funzioni differenti. Per prima cosa, tiene costantemente sotto osservazione il ritmo cardiaco al fine di rilevare eventuali aritmie (rilevamento). Quando i battiti sono troppo lenti, il pacemaker stimola il muscolo cardiaco inviando segnali elettrici che ne correggono il ritmo rallentato (stimolazione). In altre parole, il pacemaker &#8220;rileva&#8221; continuamente il ritmo cardiaco, [&hellip;]<\/p>\n","protected":false},"author":1,"featured_media":904,"parent":985,"menu_order":2,"comment_status":"closed","ping_status":"closed","template":"","meta":{"_acf_changed":false,"footnotes":""},"categories":[],"tags":[],"class_list":["post-993","page","type-page","status-publish","has-post-thumbnail","hentry"],"acf":[],"yoast_head":"<!-- This site is optimized with the Yoast SEO plugin v26.0 - https:\/\/yoast.com\/wordpress\/plugins\/seo\/ -->\n<title>Come funziona un pacemaker? | My Rhythm Device<\/title>\n<meta name=\"description\" content=\"Il pacemaker rileva ritmi cardiaci anomali. Quando i battiti sono troppo lenti, il dispositivo stimola il muscolo cardiaco che, in tal modo, corregge il ritmo rallentato.\" \/>\n<meta name=\"robots\" content=\"index, follow, max-snippet:-1, max-image-preview:large, max-video-preview:-1\" \/>\n<link rel=\"canonical\" href=\"https:\/\/www.myrhythmdevice.org\/it\/pacemaker\/come-funziona-un-pacemaker\/\" \/>\n<meta property=\"og:locale\" content=\"it_IT\" \/>\n<meta property=\"og:type\" content=\"article\" \/>\n<meta property=\"og:title\" content=\"Come funziona un pacemaker? | My Rhythm Device\" \/>\n<meta property=\"og:description\" content=\"Il pacemaker rileva ritmi cardiaci anomali. Quando i battiti sono troppo lenti, il dispositivo stimola il muscolo cardiaco che, in tal modo, corregge il ritmo rallentato.\" \/>\n<meta property=\"og:url\" content=\"https:\/\/www.myrhythmdevice.org\/it\/pacemaker\/come-funziona-un-pacemaker\/\" \/>\n<meta property=\"og:site_name\" content=\"myrhythmdevice.org\" \/>\n<meta property=\"og:image\" content=\"https:\/\/www.myrhythmdevice.org\/wp-content\/uploads\/2022\/02\/shutterstock_608377106-1-min.jpg\" \/>\n\t<meta property=\"og:image:width\" content=\"900\" \/>\n\t<meta property=\"og:image:height\" content=\"600\" \/>\n\t<meta property=\"og:image:type\" content=\"image\/jpeg\" \/>\n<meta name=\"twitter:card\" content=\"summary_large_image\" \/>\n<meta name=\"twitter:label1\" content=\"Tempo di lettura stimato\" \/>\n\t<meta name=\"twitter:data1\" content=\"1 minuto\" \/>\n<script type=\"application\/ld+json\" class=\"yoast-schema-graph\">{\"@context\":\"https:\/\/schema.org\",\"@graph\":[{\"@type\":\"WebPage\",\"@id\":\"https:\/\/www.myrhythmdevice.org\/it\/pacemaker\/come-funziona-un-pacemaker\/\",\"url\":\"https:\/\/www.myrhythmdevice.org\/it\/pacemaker\/come-funziona-un-pacemaker\/\",\"name\":\"Come funziona un pacemaker? | My Rhythm Device\",\"isPartOf\":{\"@id\":\"https:\/\/www.myrhythmdevice.org\/#website\"},\"primaryImageOfPage\":{\"@id\":\"https:\/\/www.myrhythmdevice.org\/it\/pacemaker\/come-funziona-un-pacemaker\/#primaryimage\"},\"image\":{\"@id\":\"https:\/\/www.myrhythmdevice.org\/it\/pacemaker\/come-funziona-un-pacemaker\/#primaryimage\"},\"thumbnailUrl\":\"https:\/\/www.myrhythmdevice.org\/wp-content\/uploads\/2022\/02\/shutterstock_608377106-1-min.jpg\",\"datePublished\":\"2023-08-23T15:15:34+00:00\",\"description\":\"Il pacemaker rileva ritmi cardiaci anomali. Quando i battiti sono troppo lenti, il dispositivo stimola il muscolo cardiaco che, in tal modo, corregge il ritmo rallentato.\",\"breadcrumb\":{\"@id\":\"https:\/\/www.myrhythmdevice.org\/it\/pacemaker\/come-funziona-un-pacemaker\/#breadcrumb\"},\"inLanguage\":\"it-IT\",\"potentialAction\":[{\"@type\":\"ReadAction\",\"target\":[\"https:\/\/www.myrhythmdevice.org\/it\/pacemaker\/come-funziona-un-pacemaker\/\"]}]},{\"@type\":\"ImageObject\",\"inLanguage\":\"it-IT\",\"@id\":\"https:\/\/www.myrhythmdevice.org\/it\/pacemaker\/come-funziona-un-pacemaker\/#primaryimage\",\"url\":\"https:\/\/www.myrhythmdevice.org\/wp-content\/uploads\/2022\/02\/shutterstock_608377106-1-min.jpg\",\"contentUrl\":\"https:\/\/www.myrhythmdevice.org\/wp-content\/uploads\/2022\/02\/shutterstock_608377106-1-min.jpg\",\"width\":900,\"height\":600},{\"@type\":\"BreadcrumbList\",\"@id\":\"https:\/\/www.myrhythmdevice.org\/it\/pacemaker\/come-funziona-un-pacemaker\/#breadcrumb\",\"itemListElement\":[{\"@type\":\"ListItem\",\"position\":1,\"name\":\"Home\",\"item\":\"https:\/\/www.myrhythmdevice.org\/it\/\"},{\"@type\":\"ListItem\",\"position\":2,\"name\":\"Pacemaker\",\"item\":\"https:\/\/www.myrhythmdevice.org\/it\/pacemaker\/\"},{\"@type\":\"ListItem\",\"position\":3,\"name\":\"Come funziona un pacemaker?\"}]},{\"@type\":\"WebSite\",\"@id\":\"https:\/\/www.myrhythmdevice.org\/#website\",\"url\":\"https:\/\/www.myrhythmdevice.org\/\",\"name\":\"myrhythmdevice.org\",\"description\":\"The website for patients with implanted cardiac devices, their caregivers and families.\",\"publisher\":{\"@id\":\"https:\/\/www.myrhythmdevice.org\/#organization\"},\"potentialAction\":[{\"@type\":\"SearchAction\",\"target\":{\"@type\":\"EntryPoint\",\"urlTemplate\":\"https:\/\/www.myrhythmdevice.org\/?s={search_term_string}\"},\"query-input\":{\"@type\":\"PropertyValueSpecification\",\"valueRequired\":true,\"valueName\":\"search_term_string\"}}],\"inLanguage\":\"it-IT\"},{\"@type\":\"Organization\",\"@id\":\"https:\/\/www.myrhythmdevice.org\/#organization\",\"name\":\"myrhythmdevice.org\",\"url\":\"https:\/\/www.myrhythmdevice.org\/\",\"logo\":{\"@type\":\"ImageObject\",\"inLanguage\":\"it-IT\",\"@id\":\"https:\/\/www.myrhythmdevice.org\/#\/schema\/logo\/image\/\",\"url\":\"https:\/\/cdn-endpoint-mrd.azureedge.net\/myrhythmdevice\/2022\/02\/LOGO-MRD.jpg\",\"contentUrl\":\"https:\/\/cdn-endpoint-mrd.azureedge.net\/myrhythmdevice\/2022\/02\/LOGO-MRD.jpg\",\"width\":1478,\"height\":326,\"caption\":\"myrhythmdevice.org\"},\"image\":{\"@id\":\"https:\/\/www.myrhythmdevice.org\/#\/schema\/logo\/image\/\"}}]}<\/script>\n<!-- \/ Yoast SEO plugin. -->","yoast_head_json":{"title":"Come funziona un pacemaker? | My Rhythm Device","description":"Il pacemaker rileva ritmi cardiaci anomali. Quando i battiti sono troppo lenti, il dispositivo stimola il muscolo cardiaco che, in tal modo, corregge il ritmo rallentato.","robots":{"index":"index","follow":"follow","max-snippet":"max-snippet:-1","max-image-preview":"max-image-preview:large","max-video-preview":"max-video-preview:-1"},"canonical":"https:\/\/www.myrhythmdevice.org\/it\/pacemaker\/come-funziona-un-pacemaker\/","og_locale":"it_IT","og_type":"article","og_title":"Come funziona un pacemaker? | My Rhythm Device","og_description":"Il pacemaker rileva ritmi cardiaci anomali. Quando i battiti sono troppo lenti, il dispositivo stimola il muscolo cardiaco che, in tal modo, corregge il ritmo rallentato.","og_url":"https:\/\/www.myrhythmdevice.org\/it\/pacemaker\/come-funziona-un-pacemaker\/","og_site_name":"myrhythmdevice.org","og_image":[{"width":900,"height":600,"url":"https:\/\/www.myrhythmdevice.org\/wp-content\/uploads\/2022\/02\/shutterstock_608377106-1-min.jpg","type":"image\/jpeg"}],"twitter_card":"summary_large_image","twitter_misc":{"Tempo di lettura stimato":"1 minuto"},"schema":{"@context":"https:\/\/schema.org","@graph":[{"@type":"WebPage","@id":"https:\/\/www.myrhythmdevice.org\/it\/pacemaker\/come-funziona-un-pacemaker\/","url":"https:\/\/www.myrhythmdevice.org\/it\/pacemaker\/come-funziona-un-pacemaker\/","name":"Come funziona un pacemaker? | My Rhythm Device","isPartOf":{"@id":"https:\/\/www.myrhythmdevice.org\/#website"},"primaryImageOfPage":{"@id":"https:\/\/www.myrhythmdevice.org\/it\/pacemaker\/come-funziona-un-pacemaker\/#primaryimage"},"image":{"@id":"https:\/\/www.myrhythmdevice.org\/it\/pacemaker\/come-funziona-un-pacemaker\/#primaryimage"},"thumbnailUrl":"https:\/\/www.myrhythmdevice.org\/wp-content\/uploads\/2022\/02\/shutterstock_608377106-1-min.jpg","datePublished":"2023-08-23T15:15:34+00:00","description":"Il pacemaker rileva ritmi cardiaci anomali. Quando i battiti sono troppo lenti, il dispositivo stimola il muscolo cardiaco che, in tal modo, corregge il ritmo rallentato.","breadcrumb":{"@id":"https:\/\/www.myrhythmdevice.org\/it\/pacemaker\/come-funziona-un-pacemaker\/#breadcrumb"},"inLanguage":"it-IT","potentialAction":[{"@type":"ReadAction","target":["https:\/\/www.myrhythmdevice.org\/it\/pacemaker\/come-funziona-un-pacemaker\/"]}]},{"@type":"ImageObject","inLanguage":"it-IT","@id":"https:\/\/www.myrhythmdevice.org\/it\/pacemaker\/come-funziona-un-pacemaker\/#primaryimage","url":"https:\/\/www.myrhythmdevice.org\/wp-content\/uploads\/2022\/02\/shutterstock_608377106-1-min.jpg","contentUrl":"https:\/\/www.myrhythmdevice.org\/wp-content\/uploads\/2022\/02\/shutterstock_608377106-1-min.jpg","width":900,"height":600},{"@type":"BreadcrumbList","@id":"https:\/\/www.myrhythmdevice.org\/it\/pacemaker\/come-funziona-un-pacemaker\/#breadcrumb","itemListElement":[{"@type":"ListItem","position":1,"name":"Home","item":"https:\/\/www.myrhythmdevice.org\/it\/"},{"@type":"ListItem","position":2,"name":"Pacemaker","item":"https:\/\/www.myrhythmdevice.org\/it\/pacemaker\/"},{"@type":"ListItem","position":3,"name":"Come funziona un pacemaker?"}]},{"@type":"WebSite","@id":"https:\/\/www.myrhythmdevice.org\/#website","url":"https:\/\/www.myrhythmdevice.org\/","name":"myrhythmdevice.org","description":"The website for patients with implanted cardiac devices, their caregivers and families.","publisher":{"@id":"https:\/\/www.myrhythmdevice.org\/#organization"},"potentialAction":[{"@type":"SearchAction","target":{"@type":"EntryPoint","urlTemplate":"https:\/\/www.myrhythmdevice.org\/?s={search_term_string}"},"query-input":{"@type":"PropertyValueSpecification","valueRequired":true,"valueName":"search_term_string"}}],"inLanguage":"it-IT"},{"@type":"Organization","@id":"https:\/\/www.myrhythmdevice.org\/#organization","name":"myrhythmdevice.org","url":"https:\/\/www.myrhythmdevice.org\/","logo":{"@type":"ImageObject","inLanguage":"it-IT","@id":"https:\/\/www.myrhythmdevice.org\/#\/schema\/logo\/image\/","url":"https:\/\/cdn-endpoint-mrd.azureedge.net\/myrhythmdevice\/2022\/02\/LOGO-MRD.jpg","contentUrl":"https:\/\/cdn-endpoint-mrd.azureedge.net\/myrhythmdevice\/2022\/02\/LOGO-MRD.jpg","width":1478,"height":326,"caption":"myrhythmdevice.org"},"image":{"@id":"https:\/\/www.myrhythmdevice.org\/#\/schema\/logo\/image\/"}}]}},"_links":{"self":[{"href":"https:\/\/www.myrhythmdevice.org\/it\/wp-json\/wp\/v2\/pages\/993","targetHints":{"allow":["GET"]}}],"collection":[{"href":"https:\/\/www.myrhythmdevice.org\/it\/wp-json\/wp\/v2\/pages"}],"about":[{"href":"https:\/\/www.myrhythmdevice.org\/it\/wp-json\/wp\/v2\/types\/page"}],"author":[{"embeddable":true,"href":"https:\/\/www.myrhythmdevice.org\/it\/wp-json\/wp\/v2\/users\/1"}],"replies":[{"embeddable":true,"href":"https:\/\/www.myrhythmdevice.org\/it\/wp-json\/wp\/v2\/comments?post=993"}],"version-history":[{"count":0,"href":"https:\/\/www.myrhythmdevice.org\/it\/wp-json\/wp\/v2\/pages\/993\/revisions"}],"up":[{"embeddable":true,"href":"https:\/\/www.myrhythmdevice.org\/it\/wp-json\/wp\/v2\/pages\/985"}],"wp:featuredmedia":[{"embeddable":true,"href":"https:\/\/www.myrhythmdevice.org\/it\/wp-json\/wp\/v2\/media\/904"}],"wp:attachment":[{"href":"https:\/\/www.myrhythmdevice.org\/it\/wp-json\/wp\/v2\/media?parent=993"}],"wp:term":[{"taxonomy":"category","embeddable":true,"href":"https:\/\/www.myrhythmdevice.org\/it\/wp-json\/wp\/v2\/categories?post=993"},{"taxonomy":"post_tag","embeddable":true,"href":"https:\/\/www.myrhythmdevice.org\/it\/wp-json\/wp\/v2\/tags?post=993"}],"curies":[{"name":"wp","href":"https:\/\/api.w.org\/{rel}","templated":true}]}}