{"id":989,"date":"2023-08-23T16:15:33","date_gmt":"2023-08-23T15:15:33","guid":{"rendered":"https:\/\/www.myrhythmdevice.org\/pacemaker\/quando-e-necessario-un-pacemaker\/"},"modified":"2023-08-23T16:15:33","modified_gmt":"2023-08-23T15:15:33","slug":"quando-e-necessario-un-pacemaker","status":"publish","type":"page","link":"https:\/\/www.myrhythmdevice.org\/it\/pacemaker\/quando-e-necessario-un-pacemaker\/","title":{"rendered":"Quando \u00e8 necessario un pacemaker?"},"content":{"rendered":"<h3>Quando il cuore batte lentamente<\/h3>\n<p><img loading=\"lazy\" decoding=\"async\" class=\"alignnone size-large wp-image-499\" src=\"https:\/\/cdn-endpoint-mrd.azureedge.net\/myrhythmdevice\/2022\/11\/mrd-pic-1024x261.png\" alt=\"\" width=\"1024\" height=\"261\" srcset=\"https:\/\/www.myrhythmdevice.org\/wp-content\/uploads\/2022\/11\/mrd-pic-1024x261.png 1024w, https:\/\/www.myrhythmdevice.org\/wp-content\/uploads\/2022\/11\/mrd-pic-300x77.png 300w, https:\/\/www.myrhythmdevice.org\/wp-content\/uploads\/2022\/11\/mrd-pic-768x196.png 768w, https:\/\/www.myrhythmdevice.org\/wp-content\/uploads\/2022\/11\/mrd-pic-1536x392.png 1536w, https:\/\/www.myrhythmdevice.org\/wp-content\/uploads\/2022\/11\/mrd-pic-600x153.png 600w, https:\/\/www.myrhythmdevice.org\/wp-content\/uploads\/2022\/11\/mrd-pic-900x230.png 900w, https:\/\/cdn-endpoint-mrd.azureedge.net\/myrhythmdevice\/2022\/11\/mrd-pic.png 1740w\" sizes=\"auto, (max-width: 1024px) 100vw, 1024px\" \/><\/p>\n<p>In alcuni pazienti il cuore batte troppo lentamente. I segnali elettrici possono seguire il normale sistema di conduzione del cuore partendo dal nodo del seno atriale e arrivando ai ventricoli, ma la frequenza dei segnali (battiti al minuto) prodotti nel nodo del seno atriale \u00e8 troppo bassa. Questa condizione \u00e8 nota come bradicardia sinusale. A volte, i segnali del cuore vengono prodotti al nodo del seno atriale con una frequenza normale, ma solo una parte di essi raggiunge i ventricoli. Questa condizione \u00e8 nota come blocco AV o blocco cardiaco.<\/p>\n<p>Il motivo pi\u00f9 comune alla base di un ritmo cardiaco lento \u00e8 il normale invecchiamento del cuore e del suo sistema di conduzione. Tuttavia, anche alcuni farmaci, ad esempio i beta-bloccanti, o diverse cardiopatie (ad esempio una malattia del muscolo cardiaco, un infarto del miocardio o alcune condizioni genetiche) possono causare un ritmo cardiaco lento che necessita di trattamento. Un ritmo cardiaco lento pu\u00f2 essere asintomatico, ma nella maggior parte dei casi pu\u00f2 causare sintomi come affaticamento, peggioramento delle condizioni fisiche, vertigini, svenimenti o addirittura, nei casi peggiori, arresto cardiaco (attacco di cuore). In alcuni casi, l&#8217;anomalia del ritmo cardiaco pu\u00f2 essere trattata affrontando la condizione che la causa (ad esempio, interrompendo l&#8217;assunzione del farmaco che scatena la reazione). Quando questa soluzione non \u00e8 praticabile o sufficiente,<a href=\"\/?page_id=80\"> pu\u00f2 essere necessario l&#8217;impiego di un dispositivo cardiaco chiamato pacemaker<\/a>.<\/p>\n<p>Solitamente, il pacemaker viene impiantato nei pazienti anziani, poich\u00e9 l&#8217;invecchiamento del cuore \u00e8 il motivo pi\u00f9 comune di disfunzione del sistema di conduzione normale. Tuttavia, anche i pazienti pi\u00f9 giovani possono averne bisogno, in particolare in presenza di un&#8217;altra patologia cardiaca o se sono stati sottoposti a un&#8217;operazione al cuore che ne ha influenzato il sistema di conduzione.<\/p>\n<h3 id=\"2\">Quando il cuore batte debolmente<\/h3>\n<p>In presenza di insufficienza cardiaca, il muscolo cardiaco spesso pompa in modo debole e non \u00e8 in grado di pompare abbastanza sangue ai polmoni o al resto del corpo. La situazione pu\u00f2 peggiorare quando la muscolatura dei ventricoli \u00e8 scoordinata a causa di problemi di conduzione elettrica attraverso il muscolo cardiaco (blocco di branca sinistra). Questa condizione \u00e8 chiamata dissincronia cardiaca o ventricolare.<\/p>\n<p>La dissincronia cardiaca pu\u00f2 peggiorare i sintomi dell&#8217;insufficienza cardiaca (respiro affannoso, affaticamento, vertigini, palpitazioni, caviglie e gambe gonfie, tosse, ecc.) I farmaci utilizzati per l&#8217;insufficienza cardiaca possono ridurre i sintomi e migliorare la funzionalit\u00e0 del cuore, ma in alcuni casi gravi pu\u00f2 essere necessario l&#8217;impianto di un dispositivo cardiaco, chiamato terapia di risincronizzazione cardiaca (Cardiac Resynchronization Therapy, CRT) o <a href=\"\/?page_id=80\">pacemaker biventricolare<\/a>.<\/p>\n","protected":false},"excerpt":{"rendered":"<p>Quando il cuore batte lentamente In alcuni pazienti il cuore batte troppo lentamente. I segnali elettrici possono seguire il normale sistema di conduzione del cuore partendo dal nodo del seno atriale e arrivando ai ventricoli, ma la frequenza dei segnali (battiti al minuto) prodotti nel nodo del seno atriale \u00e8 troppo bassa. Questa condizione \u00e8 [&hellip;]<\/p>\n","protected":false},"author":1,"featured_media":904,"parent":985,"menu_order":1,"comment_status":"closed","ping_status":"closed","template":"","meta":{"_acf_changed":false,"footnotes":""},"categories":[],"tags":[],"class_list":["post-989","page","type-page","status-publish","has-post-thumbnail","hentry"],"acf":[],"yoast_head":"<!-- This site is optimized with the Yoast SEO plugin v26.0 - https:\/\/yoast.com\/wordpress\/plugins\/seo\/ -->\n<title>Quando \u00e8 necessario un pacemaker? | My Rhythm Device<\/title>\n<meta name=\"description\" content=\"Per saperne di pi\u00f9 sui pacemaker e su quando questo dispositivo \u00e8 necessario.\" \/>\n<meta name=\"robots\" content=\"index, follow, max-snippet:-1, max-image-preview:large, max-video-preview:-1\" \/>\n<link rel=\"canonical\" href=\"https:\/\/www.myrhythmdevice.org\/it\/pacemaker\/quando-e-necessario-un-pacemaker\/\" \/>\n<meta property=\"og:locale\" content=\"it_IT\" \/>\n<meta property=\"og:type\" content=\"article\" \/>\n<meta property=\"og:title\" content=\"Quando \u00e8 necessario un pacemaker? | My Rhythm Device\" \/>\n<meta property=\"og:description\" content=\"Per saperne di pi\u00f9 sui pacemaker e su quando questo dispositivo \u00e8 necessario.\" \/>\n<meta property=\"og:url\" content=\"https:\/\/www.myrhythmdevice.org\/it\/pacemaker\/quando-e-necessario-un-pacemaker\/\" \/>\n<meta property=\"og:site_name\" content=\"myrhythmdevice.org\" \/>\n<meta property=\"og:image\" content=\"https:\/\/www.myrhythmdevice.org\/wp-content\/uploads\/2022\/02\/shutterstock_608377106-1-min.jpg\" \/>\n\t<meta property=\"og:image:width\" content=\"900\" \/>\n\t<meta property=\"og:image:height\" content=\"600\" \/>\n\t<meta property=\"og:image:type\" content=\"image\/jpeg\" \/>\n<meta name=\"twitter:card\" content=\"summary_large_image\" \/>\n<meta name=\"twitter:label1\" content=\"Tempo di lettura stimato\" \/>\n\t<meta name=\"twitter:data1\" content=\"2 minuti\" \/>\n<script type=\"application\/ld+json\" class=\"yoast-schema-graph\">{\"@context\":\"https:\/\/schema.org\",\"@graph\":[{\"@type\":\"WebPage\",\"@id\":\"https:\/\/www.myrhythmdevice.org\/it\/pacemaker\/quando-e-necessario-un-pacemaker\/\",\"url\":\"https:\/\/www.myrhythmdevice.org\/it\/pacemaker\/quando-e-necessario-un-pacemaker\/\",\"name\":\"Quando \u00e8 necessario un pacemaker? | My Rhythm Device\",\"isPartOf\":{\"@id\":\"https:\/\/www.myrhythmdevice.org\/#website\"},\"primaryImageOfPage\":{\"@id\":\"https:\/\/www.myrhythmdevice.org\/it\/pacemaker\/quando-e-necessario-un-pacemaker\/#primaryimage\"},\"image\":{\"@id\":\"https:\/\/www.myrhythmdevice.org\/it\/pacemaker\/quando-e-necessario-un-pacemaker\/#primaryimage\"},\"thumbnailUrl\":\"https:\/\/www.myrhythmdevice.org\/wp-content\/uploads\/2022\/02\/shutterstock_608377106-1-min.jpg\",\"datePublished\":\"2023-08-23T15:15:33+00:00\",\"description\":\"Per saperne di pi\u00f9 sui pacemaker e su quando questo dispositivo \u00e8 necessario.\",\"breadcrumb\":{\"@id\":\"https:\/\/www.myrhythmdevice.org\/it\/pacemaker\/quando-e-necessario-un-pacemaker\/#breadcrumb\"},\"inLanguage\":\"it-IT\",\"potentialAction\":[{\"@type\":\"ReadAction\",\"target\":[\"https:\/\/www.myrhythmdevice.org\/it\/pacemaker\/quando-e-necessario-un-pacemaker\/\"]}]},{\"@type\":\"ImageObject\",\"inLanguage\":\"it-IT\",\"@id\":\"https:\/\/www.myrhythmdevice.org\/it\/pacemaker\/quando-e-necessario-un-pacemaker\/#primaryimage\",\"url\":\"https:\/\/www.myrhythmdevice.org\/wp-content\/uploads\/2022\/02\/shutterstock_608377106-1-min.jpg\",\"contentUrl\":\"https:\/\/www.myrhythmdevice.org\/wp-content\/uploads\/2022\/02\/shutterstock_608377106-1-min.jpg\",\"width\":900,\"height\":600},{\"@type\":\"BreadcrumbList\",\"@id\":\"https:\/\/www.myrhythmdevice.org\/it\/pacemaker\/quando-e-necessario-un-pacemaker\/#breadcrumb\",\"itemListElement\":[{\"@type\":\"ListItem\",\"position\":1,\"name\":\"Home\",\"item\":\"https:\/\/www.myrhythmdevice.org\/it\/\"},{\"@type\":\"ListItem\",\"position\":2,\"name\":\"Pacemaker\",\"item\":\"https:\/\/www.myrhythmdevice.org\/it\/pacemaker\/\"},{\"@type\":\"ListItem\",\"position\":3,\"name\":\"Quando \u00e8 necessario un pacemaker?\"}]},{\"@type\":\"WebSite\",\"@id\":\"https:\/\/www.myrhythmdevice.org\/#website\",\"url\":\"https:\/\/www.myrhythmdevice.org\/\",\"name\":\"myrhythmdevice.org\",\"description\":\"The website for patients with implanted cardiac devices, their caregivers and families.\",\"publisher\":{\"@id\":\"https:\/\/www.myrhythmdevice.org\/#organization\"},\"potentialAction\":[{\"@type\":\"SearchAction\",\"target\":{\"@type\":\"EntryPoint\",\"urlTemplate\":\"https:\/\/www.myrhythmdevice.org\/?s={search_term_string}\"},\"query-input\":{\"@type\":\"PropertyValueSpecification\",\"valueRequired\":true,\"valueName\":\"search_term_string\"}}],\"inLanguage\":\"it-IT\"},{\"@type\":\"Organization\",\"@id\":\"https:\/\/www.myrhythmdevice.org\/#organization\",\"name\":\"myrhythmdevice.org\",\"url\":\"https:\/\/www.myrhythmdevice.org\/\",\"logo\":{\"@type\":\"ImageObject\",\"inLanguage\":\"it-IT\",\"@id\":\"https:\/\/www.myrhythmdevice.org\/#\/schema\/logo\/image\/\",\"url\":\"https:\/\/cdn-endpoint-mrd.azureedge.net\/myrhythmdevice\/2022\/02\/LOGO-MRD.jpg\",\"contentUrl\":\"https:\/\/cdn-endpoint-mrd.azureedge.net\/myrhythmdevice\/2022\/02\/LOGO-MRD.jpg\",\"width\":1478,\"height\":326,\"caption\":\"myrhythmdevice.org\"},\"image\":{\"@id\":\"https:\/\/www.myrhythmdevice.org\/#\/schema\/logo\/image\/\"}}]}<\/script>\n<!-- \/ Yoast SEO plugin. -->","yoast_head_json":{"title":"Quando \u00e8 necessario un pacemaker? | My Rhythm Device","description":"Per saperne di pi\u00f9 sui pacemaker e su quando questo dispositivo \u00e8 necessario.","robots":{"index":"index","follow":"follow","max-snippet":"max-snippet:-1","max-image-preview":"max-image-preview:large","max-video-preview":"max-video-preview:-1"},"canonical":"https:\/\/www.myrhythmdevice.org\/it\/pacemaker\/quando-e-necessario-un-pacemaker\/","og_locale":"it_IT","og_type":"article","og_title":"Quando \u00e8 necessario un pacemaker? | My Rhythm Device","og_description":"Per saperne di pi\u00f9 sui pacemaker e su quando questo dispositivo \u00e8 necessario.","og_url":"https:\/\/www.myrhythmdevice.org\/it\/pacemaker\/quando-e-necessario-un-pacemaker\/","og_site_name":"myrhythmdevice.org","og_image":[{"width":900,"height":600,"url":"https:\/\/www.myrhythmdevice.org\/wp-content\/uploads\/2022\/02\/shutterstock_608377106-1-min.jpg","type":"image\/jpeg"}],"twitter_card":"summary_large_image","twitter_misc":{"Tempo di lettura stimato":"2 minuti"},"schema":{"@context":"https:\/\/schema.org","@graph":[{"@type":"WebPage","@id":"https:\/\/www.myrhythmdevice.org\/it\/pacemaker\/quando-e-necessario-un-pacemaker\/","url":"https:\/\/www.myrhythmdevice.org\/it\/pacemaker\/quando-e-necessario-un-pacemaker\/","name":"Quando \u00e8 necessario un pacemaker? | My Rhythm Device","isPartOf":{"@id":"https:\/\/www.myrhythmdevice.org\/#website"},"primaryImageOfPage":{"@id":"https:\/\/www.myrhythmdevice.org\/it\/pacemaker\/quando-e-necessario-un-pacemaker\/#primaryimage"},"image":{"@id":"https:\/\/www.myrhythmdevice.org\/it\/pacemaker\/quando-e-necessario-un-pacemaker\/#primaryimage"},"thumbnailUrl":"https:\/\/www.myrhythmdevice.org\/wp-content\/uploads\/2022\/02\/shutterstock_608377106-1-min.jpg","datePublished":"2023-08-23T15:15:33+00:00","description":"Per saperne di pi\u00f9 sui pacemaker e su quando questo dispositivo \u00e8 necessario.","breadcrumb":{"@id":"https:\/\/www.myrhythmdevice.org\/it\/pacemaker\/quando-e-necessario-un-pacemaker\/#breadcrumb"},"inLanguage":"it-IT","potentialAction":[{"@type":"ReadAction","target":["https:\/\/www.myrhythmdevice.org\/it\/pacemaker\/quando-e-necessario-un-pacemaker\/"]}]},{"@type":"ImageObject","inLanguage":"it-IT","@id":"https:\/\/www.myrhythmdevice.org\/it\/pacemaker\/quando-e-necessario-un-pacemaker\/#primaryimage","url":"https:\/\/www.myrhythmdevice.org\/wp-content\/uploads\/2022\/02\/shutterstock_608377106-1-min.jpg","contentUrl":"https:\/\/www.myrhythmdevice.org\/wp-content\/uploads\/2022\/02\/shutterstock_608377106-1-min.jpg","width":900,"height":600},{"@type":"BreadcrumbList","@id":"https:\/\/www.myrhythmdevice.org\/it\/pacemaker\/quando-e-necessario-un-pacemaker\/#breadcrumb","itemListElement":[{"@type":"ListItem","position":1,"name":"Home","item":"https:\/\/www.myrhythmdevice.org\/it\/"},{"@type":"ListItem","position":2,"name":"Pacemaker","item":"https:\/\/www.myrhythmdevice.org\/it\/pacemaker\/"},{"@type":"ListItem","position":3,"name":"Quando \u00e8 necessario un pacemaker?"}]},{"@type":"WebSite","@id":"https:\/\/www.myrhythmdevice.org\/#website","url":"https:\/\/www.myrhythmdevice.org\/","name":"myrhythmdevice.org","description":"The website for patients with implanted cardiac devices, their caregivers and families.","publisher":{"@id":"https:\/\/www.myrhythmdevice.org\/#organization"},"potentialAction":[{"@type":"SearchAction","target":{"@type":"EntryPoint","urlTemplate":"https:\/\/www.myrhythmdevice.org\/?s={search_term_string}"},"query-input":{"@type":"PropertyValueSpecification","valueRequired":true,"valueName":"search_term_string"}}],"inLanguage":"it-IT"},{"@type":"Organization","@id":"https:\/\/www.myrhythmdevice.org\/#organization","name":"myrhythmdevice.org","url":"https:\/\/www.myrhythmdevice.org\/","logo":{"@type":"ImageObject","inLanguage":"it-IT","@id":"https:\/\/www.myrhythmdevice.org\/#\/schema\/logo\/image\/","url":"https:\/\/cdn-endpoint-mrd.azureedge.net\/myrhythmdevice\/2022\/02\/LOGO-MRD.jpg","contentUrl":"https:\/\/cdn-endpoint-mrd.azureedge.net\/myrhythmdevice\/2022\/02\/LOGO-MRD.jpg","width":1478,"height":326,"caption":"myrhythmdevice.org"},"image":{"@id":"https:\/\/www.myrhythmdevice.org\/#\/schema\/logo\/image\/"}}]}},"_links":{"self":[{"href":"https:\/\/www.myrhythmdevice.org\/it\/wp-json\/wp\/v2\/pages\/989","targetHints":{"allow":["GET"]}}],"collection":[{"href":"https:\/\/www.myrhythmdevice.org\/it\/wp-json\/wp\/v2\/pages"}],"about":[{"href":"https:\/\/www.myrhythmdevice.org\/it\/wp-json\/wp\/v2\/types\/page"}],"author":[{"embeddable":true,"href":"https:\/\/www.myrhythmdevice.org\/it\/wp-json\/wp\/v2\/users\/1"}],"replies":[{"embeddable":true,"href":"https:\/\/www.myrhythmdevice.org\/it\/wp-json\/wp\/v2\/comments?post=989"}],"version-history":[{"count":0,"href":"https:\/\/www.myrhythmdevice.org\/it\/wp-json\/wp\/v2\/pages\/989\/revisions"}],"up":[{"embeddable":true,"href":"https:\/\/www.myrhythmdevice.org\/it\/wp-json\/wp\/v2\/pages\/985"}],"wp:featuredmedia":[{"embeddable":true,"href":"https:\/\/www.myrhythmdevice.org\/it\/wp-json\/wp\/v2\/media\/904"}],"wp:attachment":[{"href":"https:\/\/www.myrhythmdevice.org\/it\/wp-json\/wp\/v2\/media?parent=989"}],"wp:term":[{"taxonomy":"category","embeddable":true,"href":"https:\/\/www.myrhythmdevice.org\/it\/wp-json\/wp\/v2\/categories?post=989"},{"taxonomy":"post_tag","embeddable":true,"href":"https:\/\/www.myrhythmdevice.org\/it\/wp-json\/wp\/v2\/tags?post=989"}],"curies":[{"name":"wp","href":"https:\/\/api.w.org\/{rel}","templated":true}]}}