{"id":988,"date":"2023-08-23T16:15:33","date_gmt":"2023-08-23T15:15:33","guid":{"rendered":"https:\/\/www.myrhythmdevice.org\/quando-e-necessario-un-dispositivo-cardiaco\/"},"modified":"2025-06-26T14:24:44","modified_gmt":"2025-06-26T13:24:44","slug":"quando-e-necessario-un-dispositivo-cardiaco","status":"publish","type":"page","link":"https:\/\/www.myrhythmdevice.org\/it\/cose-un-dispositivo-cardiaco\/quando-e-necessario-un-dispositivo-cardiaco\/","title":{"rendered":"Quando \u00e8 necessario un dispositivo cardiaco?"},"content":{"rendered":"<p>Sono molte le condizioni patologiche che possono essere trattate con l&#8217;utilizzo di un dispositivo cardiaco. Tali condizioni possono essere generalmente suddivise in quattro categorie:<\/p>\n<ul>\n<li><a href=\"#1\">condizioni in cui il cuore batte lentamente<\/a><\/li>\n<li><a href=\"#2\">condizioni in cui il cuore batte debolmente<\/a><\/li>\n<li><a href=\"#3\">condizioni in cui il cuore batte velocemente<\/a><\/li>\n<li><a href=\"#4\">condizioni in cui \u00e8 necessario monitorare il ritmo cardiaco per lungo tempo.<\/a><\/li>\n<\/ul>\n<h3 id=\"1\">Quando il cuore batte lentamente<\/h3>\n<p><img loading=\"lazy\" decoding=\"async\" class=\"alignnone wp-image-499\" src=\"https:\/\/cdn-endpoint-mrd.azureedge.net\/myrhythmdevice\/2022\/11\/mrd-pic-1024x261.png\" alt=\"\" width=\"706\" height=\"180\" srcset=\"https:\/\/www.myrhythmdevice.org\/wp-content\/uploads\/2022\/11\/mrd-pic-1024x261.png 1024w, https:\/\/www.myrhythmdevice.org\/wp-content\/uploads\/2022\/11\/mrd-pic-300x77.png 300w, https:\/\/www.myrhythmdevice.org\/wp-content\/uploads\/2022\/11\/mrd-pic-768x196.png 768w, https:\/\/www.myrhythmdevice.org\/wp-content\/uploads\/2022\/11\/mrd-pic-1536x392.png 1536w, https:\/\/www.myrhythmdevice.org\/wp-content\/uploads\/2022\/11\/mrd-pic-600x153.png 600w, https:\/\/www.myrhythmdevice.org\/wp-content\/uploads\/2022\/11\/mrd-pic-900x230.png 900w, https:\/\/cdn-endpoint-mrd.azureedge.net\/myrhythmdevice\/2022\/11\/mrd-pic.png 1740w\" sizes=\"auto, (max-width: 706px) 100vw, 706px\" \/><\/p>\n<p>In alcuni pazienti il cuore batte troppo lentamente. I segnali elettrici possono seguire il normale sistema di conduzione del cuore partendo dal nodo del seno atriale e arrivando ai ventricoli, ma la frequenza dei segnali (battiti al minuto) prodotti nel nodo del seno atriale \u00e8 troppo bassa. Questa condizione \u00e8 nota come bradicardia sinusale. A volte, i segnali del cuore vengono prodotti al nodo del seno atriale con una frequenza normale, ma solo una parte di essi raggiunge i ventricoli. Questa condizione \u00e8 nota come blocco AV o blocco cardiaco.<\/p>\n<p>Il motivo pi\u00f9 comune alla base di un ritmo cardiaco lento \u00e8 il normale invecchiamento del cuore e del suo sistema di conduzione. Tuttavia, anche alcuni farmaci, ad esempio i beta-bloccanti, o diverse cardiopatie (ad esempio una malattia del muscolo cardiaco, un infarto del miocardio o alcune condizioni genetiche) possono causare un ritmo cardiaco lento che necessita di essere trattato. Un ritmo cardiaco lento pu\u00f2 essere asintomatico, ma nella maggior parte dei casi provoca sintomi come affaticamento, diminuzione della tolleranza all&#8217;esercizio fisico, vertigini, svenimenti o addirittura, nei casi peggiori, arresto cardiaco. In alcuni casi, l&#8217;anomalia del ritmo cardiaco pu\u00f2 essere trattata affrontando la condizione che la causa (ad esempio, interrompendo l&#8217;assunzione del farmaco che scatena la reazione). Quando questa soluzione non \u00e8 praticabile o sufficiente, pu\u00f2 essere necessario l&#8217;impiego di <a href=\"https:\/\/www.myrhythmdevice.org\/it\/cose-un-dispositivo-cardiaco\/cose-un-pacemaker\/\">un dispositivo cardiaco chiamato pacemaker<\/a>.<\/p>\n<p>Solitamente, il pacemaker viene impiantato nei pazienti anziani, poich\u00e9 l&#8217;invecchiamento del cuore \u00e8 il motivo pi\u00f9 comune di disfunzione del sistema di conduzione normale. Tuttavia, anche i pazienti pi\u00f9 giovani possono averne bisogno, in particolare in presenza di un&#8217;altra patologia cardiaca o se sono stati sottoposti a un&#8217;operazione al cuore che ne ha influenzato il sistema di conduzione.<\/p>\n<h3 id=\"2\">Quando il cuore batte debolmente<\/h3>\n<p>In presenza di insufficienza cardiaca, il muscolo cardiaco spesso pompa in modo debole e non \u00e8 in grado di pompare abbastanza sangue ai polmoni o al resto del corpo. La situazione pu\u00f2 peggiorare quando la muscolatura dei ventricoli \u00e8 scoordinata a causa di problemi di conduzione elettrica attraverso il muscolo cardiaco (blocco di branca sinistra). Questa condizione \u00e8 chiamata dissincronia cardiaca o ventricolare.<\/p>\n<p>La dissincronia cardiaca pu\u00f2 peggiorare i sintomi dell&#8217;insufficienza cardiaca (respiro affannoso, affaticamento, vertigini, palpitazioni, caviglie e gambe gonfie, tosse, ecc.) I farmaci utilizzati per l&#8217;insufficienza cardiaca possono ridurre i sintomi e migliorare la funzionalit\u00e0 del cuore, ma in alcuni casi gravi pu\u00f2 essere necessario l&#8217;impianto di un dispositivo cardiaco, chiamato terapia di risincronizzazione cardiaca (Cardiac Resynchronization Therapy, CRT) o <a href=\"https:\/\/www.myrhythmdevice.org\/it\/cose-un-dispositivo-cardiaco\/cose-un-pacemaker\/\">pacemaker biventricolare<\/a>.<\/p>\n<h3 id=\"3\">Quando il cuore batte troppo velocemente<\/h3>\n<p><img loading=\"lazy\" decoding=\"async\" class=\"alignnone wp-image-74\" src=\"https:\/\/cdn-endpoint-mrd.azureedge.net\/myrhythmdevice\/2022\/02\/shutterstock_1978865867-1-min.jpg\" alt=\"\" width=\"600\" height=\"400\" srcset=\"https:\/\/cdn-endpoint-mrd.azureedge.net\/myrhythmdevice\/2022\/02\/shutterstock_1978865867-1-min.jpg 900w, https:\/\/www.myrhythmdevice.org\/wp-content\/uploads\/2022\/02\/shutterstock_1978865867-1-min-300x200.jpg 300w, https:\/\/www.myrhythmdevice.org\/wp-content\/uploads\/2022\/02\/shutterstock_1978865867-1-min-768x512.jpg 768w, https:\/\/www.myrhythmdevice.org\/wp-content\/uploads\/2022\/02\/shutterstock_1978865867-1-min-600x400.jpg 600w\" sizes=\"auto, (max-width: 600px) 100vw, 600px\" \/><\/p>\n<p>In molte situazioni \u00e8 normale avere un battito cardiaco accelerato. La frequenza cardiaca dovrebbe aumentare quando si svolge attivit\u00e0 fisica, si \u00e8 in uno stato di eccitazione o di stress. La frequenza cardiaca &#8220;naturale&#8221; pu\u00f2 essere pi\u00f9 veloce del solito quando una persona \u00e8 affetta da qualche patologia. Questo tipo di battito cardiaco accelerato \u00e8 dovuto al fatto che il pacemaker naturale del cuore, il nodo del seno atriale, lavora pi\u00f9 intensamente e utilizza il normale sistema di conduzione. Questa condizione \u00e8 chiamata tachicardia sinusale.<\/p>\n<p>A volte, per\u00f2, i segnali elettrici possono creare un &#8220;cortocircuito&#8221; all&#8217;interno o, in alcune circostanze, all&#8217;esterno del normale sistema di conduzione, rendendo il battito cardiaco troppo veloce. Queste aritmie accelerate sono comunemente dette &#8220;tachicardia&#8221;; di fatto, ne esistono diverse tipologie. La tachicardia non \u00e8 sempre pericolosa, ma pu\u00f2 causare disagio o, raramente, sintomi anche pi\u00f9 gravi. Quando la tachicardia inizia all&#8217;interno dei ventricoli (tachicardia ventricolare), i ventricoli possono rilassarsi e pompare cos\u00ec velocemente da non riuscire a pompare abbastanza sangue a ogni contrazione. Questa riduzione dell&#8217;apporto di sangue e ossigeno a tutto il corpo, compreso il cervello, pu\u00f2 talvolta causare una perdita di conoscenza (svenimento). Solo in casi molto rari la tachicardia ventricolare pu\u00f2 essere cos\u00ec veloce da causare un arresto cardiaco improvviso.<\/p>\n<p>Esistono numerose condizioni che possono causare ritmi cardiaci accelerati (tachicardie ventricolari) pericolosi. Una delle condizioni pi\u00f9 comuni \u00e8 l&#8217;infarto del miocardio (attacco cardiaco). Altre condizioni che predispongono alle tachicardie ventricolari sono l&#8217;insufficienza cardiaca, le malattie del muscolo cardiaco (ad esempio, l&#8217;ingrossamento del muscolo cardiaco), alcuni farmaci o anche condizioni genetiche che influenzano il sistema elettrico del cuore (come la sindrome del QT lungo, la sindrome di Brugada, ecc.). In alcuni casi, la causa del ritmo cardiaco accelerato \u00e8 sconosciuta.<\/p>\n<p>Quando la causa della tachicardia ventricolare \u00e8 irreversibile (ad esempio, quando si \u00e8 sviluppata una cicatrice permanente nel muscolo cardiaco dopo un infarto), i farmaci non sono sufficienti e il rischio di nuovi episodi di tachicardia ventricolare o di arresto cardiaco \u00e8 elevato, <a href=\"https:\/\/www.myrhythmdevice.org\/it\/cose-un-dispositivo-cardiaco\/cose-un-defibrillatore\/\">pu\u00f2 essere impiantato un cardiovertitore-defibrillatore impiantabile (ICD).<\/a>. Un ICD pu\u00f2 essere impiantato a qualsiasi et\u00e0, a seconda della condizione che causa le tachicardie.<\/p>\n<h3 id=\"4\">Quando \u00e8 necessario monitorare il ritmo cardiaco pi\u00f9 a lungo<\/h3>\n<p>A volte \u00e8 difficile diagnosticare un disturbo del ritmo cardiaco, sia esso accelerato o lento, perch\u00e9 l&#8217;evento si verifica raramente. Per esempio, una persona pu\u00f2 sentirsi mancare, svenire o sentire un battito cardiaco accelerato solo una volta ogni due settimane o mesi. In questi casi, un cardiofrequenzimetro portatile, indossato per alcuni giorni, spesso non riesce a rilevare un evento ed \u00e8 necessario ricorrere all&#8217;impianto di un <a href=\"https:\/\/www.myrhythmdevice.org\/it\/cose-un-dispositivo-cardiaco\/cose-un-monitor-cardiaco-impiantabile\/\">piccolo dispositivo atto a monitorare e registrare la frequenza cardiaca per un periodo di tempo pi\u00f9 lungo<\/a>.<\/p>\n","protected":false},"excerpt":{"rendered":"<p>Sono molte le condizioni patologiche che possono essere trattate con l&#8217;utilizzo di un dispositivo cardiaco. Tali condizioni possono essere generalmente suddivise in quattro categorie: condizioni in cui il cuore batte lentamente condizioni in cui il cuore batte debolmente condizioni in cui il cuore batte velocemente condizioni in cui \u00e8 necessario monitorare il ritmo cardiaco per [&hellip;]<\/p>\n","protected":false},"author":1,"featured_media":902,"parent":1009,"menu_order":2,"comment_status":"closed","ping_status":"closed","template":"","meta":{"_acf_changed":false,"footnotes":""},"categories":[],"tags":[],"class_list":["post-988","page","type-page","status-publish","has-post-thumbnail","hentry"],"acf":[],"yoast_head":"<!-- This site is optimized with the Yoast SEO plugin v25.3.1 - https:\/\/yoast.com\/wordpress\/plugins\/seo\/ -->\n<title>Quando \u00e8 necessario un dispositivo cardiaco? | My Rhythm Device<\/title>\n<meta name=\"description\" content=\"Informazioni sulle diverse condizioni patologiche trattabili con l&#039;utilizzo di un dispositivo cardiaco.\" \/>\n<meta name=\"robots\" content=\"index, follow, max-snippet:-1, max-image-preview:large, max-video-preview:-1\" \/>\n<link rel=\"canonical\" href=\"https:\/\/www.myrhythmdevice.org\/it\/cose-un-dispositivo-cardiaco\/quando-e-necessario-un-dispositivo-cardiaco\/\" \/>\n<meta property=\"og:locale\" content=\"it_IT\" \/>\n<meta property=\"og:type\" content=\"article\" \/>\n<meta property=\"og:title\" content=\"Quando \u00e8 necessario un dispositivo cardiaco? | My Rhythm Device\" \/>\n<meta property=\"og:description\" content=\"Informazioni sulle diverse condizioni patologiche trattabili con l&#039;utilizzo di un dispositivo cardiaco.\" \/>\n<meta property=\"og:url\" content=\"https:\/\/www.myrhythmdevice.org\/it\/cose-un-dispositivo-cardiaco\/quando-e-necessario-un-dispositivo-cardiaco\/\" \/>\n<meta property=\"og:site_name\" content=\"myrhythmdevice.org\" \/>\n<meta property=\"article:modified_time\" content=\"2025-06-26T13:24:44+00:00\" \/>\n<meta property=\"og:image\" content=\"https:\/\/www.myrhythmdevice.org\/wp-content\/uploads\/2022\/02\/shutterstock_1835823448-ai-min.jpg\" \/>\n\t<meta property=\"og:image:width\" content=\"900\" \/>\n\t<meta property=\"og:image:height\" content=\"307\" \/>\n\t<meta property=\"og:image:type\" content=\"image\/jpeg\" \/>\n<meta name=\"twitter:card\" content=\"summary_large_image\" \/>\n<meta name=\"twitter:label1\" content=\"Tempo di lettura stimato\" \/>\n\t<meta name=\"twitter:data1\" content=\"5 minuti\" \/>\n<script type=\"application\/ld+json\" class=\"yoast-schema-graph\">{\"@context\":\"https:\/\/schema.org\",\"@graph\":[{\"@type\":\"WebPage\",\"@id\":\"https:\/\/www.myrhythmdevice.org\/it\/cose-un-dispositivo-cardiaco\/quando-e-necessario-un-dispositivo-cardiaco\/\",\"url\":\"https:\/\/www.myrhythmdevice.org\/it\/cose-un-dispositivo-cardiaco\/quando-e-necessario-un-dispositivo-cardiaco\/\",\"name\":\"Quando \u00e8 necessario un dispositivo cardiaco? | My Rhythm Device\",\"isPartOf\":{\"@id\":\"https:\/\/www.myrhythmdevice.org\/#website\"},\"primaryImageOfPage\":{\"@id\":\"https:\/\/www.myrhythmdevice.org\/it\/cose-un-dispositivo-cardiaco\/quando-e-necessario-un-dispositivo-cardiaco\/#primaryimage\"},\"image\":{\"@id\":\"https:\/\/www.myrhythmdevice.org\/it\/cose-un-dispositivo-cardiaco\/quando-e-necessario-un-dispositivo-cardiaco\/#primaryimage\"},\"thumbnailUrl\":\"https:\/\/www.myrhythmdevice.org\/wp-content\/uploads\/2022\/02\/shutterstock_1835823448-ai-min.jpg\",\"datePublished\":\"2023-08-23T15:15:33+00:00\",\"dateModified\":\"2025-06-26T13:24:44+00:00\",\"description\":\"Informazioni sulle diverse condizioni patologiche trattabili con l'utilizzo di un dispositivo cardiaco.\",\"breadcrumb\":{\"@id\":\"https:\/\/www.myrhythmdevice.org\/it\/cose-un-dispositivo-cardiaco\/quando-e-necessario-un-dispositivo-cardiaco\/#breadcrumb\"},\"inLanguage\":\"it-IT\",\"potentialAction\":[{\"@type\":\"ReadAction\",\"target\":[\"https:\/\/www.myrhythmdevice.org\/it\/cose-un-dispositivo-cardiaco\/quando-e-necessario-un-dispositivo-cardiaco\/\"]}]},{\"@type\":\"ImageObject\",\"inLanguage\":\"it-IT\",\"@id\":\"https:\/\/www.myrhythmdevice.org\/it\/cose-un-dispositivo-cardiaco\/quando-e-necessario-un-dispositivo-cardiaco\/#primaryimage\",\"url\":\"https:\/\/www.myrhythmdevice.org\/wp-content\/uploads\/2022\/02\/shutterstock_1835823448-ai-min.jpg\",\"contentUrl\":\"https:\/\/www.myrhythmdevice.org\/wp-content\/uploads\/2022\/02\/shutterstock_1835823448-ai-min.jpg\",\"width\":900,\"height\":307},{\"@type\":\"BreadcrumbList\",\"@id\":\"https:\/\/www.myrhythmdevice.org\/it\/cose-un-dispositivo-cardiaco\/quando-e-necessario-un-dispositivo-cardiaco\/#breadcrumb\",\"itemListElement\":[{\"@type\":\"ListItem\",\"position\":1,\"name\":\"Home\",\"item\":\"https:\/\/www.myrhythmdevice.org\/it\/\"},{\"@type\":\"ListItem\",\"position\":2,\"name\":\"Cos&#8217;\u00e8 un dispositivo cardiaco?\",\"item\":\"https:\/\/www.myrhythmdevice.org\/it\/cose-un-dispositivo-cardiaco\/\"},{\"@type\":\"ListItem\",\"position\":3,\"name\":\"Quando \u00e8 necessario un dispositivo cardiaco?\"}]},{\"@type\":\"WebSite\",\"@id\":\"https:\/\/www.myrhythmdevice.org\/#website\",\"url\":\"https:\/\/www.myrhythmdevice.org\/\",\"name\":\"myrhythmdevice.org\",\"description\":\"The website for patients with implanted cardiac devices, their caregivers and families.\",\"publisher\":{\"@id\":\"https:\/\/www.myrhythmdevice.org\/#organization\"},\"potentialAction\":[{\"@type\":\"SearchAction\",\"target\":{\"@type\":\"EntryPoint\",\"urlTemplate\":\"https:\/\/www.myrhythmdevice.org\/?s={search_term_string}\"},\"query-input\":{\"@type\":\"PropertyValueSpecification\",\"valueRequired\":true,\"valueName\":\"search_term_string\"}}],\"inLanguage\":\"it-IT\"},{\"@type\":\"Organization\",\"@id\":\"https:\/\/www.myrhythmdevice.org\/#organization\",\"name\":\"myrhythmdevice.org\",\"url\":\"https:\/\/www.myrhythmdevice.org\/\",\"logo\":{\"@type\":\"ImageObject\",\"inLanguage\":\"it-IT\",\"@id\":\"https:\/\/www.myrhythmdevice.org\/#\/schema\/logo\/image\/\",\"url\":\"https:\/\/cdn-endpoint-mrd.azureedge.net\/myrhythmdevice\/2022\/02\/LOGO-MRD.jpg\",\"contentUrl\":\"https:\/\/cdn-endpoint-mrd.azureedge.net\/myrhythmdevice\/2022\/02\/LOGO-MRD.jpg\",\"width\":1478,\"height\":326,\"caption\":\"myrhythmdevice.org\"},\"image\":{\"@id\":\"https:\/\/www.myrhythmdevice.org\/#\/schema\/logo\/image\/\"}}]}<\/script>\n<!-- \/ Yoast SEO plugin. -->","yoast_head_json":{"title":"Quando \u00e8 necessario un dispositivo cardiaco? | My Rhythm Device","description":"Informazioni sulle diverse condizioni patologiche trattabili con l'utilizzo di un dispositivo cardiaco.","robots":{"index":"index","follow":"follow","max-snippet":"max-snippet:-1","max-image-preview":"max-image-preview:large","max-video-preview":"max-video-preview:-1"},"canonical":"https:\/\/www.myrhythmdevice.org\/it\/cose-un-dispositivo-cardiaco\/quando-e-necessario-un-dispositivo-cardiaco\/","og_locale":"it_IT","og_type":"article","og_title":"Quando \u00e8 necessario un dispositivo cardiaco? | My Rhythm Device","og_description":"Informazioni sulle diverse condizioni patologiche trattabili con l'utilizzo di un dispositivo cardiaco.","og_url":"https:\/\/www.myrhythmdevice.org\/it\/cose-un-dispositivo-cardiaco\/quando-e-necessario-un-dispositivo-cardiaco\/","og_site_name":"myrhythmdevice.org","article_modified_time":"2025-06-26T13:24:44+00:00","og_image":[{"width":900,"height":307,"url":"https:\/\/www.myrhythmdevice.org\/wp-content\/uploads\/2022\/02\/shutterstock_1835823448-ai-min.jpg","type":"image\/jpeg"}],"twitter_card":"summary_large_image","twitter_misc":{"Tempo di lettura stimato":"5 minuti"},"schema":{"@context":"https:\/\/schema.org","@graph":[{"@type":"WebPage","@id":"https:\/\/www.myrhythmdevice.org\/it\/cose-un-dispositivo-cardiaco\/quando-e-necessario-un-dispositivo-cardiaco\/","url":"https:\/\/www.myrhythmdevice.org\/it\/cose-un-dispositivo-cardiaco\/quando-e-necessario-un-dispositivo-cardiaco\/","name":"Quando \u00e8 necessario un dispositivo cardiaco? | My Rhythm Device","isPartOf":{"@id":"https:\/\/www.myrhythmdevice.org\/#website"},"primaryImageOfPage":{"@id":"https:\/\/www.myrhythmdevice.org\/it\/cose-un-dispositivo-cardiaco\/quando-e-necessario-un-dispositivo-cardiaco\/#primaryimage"},"image":{"@id":"https:\/\/www.myrhythmdevice.org\/it\/cose-un-dispositivo-cardiaco\/quando-e-necessario-un-dispositivo-cardiaco\/#primaryimage"},"thumbnailUrl":"https:\/\/www.myrhythmdevice.org\/wp-content\/uploads\/2022\/02\/shutterstock_1835823448-ai-min.jpg","datePublished":"2023-08-23T15:15:33+00:00","dateModified":"2025-06-26T13:24:44+00:00","description":"Informazioni sulle diverse condizioni patologiche trattabili con l'utilizzo di un dispositivo cardiaco.","breadcrumb":{"@id":"https:\/\/www.myrhythmdevice.org\/it\/cose-un-dispositivo-cardiaco\/quando-e-necessario-un-dispositivo-cardiaco\/#breadcrumb"},"inLanguage":"it-IT","potentialAction":[{"@type":"ReadAction","target":["https:\/\/www.myrhythmdevice.org\/it\/cose-un-dispositivo-cardiaco\/quando-e-necessario-un-dispositivo-cardiaco\/"]}]},{"@type":"ImageObject","inLanguage":"it-IT","@id":"https:\/\/www.myrhythmdevice.org\/it\/cose-un-dispositivo-cardiaco\/quando-e-necessario-un-dispositivo-cardiaco\/#primaryimage","url":"https:\/\/www.myrhythmdevice.org\/wp-content\/uploads\/2022\/02\/shutterstock_1835823448-ai-min.jpg","contentUrl":"https:\/\/www.myrhythmdevice.org\/wp-content\/uploads\/2022\/02\/shutterstock_1835823448-ai-min.jpg","width":900,"height":307},{"@type":"BreadcrumbList","@id":"https:\/\/www.myrhythmdevice.org\/it\/cose-un-dispositivo-cardiaco\/quando-e-necessario-un-dispositivo-cardiaco\/#breadcrumb","itemListElement":[{"@type":"ListItem","position":1,"name":"Home","item":"https:\/\/www.myrhythmdevice.org\/it\/"},{"@type":"ListItem","position":2,"name":"Cos&#8217;\u00e8 un dispositivo cardiaco?","item":"https:\/\/www.myrhythmdevice.org\/it\/cose-un-dispositivo-cardiaco\/"},{"@type":"ListItem","position":3,"name":"Quando \u00e8 necessario un dispositivo cardiaco?"}]},{"@type":"WebSite","@id":"https:\/\/www.myrhythmdevice.org\/#website","url":"https:\/\/www.myrhythmdevice.org\/","name":"myrhythmdevice.org","description":"The website for patients with implanted cardiac devices, their caregivers and families.","publisher":{"@id":"https:\/\/www.myrhythmdevice.org\/#organization"},"potentialAction":[{"@type":"SearchAction","target":{"@type":"EntryPoint","urlTemplate":"https:\/\/www.myrhythmdevice.org\/?s={search_term_string}"},"query-input":{"@type":"PropertyValueSpecification","valueRequired":true,"valueName":"search_term_string"}}],"inLanguage":"it-IT"},{"@type":"Organization","@id":"https:\/\/www.myrhythmdevice.org\/#organization","name":"myrhythmdevice.org","url":"https:\/\/www.myrhythmdevice.org\/","logo":{"@type":"ImageObject","inLanguage":"it-IT","@id":"https:\/\/www.myrhythmdevice.org\/#\/schema\/logo\/image\/","url":"https:\/\/cdn-endpoint-mrd.azureedge.net\/myrhythmdevice\/2022\/02\/LOGO-MRD.jpg","contentUrl":"https:\/\/cdn-endpoint-mrd.azureedge.net\/myrhythmdevice\/2022\/02\/LOGO-MRD.jpg","width":1478,"height":326,"caption":"myrhythmdevice.org"},"image":{"@id":"https:\/\/www.myrhythmdevice.org\/#\/schema\/logo\/image\/"}}]}},"_links":{"self":[{"href":"https:\/\/www.myrhythmdevice.org\/it\/wp-json\/wp\/v2\/pages\/988","targetHints":{"allow":["GET"]}}],"collection":[{"href":"https:\/\/www.myrhythmdevice.org\/it\/wp-json\/wp\/v2\/pages"}],"about":[{"href":"https:\/\/www.myrhythmdevice.org\/it\/wp-json\/wp\/v2\/types\/page"}],"author":[{"embeddable":true,"href":"https:\/\/www.myrhythmdevice.org\/it\/wp-json\/wp\/v2\/users\/1"}],"replies":[{"embeddable":true,"href":"https:\/\/www.myrhythmdevice.org\/it\/wp-json\/wp\/v2\/comments?post=988"}],"version-history":[{"count":1,"href":"https:\/\/www.myrhythmdevice.org\/it\/wp-json\/wp\/v2\/pages\/988\/revisions"}],"predecessor-version":[{"id":1239,"href":"https:\/\/www.myrhythmdevice.org\/it\/wp-json\/wp\/v2\/pages\/988\/revisions\/1239"}],"up":[{"embeddable":true,"href":"https:\/\/www.myrhythmdevice.org\/it\/wp-json\/wp\/v2\/pages\/1009"}],"wp:featuredmedia":[{"embeddable":true,"href":"https:\/\/www.myrhythmdevice.org\/it\/wp-json\/wp\/v2\/media\/902"}],"wp:attachment":[{"href":"https:\/\/www.myrhythmdevice.org\/it\/wp-json\/wp\/v2\/media?parent=988"}],"wp:term":[{"taxonomy":"category","embeddable":true,"href":"https:\/\/www.myrhythmdevice.org\/it\/wp-json\/wp\/v2\/categories?post=988"},{"taxonomy":"post_tag","embeddable":true,"href":"https:\/\/www.myrhythmdevice.org\/it\/wp-json\/wp\/v2\/tags?post=988"}],"curies":[{"name":"wp","href":"https:\/\/api.w.org\/{rel}","templated":true}]}}