{"id":983,"date":"2023-08-23T16:15:31","date_gmt":"2023-08-23T15:15:31","guid":{"rendered":"https:\/\/www.myrhythmdevice.org\/cosa-succede-se-si-riceve-una-scarica-elettrica-da-un-icd\/"},"modified":"2023-08-23T16:15:31","modified_gmt":"2023-08-23T15:15:31","slug":"cosa-succede-se-si-riceve-una-scarica-elettrica-da-un-icd","status":"publish","type":"page","link":"https:\/\/www.myrhythmdevice.org\/it\/icd\/cosa-succede-se-si-riceve-una-scarica-elettrica-da-un-icd\/","title":{"rendered":"Cosa succede se si riceve una scarica elettrica da un ICD?"},"content":{"rendered":"<p><img loading=\"lazy\" decoding=\"async\" class=\"aligncenter wp-image-159\" src=\"https:\/\/cdn-endpoint-mrd.azureedge.net\/myrhythmdevice\/2022\/02\/shutterstock_1401918872-1-min.jpg\" alt=\"\" width=\"500\" height=\"281\" srcset=\"https:\/\/cdn-endpoint-mrd.azureedge.net\/myrhythmdevice\/2022\/02\/shutterstock_1401918872-1-min.jpg 900w, https:\/\/www.myrhythmdevice.org\/wp-content\/uploads\/2022\/02\/shutterstock_1401918872-1-min-300x169.jpg 300w, https:\/\/www.myrhythmdevice.org\/wp-content\/uploads\/2022\/02\/shutterstock_1401918872-1-min-768x432.jpg 768w, https:\/\/www.myrhythmdevice.org\/wp-content\/uploads\/2022\/02\/shutterstock_1401918872-1-min-600x337.jpg 600w\" sizes=\"auto, (max-width: 500px) 100vw, 500px\" \/><\/p>\n<p>Ricevere una scarica elettrica da parte del defibrillatore \u00e8 un evento che pu\u00f2 verificarsi dopo l&#8217;installazione di questo tipo di dispositivo. Nella grandissima parte dei casi, ci\u00f2 \u00e8 dovuto al fatto che il dispositivo ha rilevato un&#8217;aritmia potenzialmente letale e ha dovuto generare una scarica elettrica per bloccarla. Esistono numerose precauzioni da adottare dopo aver ricevuto una scarica elettrica da ICD. Prima di tutto, \u00e8 importante che le persone presenti si assicurino che il paziente sia tornato a una condizione di normalit\u00e0, accertandosi che non si sia verificato un trauma troppo grave in caso di caduta da perdita di coscienza prima della scarica elettrica. Inoltre, si raccomanda che il paziente rimanga tranquillo per alcune ore dopo aver ricevuto una scarica elettrica, e che venga messo in sicurezza per raggiungere una condizione stabile. A seconda dei consigli del medico e del centro dal quale \u00e8 seguito, il paziente pu\u00f2 segnalare quanto avvenuto e ricevere istruzioni in merito. Qualora si verifichi una nuova scarica elettrica a distanza di poche ore dalla prima, in genere si consiglia di recarsi presso una struttura in grado di supportare pazienti con dispositivi ICD.<\/p>\n<p>Nel caso sia stato impiantato un defibrillatore dotato di un dispositivo di monitoraggio a distanza si consiglia di mettersi in contatto con il centro presso il quale si \u00e8 in cura per elaborare i dati trasmessi dall&#8217;ICD.<\/p>\n<p>In rari casi, la scarica elettrica pu\u00f2 essere inappropriata, ovvero pu\u00f2 essere stata generata quando in realt\u00e0 non si \u00e8 verificata un&#8217;aritmia ventricolare che la rendesse necessaria. Ci\u00f2 pu\u00f2 essere dovuto a un&#8217;aritmia sopraventricolare (disturbo del ritmo cardiaco che ha origine nelle camere superiori del cuore) o a segnali male interpretati dal dispositivo. Solo l&#8217;attenta analisi dei segnali registrati dal dispositivo al momento della scarica elettrica faranno s\u00ec che sia possibile stabilirne l&#8217;eventuale inappropriatezza. In tal caso, il medico discuter\u00e0 con il paziente come evitare che il fenomeno si verifichi nuovamente. In generale, si tratta di effettuare una nuova programmazione e, in casi eccezionali, un nuovo intervento.<\/p>\n<p>In entrambi i casi, se il paziente presenta di sintomi persistenti (dispnea, angina) o ha riportato un trauma cranico ed \u00e8 in terapia con anticoagulanti, \u00e8 bene prendere in considerazione l&#8217;idea di rivolgersi a un medico, ad esempio contattando il pronto soccorso dell&#8217;ospedale di riferimento.<\/p>\n","protected":false},"excerpt":{"rendered":"<p>Ricevere una scarica elettrica da parte del defibrillatore \u00e8 un evento che pu\u00f2 verificarsi dopo l&#8217;installazione di questo tipo di dispositivo. Nella grandissima parte dei casi, ci\u00f2 \u00e8 dovuto al fatto che il dispositivo ha rilevato un&#8217;aritmia potenzialmente letale e ha dovuto generare una scarica elettrica per bloccarla. Esistono numerose precauzioni da adottare dopo aver [&hellip;]<\/p>\n","protected":false},"author":1,"featured_media":922,"parent":982,"menu_order":5,"comment_status":"closed","ping_status":"closed","template":"","meta":{"_acf_changed":false,"footnotes":""},"categories":[],"tags":[],"class_list":["post-983","page","type-page","status-publish","has-post-thumbnail","hentry"],"acf":[],"yoast_head":"<!-- This site is optimized with the Yoast SEO plugin v25.3.1 - https:\/\/yoast.com\/wordpress\/plugins\/seo\/ -->\n<title>Cosa succede se si riceve una scarica elettrica da un ICD? | My Rhythm Device<\/title>\n<meta name=\"description\" content=\"Pu\u00f2 succedere di ricevere una scarica elettrica da parte del defibrillatore, dopo l&#039;installazione di questo tipo di dispositivo. Esistono numerose precauzioni da adottare dopo aver ricevuto una scarica elettrica da ICD.\" \/>\n<meta name=\"robots\" content=\"index, follow, max-snippet:-1, max-image-preview:large, max-video-preview:-1\" \/>\n<link rel=\"canonical\" href=\"https:\/\/www.myrhythmdevice.org\/it\/icd\/cosa-succede-se-si-riceve-una-scarica-elettrica-da-un-icd\/\" \/>\n<meta property=\"og:locale\" content=\"it_IT\" \/>\n<meta property=\"og:type\" content=\"article\" \/>\n<meta property=\"og:title\" content=\"Cosa succede se si riceve una scarica elettrica da un ICD? | My Rhythm Device\" \/>\n<meta property=\"og:description\" content=\"Pu\u00f2 succedere di ricevere una scarica elettrica da parte del defibrillatore, dopo l&#039;installazione di questo tipo di dispositivo. Esistono numerose precauzioni da adottare dopo aver ricevuto una scarica elettrica da ICD.\" \/>\n<meta property=\"og:url\" content=\"https:\/\/www.myrhythmdevice.org\/it\/icd\/cosa-succede-se-si-riceve-una-scarica-elettrica-da-un-icd\/\" \/>\n<meta property=\"og:site_name\" content=\"myrhythmdevice.org\" \/>\n<meta property=\"og:image\" content=\"https:\/\/www.myrhythmdevice.org\/wp-content\/uploads\/2022\/02\/shutterstock_1401918872-1-min.jpg\" \/>\n\t<meta property=\"og:image:width\" content=\"900\" \/>\n\t<meta property=\"og:image:height\" content=\"506\" \/>\n\t<meta property=\"og:image:type\" content=\"image\/jpeg\" \/>\n<meta name=\"twitter:card\" content=\"summary_large_image\" \/>\n<meta name=\"twitter:label1\" content=\"Tempo di lettura stimato\" \/>\n\t<meta name=\"twitter:data1\" content=\"2 minuti\" \/>\n<script type=\"application\/ld+json\" class=\"yoast-schema-graph\">{\"@context\":\"https:\/\/schema.org\",\"@graph\":[{\"@type\":\"WebPage\",\"@id\":\"https:\/\/www.myrhythmdevice.org\/it\/icd\/cosa-succede-se-si-riceve-una-scarica-elettrica-da-un-icd\/\",\"url\":\"https:\/\/www.myrhythmdevice.org\/it\/icd\/cosa-succede-se-si-riceve-una-scarica-elettrica-da-un-icd\/\",\"name\":\"Cosa succede se si riceve una scarica elettrica da un ICD? | My Rhythm Device\",\"isPartOf\":{\"@id\":\"https:\/\/www.myrhythmdevice.org\/#website\"},\"primaryImageOfPage\":{\"@id\":\"https:\/\/www.myrhythmdevice.org\/it\/icd\/cosa-succede-se-si-riceve-una-scarica-elettrica-da-un-icd\/#primaryimage\"},\"image\":{\"@id\":\"https:\/\/www.myrhythmdevice.org\/it\/icd\/cosa-succede-se-si-riceve-una-scarica-elettrica-da-un-icd\/#primaryimage\"},\"thumbnailUrl\":\"https:\/\/www.myrhythmdevice.org\/wp-content\/uploads\/2022\/02\/shutterstock_1401918872-1-min.jpg\",\"datePublished\":\"2023-08-23T15:15:31+00:00\",\"description\":\"Pu\u00f2 succedere di ricevere una scarica elettrica da parte del defibrillatore, dopo l'installazione di questo tipo di dispositivo. Esistono numerose precauzioni da adottare dopo aver ricevuto una scarica elettrica da ICD.\",\"breadcrumb\":{\"@id\":\"https:\/\/www.myrhythmdevice.org\/it\/icd\/cosa-succede-se-si-riceve-una-scarica-elettrica-da-un-icd\/#breadcrumb\"},\"inLanguage\":\"it-IT\",\"potentialAction\":[{\"@type\":\"ReadAction\",\"target\":[\"https:\/\/www.myrhythmdevice.org\/it\/icd\/cosa-succede-se-si-riceve-una-scarica-elettrica-da-un-icd\/\"]}]},{\"@type\":\"ImageObject\",\"inLanguage\":\"it-IT\",\"@id\":\"https:\/\/www.myrhythmdevice.org\/it\/icd\/cosa-succede-se-si-riceve-una-scarica-elettrica-da-un-icd\/#primaryimage\",\"url\":\"https:\/\/www.myrhythmdevice.org\/wp-content\/uploads\/2022\/02\/shutterstock_1401918872-1-min.jpg\",\"contentUrl\":\"https:\/\/www.myrhythmdevice.org\/wp-content\/uploads\/2022\/02\/shutterstock_1401918872-1-min.jpg\",\"width\":900,\"height\":506},{\"@type\":\"BreadcrumbList\",\"@id\":\"https:\/\/www.myrhythmdevice.org\/it\/icd\/cosa-succede-se-si-riceve-una-scarica-elettrica-da-un-icd\/#breadcrumb\",\"itemListElement\":[{\"@type\":\"ListItem\",\"position\":1,\"name\":\"Home\",\"item\":\"https:\/\/www.myrhythmdevice.org\/it\/\"},{\"@type\":\"ListItem\",\"position\":2,\"name\":\"ICD\",\"item\":\"https:\/\/www.myrhythmdevice.org\/it\/icd\/\"},{\"@type\":\"ListItem\",\"position\":3,\"name\":\"Cosa succede se si riceve una scarica elettrica da un ICD?\"}]},{\"@type\":\"WebSite\",\"@id\":\"https:\/\/www.myrhythmdevice.org\/#website\",\"url\":\"https:\/\/www.myrhythmdevice.org\/\",\"name\":\"myrhythmdevice.org\",\"description\":\"The website for patients with implanted cardiac devices, their caregivers and families.\",\"publisher\":{\"@id\":\"https:\/\/www.myrhythmdevice.org\/#organization\"},\"potentialAction\":[{\"@type\":\"SearchAction\",\"target\":{\"@type\":\"EntryPoint\",\"urlTemplate\":\"https:\/\/www.myrhythmdevice.org\/?s={search_term_string}\"},\"query-input\":{\"@type\":\"PropertyValueSpecification\",\"valueRequired\":true,\"valueName\":\"search_term_string\"}}],\"inLanguage\":\"it-IT\"},{\"@type\":\"Organization\",\"@id\":\"https:\/\/www.myrhythmdevice.org\/#organization\",\"name\":\"myrhythmdevice.org\",\"url\":\"https:\/\/www.myrhythmdevice.org\/\",\"logo\":{\"@type\":\"ImageObject\",\"inLanguage\":\"it-IT\",\"@id\":\"https:\/\/www.myrhythmdevice.org\/#\/schema\/logo\/image\/\",\"url\":\"https:\/\/cdn-endpoint-mrd.azureedge.net\/myrhythmdevice\/2022\/02\/LOGO-MRD.jpg\",\"contentUrl\":\"https:\/\/cdn-endpoint-mrd.azureedge.net\/myrhythmdevice\/2022\/02\/LOGO-MRD.jpg\",\"width\":1478,\"height\":326,\"caption\":\"myrhythmdevice.org\"},\"image\":{\"@id\":\"https:\/\/www.myrhythmdevice.org\/#\/schema\/logo\/image\/\"}}]}<\/script>\n<!-- \/ Yoast SEO plugin. -->","yoast_head_json":{"title":"Cosa succede se si riceve una scarica elettrica da un ICD? | My Rhythm Device","description":"Pu\u00f2 succedere di ricevere una scarica elettrica da parte del defibrillatore, dopo l'installazione di questo tipo di dispositivo. Esistono numerose precauzioni da adottare dopo aver ricevuto una scarica elettrica da ICD.","robots":{"index":"index","follow":"follow","max-snippet":"max-snippet:-1","max-image-preview":"max-image-preview:large","max-video-preview":"max-video-preview:-1"},"canonical":"https:\/\/www.myrhythmdevice.org\/it\/icd\/cosa-succede-se-si-riceve-una-scarica-elettrica-da-un-icd\/","og_locale":"it_IT","og_type":"article","og_title":"Cosa succede se si riceve una scarica elettrica da un ICD? | My Rhythm Device","og_description":"Pu\u00f2 succedere di ricevere una scarica elettrica da parte del defibrillatore, dopo l'installazione di questo tipo di dispositivo. Esistono numerose precauzioni da adottare dopo aver ricevuto una scarica elettrica da ICD.","og_url":"https:\/\/www.myrhythmdevice.org\/it\/icd\/cosa-succede-se-si-riceve-una-scarica-elettrica-da-un-icd\/","og_site_name":"myrhythmdevice.org","og_image":[{"width":900,"height":506,"url":"https:\/\/www.myrhythmdevice.org\/wp-content\/uploads\/2022\/02\/shutterstock_1401918872-1-min.jpg","type":"image\/jpeg"}],"twitter_card":"summary_large_image","twitter_misc":{"Tempo di lettura stimato":"2 minuti"},"schema":{"@context":"https:\/\/schema.org","@graph":[{"@type":"WebPage","@id":"https:\/\/www.myrhythmdevice.org\/it\/icd\/cosa-succede-se-si-riceve-una-scarica-elettrica-da-un-icd\/","url":"https:\/\/www.myrhythmdevice.org\/it\/icd\/cosa-succede-se-si-riceve-una-scarica-elettrica-da-un-icd\/","name":"Cosa succede se si riceve una scarica elettrica da un ICD? | My Rhythm Device","isPartOf":{"@id":"https:\/\/www.myrhythmdevice.org\/#website"},"primaryImageOfPage":{"@id":"https:\/\/www.myrhythmdevice.org\/it\/icd\/cosa-succede-se-si-riceve-una-scarica-elettrica-da-un-icd\/#primaryimage"},"image":{"@id":"https:\/\/www.myrhythmdevice.org\/it\/icd\/cosa-succede-se-si-riceve-una-scarica-elettrica-da-un-icd\/#primaryimage"},"thumbnailUrl":"https:\/\/www.myrhythmdevice.org\/wp-content\/uploads\/2022\/02\/shutterstock_1401918872-1-min.jpg","datePublished":"2023-08-23T15:15:31+00:00","description":"Pu\u00f2 succedere di ricevere una scarica elettrica da parte del defibrillatore, dopo l'installazione di questo tipo di dispositivo. Esistono numerose precauzioni da adottare dopo aver ricevuto una scarica elettrica da ICD.","breadcrumb":{"@id":"https:\/\/www.myrhythmdevice.org\/it\/icd\/cosa-succede-se-si-riceve-una-scarica-elettrica-da-un-icd\/#breadcrumb"},"inLanguage":"it-IT","potentialAction":[{"@type":"ReadAction","target":["https:\/\/www.myrhythmdevice.org\/it\/icd\/cosa-succede-se-si-riceve-una-scarica-elettrica-da-un-icd\/"]}]},{"@type":"ImageObject","inLanguage":"it-IT","@id":"https:\/\/www.myrhythmdevice.org\/it\/icd\/cosa-succede-se-si-riceve-una-scarica-elettrica-da-un-icd\/#primaryimage","url":"https:\/\/www.myrhythmdevice.org\/wp-content\/uploads\/2022\/02\/shutterstock_1401918872-1-min.jpg","contentUrl":"https:\/\/www.myrhythmdevice.org\/wp-content\/uploads\/2022\/02\/shutterstock_1401918872-1-min.jpg","width":900,"height":506},{"@type":"BreadcrumbList","@id":"https:\/\/www.myrhythmdevice.org\/it\/icd\/cosa-succede-se-si-riceve-una-scarica-elettrica-da-un-icd\/#breadcrumb","itemListElement":[{"@type":"ListItem","position":1,"name":"Home","item":"https:\/\/www.myrhythmdevice.org\/it\/"},{"@type":"ListItem","position":2,"name":"ICD","item":"https:\/\/www.myrhythmdevice.org\/it\/icd\/"},{"@type":"ListItem","position":3,"name":"Cosa succede se si riceve una scarica elettrica da un ICD?"}]},{"@type":"WebSite","@id":"https:\/\/www.myrhythmdevice.org\/#website","url":"https:\/\/www.myrhythmdevice.org\/","name":"myrhythmdevice.org","description":"The website for patients with implanted cardiac devices, their caregivers and families.","publisher":{"@id":"https:\/\/www.myrhythmdevice.org\/#organization"},"potentialAction":[{"@type":"SearchAction","target":{"@type":"EntryPoint","urlTemplate":"https:\/\/www.myrhythmdevice.org\/?s={search_term_string}"},"query-input":{"@type":"PropertyValueSpecification","valueRequired":true,"valueName":"search_term_string"}}],"inLanguage":"it-IT"},{"@type":"Organization","@id":"https:\/\/www.myrhythmdevice.org\/#organization","name":"myrhythmdevice.org","url":"https:\/\/www.myrhythmdevice.org\/","logo":{"@type":"ImageObject","inLanguage":"it-IT","@id":"https:\/\/www.myrhythmdevice.org\/#\/schema\/logo\/image\/","url":"https:\/\/cdn-endpoint-mrd.azureedge.net\/myrhythmdevice\/2022\/02\/LOGO-MRD.jpg","contentUrl":"https:\/\/cdn-endpoint-mrd.azureedge.net\/myrhythmdevice\/2022\/02\/LOGO-MRD.jpg","width":1478,"height":326,"caption":"myrhythmdevice.org"},"image":{"@id":"https:\/\/www.myrhythmdevice.org\/#\/schema\/logo\/image\/"}}]}},"_links":{"self":[{"href":"https:\/\/www.myrhythmdevice.org\/it\/wp-json\/wp\/v2\/pages\/983","targetHints":{"allow":["GET"]}}],"collection":[{"href":"https:\/\/www.myrhythmdevice.org\/it\/wp-json\/wp\/v2\/pages"}],"about":[{"href":"https:\/\/www.myrhythmdevice.org\/it\/wp-json\/wp\/v2\/types\/page"}],"author":[{"embeddable":true,"href":"https:\/\/www.myrhythmdevice.org\/it\/wp-json\/wp\/v2\/users\/1"}],"replies":[{"embeddable":true,"href":"https:\/\/www.myrhythmdevice.org\/it\/wp-json\/wp\/v2\/comments?post=983"}],"version-history":[{"count":0,"href":"https:\/\/www.myrhythmdevice.org\/it\/wp-json\/wp\/v2\/pages\/983\/revisions"}],"up":[{"embeddable":true,"href":"https:\/\/www.myrhythmdevice.org\/it\/wp-json\/wp\/v2\/pages\/982"}],"wp:featuredmedia":[{"embeddable":true,"href":"https:\/\/www.myrhythmdevice.org\/it\/wp-json\/wp\/v2\/media\/922"}],"wp:attachment":[{"href":"https:\/\/www.myrhythmdevice.org\/it\/wp-json\/wp\/v2\/media?parent=983"}],"wp:term":[{"taxonomy":"category","embeddable":true,"href":"https:\/\/www.myrhythmdevice.org\/it\/wp-json\/wp\/v2\/categories?post=983"},{"taxonomy":"post_tag","embeddable":true,"href":"https:\/\/www.myrhythmdevice.org\/it\/wp-json\/wp\/v2\/tags?post=983"}],"curies":[{"name":"wp","href":"https:\/\/api.w.org\/{rel}","templated":true}]}}