{"id":1032,"date":"2023-08-23T16:15:50","date_gmt":"2023-08-23T15:15:50","guid":{"rendered":"https:\/\/www.myrhythmdevice.org\/morte-cardiaca-improvvisa-scd-my-rhythm-device\/sopravvissuti-a-un-episodio-di-morte-cardiaca-improvvisa-scd\/"},"modified":"2025-06-26T14:24:47","modified_gmt":"2025-06-26T13:24:47","slug":"sopravvissuti-a-un-episodio-di-morte-cardiaca-improvvisa-scd","status":"publish","type":"page","link":"https:\/\/www.myrhythmdevice.org\/it\/morte-cardiaca-improvvisa-scd-my-rhythm-device\/sopravvissuti-a-un-episodio-di-morte-cardiaca-improvvisa-scd\/","title":{"rendered":"Sopravvissuti a un episodio di Morte Cardiaca Improvvisa (SCD)"},"content":{"rendered":"<p>Se si \u00e8 sopravvissuti a un arresto cardiaco improvviso, il ritorno alla vita normale dipender\u00e0 dai diversi aspetti clinici dell&#8217;evento e, cosa pi\u00f9 importante, dalla presenza o meno di conseguenze neurologiche o cardiache che potrebbero compromettere le attivit\u00e0 quotidiane e le capacit\u00e0 di sforzo. Alcuni pazienti possono tornare a una vita quasi normale, mentre altri dovranno affrontare limitazioni che richiedono una rimodulazione delle routine quotidiane, per loro e per i loro familiari. \u00c8 bene chiedere al proprio medico quali sono le limitazioni e informare parenti e amici della propria condizione, in modo che, se necessario, sappiano in che modo fornire la loro assistenza.<\/p>\n<p>Alcune cause di arresto cardiaco improvviso sono ereditarie e, in questo caso, lo screening dei familiari pu\u00f2 salvare loro la vita. Chiedere al proprio medico se \u00e8 questo il caso e come procedere per far controllare i familiari.<\/p>\n<p>\u00c8 probabile che ora sia stato impiantato un defibrillatore cardiaco e che si debba imparare a conviverci. Per la maggior parte delle persone, la convivenza con un ICD non richiede grandi adattamenti, poich\u00e9 \u00e8 possibile continuare a svolgere la maggior parte delle attivit\u00e0 quotidiane, come utilizzare il computer e altri dispositivi elettronici e fare esercizio fisico. Spesso, infatti, le limitazioni a un&#8217;attivit\u00e0 fisica pi\u00f9 intensa sono legate alla cardiopatia di base e non al dispositivo impiantato. \u00c8 possibile e opportuno discutere con il medico curante le proprie abitudini quotidiane e, se del caso, l&#8217;attivit\u00e0 fisica. Se necessario, il medico pu\u00f2 regolare il dispositivo per adattarlo a uno stile di vita pi\u00f9 attivo.<\/p>\n<p>Nella maggior parte dei casi, anche dopo un arresto cardiaco improvviso, uno stile di vita sano gioca ancora un ruolo importante nella prevenzione di eventi futuri ed \u00e8 fortemente incoraggiato. \u00c8 pi\u00f9 facile affrontare la situazione con disinvoltura se si coinvolgono i familiari e gli amici pi\u00f9 stretti, se si chiedono ai medici informazioni sul proprio specifico scenario clinico e su ci\u00f2 che si dovrebbe modificare nella propria routine quotidiana. Scopri di pi\u00f9 su un cuore sano su <a href=\"https:\/\/www.healthy-heart.org\/\" target=\"_blank\" rel=\"noopener\">healthy-heart.org<\/a>.<\/p>\n<p>Vuoi sapere in prima persona come si vive con un ICD? Guarda la testimonianza dei nostri pazienti<\/p>\n<h3>Sopravvissuti a un SCD: la testimonianza dei pazienti<\/h3>\n<p>Sono affetto da sindrome di Brugada e Cardiomiopatia Aritmogena del Ventricolo Destro. Il mio cuore pu\u00f2 andare in fibrillazione all&#8217;improvviso. Mi \u00e8 gi\u00e0 successo sette volte, ogni volta con una scarica elettrica rilasciata dal mio ICD. Si pu\u00f2 chiamare morte improvvisa che si conclude con una scarica elettrica che fa ripartire la vita.<\/p>\n<p>La parola improvvisa va presa alla lettera. Mi gira la testa, come quando ci si alza troppo velocemente. Si tratta di uno stordimento della durata di qualche secondo che diventa via via sempre pi\u00f9 forte. Uno, due, tre, e la luce si spegne. Inizio a sognare. Prima le immagini dei sogni pi\u00f9 stupidi. Per fortuna, sono portatore di ICD e con una scarica elettrica riprendo coscienza e la vita continua come se nulla fosse.<\/p>\n<p>La met\u00e0 delle volte ho sentito la scarica elettrica e quando mi riprendo so bene cosa mi \u00e8 successo. Quando \u00e8 capitato di non avvertire la scarica elettrica e riprendere coscienza, mi \u00e8 gi\u00e0 successo di non sapere bene se &#8220;\u00e8 accaduto ora o no? Mi sono perso qualche secondo o mi sto facendo solo delle fantasie?&#8221; In quelle occasioni \u00e8 bene che ci siano dei testimoni a cui poter chiedere.<\/p>\n<p>Sebbene anche questo \u00e8 un aspetto relativo, perch\u00e9 mi \u00e8 successo una volta durante una riunione. Ero seduto, incurvato su una sedia, con la testa tra le mani perch\u00e9 stavo pensando. Poi ho perso coscienza per un tempo molto breve (forse 2 secondi) ed \u00e8 seguita la scarica elettrica (10,5 secondi dopo l&#8217;inizio della fibrillazione). Nessuno dei 14 colleghi seduti al tavolo aveva notato nulla di sospetto. \u00c8 pazzesco come un momento cos\u00ec estremo trascorra praticamente senza lasciare tracce.<\/p>\n<p>In un&#8217;altra occasione le cose si sono svolte in modo molto pi\u00f9 drammatico. Ero al tavolo di un ristorante. Improvvisamente si \u00e8 spenta la luce. Io, da parte mia, stavo facendo di nuovo i sogni pi\u00f9 stupidi; per chi mi stava intorno, mi ero improvvisamente accasciato sulla sedia privo di sensi. Testa riversa all&#8217;indietro, occhi spalancati, pelle grigia, alla disperata ricerca di aria. La scarica elettrica iniziale non ha prodotto effetti. Mia moglie si \u00e8 attivata immediatamente e ha iniziato le manovre di rianimazione cardiopolmonare. Hanno chiamato un ambulanza. Anche la seconda scarica elettrica non ha dato risultati. Mia moglie ha avvertito la scarica elettrica mentre stava praticando la rianimazione ed \u00e8 andata nel panico. Alla terza scarica elettrica, ho ripreso coscienza (42 secondi dopo che il mio cuore aveva iniziato ad andare in fibrillazione). Mi sono immediatamente reso conto di quello che mi era successo. Ho tranquillizzato le persone intorno e chiamato l&#8217;ospedale. L&#8217;ambulanza \u00e8 arrivata e mi ha portato al pronto soccorso, anche se a me sembrava tutto a posto.<\/p>\n<p>Ho sperimentato in prima persona che una tale scarica elettrica non provoca lesioni. Naturalmente l&#8217;ho sentita, ed era forte. Quando la luce si spegne cos\u00ec e mi rendo conto che sto per tuffarmi nel buio, mi trovo a farmi forza per reggere la scarica elettrica. La scarica elettrica \u00e8 talmente veloce che non si ha modo di avvertire dolore. Quando mi riprendo, la consapevolezza di poter vivere di nuovo mi d\u00e0 una tale scarica di adrenalina che il ricordo del dolore scompare. E quindi non ho nemmeno paura di questa scarica elettrica. Al contrario, mi ci avvinghio come fa il paracadutista con il suo paracadute. Il paracadute fa s\u00ec che il paracadutista torni a terra sano e salvo. Allo stesso modo, il mio ICD e la sua scarica elettrica fanno s\u00ec che possa andare avanti a vivere in modo sicuro. Nemmeno io posso sapere quando mi sollevo in aria: pu\u00f2 sempre accadere all&#8217;improvviso.<\/p>\n<p><em>Axel Verstrael<\/em><\/p>\n<h3><\/h3>\n<h3>Testimonianza di Piet Verstrael, figlio di Axel Verstrael, che ha assistito in prima persona al superamento della condizione di fibrillazione grazie al rilascio di una scarica elettrica e alla successiva ripresa di conoscenza.<\/h3>\n<p>\u00c8 successo il 21 dicembre 2015. Avevo otto anni. Quel pomeriggio avevamo corso velocissimi per riuscire a prendere l&#8217;autobus e sederci. Pap\u00e0 davanti e io dietro. Prima ancora che l&#8217;autobus partisse, pap\u00e0 era seduto con la testa appoggiata al finestrino, come se si fosse addormentato all&#8217;improvviso. Ha iniziato a russare all&#8217;istante. Anche se non si tratta della parola giusta, non era russare, era un suono particolare. Per dirla con lui, era un ringhio sommesso: un rantolo.<\/p>\n<p>Lo smartphone e i guanti sono caduti dalle mani di pap\u00e0. Ho gridato &#8220;Pap\u00e0, pap\u00e0!&#8221; Ma non rispondeva. L&#8217;ho scrollato e poi si \u00e8 svegliato all&#8217;improvviso. Mi disse subito che aveva avuto una fibrillazione, perch\u00e9 aveva sentito la scarica elettrica dell&#8217;ICD. Solo allora ho capito cosa era successo. Succede cos\u00ec velocemente (12 secondi), che a malapena ci si rende conto di quello che sta accadendo. Si assiste, e ci si chiede &#8220;che cos&#8217;\u00e8?&#8221; E prima ancora che avessi la prontezza di dargli una mano, si \u00e8 ripreso.<\/p>\n<p>Emotivamente, non mi \u00e8 rimasto nulla di quel momento. Solo al momento di andare a letto, quando chiedo a pap\u00e0 qualcosa e lui non risponde subito, il pensiero di quei momenti mi attraversa la testa e continuo a controllare se \u00e8 tutto a posto nella stanza. A parte questo, mai, perch\u00e9 questa \u00e8 la nostra vita.<\/p>\n<p><em>Piet Verstrael<\/em><\/p>\n","protected":false},"excerpt":{"rendered":"<p>Se si \u00e8 sopravvissuti a un arresto cardiaco improvviso, il ritorno alla vita normale dipender\u00e0 dai diversi aspetti clinici dell&#8217;evento e, cosa pi\u00f9 importante, dalla presenza o meno di conseguenze neurologiche o cardiache che potrebbero compromettere le attivit\u00e0 quotidiane e le capacit\u00e0 di sforzo. Alcuni pazienti possono tornare a una vita quasi normale, mentre altri [&hellip;]<\/p>\n","protected":false},"author":1,"featured_media":0,"parent":1028,"menu_order":0,"comment_status":"closed","ping_status":"closed","template":"","meta":{"_acf_changed":false,"footnotes":""},"categories":[],"tags":[],"class_list":["post-1032","page","type-page","status-publish","hentry"],"acf":[],"yoast_head":"<!-- This site is optimized with the Yoast SEO plugin v26.0 - https:\/\/yoast.com\/wordpress\/plugins\/seo\/ -->\n<title>Sopravvissuti a Morte Cardiaca Improvvisa (SCD) | My Rhythm Device<\/title>\n<meta name=\"description\" content=\"Se si \u00e8 sopravvissuti a un arresto cardiaco improvviso, il ritorno alla vita normale dipender\u00e0 dai diversi aspetti clinici dell&#039;evento.\" \/>\n<meta name=\"robots\" content=\"index, follow, max-snippet:-1, max-image-preview:large, max-video-preview:-1\" \/>\n<link rel=\"canonical\" href=\"https:\/\/www.myrhythmdevice.org\/it\/morte-cardiaca-improvvisa-scd-my-rhythm-device\/sopravvissuti-a-un-episodio-di-morte-cardiaca-improvvisa-scd\/\" \/>\n<meta property=\"og:locale\" content=\"it_IT\" \/>\n<meta property=\"og:type\" content=\"article\" \/>\n<meta property=\"og:title\" content=\"Sopravvissuti a Morte Cardiaca Improvvisa (SCD) | My Rhythm Device\" \/>\n<meta property=\"og:description\" content=\"Se si \u00e8 sopravvissuti a un arresto cardiaco improvviso, il ritorno alla vita normale dipender\u00e0 dai diversi aspetti clinici dell&#039;evento.\" \/>\n<meta property=\"og:url\" content=\"https:\/\/www.myrhythmdevice.org\/it\/morte-cardiaca-improvvisa-scd-my-rhythm-device\/sopravvissuti-a-un-episodio-di-morte-cardiaca-improvvisa-scd\/\" \/>\n<meta property=\"og:site_name\" content=\"myrhythmdevice.org\" \/>\n<meta property=\"article:modified_time\" content=\"2025-06-26T13:24:47+00:00\" \/>\n<meta name=\"twitter:card\" content=\"summary_large_image\" \/>\n<meta name=\"twitter:label1\" content=\"Tempo di lettura stimato\" \/>\n\t<meta name=\"twitter:data1\" content=\"6 minuti\" \/>\n<script type=\"application\/ld+json\" class=\"yoast-schema-graph\">{\"@context\":\"https:\/\/schema.org\",\"@graph\":[{\"@type\":\"WebPage\",\"@id\":\"https:\/\/www.myrhythmdevice.org\/it\/morte-cardiaca-improvvisa-scd-my-rhythm-device\/sopravvissuti-a-un-episodio-di-morte-cardiaca-improvvisa-scd\/\",\"url\":\"https:\/\/www.myrhythmdevice.org\/it\/morte-cardiaca-improvvisa-scd-my-rhythm-device\/sopravvissuti-a-un-episodio-di-morte-cardiaca-improvvisa-scd\/\",\"name\":\"Sopravvissuti a Morte Cardiaca Improvvisa (SCD) | My Rhythm Device\",\"isPartOf\":{\"@id\":\"https:\/\/www.myrhythmdevice.org\/#website\"},\"datePublished\":\"2023-08-23T15:15:50+00:00\",\"dateModified\":\"2025-06-26T13:24:47+00:00\",\"description\":\"Se si \u00e8 sopravvissuti a un arresto cardiaco improvviso, il ritorno alla vita normale dipender\u00e0 dai diversi aspetti clinici dell'evento.\",\"breadcrumb\":{\"@id\":\"https:\/\/www.myrhythmdevice.org\/it\/morte-cardiaca-improvvisa-scd-my-rhythm-device\/sopravvissuti-a-un-episodio-di-morte-cardiaca-improvvisa-scd\/#breadcrumb\"},\"inLanguage\":\"it-IT\",\"potentialAction\":[{\"@type\":\"ReadAction\",\"target\":[\"https:\/\/www.myrhythmdevice.org\/it\/morte-cardiaca-improvvisa-scd-my-rhythm-device\/sopravvissuti-a-un-episodio-di-morte-cardiaca-improvvisa-scd\/\"]}]},{\"@type\":\"BreadcrumbList\",\"@id\":\"https:\/\/www.myrhythmdevice.org\/it\/morte-cardiaca-improvvisa-scd-my-rhythm-device\/sopravvissuti-a-un-episodio-di-morte-cardiaca-improvvisa-scd\/#breadcrumb\",\"itemListElement\":[{\"@type\":\"ListItem\",\"position\":1,\"name\":\"Home\",\"item\":\"https:\/\/www.myrhythmdevice.org\/it\/\"},{\"@type\":\"ListItem\",\"position\":2,\"name\":\"Morte cardiaca improvvisa (SCD) | My Rhythm Device\",\"item\":\"https:\/\/www.myrhythmdevice.org\/sudden-cardiac-death-scd\/\"},{\"@type\":\"ListItem\",\"position\":3,\"name\":\"Sopravvissuti a un episodio di Morte Cardiaca Improvvisa (SCD)\"}]},{\"@type\":\"WebSite\",\"@id\":\"https:\/\/www.myrhythmdevice.org\/#website\",\"url\":\"https:\/\/www.myrhythmdevice.org\/\",\"name\":\"myrhythmdevice.org\",\"description\":\"The website for patients with implanted cardiac devices, their caregivers and families.\",\"publisher\":{\"@id\":\"https:\/\/www.myrhythmdevice.org\/#organization\"},\"potentialAction\":[{\"@type\":\"SearchAction\",\"target\":{\"@type\":\"EntryPoint\",\"urlTemplate\":\"https:\/\/www.myrhythmdevice.org\/?s={search_term_string}\"},\"query-input\":{\"@type\":\"PropertyValueSpecification\",\"valueRequired\":true,\"valueName\":\"search_term_string\"}}],\"inLanguage\":\"it-IT\"},{\"@type\":\"Organization\",\"@id\":\"https:\/\/www.myrhythmdevice.org\/#organization\",\"name\":\"myrhythmdevice.org\",\"url\":\"https:\/\/www.myrhythmdevice.org\/\",\"logo\":{\"@type\":\"ImageObject\",\"inLanguage\":\"it-IT\",\"@id\":\"https:\/\/www.myrhythmdevice.org\/#\/schema\/logo\/image\/\",\"url\":\"https:\/\/cdn-endpoint-mrd.azureedge.net\/myrhythmdevice\/2022\/02\/LOGO-MRD.jpg\",\"contentUrl\":\"https:\/\/cdn-endpoint-mrd.azureedge.net\/myrhythmdevice\/2022\/02\/LOGO-MRD.jpg\",\"width\":1478,\"height\":326,\"caption\":\"myrhythmdevice.org\"},\"image\":{\"@id\":\"https:\/\/www.myrhythmdevice.org\/#\/schema\/logo\/image\/\"}}]}<\/script>\n<!-- \/ Yoast SEO plugin. -->","yoast_head_json":{"title":"Sopravvissuti a Morte Cardiaca Improvvisa (SCD) | My Rhythm Device","description":"Se si \u00e8 sopravvissuti a un arresto cardiaco improvviso, il ritorno alla vita normale dipender\u00e0 dai diversi aspetti clinici dell'evento.","robots":{"index":"index","follow":"follow","max-snippet":"max-snippet:-1","max-image-preview":"max-image-preview:large","max-video-preview":"max-video-preview:-1"},"canonical":"https:\/\/www.myrhythmdevice.org\/it\/morte-cardiaca-improvvisa-scd-my-rhythm-device\/sopravvissuti-a-un-episodio-di-morte-cardiaca-improvvisa-scd\/","og_locale":"it_IT","og_type":"article","og_title":"Sopravvissuti a Morte Cardiaca Improvvisa (SCD) | My Rhythm Device","og_description":"Se si \u00e8 sopravvissuti a un arresto cardiaco improvviso, il ritorno alla vita normale dipender\u00e0 dai diversi aspetti clinici dell'evento.","og_url":"https:\/\/www.myrhythmdevice.org\/it\/morte-cardiaca-improvvisa-scd-my-rhythm-device\/sopravvissuti-a-un-episodio-di-morte-cardiaca-improvvisa-scd\/","og_site_name":"myrhythmdevice.org","article_modified_time":"2025-06-26T13:24:47+00:00","twitter_card":"summary_large_image","twitter_misc":{"Tempo di lettura stimato":"6 minuti"},"schema":{"@context":"https:\/\/schema.org","@graph":[{"@type":"WebPage","@id":"https:\/\/www.myrhythmdevice.org\/it\/morte-cardiaca-improvvisa-scd-my-rhythm-device\/sopravvissuti-a-un-episodio-di-morte-cardiaca-improvvisa-scd\/","url":"https:\/\/www.myrhythmdevice.org\/it\/morte-cardiaca-improvvisa-scd-my-rhythm-device\/sopravvissuti-a-un-episodio-di-morte-cardiaca-improvvisa-scd\/","name":"Sopravvissuti a Morte Cardiaca Improvvisa (SCD) | My Rhythm Device","isPartOf":{"@id":"https:\/\/www.myrhythmdevice.org\/#website"},"datePublished":"2023-08-23T15:15:50+00:00","dateModified":"2025-06-26T13:24:47+00:00","description":"Se si \u00e8 sopravvissuti a un arresto cardiaco improvviso, il ritorno alla vita normale dipender\u00e0 dai diversi aspetti clinici dell'evento.","breadcrumb":{"@id":"https:\/\/www.myrhythmdevice.org\/it\/morte-cardiaca-improvvisa-scd-my-rhythm-device\/sopravvissuti-a-un-episodio-di-morte-cardiaca-improvvisa-scd\/#breadcrumb"},"inLanguage":"it-IT","potentialAction":[{"@type":"ReadAction","target":["https:\/\/www.myrhythmdevice.org\/it\/morte-cardiaca-improvvisa-scd-my-rhythm-device\/sopravvissuti-a-un-episodio-di-morte-cardiaca-improvvisa-scd\/"]}]},{"@type":"BreadcrumbList","@id":"https:\/\/www.myrhythmdevice.org\/it\/morte-cardiaca-improvvisa-scd-my-rhythm-device\/sopravvissuti-a-un-episodio-di-morte-cardiaca-improvvisa-scd\/#breadcrumb","itemListElement":[{"@type":"ListItem","position":1,"name":"Home","item":"https:\/\/www.myrhythmdevice.org\/it\/"},{"@type":"ListItem","position":2,"name":"Morte cardiaca improvvisa (SCD) | My Rhythm Device","item":"https:\/\/www.myrhythmdevice.org\/sudden-cardiac-death-scd\/"},{"@type":"ListItem","position":3,"name":"Sopravvissuti a un episodio di Morte Cardiaca Improvvisa (SCD)"}]},{"@type":"WebSite","@id":"https:\/\/www.myrhythmdevice.org\/#website","url":"https:\/\/www.myrhythmdevice.org\/","name":"myrhythmdevice.org","description":"The website for patients with implanted cardiac devices, their caregivers and families.","publisher":{"@id":"https:\/\/www.myrhythmdevice.org\/#organization"},"potentialAction":[{"@type":"SearchAction","target":{"@type":"EntryPoint","urlTemplate":"https:\/\/www.myrhythmdevice.org\/?s={search_term_string}"},"query-input":{"@type":"PropertyValueSpecification","valueRequired":true,"valueName":"search_term_string"}}],"inLanguage":"it-IT"},{"@type":"Organization","@id":"https:\/\/www.myrhythmdevice.org\/#organization","name":"myrhythmdevice.org","url":"https:\/\/www.myrhythmdevice.org\/","logo":{"@type":"ImageObject","inLanguage":"it-IT","@id":"https:\/\/www.myrhythmdevice.org\/#\/schema\/logo\/image\/","url":"https:\/\/cdn-endpoint-mrd.azureedge.net\/myrhythmdevice\/2022\/02\/LOGO-MRD.jpg","contentUrl":"https:\/\/cdn-endpoint-mrd.azureedge.net\/myrhythmdevice\/2022\/02\/LOGO-MRD.jpg","width":1478,"height":326,"caption":"myrhythmdevice.org"},"image":{"@id":"https:\/\/www.myrhythmdevice.org\/#\/schema\/logo\/image\/"}}]}},"_links":{"self":[{"href":"https:\/\/www.myrhythmdevice.org\/it\/wp-json\/wp\/v2\/pages\/1032","targetHints":{"allow":["GET"]}}],"collection":[{"href":"https:\/\/www.myrhythmdevice.org\/it\/wp-json\/wp\/v2\/pages"}],"about":[{"href":"https:\/\/www.myrhythmdevice.org\/it\/wp-json\/wp\/v2\/types\/page"}],"author":[{"embeddable":true,"href":"https:\/\/www.myrhythmdevice.org\/it\/wp-json\/wp\/v2\/users\/1"}],"replies":[{"embeddable":true,"href":"https:\/\/www.myrhythmdevice.org\/it\/wp-json\/wp\/v2\/comments?post=1032"}],"version-history":[{"count":1,"href":"https:\/\/www.myrhythmdevice.org\/it\/wp-json\/wp\/v2\/pages\/1032\/revisions"}],"predecessor-version":[{"id":1243,"href":"https:\/\/www.myrhythmdevice.org\/it\/wp-json\/wp\/v2\/pages\/1032\/revisions\/1243"}],"up":[{"embeddable":true,"href":"https:\/\/www.myrhythmdevice.org\/it\/wp-json\/wp\/v2\/pages\/1028"}],"wp:attachment":[{"href":"https:\/\/www.myrhythmdevice.org\/it\/wp-json\/wp\/v2\/media?parent=1032"}],"wp:term":[{"taxonomy":"category","embeddable":true,"href":"https:\/\/www.myrhythmdevice.org\/it\/wp-json\/wp\/v2\/categories?post=1032"},{"taxonomy":"post_tag","embeddable":true,"href":"https:\/\/www.myrhythmdevice.org\/it\/wp-json\/wp\/v2\/tags?post=1032"}],"curies":[{"name":"wp","href":"https:\/\/api.w.org\/{rel}","templated":true}]}}