{"id":1030,"date":"2023-08-23T16:15:48","date_gmt":"2023-08-23T15:15:48","guid":{"rendered":"https:\/\/www.myrhythmdevice.org\/morte-cardiaca-improvvisa-scd-my-rhythm-device\/cose-la-morte-cardiaca-improvvisa\/"},"modified":"2023-08-23T16:15:48","modified_gmt":"2023-08-23T15:15:48","slug":"cose-la-morte-cardiaca-improvvisa","status":"publish","type":"page","link":"https:\/\/www.myrhythmdevice.org\/it\/morte-cardiaca-improvvisa-scd-my-rhythm-device\/cose-la-morte-cardiaca-improvvisa\/","title":{"rendered":"Cos&#8217;\u00e8 la morte cardiaca improvvisa?"},"content":{"rendered":"<p>Per morte cardiaca improvvisa (Sudden Cardiac Death, SCD) si intende l&#8217;arresto del cuore, o &#8220;arresto cardiaco&#8221;, entro un massimo di un&#8217;ora dalla comparsa dei primi sintomi, o che si verifica in pazienti deceduti entro 24 ore dalla diagnosi di asintomaticit\u00e0, dove la morte \u00e8 presumibilmente dovuta ad aritmia cardiaca o a collasso emodinamico. La SCD pu\u00f2 manifestarsi anche senza alcun sintomo precedente. In passato, il termine &#8220;morte cardiaca improvvisa&#8221; significava molto spesso MORTE, senza alcuna possibilit\u00e0 di prevenzione o trattamento. Grazie ai progressi della cardiologia moderna, NON succede pi\u00f9 cos\u00ec!<\/p>\n<p>L&#8217;arresto cardiaco improvviso pu\u00f2 portare alla morte cardiaca improvvisa, ma non \u00e8 detto che succeda. Oggi siamo in grado sia di valutare il rischio sia di diagnosticare le condizioni patologiche che predispongono una persona all&#8217;arresto cardiaco improvviso e alla SCD. Grazie a ci\u00f2, a volte abbiamo la possibilit\u00e0 di prevenire e anticipare il rischio di morte cardiaca improvvisa.<\/p>\n<p>Siamo anche in grado di trattare efficacemente la SCD grazie alla rianimazione rapida, ripristinando il ritmo cardiaco e salvando vite umane.<\/p>\n<p>Inoltre, le persone che sono gi\u00e0 state soccorse una volta e sono sopravvissute a un arresto cardiaco improvviso possono essere protette in modo molto efficace contro un altro evento del genere. Quindi, prevenzione e trattamento della morte cardiaca improvvisa sono possibili, come \u00e8 possibile evitare il decesso.<\/p>\n<h2>C&#8217;\u00e8 qualche differenza tra un attacco cardiaco e un arresto cardiaco?<\/h2>\n<p>Un attacco cardiaco e un arresto cardiaco sono due condizioni diverse che possono essere collegate.<\/p>\n<p>Un attacco cardiaco si verifica quando l&#8217;afflusso di sangue al muscolo cardiaco si interrompe. Spesso \u00e8 causato da un coagulo in un&#8217;arteria coronaria, che fornisce sangue al muscolo cardiaco. Questa condizione \u00e8 chiamata sindrome coronarica acuta o infarto miocardico. Durante un attacco cardiaco, il cuore continua a pompare sangue. La persona generalmente accusa dolore al petto (possono essere presenti sintomi atipici), ma di solito \u00e8 cosciente e respira.<\/p>\n<p>Un attacco cardiaco pu\u00f2 portare all&#8217;arresto cardiaco, in quanto la persona \u00e8 esposta a un rischio maggiore di aritmie pericolose come la fibrillazione ventricolare.<\/p>\n","protected":false},"excerpt":{"rendered":"<p>Per morte cardiaca improvvisa (Sudden Cardiac Death, SCD) si intende l&#8217;arresto del cuore, o &#8220;arresto cardiaco&#8221;, entro un massimo di un&#8217;ora dalla comparsa dei primi sintomi, o che si verifica in pazienti deceduti entro 24 ore dalla diagnosi di asintomaticit\u00e0, dove la morte \u00e8 presumibilmente dovuta ad aritmia cardiaca o a collasso emodinamico. La SCD [&hellip;]<\/p>\n","protected":false},"author":1,"featured_media":0,"parent":1028,"menu_order":0,"comment_status":"closed","ping_status":"closed","template":"","meta":{"_acf_changed":false,"footnotes":""},"categories":[],"tags":[],"class_list":["post-1030","page","type-page","status-publish","hentry"],"acf":[],"yoast_head":"<!-- This site is optimized with the Yoast SEO plugin v25.3.1 - https:\/\/yoast.com\/wordpress\/plugins\/seo\/ -->\n<title>Cos&#039;\u00e8 la morte cardiaca improvvisa? | My Rhythm Device<\/title>\n<meta name=\"description\" content=\"Per morte cardiaca improvvisa (Sudden Cardiac Death, SCD) si intende l&#039;arresto del cuore, o &quot;arresto cardiaco&quot;, entro un massimo di un&#039;ora dalla comparsa dei primi sintomi\" \/>\n<meta name=\"robots\" content=\"index, follow, max-snippet:-1, max-image-preview:large, max-video-preview:-1\" \/>\n<link rel=\"canonical\" href=\"https:\/\/www.myrhythmdevice.org\/it\/morte-cardiaca-improvvisa-scd-my-rhythm-device\/cose-la-morte-cardiaca-improvvisa\/\" \/>\n<meta property=\"og:locale\" content=\"it_IT\" \/>\n<meta property=\"og:type\" content=\"article\" \/>\n<meta property=\"og:title\" content=\"Cos&#039;\u00e8 la morte cardiaca improvvisa? | My Rhythm Device\" \/>\n<meta property=\"og:description\" content=\"Per morte cardiaca improvvisa (Sudden Cardiac Death, SCD) si intende l&#039;arresto del cuore, o &quot;arresto cardiaco&quot;, entro un massimo di un&#039;ora dalla comparsa dei primi sintomi\" \/>\n<meta property=\"og:url\" content=\"https:\/\/www.myrhythmdevice.org\/it\/morte-cardiaca-improvvisa-scd-my-rhythm-device\/cose-la-morte-cardiaca-improvvisa\/\" \/>\n<meta property=\"og:site_name\" content=\"myrhythmdevice.org\" \/>\n<meta name=\"twitter:card\" content=\"summary_large_image\" \/>\n<meta name=\"twitter:label1\" content=\"Tempo di lettura stimato\" \/>\n\t<meta name=\"twitter:data1\" content=\"2 minuti\" \/>\n<script type=\"application\/ld+json\" class=\"yoast-schema-graph\">{\"@context\":\"https:\/\/schema.org\",\"@graph\":[{\"@type\":\"WebPage\",\"@id\":\"https:\/\/www.myrhythmdevice.org\/it\/morte-cardiaca-improvvisa-scd-my-rhythm-device\/cose-la-morte-cardiaca-improvvisa\/\",\"url\":\"https:\/\/www.myrhythmdevice.org\/it\/morte-cardiaca-improvvisa-scd-my-rhythm-device\/cose-la-morte-cardiaca-improvvisa\/\",\"name\":\"Cos'\u00e8 la morte cardiaca improvvisa? | My Rhythm Device\",\"isPartOf\":{\"@id\":\"https:\/\/www.myrhythmdevice.org\/#website\"},\"datePublished\":\"2023-08-23T15:15:48+00:00\",\"description\":\"Per morte cardiaca improvvisa (Sudden Cardiac Death, SCD) si intende l'arresto del cuore, o \\\"arresto cardiaco\\\", entro un massimo di un'ora dalla comparsa dei primi sintomi\",\"breadcrumb\":{\"@id\":\"https:\/\/www.myrhythmdevice.org\/it\/morte-cardiaca-improvvisa-scd-my-rhythm-device\/cose-la-morte-cardiaca-improvvisa\/#breadcrumb\"},\"inLanguage\":\"it-IT\",\"potentialAction\":[{\"@type\":\"ReadAction\",\"target\":[\"https:\/\/www.myrhythmdevice.org\/it\/morte-cardiaca-improvvisa-scd-my-rhythm-device\/cose-la-morte-cardiaca-improvvisa\/\"]}]},{\"@type\":\"BreadcrumbList\",\"@id\":\"https:\/\/www.myrhythmdevice.org\/it\/morte-cardiaca-improvvisa-scd-my-rhythm-device\/cose-la-morte-cardiaca-improvvisa\/#breadcrumb\",\"itemListElement\":[{\"@type\":\"ListItem\",\"position\":1,\"name\":\"Home\",\"item\":\"https:\/\/www.myrhythmdevice.org\/it\/\"},{\"@type\":\"ListItem\",\"position\":2,\"name\":\"Morte cardiaca improvvisa (SCD) | My Rhythm Device\",\"item\":\"https:\/\/www.myrhythmdevice.org\/sudden-cardiac-death-scd\/\"},{\"@type\":\"ListItem\",\"position\":3,\"name\":\"Cos&#8217;\u00e8 la morte cardiaca improvvisa?\"}]},{\"@type\":\"WebSite\",\"@id\":\"https:\/\/www.myrhythmdevice.org\/#website\",\"url\":\"https:\/\/www.myrhythmdevice.org\/\",\"name\":\"myrhythmdevice.org\",\"description\":\"The website for patients with implanted cardiac devices, their caregivers and families.\",\"publisher\":{\"@id\":\"https:\/\/www.myrhythmdevice.org\/#organization\"},\"potentialAction\":[{\"@type\":\"SearchAction\",\"target\":{\"@type\":\"EntryPoint\",\"urlTemplate\":\"https:\/\/www.myrhythmdevice.org\/?s={search_term_string}\"},\"query-input\":{\"@type\":\"PropertyValueSpecification\",\"valueRequired\":true,\"valueName\":\"search_term_string\"}}],\"inLanguage\":\"it-IT\"},{\"@type\":\"Organization\",\"@id\":\"https:\/\/www.myrhythmdevice.org\/#organization\",\"name\":\"myrhythmdevice.org\",\"url\":\"https:\/\/www.myrhythmdevice.org\/\",\"logo\":{\"@type\":\"ImageObject\",\"inLanguage\":\"it-IT\",\"@id\":\"https:\/\/www.myrhythmdevice.org\/#\/schema\/logo\/image\/\",\"url\":\"https:\/\/cdn-endpoint-mrd.azureedge.net\/myrhythmdevice\/2022\/02\/LOGO-MRD.jpg\",\"contentUrl\":\"https:\/\/cdn-endpoint-mrd.azureedge.net\/myrhythmdevice\/2022\/02\/LOGO-MRD.jpg\",\"width\":1478,\"height\":326,\"caption\":\"myrhythmdevice.org\"},\"image\":{\"@id\":\"https:\/\/www.myrhythmdevice.org\/#\/schema\/logo\/image\/\"}}]}<\/script>\n<!-- \/ Yoast SEO plugin. -->","yoast_head_json":{"title":"Cos'\u00e8 la morte cardiaca improvvisa? | My Rhythm Device","description":"Per morte cardiaca improvvisa (Sudden Cardiac Death, SCD) si intende l'arresto del cuore, o \"arresto cardiaco\", entro un massimo di un'ora dalla comparsa dei primi sintomi","robots":{"index":"index","follow":"follow","max-snippet":"max-snippet:-1","max-image-preview":"max-image-preview:large","max-video-preview":"max-video-preview:-1"},"canonical":"https:\/\/www.myrhythmdevice.org\/it\/morte-cardiaca-improvvisa-scd-my-rhythm-device\/cose-la-morte-cardiaca-improvvisa\/","og_locale":"it_IT","og_type":"article","og_title":"Cos'\u00e8 la morte cardiaca improvvisa? | My Rhythm Device","og_description":"Per morte cardiaca improvvisa (Sudden Cardiac Death, SCD) si intende l'arresto del cuore, o \"arresto cardiaco\", entro un massimo di un'ora dalla comparsa dei primi sintomi","og_url":"https:\/\/www.myrhythmdevice.org\/it\/morte-cardiaca-improvvisa-scd-my-rhythm-device\/cose-la-morte-cardiaca-improvvisa\/","og_site_name":"myrhythmdevice.org","twitter_card":"summary_large_image","twitter_misc":{"Tempo di lettura stimato":"2 minuti"},"schema":{"@context":"https:\/\/schema.org","@graph":[{"@type":"WebPage","@id":"https:\/\/www.myrhythmdevice.org\/it\/morte-cardiaca-improvvisa-scd-my-rhythm-device\/cose-la-morte-cardiaca-improvvisa\/","url":"https:\/\/www.myrhythmdevice.org\/it\/morte-cardiaca-improvvisa-scd-my-rhythm-device\/cose-la-morte-cardiaca-improvvisa\/","name":"Cos'\u00e8 la morte cardiaca improvvisa? | My Rhythm Device","isPartOf":{"@id":"https:\/\/www.myrhythmdevice.org\/#website"},"datePublished":"2023-08-23T15:15:48+00:00","description":"Per morte cardiaca improvvisa (Sudden Cardiac Death, SCD) si intende l'arresto del cuore, o \"arresto cardiaco\", entro un massimo di un'ora dalla comparsa dei primi sintomi","breadcrumb":{"@id":"https:\/\/www.myrhythmdevice.org\/it\/morte-cardiaca-improvvisa-scd-my-rhythm-device\/cose-la-morte-cardiaca-improvvisa\/#breadcrumb"},"inLanguage":"it-IT","potentialAction":[{"@type":"ReadAction","target":["https:\/\/www.myrhythmdevice.org\/it\/morte-cardiaca-improvvisa-scd-my-rhythm-device\/cose-la-morte-cardiaca-improvvisa\/"]}]},{"@type":"BreadcrumbList","@id":"https:\/\/www.myrhythmdevice.org\/it\/morte-cardiaca-improvvisa-scd-my-rhythm-device\/cose-la-morte-cardiaca-improvvisa\/#breadcrumb","itemListElement":[{"@type":"ListItem","position":1,"name":"Home","item":"https:\/\/www.myrhythmdevice.org\/it\/"},{"@type":"ListItem","position":2,"name":"Morte cardiaca improvvisa (SCD) | My Rhythm Device","item":"https:\/\/www.myrhythmdevice.org\/sudden-cardiac-death-scd\/"},{"@type":"ListItem","position":3,"name":"Cos&#8217;\u00e8 la morte cardiaca improvvisa?"}]},{"@type":"WebSite","@id":"https:\/\/www.myrhythmdevice.org\/#website","url":"https:\/\/www.myrhythmdevice.org\/","name":"myrhythmdevice.org","description":"The website for patients with implanted cardiac devices, their caregivers and families.","publisher":{"@id":"https:\/\/www.myrhythmdevice.org\/#organization"},"potentialAction":[{"@type":"SearchAction","target":{"@type":"EntryPoint","urlTemplate":"https:\/\/www.myrhythmdevice.org\/?s={search_term_string}"},"query-input":{"@type":"PropertyValueSpecification","valueRequired":true,"valueName":"search_term_string"}}],"inLanguage":"it-IT"},{"@type":"Organization","@id":"https:\/\/www.myrhythmdevice.org\/#organization","name":"myrhythmdevice.org","url":"https:\/\/www.myrhythmdevice.org\/","logo":{"@type":"ImageObject","inLanguage":"it-IT","@id":"https:\/\/www.myrhythmdevice.org\/#\/schema\/logo\/image\/","url":"https:\/\/cdn-endpoint-mrd.azureedge.net\/myrhythmdevice\/2022\/02\/LOGO-MRD.jpg","contentUrl":"https:\/\/cdn-endpoint-mrd.azureedge.net\/myrhythmdevice\/2022\/02\/LOGO-MRD.jpg","width":1478,"height":326,"caption":"myrhythmdevice.org"},"image":{"@id":"https:\/\/www.myrhythmdevice.org\/#\/schema\/logo\/image\/"}}]}},"_links":{"self":[{"href":"https:\/\/www.myrhythmdevice.org\/it\/wp-json\/wp\/v2\/pages\/1030","targetHints":{"allow":["GET"]}}],"collection":[{"href":"https:\/\/www.myrhythmdevice.org\/it\/wp-json\/wp\/v2\/pages"}],"about":[{"href":"https:\/\/www.myrhythmdevice.org\/it\/wp-json\/wp\/v2\/types\/page"}],"author":[{"embeddable":true,"href":"https:\/\/www.myrhythmdevice.org\/it\/wp-json\/wp\/v2\/users\/1"}],"replies":[{"embeddable":true,"href":"https:\/\/www.myrhythmdevice.org\/it\/wp-json\/wp\/v2\/comments?post=1030"}],"version-history":[{"count":0,"href":"https:\/\/www.myrhythmdevice.org\/it\/wp-json\/wp\/v2\/pages\/1030\/revisions"}],"up":[{"embeddable":true,"href":"https:\/\/www.myrhythmdevice.org\/it\/wp-json\/wp\/v2\/pages\/1028"}],"wp:attachment":[{"href":"https:\/\/www.myrhythmdevice.org\/it\/wp-json\/wp\/v2\/media?parent=1030"}],"wp:term":[{"taxonomy":"category","embeddable":true,"href":"https:\/\/www.myrhythmdevice.org\/it\/wp-json\/wp\/v2\/categories?post=1030"},{"taxonomy":"post_tag","embeddable":true,"href":"https:\/\/www.myrhythmdevice.org\/it\/wp-json\/wp\/v2\/tags?post=1030"}],"curies":[{"name":"wp","href":"https:\/\/api.w.org\/{rel}","templated":true}]}}