{"id":1029,"date":"2023-08-23T16:15:48","date_gmt":"2023-08-23T15:15:48","guid":{"rendered":"https:\/\/www.myrhythmdevice.org\/morte-cardiaca-improvvisa-scd-my-rhythm-device\/fronteggiare-la-morte-cardiaca-improvvisa\/"},"modified":"2023-08-23T16:15:48","modified_gmt":"2023-08-23T15:15:48","slug":"fronteggiare-la-morte-cardiaca-improvvisa","status":"publish","type":"page","link":"https:\/\/www.myrhythmdevice.org\/it\/morte-cardiaca-improvvisa-scd-my-rhythm-device\/fronteggiare-la-morte-cardiaca-improvvisa\/","title":{"rendered":"Fronteggiare la morte cardiaca improvvisa"},"content":{"rendered":"<h3>\u00c8 diffuso l&#8217;arresto cardiaco?<\/h3>\n<p>L&#8217;arresto cardiaco extraospedaliero (Out-of-Hospital Cardiac Arrest, OHCA) \u00e8 una delle principali cause di morte tra gli adulti nei Paesi occidentali. L&#8217;OHCA colpisce ogni anno circa 400.000 persone in Europa (2). A causa dell&#8217;eterogeneit\u00e0 degli aspetti geografici e logistici, delle caratteristiche dei pazienti e dei report medici e comunitari, esistono differenze sostanziali tra i vari Paesi. In ogni caso, l&#8217;incidenza media globale \u00e8 di circa 55 decessi OHCA adulti a seguito di presunta causa cardiaca per 100.000 anni-persona (2).<\/p>\n<h3>Come gestire un arresto cardiaco<\/h3>\n<p>La rianimazione cardiopolmonare (Cardiopulmonary Resuscitation, RCP) \u00e8 una manovra di primo soccorso che, se utilizzata correttamente e in modo tempestivo, pu\u00f2 salvare la vita in caso di arresto cardiaco. La rianimazione cardiopolmonare negli adulti prevede l&#8217;esecuzione di due manovre specifiche: il massaggio cardiaco (compressioni toraciche) e la ventilazione artificiale (respirazione bocca a bocca o respirazione bocca a maschera, consigliata).<\/p>\n<p><img loading=\"lazy\" decoding=\"async\" class=\"alignnone size-large wp-image-829\" src=\"https:\/\/cdn-endpoint-mrd.azureedge.net\/myrhythmdevice\/2023\/04\/cpr3-shutterstock_657810997-resized-1024x683.jpg\" alt=\"\" width=\"1024\" height=\"683\" srcset=\"https:\/\/www.myrhythmdevice.org\/wp-content\/uploads\/2023\/04\/cpr3-shutterstock_657810997-resized-1024x683.jpg 1024w, https:\/\/www.myrhythmdevice.org\/wp-content\/uploads\/2023\/04\/cpr3-shutterstock_657810997-resized-300x200.jpg 300w, https:\/\/www.myrhythmdevice.org\/wp-content\/uploads\/2023\/04\/cpr3-shutterstock_657810997-resized-768x513.jpg 768w, https:\/\/www.myrhythmdevice.org\/wp-content\/uploads\/2023\/04\/cpr3-shutterstock_657810997-resized-600x400.jpg 600w, https:\/\/www.myrhythmdevice.org\/wp-content\/uploads\/2023\/04\/cpr3-shutterstock_657810997-resized-900x600.jpg 900w, https:\/\/cdn-endpoint-mrd.azureedge.net\/myrhythmdevice\/2023\/04\/cpr3-shutterstock_657810997-resized.jpg 1500w\" sizes=\"auto, (max-width: 1024px) 100vw, 1024px\" \/><\/p>\n<p>Nei primi minuti che seguono l&#8217;evento Arresto Cardiaco Extraospedaliero (OHCA) la rapida messa in atto da parte dei presenti di un numero limitato di azioni critiche (note come &#8220;catena di sopravvivenza&#8221;), pu\u00f2, indipendentemente dalla causa che ha scatenato l&#8217;episodio, aumentare fortemente le possibilit\u00e0 di sopravvivenza (3). Le azioni che i cosiddetti &#8220;primi soccorritori&#8221; devono intraprendere comprendono: 1) attivazione rapida del servizio di emergenza medica chiamando il numero telefonico dedicato; 2) inizio rapido delle manovre di rianimazione: 3) applicazione e utilizzo tempestivi di un defibrillatore automatico esterno (DAE) (4).<\/p>\n<p>Il Defibrillatore Automatico Esterno (DAE) \u00e8 un dispositivo che analizza il ritmo cardiaco e valuta se \u00e8 defibrillabile, avvisa il soccorritore se \u00e8 necessaria la defibrillazione ed eroga una scarica in caso di necessit\u00e0. Due elettrodi vengono posizionati sul petto del paziente e collegati all&#8217;apparecchiatura. Un algoritmo all&#8217;interno del dispositivo analizza il ritmo cardiaco e stabilisce se \u00e8 necessaria o meno una scarica elettrica per salvare il paziente. Di tutti gli Arresti Cardiaci Extraospedalieri (OHCA), circa un quarto (27%) presenta un ritmo iniziale che pu\u00f2 essere trattato con un defibrillatore esterno (2).<\/p>\n<p><img loading=\"lazy\" decoding=\"async\" class=\"alignnone size-large wp-image-831\" src=\"https:\/\/cdn-endpoint-mrd.azureedge.net\/myrhythmdevice\/2023\/04\/aed-shutterstock_1283229223-resized-1024x576.jpg\" alt=\"\" width=\"1024\" height=\"576\" srcset=\"https:\/\/www.myrhythmdevice.org\/wp-content\/uploads\/2023\/04\/aed-shutterstock_1283229223-resized-1024x576.jpg 1024w, https:\/\/www.myrhythmdevice.org\/wp-content\/uploads\/2023\/04\/aed-shutterstock_1283229223-resized-300x169.jpg 300w, https:\/\/www.myrhythmdevice.org\/wp-content\/uploads\/2023\/04\/aed-shutterstock_1283229223-resized-768x432.jpg 768w, https:\/\/www.myrhythmdevice.org\/wp-content\/uploads\/2023\/04\/aed-shutterstock_1283229223-resized-600x338.jpg 600w, https:\/\/www.myrhythmdevice.org\/wp-content\/uploads\/2023\/04\/aed-shutterstock_1283229223-resized-900x506.jpg 900w, https:\/\/cdn-endpoint-mrd.azureedge.net\/myrhythmdevice\/2023\/04\/aed-shutterstock_1283229223-resized.jpg 1500w\" sizes=\"auto, (max-width: 1024px) 100vw, 1024px\" \/><\/p>\n<p>La sopravvivenza media riportata in seguito a OHCA nella popolazione adulta \u00e8 scarsa, circa il 7% (con variazioni dal 2% all&#8217;11%), ma si stanno compiendo sforzi significativi per migliorarla (5, 6). La ragione dell&#8217;ampia variabilit\u00e0 del tasso di sopravvivenza non \u00e8 del tutto chiara e i fattori determinanti dell&#8217;esito non sono ancora stati completamente chiariti. I fattori che si ritiene influenzino l&#8217;esito non dipendono solo dai diversi organi sanitari nazionali o dall&#8217;ora di arrivo dei servizi medici di emergenza. I fattori legati ai &#8220;primi soccorritori&#8221;, come il tempo che intercorre tra il riconoscimento dell&#8217;arresto cardiaco e la rianimazione messa in atto da parte di chi assiste all&#8217;evento, la qualit\u00e0 della rianimazione stessa e la disponibilit\u00e0 o la consapevolezza della presenza di DAE negli spazi pubblici giocano sicuramente un ruolo importante (6).<\/p>\n<p>Infatti, sono state intraprese diverse iniziative nazionali per aumentare la consapevolezza delle persone comuni sul rapido riconoscimento e sulla gestione di un evento OHCA, per facilitare la partecipazione alla &#8220;catena della sopravvivenza&#8221; pre-ospedaliera. \u00c8 stato dimostrato che tutte queste iniziative migliorano significativamente l&#8217;esito per le vittime.(7)<\/p>\n<h4>Fonti<\/h4>\n<ol>\n<li>Zipes DP, Wellens HJ. Sudden cardiac death. Circulation. 1998; 98(21):2334\u201351<\/li>\n<li>Berdowski J, Berg RA, Tijssen JG, Koster RW. Global incidences of out-of-hospital cardiac arrest and survival rates: Systematic review of 67 prospective studies. Resuscitation 2010; 81(11):1479-87<\/li>\n<li>Cummins RO, Ornato JP, Thies WH, Pepe PE. Improving survival from sudden cardiac arrest: the \u201cchain of survival\u201d concept. Circulation 1991; 83:1832\u201347.<\/li>\n<li>Field JM, Hazinski MF, Sayre MR, et al. Part 1: executive summary: 2010 American Heart Association Guidelines for Cardiopulmonary Resuscitation and Emergency Cardiovascular Care. Circulation 2010; 122: S640-S656<\/li>\n<li>Sasson C, Rogers MA, Dahl J, Kellermann AL. Predictors of survival from out-of-hospital cardiac arrest: a systematic review and meta-analysis. Circ Cardiovasc Qual Outcomes 2010; 3(1):63- 81<\/li>\n<li>Auricchio A, Gianquintieri L, Burkart R, Benvenuti C, Muschietti S, Peluso S, Mira A, Moccetti T, Caputo ML. Real-life time and distance covered by lay first responders alerted by means of smartphone-application: Implications for early initiation of cardiopulmonary resuscitation and access to automatic external defibrillators. Resuscitation 2019; 141:182-187<\/li>\n<li>Wissenberg M, Lippert FK, Folke F, Weeke P, Hansen CM, Christensen EF, Jans H, Hansen PA, Lang-Jensen T, Olesen JB, Lindhardsen J, Fosbol EL, Nielsen SL, Gislason GH, Kober L, Torp- Pedersen C. Association of national initiatives to improve cardiac arrest management with rates of bystander intervention and patient survival after out-of-hospital cardiac arrest. JAMA 2013; 310:1377-84<\/li>\n<\/ol>\n","protected":false},"excerpt":{"rendered":"<p>\u00c8 diffuso l&#8217;arresto cardiaco? L&#8217;arresto cardiaco extraospedaliero (Out-of-Hospital Cardiac Arrest, OHCA) \u00e8 una delle principali cause di morte tra gli adulti nei Paesi occidentali. L&#8217;OHCA colpisce ogni anno circa 400.000 persone in Europa (2). A causa dell&#8217;eterogeneit\u00e0 degli aspetti geografici e logistici, delle caratteristiche dei pazienti e dei report medici e comunitari, esistono differenze sostanziali [&hellip;]<\/p>\n","protected":false},"author":1,"featured_media":0,"parent":1028,"menu_order":0,"comment_status":"closed","ping_status":"closed","template":"","meta":{"_acf_changed":false,"footnotes":""},"categories":[],"tags":[],"class_list":["post-1029","page","type-page","status-publish","hentry"],"acf":[],"yoast_head":"<!-- This site is optimized with the Yoast SEO plugin v26.0 - https:\/\/yoast.com\/wordpress\/plugins\/seo\/ -->\n<title>Come fronteggiare la morte cardiaca improvvisa | My Rhythm Device<\/title>\n<meta name=\"description\" content=\"La rianimazione cardiopolmonare (Cardiopulmonary Resuscitation, RCP) \u00e8 una manovra di primo soccorso che, se utilizzata correttamente e in modo tempestivo, pu\u00f2 salvare la vita in caso di arresto cardiaco.\" \/>\n<meta name=\"robots\" content=\"index, follow, max-snippet:-1, max-image-preview:large, max-video-preview:-1\" \/>\n<link rel=\"canonical\" href=\"https:\/\/www.myrhythmdevice.org\/sudden-cardiac-death-scd\/addressing-sudden-cardiac-death\/\" \/>\n<meta property=\"og:locale\" content=\"it_IT\" \/>\n<meta property=\"og:type\" content=\"article\" \/>\n<meta property=\"og:title\" content=\"Come fronteggiare la morte cardiaca improvvisa | My Rhythm Device\" \/>\n<meta property=\"og:description\" content=\"La rianimazione cardiopolmonare (Cardiopulmonary Resuscitation, RCP) \u00e8 una manovra di primo soccorso che, se utilizzata correttamente e in modo tempestivo, pu\u00f2 salvare la vita in caso di arresto cardiaco.\" \/>\n<meta property=\"og:url\" content=\"https:\/\/www.myrhythmdevice.org\/sudden-cardiac-death-scd\/addressing-sudden-cardiac-death\/\" \/>\n<meta property=\"og:site_name\" content=\"myrhythmdevice.org\" \/>\n<meta property=\"og:image\" content=\"https:\/\/cdn-endpoint-mrd.azureedge.net\/myrhythmdevice\/2023\/04\/cpr3-shutterstock_657810997-resized-1024x683.jpg\" \/>\n<meta name=\"twitter:card\" content=\"summary_large_image\" \/>\n<meta name=\"twitter:label1\" content=\"Tempo di lettura stimato\" \/>\n\t<meta name=\"twitter:data1\" content=\"3 minuti\" \/>\n<script type=\"application\/ld+json\" class=\"yoast-schema-graph\">{\"@context\":\"https:\/\/schema.org\",\"@graph\":[{\"@type\":\"WebPage\",\"@id\":\"https:\/\/www.myrhythmdevice.org\/sudden-cardiac-death-scd\/addressing-sudden-cardiac-death\/\",\"url\":\"https:\/\/www.myrhythmdevice.org\/sudden-cardiac-death-scd\/addressing-sudden-cardiac-death\/\",\"name\":\"Come fronteggiare la morte cardiaca improvvisa | My Rhythm Device\",\"isPartOf\":{\"@id\":\"https:\/\/www.myrhythmdevice.org\/#website\"},\"primaryImageOfPage\":{\"@id\":\"https:\/\/www.myrhythmdevice.org\/sudden-cardiac-death-scd\/addressing-sudden-cardiac-death\/#primaryimage\"},\"image\":{\"@id\":\"https:\/\/www.myrhythmdevice.org\/sudden-cardiac-death-scd\/addressing-sudden-cardiac-death\/#primaryimage\"},\"thumbnailUrl\":\"https:\/\/cdn-endpoint-mrd.azureedge.net\/myrhythmdevice\/2023\/04\/cpr3-shutterstock_657810997-resized-1024x683.jpg\",\"datePublished\":\"2023-08-23T15:15:48+00:00\",\"description\":\"La rianimazione cardiopolmonare (Cardiopulmonary Resuscitation, RCP) \u00e8 una manovra di primo soccorso che, se utilizzata correttamente e in modo tempestivo, pu\u00f2 salvare la vita in caso di arresto cardiaco.\",\"breadcrumb\":{\"@id\":\"https:\/\/www.myrhythmdevice.org\/sudden-cardiac-death-scd\/addressing-sudden-cardiac-death\/#breadcrumb\"},\"inLanguage\":\"it-IT\",\"potentialAction\":[{\"@type\":\"ReadAction\",\"target\":[\"https:\/\/www.myrhythmdevice.org\/sudden-cardiac-death-scd\/addressing-sudden-cardiac-death\/\"]}]},{\"@type\":\"ImageObject\",\"inLanguage\":\"it-IT\",\"@id\":\"https:\/\/www.myrhythmdevice.org\/sudden-cardiac-death-scd\/addressing-sudden-cardiac-death\/#primaryimage\",\"url\":\"https:\/\/cdn-endpoint-mrd.azureedge.net\/myrhythmdevice\/2023\/04\/cpr3-shutterstock_657810997-resized-1024x683.jpg\",\"contentUrl\":\"https:\/\/cdn-endpoint-mrd.azureedge.net\/myrhythmdevice\/2023\/04\/cpr3-shutterstock_657810997-resized-1024x683.jpg\"},{\"@type\":\"BreadcrumbList\",\"@id\":\"https:\/\/www.myrhythmdevice.org\/sudden-cardiac-death-scd\/addressing-sudden-cardiac-death\/#breadcrumb\",\"itemListElement\":[{\"@type\":\"ListItem\",\"position\":1,\"name\":\"Home\",\"item\":\"https:\/\/www.myrhythmdevice.org\/it\/\"},{\"@type\":\"ListItem\",\"position\":2,\"name\":\"Morte cardiaca improvvisa (SCD) | My Rhythm Device\",\"item\":\"https:\/\/www.myrhythmdevice.org\/sudden-cardiac-death-scd\/\"},{\"@type\":\"ListItem\",\"position\":3,\"name\":\"Fronteggiare la morte cardiaca improvvisa\"}]},{\"@type\":\"WebSite\",\"@id\":\"https:\/\/www.myrhythmdevice.org\/#website\",\"url\":\"https:\/\/www.myrhythmdevice.org\/\",\"name\":\"myrhythmdevice.org\",\"description\":\"The website for patients with implanted cardiac devices, their caregivers and families.\",\"publisher\":{\"@id\":\"https:\/\/www.myrhythmdevice.org\/#organization\"},\"potentialAction\":[{\"@type\":\"SearchAction\",\"target\":{\"@type\":\"EntryPoint\",\"urlTemplate\":\"https:\/\/www.myrhythmdevice.org\/?s={search_term_string}\"},\"query-input\":{\"@type\":\"PropertyValueSpecification\",\"valueRequired\":true,\"valueName\":\"search_term_string\"}}],\"inLanguage\":\"it-IT\"},{\"@type\":\"Organization\",\"@id\":\"https:\/\/www.myrhythmdevice.org\/#organization\",\"name\":\"myrhythmdevice.org\",\"url\":\"https:\/\/www.myrhythmdevice.org\/\",\"logo\":{\"@type\":\"ImageObject\",\"inLanguage\":\"it-IT\",\"@id\":\"https:\/\/www.myrhythmdevice.org\/#\/schema\/logo\/image\/\",\"url\":\"https:\/\/cdn-endpoint-mrd.azureedge.net\/myrhythmdevice\/2022\/02\/LOGO-MRD.jpg\",\"contentUrl\":\"https:\/\/cdn-endpoint-mrd.azureedge.net\/myrhythmdevice\/2022\/02\/LOGO-MRD.jpg\",\"width\":1478,\"height\":326,\"caption\":\"myrhythmdevice.org\"},\"image\":{\"@id\":\"https:\/\/www.myrhythmdevice.org\/#\/schema\/logo\/image\/\"}}]}<\/script>\n<!-- \/ Yoast SEO plugin. -->","yoast_head_json":{"title":"Come fronteggiare la morte cardiaca improvvisa | My Rhythm Device","description":"La rianimazione cardiopolmonare (Cardiopulmonary Resuscitation, RCP) \u00e8 una manovra di primo soccorso che, se utilizzata correttamente e in modo tempestivo, pu\u00f2 salvare la vita in caso di arresto cardiaco.","robots":{"index":"index","follow":"follow","max-snippet":"max-snippet:-1","max-image-preview":"max-image-preview:large","max-video-preview":"max-video-preview:-1"},"canonical":"https:\/\/www.myrhythmdevice.org\/sudden-cardiac-death-scd\/addressing-sudden-cardiac-death\/","og_locale":"it_IT","og_type":"article","og_title":"Come fronteggiare la morte cardiaca improvvisa | My Rhythm Device","og_description":"La rianimazione cardiopolmonare (Cardiopulmonary Resuscitation, RCP) \u00e8 una manovra di primo soccorso che, se utilizzata correttamente e in modo tempestivo, pu\u00f2 salvare la vita in caso di arresto cardiaco.","og_url":"https:\/\/www.myrhythmdevice.org\/sudden-cardiac-death-scd\/addressing-sudden-cardiac-death\/","og_site_name":"myrhythmdevice.org","og_image":[{"url":"https:\/\/cdn-endpoint-mrd.azureedge.net\/myrhythmdevice\/2023\/04\/cpr3-shutterstock_657810997-resized-1024x683.jpg","type":"","width":"","height":""}],"twitter_card":"summary_large_image","twitter_misc":{"Tempo di lettura stimato":"3 minuti"},"schema":{"@context":"https:\/\/schema.org","@graph":[{"@type":"WebPage","@id":"https:\/\/www.myrhythmdevice.org\/sudden-cardiac-death-scd\/addressing-sudden-cardiac-death\/","url":"https:\/\/www.myrhythmdevice.org\/sudden-cardiac-death-scd\/addressing-sudden-cardiac-death\/","name":"Come fronteggiare la morte cardiaca improvvisa | My Rhythm Device","isPartOf":{"@id":"https:\/\/www.myrhythmdevice.org\/#website"},"primaryImageOfPage":{"@id":"https:\/\/www.myrhythmdevice.org\/sudden-cardiac-death-scd\/addressing-sudden-cardiac-death\/#primaryimage"},"image":{"@id":"https:\/\/www.myrhythmdevice.org\/sudden-cardiac-death-scd\/addressing-sudden-cardiac-death\/#primaryimage"},"thumbnailUrl":"https:\/\/cdn-endpoint-mrd.azureedge.net\/myrhythmdevice\/2023\/04\/cpr3-shutterstock_657810997-resized-1024x683.jpg","datePublished":"2023-08-23T15:15:48+00:00","description":"La rianimazione cardiopolmonare (Cardiopulmonary Resuscitation, RCP) \u00e8 una manovra di primo soccorso che, se utilizzata correttamente e in modo tempestivo, pu\u00f2 salvare la vita in caso di arresto cardiaco.","breadcrumb":{"@id":"https:\/\/www.myrhythmdevice.org\/sudden-cardiac-death-scd\/addressing-sudden-cardiac-death\/#breadcrumb"},"inLanguage":"it-IT","potentialAction":[{"@type":"ReadAction","target":["https:\/\/www.myrhythmdevice.org\/sudden-cardiac-death-scd\/addressing-sudden-cardiac-death\/"]}]},{"@type":"ImageObject","inLanguage":"it-IT","@id":"https:\/\/www.myrhythmdevice.org\/sudden-cardiac-death-scd\/addressing-sudden-cardiac-death\/#primaryimage","url":"https:\/\/cdn-endpoint-mrd.azureedge.net\/myrhythmdevice\/2023\/04\/cpr3-shutterstock_657810997-resized-1024x683.jpg","contentUrl":"https:\/\/cdn-endpoint-mrd.azureedge.net\/myrhythmdevice\/2023\/04\/cpr3-shutterstock_657810997-resized-1024x683.jpg"},{"@type":"BreadcrumbList","@id":"https:\/\/www.myrhythmdevice.org\/sudden-cardiac-death-scd\/addressing-sudden-cardiac-death\/#breadcrumb","itemListElement":[{"@type":"ListItem","position":1,"name":"Home","item":"https:\/\/www.myrhythmdevice.org\/it\/"},{"@type":"ListItem","position":2,"name":"Morte cardiaca improvvisa (SCD) | My Rhythm Device","item":"https:\/\/www.myrhythmdevice.org\/sudden-cardiac-death-scd\/"},{"@type":"ListItem","position":3,"name":"Fronteggiare la morte cardiaca improvvisa"}]},{"@type":"WebSite","@id":"https:\/\/www.myrhythmdevice.org\/#website","url":"https:\/\/www.myrhythmdevice.org\/","name":"myrhythmdevice.org","description":"The website for patients with implanted cardiac devices, their caregivers and families.","publisher":{"@id":"https:\/\/www.myrhythmdevice.org\/#organization"},"potentialAction":[{"@type":"SearchAction","target":{"@type":"EntryPoint","urlTemplate":"https:\/\/www.myrhythmdevice.org\/?s={search_term_string}"},"query-input":{"@type":"PropertyValueSpecification","valueRequired":true,"valueName":"search_term_string"}}],"inLanguage":"it-IT"},{"@type":"Organization","@id":"https:\/\/www.myrhythmdevice.org\/#organization","name":"myrhythmdevice.org","url":"https:\/\/www.myrhythmdevice.org\/","logo":{"@type":"ImageObject","inLanguage":"it-IT","@id":"https:\/\/www.myrhythmdevice.org\/#\/schema\/logo\/image\/","url":"https:\/\/cdn-endpoint-mrd.azureedge.net\/myrhythmdevice\/2022\/02\/LOGO-MRD.jpg","contentUrl":"https:\/\/cdn-endpoint-mrd.azureedge.net\/myrhythmdevice\/2022\/02\/LOGO-MRD.jpg","width":1478,"height":326,"caption":"myrhythmdevice.org"},"image":{"@id":"https:\/\/www.myrhythmdevice.org\/#\/schema\/logo\/image\/"}}]}},"_links":{"self":[{"href":"https:\/\/www.myrhythmdevice.org\/it\/wp-json\/wp\/v2\/pages\/1029","targetHints":{"allow":["GET"]}}],"collection":[{"href":"https:\/\/www.myrhythmdevice.org\/it\/wp-json\/wp\/v2\/pages"}],"about":[{"href":"https:\/\/www.myrhythmdevice.org\/it\/wp-json\/wp\/v2\/types\/page"}],"author":[{"embeddable":true,"href":"https:\/\/www.myrhythmdevice.org\/it\/wp-json\/wp\/v2\/users\/1"}],"replies":[{"embeddable":true,"href":"https:\/\/www.myrhythmdevice.org\/it\/wp-json\/wp\/v2\/comments?post=1029"}],"version-history":[{"count":0,"href":"https:\/\/www.myrhythmdevice.org\/it\/wp-json\/wp\/v2\/pages\/1029\/revisions"}],"up":[{"embeddable":true,"href":"https:\/\/www.myrhythmdevice.org\/it\/wp-json\/wp\/v2\/pages\/1028"}],"wp:attachment":[{"href":"https:\/\/www.myrhythmdevice.org\/it\/wp-json\/wp\/v2\/media?parent=1029"}],"wp:term":[{"taxonomy":"category","embeddable":true,"href":"https:\/\/www.myrhythmdevice.org\/it\/wp-json\/wp\/v2\/categories?post=1029"},{"taxonomy":"post_tag","embeddable":true,"href":"https:\/\/www.myrhythmdevice.org\/it\/wp-json\/wp\/v2\/tags?post=1029"}],"curies":[{"name":"wp","href":"https:\/\/api.w.org\/{rel}","templated":true}]}}