{"id":1027,"date":"2023-08-23T16:15:46","date_gmt":"2023-08-23T15:15:46","guid":{"rendered":"https:\/\/www.myrhythmdevice.org\/dichiarazione-dintenti-e-condizioni-duso\/"},"modified":"2025-06-26T13:41:17","modified_gmt":"2025-06-26T12:41:17","slug":"dichiarazione-dintenti-e-condizioni-duso","status":"publish","type":"page","link":"https:\/\/www.myrhythmdevice.org\/it\/dichiarazione-dintenti-e-condizioni-duso\/","title":{"rendered":"Dichiarazione d&#8217;intenti e Condizioni d&#8217;uso"},"content":{"rendered":"<h3>Mission del sito:<\/h3>\n<p>Contribuire a migliorare la qualit\u00e0 della vita e la salute dei pazienti portatori di dispositivi cardiaci.<\/p>\n<p>Aiutare i pazienti, familiari e caregiver ad avere una comprensione migliore della loro patologia e del dispositivo cardiaco. Tutte le raccomandazioni contenute in questo sito sono conformi alle Linee guida europee <a href=\"https:\/\/www.escardio.org\/Guidelines\/Clinical-Practice-Guidelines\/Cardiac-Pacing-and-Cardiac-Resynchronization-Therapy\" target=\"_blank\" rel=\"noopener\">(vedi qui le Linee guida della European Society of Cardiology sul pacing cardiaco e la terapia di risincronizzazione cardiaca).<\/a><\/p>\n<h4>1.Condizioni d&#8217;uso<\/h4>\n<p>Il sito web myrhythmdevice.org \u00e8 stato sviluppato sotto la direzione della European Heart Rhythm Association affiliata alla European Society of Cardiology (EHRA dell&#8217;ESC). La European Heart Rhythm Association affiliata all&#8217;ESC \u00e8 una sezione registrata della European Society of Cardiology (ESC). L&#8217;accesso e l&#8217;utilizzo di questo sito web sono forniti dall&#8217;ESC in base alle seguenti condizioni d&#8217;uso:<\/p>\n<p>1. L&#8217;utilizzo di questo sito web da parte dell&#8217;utente costituisce l&#8217;accettazione delle presenti Condizioni d&#8217;uso alla data del primo utilizzo del sito.<\/p>\n<p>2. L&#8217;ESC si riserva il diritto di modificare le presenti Condizioni d&#8217;uso in qualsiasi momento pubblicando le modifiche online. L&#8217;utilizzo continuato del sito web dopo le modifiche apportate costituisce l&#8217;accettazione del presente accordo modificato.<\/p>\n<p>3. L&#8217;utente accetta di utilizzare questo sito web solo per scopi leciti e in modo da non violare i diritti o limitare o inibire l&#8217;uso e il godimento del sito da parte di terzi.<\/p>\n<h4>2.Dichiarazione di non responsabilit\u00e0<\/h4>\n<p>1. In nessun caso ESC sar\u00e0 responsabile nei confronti dell&#8217;utente o di chiunque altro per qualsiasi decisione presa o azione intrapresa sulla base delle informazioni contenute o fornite attraverso l&#8217;uso di questo sito web, n\u00e9 per qualsiasi danno incidentale, indiretto, speciale o consequenziale.<\/p>\n<p>2. Le informazioni contenute in questo sito web sono destinate a integrare il supporto e le cure fornite da professionisti medici qualificati. Il presente sito web non \u00e8 inteso o sottinteso come un sostituto della consulenza medica professionale o dell&#8217;assistenza medica. Prima di iniziare (o interrompere) qualsiasi tipo di trattamento medico, \u00e8 sempre necessario chiedere il parere di un medico. A tal fine, tutte le informazioni contenute nel sito web sono fornite a scopo esclusivamente formativo.<\/p>\n<p>3. Pur avendo adottato tutte le precauzioni necessarie per la realizzazione di questo sito web, l&#8217;ESC non \u00e8 in grado di controllare tutte le informazioni per determinarne veridicit\u00e0, accuratezza, affidabilit\u00e0, completezza o pertinenza. In nessun caso ESC sar\u00e0 responsabile di eventuali danni, compresi, senza limitazioni, i danni indiretti o consequenziali, o di eventuali danni o perdite di profitti di qualsiasi tipo derivanti dall&#8217;uso o in relazione a tale uso o alla perdita di utilizzo del sito, sia per contratto sia per negligenza.<\/p>\n<p>4. In nessun caso ESC, il personale affiliato o i collaboratori del sito web saranno responsabili nei confronti del visitatore del sito o di qualsiasi altra persona o ente per qualsiasi decisione presa o agita in seguito all&#8217;affidamento sulle informazioni contenute nel sito web. L&#8217;utente accetta che n\u00e9 ESC n\u00e9 il personale affiliato o i collaboratori del sito web saranno responsabili di eventuali danni (inclusi, senza alcuna limitazione, danni diretti, indiretti, incidentali, speciali o consequenziali), o della perdita di dati o di profitti, anche se l&#8217;EHRA dell&#8217;ESC o il personale affiliato o i collaboratori del sito web sono stati avvisati della possibilit\u00e0 di tali perdite.<\/p>\n<p>5. ESC non garantisce che le funzioni tecniche contenute nel materiale di questo sito web saranno prive di interruzioni o errori, che i difetti vengano corretti, oppure che questo sito web o il server che lo rende disponibile siano privi di virus o bug o rappresentino la piena funzionalit\u00e0, accuratezza e affidabilit\u00e0 dei materiali.<\/p>\n<h4>3. Limitazioni del copyright<\/h4>\n<p>1. Il sito web myrhythmdevice.org \u00e8 di propriet\u00e0 della European Society of Cardiology (ESC). L&#8217;utilizzo a fini commerciali o la pubblicazione di tutti o di alcuni elementi visualizzati \u00e8 severamente vietato salvo previa autorizzazione scritta da parte dell&#8217;ESC.<\/p>\n<p>I documenti di questo sito web possono essere copiati per uso personale e non commerciale solo a condizione che vengano copiati anche i diritti d&#8217;autore e le indicazioni della fonte, che non vengano apportate modifiche e che il documento venga copiato nella sua interezza. Tuttavia, alcuni documenti e alcune foto sono stati pubblicati su questo sito con l&#8217;autorizzazione dei rispettivi titolari del copyright (terzi all&#8217;ESC). Su tali documenti tutti i diritti sono riservati e l&#8217;autorizzazione a copiarli deve essere richiesta ai titolari del copyright (le fonti sono indicate all&#8217;interno dei citati documenti\/fotografie).<\/p>\n<p>2. Qualsiasi utilizzo non approvato pu\u00f2 comportare azioni da parte dell&#8217;ESC per richiedere la rimozione del materiale in questione dall&#8217;essere pubblicato\/distribuito ed eventuali azioni legali.<\/p>\n<p>3. Il sito web contiene link a siti web gestiti da soggetti diversi dall&#8217;ESC. Questi link vengono forniti solo per comodit\u00e0 dell&#8217;utente. ESC non controlla tali siti web, n\u00e9 \u00e8 responsabile del loro contenuto. L&#8217;inclusione di link a tali siti web da parte dell&#8217;ESC non implica alcuna approvazione del materiale in essi contenuto n\u00e9 alcuna associazione con i relativi gestori. L&#8217;utente \u00e8 l&#8217;unico responsabile della valutazione dell&#8217;accuratezza e della completezza delle informazioni contenute nei siti web di terzi, nonch\u00e9 del valore e dell&#8217;integrit\u00e0 dei beni e dei servizi offerti da tali siti.<\/p>\n<p>Qualora le presenti Condizioni d&#8217;uso non vengano accettate integralmente, l&#8217;utilizzo di questo sito deve essere interrotto immediatamente.<\/p>\n","protected":false},"excerpt":{"rendered":"<p>Mission del sito: Contribuire a migliorare la qualit\u00e0 della vita e la salute dei pazienti portatori di dispositivi cardiaci. Aiutare i pazienti, familiari e caregiver ad avere una comprensione migliore della loro patologia e del dispositivo cardiaco. Tutte le raccomandazioni contenute in questo sito sono conformi alle Linee guida europee (vedi qui le Linee guida [&hellip;]<\/p>\n","protected":false},"author":1,"featured_media":941,"parent":0,"menu_order":0,"comment_status":"closed","ping_status":"closed","template":"templates\/page-full.php","meta":{"_acf_changed":false,"footnotes":""},"categories":[],"tags":[],"class_list":["post-1027","page","type-page","status-publish","has-post-thumbnail","hentry"],"acf":[],"yoast_head":"<!-- This site is optimized with the Yoast SEO plugin v25.3.1 - https:\/\/yoast.com\/wordpress\/plugins\/seo\/ -->\n<title>Dichiarazione d&#039;intenti e Condizioni d&#039;uso | My Rhythm Device<\/title>\n<meta name=\"description\" content=\"La missione di questo sito \u00e8 contribuire a migliorare la qualit\u00e0 della vita e la salute dei pazienti portatori di dispositivi cardiaci.\" \/>\n<meta name=\"robots\" content=\"index, follow, max-snippet:-1, max-image-preview:large, max-video-preview:-1\" \/>\n<link rel=\"canonical\" href=\"https:\/\/www.myrhythmdevice.org\/it\/dichiarazione-dintenti-e-condizioni-duso\/\" \/>\n<meta property=\"og:locale\" content=\"it_IT\" \/>\n<meta property=\"og:type\" content=\"article\" \/>\n<meta property=\"og:title\" content=\"Dichiarazione d&#039;intenti e Condizioni d&#039;uso | My Rhythm Device\" \/>\n<meta property=\"og:description\" content=\"La missione di questo sito \u00e8 contribuire a migliorare la qualit\u00e0 della vita e la salute dei pazienti portatori di dispositivi cardiaci.\" \/>\n<meta property=\"og:url\" content=\"https:\/\/www.myrhythmdevice.org\/it\/dichiarazione-dintenti-e-condizioni-duso\/\" \/>\n<meta property=\"og:site_name\" content=\"myrhythmdevice.org\" \/>\n<meta property=\"article:modified_time\" content=\"2025-06-26T12:41:17+00:00\" \/>\n<meta property=\"og:image\" content=\"https:\/\/www.myrhythmdevice.org\/wp-content\/uploads\/2022\/02\/shutterstock_1308875899-1-min.jpg\" \/>\n\t<meta property=\"og:image:width\" content=\"900\" \/>\n\t<meta property=\"og:image:height\" content=\"600\" \/>\n\t<meta property=\"og:image:type\" content=\"image\/jpeg\" \/>\n<meta name=\"twitter:card\" content=\"summary_large_image\" \/>\n<meta name=\"twitter:label1\" content=\"Tempo di lettura stimato\" \/>\n\t<meta name=\"twitter:data1\" content=\"4 minuti\" \/>\n<script type=\"application\/ld+json\" class=\"yoast-schema-graph\">{\"@context\":\"https:\/\/schema.org\",\"@graph\":[{\"@type\":\"WebPage\",\"@id\":\"https:\/\/www.myrhythmdevice.org\/it\/dichiarazione-dintenti-e-condizioni-duso\/\",\"url\":\"https:\/\/www.myrhythmdevice.org\/it\/dichiarazione-dintenti-e-condizioni-duso\/\",\"name\":\"Dichiarazione d'intenti e Condizioni d'uso | My Rhythm Device\",\"isPartOf\":{\"@id\":\"https:\/\/www.myrhythmdevice.org\/#website\"},\"primaryImageOfPage\":{\"@id\":\"https:\/\/www.myrhythmdevice.org\/it\/dichiarazione-dintenti-e-condizioni-duso\/#primaryimage\"},\"image\":{\"@id\":\"https:\/\/www.myrhythmdevice.org\/it\/dichiarazione-dintenti-e-condizioni-duso\/#primaryimage\"},\"thumbnailUrl\":\"https:\/\/www.myrhythmdevice.org\/wp-content\/uploads\/2022\/02\/shutterstock_1308875899-1-min.jpg\",\"datePublished\":\"2023-08-23T15:15:46+00:00\",\"dateModified\":\"2025-06-26T12:41:17+00:00\",\"description\":\"La missione di questo sito \u00e8 contribuire a migliorare la qualit\u00e0 della vita e la salute dei pazienti portatori di dispositivi cardiaci.\",\"breadcrumb\":{\"@id\":\"https:\/\/www.myrhythmdevice.org\/it\/dichiarazione-dintenti-e-condizioni-duso\/#breadcrumb\"},\"inLanguage\":\"it-IT\",\"potentialAction\":[{\"@type\":\"ReadAction\",\"target\":[\"https:\/\/www.myrhythmdevice.org\/it\/dichiarazione-dintenti-e-condizioni-duso\/\"]}]},{\"@type\":\"ImageObject\",\"inLanguage\":\"it-IT\",\"@id\":\"https:\/\/www.myrhythmdevice.org\/it\/dichiarazione-dintenti-e-condizioni-duso\/#primaryimage\",\"url\":\"https:\/\/www.myrhythmdevice.org\/wp-content\/uploads\/2022\/02\/shutterstock_1308875899-1-min.jpg\",\"contentUrl\":\"https:\/\/www.myrhythmdevice.org\/wp-content\/uploads\/2022\/02\/shutterstock_1308875899-1-min.jpg\",\"width\":900,\"height\":600},{\"@type\":\"BreadcrumbList\",\"@id\":\"https:\/\/www.myrhythmdevice.org\/it\/dichiarazione-dintenti-e-condizioni-duso\/#breadcrumb\",\"itemListElement\":[{\"@type\":\"ListItem\",\"position\":1,\"name\":\"Home\",\"item\":\"https:\/\/www.myrhythmdevice.org\/it\/\"},{\"@type\":\"ListItem\",\"position\":2,\"name\":\"Dichiarazione d&#8217;intenti e Condizioni d&#8217;uso\"}]},{\"@type\":\"WebSite\",\"@id\":\"https:\/\/www.myrhythmdevice.org\/#website\",\"url\":\"https:\/\/www.myrhythmdevice.org\/\",\"name\":\"myrhythmdevice.org\",\"description\":\"The website for patients with implanted cardiac devices, their caregivers and families.\",\"publisher\":{\"@id\":\"https:\/\/www.myrhythmdevice.org\/#organization\"},\"potentialAction\":[{\"@type\":\"SearchAction\",\"target\":{\"@type\":\"EntryPoint\",\"urlTemplate\":\"https:\/\/www.myrhythmdevice.org\/?s={search_term_string}\"},\"query-input\":{\"@type\":\"PropertyValueSpecification\",\"valueRequired\":true,\"valueName\":\"search_term_string\"}}],\"inLanguage\":\"it-IT\"},{\"@type\":\"Organization\",\"@id\":\"https:\/\/www.myrhythmdevice.org\/#organization\",\"name\":\"myrhythmdevice.org\",\"url\":\"https:\/\/www.myrhythmdevice.org\/\",\"logo\":{\"@type\":\"ImageObject\",\"inLanguage\":\"it-IT\",\"@id\":\"https:\/\/www.myrhythmdevice.org\/#\/schema\/logo\/image\/\",\"url\":\"https:\/\/cdn-endpoint-mrd.azureedge.net\/myrhythmdevice\/2022\/02\/LOGO-MRD.jpg\",\"contentUrl\":\"https:\/\/cdn-endpoint-mrd.azureedge.net\/myrhythmdevice\/2022\/02\/LOGO-MRD.jpg\",\"width\":1478,\"height\":326,\"caption\":\"myrhythmdevice.org\"},\"image\":{\"@id\":\"https:\/\/www.myrhythmdevice.org\/#\/schema\/logo\/image\/\"}}]}<\/script>\n<!-- \/ Yoast SEO plugin. -->","yoast_head_json":{"title":"Dichiarazione d'intenti e Condizioni d'uso | My Rhythm Device","description":"La missione di questo sito \u00e8 contribuire a migliorare la qualit\u00e0 della vita e la salute dei pazienti portatori di dispositivi cardiaci.","robots":{"index":"index","follow":"follow","max-snippet":"max-snippet:-1","max-image-preview":"max-image-preview:large","max-video-preview":"max-video-preview:-1"},"canonical":"https:\/\/www.myrhythmdevice.org\/it\/dichiarazione-dintenti-e-condizioni-duso\/","og_locale":"it_IT","og_type":"article","og_title":"Dichiarazione d'intenti e Condizioni d'uso | My Rhythm Device","og_description":"La missione di questo sito \u00e8 contribuire a migliorare la qualit\u00e0 della vita e la salute dei pazienti portatori di dispositivi cardiaci.","og_url":"https:\/\/www.myrhythmdevice.org\/it\/dichiarazione-dintenti-e-condizioni-duso\/","og_site_name":"myrhythmdevice.org","article_modified_time":"2025-06-26T12:41:17+00:00","og_image":[{"width":900,"height":600,"url":"https:\/\/www.myrhythmdevice.org\/wp-content\/uploads\/2022\/02\/shutterstock_1308875899-1-min.jpg","type":"image\/jpeg"}],"twitter_card":"summary_large_image","twitter_misc":{"Tempo di lettura stimato":"4 minuti"},"schema":{"@context":"https:\/\/schema.org","@graph":[{"@type":"WebPage","@id":"https:\/\/www.myrhythmdevice.org\/it\/dichiarazione-dintenti-e-condizioni-duso\/","url":"https:\/\/www.myrhythmdevice.org\/it\/dichiarazione-dintenti-e-condizioni-duso\/","name":"Dichiarazione d'intenti e Condizioni d'uso | My Rhythm Device","isPartOf":{"@id":"https:\/\/www.myrhythmdevice.org\/#website"},"primaryImageOfPage":{"@id":"https:\/\/www.myrhythmdevice.org\/it\/dichiarazione-dintenti-e-condizioni-duso\/#primaryimage"},"image":{"@id":"https:\/\/www.myrhythmdevice.org\/it\/dichiarazione-dintenti-e-condizioni-duso\/#primaryimage"},"thumbnailUrl":"https:\/\/www.myrhythmdevice.org\/wp-content\/uploads\/2022\/02\/shutterstock_1308875899-1-min.jpg","datePublished":"2023-08-23T15:15:46+00:00","dateModified":"2025-06-26T12:41:17+00:00","description":"La missione di questo sito \u00e8 contribuire a migliorare la qualit\u00e0 della vita e la salute dei pazienti portatori di dispositivi cardiaci.","breadcrumb":{"@id":"https:\/\/www.myrhythmdevice.org\/it\/dichiarazione-dintenti-e-condizioni-duso\/#breadcrumb"},"inLanguage":"it-IT","potentialAction":[{"@type":"ReadAction","target":["https:\/\/www.myrhythmdevice.org\/it\/dichiarazione-dintenti-e-condizioni-duso\/"]}]},{"@type":"ImageObject","inLanguage":"it-IT","@id":"https:\/\/www.myrhythmdevice.org\/it\/dichiarazione-dintenti-e-condizioni-duso\/#primaryimage","url":"https:\/\/www.myrhythmdevice.org\/wp-content\/uploads\/2022\/02\/shutterstock_1308875899-1-min.jpg","contentUrl":"https:\/\/www.myrhythmdevice.org\/wp-content\/uploads\/2022\/02\/shutterstock_1308875899-1-min.jpg","width":900,"height":600},{"@type":"BreadcrumbList","@id":"https:\/\/www.myrhythmdevice.org\/it\/dichiarazione-dintenti-e-condizioni-duso\/#breadcrumb","itemListElement":[{"@type":"ListItem","position":1,"name":"Home","item":"https:\/\/www.myrhythmdevice.org\/it\/"},{"@type":"ListItem","position":2,"name":"Dichiarazione d&#8217;intenti e Condizioni d&#8217;uso"}]},{"@type":"WebSite","@id":"https:\/\/www.myrhythmdevice.org\/#website","url":"https:\/\/www.myrhythmdevice.org\/","name":"myrhythmdevice.org","description":"The website for patients with implanted cardiac devices, their caregivers and families.","publisher":{"@id":"https:\/\/www.myrhythmdevice.org\/#organization"},"potentialAction":[{"@type":"SearchAction","target":{"@type":"EntryPoint","urlTemplate":"https:\/\/www.myrhythmdevice.org\/?s={search_term_string}"},"query-input":{"@type":"PropertyValueSpecification","valueRequired":true,"valueName":"search_term_string"}}],"inLanguage":"it-IT"},{"@type":"Organization","@id":"https:\/\/www.myrhythmdevice.org\/#organization","name":"myrhythmdevice.org","url":"https:\/\/www.myrhythmdevice.org\/","logo":{"@type":"ImageObject","inLanguage":"it-IT","@id":"https:\/\/www.myrhythmdevice.org\/#\/schema\/logo\/image\/","url":"https:\/\/cdn-endpoint-mrd.azureedge.net\/myrhythmdevice\/2022\/02\/LOGO-MRD.jpg","contentUrl":"https:\/\/cdn-endpoint-mrd.azureedge.net\/myrhythmdevice\/2022\/02\/LOGO-MRD.jpg","width":1478,"height":326,"caption":"myrhythmdevice.org"},"image":{"@id":"https:\/\/www.myrhythmdevice.org\/#\/schema\/logo\/image\/"}}]}},"_links":{"self":[{"href":"https:\/\/www.myrhythmdevice.org\/it\/wp-json\/wp\/v2\/pages\/1027","targetHints":{"allow":["GET"]}}],"collection":[{"href":"https:\/\/www.myrhythmdevice.org\/it\/wp-json\/wp\/v2\/pages"}],"about":[{"href":"https:\/\/www.myrhythmdevice.org\/it\/wp-json\/wp\/v2\/types\/page"}],"author":[{"embeddable":true,"href":"https:\/\/www.myrhythmdevice.org\/it\/wp-json\/wp\/v2\/users\/1"}],"replies":[{"embeddable":true,"href":"https:\/\/www.myrhythmdevice.org\/it\/wp-json\/wp\/v2\/comments?post=1027"}],"version-history":[{"count":1,"href":"https:\/\/www.myrhythmdevice.org\/it\/wp-json\/wp\/v2\/pages\/1027\/revisions"}],"predecessor-version":[{"id":1236,"href":"https:\/\/www.myrhythmdevice.org\/it\/wp-json\/wp\/v2\/pages\/1027\/revisions\/1236"}],"wp:featuredmedia":[{"embeddable":true,"href":"https:\/\/www.myrhythmdevice.org\/it\/wp-json\/wp\/v2\/media\/941"}],"wp:attachment":[{"href":"https:\/\/www.myrhythmdevice.org\/it\/wp-json\/wp\/v2\/media?parent=1027"}],"wp:term":[{"taxonomy":"category","embeddable":true,"href":"https:\/\/www.myrhythmdevice.org\/it\/wp-json\/wp\/v2\/categories?post=1027"},{"taxonomy":"post_tag","embeddable":true,"href":"https:\/\/www.myrhythmdevice.org\/it\/wp-json\/wp\/v2\/tags?post=1027"}],"curies":[{"name":"wp","href":"https:\/\/api.w.org\/{rel}","templated":true}]}}