{"id":1025,"date":"2023-08-23T16:15:46","date_gmt":"2023-08-23T15:15:46","guid":{"rendered":"https:\/\/www.myrhythmdevice.org\/vivere-con-un-dispositivo-cardiaco\/benessere-mentale\/"},"modified":"2025-06-26T14:24:47","modified_gmt":"2025-06-26T13:24:47","slug":"benessere-mentale","status":"publish","type":"page","link":"https:\/\/www.myrhythmdevice.org\/it\/vivere-con-un-dispositivo-cardiaco\/benessere-mentale\/","title":{"rendered":"Benessere mentale"},"content":{"rendered":"<p><img loading=\"lazy\" decoding=\"async\" class=\"aligncenter wp-image-205\" src=\"https:\/\/cdn-endpoint-mrd.azureedge.net\/myrhythmdevice\/2022\/02\/shutterstock_549090334-1-min.jpg\" alt=\"\" width=\"500\" height=\"333\" srcset=\"https:\/\/cdn-endpoint-mrd.azureedge.net\/myrhythmdevice\/2022\/02\/shutterstock_549090334-1-min.jpg 900w, https:\/\/www.myrhythmdevice.org\/wp-content\/uploads\/2022\/02\/shutterstock_549090334-1-min-300x200.jpg 300w, https:\/\/www.myrhythmdevice.org\/wp-content\/uploads\/2022\/02\/shutterstock_549090334-1-min-768x512.jpg 768w, https:\/\/www.myrhythmdevice.org\/wp-content\/uploads\/2022\/02\/shutterstock_549090334-1-min-600x400.jpg 600w\" sizes=\"auto, (max-width: 500px) 100vw, 500px\" \/><\/p>\n<h3>Paura delle scosse<\/h3>\n<p>Gli ICD vengono utilizzati per prevenire la morte cardiaca improvvisa attraverso l&#8217;erogazione di una scarica elettrica. Pertanto, la generazione di una scarica elettrica dovrebbe essere un evento salvavita. Tuttavia, ricevere una piccola quantit\u00e0 di scosse da ICD \u00e8 inappropriato. Ci\u00f2 pu\u00f2 verificarsi in caso di malfunzionamento dell&#8217;elettrocatetere o di aritmie non pericolose per la vita. Entrambe le tipologie di scosse, appropriate o meno, possono rappresentare un carico gravoso e indurre timori. \u00c8 importante parlare dei propri timori con il medico. Pu\u00f2 aiutare a riacquistare fiducia nel dispositivo e assicurare la riprogrammazione della terapia, se necessario (ad esempio, il trattamento dell&#8217;aritmia) o del funzionamento del dispositivo (ad esempio, riprogrammando il dispositivo o verificando la funzionalit\u00e0 dell&#8217;elettrocatetere).<\/p>\n<h3>Trauma a seguito di una tempesta da Tachicardia Ventricolare o malfunzionamento del dispositivo con erogazione di pi\u00f9 scosse<\/h3>\n<p>Alcuni pazienti che sperimentano una serie di aritmie seguite da scosse o una serie di scosse inappropriate possono sentirsi traumatizzati. Si tratta di uno stato d&#8217;animo comprensibile, perch\u00e9 esperienze di questo tipo implicano il confronto con circostanze pericolose per la vita e i pazienti possono sentirsi impotenti e lasciati a s\u00e9 stessi. Questi eventi possono persino portare a un disturbo post traumatico da stress. Se ci si sente stressati da tali eventi, \u00e8 bene parlarne con il proprio medico. Il medico suggerir\u00e0 cosa si pu\u00f2 fare per affrontare meglio la situazione (consulenza, gruppi di sostegno, ecc.)<\/p>\n<h3>Trovare sostegno (psicologico e da parte di altri pazienti)<\/h3>\n<p>Esistono numerose offerte di aiuto per le situazioni di stress. In caso di disturbi post-traumatici, sarebbe bene chiedere il consulto di uno psichiatra professionista. Ma ci sono anche gruppi di pazienti che offrono sostegno tra pari per ogni tipo di situazione della vita quotidiana.<br \/>\n\u00c8 possibile chiedere al proprio medico il riferimento dei gruppi di pazienti locali con i quali entrare in contatto.<\/p>\n<p>Provate a parlare con qualcuno che vive la vostra stessa situazione. Cercate il contatto con altri pazienti. Spesso \u00e8 utile parlare con loro e condividere le proprie esperienze. Chiedete al vostro medico come mettervi in contatto con loro.<\/p>\n<h3>Utilizzo di antidepressivi<\/h3>\n<p>I pazienti portatori di ICD e\/o che soffrono di insufficienza cardiaca in particolare presentano spesso sintomi depressivi. Si tratta di una condizione che pu\u00f2 essere trattata da un medico specializzato. I farmaci antidepressivi possono aiutare alcuni pazienti che ne sono colpiti, ma devono essere usati con cautela a seconda della patologia cardiaca di base e del tipo di dispositivo impiantato. Potrebbero inoltre verificarsi interazioni con altri farmaci, dato che gli antidepressivi vanno spesso ad aggiungersi alla somministrazione di altri medicinali per il cuore. Pertanto, \u00e8 necessario informare tutti i medici curanti dell&#8217;elenco completo dei farmaci che si stanno assumendo. In questo modo \u00e8 possibile verificare eventuali interazioni tra farmaci e possibili controindicazioni.<\/p>\n","protected":false},"excerpt":{"rendered":"<p>Paura delle scosse Gli ICD vengono utilizzati per prevenire la morte cardiaca improvvisa attraverso l&#8217;erogazione di una scarica elettrica. Pertanto, la generazione di una scarica elettrica dovrebbe essere un evento salvavita. Tuttavia, ricevere una piccola quantit\u00e0 di scosse da ICD \u00e8 inappropriato. Ci\u00f2 pu\u00f2 verificarsi in caso di malfunzionamento dell&#8217;elettrocatetere o di aritmie non pericolose [&hellip;]<\/p>\n","protected":false},"author":1,"featured_media":931,"parent":1021,"menu_order":6,"comment_status":"closed","ping_status":"closed","template":"","meta":{"_acf_changed":false,"footnotes":""},"categories":[],"tags":[],"class_list":["post-1025","page","type-page","status-publish","has-post-thumbnail","hentry"],"acf":[],"yoast_head":"<!-- This site is optimized with the Yoast SEO plugin v25.3.1 - https:\/\/yoast.com\/wordpress\/plugins\/seo\/ -->\n<title>Benessere mentale | My Rhythm Device<\/title>\n<meta name=\"description\" content=\"Esistono numerose offerte di aiuto per le situazioni di stress. In caso di disturbi post-traumatici, sarebbe bene chiedere il consulto di uno psichiatra professionista.\" \/>\n<meta name=\"robots\" content=\"index, follow, max-snippet:-1, max-image-preview:large, max-video-preview:-1\" \/>\n<link rel=\"canonical\" href=\"https:\/\/www.myrhythmdevice.org\/it\/vivere-con-un-dispositivo-cardiaco\/benessere-mentale\/\" \/>\n<meta property=\"og:locale\" content=\"it_IT\" \/>\n<meta property=\"og:type\" content=\"article\" \/>\n<meta property=\"og:title\" content=\"Benessere mentale | My Rhythm Device\" \/>\n<meta property=\"og:description\" content=\"Esistono numerose offerte di aiuto per le situazioni di stress. In caso di disturbi post-traumatici, sarebbe bene chiedere il consulto di uno psichiatra professionista.\" \/>\n<meta property=\"og:url\" content=\"https:\/\/www.myrhythmdevice.org\/it\/vivere-con-un-dispositivo-cardiaco\/benessere-mentale\/\" \/>\n<meta property=\"og:site_name\" content=\"myrhythmdevice.org\" \/>\n<meta property=\"article:modified_time\" content=\"2025-06-26T13:24:47+00:00\" \/>\n<meta property=\"og:image\" content=\"https:\/\/www.myrhythmdevice.org\/wp-content\/uploads\/2022\/02\/shutterstock_549090334-1-min.jpg\" \/>\n\t<meta property=\"og:image:width\" content=\"900\" \/>\n\t<meta property=\"og:image:height\" content=\"600\" \/>\n\t<meta property=\"og:image:type\" content=\"image\/jpeg\" \/>\n<meta name=\"twitter:card\" content=\"summary_large_image\" \/>\n<meta name=\"twitter:label1\" content=\"Tempo di lettura stimato\" \/>\n\t<meta name=\"twitter:data1\" content=\"2 minuti\" \/>\n<script type=\"application\/ld+json\" class=\"yoast-schema-graph\">{\"@context\":\"https:\/\/schema.org\",\"@graph\":[{\"@type\":\"WebPage\",\"@id\":\"https:\/\/www.myrhythmdevice.org\/it\/vivere-con-un-dispositivo-cardiaco\/benessere-mentale\/\",\"url\":\"https:\/\/www.myrhythmdevice.org\/it\/vivere-con-un-dispositivo-cardiaco\/benessere-mentale\/\",\"name\":\"Benessere mentale | My Rhythm Device\",\"isPartOf\":{\"@id\":\"https:\/\/www.myrhythmdevice.org\/#website\"},\"primaryImageOfPage\":{\"@id\":\"https:\/\/www.myrhythmdevice.org\/it\/vivere-con-un-dispositivo-cardiaco\/benessere-mentale\/#primaryimage\"},\"image\":{\"@id\":\"https:\/\/www.myrhythmdevice.org\/it\/vivere-con-un-dispositivo-cardiaco\/benessere-mentale\/#primaryimage\"},\"thumbnailUrl\":\"https:\/\/www.myrhythmdevice.org\/wp-content\/uploads\/2022\/02\/shutterstock_549090334-1-min.jpg\",\"datePublished\":\"2023-08-23T15:15:46+00:00\",\"dateModified\":\"2025-06-26T13:24:47+00:00\",\"description\":\"Esistono numerose offerte di aiuto per le situazioni di stress. In caso di disturbi post-traumatici, sarebbe bene chiedere il consulto di uno psichiatra professionista.\",\"breadcrumb\":{\"@id\":\"https:\/\/www.myrhythmdevice.org\/it\/vivere-con-un-dispositivo-cardiaco\/benessere-mentale\/#breadcrumb\"},\"inLanguage\":\"it-IT\",\"potentialAction\":[{\"@type\":\"ReadAction\",\"target\":[\"https:\/\/www.myrhythmdevice.org\/it\/vivere-con-un-dispositivo-cardiaco\/benessere-mentale\/\"]}]},{\"@type\":\"ImageObject\",\"inLanguage\":\"it-IT\",\"@id\":\"https:\/\/www.myrhythmdevice.org\/it\/vivere-con-un-dispositivo-cardiaco\/benessere-mentale\/#primaryimage\",\"url\":\"https:\/\/www.myrhythmdevice.org\/wp-content\/uploads\/2022\/02\/shutterstock_549090334-1-min.jpg\",\"contentUrl\":\"https:\/\/www.myrhythmdevice.org\/wp-content\/uploads\/2022\/02\/shutterstock_549090334-1-min.jpg\",\"width\":900,\"height\":600},{\"@type\":\"BreadcrumbList\",\"@id\":\"https:\/\/www.myrhythmdevice.org\/it\/vivere-con-un-dispositivo-cardiaco\/benessere-mentale\/#breadcrumb\",\"itemListElement\":[{\"@type\":\"ListItem\",\"position\":1,\"name\":\"Home\",\"item\":\"https:\/\/www.myrhythmdevice.org\/it\/\"},{\"@type\":\"ListItem\",\"position\":2,\"name\":\"Vivere con un dispositivo cardiaco\",\"item\":\"https:\/\/www.myrhythmdevice.org\/it\/vivere-con-un-dispositivo-cardiaco\/\"},{\"@type\":\"ListItem\",\"position\":3,\"name\":\"Benessere mentale\"}]},{\"@type\":\"WebSite\",\"@id\":\"https:\/\/www.myrhythmdevice.org\/#website\",\"url\":\"https:\/\/www.myrhythmdevice.org\/\",\"name\":\"myrhythmdevice.org\",\"description\":\"The website for patients with implanted cardiac devices, their caregivers and families.\",\"publisher\":{\"@id\":\"https:\/\/www.myrhythmdevice.org\/#organization\"},\"potentialAction\":[{\"@type\":\"SearchAction\",\"target\":{\"@type\":\"EntryPoint\",\"urlTemplate\":\"https:\/\/www.myrhythmdevice.org\/?s={search_term_string}\"},\"query-input\":{\"@type\":\"PropertyValueSpecification\",\"valueRequired\":true,\"valueName\":\"search_term_string\"}}],\"inLanguage\":\"it-IT\"},{\"@type\":\"Organization\",\"@id\":\"https:\/\/www.myrhythmdevice.org\/#organization\",\"name\":\"myrhythmdevice.org\",\"url\":\"https:\/\/www.myrhythmdevice.org\/\",\"logo\":{\"@type\":\"ImageObject\",\"inLanguage\":\"it-IT\",\"@id\":\"https:\/\/www.myrhythmdevice.org\/#\/schema\/logo\/image\/\",\"url\":\"https:\/\/cdn-endpoint-mrd.azureedge.net\/myrhythmdevice\/2022\/02\/LOGO-MRD.jpg\",\"contentUrl\":\"https:\/\/cdn-endpoint-mrd.azureedge.net\/myrhythmdevice\/2022\/02\/LOGO-MRD.jpg\",\"width\":1478,\"height\":326,\"caption\":\"myrhythmdevice.org\"},\"image\":{\"@id\":\"https:\/\/www.myrhythmdevice.org\/#\/schema\/logo\/image\/\"}}]}<\/script>\n<!-- \/ Yoast SEO plugin. -->","yoast_head_json":{"title":"Benessere mentale | My Rhythm Device","description":"Esistono numerose offerte di aiuto per le situazioni di stress. In caso di disturbi post-traumatici, sarebbe bene chiedere il consulto di uno psichiatra professionista.","robots":{"index":"index","follow":"follow","max-snippet":"max-snippet:-1","max-image-preview":"max-image-preview:large","max-video-preview":"max-video-preview:-1"},"canonical":"https:\/\/www.myrhythmdevice.org\/it\/vivere-con-un-dispositivo-cardiaco\/benessere-mentale\/","og_locale":"it_IT","og_type":"article","og_title":"Benessere mentale | My Rhythm Device","og_description":"Esistono numerose offerte di aiuto per le situazioni di stress. In caso di disturbi post-traumatici, sarebbe bene chiedere il consulto di uno psichiatra professionista.","og_url":"https:\/\/www.myrhythmdevice.org\/it\/vivere-con-un-dispositivo-cardiaco\/benessere-mentale\/","og_site_name":"myrhythmdevice.org","article_modified_time":"2025-06-26T13:24:47+00:00","og_image":[{"width":900,"height":600,"url":"https:\/\/www.myrhythmdevice.org\/wp-content\/uploads\/2022\/02\/shutterstock_549090334-1-min.jpg","type":"image\/jpeg"}],"twitter_card":"summary_large_image","twitter_misc":{"Tempo di lettura stimato":"2 minuti"},"schema":{"@context":"https:\/\/schema.org","@graph":[{"@type":"WebPage","@id":"https:\/\/www.myrhythmdevice.org\/it\/vivere-con-un-dispositivo-cardiaco\/benessere-mentale\/","url":"https:\/\/www.myrhythmdevice.org\/it\/vivere-con-un-dispositivo-cardiaco\/benessere-mentale\/","name":"Benessere mentale | My Rhythm Device","isPartOf":{"@id":"https:\/\/www.myrhythmdevice.org\/#website"},"primaryImageOfPage":{"@id":"https:\/\/www.myrhythmdevice.org\/it\/vivere-con-un-dispositivo-cardiaco\/benessere-mentale\/#primaryimage"},"image":{"@id":"https:\/\/www.myrhythmdevice.org\/it\/vivere-con-un-dispositivo-cardiaco\/benessere-mentale\/#primaryimage"},"thumbnailUrl":"https:\/\/www.myrhythmdevice.org\/wp-content\/uploads\/2022\/02\/shutterstock_549090334-1-min.jpg","datePublished":"2023-08-23T15:15:46+00:00","dateModified":"2025-06-26T13:24:47+00:00","description":"Esistono numerose offerte di aiuto per le situazioni di stress. In caso di disturbi post-traumatici, sarebbe bene chiedere il consulto di uno psichiatra professionista.","breadcrumb":{"@id":"https:\/\/www.myrhythmdevice.org\/it\/vivere-con-un-dispositivo-cardiaco\/benessere-mentale\/#breadcrumb"},"inLanguage":"it-IT","potentialAction":[{"@type":"ReadAction","target":["https:\/\/www.myrhythmdevice.org\/it\/vivere-con-un-dispositivo-cardiaco\/benessere-mentale\/"]}]},{"@type":"ImageObject","inLanguage":"it-IT","@id":"https:\/\/www.myrhythmdevice.org\/it\/vivere-con-un-dispositivo-cardiaco\/benessere-mentale\/#primaryimage","url":"https:\/\/www.myrhythmdevice.org\/wp-content\/uploads\/2022\/02\/shutterstock_549090334-1-min.jpg","contentUrl":"https:\/\/www.myrhythmdevice.org\/wp-content\/uploads\/2022\/02\/shutterstock_549090334-1-min.jpg","width":900,"height":600},{"@type":"BreadcrumbList","@id":"https:\/\/www.myrhythmdevice.org\/it\/vivere-con-un-dispositivo-cardiaco\/benessere-mentale\/#breadcrumb","itemListElement":[{"@type":"ListItem","position":1,"name":"Home","item":"https:\/\/www.myrhythmdevice.org\/it\/"},{"@type":"ListItem","position":2,"name":"Vivere con un dispositivo cardiaco","item":"https:\/\/www.myrhythmdevice.org\/it\/vivere-con-un-dispositivo-cardiaco\/"},{"@type":"ListItem","position":3,"name":"Benessere mentale"}]},{"@type":"WebSite","@id":"https:\/\/www.myrhythmdevice.org\/#website","url":"https:\/\/www.myrhythmdevice.org\/","name":"myrhythmdevice.org","description":"The website for patients with implanted cardiac devices, their caregivers and families.","publisher":{"@id":"https:\/\/www.myrhythmdevice.org\/#organization"},"potentialAction":[{"@type":"SearchAction","target":{"@type":"EntryPoint","urlTemplate":"https:\/\/www.myrhythmdevice.org\/?s={search_term_string}"},"query-input":{"@type":"PropertyValueSpecification","valueRequired":true,"valueName":"search_term_string"}}],"inLanguage":"it-IT"},{"@type":"Organization","@id":"https:\/\/www.myrhythmdevice.org\/#organization","name":"myrhythmdevice.org","url":"https:\/\/www.myrhythmdevice.org\/","logo":{"@type":"ImageObject","inLanguage":"it-IT","@id":"https:\/\/www.myrhythmdevice.org\/#\/schema\/logo\/image\/","url":"https:\/\/cdn-endpoint-mrd.azureedge.net\/myrhythmdevice\/2022\/02\/LOGO-MRD.jpg","contentUrl":"https:\/\/cdn-endpoint-mrd.azureedge.net\/myrhythmdevice\/2022\/02\/LOGO-MRD.jpg","width":1478,"height":326,"caption":"myrhythmdevice.org"},"image":{"@id":"https:\/\/www.myrhythmdevice.org\/#\/schema\/logo\/image\/"}}]}},"_links":{"self":[{"href":"https:\/\/www.myrhythmdevice.org\/it\/wp-json\/wp\/v2\/pages\/1025","targetHints":{"allow":["GET"]}}],"collection":[{"href":"https:\/\/www.myrhythmdevice.org\/it\/wp-json\/wp\/v2\/pages"}],"about":[{"href":"https:\/\/www.myrhythmdevice.org\/it\/wp-json\/wp\/v2\/types\/page"}],"author":[{"embeddable":true,"href":"https:\/\/www.myrhythmdevice.org\/it\/wp-json\/wp\/v2\/users\/1"}],"replies":[{"embeddable":true,"href":"https:\/\/www.myrhythmdevice.org\/it\/wp-json\/wp\/v2\/comments?post=1025"}],"version-history":[{"count":1,"href":"https:\/\/www.myrhythmdevice.org\/it\/wp-json\/wp\/v2\/pages\/1025\/revisions"}],"predecessor-version":[{"id":1242,"href":"https:\/\/www.myrhythmdevice.org\/it\/wp-json\/wp\/v2\/pages\/1025\/revisions\/1242"}],"up":[{"embeddable":true,"href":"https:\/\/www.myrhythmdevice.org\/it\/wp-json\/wp\/v2\/pages\/1021"}],"wp:featuredmedia":[{"embeddable":true,"href":"https:\/\/www.myrhythmdevice.org\/it\/wp-json\/wp\/v2\/media\/931"}],"wp:attachment":[{"href":"https:\/\/www.myrhythmdevice.org\/it\/wp-json\/wp\/v2\/media?parent=1025"}],"wp:term":[{"taxonomy":"category","embeddable":true,"href":"https:\/\/www.myrhythmdevice.org\/it\/wp-json\/wp\/v2\/categories?post=1025"},{"taxonomy":"post_tag","embeddable":true,"href":"https:\/\/www.myrhythmdevice.org\/it\/wp-json\/wp\/v2\/tags?post=1025"}],"curies":[{"name":"wp","href":"https:\/\/api.w.org\/{rel}","templated":true}]}}