{"id":1024,"date":"2023-08-23T16:15:46","date_gmt":"2023-08-23T15:15:46","guid":{"rendered":"https:\/\/www.myrhythmdevice.org\/vivere-con-un-dispositivo-cardiaco\/fine-vita\/"},"modified":"2025-06-26T14:24:46","modified_gmt":"2025-06-26T13:24:46","slug":"fine-vita","status":"publish","type":"page","link":"https:\/\/www.myrhythmdevice.org\/it\/vivere-con-un-dispositivo-cardiaco\/fine-vita\/","title":{"rendered":"Fine vita"},"content":{"rendered":"<p><img loading=\"lazy\" decoding=\"async\" class=\"aligncenter wp-image-219\" src=\"https:\/\/cdn-endpoint-mrd.azureedge.net\/myrhythmdevice\/2022\/02\/shutterstock_1408652666-1-min.jpg\" alt=\"\" width=\"500\" height=\"375\" srcset=\"https:\/\/cdn-endpoint-mrd.azureedge.net\/myrhythmdevice\/2022\/02\/shutterstock_1408652666-1-min.jpg 900w, https:\/\/www.myrhythmdevice.org\/wp-content\/uploads\/2022\/02\/shutterstock_1408652666-1-min-300x225.jpg 300w, https:\/\/www.myrhythmdevice.org\/wp-content\/uploads\/2022\/02\/shutterstock_1408652666-1-min-768x576.jpg 768w, https:\/\/www.myrhythmdevice.org\/wp-content\/uploads\/2022\/02\/shutterstock_1408652666-1-min-533x400.jpg 533w, https:\/\/www.myrhythmdevice.org\/wp-content\/uploads\/2022\/02\/shutterstock_1408652666-1-min-800x600.jpg 800w\" sizes=\"auto, (max-width: 500px) 100vw, 500px\" \/><\/p>\n<h3>Il dispositivo far\u00e0 battere il mio cuore per sempre?<\/h3>\n<p>Un pacemaker non impedisce la morte. Di solito, anche in una situazione di fine vita, non \u00e8 necessario effettuare ulteriori interventi con un pacemaker.<\/p>\n<p>Per un ICD \u00e8 necessario tenere conto di alcune considerazioni. Nella fase del decesso, molti pazienti presentano aritmie ventricolari, che verrebbero trattate con un ICD. Tuttavia, in una situazione di questo tipo l&#8217;obiettivo iniziale della terapia con ICD, ovvero la prevenzione della morte cardiaca improvvisa, non sar\u00e0 pi\u00f9 mantenuto. Le scosse dell&#8217;ICD possono essere dolorose per il paziente e pesanti da sopportare per i familiari. Pertanto, in una situazione di fine vita, \u00e8 necessario discutere con il proprio medico la disattivazione delle terapie erogate tramite ICD. Poich\u00e9 tale situazione non \u00e8 sempre prevedibile, \u00e8 possibile discutere con il medico le proprie volont\u00e0 in un determinato momento e informarne la famiglia.<\/p>\n<p>Esistono diverse funzioni, attivabili o disattivabili separatamente e che possono essere decise su base individuale:<\/p>\n<ul>\n<li>Funzione pacemaker<\/li>\n<li>Funzione ATP (un metodo solitamente indolore per interrompere le aritmie ventricolari)<\/li>\n<li>Scosse ICD<\/li>\n<li>Terapia di risincronizzazione cardiaca<\/li>\n<\/ul>\n<h3>Di cosa devo parlare con la mia famiglia e il mio medico?<\/h3>\n<p><img loading=\"lazy\" decoding=\"async\" class=\"aligncenter wp-image-220\" src=\"https:\/\/cdn-endpoint-mrd.azureedge.net\/myrhythmdevice\/2022\/02\/shutterstock_775058404-1-min.jpg\" alt=\"\" width=\"500\" height=\"334\" srcset=\"https:\/\/cdn-endpoint-mrd.azureedge.net\/myrhythmdevice\/2022\/02\/shutterstock_775058404-1-min.jpg 900w, https:\/\/www.myrhythmdevice.org\/wp-content\/uploads\/2022\/02\/shutterstock_775058404-1-min-300x200.jpg 300w, https:\/\/www.myrhythmdevice.org\/wp-content\/uploads\/2022\/02\/shutterstock_775058404-1-min-768x513.jpg 768w, https:\/\/www.myrhythmdevice.org\/wp-content\/uploads\/2022\/02\/shutterstock_775058404-1-min-600x400.jpg 600w\" sizes=\"auto, (max-width: 500px) 100vw, 500px\" \/><br \/>\nParlare con il medico delle funzioni del dispositivo e delle proprie preferenze personali quando si \u00e8 in buone condizioni. Quindi, informare il medico e i familiari di come si intende procedere in una situazione di fine vita. Mettere tutto per iscritto e comunicare alla famiglia dove trovare questo documento.<\/p>\n<h3>Disposizioni del paziente (testamento biologico): in che modo va indicata la volont\u00e0 di disattivare o meno il dispositivo?<\/h3>\n<p>Per la stesura del dispositivo, \u00e8 bene essere il pi\u00f9 precisi possibile per la situazione specifica che si immagina. Consultare il proprio medico nel caso siano necessarie ulteriori informazioni.<br \/>\nTra i punti potenzialmente inseribili nelle disposizioni:<\/p>\n<ul>\n<li>Sono portatore di pacemaker\/ICD.<\/li>\n<li>Se non dovessi pi\u00f9 essere in grado di dare il mio consenso e mi trovassi in punto di morte o se mi trovassi in fase terminale di una malattia incurabile e fatale, anche se il momento della morte non fosse ancora prevedibile&#8230; dispongo la disattivazione di tutte le funzioni dell&#8217;ICD non pi\u00f9 necessarie al fine di alleviare eventuali sofferenze o a ritardare il mio decesso.<\/li>\n<li>In fede, per me \u00e8 importante: &#8230;&#8230;&#8230;&#8230;&#8230;&#8230;&#8230;&#8230;&#8230;&#8230;<\/li>\n<\/ul>\n<h3>Essere cremato o tumulato<\/h3>\n<p>Di solito gli impianti (denti, protesi ecc.) rimangono nel corpo del defunto. Anche i pacemaker e gli ICD vengono solitamente lasciati in caso di sepoltura. Tuttavia, alcuni impianti crematori richiedono l&#8217;asportazione dei dispositivi prima della cremazione, per via della batteria a essi collegata. Se tale procedura riveste importanza per il paziente, \u00e8 bene che ne parli con l&#8217;impresa funebre locale e i familiari per comunicare le proprie volont\u00e0.<\/p>\n","protected":false},"excerpt":{"rendered":"<p>Il dispositivo far\u00e0 battere il mio cuore per sempre? Un pacemaker non impedisce la morte. Di solito, anche in una situazione di fine vita, non \u00e8 necessario effettuare ulteriori interventi con un pacemaker. Per un ICD \u00e8 necessario tenere conto di alcune considerazioni. Nella fase del decesso, molti pazienti presentano aritmie ventricolari, che verrebbero trattate [&hellip;]<\/p>\n","protected":false},"author":1,"featured_media":934,"parent":1021,"menu_order":11,"comment_status":"closed","ping_status":"closed","template":"","meta":{"_acf_changed":false,"footnotes":""},"categories":[],"tags":[],"class_list":["post-1024","page","type-page","status-publish","has-post-thumbnail","hentry"],"acf":[],"yoast_head":"<!-- This site is optimized with the Yoast SEO plugin v25.3.1 - https:\/\/yoast.com\/wordpress\/plugins\/seo\/ -->\n<title>Fine vita | My Rhythm Device<\/title>\n<meta name=\"description\" content=\"Discutere delle preferenze personali con il proprio medico. Quindi, informare il medico e i familiari di come si intende procedere in una situazione di fine vita.\" \/>\n<meta name=\"robots\" content=\"index, follow, max-snippet:-1, max-image-preview:large, max-video-preview:-1\" \/>\n<link rel=\"canonical\" href=\"https:\/\/www.myrhythmdevice.org\/it\/vivere-con-un-dispositivo-cardiaco\/fine-vita\/\" \/>\n<meta property=\"og:locale\" content=\"it_IT\" \/>\n<meta property=\"og:type\" content=\"article\" \/>\n<meta property=\"og:title\" content=\"Fine vita | My Rhythm Device\" \/>\n<meta property=\"og:description\" content=\"Discutere delle preferenze personali con il proprio medico. Quindi, informare il medico e i familiari di come si intende procedere in una situazione di fine vita.\" \/>\n<meta property=\"og:url\" content=\"https:\/\/www.myrhythmdevice.org\/it\/vivere-con-un-dispositivo-cardiaco\/fine-vita\/\" \/>\n<meta property=\"og:site_name\" content=\"myrhythmdevice.org\" \/>\n<meta property=\"article:modified_time\" content=\"2025-06-26T13:24:46+00:00\" \/>\n<meta property=\"og:image\" content=\"https:\/\/www.myrhythmdevice.org\/wp-content\/uploads\/2022\/02\/shutterstock_1408652666-1-min.jpg\" \/>\n\t<meta property=\"og:image:width\" content=\"900\" \/>\n\t<meta property=\"og:image:height\" content=\"675\" \/>\n\t<meta property=\"og:image:type\" content=\"image\/jpeg\" \/>\n<meta name=\"twitter:card\" content=\"summary_large_image\" \/>\n<meta name=\"twitter:label1\" content=\"Tempo di lettura stimato\" \/>\n\t<meta name=\"twitter:data1\" content=\"2 minuti\" \/>\n<script type=\"application\/ld+json\" class=\"yoast-schema-graph\">{\"@context\":\"https:\/\/schema.org\",\"@graph\":[{\"@type\":\"WebPage\",\"@id\":\"https:\/\/www.myrhythmdevice.org\/it\/vivere-con-un-dispositivo-cardiaco\/fine-vita\/\",\"url\":\"https:\/\/www.myrhythmdevice.org\/it\/vivere-con-un-dispositivo-cardiaco\/fine-vita\/\",\"name\":\"Fine vita | My Rhythm Device\",\"isPartOf\":{\"@id\":\"https:\/\/www.myrhythmdevice.org\/#website\"},\"primaryImageOfPage\":{\"@id\":\"https:\/\/www.myrhythmdevice.org\/it\/vivere-con-un-dispositivo-cardiaco\/fine-vita\/#primaryimage\"},\"image\":{\"@id\":\"https:\/\/www.myrhythmdevice.org\/it\/vivere-con-un-dispositivo-cardiaco\/fine-vita\/#primaryimage\"},\"thumbnailUrl\":\"https:\/\/www.myrhythmdevice.org\/wp-content\/uploads\/2022\/02\/shutterstock_1408652666-1-min.jpg\",\"datePublished\":\"2023-08-23T15:15:46+00:00\",\"dateModified\":\"2025-06-26T13:24:46+00:00\",\"description\":\"Discutere delle preferenze personali con il proprio medico. Quindi, informare il medico e i familiari di come si intende procedere in una situazione di fine vita.\",\"breadcrumb\":{\"@id\":\"https:\/\/www.myrhythmdevice.org\/it\/vivere-con-un-dispositivo-cardiaco\/fine-vita\/#breadcrumb\"},\"inLanguage\":\"it-IT\",\"potentialAction\":[{\"@type\":\"ReadAction\",\"target\":[\"https:\/\/www.myrhythmdevice.org\/it\/vivere-con-un-dispositivo-cardiaco\/fine-vita\/\"]}]},{\"@type\":\"ImageObject\",\"inLanguage\":\"it-IT\",\"@id\":\"https:\/\/www.myrhythmdevice.org\/it\/vivere-con-un-dispositivo-cardiaco\/fine-vita\/#primaryimage\",\"url\":\"https:\/\/www.myrhythmdevice.org\/wp-content\/uploads\/2022\/02\/shutterstock_1408652666-1-min.jpg\",\"contentUrl\":\"https:\/\/www.myrhythmdevice.org\/wp-content\/uploads\/2022\/02\/shutterstock_1408652666-1-min.jpg\",\"width\":900,\"height\":675},{\"@type\":\"BreadcrumbList\",\"@id\":\"https:\/\/www.myrhythmdevice.org\/it\/vivere-con-un-dispositivo-cardiaco\/fine-vita\/#breadcrumb\",\"itemListElement\":[{\"@type\":\"ListItem\",\"position\":1,\"name\":\"Home\",\"item\":\"https:\/\/www.myrhythmdevice.org\/it\/\"},{\"@type\":\"ListItem\",\"position\":2,\"name\":\"Vivere con un dispositivo cardiaco\",\"item\":\"https:\/\/www.myrhythmdevice.org\/it\/vivere-con-un-dispositivo-cardiaco\/\"},{\"@type\":\"ListItem\",\"position\":3,\"name\":\"Fine vita\"}]},{\"@type\":\"WebSite\",\"@id\":\"https:\/\/www.myrhythmdevice.org\/#website\",\"url\":\"https:\/\/www.myrhythmdevice.org\/\",\"name\":\"myrhythmdevice.org\",\"description\":\"The website for patients with implanted cardiac devices, their caregivers and families.\",\"publisher\":{\"@id\":\"https:\/\/www.myrhythmdevice.org\/#organization\"},\"potentialAction\":[{\"@type\":\"SearchAction\",\"target\":{\"@type\":\"EntryPoint\",\"urlTemplate\":\"https:\/\/www.myrhythmdevice.org\/?s={search_term_string}\"},\"query-input\":{\"@type\":\"PropertyValueSpecification\",\"valueRequired\":true,\"valueName\":\"search_term_string\"}}],\"inLanguage\":\"it-IT\"},{\"@type\":\"Organization\",\"@id\":\"https:\/\/www.myrhythmdevice.org\/#organization\",\"name\":\"myrhythmdevice.org\",\"url\":\"https:\/\/www.myrhythmdevice.org\/\",\"logo\":{\"@type\":\"ImageObject\",\"inLanguage\":\"it-IT\",\"@id\":\"https:\/\/www.myrhythmdevice.org\/#\/schema\/logo\/image\/\",\"url\":\"https:\/\/cdn-endpoint-mrd.azureedge.net\/myrhythmdevice\/2022\/02\/LOGO-MRD.jpg\",\"contentUrl\":\"https:\/\/cdn-endpoint-mrd.azureedge.net\/myrhythmdevice\/2022\/02\/LOGO-MRD.jpg\",\"width\":1478,\"height\":326,\"caption\":\"myrhythmdevice.org\"},\"image\":{\"@id\":\"https:\/\/www.myrhythmdevice.org\/#\/schema\/logo\/image\/\"}}]}<\/script>\n<!-- \/ Yoast SEO plugin. -->","yoast_head_json":{"title":"Fine vita | My Rhythm Device","description":"Discutere delle preferenze personali con il proprio medico. Quindi, informare il medico e i familiari di come si intende procedere in una situazione di fine vita.","robots":{"index":"index","follow":"follow","max-snippet":"max-snippet:-1","max-image-preview":"max-image-preview:large","max-video-preview":"max-video-preview:-1"},"canonical":"https:\/\/www.myrhythmdevice.org\/it\/vivere-con-un-dispositivo-cardiaco\/fine-vita\/","og_locale":"it_IT","og_type":"article","og_title":"Fine vita | My Rhythm Device","og_description":"Discutere delle preferenze personali con il proprio medico. Quindi, informare il medico e i familiari di come si intende procedere in una situazione di fine vita.","og_url":"https:\/\/www.myrhythmdevice.org\/it\/vivere-con-un-dispositivo-cardiaco\/fine-vita\/","og_site_name":"myrhythmdevice.org","article_modified_time":"2025-06-26T13:24:46+00:00","og_image":[{"width":900,"height":675,"url":"https:\/\/www.myrhythmdevice.org\/wp-content\/uploads\/2022\/02\/shutterstock_1408652666-1-min.jpg","type":"image\/jpeg"}],"twitter_card":"summary_large_image","twitter_misc":{"Tempo di lettura stimato":"2 minuti"},"schema":{"@context":"https:\/\/schema.org","@graph":[{"@type":"WebPage","@id":"https:\/\/www.myrhythmdevice.org\/it\/vivere-con-un-dispositivo-cardiaco\/fine-vita\/","url":"https:\/\/www.myrhythmdevice.org\/it\/vivere-con-un-dispositivo-cardiaco\/fine-vita\/","name":"Fine vita | My Rhythm Device","isPartOf":{"@id":"https:\/\/www.myrhythmdevice.org\/#website"},"primaryImageOfPage":{"@id":"https:\/\/www.myrhythmdevice.org\/it\/vivere-con-un-dispositivo-cardiaco\/fine-vita\/#primaryimage"},"image":{"@id":"https:\/\/www.myrhythmdevice.org\/it\/vivere-con-un-dispositivo-cardiaco\/fine-vita\/#primaryimage"},"thumbnailUrl":"https:\/\/www.myrhythmdevice.org\/wp-content\/uploads\/2022\/02\/shutterstock_1408652666-1-min.jpg","datePublished":"2023-08-23T15:15:46+00:00","dateModified":"2025-06-26T13:24:46+00:00","description":"Discutere delle preferenze personali con il proprio medico. Quindi, informare il medico e i familiari di come si intende procedere in una situazione di fine vita.","breadcrumb":{"@id":"https:\/\/www.myrhythmdevice.org\/it\/vivere-con-un-dispositivo-cardiaco\/fine-vita\/#breadcrumb"},"inLanguage":"it-IT","potentialAction":[{"@type":"ReadAction","target":["https:\/\/www.myrhythmdevice.org\/it\/vivere-con-un-dispositivo-cardiaco\/fine-vita\/"]}]},{"@type":"ImageObject","inLanguage":"it-IT","@id":"https:\/\/www.myrhythmdevice.org\/it\/vivere-con-un-dispositivo-cardiaco\/fine-vita\/#primaryimage","url":"https:\/\/www.myrhythmdevice.org\/wp-content\/uploads\/2022\/02\/shutterstock_1408652666-1-min.jpg","contentUrl":"https:\/\/www.myrhythmdevice.org\/wp-content\/uploads\/2022\/02\/shutterstock_1408652666-1-min.jpg","width":900,"height":675},{"@type":"BreadcrumbList","@id":"https:\/\/www.myrhythmdevice.org\/it\/vivere-con-un-dispositivo-cardiaco\/fine-vita\/#breadcrumb","itemListElement":[{"@type":"ListItem","position":1,"name":"Home","item":"https:\/\/www.myrhythmdevice.org\/it\/"},{"@type":"ListItem","position":2,"name":"Vivere con un dispositivo cardiaco","item":"https:\/\/www.myrhythmdevice.org\/it\/vivere-con-un-dispositivo-cardiaco\/"},{"@type":"ListItem","position":3,"name":"Fine vita"}]},{"@type":"WebSite","@id":"https:\/\/www.myrhythmdevice.org\/#website","url":"https:\/\/www.myrhythmdevice.org\/","name":"myrhythmdevice.org","description":"The website for patients with implanted cardiac devices, their caregivers and families.","publisher":{"@id":"https:\/\/www.myrhythmdevice.org\/#organization"},"potentialAction":[{"@type":"SearchAction","target":{"@type":"EntryPoint","urlTemplate":"https:\/\/www.myrhythmdevice.org\/?s={search_term_string}"},"query-input":{"@type":"PropertyValueSpecification","valueRequired":true,"valueName":"search_term_string"}}],"inLanguage":"it-IT"},{"@type":"Organization","@id":"https:\/\/www.myrhythmdevice.org\/#organization","name":"myrhythmdevice.org","url":"https:\/\/www.myrhythmdevice.org\/","logo":{"@type":"ImageObject","inLanguage":"it-IT","@id":"https:\/\/www.myrhythmdevice.org\/#\/schema\/logo\/image\/","url":"https:\/\/cdn-endpoint-mrd.azureedge.net\/myrhythmdevice\/2022\/02\/LOGO-MRD.jpg","contentUrl":"https:\/\/cdn-endpoint-mrd.azureedge.net\/myrhythmdevice\/2022\/02\/LOGO-MRD.jpg","width":1478,"height":326,"caption":"myrhythmdevice.org"},"image":{"@id":"https:\/\/www.myrhythmdevice.org\/#\/schema\/logo\/image\/"}}]}},"_links":{"self":[{"href":"https:\/\/www.myrhythmdevice.org\/it\/wp-json\/wp\/v2\/pages\/1024","targetHints":{"allow":["GET"]}}],"collection":[{"href":"https:\/\/www.myrhythmdevice.org\/it\/wp-json\/wp\/v2\/pages"}],"about":[{"href":"https:\/\/www.myrhythmdevice.org\/it\/wp-json\/wp\/v2\/types\/page"}],"author":[{"embeddable":true,"href":"https:\/\/www.myrhythmdevice.org\/it\/wp-json\/wp\/v2\/users\/1"}],"replies":[{"embeddable":true,"href":"https:\/\/www.myrhythmdevice.org\/it\/wp-json\/wp\/v2\/comments?post=1024"}],"version-history":[{"count":1,"href":"https:\/\/www.myrhythmdevice.org\/it\/wp-json\/wp\/v2\/pages\/1024\/revisions"}],"predecessor-version":[{"id":1240,"href":"https:\/\/www.myrhythmdevice.org\/it\/wp-json\/wp\/v2\/pages\/1024\/revisions\/1240"}],"up":[{"embeddable":true,"href":"https:\/\/www.myrhythmdevice.org\/it\/wp-json\/wp\/v2\/pages\/1021"}],"wp:featuredmedia":[{"embeddable":true,"href":"https:\/\/www.myrhythmdevice.org\/it\/wp-json\/wp\/v2\/media\/934"}],"wp:attachment":[{"href":"https:\/\/www.myrhythmdevice.org\/it\/wp-json\/wp\/v2\/media?parent=1024"}],"wp:term":[{"taxonomy":"category","embeddable":true,"href":"https:\/\/www.myrhythmdevice.org\/it\/wp-json\/wp\/v2\/categories?post=1024"},{"taxonomy":"post_tag","embeddable":true,"href":"https:\/\/www.myrhythmdevice.org\/it\/wp-json\/wp\/v2\/tags?post=1024"}],"curies":[{"name":"wp","href":"https:\/\/api.w.org\/{rel}","templated":true}]}}