{"id":1023,"date":"2023-08-23T16:15:45","date_gmt":"2023-08-23T15:15:45","guid":{"rendered":"https:\/\/www.myrhythmdevice.org\/vivere-con-un-dispositivo-cardiaco\/cardiopatie-congenite-chd-e-gravidanza\/"},"modified":"2025-06-26T13:41:20","modified_gmt":"2025-06-26T12:41:20","slug":"cardiopatie-congenite-chd-e-gravidanza","status":"publish","type":"page","link":"https:\/\/www.myrhythmdevice.org\/it\/vivere-con-un-dispositivo-cardiaco\/cardiopatie-congenite-chd-e-gravidanza\/","title":{"rendered":"Cardiopatie congenite (CHD) e gravidanza"},"content":{"rendered":"<p><img loading=\"lazy\" decoding=\"async\" class=\"alignnone wp-image-529\" src=\"https:\/\/cdn-endpoint-mrd.azureedge.net\/myrhythmdevice\/2022\/11\/pregnancy.jpg\" alt=\"\" width=\"501\" height=\"334\" srcset=\"https:\/\/cdn-endpoint-mrd.azureedge.net\/myrhythmdevice\/2022\/11\/pregnancy.jpg 1000w, https:\/\/www.myrhythmdevice.org\/wp-content\/uploads\/2022\/11\/pregnancy-300x200.jpg 300w, https:\/\/www.myrhythmdevice.org\/wp-content\/uploads\/2022\/11\/pregnancy-768x512.jpg 768w, https:\/\/www.myrhythmdevice.org\/wp-content\/uploads\/2022\/11\/pregnancy-600x400.jpg 600w, https:\/\/www.myrhythmdevice.org\/wp-content\/uploads\/2022\/11\/pregnancy-900x600.jpg 900w\" sizes=\"auto, (max-width: 501px) 100vw, 501px\" \/><\/p>\n<p>In caso di cardiopatia congenita (Congenital Heart Disease, CHD), potrebbe essere necessario un pacemaker o un ICD. Il motivo pu\u00f2 essere la cardiopatia stessa e\/o le terapie ricevute, inclusi gli eventuali interventi chirurgici correttivi. In presenza di Cardiopatia Congenita (CHD), l&#8217;impianto dei dispositivi risulta pi\u00f9 complesso a causa delle particolarit\u00e0 anatomiche. Per prima cosa, l&#8217;accesso al cuore attraverso i vasi pu\u00f2 essere diverso rispetto ai pazienti non affetti da Cardiopatia Congenita (CHD) e pu\u00f2 esserci una comunicazione della circolazione sanguigna tra le cavit\u00e0 situate a sinistra e a destra all&#8217;interno del muscolo cardiaco. Inoltre, i pazienti affetti da Cardiopatia Congenita (CHD) sono spesso costretti ad avere un dispositivo impiantato per un lungo periodo della loro vita. I medici curanti devono prendere in considerazione tutti questi elementi. Questo non \u00e8 sempre il caso, ma a volte, a causa delle suddette particolarit\u00e0, l&#8217;impianto viene posizionato per via chirurgica, cio\u00e8 l&#8217;elettrocatetere o gli elettrocateteri non vengono introdotti attraverso i vasi sanguigni ma suturati sulla superficie del muscolo cardiaco a livello degli atri o dei ventricoli mediante un intervento chirurgico. Per tutti questi motivi, il pi\u00f9 delle volte \u00e8 un team che riunisce specialisti di cardiopatie congenite e di defibrillazione\/pacing a prendere le decisioni relative all&#8217;impianto e al successivo controllo del dispositivo. Dal punto di vista tecnico, il monitoraggio e il controllo del dispositivo sono gli stessi dei pazienti non affetti da CHD.<\/p>\n<p>In caso di gravidanza, non esistono precauzioni particolari legate alla presenza di un pacemaker o di un defibrillatore. Non vi \u00e8 alcuna interferenza tra il funzionamento o l&#8217;interrogazione del dispositivo e il feto. Tuttavia, una paziente portatrice di pacemaker o ICD pu\u00f2 soffrire di una cardiopatia concomitante e la gravidanza \u00e8 una situazione in cui le malattie cardiache, se presenti, devono essere monitorate pi\u00f9 attentamente.<\/p>\n","protected":false},"excerpt":{"rendered":"<p>In caso di cardiopatia congenita (Congenital Heart Disease, CHD), potrebbe essere necessario un pacemaker o un ICD. Il motivo pu\u00f2 essere la cardiopatia stessa e\/o le terapie ricevute, inclusi gli eventuali interventi chirurgici correttivi. In presenza di Cardiopatia Congenita (CHD), l&#8217;impianto dei dispositivi risulta pi\u00f9 complesso a causa delle particolarit\u00e0 anatomiche. Per prima cosa, l&#8217;accesso [&hellip;]<\/p>\n","protected":false},"author":1,"featured_media":0,"parent":1021,"menu_order":0,"comment_status":"closed","ping_status":"closed","template":"","meta":{"_acf_changed":false,"footnotes":""},"categories":[],"tags":[],"class_list":["post-1023","page","type-page","status-publish","hentry"],"acf":[],"yoast_head":"<!-- This site is optimized with the Yoast SEO plugin v26.0 - https:\/\/yoast.com\/wordpress\/plugins\/seo\/ -->\n<title>Cardiopatie congenite (CHD) e gravidanza - myrhythmdevice.org<\/title>\n<meta name=\"robots\" content=\"index, follow, max-snippet:-1, max-image-preview:large, max-video-preview:-1\" \/>\n<link rel=\"canonical\" href=\"https:\/\/www.myrhythmdevice.org\/it\/vivere-con-un-dispositivo-cardiaco\/cardiopatie-congenite-chd-e-gravidanza\/\" \/>\n<meta property=\"og:locale\" content=\"it_IT\" \/>\n<meta property=\"og:type\" content=\"article\" \/>\n<meta property=\"og:title\" content=\"Cardiopatie congenite (CHD) e gravidanza - myrhythmdevice.org\" \/>\n<meta property=\"og:description\" content=\"In caso di cardiopatia congenita (Congenital Heart Disease, CHD), potrebbe essere necessario un pacemaker o un ICD. Il motivo pu\u00f2 essere la cardiopatia stessa e\/o le terapie ricevute, inclusi gli eventuali interventi chirurgici correttivi. In presenza di Cardiopatia Congenita (CHD), l&#8217;impianto dei dispositivi risulta pi\u00f9 complesso a causa delle particolarit\u00e0 anatomiche. Per prima cosa, l&#8217;accesso [&hellip;]\" \/>\n<meta property=\"og:url\" content=\"https:\/\/www.myrhythmdevice.org\/it\/vivere-con-un-dispositivo-cardiaco\/cardiopatie-congenite-chd-e-gravidanza\/\" \/>\n<meta property=\"og:site_name\" content=\"myrhythmdevice.org\" \/>\n<meta property=\"article:modified_time\" content=\"2025-06-26T12:41:20+00:00\" \/>\n<meta property=\"og:image\" content=\"https:\/\/cdn-endpoint-mrd.azureedge.net\/myrhythmdevice\/2022\/11\/pregnancy.jpg\" \/>\n\t<meta property=\"og:image:width\" content=\"1000\" \/>\n\t<meta property=\"og:image:height\" content=\"667\" \/>\n\t<meta property=\"og:image:type\" content=\"image\/jpeg\" \/>\n<meta name=\"twitter:card\" content=\"summary_large_image\" \/>\n<meta name=\"twitter:label1\" content=\"Tempo di lettura stimato\" \/>\n\t<meta name=\"twitter:data1\" content=\"1 minuto\" \/>\n<script type=\"application\/ld+json\" class=\"yoast-schema-graph\">{\"@context\":\"https:\/\/schema.org\",\"@graph\":[{\"@type\":\"WebPage\",\"@id\":\"https:\/\/www.myrhythmdevice.org\/it\/vivere-con-un-dispositivo-cardiaco\/cardiopatie-congenite-chd-e-gravidanza\/\",\"url\":\"https:\/\/www.myrhythmdevice.org\/it\/vivere-con-un-dispositivo-cardiaco\/cardiopatie-congenite-chd-e-gravidanza\/\",\"name\":\"Cardiopatie congenite (CHD) e gravidanza - myrhythmdevice.org\",\"isPartOf\":{\"@id\":\"https:\/\/www.myrhythmdevice.org\/#website\"},\"primaryImageOfPage\":{\"@id\":\"https:\/\/www.myrhythmdevice.org\/it\/vivere-con-un-dispositivo-cardiaco\/cardiopatie-congenite-chd-e-gravidanza\/#primaryimage\"},\"image\":{\"@id\":\"https:\/\/www.myrhythmdevice.org\/it\/vivere-con-un-dispositivo-cardiaco\/cardiopatie-congenite-chd-e-gravidanza\/#primaryimage\"},\"thumbnailUrl\":\"https:\/\/cdn-endpoint-mrd.azureedge.net\/myrhythmdevice\/2022\/11\/pregnancy.jpg\",\"datePublished\":\"2023-08-23T15:15:45+00:00\",\"dateModified\":\"2025-06-26T12:41:20+00:00\",\"breadcrumb\":{\"@id\":\"https:\/\/www.myrhythmdevice.org\/it\/vivere-con-un-dispositivo-cardiaco\/cardiopatie-congenite-chd-e-gravidanza\/#breadcrumb\"},\"inLanguage\":\"it-IT\",\"potentialAction\":[{\"@type\":\"ReadAction\",\"target\":[\"https:\/\/www.myrhythmdevice.org\/it\/vivere-con-un-dispositivo-cardiaco\/cardiopatie-congenite-chd-e-gravidanza\/\"]}]},{\"@type\":\"ImageObject\",\"inLanguage\":\"it-IT\",\"@id\":\"https:\/\/www.myrhythmdevice.org\/it\/vivere-con-un-dispositivo-cardiaco\/cardiopatie-congenite-chd-e-gravidanza\/#primaryimage\",\"url\":\"https:\/\/cdn-endpoint-mrd.azureedge.net\/myrhythmdevice\/2022\/11\/pregnancy.jpg\",\"contentUrl\":\"https:\/\/cdn-endpoint-mrd.azureedge.net\/myrhythmdevice\/2022\/11\/pregnancy.jpg\"},{\"@type\":\"BreadcrumbList\",\"@id\":\"https:\/\/www.myrhythmdevice.org\/it\/vivere-con-un-dispositivo-cardiaco\/cardiopatie-congenite-chd-e-gravidanza\/#breadcrumb\",\"itemListElement\":[{\"@type\":\"ListItem\",\"position\":1,\"name\":\"Home\",\"item\":\"https:\/\/www.myrhythmdevice.org\/it\/\"},{\"@type\":\"ListItem\",\"position\":2,\"name\":\"Vivere con un dispositivo cardiaco\",\"item\":\"https:\/\/www.myrhythmdevice.org\/it\/vivere-con-un-dispositivo-cardiaco\/\"},{\"@type\":\"ListItem\",\"position\":3,\"name\":\"Cardiopatie congenite (CHD) e gravidanza\"}]},{\"@type\":\"WebSite\",\"@id\":\"https:\/\/www.myrhythmdevice.org\/#website\",\"url\":\"https:\/\/www.myrhythmdevice.org\/\",\"name\":\"myrhythmdevice.org\",\"description\":\"The website for patients with implanted cardiac devices, their caregivers and families.\",\"publisher\":{\"@id\":\"https:\/\/www.myrhythmdevice.org\/#organization\"},\"potentialAction\":[{\"@type\":\"SearchAction\",\"target\":{\"@type\":\"EntryPoint\",\"urlTemplate\":\"https:\/\/www.myrhythmdevice.org\/?s={search_term_string}\"},\"query-input\":{\"@type\":\"PropertyValueSpecification\",\"valueRequired\":true,\"valueName\":\"search_term_string\"}}],\"inLanguage\":\"it-IT\"},{\"@type\":\"Organization\",\"@id\":\"https:\/\/www.myrhythmdevice.org\/#organization\",\"name\":\"myrhythmdevice.org\",\"url\":\"https:\/\/www.myrhythmdevice.org\/\",\"logo\":{\"@type\":\"ImageObject\",\"inLanguage\":\"it-IT\",\"@id\":\"https:\/\/www.myrhythmdevice.org\/#\/schema\/logo\/image\/\",\"url\":\"https:\/\/cdn-endpoint-mrd.azureedge.net\/myrhythmdevice\/2022\/02\/LOGO-MRD.jpg\",\"contentUrl\":\"https:\/\/cdn-endpoint-mrd.azureedge.net\/myrhythmdevice\/2022\/02\/LOGO-MRD.jpg\",\"width\":1478,\"height\":326,\"caption\":\"myrhythmdevice.org\"},\"image\":{\"@id\":\"https:\/\/www.myrhythmdevice.org\/#\/schema\/logo\/image\/\"}}]}<\/script>\n<!-- \/ Yoast SEO plugin. -->","yoast_head_json":{"title":"Cardiopatie congenite (CHD) e gravidanza - myrhythmdevice.org","robots":{"index":"index","follow":"follow","max-snippet":"max-snippet:-1","max-image-preview":"max-image-preview:large","max-video-preview":"max-video-preview:-1"},"canonical":"https:\/\/www.myrhythmdevice.org\/it\/vivere-con-un-dispositivo-cardiaco\/cardiopatie-congenite-chd-e-gravidanza\/","og_locale":"it_IT","og_type":"article","og_title":"Cardiopatie congenite (CHD) e gravidanza - myrhythmdevice.org","og_description":"In caso di cardiopatia congenita (Congenital Heart Disease, CHD), potrebbe essere necessario un pacemaker o un ICD. Il motivo pu\u00f2 essere la cardiopatia stessa e\/o le terapie ricevute, inclusi gli eventuali interventi chirurgici correttivi. In presenza di Cardiopatia Congenita (CHD), l&#8217;impianto dei dispositivi risulta pi\u00f9 complesso a causa delle particolarit\u00e0 anatomiche. Per prima cosa, l&#8217;accesso [&hellip;]","og_url":"https:\/\/www.myrhythmdevice.org\/it\/vivere-con-un-dispositivo-cardiaco\/cardiopatie-congenite-chd-e-gravidanza\/","og_site_name":"myrhythmdevice.org","article_modified_time":"2025-06-26T12:41:20+00:00","og_image":[{"width":1000,"height":667,"url":"https:\/\/cdn-endpoint-mrd.azureedge.net\/myrhythmdevice\/2022\/11\/pregnancy.jpg","type":"image\/jpeg"}],"twitter_card":"summary_large_image","twitter_misc":{"Tempo di lettura stimato":"1 minuto"},"schema":{"@context":"https:\/\/schema.org","@graph":[{"@type":"WebPage","@id":"https:\/\/www.myrhythmdevice.org\/it\/vivere-con-un-dispositivo-cardiaco\/cardiopatie-congenite-chd-e-gravidanza\/","url":"https:\/\/www.myrhythmdevice.org\/it\/vivere-con-un-dispositivo-cardiaco\/cardiopatie-congenite-chd-e-gravidanza\/","name":"Cardiopatie congenite (CHD) e gravidanza - myrhythmdevice.org","isPartOf":{"@id":"https:\/\/www.myrhythmdevice.org\/#website"},"primaryImageOfPage":{"@id":"https:\/\/www.myrhythmdevice.org\/it\/vivere-con-un-dispositivo-cardiaco\/cardiopatie-congenite-chd-e-gravidanza\/#primaryimage"},"image":{"@id":"https:\/\/www.myrhythmdevice.org\/it\/vivere-con-un-dispositivo-cardiaco\/cardiopatie-congenite-chd-e-gravidanza\/#primaryimage"},"thumbnailUrl":"https:\/\/cdn-endpoint-mrd.azureedge.net\/myrhythmdevice\/2022\/11\/pregnancy.jpg","datePublished":"2023-08-23T15:15:45+00:00","dateModified":"2025-06-26T12:41:20+00:00","breadcrumb":{"@id":"https:\/\/www.myrhythmdevice.org\/it\/vivere-con-un-dispositivo-cardiaco\/cardiopatie-congenite-chd-e-gravidanza\/#breadcrumb"},"inLanguage":"it-IT","potentialAction":[{"@type":"ReadAction","target":["https:\/\/www.myrhythmdevice.org\/it\/vivere-con-un-dispositivo-cardiaco\/cardiopatie-congenite-chd-e-gravidanza\/"]}]},{"@type":"ImageObject","inLanguage":"it-IT","@id":"https:\/\/www.myrhythmdevice.org\/it\/vivere-con-un-dispositivo-cardiaco\/cardiopatie-congenite-chd-e-gravidanza\/#primaryimage","url":"https:\/\/cdn-endpoint-mrd.azureedge.net\/myrhythmdevice\/2022\/11\/pregnancy.jpg","contentUrl":"https:\/\/cdn-endpoint-mrd.azureedge.net\/myrhythmdevice\/2022\/11\/pregnancy.jpg"},{"@type":"BreadcrumbList","@id":"https:\/\/www.myrhythmdevice.org\/it\/vivere-con-un-dispositivo-cardiaco\/cardiopatie-congenite-chd-e-gravidanza\/#breadcrumb","itemListElement":[{"@type":"ListItem","position":1,"name":"Home","item":"https:\/\/www.myrhythmdevice.org\/it\/"},{"@type":"ListItem","position":2,"name":"Vivere con un dispositivo cardiaco","item":"https:\/\/www.myrhythmdevice.org\/it\/vivere-con-un-dispositivo-cardiaco\/"},{"@type":"ListItem","position":3,"name":"Cardiopatie congenite (CHD) e gravidanza"}]},{"@type":"WebSite","@id":"https:\/\/www.myrhythmdevice.org\/#website","url":"https:\/\/www.myrhythmdevice.org\/","name":"myrhythmdevice.org","description":"The website for patients with implanted cardiac devices, their caregivers and families.","publisher":{"@id":"https:\/\/www.myrhythmdevice.org\/#organization"},"potentialAction":[{"@type":"SearchAction","target":{"@type":"EntryPoint","urlTemplate":"https:\/\/www.myrhythmdevice.org\/?s={search_term_string}"},"query-input":{"@type":"PropertyValueSpecification","valueRequired":true,"valueName":"search_term_string"}}],"inLanguage":"it-IT"},{"@type":"Organization","@id":"https:\/\/www.myrhythmdevice.org\/#organization","name":"myrhythmdevice.org","url":"https:\/\/www.myrhythmdevice.org\/","logo":{"@type":"ImageObject","inLanguage":"it-IT","@id":"https:\/\/www.myrhythmdevice.org\/#\/schema\/logo\/image\/","url":"https:\/\/cdn-endpoint-mrd.azureedge.net\/myrhythmdevice\/2022\/02\/LOGO-MRD.jpg","contentUrl":"https:\/\/cdn-endpoint-mrd.azureedge.net\/myrhythmdevice\/2022\/02\/LOGO-MRD.jpg","width":1478,"height":326,"caption":"myrhythmdevice.org"},"image":{"@id":"https:\/\/www.myrhythmdevice.org\/#\/schema\/logo\/image\/"}}]}},"_links":{"self":[{"href":"https:\/\/www.myrhythmdevice.org\/it\/wp-json\/wp\/v2\/pages\/1023","targetHints":{"allow":["GET"]}}],"collection":[{"href":"https:\/\/www.myrhythmdevice.org\/it\/wp-json\/wp\/v2\/pages"}],"about":[{"href":"https:\/\/www.myrhythmdevice.org\/it\/wp-json\/wp\/v2\/types\/page"}],"author":[{"embeddable":true,"href":"https:\/\/www.myrhythmdevice.org\/it\/wp-json\/wp\/v2\/users\/1"}],"replies":[{"embeddable":true,"href":"https:\/\/www.myrhythmdevice.org\/it\/wp-json\/wp\/v2\/comments?post=1023"}],"version-history":[{"count":1,"href":"https:\/\/www.myrhythmdevice.org\/it\/wp-json\/wp\/v2\/pages\/1023\/revisions"}],"predecessor-version":[{"id":1238,"href":"https:\/\/www.myrhythmdevice.org\/it\/wp-json\/wp\/v2\/pages\/1023\/revisions\/1238"}],"up":[{"embeddable":true,"href":"https:\/\/www.myrhythmdevice.org\/it\/wp-json\/wp\/v2\/pages\/1021"}],"wp:attachment":[{"href":"https:\/\/www.myrhythmdevice.org\/it\/wp-json\/wp\/v2\/media?parent=1023"}],"wp:term":[{"taxonomy":"category","embeddable":true,"href":"https:\/\/www.myrhythmdevice.org\/it\/wp-json\/wp\/v2\/categories?post=1023"},{"taxonomy":"post_tag","embeddable":true,"href":"https:\/\/www.myrhythmdevice.org\/it\/wp-json\/wp\/v2\/tags?post=1023"}],"curies":[{"name":"wp","href":"https:\/\/api.w.org\/{rel}","templated":true}]}}