{"id":1020,"date":"2023-08-23T16:15:45","date_gmt":"2023-08-23T15:15:45","guid":{"rendered":"https:\/\/www.myrhythmdevice.org\/per-quanto-concerne-il-lavoro\/"},"modified":"2023-08-23T16:15:45","modified_gmt":"2023-08-23T15:15:45","slug":"per-quanto-concerne-il-lavoro","status":"publish","type":"page","link":"https:\/\/www.myrhythmdevice.org\/it\/vivere-con-un-dispositivo-cardiaco\/per-quanto-concerne-il-lavoro\/","title":{"rendered":"Per quanto concerne il lavoro"},"content":{"rendered":"<p><img loading=\"lazy\" decoding=\"async\" class=\"aligncenter wp-image-202\" src=\"https:\/\/cdn-endpoint-mrd.azureedge.net\/myrhythmdevice\/2022\/02\/shutterstock_1906367683-1-min.jpg\" alt=\"\" width=\"500\" height=\"333\" srcset=\"https:\/\/cdn-endpoint-mrd.azureedge.net\/myrhythmdevice\/2022\/02\/shutterstock_1906367683-1-min.jpg 900w, https:\/\/www.myrhythmdevice.org\/wp-content\/uploads\/2022\/02\/shutterstock_1906367683-1-min-300x200.jpg 300w, https:\/\/www.myrhythmdevice.org\/wp-content\/uploads\/2022\/02\/shutterstock_1906367683-1-min-768x512.jpg 768w, https:\/\/www.myrhythmdevice.org\/wp-content\/uploads\/2022\/02\/shutterstock_1906367683-1-min-600x400.jpg 600w\" sizes=\"auto, (max-width: 500px) 100vw, 500px\" \/><\/p>\n<h3>Dopo quanto tempo dall&#8217;impianto \u00e8 possibile tornare al lavoro?<\/h3>\n<p>I tempi di ritorno al lavoro dipendono dalla velocit\u00e0 di recupero dall&#8217;intervento e dal tipo di lavoro svolto. In caso di lavori impegnativi dal punto di vista fisico, \u00e8 necessario garantire tempi di recupero e guarigione adeguati. Per quanto riguarda invece le attivit\u00e0 leggere, \u00e8 possibile riprendere abbastanza rapidamente dopo alcuni giorni, a condizione che non siano presenti sintomi. Parlarne con il medico in base all&#8217;approccio individuale \u00e8 sempre un buon consiglio.<\/p>\n<h3>Ci sono lavori che non sar\u00f2 pi\u00f9 in grado di svolgere? (interferenze elettromagnetiche sul luogo di lavoro, lavori impegnativi dal punto di vista fisico, conduzione di autoveicoli)<\/h3>\n<p>Sar\u00e0 possibile tornare a svolgere la gran parte dei lavori pi\u00f9 comuni anche con un pacemaker o un ICD. Alcuni lavori ad alto rischio possono essere vietati ai portatori di pacemaker e\/o ICD, in base dell&#8217;ambiente di lavoro, agli aspetti di sicurezza sul lavoro e ai requisiti normativi locali. I contesti critici possono includere la presenza di forti campi elettromagnetici (ad esempio, impianti ad alta tensione), un&#8217;esposizione a rischio elevato (ad esempio, attivit\u00e0 di riparazione tetti) o un elevato grado di responsabilit\u00e0 (ad esempio, un pilota). \u00c8 importante discuterne con il proprio medico o con il medico del lavoro.<\/p>\n<h3>Devo informare il datore di lavoro e\/o i colleghi del mio dispositivo?<\/h3>\n<p>Questo dipende dal contratto di lavoro in essere e dalla normativa locale. Pu\u00f2 essere utile informare il proprio superiore e\/o i colleghi della propria condizione. Questa informazione potrebbe aiutarli a reagire correttamente in caso di emergenza (ad esempio, chiamando un&#8217;ambulanza, praticando la rianimazione cardiopolmonare, ecc.). Discutete di questo aspetto con la vostra famiglia e il vostro medico se non avete certezze al riguardo.<\/p>\n<h3>Ci sono precauzioni che il mio datore di lavoro deve adottare?<\/h3>\n<p>Gli obblighi legali per i datori di lavoro variano a seconda del Paese e delle dimensioni dell&#8217;azienda. Alcuni Paesi richiedono la formazione sulla rianimazione cardiopolmonare per i dipendenti delle aziende pi\u00f9 grandi. Nelle grandi aziende pu\u00f2 essere ragionevole installare un defibrillatore automatico esterno (DAE). Tuttavia, nella maggior parte dei Paesi non \u00e8 un obbligo di legge.<\/p>\n","protected":false},"excerpt":{"rendered":"<p>Dopo quanto tempo dall&#8217;impianto \u00e8 possibile tornare al lavoro? I tempi di ritorno al lavoro dipendono dalla velocit\u00e0 di recupero dall&#8217;intervento e dal tipo di lavoro svolto. In caso di lavori impegnativi dal punto di vista fisico, \u00e8 necessario garantire tempi di recupero e guarigione adeguati. Per quanto riguarda invece le attivit\u00e0 leggere, \u00e8 possibile [&hellip;]<\/p>\n","protected":false},"author":1,"featured_media":930,"parent":1021,"menu_order":5,"comment_status":"closed","ping_status":"closed","template":"","meta":{"_acf_changed":false,"footnotes":""},"categories":[],"tags":[],"class_list":["post-1020","page","type-page","status-publish","has-post-thumbnail","hentry"],"acf":[],"yoast_head":"<!-- This site is optimized with the Yoast SEO plugin v25.3.1 - https:\/\/yoast.com\/wordpress\/plugins\/seo\/ -->\n<title>Per quanto concerne il lavoro | My Rhythm Device<\/title>\n<meta name=\"description\" content=\"I tempi di ritorno al lavoro dipendono dalla velocit\u00e0 di recupero dall&#039;intervento e dal tipo di lavoro svolto.\" \/>\n<meta name=\"robots\" content=\"index, follow, max-snippet:-1, max-image-preview:large, max-video-preview:-1\" \/>\n<link rel=\"canonical\" href=\"https:\/\/www.myrhythmdevice.org\/it\/vivere-con-un-dispositivo-cardiaco\/per-quanto-concerne-il-lavoro\/\" \/>\n<meta property=\"og:locale\" content=\"it_IT\" \/>\n<meta property=\"og:type\" content=\"article\" \/>\n<meta property=\"og:title\" content=\"Per quanto concerne il lavoro | My Rhythm Device\" \/>\n<meta property=\"og:description\" content=\"I tempi di ritorno al lavoro dipendono dalla velocit\u00e0 di recupero dall&#039;intervento e dal tipo di lavoro svolto.\" \/>\n<meta property=\"og:url\" content=\"https:\/\/www.myrhythmdevice.org\/it\/vivere-con-un-dispositivo-cardiaco\/per-quanto-concerne-il-lavoro\/\" \/>\n<meta property=\"og:site_name\" content=\"myrhythmdevice.org\" \/>\n<meta property=\"og:image\" content=\"https:\/\/www.myrhythmdevice.org\/wp-content\/uploads\/2022\/02\/shutterstock_1906367683-1-min.jpg\" \/>\n\t<meta property=\"og:image:width\" content=\"900\" \/>\n\t<meta property=\"og:image:height\" content=\"600\" \/>\n\t<meta property=\"og:image:type\" content=\"image\/jpeg\" \/>\n<meta name=\"twitter:card\" content=\"summary_large_image\" \/>\n<meta name=\"twitter:label1\" content=\"Tempo di lettura stimato\" \/>\n\t<meta name=\"twitter:data1\" content=\"2 minuti\" \/>\n<script type=\"application\/ld+json\" class=\"yoast-schema-graph\">{\"@context\":\"https:\/\/schema.org\",\"@graph\":[{\"@type\":\"WebPage\",\"@id\":\"https:\/\/www.myrhythmdevice.org\/it\/vivere-con-un-dispositivo-cardiaco\/per-quanto-concerne-il-lavoro\/\",\"url\":\"https:\/\/www.myrhythmdevice.org\/it\/vivere-con-un-dispositivo-cardiaco\/per-quanto-concerne-il-lavoro\/\",\"name\":\"Per quanto concerne il lavoro | My Rhythm Device\",\"isPartOf\":{\"@id\":\"https:\/\/www.myrhythmdevice.org\/#website\"},\"primaryImageOfPage\":{\"@id\":\"https:\/\/www.myrhythmdevice.org\/it\/vivere-con-un-dispositivo-cardiaco\/per-quanto-concerne-il-lavoro\/#primaryimage\"},\"image\":{\"@id\":\"https:\/\/www.myrhythmdevice.org\/it\/vivere-con-un-dispositivo-cardiaco\/per-quanto-concerne-il-lavoro\/#primaryimage\"},\"thumbnailUrl\":\"https:\/\/www.myrhythmdevice.org\/wp-content\/uploads\/2022\/02\/shutterstock_1906367683-1-min.jpg\",\"datePublished\":\"2023-08-23T15:15:45+00:00\",\"description\":\"I tempi di ritorno al lavoro dipendono dalla velocit\u00e0 di recupero dall'intervento e dal tipo di lavoro svolto.\",\"breadcrumb\":{\"@id\":\"https:\/\/www.myrhythmdevice.org\/it\/vivere-con-un-dispositivo-cardiaco\/per-quanto-concerne-il-lavoro\/#breadcrumb\"},\"inLanguage\":\"it-IT\",\"potentialAction\":[{\"@type\":\"ReadAction\",\"target\":[\"https:\/\/www.myrhythmdevice.org\/it\/vivere-con-un-dispositivo-cardiaco\/per-quanto-concerne-il-lavoro\/\"]}]},{\"@type\":\"ImageObject\",\"inLanguage\":\"it-IT\",\"@id\":\"https:\/\/www.myrhythmdevice.org\/it\/vivere-con-un-dispositivo-cardiaco\/per-quanto-concerne-il-lavoro\/#primaryimage\",\"url\":\"https:\/\/www.myrhythmdevice.org\/wp-content\/uploads\/2022\/02\/shutterstock_1906367683-1-min.jpg\",\"contentUrl\":\"https:\/\/www.myrhythmdevice.org\/wp-content\/uploads\/2022\/02\/shutterstock_1906367683-1-min.jpg\",\"width\":900,\"height\":600},{\"@type\":\"BreadcrumbList\",\"@id\":\"https:\/\/www.myrhythmdevice.org\/it\/vivere-con-un-dispositivo-cardiaco\/per-quanto-concerne-il-lavoro\/#breadcrumb\",\"itemListElement\":[{\"@type\":\"ListItem\",\"position\":1,\"name\":\"Home\",\"item\":\"https:\/\/www.myrhythmdevice.org\/it\/\"},{\"@type\":\"ListItem\",\"position\":2,\"name\":\"Vivere con un dispositivo cardiaco\",\"item\":\"https:\/\/www.myrhythmdevice.org\/it\/vivere-con-un-dispositivo-cardiaco\/\"},{\"@type\":\"ListItem\",\"position\":3,\"name\":\"Per quanto concerne il lavoro\"}]},{\"@type\":\"WebSite\",\"@id\":\"https:\/\/www.myrhythmdevice.org\/#website\",\"url\":\"https:\/\/www.myrhythmdevice.org\/\",\"name\":\"myrhythmdevice.org\",\"description\":\"The website for patients with implanted cardiac devices, their caregivers and families.\",\"publisher\":{\"@id\":\"https:\/\/www.myrhythmdevice.org\/#organization\"},\"potentialAction\":[{\"@type\":\"SearchAction\",\"target\":{\"@type\":\"EntryPoint\",\"urlTemplate\":\"https:\/\/www.myrhythmdevice.org\/?s={search_term_string}\"},\"query-input\":{\"@type\":\"PropertyValueSpecification\",\"valueRequired\":true,\"valueName\":\"search_term_string\"}}],\"inLanguage\":\"it-IT\"},{\"@type\":\"Organization\",\"@id\":\"https:\/\/www.myrhythmdevice.org\/#organization\",\"name\":\"myrhythmdevice.org\",\"url\":\"https:\/\/www.myrhythmdevice.org\/\",\"logo\":{\"@type\":\"ImageObject\",\"inLanguage\":\"it-IT\",\"@id\":\"https:\/\/www.myrhythmdevice.org\/#\/schema\/logo\/image\/\",\"url\":\"https:\/\/cdn-endpoint-mrd.azureedge.net\/myrhythmdevice\/2022\/02\/LOGO-MRD.jpg\",\"contentUrl\":\"https:\/\/cdn-endpoint-mrd.azureedge.net\/myrhythmdevice\/2022\/02\/LOGO-MRD.jpg\",\"width\":1478,\"height\":326,\"caption\":\"myrhythmdevice.org\"},\"image\":{\"@id\":\"https:\/\/www.myrhythmdevice.org\/#\/schema\/logo\/image\/\"}}]}<\/script>\n<!-- \/ Yoast SEO plugin. -->","yoast_head_json":{"title":"Per quanto concerne il lavoro | My Rhythm Device","description":"I tempi di ritorno al lavoro dipendono dalla velocit\u00e0 di recupero dall'intervento e dal tipo di lavoro svolto.","robots":{"index":"index","follow":"follow","max-snippet":"max-snippet:-1","max-image-preview":"max-image-preview:large","max-video-preview":"max-video-preview:-1"},"canonical":"https:\/\/www.myrhythmdevice.org\/it\/vivere-con-un-dispositivo-cardiaco\/per-quanto-concerne-il-lavoro\/","og_locale":"it_IT","og_type":"article","og_title":"Per quanto concerne il lavoro | My Rhythm Device","og_description":"I tempi di ritorno al lavoro dipendono dalla velocit\u00e0 di recupero dall'intervento e dal tipo di lavoro svolto.","og_url":"https:\/\/www.myrhythmdevice.org\/it\/vivere-con-un-dispositivo-cardiaco\/per-quanto-concerne-il-lavoro\/","og_site_name":"myrhythmdevice.org","og_image":[{"width":900,"height":600,"url":"https:\/\/www.myrhythmdevice.org\/wp-content\/uploads\/2022\/02\/shutterstock_1906367683-1-min.jpg","type":"image\/jpeg"}],"twitter_card":"summary_large_image","twitter_misc":{"Tempo di lettura stimato":"2 minuti"},"schema":{"@context":"https:\/\/schema.org","@graph":[{"@type":"WebPage","@id":"https:\/\/www.myrhythmdevice.org\/it\/vivere-con-un-dispositivo-cardiaco\/per-quanto-concerne-il-lavoro\/","url":"https:\/\/www.myrhythmdevice.org\/it\/vivere-con-un-dispositivo-cardiaco\/per-quanto-concerne-il-lavoro\/","name":"Per quanto concerne il lavoro | My Rhythm Device","isPartOf":{"@id":"https:\/\/www.myrhythmdevice.org\/#website"},"primaryImageOfPage":{"@id":"https:\/\/www.myrhythmdevice.org\/it\/vivere-con-un-dispositivo-cardiaco\/per-quanto-concerne-il-lavoro\/#primaryimage"},"image":{"@id":"https:\/\/www.myrhythmdevice.org\/it\/vivere-con-un-dispositivo-cardiaco\/per-quanto-concerne-il-lavoro\/#primaryimage"},"thumbnailUrl":"https:\/\/www.myrhythmdevice.org\/wp-content\/uploads\/2022\/02\/shutterstock_1906367683-1-min.jpg","datePublished":"2023-08-23T15:15:45+00:00","description":"I tempi di ritorno al lavoro dipendono dalla velocit\u00e0 di recupero dall'intervento e dal tipo di lavoro svolto.","breadcrumb":{"@id":"https:\/\/www.myrhythmdevice.org\/it\/vivere-con-un-dispositivo-cardiaco\/per-quanto-concerne-il-lavoro\/#breadcrumb"},"inLanguage":"it-IT","potentialAction":[{"@type":"ReadAction","target":["https:\/\/www.myrhythmdevice.org\/it\/vivere-con-un-dispositivo-cardiaco\/per-quanto-concerne-il-lavoro\/"]}]},{"@type":"ImageObject","inLanguage":"it-IT","@id":"https:\/\/www.myrhythmdevice.org\/it\/vivere-con-un-dispositivo-cardiaco\/per-quanto-concerne-il-lavoro\/#primaryimage","url":"https:\/\/www.myrhythmdevice.org\/wp-content\/uploads\/2022\/02\/shutterstock_1906367683-1-min.jpg","contentUrl":"https:\/\/www.myrhythmdevice.org\/wp-content\/uploads\/2022\/02\/shutterstock_1906367683-1-min.jpg","width":900,"height":600},{"@type":"BreadcrumbList","@id":"https:\/\/www.myrhythmdevice.org\/it\/vivere-con-un-dispositivo-cardiaco\/per-quanto-concerne-il-lavoro\/#breadcrumb","itemListElement":[{"@type":"ListItem","position":1,"name":"Home","item":"https:\/\/www.myrhythmdevice.org\/it\/"},{"@type":"ListItem","position":2,"name":"Vivere con un dispositivo cardiaco","item":"https:\/\/www.myrhythmdevice.org\/it\/vivere-con-un-dispositivo-cardiaco\/"},{"@type":"ListItem","position":3,"name":"Per quanto concerne il lavoro"}]},{"@type":"WebSite","@id":"https:\/\/www.myrhythmdevice.org\/#website","url":"https:\/\/www.myrhythmdevice.org\/","name":"myrhythmdevice.org","description":"The website for patients with implanted cardiac devices, their caregivers and families.","publisher":{"@id":"https:\/\/www.myrhythmdevice.org\/#organization"},"potentialAction":[{"@type":"SearchAction","target":{"@type":"EntryPoint","urlTemplate":"https:\/\/www.myrhythmdevice.org\/?s={search_term_string}"},"query-input":{"@type":"PropertyValueSpecification","valueRequired":true,"valueName":"search_term_string"}}],"inLanguage":"it-IT"},{"@type":"Organization","@id":"https:\/\/www.myrhythmdevice.org\/#organization","name":"myrhythmdevice.org","url":"https:\/\/www.myrhythmdevice.org\/","logo":{"@type":"ImageObject","inLanguage":"it-IT","@id":"https:\/\/www.myrhythmdevice.org\/#\/schema\/logo\/image\/","url":"https:\/\/cdn-endpoint-mrd.azureedge.net\/myrhythmdevice\/2022\/02\/LOGO-MRD.jpg","contentUrl":"https:\/\/cdn-endpoint-mrd.azureedge.net\/myrhythmdevice\/2022\/02\/LOGO-MRD.jpg","width":1478,"height":326,"caption":"myrhythmdevice.org"},"image":{"@id":"https:\/\/www.myrhythmdevice.org\/#\/schema\/logo\/image\/"}}]}},"_links":{"self":[{"href":"https:\/\/www.myrhythmdevice.org\/it\/wp-json\/wp\/v2\/pages\/1020","targetHints":{"allow":["GET"]}}],"collection":[{"href":"https:\/\/www.myrhythmdevice.org\/it\/wp-json\/wp\/v2\/pages"}],"about":[{"href":"https:\/\/www.myrhythmdevice.org\/it\/wp-json\/wp\/v2\/types\/page"}],"author":[{"embeddable":true,"href":"https:\/\/www.myrhythmdevice.org\/it\/wp-json\/wp\/v2\/users\/1"}],"replies":[{"embeddable":true,"href":"https:\/\/www.myrhythmdevice.org\/it\/wp-json\/wp\/v2\/comments?post=1020"}],"version-history":[{"count":0,"href":"https:\/\/www.myrhythmdevice.org\/it\/wp-json\/wp\/v2\/pages\/1020\/revisions"}],"up":[{"embeddable":true,"href":"https:\/\/www.myrhythmdevice.org\/it\/wp-json\/wp\/v2\/pages\/1021"}],"wp:featuredmedia":[{"embeddable":true,"href":"https:\/\/www.myrhythmdevice.org\/it\/wp-json\/wp\/v2\/media\/930"}],"wp:attachment":[{"href":"https:\/\/www.myrhythmdevice.org\/it\/wp-json\/wp\/v2\/media?parent=1020"}],"wp:term":[{"taxonomy":"category","embeddable":true,"href":"https:\/\/www.myrhythmdevice.org\/it\/wp-json\/wp\/v2\/categories?post=1020"},{"taxonomy":"post_tag","embeddable":true,"href":"https:\/\/www.myrhythmdevice.org\/it\/wp-json\/wp\/v2\/tags?post=1020"}],"curies":[{"name":"wp","href":"https:\/\/api.w.org\/{rel}","templated":true}]}}