{"id":1015,"date":"2023-08-23T16:15:43","date_gmt":"2023-08-23T15:15:43","guid":{"rendered":"https:\/\/www.myrhythmdevice.org\/interferenze-elettromagnetiche-con-le-tecnologie-di-utilizzo-quotidiano\/"},"modified":"2023-08-23T16:15:43","modified_gmt":"2023-08-23T15:15:43","slug":"interferenze-elettromagnetiche-con-le-tecnologie-di-utilizzo-quotidiano","status":"publish","type":"page","link":"https:\/\/www.myrhythmdevice.org\/it\/vivere-con-un-dispositivo-cardiaco\/interferenze-elettromagnetiche-con-le-tecnologie-di-utilizzo-quotidiano\/","title":{"rendered":"Interferenze elettromagnetiche con le tecnologie di utilizzo quotidiano"},"content":{"rendered":"<h3>(telefoni cellulari\/smartphone, smartwatch, attrezzature per il giardinaggio, microonde, piani a induzione, aeroporti, negozi, auto elettriche, &#8230;)<\/h3>\n<p><img loading=\"lazy\" decoding=\"async\" class=\"aligncenter wp-image-213\" src=\"https:\/\/cdn-endpoint-mrd.azureedge.net\/myrhythmdevice\/2022\/02\/shutterstock_1198030981-1-min.jpg\" alt=\"\" width=\"500\" height=\"218\" srcset=\"https:\/\/cdn-endpoint-mrd.azureedge.net\/myrhythmdevice\/2022\/02\/shutterstock_1198030981-1-min.jpg 900w, https:\/\/www.myrhythmdevice.org\/wp-content\/uploads\/2022\/02\/shutterstock_1198030981-1-min-300x131.jpg 300w, https:\/\/www.myrhythmdevice.org\/wp-content\/uploads\/2022\/02\/shutterstock_1198030981-1-min-768x335.jpg 768w, https:\/\/www.myrhythmdevice.org\/wp-content\/uploads\/2022\/02\/shutterstock_1198030981-1-min-600x262.jpg 600w\" sizes=\"auto, (max-width: 500px) 100vw, 500px\" \/><\/p>\n<p>Le seguenti attivit\u00e0 richiedono alcune precauzioni:<\/p>\n<ul>\n<li>\u00c8 possibile utilizzare un telefono cellulare o uno smartphone, ma bisogna cercare di mantenere una distanza di 15-30 cm tra il dispositivo impiantato e il telefono. Gli smartphone pi\u00f9 recenti possono essere dotati di un magnete potente (come l&#8217;iPhone 12+), in grado di disattivare alcune funzioni dell&#8217;ICD se tenuti direttamente sopra il dispositivo.<\/li>\n<li>I piani di cottura a induzione utilizzano un campo magnetico per generare calore. \u00c8 possibile utilizzare un piano a induzione, ma \u00e8 necessario mantenere una distanza di 50 cm tra il piano e il dispositivo quando il piano \u00e8 in funzione.<\/li>\n<li>In aeroporto, i controlli di sicurezza possono utilizzare campi elettromagnetici per esaminare i passeggeri. \u00c8 necessario informare gli addetti alla sicurezza che si \u00e8 portatori di un dispositivo cardiaco impiantato. \u00c8 probabile che si venga indirizzati a un controllo di sicurezza alternativo, che sar\u00e0 eseguito manualmente. Si raccomanda di avere con s\u00e9 la scheda identificativa del dispositivo impiantato come certificazione giustificativa.<\/li>\n<\/ul>\n<p>&nbsp;<\/p>\n<p>\u00c8 possibile utilizzare senza ulteriori restrizioni:<\/p>\n<ul>\n<li>smartwatch;<\/li>\n<li>forni a microonde;<\/li>\n<li>\u00c8 possibile utilizzare senza ulteriori restrizioni apparecchiature per il giardinaggio quali cesoie o tagliaerba elettrici. Assicurarsi che tutte le apparecchiature dispongano di un&#8217;adeguata messa a terra.<\/li>\n<\/ul>\n<p>&nbsp;<\/p>\n<p>Molti produttori di dispositivi cardiaci forniscono una panoramica pi\u00f9 dettagliata e istruzioni pi\u00f9 approfondite per i pazienti:<\/p>\n<ul>\n<li><a href=\"https:\/\/www.medtronic.com\/content\/dam\/medtronic-com\/01_crhf\/tachy\/documents\/EMC%20Guide%202016%20201103391eENp8.pdf?bypassIM=true\" target=\"_blank\" rel=\"noopener\">Medtronic<\/a><\/li>\n<li><a href=\"https:\/\/biotronik.cdn.mediamid.com\/cdn_bio_doc\/bio23016\/8207\/bio23016.pdf\" target=\"_blank\" rel=\"noopener\">Biotronik<\/a><\/li>\n<li><a href=\"https:\/\/www.cardiovascular.abbott\/us\/en\/patients\/cardiovascular-device-patient-services\/emi.html\" target=\"_blank\" rel=\"noopener\">Abbott<\/a><\/li>\n<li><a href=\"https:\/\/www.bostonscientific.com\/content\/dam\/lifebeat-online\/en\/documents\/BSC_Electromagnetic_Compatibility_Guide.pdf\" target=\"_blank\" rel=\"noopener\">Boston Scientific<\/a><\/li>\n<\/ul>\n","protected":false},"excerpt":{"rendered":"<p>(telefoni cellulari\/smartphone, smartwatch, attrezzature per il giardinaggio, microonde, piani a induzione, aeroporti, negozi, auto elettriche, &#8230;) Le seguenti attivit\u00e0 richiedono alcune precauzioni: \u00c8 possibile utilizzare un telefono cellulare o uno smartphone, ma bisogna cercare di mantenere una distanza di 15-30 cm tra il dispositivo impiantato e il telefono. Gli smartphone pi\u00f9 recenti possono essere dotati [&hellip;]<\/p>\n","protected":false},"author":1,"featured_media":933,"parent":1021,"menu_order":9,"comment_status":"closed","ping_status":"closed","template":"","meta":{"_acf_changed":false,"footnotes":""},"categories":[],"tags":[],"class_list":["post-1015","page","type-page","status-publish","has-post-thumbnail","hentry"],"acf":[],"yoast_head":"<!-- This site is optimized with the Yoast SEO plugin v26.0 - https:\/\/yoast.com\/wordpress\/plugins\/seo\/ -->\n<title>Interferenze elettromagnetiche | My Rhytmh Device<\/title>\n<meta name=\"description\" content=\"Per saperne di pi\u00f9 sulle tecnologie da utilizzare con cautela e su quelle che possono essere utilizzate senza ulteriori restrizioni.\" \/>\n<meta name=\"robots\" content=\"index, follow, max-snippet:-1, max-image-preview:large, max-video-preview:-1\" \/>\n<link rel=\"canonical\" href=\"https:\/\/www.myrhythmdevice.org\/it\/vivere-con-un-dispositivo-cardiaco\/interferenze-elettromagnetiche-con-le-tecnologie-di-utilizzo-quotidiano\/\" \/>\n<meta property=\"og:locale\" content=\"it_IT\" \/>\n<meta property=\"og:type\" content=\"article\" \/>\n<meta property=\"og:title\" content=\"Interferenze elettromagnetiche | My Rhytmh Device\" \/>\n<meta property=\"og:description\" content=\"Per saperne di pi\u00f9 sulle tecnologie da utilizzare con cautela e su quelle che possono essere utilizzate senza ulteriori restrizioni.\" \/>\n<meta property=\"og:url\" content=\"https:\/\/www.myrhythmdevice.org\/it\/vivere-con-un-dispositivo-cardiaco\/interferenze-elettromagnetiche-con-le-tecnologie-di-utilizzo-quotidiano\/\" \/>\n<meta property=\"og:site_name\" content=\"myrhythmdevice.org\" \/>\n<meta property=\"og:image\" content=\"https:\/\/www.myrhythmdevice.org\/wp-content\/uploads\/2022\/02\/shutterstock_1198030981-1-min.jpg\" \/>\n\t<meta property=\"og:image:width\" content=\"900\" \/>\n\t<meta property=\"og:image:height\" content=\"393\" \/>\n\t<meta property=\"og:image:type\" content=\"image\/jpeg\" \/>\n<meta name=\"twitter:card\" content=\"summary_large_image\" \/>\n<meta name=\"twitter:label1\" content=\"Tempo di lettura stimato\" \/>\n\t<meta name=\"twitter:data1\" content=\"1 minuto\" \/>\n<script type=\"application\/ld+json\" class=\"yoast-schema-graph\">{\"@context\":\"https:\/\/schema.org\",\"@graph\":[{\"@type\":\"WebPage\",\"@id\":\"https:\/\/www.myrhythmdevice.org\/it\/vivere-con-un-dispositivo-cardiaco\/interferenze-elettromagnetiche-con-le-tecnologie-di-utilizzo-quotidiano\/\",\"url\":\"https:\/\/www.myrhythmdevice.org\/it\/vivere-con-un-dispositivo-cardiaco\/interferenze-elettromagnetiche-con-le-tecnologie-di-utilizzo-quotidiano\/\",\"name\":\"Interferenze elettromagnetiche | My Rhytmh Device\",\"isPartOf\":{\"@id\":\"https:\/\/www.myrhythmdevice.org\/#website\"},\"primaryImageOfPage\":{\"@id\":\"https:\/\/www.myrhythmdevice.org\/it\/vivere-con-un-dispositivo-cardiaco\/interferenze-elettromagnetiche-con-le-tecnologie-di-utilizzo-quotidiano\/#primaryimage\"},\"image\":{\"@id\":\"https:\/\/www.myrhythmdevice.org\/it\/vivere-con-un-dispositivo-cardiaco\/interferenze-elettromagnetiche-con-le-tecnologie-di-utilizzo-quotidiano\/#primaryimage\"},\"thumbnailUrl\":\"https:\/\/www.myrhythmdevice.org\/wp-content\/uploads\/2022\/02\/shutterstock_1198030981-1-min.jpg\",\"datePublished\":\"2023-08-23T15:15:43+00:00\",\"description\":\"Per saperne di pi\u00f9 sulle tecnologie da utilizzare con cautela e su quelle che possono essere utilizzate senza ulteriori restrizioni.\",\"breadcrumb\":{\"@id\":\"https:\/\/www.myrhythmdevice.org\/it\/vivere-con-un-dispositivo-cardiaco\/interferenze-elettromagnetiche-con-le-tecnologie-di-utilizzo-quotidiano\/#breadcrumb\"},\"inLanguage\":\"it-IT\",\"potentialAction\":[{\"@type\":\"ReadAction\",\"target\":[\"https:\/\/www.myrhythmdevice.org\/it\/vivere-con-un-dispositivo-cardiaco\/interferenze-elettromagnetiche-con-le-tecnologie-di-utilizzo-quotidiano\/\"]}]},{\"@type\":\"ImageObject\",\"inLanguage\":\"it-IT\",\"@id\":\"https:\/\/www.myrhythmdevice.org\/it\/vivere-con-un-dispositivo-cardiaco\/interferenze-elettromagnetiche-con-le-tecnologie-di-utilizzo-quotidiano\/#primaryimage\",\"url\":\"https:\/\/www.myrhythmdevice.org\/wp-content\/uploads\/2022\/02\/shutterstock_1198030981-1-min.jpg\",\"contentUrl\":\"https:\/\/www.myrhythmdevice.org\/wp-content\/uploads\/2022\/02\/shutterstock_1198030981-1-min.jpg\",\"width\":900,\"height\":393},{\"@type\":\"BreadcrumbList\",\"@id\":\"https:\/\/www.myrhythmdevice.org\/it\/vivere-con-un-dispositivo-cardiaco\/interferenze-elettromagnetiche-con-le-tecnologie-di-utilizzo-quotidiano\/#breadcrumb\",\"itemListElement\":[{\"@type\":\"ListItem\",\"position\":1,\"name\":\"Home\",\"item\":\"https:\/\/www.myrhythmdevice.org\/it\/\"},{\"@type\":\"ListItem\",\"position\":2,\"name\":\"Vivere con un dispositivo cardiaco\",\"item\":\"https:\/\/www.myrhythmdevice.org\/it\/vivere-con-un-dispositivo-cardiaco\/\"},{\"@type\":\"ListItem\",\"position\":3,\"name\":\"Interferenze elettromagnetiche con le tecnologie di utilizzo quotidiano\"}]},{\"@type\":\"WebSite\",\"@id\":\"https:\/\/www.myrhythmdevice.org\/#website\",\"url\":\"https:\/\/www.myrhythmdevice.org\/\",\"name\":\"myrhythmdevice.org\",\"description\":\"The website for patients with implanted cardiac devices, their caregivers and families.\",\"publisher\":{\"@id\":\"https:\/\/www.myrhythmdevice.org\/#organization\"},\"potentialAction\":[{\"@type\":\"SearchAction\",\"target\":{\"@type\":\"EntryPoint\",\"urlTemplate\":\"https:\/\/www.myrhythmdevice.org\/?s={search_term_string}\"},\"query-input\":{\"@type\":\"PropertyValueSpecification\",\"valueRequired\":true,\"valueName\":\"search_term_string\"}}],\"inLanguage\":\"it-IT\"},{\"@type\":\"Organization\",\"@id\":\"https:\/\/www.myrhythmdevice.org\/#organization\",\"name\":\"myrhythmdevice.org\",\"url\":\"https:\/\/www.myrhythmdevice.org\/\",\"logo\":{\"@type\":\"ImageObject\",\"inLanguage\":\"it-IT\",\"@id\":\"https:\/\/www.myrhythmdevice.org\/#\/schema\/logo\/image\/\",\"url\":\"https:\/\/cdn-endpoint-mrd.azureedge.net\/myrhythmdevice\/2022\/02\/LOGO-MRD.jpg\",\"contentUrl\":\"https:\/\/cdn-endpoint-mrd.azureedge.net\/myrhythmdevice\/2022\/02\/LOGO-MRD.jpg\",\"width\":1478,\"height\":326,\"caption\":\"myrhythmdevice.org\"},\"image\":{\"@id\":\"https:\/\/www.myrhythmdevice.org\/#\/schema\/logo\/image\/\"}}]}<\/script>\n<!-- \/ Yoast SEO plugin. -->","yoast_head_json":{"title":"Interferenze elettromagnetiche | My Rhytmh Device","description":"Per saperne di pi\u00f9 sulle tecnologie da utilizzare con cautela e su quelle che possono essere utilizzate senza ulteriori restrizioni.","robots":{"index":"index","follow":"follow","max-snippet":"max-snippet:-1","max-image-preview":"max-image-preview:large","max-video-preview":"max-video-preview:-1"},"canonical":"https:\/\/www.myrhythmdevice.org\/it\/vivere-con-un-dispositivo-cardiaco\/interferenze-elettromagnetiche-con-le-tecnologie-di-utilizzo-quotidiano\/","og_locale":"it_IT","og_type":"article","og_title":"Interferenze elettromagnetiche | My Rhytmh Device","og_description":"Per saperne di pi\u00f9 sulle tecnologie da utilizzare con cautela e su quelle che possono essere utilizzate senza ulteriori restrizioni.","og_url":"https:\/\/www.myrhythmdevice.org\/it\/vivere-con-un-dispositivo-cardiaco\/interferenze-elettromagnetiche-con-le-tecnologie-di-utilizzo-quotidiano\/","og_site_name":"myrhythmdevice.org","og_image":[{"width":900,"height":393,"url":"https:\/\/www.myrhythmdevice.org\/wp-content\/uploads\/2022\/02\/shutterstock_1198030981-1-min.jpg","type":"image\/jpeg"}],"twitter_card":"summary_large_image","twitter_misc":{"Tempo di lettura stimato":"1 minuto"},"schema":{"@context":"https:\/\/schema.org","@graph":[{"@type":"WebPage","@id":"https:\/\/www.myrhythmdevice.org\/it\/vivere-con-un-dispositivo-cardiaco\/interferenze-elettromagnetiche-con-le-tecnologie-di-utilizzo-quotidiano\/","url":"https:\/\/www.myrhythmdevice.org\/it\/vivere-con-un-dispositivo-cardiaco\/interferenze-elettromagnetiche-con-le-tecnologie-di-utilizzo-quotidiano\/","name":"Interferenze elettromagnetiche | My Rhytmh Device","isPartOf":{"@id":"https:\/\/www.myrhythmdevice.org\/#website"},"primaryImageOfPage":{"@id":"https:\/\/www.myrhythmdevice.org\/it\/vivere-con-un-dispositivo-cardiaco\/interferenze-elettromagnetiche-con-le-tecnologie-di-utilizzo-quotidiano\/#primaryimage"},"image":{"@id":"https:\/\/www.myrhythmdevice.org\/it\/vivere-con-un-dispositivo-cardiaco\/interferenze-elettromagnetiche-con-le-tecnologie-di-utilizzo-quotidiano\/#primaryimage"},"thumbnailUrl":"https:\/\/www.myrhythmdevice.org\/wp-content\/uploads\/2022\/02\/shutterstock_1198030981-1-min.jpg","datePublished":"2023-08-23T15:15:43+00:00","description":"Per saperne di pi\u00f9 sulle tecnologie da utilizzare con cautela e su quelle che possono essere utilizzate senza ulteriori restrizioni.","breadcrumb":{"@id":"https:\/\/www.myrhythmdevice.org\/it\/vivere-con-un-dispositivo-cardiaco\/interferenze-elettromagnetiche-con-le-tecnologie-di-utilizzo-quotidiano\/#breadcrumb"},"inLanguage":"it-IT","potentialAction":[{"@type":"ReadAction","target":["https:\/\/www.myrhythmdevice.org\/it\/vivere-con-un-dispositivo-cardiaco\/interferenze-elettromagnetiche-con-le-tecnologie-di-utilizzo-quotidiano\/"]}]},{"@type":"ImageObject","inLanguage":"it-IT","@id":"https:\/\/www.myrhythmdevice.org\/it\/vivere-con-un-dispositivo-cardiaco\/interferenze-elettromagnetiche-con-le-tecnologie-di-utilizzo-quotidiano\/#primaryimage","url":"https:\/\/www.myrhythmdevice.org\/wp-content\/uploads\/2022\/02\/shutterstock_1198030981-1-min.jpg","contentUrl":"https:\/\/www.myrhythmdevice.org\/wp-content\/uploads\/2022\/02\/shutterstock_1198030981-1-min.jpg","width":900,"height":393},{"@type":"BreadcrumbList","@id":"https:\/\/www.myrhythmdevice.org\/it\/vivere-con-un-dispositivo-cardiaco\/interferenze-elettromagnetiche-con-le-tecnologie-di-utilizzo-quotidiano\/#breadcrumb","itemListElement":[{"@type":"ListItem","position":1,"name":"Home","item":"https:\/\/www.myrhythmdevice.org\/it\/"},{"@type":"ListItem","position":2,"name":"Vivere con un dispositivo cardiaco","item":"https:\/\/www.myrhythmdevice.org\/it\/vivere-con-un-dispositivo-cardiaco\/"},{"@type":"ListItem","position":3,"name":"Interferenze elettromagnetiche con le tecnologie di utilizzo quotidiano"}]},{"@type":"WebSite","@id":"https:\/\/www.myrhythmdevice.org\/#website","url":"https:\/\/www.myrhythmdevice.org\/","name":"myrhythmdevice.org","description":"The website for patients with implanted cardiac devices, their caregivers and families.","publisher":{"@id":"https:\/\/www.myrhythmdevice.org\/#organization"},"potentialAction":[{"@type":"SearchAction","target":{"@type":"EntryPoint","urlTemplate":"https:\/\/www.myrhythmdevice.org\/?s={search_term_string}"},"query-input":{"@type":"PropertyValueSpecification","valueRequired":true,"valueName":"search_term_string"}}],"inLanguage":"it-IT"},{"@type":"Organization","@id":"https:\/\/www.myrhythmdevice.org\/#organization","name":"myrhythmdevice.org","url":"https:\/\/www.myrhythmdevice.org\/","logo":{"@type":"ImageObject","inLanguage":"it-IT","@id":"https:\/\/www.myrhythmdevice.org\/#\/schema\/logo\/image\/","url":"https:\/\/cdn-endpoint-mrd.azureedge.net\/myrhythmdevice\/2022\/02\/LOGO-MRD.jpg","contentUrl":"https:\/\/cdn-endpoint-mrd.azureedge.net\/myrhythmdevice\/2022\/02\/LOGO-MRD.jpg","width":1478,"height":326,"caption":"myrhythmdevice.org"},"image":{"@id":"https:\/\/www.myrhythmdevice.org\/#\/schema\/logo\/image\/"}}]}},"_links":{"self":[{"href":"https:\/\/www.myrhythmdevice.org\/it\/wp-json\/wp\/v2\/pages\/1015","targetHints":{"allow":["GET"]}}],"collection":[{"href":"https:\/\/www.myrhythmdevice.org\/it\/wp-json\/wp\/v2\/pages"}],"about":[{"href":"https:\/\/www.myrhythmdevice.org\/it\/wp-json\/wp\/v2\/types\/page"}],"author":[{"embeddable":true,"href":"https:\/\/www.myrhythmdevice.org\/it\/wp-json\/wp\/v2\/users\/1"}],"replies":[{"embeddable":true,"href":"https:\/\/www.myrhythmdevice.org\/it\/wp-json\/wp\/v2\/comments?post=1015"}],"version-history":[{"count":0,"href":"https:\/\/www.myrhythmdevice.org\/it\/wp-json\/wp\/v2\/pages\/1015\/revisions"}],"up":[{"embeddable":true,"href":"https:\/\/www.myrhythmdevice.org\/it\/wp-json\/wp\/v2\/pages\/1021"}],"wp:featuredmedia":[{"embeddable":true,"href":"https:\/\/www.myrhythmdevice.org\/it\/wp-json\/wp\/v2\/media\/933"}],"wp:attachment":[{"href":"https:\/\/www.myrhythmdevice.org\/it\/wp-json\/wp\/v2\/media?parent=1015"}],"wp:term":[{"taxonomy":"category","embeddable":true,"href":"https:\/\/www.myrhythmdevice.org\/it\/wp-json\/wp\/v2\/categories?post=1015"},{"taxonomy":"post_tag","embeddable":true,"href":"https:\/\/www.myrhythmdevice.org\/it\/wp-json\/wp\/v2\/tags?post=1015"}],"curies":[{"name":"wp","href":"https:\/\/api.w.org\/{rel}","templated":true}]}}