{"id":1012,"date":"2023-08-23T16:15:42","date_gmt":"2023-08-23T15:15:42","guid":{"rendered":"https:\/\/www.myrhythmdevice.org\/viaggiare\/"},"modified":"2023-08-23T16:15:42","modified_gmt":"2023-08-23T15:15:42","slug":"viaggiare","status":"publish","type":"page","link":"https:\/\/www.myrhythmdevice.org\/it\/vivere-con-un-dispositivo-cardiaco\/viaggiare\/","title":{"rendered":"Viaggiare"},"content":{"rendered":"<p><img loading=\"lazy\" decoding=\"async\" class=\"aligncenter wp-image-190\" src=\"https:\/\/cdn-endpoint-mrd.azureedge.net\/myrhythmdevice\/2022\/02\/shutterstock_425996818-1-min.jpg\" alt=\"\" width=\"500\" height=\"333\" srcset=\"https:\/\/cdn-endpoint-mrd.azureedge.net\/myrhythmdevice\/2022\/02\/shutterstock_425996818-1-min.jpg 900w, https:\/\/www.myrhythmdevice.org\/wp-content\/uploads\/2022\/02\/shutterstock_425996818-1-min-300x200.jpg 300w, https:\/\/www.myrhythmdevice.org\/wp-content\/uploads\/2022\/02\/shutterstock_425996818-1-min-768x512.jpg 768w, https:\/\/www.myrhythmdevice.org\/wp-content\/uploads\/2022\/02\/shutterstock_425996818-1-min-600x400.jpg 600w\" sizes=\"auto, (max-width: 500px) 100vw, 500px\" \/><\/p>\n<p>I dispositivi cardiaci di per s\u00e9 non hanno quasi alcuna limitazione quando si viaggia. In generale, \u00e8 la cardiopatia o l&#8217;aritmia che ha portato all&#8217;impianto del dispositivo a limitare le attivit\u00e0 di viaggio dei pazienti. Pertanto, prima di partire, \u00e8 consigliabile consultare il proprio cardiologo per discutere di eventuali limitazioni in relazione alle vacanze previste. Potrebbe essere opportuno sottoporsi a un check-up del dispositivo, soprattutto in caso di viaggi lunghi.<\/p>\n<p>Dopo l&#8217;impianto del dispositivo, \u00e8 ragionevole viaggiare solo a seguito della completa guarigione della ferita, perch\u00e9 il movimento del braccio sul sito di impianto \u00e8 limitato e il rischio di infezione della ferita e di dislocazione dell&#8217;elettrocatetere \u00e8 elevato nell&#8217;immediata fase post-impianto. Tuttavia, in caso di necessit\u00e0 e in assenza di complicazioni, \u00e8 possibile prendere l&#8217;aereo dopo circa 48 ore dall&#8217;impianto, se pu\u00f2 essere escluso il pneumotorace (presenza di aria nello spazio compreso tra polmone e parete toracica, che genere una pressione contro l&#8217;esterno del polmone facendolo collassare).<\/p>\n<p>I pazienti con dispositivi cardiaci possono superare senza problemi i controlli di sicurezza, compresi metal detector e body scanner. \u00c8 solo necessario evitare il passaggio ripetuto di un metal detector sul dispositivo. Tuttavia, poich\u00e9 esiste la possibilit\u00e0 di interferenza tra il metal detector e il dispositivo cardiaco, si consiglia di identificarsi come portatori di un dispositivo cardiaco esibendo la scheda identificativa del dispositivo (ID) o il passaporto. \u00c8 consigliabile disporre di questi documenti in lingua inglese, in caso di viaggi internazionali.<\/p>\n<p>Quando si viaggia in fusi orari diversi, potrebbe essere consigliabile disattivare la frequenza di sonno programmata.<\/p>\n<p>Portare sempre con s\u00e9 il numero di polizza della propria assicurazione medica e di viaggio e la tessera europea di assicurazione sanitaria, utilizzabile per dimostrare di avere diritto all&#8217;assistenza medica. Inoltre, quando si viaggia con un dispositivo cardiaco \u00e8 bene portare con s\u00e9:<\/p>\n<ul>\n<li>una quantit\u00e0 sufficiente di medicinali;<\/li>\n<li>sintesi dell&#8217;anamnesi e dei farmaci assunti;<\/li>\n<li>numero telefonico dell&#8217;ospedale presso il quale si \u00e8 in trattamento;<\/li>\n<li>dettagli dell&#8217;assicurazione sanitaria e di viaggio, compresi i numeri di emergenza;<\/li>\n<li>numero di telefono del produttore del dispositivo;<\/li>\n<li>scheda identificativa (ID) del dispositivo cardiaco o passaporto.<\/li>\n<\/ul>\n<p>&nbsp;<\/p>\n<p>Soprattutto nel caso di ICD, prima di partire \u00e8 bene verificare se nelle vicinanze della destinazione scelta per le vacanze sono presenti ospedali a cui potersi rivolgere in caso di emergenza. I seguenti produttori di dispositivi cardiaci mettono a disposizione un elenco di ospedali in tutto il mondo che sono attrezzati per assistere i pazienti portatori di tali dispositivi:<\/p>\n<ul>\n<li>Biotronik: <a href=\"https:\/\/www.biotronik.com\/en-us\/patients\/travel-guide\">https:\/\/www.biotronik.com\/en-us\/patients\/travel-guide<\/a><\/li>\n<li>Medtronic: <a href=\"http:\/\/www.medtronic.com\/traveling\/\">http:\/\/www.medtronic.com\/traveling<\/a><\/li>\n<li>BostonScientific: <a href=\"https:\/\/www.bostonscientific.com\/en-US\/patients\/find-a-heart-specialist.html\">https:\/\/www.bostonscientific.com\/en-US\/patients\/find-a-heart-specialist.html<\/a><\/li>\n<\/ul>\n","protected":false},"excerpt":{"rendered":"<p>I dispositivi cardiaci di per s\u00e9 non hanno quasi alcuna limitazione quando si viaggia. In generale, \u00e8 la cardiopatia o l&#8217;aritmia che ha portato all&#8217;impianto del dispositivo a limitare le attivit\u00e0 di viaggio dei pazienti. Pertanto, prima di partire, \u00e8 consigliabile consultare il proprio cardiologo per discutere di eventuali limitazioni in relazione alle vacanze previste. [&hellip;]<\/p>\n","protected":false},"author":1,"featured_media":928,"parent":1021,"menu_order":3,"comment_status":"closed","ping_status":"closed","template":"","meta":{"_acf_changed":false,"footnotes":""},"categories":[],"tags":[],"class_list":["post-1012","page","type-page","status-publish","has-post-thumbnail","hentry"],"acf":[],"yoast_head":"<!-- This site is optimized with the Yoast SEO plugin v26.0 - https:\/\/yoast.com\/wordpress\/plugins\/seo\/ -->\n<title>Viaggiare | My Rhythm Device<\/title>\n<meta name=\"description\" content=\"Il dispositivo cardiaco di per s\u00e9 non ha quasi alcuna limitazione quando si viaggia. Tuttavia, prima di partire \u00e8 bene consultare il proprio cardiologo di fiducia.\" \/>\n<meta name=\"robots\" content=\"index, follow, max-snippet:-1, max-image-preview:large, max-video-preview:-1\" \/>\n<link rel=\"canonical\" href=\"https:\/\/www.myrhythmdevice.org\/it\/vivere-con-un-dispositivo-cardiaco\/viaggiare\/\" \/>\n<meta property=\"og:locale\" content=\"it_IT\" \/>\n<meta property=\"og:type\" content=\"article\" \/>\n<meta property=\"og:title\" content=\"Viaggiare | My Rhythm Device\" \/>\n<meta property=\"og:description\" content=\"Il dispositivo cardiaco di per s\u00e9 non ha quasi alcuna limitazione quando si viaggia. Tuttavia, prima di partire \u00e8 bene consultare il proprio cardiologo di fiducia.\" \/>\n<meta property=\"og:url\" content=\"https:\/\/www.myrhythmdevice.org\/it\/vivere-con-un-dispositivo-cardiaco\/viaggiare\/\" \/>\n<meta property=\"og:site_name\" content=\"myrhythmdevice.org\" \/>\n<meta property=\"og:image\" content=\"https:\/\/www.myrhythmdevice.org\/wp-content\/uploads\/2022\/02\/shutterstock_425996818-1-min.jpg\" \/>\n\t<meta property=\"og:image:width\" content=\"900\" \/>\n\t<meta property=\"og:image:height\" content=\"600\" \/>\n\t<meta property=\"og:image:type\" content=\"image\/jpeg\" \/>\n<meta name=\"twitter:card\" content=\"summary_large_image\" \/>\n<meta name=\"twitter:label1\" content=\"Tempo di lettura stimato\" \/>\n\t<meta name=\"twitter:data1\" content=\"2 minuti\" \/>\n<script type=\"application\/ld+json\" class=\"yoast-schema-graph\">{\"@context\":\"https:\/\/schema.org\",\"@graph\":[{\"@type\":\"WebPage\",\"@id\":\"https:\/\/www.myrhythmdevice.org\/it\/vivere-con-un-dispositivo-cardiaco\/viaggiare\/\",\"url\":\"https:\/\/www.myrhythmdevice.org\/it\/vivere-con-un-dispositivo-cardiaco\/viaggiare\/\",\"name\":\"Viaggiare | My Rhythm Device\",\"isPartOf\":{\"@id\":\"https:\/\/www.myrhythmdevice.org\/#website\"},\"primaryImageOfPage\":{\"@id\":\"https:\/\/www.myrhythmdevice.org\/it\/vivere-con-un-dispositivo-cardiaco\/viaggiare\/#primaryimage\"},\"image\":{\"@id\":\"https:\/\/www.myrhythmdevice.org\/it\/vivere-con-un-dispositivo-cardiaco\/viaggiare\/#primaryimage\"},\"thumbnailUrl\":\"https:\/\/www.myrhythmdevice.org\/wp-content\/uploads\/2022\/02\/shutterstock_425996818-1-min.jpg\",\"datePublished\":\"2023-08-23T15:15:42+00:00\",\"description\":\"Il dispositivo cardiaco di per s\u00e9 non ha quasi alcuna limitazione quando si viaggia. Tuttavia, prima di partire \u00e8 bene consultare il proprio cardiologo di fiducia.\",\"breadcrumb\":{\"@id\":\"https:\/\/www.myrhythmdevice.org\/it\/vivere-con-un-dispositivo-cardiaco\/viaggiare\/#breadcrumb\"},\"inLanguage\":\"it-IT\",\"potentialAction\":[{\"@type\":\"ReadAction\",\"target\":[\"https:\/\/www.myrhythmdevice.org\/it\/vivere-con-un-dispositivo-cardiaco\/viaggiare\/\"]}]},{\"@type\":\"ImageObject\",\"inLanguage\":\"it-IT\",\"@id\":\"https:\/\/www.myrhythmdevice.org\/it\/vivere-con-un-dispositivo-cardiaco\/viaggiare\/#primaryimage\",\"url\":\"https:\/\/www.myrhythmdevice.org\/wp-content\/uploads\/2022\/02\/shutterstock_425996818-1-min.jpg\",\"contentUrl\":\"https:\/\/www.myrhythmdevice.org\/wp-content\/uploads\/2022\/02\/shutterstock_425996818-1-min.jpg\",\"width\":900,\"height\":600},{\"@type\":\"BreadcrumbList\",\"@id\":\"https:\/\/www.myrhythmdevice.org\/it\/vivere-con-un-dispositivo-cardiaco\/viaggiare\/#breadcrumb\",\"itemListElement\":[{\"@type\":\"ListItem\",\"position\":1,\"name\":\"Home\",\"item\":\"https:\/\/www.myrhythmdevice.org\/it\/\"},{\"@type\":\"ListItem\",\"position\":2,\"name\":\"Vivere con un dispositivo cardiaco\",\"item\":\"https:\/\/www.myrhythmdevice.org\/it\/vivere-con-un-dispositivo-cardiaco\/\"},{\"@type\":\"ListItem\",\"position\":3,\"name\":\"Viaggiare\"}]},{\"@type\":\"WebSite\",\"@id\":\"https:\/\/www.myrhythmdevice.org\/#website\",\"url\":\"https:\/\/www.myrhythmdevice.org\/\",\"name\":\"myrhythmdevice.org\",\"description\":\"The website for patients with implanted cardiac devices, their caregivers and families.\",\"publisher\":{\"@id\":\"https:\/\/www.myrhythmdevice.org\/#organization\"},\"potentialAction\":[{\"@type\":\"SearchAction\",\"target\":{\"@type\":\"EntryPoint\",\"urlTemplate\":\"https:\/\/www.myrhythmdevice.org\/?s={search_term_string}\"},\"query-input\":{\"@type\":\"PropertyValueSpecification\",\"valueRequired\":true,\"valueName\":\"search_term_string\"}}],\"inLanguage\":\"it-IT\"},{\"@type\":\"Organization\",\"@id\":\"https:\/\/www.myrhythmdevice.org\/#organization\",\"name\":\"myrhythmdevice.org\",\"url\":\"https:\/\/www.myrhythmdevice.org\/\",\"logo\":{\"@type\":\"ImageObject\",\"inLanguage\":\"it-IT\",\"@id\":\"https:\/\/www.myrhythmdevice.org\/#\/schema\/logo\/image\/\",\"url\":\"https:\/\/cdn-endpoint-mrd.azureedge.net\/myrhythmdevice\/2022\/02\/LOGO-MRD.jpg\",\"contentUrl\":\"https:\/\/cdn-endpoint-mrd.azureedge.net\/myrhythmdevice\/2022\/02\/LOGO-MRD.jpg\",\"width\":1478,\"height\":326,\"caption\":\"myrhythmdevice.org\"},\"image\":{\"@id\":\"https:\/\/www.myrhythmdevice.org\/#\/schema\/logo\/image\/\"}}]}<\/script>\n<!-- \/ Yoast SEO plugin. -->","yoast_head_json":{"title":"Viaggiare | My Rhythm Device","description":"Il dispositivo cardiaco di per s\u00e9 non ha quasi alcuna limitazione quando si viaggia. Tuttavia, prima di partire \u00e8 bene consultare il proprio cardiologo di fiducia.","robots":{"index":"index","follow":"follow","max-snippet":"max-snippet:-1","max-image-preview":"max-image-preview:large","max-video-preview":"max-video-preview:-1"},"canonical":"https:\/\/www.myrhythmdevice.org\/it\/vivere-con-un-dispositivo-cardiaco\/viaggiare\/","og_locale":"it_IT","og_type":"article","og_title":"Viaggiare | My Rhythm Device","og_description":"Il dispositivo cardiaco di per s\u00e9 non ha quasi alcuna limitazione quando si viaggia. Tuttavia, prima di partire \u00e8 bene consultare il proprio cardiologo di fiducia.","og_url":"https:\/\/www.myrhythmdevice.org\/it\/vivere-con-un-dispositivo-cardiaco\/viaggiare\/","og_site_name":"myrhythmdevice.org","og_image":[{"width":900,"height":600,"url":"https:\/\/www.myrhythmdevice.org\/wp-content\/uploads\/2022\/02\/shutterstock_425996818-1-min.jpg","type":"image\/jpeg"}],"twitter_card":"summary_large_image","twitter_misc":{"Tempo di lettura stimato":"2 minuti"},"schema":{"@context":"https:\/\/schema.org","@graph":[{"@type":"WebPage","@id":"https:\/\/www.myrhythmdevice.org\/it\/vivere-con-un-dispositivo-cardiaco\/viaggiare\/","url":"https:\/\/www.myrhythmdevice.org\/it\/vivere-con-un-dispositivo-cardiaco\/viaggiare\/","name":"Viaggiare | My Rhythm Device","isPartOf":{"@id":"https:\/\/www.myrhythmdevice.org\/#website"},"primaryImageOfPage":{"@id":"https:\/\/www.myrhythmdevice.org\/it\/vivere-con-un-dispositivo-cardiaco\/viaggiare\/#primaryimage"},"image":{"@id":"https:\/\/www.myrhythmdevice.org\/it\/vivere-con-un-dispositivo-cardiaco\/viaggiare\/#primaryimage"},"thumbnailUrl":"https:\/\/www.myrhythmdevice.org\/wp-content\/uploads\/2022\/02\/shutterstock_425996818-1-min.jpg","datePublished":"2023-08-23T15:15:42+00:00","description":"Il dispositivo cardiaco di per s\u00e9 non ha quasi alcuna limitazione quando si viaggia. Tuttavia, prima di partire \u00e8 bene consultare il proprio cardiologo di fiducia.","breadcrumb":{"@id":"https:\/\/www.myrhythmdevice.org\/it\/vivere-con-un-dispositivo-cardiaco\/viaggiare\/#breadcrumb"},"inLanguage":"it-IT","potentialAction":[{"@type":"ReadAction","target":["https:\/\/www.myrhythmdevice.org\/it\/vivere-con-un-dispositivo-cardiaco\/viaggiare\/"]}]},{"@type":"ImageObject","inLanguage":"it-IT","@id":"https:\/\/www.myrhythmdevice.org\/it\/vivere-con-un-dispositivo-cardiaco\/viaggiare\/#primaryimage","url":"https:\/\/www.myrhythmdevice.org\/wp-content\/uploads\/2022\/02\/shutterstock_425996818-1-min.jpg","contentUrl":"https:\/\/www.myrhythmdevice.org\/wp-content\/uploads\/2022\/02\/shutterstock_425996818-1-min.jpg","width":900,"height":600},{"@type":"BreadcrumbList","@id":"https:\/\/www.myrhythmdevice.org\/it\/vivere-con-un-dispositivo-cardiaco\/viaggiare\/#breadcrumb","itemListElement":[{"@type":"ListItem","position":1,"name":"Home","item":"https:\/\/www.myrhythmdevice.org\/it\/"},{"@type":"ListItem","position":2,"name":"Vivere con un dispositivo cardiaco","item":"https:\/\/www.myrhythmdevice.org\/it\/vivere-con-un-dispositivo-cardiaco\/"},{"@type":"ListItem","position":3,"name":"Viaggiare"}]},{"@type":"WebSite","@id":"https:\/\/www.myrhythmdevice.org\/#website","url":"https:\/\/www.myrhythmdevice.org\/","name":"myrhythmdevice.org","description":"The website for patients with implanted cardiac devices, their caregivers and families.","publisher":{"@id":"https:\/\/www.myrhythmdevice.org\/#organization"},"potentialAction":[{"@type":"SearchAction","target":{"@type":"EntryPoint","urlTemplate":"https:\/\/www.myrhythmdevice.org\/?s={search_term_string}"},"query-input":{"@type":"PropertyValueSpecification","valueRequired":true,"valueName":"search_term_string"}}],"inLanguage":"it-IT"},{"@type":"Organization","@id":"https:\/\/www.myrhythmdevice.org\/#organization","name":"myrhythmdevice.org","url":"https:\/\/www.myrhythmdevice.org\/","logo":{"@type":"ImageObject","inLanguage":"it-IT","@id":"https:\/\/www.myrhythmdevice.org\/#\/schema\/logo\/image\/","url":"https:\/\/cdn-endpoint-mrd.azureedge.net\/myrhythmdevice\/2022\/02\/LOGO-MRD.jpg","contentUrl":"https:\/\/cdn-endpoint-mrd.azureedge.net\/myrhythmdevice\/2022\/02\/LOGO-MRD.jpg","width":1478,"height":326,"caption":"myrhythmdevice.org"},"image":{"@id":"https:\/\/www.myrhythmdevice.org\/#\/schema\/logo\/image\/"}}]}},"_links":{"self":[{"href":"https:\/\/www.myrhythmdevice.org\/it\/wp-json\/wp\/v2\/pages\/1012","targetHints":{"allow":["GET"]}}],"collection":[{"href":"https:\/\/www.myrhythmdevice.org\/it\/wp-json\/wp\/v2\/pages"}],"about":[{"href":"https:\/\/www.myrhythmdevice.org\/it\/wp-json\/wp\/v2\/types\/page"}],"author":[{"embeddable":true,"href":"https:\/\/www.myrhythmdevice.org\/it\/wp-json\/wp\/v2\/users\/1"}],"replies":[{"embeddable":true,"href":"https:\/\/www.myrhythmdevice.org\/it\/wp-json\/wp\/v2\/comments?post=1012"}],"version-history":[{"count":0,"href":"https:\/\/www.myrhythmdevice.org\/it\/wp-json\/wp\/v2\/pages\/1012\/revisions"}],"up":[{"embeddable":true,"href":"https:\/\/www.myrhythmdevice.org\/it\/wp-json\/wp\/v2\/pages\/1021"}],"wp:featuredmedia":[{"embeddable":true,"href":"https:\/\/www.myrhythmdevice.org\/it\/wp-json\/wp\/v2\/media\/928"}],"wp:attachment":[{"href":"https:\/\/www.myrhythmdevice.org\/it\/wp-json\/wp\/v2\/media?parent=1012"}],"wp:term":[{"taxonomy":"category","embeddable":true,"href":"https:\/\/www.myrhythmdevice.org\/it\/wp-json\/wp\/v2\/categories?post=1012"},{"taxonomy":"post_tag","embeddable":true,"href":"https:\/\/www.myrhythmdevice.org\/it\/wp-json\/wp\/v2\/tags?post=1012"}],"curies":[{"name":"wp","href":"https:\/\/api.w.org\/{rel}","templated":true}]}}