{"id":1011,"date":"2023-08-23T16:15:42","date_gmt":"2023-08-23T15:15:42","guid":{"rendered":"https:\/\/www.myrhythmdevice.org\/monitor-cardiaco-impiantabile\/cosa-succede-quando-si-effettua-una-registrazione\/"},"modified":"2023-08-23T16:15:42","modified_gmt":"2023-08-23T15:15:42","slug":"cosa-succede-quando-si-effettua-una-registrazione","status":"publish","type":"page","link":"https:\/\/www.myrhythmdevice.org\/it\/monitor-cardiaco-impiantabile\/cosa-succede-quando-si-effettua-una-registrazione\/","title":{"rendered":"Cosa succede quando si effettua una registrazione?"},"content":{"rendered":"<p><img loading=\"lazy\" decoding=\"async\" class=\"alignnone size-large wp-image-463\" src=\"https:\/\/cdn-endpoint-mrd.azureedge.net\/myrhythmdevice\/2022\/03\/process-1024x430.png\" alt=\"\" width=\"1024\" height=\"430\" srcset=\"https:\/\/www.myrhythmdevice.org\/wp-content\/uploads\/2022\/03\/process-1024x430.png 1024w, https:\/\/www.myrhythmdevice.org\/wp-content\/uploads\/2022\/03\/process-300x126.png 300w, https:\/\/www.myrhythmdevice.org\/wp-content\/uploads\/2022\/03\/process-768x322.png 768w, https:\/\/www.myrhythmdevice.org\/wp-content\/uploads\/2022\/03\/process-1536x644.png 1536w, https:\/\/www.myrhythmdevice.org\/wp-content\/uploads\/2022\/03\/process-600x252.png 600w, https:\/\/www.myrhythmdevice.org\/wp-content\/uploads\/2022\/03\/process-900x378.png 900w, https:\/\/cdn-endpoint-mrd.azureedge.net\/myrhythmdevice\/2022\/03\/process.png 1926w\" sizes=\"auto, (max-width: 1024px) 100vw, 1024px\" \/><\/p>\n<p>Quando si effettua una registrazione, il tracciato del ritmo cardiaco rilevato nel corso dei minuti precedenti l&#8217;attivazione e quello che verr\u00e0 rilevato nei minuti successivi viene memorizzato nel dispositivo e pu\u00f2 essere consultato in seguito dal centro che ha effettuato l&#8217;impianto, mediante sia interrogazione diretta sia trasferimento di dati durante il monitoraggio da remoto. \u00c8 molto importante capire che il dispositivo \u00e8 dotato di una memoria a scorrimento, il che significa che vengono memorizzati solo i pochi minuti che precedono l&#8217;attivazione. Qualsiasi tracciamento anteriore ai pochi minuti che precedono l&#8217;attivazione sar\u00e0 gi\u00e0 stato cancellato. Pertanto, \u00e8 molto importante eseguire l&#8217;attivazione il prima possibile dopo la comparsa di un sintomo. Il medico o il personale infermieristico spiegher\u00e0 come effettuare tale registrazione.<\/p>\n","protected":false},"excerpt":{"rendered":"<p>Quando si effettua una registrazione, il tracciato del ritmo cardiaco rilevato nel corso dei minuti precedenti l&#8217;attivazione e quello che verr\u00e0 rilevato nei minuti successivi viene memorizzato nel dispositivo e pu\u00f2 essere consultato in seguito dal centro che ha effettuato l&#8217;impianto, mediante sia interrogazione diretta sia trasferimento di dati durante il monitoraggio da remoto. \u00c8 [&hellip;]<\/p>\n","protected":false},"author":1,"featured_media":925,"parent":990,"menu_order":4,"comment_status":"closed","ping_status":"closed","template":"","meta":{"_acf_changed":false,"footnotes":""},"categories":[],"tags":[],"class_list":["post-1011","page","type-page","status-publish","has-post-thumbnail","hentry"],"acf":[],"yoast_head":"<!-- This site is optimized with the Yoast SEO plugin v26.0 - https:\/\/yoast.com\/wordpress\/plugins\/seo\/ -->\n<title>Cosa succede quando si effettua una registrazione? | My Rhythm Device<\/title>\n<meta name=\"description\" content=\"Quando si effettua una registrazione, il tracciato del ritmo cardiaco viene memorizzato nel dispositivo e pu\u00f2 essere consultato in seguito dal centro che ha effettuato l&#039;impianto.\" \/>\n<meta name=\"robots\" content=\"index, follow, max-snippet:-1, max-image-preview:large, max-video-preview:-1\" \/>\n<link rel=\"canonical\" href=\"https:\/\/www.myrhythmdevice.org\/implantable-heart-rhythm-monitor\/what-happens-when-i-make-a-recording\/\" \/>\n<meta property=\"og:locale\" content=\"it_IT\" \/>\n<meta property=\"og:type\" content=\"article\" \/>\n<meta property=\"og:title\" content=\"Cosa succede quando si effettua una registrazione? | My Rhythm Device\" \/>\n<meta property=\"og:description\" content=\"Quando si effettua una registrazione, il tracciato del ritmo cardiaco viene memorizzato nel dispositivo e pu\u00f2 essere consultato in seguito dal centro che ha effettuato l&#039;impianto.\" \/>\n<meta property=\"og:url\" content=\"https:\/\/www.myrhythmdevice.org\/implantable-heart-rhythm-monitor\/what-happens-when-i-make-a-recording\/\" \/>\n<meta property=\"og:site_name\" content=\"myrhythmdevice.org\" \/>\n<meta property=\"og:image\" content=\"https:\/\/www.myrhythmdevice.org\/wp-content\/uploads\/2022\/02\/shutterstock_2019504416-1-min.jpg\" \/>\n\t<meta property=\"og:image:width\" content=\"900\" \/>\n\t<meta property=\"og:image:height\" content=\"612\" \/>\n\t<meta property=\"og:image:type\" content=\"image\/jpeg\" \/>\n<meta name=\"twitter:card\" content=\"summary_large_image\" \/>\n<meta name=\"twitter:label1\" content=\"Tempo di lettura stimato\" \/>\n\t<meta name=\"twitter:data1\" content=\"1 minuto\" \/>\n<script type=\"application\/ld+json\" class=\"yoast-schema-graph\">{\"@context\":\"https:\/\/schema.org\",\"@graph\":[{\"@type\":\"WebPage\",\"@id\":\"https:\/\/www.myrhythmdevice.org\/implantable-heart-rhythm-monitor\/what-happens-when-i-make-a-recording\/\",\"url\":\"https:\/\/www.myrhythmdevice.org\/implantable-heart-rhythm-monitor\/what-happens-when-i-make-a-recording\/\",\"name\":\"Cosa succede quando si effettua una registrazione? | My Rhythm Device\",\"isPartOf\":{\"@id\":\"https:\/\/www.myrhythmdevice.org\/#website\"},\"primaryImageOfPage\":{\"@id\":\"https:\/\/www.myrhythmdevice.org\/implantable-heart-rhythm-monitor\/what-happens-when-i-make-a-recording\/#primaryimage\"},\"image\":{\"@id\":\"https:\/\/www.myrhythmdevice.org\/implantable-heart-rhythm-monitor\/what-happens-when-i-make-a-recording\/#primaryimage\"},\"thumbnailUrl\":\"https:\/\/www.myrhythmdevice.org\/wp-content\/uploads\/2022\/02\/shutterstock_2019504416-1-min.jpg\",\"datePublished\":\"2023-08-23T15:15:42+00:00\",\"description\":\"Quando si effettua una registrazione, il tracciato del ritmo cardiaco viene memorizzato nel dispositivo e pu\u00f2 essere consultato in seguito dal centro che ha effettuato l'impianto.\",\"breadcrumb\":{\"@id\":\"https:\/\/www.myrhythmdevice.org\/implantable-heart-rhythm-monitor\/what-happens-when-i-make-a-recording\/#breadcrumb\"},\"inLanguage\":\"it-IT\",\"potentialAction\":[{\"@type\":\"ReadAction\",\"target\":[\"https:\/\/www.myrhythmdevice.org\/implantable-heart-rhythm-monitor\/what-happens-when-i-make-a-recording\/\"]}]},{\"@type\":\"ImageObject\",\"inLanguage\":\"it-IT\",\"@id\":\"https:\/\/www.myrhythmdevice.org\/implantable-heart-rhythm-monitor\/what-happens-when-i-make-a-recording\/#primaryimage\",\"url\":\"https:\/\/www.myrhythmdevice.org\/wp-content\/uploads\/2022\/02\/shutterstock_2019504416-1-min.jpg\",\"contentUrl\":\"https:\/\/www.myrhythmdevice.org\/wp-content\/uploads\/2022\/02\/shutterstock_2019504416-1-min.jpg\",\"width\":900,\"height\":612},{\"@type\":\"BreadcrumbList\",\"@id\":\"https:\/\/www.myrhythmdevice.org\/implantable-heart-rhythm-monitor\/what-happens-when-i-make-a-recording\/#breadcrumb\",\"itemListElement\":[{\"@type\":\"ListItem\",\"position\":1,\"name\":\"Home\",\"item\":\"https:\/\/www.myrhythmdevice.org\/it\/\"},{\"@type\":\"ListItem\",\"position\":2,\"name\":\"Monitor Cardiaco Impiantabile\",\"item\":\"https:\/\/www.myrhythmdevice.org\/it\/monitor-cardiaco-impiantabile\/\"},{\"@type\":\"ListItem\",\"position\":3,\"name\":\"Cosa succede quando si effettua una registrazione?\"}]},{\"@type\":\"WebSite\",\"@id\":\"https:\/\/www.myrhythmdevice.org\/#website\",\"url\":\"https:\/\/www.myrhythmdevice.org\/\",\"name\":\"myrhythmdevice.org\",\"description\":\"The website for patients with implanted cardiac devices, their caregivers and families.\",\"publisher\":{\"@id\":\"https:\/\/www.myrhythmdevice.org\/#organization\"},\"potentialAction\":[{\"@type\":\"SearchAction\",\"target\":{\"@type\":\"EntryPoint\",\"urlTemplate\":\"https:\/\/www.myrhythmdevice.org\/?s={search_term_string}\"},\"query-input\":{\"@type\":\"PropertyValueSpecification\",\"valueRequired\":true,\"valueName\":\"search_term_string\"}}],\"inLanguage\":\"it-IT\"},{\"@type\":\"Organization\",\"@id\":\"https:\/\/www.myrhythmdevice.org\/#organization\",\"name\":\"myrhythmdevice.org\",\"url\":\"https:\/\/www.myrhythmdevice.org\/\",\"logo\":{\"@type\":\"ImageObject\",\"inLanguage\":\"it-IT\",\"@id\":\"https:\/\/www.myrhythmdevice.org\/#\/schema\/logo\/image\/\",\"url\":\"https:\/\/cdn-endpoint-mrd.azureedge.net\/myrhythmdevice\/2022\/02\/LOGO-MRD.jpg\",\"contentUrl\":\"https:\/\/cdn-endpoint-mrd.azureedge.net\/myrhythmdevice\/2022\/02\/LOGO-MRD.jpg\",\"width\":1478,\"height\":326,\"caption\":\"myrhythmdevice.org\"},\"image\":{\"@id\":\"https:\/\/www.myrhythmdevice.org\/#\/schema\/logo\/image\/\"}}]}<\/script>\n<!-- \/ Yoast SEO plugin. -->","yoast_head_json":{"title":"Cosa succede quando si effettua una registrazione? | My Rhythm Device","description":"Quando si effettua una registrazione, il tracciato del ritmo cardiaco viene memorizzato nel dispositivo e pu\u00f2 essere consultato in seguito dal centro che ha effettuato l'impianto.","robots":{"index":"index","follow":"follow","max-snippet":"max-snippet:-1","max-image-preview":"max-image-preview:large","max-video-preview":"max-video-preview:-1"},"canonical":"https:\/\/www.myrhythmdevice.org\/implantable-heart-rhythm-monitor\/what-happens-when-i-make-a-recording\/","og_locale":"it_IT","og_type":"article","og_title":"Cosa succede quando si effettua una registrazione? | My Rhythm Device","og_description":"Quando si effettua una registrazione, il tracciato del ritmo cardiaco viene memorizzato nel dispositivo e pu\u00f2 essere consultato in seguito dal centro che ha effettuato l'impianto.","og_url":"https:\/\/www.myrhythmdevice.org\/implantable-heart-rhythm-monitor\/what-happens-when-i-make-a-recording\/","og_site_name":"myrhythmdevice.org","og_image":[{"width":900,"height":612,"url":"https:\/\/www.myrhythmdevice.org\/wp-content\/uploads\/2022\/02\/shutterstock_2019504416-1-min.jpg","type":"image\/jpeg"}],"twitter_card":"summary_large_image","twitter_misc":{"Tempo di lettura stimato":"1 minuto"},"schema":{"@context":"https:\/\/schema.org","@graph":[{"@type":"WebPage","@id":"https:\/\/www.myrhythmdevice.org\/implantable-heart-rhythm-monitor\/what-happens-when-i-make-a-recording\/","url":"https:\/\/www.myrhythmdevice.org\/implantable-heart-rhythm-monitor\/what-happens-when-i-make-a-recording\/","name":"Cosa succede quando si effettua una registrazione? | My Rhythm Device","isPartOf":{"@id":"https:\/\/www.myrhythmdevice.org\/#website"},"primaryImageOfPage":{"@id":"https:\/\/www.myrhythmdevice.org\/implantable-heart-rhythm-monitor\/what-happens-when-i-make-a-recording\/#primaryimage"},"image":{"@id":"https:\/\/www.myrhythmdevice.org\/implantable-heart-rhythm-monitor\/what-happens-when-i-make-a-recording\/#primaryimage"},"thumbnailUrl":"https:\/\/www.myrhythmdevice.org\/wp-content\/uploads\/2022\/02\/shutterstock_2019504416-1-min.jpg","datePublished":"2023-08-23T15:15:42+00:00","description":"Quando si effettua una registrazione, il tracciato del ritmo cardiaco viene memorizzato nel dispositivo e pu\u00f2 essere consultato in seguito dal centro che ha effettuato l'impianto.","breadcrumb":{"@id":"https:\/\/www.myrhythmdevice.org\/implantable-heart-rhythm-monitor\/what-happens-when-i-make-a-recording\/#breadcrumb"},"inLanguage":"it-IT","potentialAction":[{"@type":"ReadAction","target":["https:\/\/www.myrhythmdevice.org\/implantable-heart-rhythm-monitor\/what-happens-when-i-make-a-recording\/"]}]},{"@type":"ImageObject","inLanguage":"it-IT","@id":"https:\/\/www.myrhythmdevice.org\/implantable-heart-rhythm-monitor\/what-happens-when-i-make-a-recording\/#primaryimage","url":"https:\/\/www.myrhythmdevice.org\/wp-content\/uploads\/2022\/02\/shutterstock_2019504416-1-min.jpg","contentUrl":"https:\/\/www.myrhythmdevice.org\/wp-content\/uploads\/2022\/02\/shutterstock_2019504416-1-min.jpg","width":900,"height":612},{"@type":"BreadcrumbList","@id":"https:\/\/www.myrhythmdevice.org\/implantable-heart-rhythm-monitor\/what-happens-when-i-make-a-recording\/#breadcrumb","itemListElement":[{"@type":"ListItem","position":1,"name":"Home","item":"https:\/\/www.myrhythmdevice.org\/it\/"},{"@type":"ListItem","position":2,"name":"Monitor Cardiaco Impiantabile","item":"https:\/\/www.myrhythmdevice.org\/it\/monitor-cardiaco-impiantabile\/"},{"@type":"ListItem","position":3,"name":"Cosa succede quando si effettua una registrazione?"}]},{"@type":"WebSite","@id":"https:\/\/www.myrhythmdevice.org\/#website","url":"https:\/\/www.myrhythmdevice.org\/","name":"myrhythmdevice.org","description":"The website for patients with implanted cardiac devices, their caregivers and families.","publisher":{"@id":"https:\/\/www.myrhythmdevice.org\/#organization"},"potentialAction":[{"@type":"SearchAction","target":{"@type":"EntryPoint","urlTemplate":"https:\/\/www.myrhythmdevice.org\/?s={search_term_string}"},"query-input":{"@type":"PropertyValueSpecification","valueRequired":true,"valueName":"search_term_string"}}],"inLanguage":"it-IT"},{"@type":"Organization","@id":"https:\/\/www.myrhythmdevice.org\/#organization","name":"myrhythmdevice.org","url":"https:\/\/www.myrhythmdevice.org\/","logo":{"@type":"ImageObject","inLanguage":"it-IT","@id":"https:\/\/www.myrhythmdevice.org\/#\/schema\/logo\/image\/","url":"https:\/\/cdn-endpoint-mrd.azureedge.net\/myrhythmdevice\/2022\/02\/LOGO-MRD.jpg","contentUrl":"https:\/\/cdn-endpoint-mrd.azureedge.net\/myrhythmdevice\/2022\/02\/LOGO-MRD.jpg","width":1478,"height":326,"caption":"myrhythmdevice.org"},"image":{"@id":"https:\/\/www.myrhythmdevice.org\/#\/schema\/logo\/image\/"}}]}},"_links":{"self":[{"href":"https:\/\/www.myrhythmdevice.org\/it\/wp-json\/wp\/v2\/pages\/1011","targetHints":{"allow":["GET"]}}],"collection":[{"href":"https:\/\/www.myrhythmdevice.org\/it\/wp-json\/wp\/v2\/pages"}],"about":[{"href":"https:\/\/www.myrhythmdevice.org\/it\/wp-json\/wp\/v2\/types\/page"}],"author":[{"embeddable":true,"href":"https:\/\/www.myrhythmdevice.org\/it\/wp-json\/wp\/v2\/users\/1"}],"replies":[{"embeddable":true,"href":"https:\/\/www.myrhythmdevice.org\/it\/wp-json\/wp\/v2\/comments?post=1011"}],"version-history":[{"count":0,"href":"https:\/\/www.myrhythmdevice.org\/it\/wp-json\/wp\/v2\/pages\/1011\/revisions"}],"up":[{"embeddable":true,"href":"https:\/\/www.myrhythmdevice.org\/it\/wp-json\/wp\/v2\/pages\/990"}],"wp:featuredmedia":[{"embeddable":true,"href":"https:\/\/www.myrhythmdevice.org\/it\/wp-json\/wp\/v2\/media\/925"}],"wp:attachment":[{"href":"https:\/\/www.myrhythmdevice.org\/it\/wp-json\/wp\/v2\/media?parent=1011"}],"wp:term":[{"taxonomy":"category","embeddable":true,"href":"https:\/\/www.myrhythmdevice.org\/it\/wp-json\/wp\/v2\/categories?post=1011"},{"taxonomy":"post_tag","embeddable":true,"href":"https:\/\/www.myrhythmdevice.org\/it\/wp-json\/wp\/v2\/tags?post=1011"}],"curies":[{"name":"wp","href":"https:\/\/api.w.org\/{rel}","templated":true}]}}