{"id":1010,"date":"2023-08-23T16:15:42","date_gmt":"2023-08-23T15:15:42","guid":{"rendered":"https:\/\/www.myrhythmdevice.org\/procedure-mediche\/"},"modified":"2023-08-23T16:15:42","modified_gmt":"2023-08-23T15:15:42","slug":"procedure-mediche","status":"publish","type":"page","link":"https:\/\/www.myrhythmdevice.org\/it\/vivere-con-un-dispositivo-cardiaco\/procedure-mediche\/","title":{"rendered":"Procedure mediche"},"content":{"rendered":"<p><img loading=\"lazy\" decoding=\"async\" class=\"aligncenter wp-image-210\" src=\"https:\/\/cdn-endpoint-mrd.azureedge.net\/myrhythmdevice\/2022\/02\/shutterstock_703970935-1-min.jpg\" alt=\"\" width=\"500\" height=\"249\" srcset=\"https:\/\/cdn-endpoint-mrd.azureedge.net\/myrhythmdevice\/2022\/02\/shutterstock_703970935-1-min.jpg 900w, https:\/\/www.myrhythmdevice.org\/wp-content\/uploads\/2022\/02\/shutterstock_703970935-1-min-300x150.jpg 300w, https:\/\/www.myrhythmdevice.org\/wp-content\/uploads\/2022\/02\/shutterstock_703970935-1-min-768x383.jpg 768w, https:\/\/www.myrhythmdevice.org\/wp-content\/uploads\/2022\/02\/shutterstock_703970935-1-min-600x299.jpg 600w\" sizes=\"auto, (max-width: 500px) 100vw, 500px\" \/><\/p>\n<h3>Esami radiologici come radiografie o tomografie computerizzate (TC)<\/h3>\n<p>Un dispositivo cardiaco non viene influenzato dai raggi X. Quindi non sono necessarie precauzioni in caso di esami radiologici, come una radiografia del torace o una TAC.<\/p>\n<h3>Radioterapia<\/h3>\n<p>La radioterapia, prevalentemente utilizzata nelle terapie oncologiche, pu\u00f2 in rari casi influenzare le funzioni di pacemaker e ICD, a seconda della dose di energia utilizzata e della zona interessata dall&#8217;irraggiamento. In caso di necessit\u00e0 di radioterapia, va informato il medico curante di essere portatori di dispositivo cardiaco. Sar\u00e0 quindi il medico a valutare la strategia di gestione migliore. Solitamente, il dispositivo cardiaco necessiter\u00e0 di controlli pi\u00f9 approfonditi durante la somministrazione della radioterapia.<\/p>\n<h3>Risonanza magnetica (RM)<\/h3>\n<p>La RM utilizza un forte campo elettromagnetico per effettuare la scansione. Pacemaker e ICD possono risentire di questo campo elettromagnetico. Anche se molti produttori forniscono pacemaker e ICD compatibili con la RM, le scansioni con risonanza magnetica richiedono tuttora una certa cautela nei pazienti portatori di dispositivi cardiaci. Nel caso sia necessario sottoporsi a una RM, parlare con il proprio radiologo\/cardiologo e chiedere quale sia la migliore strategia da seguire.<\/p>\n<h3>Altre procedure mediche (incluse pratiche ortodontiche, TENS e litotripsia)<\/h3>\n<p>Nel caso sia necessario sottoporsi a una qualche procedura medica, informare il proprio medico curante di essere portatori di pacemaker o ICD. Nella maggior parte dei casi \u00e8 possibile eseguire le procedure mediche anche in presenza di un dispositivo impiantabile, ma alcune potrebbero richiedere precauzioni particolari durante l&#8217;esecuzione. Gli interventi odontoiatrici sono generalmente possibili senza ulteriori precauzioni. In caso di intervento chirurgico, comunicare la presenza del dispositivo qualora fosse necessaria l&#8217;elettrocauterizzazione. Utilizzata per ridurre il dolore e gli spasmi muscolari in diverse patologie, la TENS (Transcutaneous Electrical Nerve Stimulation, o stimolazione elettrica nervosa transcutanea) non \u00e8 raccomandata per i pazienti portatori di pacemaker o ICD. Invece \u00e8 possibile sottoporsi a litotrissia. Parlare con il proprio medico curante per avere ulteriori informazioni in relazione alla propria procedura specifica.<\/p>\n<h3>Cardioversione (ad esempio, in caso di fibrillazione atriale)<\/h3>\n<p>Al pari delle altre procedure mediche, va discussa con il proprio medico curante in caso si sia portatori di pacemaker o ICD. La cardioversione \u00e8 possibile in pazienti portatori di pacemaker e pu\u00f2 essere effettuata perfino in pazienti con ICD. Solitamente, si effettua un controllo del dispositivo prima e dopo la procedura di cardioversione.<\/p>\n<p>&nbsp;<\/p>\n<p>Molti produttori di dispositivi cardiaci forniscono una panoramica pi\u00f9 dettagliata e istruzioni pi\u00f9 approfondite per i pazienti:<\/p>\n<ul>\n<li><a href=\"https:\/\/www.medtronic.com\/content\/dam\/medtronic-com\/01_crhf\/tachy\/documents\/EMC%20Guide%202016%20201103391eENp8.pdf?bypassIM=true\" target=\"_blank\" rel=\"noopener\">Medtronic<\/a><\/li>\n<li><a href=\"https:\/\/biotronik.cdn.mediamid.com\/cdn_bio_doc\/bio23016\/8207\/bio23016.pdf\" target=\"_blank\" rel=\"noopener\">Biotronik<\/a><\/li>\n<li><a href=\"https:\/\/www.cardiovascular.abbott\/us\/en\/patients\/cardiovascular-device-patient-services\/emi.html\" target=\"_blank\" rel=\"noopener\">Abbott<\/a><\/li>\n<li><a href=\"https:\/\/www.bostonscientific.com\/content\/dam\/lifebeat-online\/en\/documents\/BSC_Electromagnetic_Compatibility_Guide.pdf\" target=\"_blank\" rel=\"noopener\">Boston Scientific<\/a><\/li>\n<\/ul>\n","protected":false},"excerpt":{"rendered":"<p>Esami radiologici come radiografie o tomografie computerizzate (TC) Un dispositivo cardiaco non viene influenzato dai raggi X. Quindi non sono necessarie precauzioni in caso di esami radiologici, come una radiografia del torace o una TAC. Radioterapia La radioterapia, prevalentemente utilizzata nelle terapie oncologiche, pu\u00f2 in rari casi influenzare le funzioni di pacemaker e ICD, a [&hellip;]<\/p>\n","protected":false},"author":1,"featured_media":932,"parent":1021,"menu_order":8,"comment_status":"closed","ping_status":"closed","template":"","meta":{"_acf_changed":false,"footnotes":""},"categories":[],"tags":[],"class_list":["post-1010","page","type-page","status-publish","has-post-thumbnail","hentry"],"acf":[],"yoast_head":"<!-- This site is optimized with the Yoast SEO plugin v26.0 - https:\/\/yoast.com\/wordpress\/plugins\/seo\/ -->\n<title>Procedure mediche | My Rhythm Device<\/title>\n<meta name=\"description\" content=\"Informazioni sui dispositivi cardiaci e procedure mediche quali radiografie, tomografie computerizzate, radioterapie e altre pratiche.\" \/>\n<meta name=\"robots\" content=\"index, follow, max-snippet:-1, max-image-preview:large, max-video-preview:-1\" \/>\n<link rel=\"canonical\" href=\"https:\/\/www.myrhythmdevice.org\/living-with-a-cardiac-device\/medical-procedures\/\" \/>\n<meta property=\"og:locale\" content=\"it_IT\" \/>\n<meta property=\"og:type\" content=\"article\" \/>\n<meta property=\"og:title\" content=\"Procedure mediche | My Rhythm Device\" \/>\n<meta property=\"og:description\" content=\"Informazioni sui dispositivi cardiaci e procedure mediche quali radiografie, tomografie computerizzate, radioterapie e altre pratiche.\" \/>\n<meta property=\"og:url\" content=\"https:\/\/www.myrhythmdevice.org\/living-with-a-cardiac-device\/medical-procedures\/\" \/>\n<meta property=\"og:site_name\" content=\"myrhythmdevice.org\" \/>\n<meta property=\"og:image\" content=\"https:\/\/www.myrhythmdevice.org\/wp-content\/uploads\/2022\/02\/shutterstock_703970935-1-min.jpg\" \/>\n\t<meta property=\"og:image:width\" content=\"900\" \/>\n\t<meta property=\"og:image:height\" content=\"449\" \/>\n\t<meta property=\"og:image:type\" content=\"image\/jpeg\" \/>\n<meta name=\"twitter:card\" content=\"summary_large_image\" \/>\n<meta name=\"twitter:label1\" content=\"Tempo di lettura stimato\" \/>\n\t<meta name=\"twitter:data1\" content=\"2 minuti\" \/>\n<script type=\"application\/ld+json\" class=\"yoast-schema-graph\">{\"@context\":\"https:\/\/schema.org\",\"@graph\":[{\"@type\":\"WebPage\",\"@id\":\"https:\/\/www.myrhythmdevice.org\/living-with-a-cardiac-device\/medical-procedures\/\",\"url\":\"https:\/\/www.myrhythmdevice.org\/living-with-a-cardiac-device\/medical-procedures\/\",\"name\":\"Procedure mediche | My Rhythm Device\",\"isPartOf\":{\"@id\":\"https:\/\/www.myrhythmdevice.org\/#website\"},\"primaryImageOfPage\":{\"@id\":\"https:\/\/www.myrhythmdevice.org\/living-with-a-cardiac-device\/medical-procedures\/#primaryimage\"},\"image\":{\"@id\":\"https:\/\/www.myrhythmdevice.org\/living-with-a-cardiac-device\/medical-procedures\/#primaryimage\"},\"thumbnailUrl\":\"https:\/\/www.myrhythmdevice.org\/wp-content\/uploads\/2022\/02\/shutterstock_703970935-1-min.jpg\",\"datePublished\":\"2023-08-23T15:15:42+00:00\",\"description\":\"Informazioni sui dispositivi cardiaci e procedure mediche quali radiografie, tomografie computerizzate, radioterapie e altre pratiche.\",\"breadcrumb\":{\"@id\":\"https:\/\/www.myrhythmdevice.org\/living-with-a-cardiac-device\/medical-procedures\/#breadcrumb\"},\"inLanguage\":\"it-IT\",\"potentialAction\":[{\"@type\":\"ReadAction\",\"target\":[\"https:\/\/www.myrhythmdevice.org\/living-with-a-cardiac-device\/medical-procedures\/\"]}]},{\"@type\":\"ImageObject\",\"inLanguage\":\"it-IT\",\"@id\":\"https:\/\/www.myrhythmdevice.org\/living-with-a-cardiac-device\/medical-procedures\/#primaryimage\",\"url\":\"https:\/\/www.myrhythmdevice.org\/wp-content\/uploads\/2022\/02\/shutterstock_703970935-1-min.jpg\",\"contentUrl\":\"https:\/\/www.myrhythmdevice.org\/wp-content\/uploads\/2022\/02\/shutterstock_703970935-1-min.jpg\",\"width\":900,\"height\":449},{\"@type\":\"BreadcrumbList\",\"@id\":\"https:\/\/www.myrhythmdevice.org\/living-with-a-cardiac-device\/medical-procedures\/#breadcrumb\",\"itemListElement\":[{\"@type\":\"ListItem\",\"position\":1,\"name\":\"Home\",\"item\":\"https:\/\/www.myrhythmdevice.org\/it\/\"},{\"@type\":\"ListItem\",\"position\":2,\"name\":\"Vivere con un dispositivo cardiaco\",\"item\":\"https:\/\/www.myrhythmdevice.org\/it\/vivere-con-un-dispositivo-cardiaco\/\"},{\"@type\":\"ListItem\",\"position\":3,\"name\":\"Procedure mediche\"}]},{\"@type\":\"WebSite\",\"@id\":\"https:\/\/www.myrhythmdevice.org\/#website\",\"url\":\"https:\/\/www.myrhythmdevice.org\/\",\"name\":\"myrhythmdevice.org\",\"description\":\"The website for patients with implanted cardiac devices, their caregivers and families.\",\"publisher\":{\"@id\":\"https:\/\/www.myrhythmdevice.org\/#organization\"},\"potentialAction\":[{\"@type\":\"SearchAction\",\"target\":{\"@type\":\"EntryPoint\",\"urlTemplate\":\"https:\/\/www.myrhythmdevice.org\/?s={search_term_string}\"},\"query-input\":{\"@type\":\"PropertyValueSpecification\",\"valueRequired\":true,\"valueName\":\"search_term_string\"}}],\"inLanguage\":\"it-IT\"},{\"@type\":\"Organization\",\"@id\":\"https:\/\/www.myrhythmdevice.org\/#organization\",\"name\":\"myrhythmdevice.org\",\"url\":\"https:\/\/www.myrhythmdevice.org\/\",\"logo\":{\"@type\":\"ImageObject\",\"inLanguage\":\"it-IT\",\"@id\":\"https:\/\/www.myrhythmdevice.org\/#\/schema\/logo\/image\/\",\"url\":\"https:\/\/cdn-endpoint-mrd.azureedge.net\/myrhythmdevice\/2022\/02\/LOGO-MRD.jpg\",\"contentUrl\":\"https:\/\/cdn-endpoint-mrd.azureedge.net\/myrhythmdevice\/2022\/02\/LOGO-MRD.jpg\",\"width\":1478,\"height\":326,\"caption\":\"myrhythmdevice.org\"},\"image\":{\"@id\":\"https:\/\/www.myrhythmdevice.org\/#\/schema\/logo\/image\/\"}}]}<\/script>\n<!-- \/ Yoast SEO plugin. -->","yoast_head_json":{"title":"Procedure mediche | My Rhythm Device","description":"Informazioni sui dispositivi cardiaci e procedure mediche quali radiografie, tomografie computerizzate, radioterapie e altre pratiche.","robots":{"index":"index","follow":"follow","max-snippet":"max-snippet:-1","max-image-preview":"max-image-preview:large","max-video-preview":"max-video-preview:-1"},"canonical":"https:\/\/www.myrhythmdevice.org\/living-with-a-cardiac-device\/medical-procedures\/","og_locale":"it_IT","og_type":"article","og_title":"Procedure mediche | My Rhythm Device","og_description":"Informazioni sui dispositivi cardiaci e procedure mediche quali radiografie, tomografie computerizzate, radioterapie e altre pratiche.","og_url":"https:\/\/www.myrhythmdevice.org\/living-with-a-cardiac-device\/medical-procedures\/","og_site_name":"myrhythmdevice.org","og_image":[{"width":900,"height":449,"url":"https:\/\/www.myrhythmdevice.org\/wp-content\/uploads\/2022\/02\/shutterstock_703970935-1-min.jpg","type":"image\/jpeg"}],"twitter_card":"summary_large_image","twitter_misc":{"Tempo di lettura stimato":"2 minuti"},"schema":{"@context":"https:\/\/schema.org","@graph":[{"@type":"WebPage","@id":"https:\/\/www.myrhythmdevice.org\/living-with-a-cardiac-device\/medical-procedures\/","url":"https:\/\/www.myrhythmdevice.org\/living-with-a-cardiac-device\/medical-procedures\/","name":"Procedure mediche | My Rhythm Device","isPartOf":{"@id":"https:\/\/www.myrhythmdevice.org\/#website"},"primaryImageOfPage":{"@id":"https:\/\/www.myrhythmdevice.org\/living-with-a-cardiac-device\/medical-procedures\/#primaryimage"},"image":{"@id":"https:\/\/www.myrhythmdevice.org\/living-with-a-cardiac-device\/medical-procedures\/#primaryimage"},"thumbnailUrl":"https:\/\/www.myrhythmdevice.org\/wp-content\/uploads\/2022\/02\/shutterstock_703970935-1-min.jpg","datePublished":"2023-08-23T15:15:42+00:00","description":"Informazioni sui dispositivi cardiaci e procedure mediche quali radiografie, tomografie computerizzate, radioterapie e altre pratiche.","breadcrumb":{"@id":"https:\/\/www.myrhythmdevice.org\/living-with-a-cardiac-device\/medical-procedures\/#breadcrumb"},"inLanguage":"it-IT","potentialAction":[{"@type":"ReadAction","target":["https:\/\/www.myrhythmdevice.org\/living-with-a-cardiac-device\/medical-procedures\/"]}]},{"@type":"ImageObject","inLanguage":"it-IT","@id":"https:\/\/www.myrhythmdevice.org\/living-with-a-cardiac-device\/medical-procedures\/#primaryimage","url":"https:\/\/www.myrhythmdevice.org\/wp-content\/uploads\/2022\/02\/shutterstock_703970935-1-min.jpg","contentUrl":"https:\/\/www.myrhythmdevice.org\/wp-content\/uploads\/2022\/02\/shutterstock_703970935-1-min.jpg","width":900,"height":449},{"@type":"BreadcrumbList","@id":"https:\/\/www.myrhythmdevice.org\/living-with-a-cardiac-device\/medical-procedures\/#breadcrumb","itemListElement":[{"@type":"ListItem","position":1,"name":"Home","item":"https:\/\/www.myrhythmdevice.org\/it\/"},{"@type":"ListItem","position":2,"name":"Vivere con un dispositivo cardiaco","item":"https:\/\/www.myrhythmdevice.org\/it\/vivere-con-un-dispositivo-cardiaco\/"},{"@type":"ListItem","position":3,"name":"Procedure mediche"}]},{"@type":"WebSite","@id":"https:\/\/www.myrhythmdevice.org\/#website","url":"https:\/\/www.myrhythmdevice.org\/","name":"myrhythmdevice.org","description":"The website for patients with implanted cardiac devices, their caregivers and families.","publisher":{"@id":"https:\/\/www.myrhythmdevice.org\/#organization"},"potentialAction":[{"@type":"SearchAction","target":{"@type":"EntryPoint","urlTemplate":"https:\/\/www.myrhythmdevice.org\/?s={search_term_string}"},"query-input":{"@type":"PropertyValueSpecification","valueRequired":true,"valueName":"search_term_string"}}],"inLanguage":"it-IT"},{"@type":"Organization","@id":"https:\/\/www.myrhythmdevice.org\/#organization","name":"myrhythmdevice.org","url":"https:\/\/www.myrhythmdevice.org\/","logo":{"@type":"ImageObject","inLanguage":"it-IT","@id":"https:\/\/www.myrhythmdevice.org\/#\/schema\/logo\/image\/","url":"https:\/\/cdn-endpoint-mrd.azureedge.net\/myrhythmdevice\/2022\/02\/LOGO-MRD.jpg","contentUrl":"https:\/\/cdn-endpoint-mrd.azureedge.net\/myrhythmdevice\/2022\/02\/LOGO-MRD.jpg","width":1478,"height":326,"caption":"myrhythmdevice.org"},"image":{"@id":"https:\/\/www.myrhythmdevice.org\/#\/schema\/logo\/image\/"}}]}},"_links":{"self":[{"href":"https:\/\/www.myrhythmdevice.org\/it\/wp-json\/wp\/v2\/pages\/1010","targetHints":{"allow":["GET"]}}],"collection":[{"href":"https:\/\/www.myrhythmdevice.org\/it\/wp-json\/wp\/v2\/pages"}],"about":[{"href":"https:\/\/www.myrhythmdevice.org\/it\/wp-json\/wp\/v2\/types\/page"}],"author":[{"embeddable":true,"href":"https:\/\/www.myrhythmdevice.org\/it\/wp-json\/wp\/v2\/users\/1"}],"replies":[{"embeddable":true,"href":"https:\/\/www.myrhythmdevice.org\/it\/wp-json\/wp\/v2\/comments?post=1010"}],"version-history":[{"count":0,"href":"https:\/\/www.myrhythmdevice.org\/it\/wp-json\/wp\/v2\/pages\/1010\/revisions"}],"up":[{"embeddable":true,"href":"https:\/\/www.myrhythmdevice.org\/it\/wp-json\/wp\/v2\/pages\/1021"}],"wp:featuredmedia":[{"embeddable":true,"href":"https:\/\/www.myrhythmdevice.org\/it\/wp-json\/wp\/v2\/media\/932"}],"wp:attachment":[{"href":"https:\/\/www.myrhythmdevice.org\/it\/wp-json\/wp\/v2\/media?parent=1010"}],"wp:term":[{"taxonomy":"category","embeddable":true,"href":"https:\/\/www.myrhythmdevice.org\/it\/wp-json\/wp\/v2\/categories?post=1010"},{"taxonomy":"post_tag","embeddable":true,"href":"https:\/\/www.myrhythmdevice.org\/it\/wp-json\/wp\/v2\/tags?post=1010"}],"curies":[{"name":"wp","href":"https:\/\/api.w.org\/{rel}","templated":true}]}}