{"id":1006,"date":"2023-08-23T16:15:40","date_gmt":"2023-08-23T15:15:40","guid":{"rendered":"https:\/\/www.myrhythmdevice.org\/potenziali-interferenze-nella-vita-quotidiana-e-in-ambiente-medico\/"},"modified":"2023-08-23T16:15:40","modified_gmt":"2023-08-23T15:15:40","slug":"potenziali-interferenze-nella-vita-quotidiana-e-in-ambiente-medico","status":"publish","type":"page","link":"https:\/\/www.myrhythmdevice.org\/it\/vivere-con-un-dispositivo-cardiaco\/potenziali-interferenze-nella-vita-quotidiana-e-in-ambiente-medico\/","title":{"rendered":"Potenziali interferenze nella vita quotidiana e in ambiente medico"},"content":{"rendered":"<p><img loading=\"lazy\" decoding=\"async\" class=\"aligncenter wp-image-361 size-medium\" src=\"https:\/\/cdn-endpoint-mrd.azureedge.net\/myrhythmdevice\/2022\/02\/shutterstock_1087151576-1-min-300x300.jpg\" alt=\"\" width=\"300\" height=\"300\" srcset=\"https:\/\/www.myrhythmdevice.org\/wp-content\/uploads\/2022\/02\/shutterstock_1087151576-1-min-300x300.jpg 300w, https:\/\/www.myrhythmdevice.org\/wp-content\/uploads\/2022\/02\/shutterstock_1087151576-1-min-150x150.jpg 150w, https:\/\/www.myrhythmdevice.org\/wp-content\/uploads\/2022\/02\/shutterstock_1087151576-1-min-768x768.jpg 768w, https:\/\/www.myrhythmdevice.org\/wp-content\/uploads\/2022\/02\/shutterstock_1087151576-1-min-400x400.jpg 400w, https:\/\/www.myrhythmdevice.org\/wp-content\/uploads\/2022\/02\/shutterstock_1087151576-1-min-600x600.jpg 600w, https:\/\/cdn-endpoint-mrd.azureedge.net\/myrhythmdevice\/2022\/02\/shutterstock_1087151576-1-min.jpg 900w\" sizes=\"auto, (max-width: 300px) 100vw, 300px\" \/><\/p>\n<p>Alcune apparecchiature o attrezzature tecnologiche che generano, utilizzano elettricit\u00e0 o trasmettono segnali wireless producono dei campi elettromagnetici attorno a s\u00e9. Questi campi possono influire sulla funzionalit\u00e0 del dispositivo cardiaco. Pertanto, \u00e8 necessario evitare forti campi elettromagnetici. Di seguito sono riportate informazioni sull&#8217;uso di dispositivi elettronici e sull&#8217;esecuzione di procedure mediche in caso di impianto di dispositivo cardiaco.<\/p>\n<ul>\n<li><a href=\"\/?page_id=209\">Procedure mediche<\/a><\/li>\n<li><a href=\"\/?page_id=212\">Interferenze elettromagnetiche con le tecnologie di utilizzo quotidiano<\/a><\/li>\n<\/ul>\n","protected":false},"excerpt":{"rendered":"<p>Alcune apparecchiature o attrezzature tecnologiche che generano, utilizzano elettricit\u00e0 o trasmettono segnali wireless producono dei campi elettromagnetici attorno a s\u00e9. Questi campi possono influire sulla funzionalit\u00e0 del dispositivo cardiaco. Pertanto, \u00e8 necessario evitare forti campi elettromagnetici. Di seguito sono riportate informazioni sull&#8217;uso di dispositivi elettronici e sull&#8217;esecuzione di procedure mediche in caso di impianto di [&hellip;]<\/p>\n","protected":false},"author":1,"featured_media":933,"parent":1021,"menu_order":7,"comment_status":"closed","ping_status":"closed","template":"","meta":{"_acf_changed":false,"footnotes":""},"categories":[],"tags":[],"class_list":["post-1006","page","type-page","status-publish","has-post-thumbnail","hentry"],"acf":[],"yoast_head":"<!-- This site is optimized with the Yoast SEO plugin v26.0 - https:\/\/yoast.com\/wordpress\/plugins\/seo\/ -->\n<title>Potenziali interferenze nella vita quotidiana | My Rhythm Device<\/title>\n<meta name=\"description\" content=\"Le apparecchiature o attrezzature tecnologiche che generano, utilizzano elettricit\u00e0 o trasmettono segnali wireless possono influire sulla funzionalit\u00e0 del dispositivo cardiaco.\" \/>\n<meta name=\"robots\" content=\"index, follow, max-snippet:-1, max-image-preview:large, max-video-preview:-1\" \/>\n<link rel=\"canonical\" href=\"https:\/\/www.myrhythmdevice.org\/it\/vivere-con-un-dispositivo-cardiaco\/potenziali-interferenze-nella-vita-quotidiana-e-in-ambiente-medico\/\" \/>\n<meta property=\"og:locale\" content=\"it_IT\" \/>\n<meta property=\"og:type\" content=\"article\" \/>\n<meta property=\"og:title\" content=\"Potenziali interferenze nella vita quotidiana | My Rhythm Device\" \/>\n<meta property=\"og:description\" content=\"Le apparecchiature o attrezzature tecnologiche che generano, utilizzano elettricit\u00e0 o trasmettono segnali wireless possono influire sulla funzionalit\u00e0 del dispositivo cardiaco.\" \/>\n<meta property=\"og:url\" content=\"https:\/\/www.myrhythmdevice.org\/it\/vivere-con-un-dispositivo-cardiaco\/potenziali-interferenze-nella-vita-quotidiana-e-in-ambiente-medico\/\" \/>\n<meta property=\"og:site_name\" content=\"myrhythmdevice.org\" \/>\n<meta property=\"og:image\" content=\"https:\/\/www.myrhythmdevice.org\/wp-content\/uploads\/2022\/02\/shutterstock_1198030981-1-min.jpg\" \/>\n\t<meta property=\"og:image:width\" content=\"900\" \/>\n\t<meta property=\"og:image:height\" content=\"393\" \/>\n\t<meta property=\"og:image:type\" content=\"image\/jpeg\" \/>\n<meta name=\"twitter:card\" content=\"summary_large_image\" \/>\n<script type=\"application\/ld+json\" class=\"yoast-schema-graph\">{\"@context\":\"https:\/\/schema.org\",\"@graph\":[{\"@type\":\"WebPage\",\"@id\":\"https:\/\/www.myrhythmdevice.org\/it\/vivere-con-un-dispositivo-cardiaco\/potenziali-interferenze-nella-vita-quotidiana-e-in-ambiente-medico\/\",\"url\":\"https:\/\/www.myrhythmdevice.org\/it\/vivere-con-un-dispositivo-cardiaco\/potenziali-interferenze-nella-vita-quotidiana-e-in-ambiente-medico\/\",\"name\":\"Potenziali interferenze nella vita quotidiana | My Rhythm Device\",\"isPartOf\":{\"@id\":\"https:\/\/www.myrhythmdevice.org\/#website\"},\"primaryImageOfPage\":{\"@id\":\"https:\/\/www.myrhythmdevice.org\/it\/vivere-con-un-dispositivo-cardiaco\/potenziali-interferenze-nella-vita-quotidiana-e-in-ambiente-medico\/#primaryimage\"},\"image\":{\"@id\":\"https:\/\/www.myrhythmdevice.org\/it\/vivere-con-un-dispositivo-cardiaco\/potenziali-interferenze-nella-vita-quotidiana-e-in-ambiente-medico\/#primaryimage\"},\"thumbnailUrl\":\"https:\/\/www.myrhythmdevice.org\/wp-content\/uploads\/2022\/02\/shutterstock_1198030981-1-min.jpg\",\"datePublished\":\"2023-08-23T15:15:40+00:00\",\"description\":\"Le apparecchiature o attrezzature tecnologiche che generano, utilizzano elettricit\u00e0 o trasmettono segnali wireless possono influire sulla funzionalit\u00e0 del dispositivo cardiaco.\",\"breadcrumb\":{\"@id\":\"https:\/\/www.myrhythmdevice.org\/it\/vivere-con-un-dispositivo-cardiaco\/potenziali-interferenze-nella-vita-quotidiana-e-in-ambiente-medico\/#breadcrumb\"},\"inLanguage\":\"it-IT\",\"potentialAction\":[{\"@type\":\"ReadAction\",\"target\":[\"https:\/\/www.myrhythmdevice.org\/it\/vivere-con-un-dispositivo-cardiaco\/potenziali-interferenze-nella-vita-quotidiana-e-in-ambiente-medico\/\"]}]},{\"@type\":\"ImageObject\",\"inLanguage\":\"it-IT\",\"@id\":\"https:\/\/www.myrhythmdevice.org\/it\/vivere-con-un-dispositivo-cardiaco\/potenziali-interferenze-nella-vita-quotidiana-e-in-ambiente-medico\/#primaryimage\",\"url\":\"https:\/\/www.myrhythmdevice.org\/wp-content\/uploads\/2022\/02\/shutterstock_1198030981-1-min.jpg\",\"contentUrl\":\"https:\/\/www.myrhythmdevice.org\/wp-content\/uploads\/2022\/02\/shutterstock_1198030981-1-min.jpg\",\"width\":900,\"height\":393},{\"@type\":\"BreadcrumbList\",\"@id\":\"https:\/\/www.myrhythmdevice.org\/it\/vivere-con-un-dispositivo-cardiaco\/potenziali-interferenze-nella-vita-quotidiana-e-in-ambiente-medico\/#breadcrumb\",\"itemListElement\":[{\"@type\":\"ListItem\",\"position\":1,\"name\":\"Home\",\"item\":\"https:\/\/www.myrhythmdevice.org\/it\/\"},{\"@type\":\"ListItem\",\"position\":2,\"name\":\"Vivere con un dispositivo cardiaco\",\"item\":\"https:\/\/www.myrhythmdevice.org\/it\/vivere-con-un-dispositivo-cardiaco\/\"},{\"@type\":\"ListItem\",\"position\":3,\"name\":\"Potenziali interferenze nella vita quotidiana e in ambiente medico\"}]},{\"@type\":\"WebSite\",\"@id\":\"https:\/\/www.myrhythmdevice.org\/#website\",\"url\":\"https:\/\/www.myrhythmdevice.org\/\",\"name\":\"myrhythmdevice.org\",\"description\":\"The website for patients with implanted cardiac devices, their caregivers and families.\",\"publisher\":{\"@id\":\"https:\/\/www.myrhythmdevice.org\/#organization\"},\"potentialAction\":[{\"@type\":\"SearchAction\",\"target\":{\"@type\":\"EntryPoint\",\"urlTemplate\":\"https:\/\/www.myrhythmdevice.org\/?s={search_term_string}\"},\"query-input\":{\"@type\":\"PropertyValueSpecification\",\"valueRequired\":true,\"valueName\":\"search_term_string\"}}],\"inLanguage\":\"it-IT\"},{\"@type\":\"Organization\",\"@id\":\"https:\/\/www.myrhythmdevice.org\/#organization\",\"name\":\"myrhythmdevice.org\",\"url\":\"https:\/\/www.myrhythmdevice.org\/\",\"logo\":{\"@type\":\"ImageObject\",\"inLanguage\":\"it-IT\",\"@id\":\"https:\/\/www.myrhythmdevice.org\/#\/schema\/logo\/image\/\",\"url\":\"https:\/\/cdn-endpoint-mrd.azureedge.net\/myrhythmdevice\/2022\/02\/LOGO-MRD.jpg\",\"contentUrl\":\"https:\/\/cdn-endpoint-mrd.azureedge.net\/myrhythmdevice\/2022\/02\/LOGO-MRD.jpg\",\"width\":1478,\"height\":326,\"caption\":\"myrhythmdevice.org\"},\"image\":{\"@id\":\"https:\/\/www.myrhythmdevice.org\/#\/schema\/logo\/image\/\"}}]}<\/script>\n<!-- \/ Yoast SEO plugin. -->","yoast_head_json":{"title":"Potenziali interferenze nella vita quotidiana | My Rhythm Device","description":"Le apparecchiature o attrezzature tecnologiche che generano, utilizzano elettricit\u00e0 o trasmettono segnali wireless possono influire sulla funzionalit\u00e0 del dispositivo cardiaco.","robots":{"index":"index","follow":"follow","max-snippet":"max-snippet:-1","max-image-preview":"max-image-preview:large","max-video-preview":"max-video-preview:-1"},"canonical":"https:\/\/www.myrhythmdevice.org\/it\/vivere-con-un-dispositivo-cardiaco\/potenziali-interferenze-nella-vita-quotidiana-e-in-ambiente-medico\/","og_locale":"it_IT","og_type":"article","og_title":"Potenziali interferenze nella vita quotidiana | My Rhythm Device","og_description":"Le apparecchiature o attrezzature tecnologiche che generano, utilizzano elettricit\u00e0 o trasmettono segnali wireless possono influire sulla funzionalit\u00e0 del dispositivo cardiaco.","og_url":"https:\/\/www.myrhythmdevice.org\/it\/vivere-con-un-dispositivo-cardiaco\/potenziali-interferenze-nella-vita-quotidiana-e-in-ambiente-medico\/","og_site_name":"myrhythmdevice.org","og_image":[{"width":900,"height":393,"url":"https:\/\/www.myrhythmdevice.org\/wp-content\/uploads\/2022\/02\/shutterstock_1198030981-1-min.jpg","type":"image\/jpeg"}],"twitter_card":"summary_large_image","schema":{"@context":"https:\/\/schema.org","@graph":[{"@type":"WebPage","@id":"https:\/\/www.myrhythmdevice.org\/it\/vivere-con-un-dispositivo-cardiaco\/potenziali-interferenze-nella-vita-quotidiana-e-in-ambiente-medico\/","url":"https:\/\/www.myrhythmdevice.org\/it\/vivere-con-un-dispositivo-cardiaco\/potenziali-interferenze-nella-vita-quotidiana-e-in-ambiente-medico\/","name":"Potenziali interferenze nella vita quotidiana | My Rhythm Device","isPartOf":{"@id":"https:\/\/www.myrhythmdevice.org\/#website"},"primaryImageOfPage":{"@id":"https:\/\/www.myrhythmdevice.org\/it\/vivere-con-un-dispositivo-cardiaco\/potenziali-interferenze-nella-vita-quotidiana-e-in-ambiente-medico\/#primaryimage"},"image":{"@id":"https:\/\/www.myrhythmdevice.org\/it\/vivere-con-un-dispositivo-cardiaco\/potenziali-interferenze-nella-vita-quotidiana-e-in-ambiente-medico\/#primaryimage"},"thumbnailUrl":"https:\/\/www.myrhythmdevice.org\/wp-content\/uploads\/2022\/02\/shutterstock_1198030981-1-min.jpg","datePublished":"2023-08-23T15:15:40+00:00","description":"Le apparecchiature o attrezzature tecnologiche che generano, utilizzano elettricit\u00e0 o trasmettono segnali wireless possono influire sulla funzionalit\u00e0 del dispositivo cardiaco.","breadcrumb":{"@id":"https:\/\/www.myrhythmdevice.org\/it\/vivere-con-un-dispositivo-cardiaco\/potenziali-interferenze-nella-vita-quotidiana-e-in-ambiente-medico\/#breadcrumb"},"inLanguage":"it-IT","potentialAction":[{"@type":"ReadAction","target":["https:\/\/www.myrhythmdevice.org\/it\/vivere-con-un-dispositivo-cardiaco\/potenziali-interferenze-nella-vita-quotidiana-e-in-ambiente-medico\/"]}]},{"@type":"ImageObject","inLanguage":"it-IT","@id":"https:\/\/www.myrhythmdevice.org\/it\/vivere-con-un-dispositivo-cardiaco\/potenziali-interferenze-nella-vita-quotidiana-e-in-ambiente-medico\/#primaryimage","url":"https:\/\/www.myrhythmdevice.org\/wp-content\/uploads\/2022\/02\/shutterstock_1198030981-1-min.jpg","contentUrl":"https:\/\/www.myrhythmdevice.org\/wp-content\/uploads\/2022\/02\/shutterstock_1198030981-1-min.jpg","width":900,"height":393},{"@type":"BreadcrumbList","@id":"https:\/\/www.myrhythmdevice.org\/it\/vivere-con-un-dispositivo-cardiaco\/potenziali-interferenze-nella-vita-quotidiana-e-in-ambiente-medico\/#breadcrumb","itemListElement":[{"@type":"ListItem","position":1,"name":"Home","item":"https:\/\/www.myrhythmdevice.org\/it\/"},{"@type":"ListItem","position":2,"name":"Vivere con un dispositivo cardiaco","item":"https:\/\/www.myrhythmdevice.org\/it\/vivere-con-un-dispositivo-cardiaco\/"},{"@type":"ListItem","position":3,"name":"Potenziali interferenze nella vita quotidiana e in ambiente medico"}]},{"@type":"WebSite","@id":"https:\/\/www.myrhythmdevice.org\/#website","url":"https:\/\/www.myrhythmdevice.org\/","name":"myrhythmdevice.org","description":"The website for patients with implanted cardiac devices, their caregivers and families.","publisher":{"@id":"https:\/\/www.myrhythmdevice.org\/#organization"},"potentialAction":[{"@type":"SearchAction","target":{"@type":"EntryPoint","urlTemplate":"https:\/\/www.myrhythmdevice.org\/?s={search_term_string}"},"query-input":{"@type":"PropertyValueSpecification","valueRequired":true,"valueName":"search_term_string"}}],"inLanguage":"it-IT"},{"@type":"Organization","@id":"https:\/\/www.myrhythmdevice.org\/#organization","name":"myrhythmdevice.org","url":"https:\/\/www.myrhythmdevice.org\/","logo":{"@type":"ImageObject","inLanguage":"it-IT","@id":"https:\/\/www.myrhythmdevice.org\/#\/schema\/logo\/image\/","url":"https:\/\/cdn-endpoint-mrd.azureedge.net\/myrhythmdevice\/2022\/02\/LOGO-MRD.jpg","contentUrl":"https:\/\/cdn-endpoint-mrd.azureedge.net\/myrhythmdevice\/2022\/02\/LOGO-MRD.jpg","width":1478,"height":326,"caption":"myrhythmdevice.org"},"image":{"@id":"https:\/\/www.myrhythmdevice.org\/#\/schema\/logo\/image\/"}}]}},"_links":{"self":[{"href":"https:\/\/www.myrhythmdevice.org\/it\/wp-json\/wp\/v2\/pages\/1006","targetHints":{"allow":["GET"]}}],"collection":[{"href":"https:\/\/www.myrhythmdevice.org\/it\/wp-json\/wp\/v2\/pages"}],"about":[{"href":"https:\/\/www.myrhythmdevice.org\/it\/wp-json\/wp\/v2\/types\/page"}],"author":[{"embeddable":true,"href":"https:\/\/www.myrhythmdevice.org\/it\/wp-json\/wp\/v2\/users\/1"}],"replies":[{"embeddable":true,"href":"https:\/\/www.myrhythmdevice.org\/it\/wp-json\/wp\/v2\/comments?post=1006"}],"version-history":[{"count":0,"href":"https:\/\/www.myrhythmdevice.org\/it\/wp-json\/wp\/v2\/pages\/1006\/revisions"}],"up":[{"embeddable":true,"href":"https:\/\/www.myrhythmdevice.org\/it\/wp-json\/wp\/v2\/pages\/1021"}],"wp:featuredmedia":[{"embeddable":true,"href":"https:\/\/www.myrhythmdevice.org\/it\/wp-json\/wp\/v2\/media\/933"}],"wp:attachment":[{"href":"https:\/\/www.myrhythmdevice.org\/it\/wp-json\/wp\/v2\/media?parent=1006"}],"wp:term":[{"taxonomy":"category","embeddable":true,"href":"https:\/\/www.myrhythmdevice.org\/it\/wp-json\/wp\/v2\/categories?post=1006"},{"taxonomy":"post_tag","embeddable":true,"href":"https:\/\/www.myrhythmdevice.org\/it\/wp-json\/wp\/v2\/tags?post=1006"}],"curies":[{"name":"wp","href":"https:\/\/api.w.org\/{rel}","templated":true}]}}