{"id":1001,"date":"2023-08-23T16:15:37","date_gmt":"2023-08-23T15:15:37","guid":{"rendered":"https:\/\/www.myrhythmdevice.org\/monitor-cardiaco-impiantabile\/come-funziona-un-monitor-cardiaco-impiantabile-ilr\/"},"modified":"2023-08-23T16:15:37","modified_gmt":"2023-08-23T15:15:37","slug":"come-funziona-un-monitor-cardiaco-impiantabile-ilr","status":"publish","type":"page","link":"https:\/\/www.myrhythmdevice.org\/it\/monitor-cardiaco-impiantabile\/come-funziona-un-monitor-cardiaco-impiantabile-ilr\/","title":{"rendered":"Come funziona un monitor cardiaco impiantabile (ILR)?"},"content":{"rendered":"<p><img loading=\"lazy\" decoding=\"async\" class=\"aligncenter wp-image-170\" src=\"https:\/\/cdn-endpoint-mrd.azureedge.net\/myrhythmdevice\/2022\/02\/shutterstock_2012253452-1-min.jpg\" alt=\"\" width=\"600\" height=\"501\" srcset=\"https:\/\/cdn-endpoint-mrd.azureedge.net\/myrhythmdevice\/2022\/02\/shutterstock_2012253452-1-min.jpg 900w, https:\/\/www.myrhythmdevice.org\/wp-content\/uploads\/2022\/02\/shutterstock_2012253452-1-min-300x251.jpg 300w, https:\/\/www.myrhythmdevice.org\/wp-content\/uploads\/2022\/02\/shutterstock_2012253452-1-min-768x642.jpg 768w, https:\/\/www.myrhythmdevice.org\/wp-content\/uploads\/2022\/02\/shutterstock_2012253452-1-min-479x400.jpg 479w, https:\/\/www.myrhythmdevice.org\/wp-content\/uploads\/2022\/02\/shutterstock_2012253452-1-min-718x600.jpg 718w\" sizes=\"auto, (max-width: 600px) 100vw, 600px\" \/><\/p>\n<p>Questo piccolo dispositivo sottocutaneo registra costantemente un segnale simile a quello dell&#8217;elettrocardiogramma. Dal momento che ha una memoria di archiviazione limitata, il dispositivo conserva le registrazioni solo in due circostanze:<\/p>\n<ul>\n<li>se il paziente ha inviato un segnale al dispositivo chiedendo di conservare la traccia elettrocardiografica. Ci\u00f2 pu\u00f2 avvenire in situazioni nelle quali si \u00e8 verificato un sintomo e si desidera conservare il tracciato registrato al momento della sua manifestazione.<\/li>\n<li>Oppure vi sono casi in cui \u00e8 stato lo stesso dispositivo a ritenere anomalo il tracciato per via del battito accelerato o rallentato o a seguito del suo ritmo irregolare.<\/li>\n<\/ul>\n<p>\u00c8 molto importante capire che il tracciato memorizzato corrisponde a quello registrato nei pochi minuti che precedono l&#8217;attivazione da parte del paziente o del dispositivo stesso. \u00c8 quindi di estrema importanza conoscere sempre la procedura per attivare la memorizzazione e implementarla quanto prima dopo il verificarsi di un sintomo. Se attivata troppo tardi, la traccia memorizzata non corrisponder\u00e0 pi\u00f9 al momento del sintomo.<\/p>\n<p>Le tracce memorizzate sono molto facili da analizzare da parte del centro che ha effettuato l&#8217;impianto, sia interrogando il dispositivo in presenza, sia da remoto.<\/p>\n","protected":false},"excerpt":{"rendered":"<p>Questo piccolo dispositivo sottocutaneo registra costantemente un segnale simile a quello dell&#8217;elettrocardiogramma. Dal momento che ha una memoria di archiviazione limitata, il dispositivo conserva le registrazioni solo in due circostanze: se il paziente ha inviato un segnale al dispositivo chiedendo di conservare la traccia elettrocardiografica. Ci\u00f2 pu\u00f2 avvenire in situazioni nelle quali si \u00e8 verificato [&hellip;]<\/p>\n","protected":false},"author":1,"featured_media":924,"parent":990,"menu_order":2,"comment_status":"closed","ping_status":"closed","template":"","meta":{"_acf_changed":false,"footnotes":""},"categories":[],"tags":[],"class_list":["post-1001","page","type-page","status-publish","has-post-thumbnail","hentry"],"acf":[],"yoast_head":"<!-- This site is optimized with the Yoast SEO plugin v25.3.1 - https:\/\/yoast.com\/wordpress\/plugins\/seo\/ -->\n<title>Monitor cardiaco impiantabile (ILR) | My Rhythm Device<\/title>\n<meta name=\"description\" content=\"Il Monitor cardiaco impiantabile (Implantable Heart Rhythm Monitor, ILR) viene impiantato sottocute e registra costantemente un segnale comparabile a quello dell&#039;elettrocardiogramma.\" \/>\n<meta name=\"robots\" content=\"index, follow, max-snippet:-1, max-image-preview:large, max-video-preview:-1\" \/>\n<link rel=\"canonical\" href=\"https:\/\/www.myrhythmdevice.org\/it\/monitor-cardiaco-impiantabile\/come-funziona-un-monitor-cardiaco-impiantabile-ilr\/\" \/>\n<meta property=\"og:locale\" content=\"it_IT\" \/>\n<meta property=\"og:type\" content=\"article\" \/>\n<meta property=\"og:title\" content=\"Monitor cardiaco impiantabile (ILR) | My Rhythm Device\" \/>\n<meta property=\"og:description\" content=\"Il Monitor cardiaco impiantabile (Implantable Heart Rhythm Monitor, ILR) viene impiantato sottocute e registra costantemente un segnale comparabile a quello dell&#039;elettrocardiogramma.\" \/>\n<meta property=\"og:url\" content=\"https:\/\/www.myrhythmdevice.org\/it\/monitor-cardiaco-impiantabile\/come-funziona-un-monitor-cardiaco-impiantabile-ilr\/\" \/>\n<meta property=\"og:site_name\" content=\"myrhythmdevice.org\" \/>\n<meta property=\"og:image\" content=\"https:\/\/www.myrhythmdevice.org\/wp-content\/uploads\/2022\/02\/shutterstock_2012253452-1-min.jpg\" \/>\n\t<meta property=\"og:image:width\" content=\"900\" \/>\n\t<meta property=\"og:image:height\" content=\"752\" \/>\n\t<meta property=\"og:image:type\" content=\"image\/jpeg\" \/>\n<meta name=\"twitter:card\" content=\"summary_large_image\" \/>\n<meta name=\"twitter:label1\" content=\"Tempo di lettura stimato\" \/>\n\t<meta name=\"twitter:data1\" content=\"1 minuto\" \/>\n<script type=\"application\/ld+json\" class=\"yoast-schema-graph\">{\"@context\":\"https:\/\/schema.org\",\"@graph\":[{\"@type\":\"WebPage\",\"@id\":\"https:\/\/www.myrhythmdevice.org\/it\/monitor-cardiaco-impiantabile\/come-funziona-un-monitor-cardiaco-impiantabile-ilr\/\",\"url\":\"https:\/\/www.myrhythmdevice.org\/it\/monitor-cardiaco-impiantabile\/come-funziona-un-monitor-cardiaco-impiantabile-ilr\/\",\"name\":\"Monitor cardiaco impiantabile (ILR) | My Rhythm Device\",\"isPartOf\":{\"@id\":\"https:\/\/www.myrhythmdevice.org\/#website\"},\"primaryImageOfPage\":{\"@id\":\"https:\/\/www.myrhythmdevice.org\/it\/monitor-cardiaco-impiantabile\/come-funziona-un-monitor-cardiaco-impiantabile-ilr\/#primaryimage\"},\"image\":{\"@id\":\"https:\/\/www.myrhythmdevice.org\/it\/monitor-cardiaco-impiantabile\/come-funziona-un-monitor-cardiaco-impiantabile-ilr\/#primaryimage\"},\"thumbnailUrl\":\"https:\/\/www.myrhythmdevice.org\/wp-content\/uploads\/2022\/02\/shutterstock_2012253452-1-min.jpg\",\"datePublished\":\"2023-08-23T15:15:37+00:00\",\"description\":\"Il Monitor cardiaco impiantabile (Implantable Heart Rhythm Monitor, ILR) viene impiantato sottocute e registra costantemente un segnale comparabile a quello dell'elettrocardiogramma.\",\"breadcrumb\":{\"@id\":\"https:\/\/www.myrhythmdevice.org\/it\/monitor-cardiaco-impiantabile\/come-funziona-un-monitor-cardiaco-impiantabile-ilr\/#breadcrumb\"},\"inLanguage\":\"it-IT\",\"potentialAction\":[{\"@type\":\"ReadAction\",\"target\":[\"https:\/\/www.myrhythmdevice.org\/it\/monitor-cardiaco-impiantabile\/come-funziona-un-monitor-cardiaco-impiantabile-ilr\/\"]}]},{\"@type\":\"ImageObject\",\"inLanguage\":\"it-IT\",\"@id\":\"https:\/\/www.myrhythmdevice.org\/it\/monitor-cardiaco-impiantabile\/come-funziona-un-monitor-cardiaco-impiantabile-ilr\/#primaryimage\",\"url\":\"https:\/\/www.myrhythmdevice.org\/wp-content\/uploads\/2022\/02\/shutterstock_2012253452-1-min.jpg\",\"contentUrl\":\"https:\/\/www.myrhythmdevice.org\/wp-content\/uploads\/2022\/02\/shutterstock_2012253452-1-min.jpg\",\"width\":900,\"height\":752},{\"@type\":\"BreadcrumbList\",\"@id\":\"https:\/\/www.myrhythmdevice.org\/it\/monitor-cardiaco-impiantabile\/come-funziona-un-monitor-cardiaco-impiantabile-ilr\/#breadcrumb\",\"itemListElement\":[{\"@type\":\"ListItem\",\"position\":1,\"name\":\"Home\",\"item\":\"https:\/\/www.myrhythmdevice.org\/it\/\"},{\"@type\":\"ListItem\",\"position\":2,\"name\":\"Monitor Cardiaco Impiantabile\",\"item\":\"https:\/\/www.myrhythmdevice.org\/it\/monitor-cardiaco-impiantabile\/\"},{\"@type\":\"ListItem\",\"position\":3,\"name\":\"Come funziona un monitor cardiaco impiantabile (ILR)?\"}]},{\"@type\":\"WebSite\",\"@id\":\"https:\/\/www.myrhythmdevice.org\/#website\",\"url\":\"https:\/\/www.myrhythmdevice.org\/\",\"name\":\"myrhythmdevice.org\",\"description\":\"The website for patients with implanted cardiac devices, their caregivers and families.\",\"publisher\":{\"@id\":\"https:\/\/www.myrhythmdevice.org\/#organization\"},\"potentialAction\":[{\"@type\":\"SearchAction\",\"target\":{\"@type\":\"EntryPoint\",\"urlTemplate\":\"https:\/\/www.myrhythmdevice.org\/?s={search_term_string}\"},\"query-input\":{\"@type\":\"PropertyValueSpecification\",\"valueRequired\":true,\"valueName\":\"search_term_string\"}}],\"inLanguage\":\"it-IT\"},{\"@type\":\"Organization\",\"@id\":\"https:\/\/www.myrhythmdevice.org\/#organization\",\"name\":\"myrhythmdevice.org\",\"url\":\"https:\/\/www.myrhythmdevice.org\/\",\"logo\":{\"@type\":\"ImageObject\",\"inLanguage\":\"it-IT\",\"@id\":\"https:\/\/www.myrhythmdevice.org\/#\/schema\/logo\/image\/\",\"url\":\"https:\/\/cdn-endpoint-mrd.azureedge.net\/myrhythmdevice\/2022\/02\/LOGO-MRD.jpg\",\"contentUrl\":\"https:\/\/cdn-endpoint-mrd.azureedge.net\/myrhythmdevice\/2022\/02\/LOGO-MRD.jpg\",\"width\":1478,\"height\":326,\"caption\":\"myrhythmdevice.org\"},\"image\":{\"@id\":\"https:\/\/www.myrhythmdevice.org\/#\/schema\/logo\/image\/\"}}]}<\/script>\n<!-- \/ Yoast SEO plugin. -->","yoast_head_json":{"title":"Monitor cardiaco impiantabile (ILR) | My Rhythm Device","description":"Il Monitor cardiaco impiantabile (Implantable Heart Rhythm Monitor, ILR) viene impiantato sottocute e registra costantemente un segnale comparabile a quello dell'elettrocardiogramma.","robots":{"index":"index","follow":"follow","max-snippet":"max-snippet:-1","max-image-preview":"max-image-preview:large","max-video-preview":"max-video-preview:-1"},"canonical":"https:\/\/www.myrhythmdevice.org\/it\/monitor-cardiaco-impiantabile\/come-funziona-un-monitor-cardiaco-impiantabile-ilr\/","og_locale":"it_IT","og_type":"article","og_title":"Monitor cardiaco impiantabile (ILR) | My Rhythm Device","og_description":"Il Monitor cardiaco impiantabile (Implantable Heart Rhythm Monitor, ILR) viene impiantato sottocute e registra costantemente un segnale comparabile a quello dell'elettrocardiogramma.","og_url":"https:\/\/www.myrhythmdevice.org\/it\/monitor-cardiaco-impiantabile\/come-funziona-un-monitor-cardiaco-impiantabile-ilr\/","og_site_name":"myrhythmdevice.org","og_image":[{"width":900,"height":752,"url":"https:\/\/www.myrhythmdevice.org\/wp-content\/uploads\/2022\/02\/shutterstock_2012253452-1-min.jpg","type":"image\/jpeg"}],"twitter_card":"summary_large_image","twitter_misc":{"Tempo di lettura stimato":"1 minuto"},"schema":{"@context":"https:\/\/schema.org","@graph":[{"@type":"WebPage","@id":"https:\/\/www.myrhythmdevice.org\/it\/monitor-cardiaco-impiantabile\/come-funziona-un-monitor-cardiaco-impiantabile-ilr\/","url":"https:\/\/www.myrhythmdevice.org\/it\/monitor-cardiaco-impiantabile\/come-funziona-un-monitor-cardiaco-impiantabile-ilr\/","name":"Monitor cardiaco impiantabile (ILR) | My Rhythm Device","isPartOf":{"@id":"https:\/\/www.myrhythmdevice.org\/#website"},"primaryImageOfPage":{"@id":"https:\/\/www.myrhythmdevice.org\/it\/monitor-cardiaco-impiantabile\/come-funziona-un-monitor-cardiaco-impiantabile-ilr\/#primaryimage"},"image":{"@id":"https:\/\/www.myrhythmdevice.org\/it\/monitor-cardiaco-impiantabile\/come-funziona-un-monitor-cardiaco-impiantabile-ilr\/#primaryimage"},"thumbnailUrl":"https:\/\/www.myrhythmdevice.org\/wp-content\/uploads\/2022\/02\/shutterstock_2012253452-1-min.jpg","datePublished":"2023-08-23T15:15:37+00:00","description":"Il Monitor cardiaco impiantabile (Implantable Heart Rhythm Monitor, ILR) viene impiantato sottocute e registra costantemente un segnale comparabile a quello dell'elettrocardiogramma.","breadcrumb":{"@id":"https:\/\/www.myrhythmdevice.org\/it\/monitor-cardiaco-impiantabile\/come-funziona-un-monitor-cardiaco-impiantabile-ilr\/#breadcrumb"},"inLanguage":"it-IT","potentialAction":[{"@type":"ReadAction","target":["https:\/\/www.myrhythmdevice.org\/it\/monitor-cardiaco-impiantabile\/come-funziona-un-monitor-cardiaco-impiantabile-ilr\/"]}]},{"@type":"ImageObject","inLanguage":"it-IT","@id":"https:\/\/www.myrhythmdevice.org\/it\/monitor-cardiaco-impiantabile\/come-funziona-un-monitor-cardiaco-impiantabile-ilr\/#primaryimage","url":"https:\/\/www.myrhythmdevice.org\/wp-content\/uploads\/2022\/02\/shutterstock_2012253452-1-min.jpg","contentUrl":"https:\/\/www.myrhythmdevice.org\/wp-content\/uploads\/2022\/02\/shutterstock_2012253452-1-min.jpg","width":900,"height":752},{"@type":"BreadcrumbList","@id":"https:\/\/www.myrhythmdevice.org\/it\/monitor-cardiaco-impiantabile\/come-funziona-un-monitor-cardiaco-impiantabile-ilr\/#breadcrumb","itemListElement":[{"@type":"ListItem","position":1,"name":"Home","item":"https:\/\/www.myrhythmdevice.org\/it\/"},{"@type":"ListItem","position":2,"name":"Monitor Cardiaco Impiantabile","item":"https:\/\/www.myrhythmdevice.org\/it\/monitor-cardiaco-impiantabile\/"},{"@type":"ListItem","position":3,"name":"Come funziona un monitor cardiaco impiantabile (ILR)?"}]},{"@type":"WebSite","@id":"https:\/\/www.myrhythmdevice.org\/#website","url":"https:\/\/www.myrhythmdevice.org\/","name":"myrhythmdevice.org","description":"The website for patients with implanted cardiac devices, their caregivers and families.","publisher":{"@id":"https:\/\/www.myrhythmdevice.org\/#organization"},"potentialAction":[{"@type":"SearchAction","target":{"@type":"EntryPoint","urlTemplate":"https:\/\/www.myrhythmdevice.org\/?s={search_term_string}"},"query-input":{"@type":"PropertyValueSpecification","valueRequired":true,"valueName":"search_term_string"}}],"inLanguage":"it-IT"},{"@type":"Organization","@id":"https:\/\/www.myrhythmdevice.org\/#organization","name":"myrhythmdevice.org","url":"https:\/\/www.myrhythmdevice.org\/","logo":{"@type":"ImageObject","inLanguage":"it-IT","@id":"https:\/\/www.myrhythmdevice.org\/#\/schema\/logo\/image\/","url":"https:\/\/cdn-endpoint-mrd.azureedge.net\/myrhythmdevice\/2022\/02\/LOGO-MRD.jpg","contentUrl":"https:\/\/cdn-endpoint-mrd.azureedge.net\/myrhythmdevice\/2022\/02\/LOGO-MRD.jpg","width":1478,"height":326,"caption":"myrhythmdevice.org"},"image":{"@id":"https:\/\/www.myrhythmdevice.org\/#\/schema\/logo\/image\/"}}]}},"_links":{"self":[{"href":"https:\/\/www.myrhythmdevice.org\/it\/wp-json\/wp\/v2\/pages\/1001","targetHints":{"allow":["GET"]}}],"collection":[{"href":"https:\/\/www.myrhythmdevice.org\/it\/wp-json\/wp\/v2\/pages"}],"about":[{"href":"https:\/\/www.myrhythmdevice.org\/it\/wp-json\/wp\/v2\/types\/page"}],"author":[{"embeddable":true,"href":"https:\/\/www.myrhythmdevice.org\/it\/wp-json\/wp\/v2\/users\/1"}],"replies":[{"embeddable":true,"href":"https:\/\/www.myrhythmdevice.org\/it\/wp-json\/wp\/v2\/comments?post=1001"}],"version-history":[{"count":0,"href":"https:\/\/www.myrhythmdevice.org\/it\/wp-json\/wp\/v2\/pages\/1001\/revisions"}],"up":[{"embeddable":true,"href":"https:\/\/www.myrhythmdevice.org\/it\/wp-json\/wp\/v2\/pages\/990"}],"wp:featuredmedia":[{"embeddable":true,"href":"https:\/\/www.myrhythmdevice.org\/it\/wp-json\/wp\/v2\/media\/924"}],"wp:attachment":[{"href":"https:\/\/www.myrhythmdevice.org\/it\/wp-json\/wp\/v2\/media?parent=1001"}],"wp:term":[{"taxonomy":"category","embeddable":true,"href":"https:\/\/www.myrhythmdevice.org\/it\/wp-json\/wp\/v2\/categories?post=1001"},{"taxonomy":"post_tag","embeddable":true,"href":"https:\/\/www.myrhythmdevice.org\/it\/wp-json\/wp\/v2\/tags?post=1001"}],"curies":[{"name":"wp","href":"https:\/\/api.w.org\/{rel}","templated":true}]}}