{"id":857,"date":"2023-04-25T09:24:33","date_gmt":"2023-04-25T08:24:33","guid":{"rendered":"https:\/\/www.myrhythmdevice.org\/muerte-subita-cardiaca-msc\/superviviente-de-msc\/"},"modified":"2023-04-25T09:24:33","modified_gmt":"2023-04-25T08:24:33","slug":"superviviente-de-msc","status":"publish","type":"page","link":"https:\/\/www.myrhythmdevice.org\/es\/muerte-subita-cardiaca-msc\/superviviente-de-msc\/","title":{"rendered":"Superviviente de MSC"},"content":{"rendered":"<p>Si ha sobrevivido a un paro s\u00fabito card\u00edaco, su vuelta a la vida normal depender\u00e1 de diversos aspectos cl\u00ednicos del episodio y, especialmente, de la presencia (o ausencia) de secuelas neurol\u00f3gicas o card\u00edacas que puedan afectar a sus actividades diarias y a su capacidad para realizar esfuerzos. Algunos pacientes pueden volver a llevar una vida pr\u00e1cticamente normal, mientras que otros se enfrentan a limitaciones que hacen necesaria la adaptaci\u00f3n de las rutinas diarias para ellos y sus familias. Debe consultar a su m\u00e9dico sus limitaciones e informar a sus familiares y amigos cercanos sobre su enfermedad para que sepan c\u00f3mo ayudarle en caso necesario.<\/p>\n<p>Algunas causas de paro card\u00edaco s\u00fabito son hereditarias y, si \u00e9se es el caso, examinar a los miembros de su familia puede salvarles la vida. Pregunte a su m\u00e9dico si ese es el caso y c\u00f3mo proceder para ayudar a sus familiares.<\/p>\n<p>Es probable que tenga un desfibrilador card\u00edaco implantado y que tenga que aprender a vivir con \u00e9l. Para la mayor\u00eda de las personas, vivir con un DAI no requiere mucha adaptaci\u00f3n, ya que esto permite continuar con la mayor\u00eda de las actividades cotidianas, incluido el trabajo con ordenadores y otros dispositivos electr\u00f3nicos y el ejercicio. De hecho, a menudo, las restricciones para realizar ejercicio de forma m\u00e1s activa se deben a su condici\u00f3n f\u00edsica y no al dispositivo implantado. Puede y deber\u00eda hablar de sus actividades cotidianas con su m\u00e9dico y, cuando pueda, hacer ejercicio. Si lo considera oportuno, su m\u00e9dico puede ajustar el dispositivo para que se adapte a un estilo de vida m\u00e1s activo.<\/p>\n<p>En la mayor\u00eda de los casos, incluso despu\u00e9s de un paro card\u00edaco s\u00fabito, un estilo de vida saludable sigue jugando un papel importante para prevenir episodios futuros, por lo que se recomienda encarecidamente. Le resultar\u00e1 m\u00e1s sencillo adaptarse si involucra a sus familiares y amigos cercanos, si le pregunta a su m\u00e9dico sobre situaciones cl\u00ednicas concretas y sobre qu\u00e9 deber\u00eda cambiar en su rutina diaria. Aprenda m\u00e1s sobre un coraz\u00f3n sano en <a href=\"https:\/\/www.healthy-heart.org\/\" target=\"_blank\" rel=\"noopener\">healthy-heart.org<\/a>.<\/p>\n<p>\u00bfQuiere saber de primera mano c\u00f3mo es vivir con un DAI? Eche un vistazo a las experiencias de algunos pacientes.<\/p>\n<h3>Superviviente de MSC: experiencia de un paciente<\/h3>\n<p>Tengo s\u00edndrome de Brugada y MAVD. El coraz\u00f3n me puede empezar a fibrilar de la nada. Ya me ha pasado 7 veces, y todas ellas ha resultado en una descarga por intervenci\u00f3n de mi DAI. Podemos verlo como una muerte s\u00fabita que termina con una descarga que reinicia tu vida.<\/p>\n<p>Lo de s\u00fabita es literal. Me mareo, un mareo como los que ocurren cuando te levantas demasiado r\u00e1pido. Es un mareo que dura unos segundos y que se vuelve m\u00e1s y m\u00e1s oscuro. Uno, dos, tres y el mundo se apaga. Empiezo a so\u00f1ar. Un sue\u00f1o de lo m\u00e1s est\u00fapido me viene a la cabeza. Por suerte, tengo un DAI y, con una descarga, recupero la conciencia y la vida sigue como si nada hubiera pasado.<\/p>\n<p>En la mitad del tiempo, he notado la descarga y, cuando me recupero, s\u00e9 muy bien lo que me ha pasado. Cuando no noto la descarga y acabo de recuperarme, ya me ha pasado que no s\u00e9 muy bien lo que ha ocurrido, si me he perdido unos segundos o si solo son imaginaciones m\u00edas. En esas ocasiones, es bueno que haya testigos a los que pueda preguntar.<\/p>\n<p>Aunque eso es muy relativo, porque una vez me pas\u00f3 durante una reuni\u00f3n. Estaba sentado en una silla, encorvado, con la cabeza en las manos porque estaba pensando. Despu\u00e9s, perd\u00ed la conciencia durante muy poco tiempo (unos 2 segundos), y despu\u00e9s vino la descarga (10,5 segundos despu\u00e9s de empezar a fibrilar). Ninguno de los 14 compa\u00f1eros que hab\u00eda en la mesa sospech\u00f3 nada. Es incre\u00edble c\u00f3mo un momento tan cr\u00edtico puede pasar tan desapercibido.<\/p>\n<p>En otra ocasi\u00f3n, la situaci\u00f3n fue mucho m\u00e1s dram\u00e1tica. Estaba sentado en un restaurante. Y, de repente, el mundo se apag\u00f3. Yo, de nuevo, estaba so\u00f1ando con una tonter\u00eda; para los de mi alrededor, me hab\u00eda desmayado en la silla de forma repentina. La cabeza hacia atr\u00e1s, los ojos bien abiertos, la piel de color gris y dificultad para respirar. La primera descarga no surti\u00f3 efecto. Mi mujer se apresur\u00f3 y ejecut\u00f3 la maniobra de RCP. Llamaron a una ambulancia. La segunda descarga tampoco surti\u00f3 efecto. Mi mujer not\u00f3 la descarga mientras ejecutaba la RCP y se asust\u00f3. Durante la tercera descarga, recuper\u00e9 la conciencia (42 segundos despu\u00e9s de que el coraz\u00f3n me empezara a fibrilar). Supe de inmediato lo que me hab\u00eda pasado. Tranquilic\u00e9 a las personas de mi alrededor y llam\u00e9 al hospital. La ambulancia lleg\u00f3 y me llev\u00f3 a urgencias, aunque yo me encontraba bien.<\/p>\n<p>Desde mi experiencia, una descarga de ese tipo no duele. Por supuesto que la noto y es intensa. Cuando el mundo se apaga de esa forma y yo siento que tambi\u00e9n lo hago, intento prepararme para la descarga. La descarga ocurre de forma tan r\u00e1pida que no hay tiempo para que duela. Cuando me recupero, la sensaci\u00f3n de que se me permite vivir de nuevo me da tal subid\u00f3n de adrenalina que el recuerdo del dolor desaparece. As\u00ed que tampoco tengo miedo de la descarga. Al contrario, deseo la descarga como un paracaidista a su paraca\u00eddas. El paraca\u00eddas asegura que el paracaidista llegue sano y salvo al suelo. Del mismo modo, la descarga producida por el DAI garantiza que pueda seguir viviendo de forma segura. La diferencia es que yo nunca s\u00e9 cu\u00e1ndo estoy en el aire: puede ocurrir en cualquier momento.<\/p>\n<p><em>Axel Verstrael<\/em><\/p>\n<h3><\/h3>\n<h3>Testimonio de Piet Verstrael, hijo de Axel Verstrael y testigo de un episodio de fibrilaci\u00f3n con descarga y recuperaci\u00f3n.<\/h3>\n<p>Era el 21 de diciembre de 2015. Yo ten\u00eda 8 a\u00f1os. Esa tarde, corrimos 100 metros para coger el autob\u00fas y nos sentamos. Yo detr\u00e1s de mi padre. Ya antes de que el autob\u00fas saliera, mi padre estaba sentado con la cabeza apoyada en la ventana como si se hubiera quedado dormido de repente. Empez\u00f3 a roncar al instante. Aunque esa no es la palabra adecuada, no es roncar, es un sonido particular. Con \u00e9l, hab\u00eda un suave rugido: dificultad para respirar.<\/p>\n<p>Los guantes y el m\u00f3vil de pap\u00e1 se le cayeron de las manos. Yo grit\u00e9 \u00ab\u00a1Pap\u00e1, pap\u00e1!\u00bb Pero no respond\u00eda. Yo lo miraba asustado cuando, de repente, se despert\u00f3. Inmediatamente, me ech\u00f3 una metirijilla porque hab\u00eda notado la descarga del DAI. Fue entonces cuando me di cuenta de lo que hab\u00eda pasado. Ocurre tan r\u00e1pido (12 segundos) que apenas te das cuenta de lo que pasa. Lo ves y te preguntas \u00ab\u00bfqu\u00e9 es esto?\u00bb Incluso antes de que reaccionara para ayudar, ya hab\u00eda vuelto.<\/p>\n<p>No recuerdo ninguna emoci\u00f3n de este suceso. Pero a la hora de dormir, cuando le pregunto algo a mi padre y no responde de inmediato, se me nubla la mente y voy a ver si todo est\u00e1 bien. Aparte de eso, nada, porque as\u00ed es nuestra vida.<\/p>\n<p><em>Piet Verstrael<\/em><\/p>\n","protected":false},"excerpt":{"rendered":"<p>Si ha sobrevivido a un paro s\u00fabito card\u00edaco, su vuelta a la vida normal depender\u00e1 de diversos aspectos cl\u00ednicos del episodio y, especialmente, de la presencia (o ausencia) de secuelas neurol\u00f3gicas o card\u00edacas que puedan afectar a sus actividades diarias y a su capacidad para realizar esfuerzos. Algunos pacientes pueden volver a llevar una vida [&hellip;]<\/p>\n","protected":false},"author":1,"featured_media":0,"parent":853,"menu_order":0,"comment_status":"closed","ping_status":"closed","template":"","meta":{"_acf_changed":false,"footnotes":""},"categories":[],"tags":[],"class_list":["post-857","page","type-page","status-publish","hentry"],"acf":[],"yoast_head":"<!-- This site is optimized with the Yoast SEO plugin v25.3.1 - https:\/\/yoast.com\/wordpress\/plugins\/seo\/ -->\n<title>Sobrevivir a una MSC | My Rhythm Device<\/title>\n<meta name=\"description\" content=\"Si ha sobrevivido a un paro s\u00fabito card\u00edaco, su vuelta a la vida normal depender\u00e1 de diversos aspectos cl\u00ednicos del episodio.\" \/>\n<meta name=\"robots\" content=\"index, follow, max-snippet:-1, max-image-preview:large, max-video-preview:-1\" \/>\n<link rel=\"canonical\" href=\"https:\/\/www.myrhythmdevice.org\/es\/muerte-subita-cardiaca-msc\/superviviente-de-msc\/\" \/>\n<meta property=\"og:locale\" content=\"es_ES\" \/>\n<meta property=\"og:type\" content=\"article\" \/>\n<meta property=\"og:title\" content=\"Sobrevivir a una MSC | My Rhythm Device\" \/>\n<meta property=\"og:description\" content=\"Si ha sobrevivido a un paro s\u00fabito card\u00edaco, su vuelta a la vida normal depender\u00e1 de diversos aspectos cl\u00ednicos del episodio.\" \/>\n<meta property=\"og:url\" content=\"https:\/\/www.myrhythmdevice.org\/es\/muerte-subita-cardiaca-msc\/superviviente-de-msc\/\" \/>\n<meta property=\"og:site_name\" content=\"myrhythmdevice.org\" \/>\n<meta name=\"twitter:card\" content=\"summary_large_image\" \/>\n<meta name=\"twitter:label1\" content=\"Tiempo de lectura\" \/>\n\t<meta name=\"twitter:data1\" content=\"6 minutos\" \/>\n<script type=\"application\/ld+json\" class=\"yoast-schema-graph\">{\"@context\":\"https:\/\/schema.org\",\"@graph\":[{\"@type\":\"WebPage\",\"@id\":\"https:\/\/www.myrhythmdevice.org\/es\/muerte-subita-cardiaca-msc\/superviviente-de-msc\/\",\"url\":\"https:\/\/www.myrhythmdevice.org\/es\/muerte-subita-cardiaca-msc\/superviviente-de-msc\/\",\"name\":\"Sobrevivir a una MSC | My Rhythm Device\",\"isPartOf\":{\"@id\":\"https:\/\/www.myrhythmdevice.org\/#website\"},\"datePublished\":\"2023-04-25T08:24:33+00:00\",\"description\":\"Si ha sobrevivido a un paro s\u00fabito card\u00edaco, su vuelta a la vida normal depender\u00e1 de diversos aspectos cl\u00ednicos del episodio.\",\"breadcrumb\":{\"@id\":\"https:\/\/www.myrhythmdevice.org\/es\/muerte-subita-cardiaca-msc\/superviviente-de-msc\/#breadcrumb\"},\"inLanguage\":\"es\",\"potentialAction\":[{\"@type\":\"ReadAction\",\"target\":[\"https:\/\/www.myrhythmdevice.org\/es\/muerte-subita-cardiaca-msc\/superviviente-de-msc\/\"]}]},{\"@type\":\"BreadcrumbList\",\"@id\":\"https:\/\/www.myrhythmdevice.org\/es\/muerte-subita-cardiaca-msc\/superviviente-de-msc\/#breadcrumb\",\"itemListElement\":[{\"@type\":\"ListItem\",\"position\":1,\"name\":\"Home\",\"item\":\"https:\/\/www.myrhythmdevice.org\/es\/\"},{\"@type\":\"ListItem\",\"position\":2,\"name\":\"Muerte s\u00fabita card\u00edaca (MSC)\",\"item\":\"https:\/\/www.myrhythmdevice.org\/sudden-cardiac-death-scd\/\"},{\"@type\":\"ListItem\",\"position\":3,\"name\":\"Superviviente de MSC\"}]},{\"@type\":\"WebSite\",\"@id\":\"https:\/\/www.myrhythmdevice.org\/#website\",\"url\":\"https:\/\/www.myrhythmdevice.org\/\",\"name\":\"myrhythmdevice.org\",\"description\":\"The website for patients with implanted cardiac devices, their caregivers and families.\",\"publisher\":{\"@id\":\"https:\/\/www.myrhythmdevice.org\/#organization\"},\"potentialAction\":[{\"@type\":\"SearchAction\",\"target\":{\"@type\":\"EntryPoint\",\"urlTemplate\":\"https:\/\/www.myrhythmdevice.org\/?s={search_term_string}\"},\"query-input\":{\"@type\":\"PropertyValueSpecification\",\"valueRequired\":true,\"valueName\":\"search_term_string\"}}],\"inLanguage\":\"es\"},{\"@type\":\"Organization\",\"@id\":\"https:\/\/www.myrhythmdevice.org\/#organization\",\"name\":\"myrhythmdevice.org\",\"url\":\"https:\/\/www.myrhythmdevice.org\/\",\"logo\":{\"@type\":\"ImageObject\",\"inLanguage\":\"es\",\"@id\":\"https:\/\/www.myrhythmdevice.org\/#\/schema\/logo\/image\/\",\"url\":\"https:\/\/cdn-endpoint-mrd.azureedge.net\/myrhythmdevice\/2022\/02\/LOGO-MRD.jpg\",\"contentUrl\":\"https:\/\/cdn-endpoint-mrd.azureedge.net\/myrhythmdevice\/2022\/02\/LOGO-MRD.jpg\",\"width\":1478,\"height\":326,\"caption\":\"myrhythmdevice.org\"},\"image\":{\"@id\":\"https:\/\/www.myrhythmdevice.org\/#\/schema\/logo\/image\/\"}}]}<\/script>\n<!-- \/ Yoast SEO plugin. -->","yoast_head_json":{"title":"Sobrevivir a una MSC | My Rhythm Device","description":"Si ha sobrevivido a un paro s\u00fabito card\u00edaco, su vuelta a la vida normal depender\u00e1 de diversos aspectos cl\u00ednicos del episodio.","robots":{"index":"index","follow":"follow","max-snippet":"max-snippet:-1","max-image-preview":"max-image-preview:large","max-video-preview":"max-video-preview:-1"},"canonical":"https:\/\/www.myrhythmdevice.org\/es\/muerte-subita-cardiaca-msc\/superviviente-de-msc\/","og_locale":"es_ES","og_type":"article","og_title":"Sobrevivir a una MSC | My Rhythm Device","og_description":"Si ha sobrevivido a un paro s\u00fabito card\u00edaco, su vuelta a la vida normal depender\u00e1 de diversos aspectos cl\u00ednicos del episodio.","og_url":"https:\/\/www.myrhythmdevice.org\/es\/muerte-subita-cardiaca-msc\/superviviente-de-msc\/","og_site_name":"myrhythmdevice.org","twitter_card":"summary_large_image","twitter_misc":{"Tiempo de lectura":"6 minutos"},"schema":{"@context":"https:\/\/schema.org","@graph":[{"@type":"WebPage","@id":"https:\/\/www.myrhythmdevice.org\/es\/muerte-subita-cardiaca-msc\/superviviente-de-msc\/","url":"https:\/\/www.myrhythmdevice.org\/es\/muerte-subita-cardiaca-msc\/superviviente-de-msc\/","name":"Sobrevivir a una MSC | My Rhythm Device","isPartOf":{"@id":"https:\/\/www.myrhythmdevice.org\/#website"},"datePublished":"2023-04-25T08:24:33+00:00","description":"Si ha sobrevivido a un paro s\u00fabito card\u00edaco, su vuelta a la vida normal depender\u00e1 de diversos aspectos cl\u00ednicos del episodio.","breadcrumb":{"@id":"https:\/\/www.myrhythmdevice.org\/es\/muerte-subita-cardiaca-msc\/superviviente-de-msc\/#breadcrumb"},"inLanguage":"es","potentialAction":[{"@type":"ReadAction","target":["https:\/\/www.myrhythmdevice.org\/es\/muerte-subita-cardiaca-msc\/superviviente-de-msc\/"]}]},{"@type":"BreadcrumbList","@id":"https:\/\/www.myrhythmdevice.org\/es\/muerte-subita-cardiaca-msc\/superviviente-de-msc\/#breadcrumb","itemListElement":[{"@type":"ListItem","position":1,"name":"Home","item":"https:\/\/www.myrhythmdevice.org\/es\/"},{"@type":"ListItem","position":2,"name":"Muerte s\u00fabita card\u00edaca (MSC)","item":"https:\/\/www.myrhythmdevice.org\/sudden-cardiac-death-scd\/"},{"@type":"ListItem","position":3,"name":"Superviviente de MSC"}]},{"@type":"WebSite","@id":"https:\/\/www.myrhythmdevice.org\/#website","url":"https:\/\/www.myrhythmdevice.org\/","name":"myrhythmdevice.org","description":"The website for patients with implanted cardiac devices, their caregivers and families.","publisher":{"@id":"https:\/\/www.myrhythmdevice.org\/#organization"},"potentialAction":[{"@type":"SearchAction","target":{"@type":"EntryPoint","urlTemplate":"https:\/\/www.myrhythmdevice.org\/?s={search_term_string}"},"query-input":{"@type":"PropertyValueSpecification","valueRequired":true,"valueName":"search_term_string"}}],"inLanguage":"es"},{"@type":"Organization","@id":"https:\/\/www.myrhythmdevice.org\/#organization","name":"myrhythmdevice.org","url":"https:\/\/www.myrhythmdevice.org\/","logo":{"@type":"ImageObject","inLanguage":"es","@id":"https:\/\/www.myrhythmdevice.org\/#\/schema\/logo\/image\/","url":"https:\/\/cdn-endpoint-mrd.azureedge.net\/myrhythmdevice\/2022\/02\/LOGO-MRD.jpg","contentUrl":"https:\/\/cdn-endpoint-mrd.azureedge.net\/myrhythmdevice\/2022\/02\/LOGO-MRD.jpg","width":1478,"height":326,"caption":"myrhythmdevice.org"},"image":{"@id":"https:\/\/www.myrhythmdevice.org\/#\/schema\/logo\/image\/"}}]}},"_links":{"self":[{"href":"https:\/\/www.myrhythmdevice.org\/es\/wp-json\/wp\/v2\/pages\/857","targetHints":{"allow":["GET"]}}],"collection":[{"href":"https:\/\/www.myrhythmdevice.org\/es\/wp-json\/wp\/v2\/pages"}],"about":[{"href":"https:\/\/www.myrhythmdevice.org\/es\/wp-json\/wp\/v2\/types\/page"}],"author":[{"embeddable":true,"href":"https:\/\/www.myrhythmdevice.org\/es\/wp-json\/wp\/v2\/users\/1"}],"replies":[{"embeddable":true,"href":"https:\/\/www.myrhythmdevice.org\/es\/wp-json\/wp\/v2\/comments?post=857"}],"version-history":[{"count":0,"href":"https:\/\/www.myrhythmdevice.org\/es\/wp-json\/wp\/v2\/pages\/857\/revisions"}],"up":[{"embeddable":true,"href":"https:\/\/www.myrhythmdevice.org\/es\/wp-json\/wp\/v2\/pages\/853"}],"wp:attachment":[{"href":"https:\/\/www.myrhythmdevice.org\/es\/wp-json\/wp\/v2\/media?parent=857"}],"wp:term":[{"taxonomy":"category","embeddable":true,"href":"https:\/\/www.myrhythmdevice.org\/es\/wp-json\/wp\/v2\/categories?post=857"},{"taxonomy":"post_tag","embeddable":true,"href":"https:\/\/www.myrhythmdevice.org\/es\/wp-json\/wp\/v2\/tags?post=857"}],"curies":[{"name":"wp","href":"https:\/\/api.w.org\/{rel}","templated":true}]}}