{"id":855,"date":"2023-04-25T09:24:29","date_gmt":"2023-04-25T08:24:29","guid":{"rendered":"https:\/\/www.myrhythmdevice.org\/muerte-subita-cardiaca-msc\/causas-de-muerte-subita-cardiaca\/"},"modified":"2025-06-26T13:41:14","modified_gmt":"2025-06-26T12:41:14","slug":"causas-de-muerte-subita-cardiaca","status":"publish","type":"page","link":"https:\/\/www.myrhythmdevice.org\/es\/muerte-subita-cardiaca-msc\/causas-de-muerte-subita-cardiaca\/","title":{"rendered":"Causas de muerte s\u00fabita card\u00edaca"},"content":{"rendered":"<h3>\u00bfQu\u00e9 causa un paro card\u00edaco?<\/h3>\n<p>Un sistema el\u00e9ctrico controla la frecuencia y el ritmo del coraz\u00f3n. Cuando el sistema el\u00e9ctrico del coraz\u00f3n no funciona correctamente, puede dar lugar a ritmos card\u00edacos an\u00f3malos, es decir, arritmias. Las arritmias hacen que el coraz\u00f3n lata de forma r\u00e1pida, lenta o irregular. No todas las arritmias suponen una amenaza: la mayor\u00eda no son mortales, pero algunas pueden hacer que el coraz\u00f3n deje de bombear sangre de forma eficaz y derivar en un paro card\u00edaco. La fibrilaci\u00f3n ventricular (FV) es un ejemplo de arritmia grave. Se trata de una arritmia en la que las c\u00e1maras inferiores del coraz\u00f3n (ventr\u00edculos) laten de forma r\u00e1pida e irregular, es decir, \u00abfibrilan\u00bb. Cuando el coraz\u00f3n fibrila, ya no puede bombear sangre, lo que impide que llegue ox\u00edgeno a los \u00f3rganos vitales del cuerpo. El cerebro deja de recibir ox\u00edgeno y esto causa p\u00e9rdida de conciencia. La falta de ox\u00edgeno en el m\u00fasculo card\u00edaco deriva en paro card\u00edaco.<strong> <\/strong><\/p>\n<h3>\u00bfQu\u00e9 patolog\u00edas pueden causar paro card\u00edaco?<\/h3>\n<p>Las enfermedades card\u00edacas vinculadas al paro card\u00edaco var\u00edan en funci\u00f3n de la edad.<\/p>\n<p>En los m\u00e1s j\u00f3venes, el paro card\u00edaco afecta a personas aparentemente sanas. Las muertes son poco frecuentes y son causadas por diferentes enfermedades card\u00edacas que son, a menudo, dif\u00edciles de diagnosticar en vida y despu\u00e9s de la muerte. Las patolog\u00edas card\u00edacas subyacentes m\u00e1s comunes vinculadas al paro card\u00edaco en personas j\u00f3venes son las enfermedades card\u00edacas hereditarias que afectan al sistema el\u00e9ctrico del coraz\u00f3n, enfermedades card\u00edacas cong\u00e9nitas, cardiomiopat\u00edas y miocarditis. Sin embargo, la mitad de los casos de muerte s\u00fabita card\u00edaca durante la cuarta d\u00e9cada de vida est\u00e1 relacionada con la arteriopat\u00eda coronaria y con el s\u00edndrome coronario especialmente agudo, tambi\u00e9n conocido como infarto.<sup>2<\/sup><\/p>\n<p>En personas mayores, la arteriopat\u00eda coronaria es la causa predominante de la muerte s\u00fabita card\u00edaca. Otras patolog\u00edas comunes incluyen cardiomiopat\u00edas (enfermedades del m\u00fasculo card\u00edaco) y trastornos valvulares.<sup>2<\/sup><\/p>\n<p>A continuaci\u00f3n, se enumeran algunas patolog\u00edas card\u00edacas que pueden causar arritmias graves y derivar en paro card\u00edaco si son severas o si no se tratan.<sup>1<\/sup><\/p>\n<ul>\n<li><a href=\"https:\/\/www.bhf.org.uk\/informationsupport\/conditions\/heart-attack\" target=\"_blank\" rel=\"noopener\">infarto<\/a> (a menudo causado por <a href=\"https:\/\/www.bhf.org.uk\/informationsupport\/conditions\/coronary-heart-disease\" target=\"_blank\" rel=\"noopener\">cardiopat\u00eda coronaria<\/a>)<\/li>\n<li>cardiomiopat\u00edas (enfermedad del m\u00fasculo card\u00edaco)<\/li>\n<li>enfermedades card\u00edacas heredadas que afectan al sistema el\u00e9ctrico del coraz\u00f3n, como el s\u00edndrome de Brugada o el s\u00edndrome de QT largo.<\/li>\n<li>enfermedad card\u00edaca cong\u00e9nita (patolog\u00edas o defectos card\u00edacos con los que nace una persona).<\/li>\n<li>enfermedades valvulares (una o m\u00e1s v\u00e1lvulas del coraz\u00f3n no funcionan correctamente).<\/li>\n<li>miocarditis (inflamaci\u00f3n del m\u00fasculo card\u00edaco).<\/li>\n<\/ul>\n<p>Si padece cualquiera de estas enfermedades, le recomendamos que consulte con su m\u00e9dico las formas de reducir el riesgo.<\/p>\n<p>Aun as\u00ed, hay otras patolog\u00edas no card\u00edacas que pueden causar paros card\u00edacos, como:<\/p>\n<ul>\n<li>sangrado intenso (p\u00e9rdida de una gran cantidad de sangre)<\/li>\n<li>hipoxia (descenso grave de los niveles de ox\u00edgeno)<\/li>\n<li>trastornos de electrolitos (alteraciones de los minerales en la sangre)<\/li>\n<li>sobredosis de drogas<\/li>\n<li>intoxicaci\u00f3n por otras causas.<\/li>\n<\/ul>\n<h3>\u00bfHay factores que aumenten el riesgo de muerte s\u00fabita card\u00edaca?<\/h3>\n<p>Los mismos factores que aumentan el riesgo de enfermedad card\u00edaca pueden incrementar tambi\u00e9n el riesgo de paro card\u00edaco s\u00fabito. Entre estos factores se incluyen: <sup>1<\/sup><\/p>\n<ul>\n<li>antecedentes personales o familiares de arteriopat\u00eda coronaria<\/li>\n<li>un episodio previo o antecedentes familiares de paro card\u00edaco s\u00fabito<\/li>\n<li>antecedentes personales o familiares de enfermedades card\u00edacas hereditarias que afectan al sistema el\u00e9ctrico del coraz\u00f3n o problemas card\u00edacos presentes al nacer.<\/li>\n<li>fumar<\/li>\n<li>presi\u00f3n arterial alta.<\/li>\n<li>colesterol alto en sangre.<\/li>\n<li>obesidad<\/li>\n<li>diabetes<\/li>\n<li>estilo de vida sedentario<\/li>\n<li>edad (el riesgo de paro card\u00edaco s\u00fabito aumenta con la edad)<\/li>\n<li>uso de sustancias ilegales, como coca\u00edna o anfetaminas<\/li>\n<li>niveles bajos de potasio o magnesio<\/li>\n<li>enfermedad renal cr\u00f3nica<\/li>\n<\/ul>\n<p>Si tiene factores de riesgo, hable con su m\u00e9dico para obtener asesoramiento personal para mejorar su perfil de riesgo.<\/p>\n<h3>\u00bfCu\u00e1ndo deber\u00eda realizarme mi primera valoraci\u00f3n de riesgo de enfermedad cardiovascular (ECV)?<\/h3>\n<p><strong> <\/strong>Se recomienda una evaluaci\u00f3n global sistem\u00e1tica del riesgo de ECV en personas con alg\u00fan factor de riesgo vascular importante (es decir, antecedentes familiares de enfermedad cardiovascular prematura, hipercolesterolemia hereditaria, factores de riesgo cardiovasculares como el tabaquismo, la hipertensi\u00f3n arterial, la diabetes, niveles elevados de l\u00edpidos, obesidad o comorbilidades que aumenten el riesgo de ECV).<\/p>\n<p>Se puede considerar la valoraci\u00f3n sistem\u00e1tica u oportunista del riesgo de ECV en la poblaci\u00f3n general en hombres de &gt;40 a\u00f1os de edad y mujeres de&gt; 50 a\u00f1os o posmenop\u00e1usicas sin factores de riesgo de enfermedad cardiovascular ateroscler\u00f3tica conocidos.<\/p>\n<h3>\u00bfLa muerte s\u00fabita card\u00edaca puede afectar a atletas?<\/h3>\n<p>La muerte s\u00fabita card\u00edaca es poco frecuente en atletas (entre 1 y 3 casos de cada 100 000).<sup>3<\/sup> Afecta a m\u00e1s hombres que mujeres. La mayor\u00eda de los programas deportivos profesionales examinan a los atletas potenciales para detectar las causas m\u00e1s comunes de muerte s\u00fabita cardiaca.<\/p>\n<p>En <strong>atletas j\u00f3venes,<\/strong> la mayor\u00eda de las muertes s\u00fabitas card\u00edacas se dan en pacientes con corazones estructuralmente normales, seg\u00fan revelan las autopsias.<sup>3<\/sup><\/p>\n<p><strong>Commotio cordis<\/strong> es cuando se da una arritmia s\u00fabita grave, como fibrilaci\u00f3n ventricular, que puede derivar en paro card\u00edaco tras un golpe en el pecho. Puede afectar a atletas con paredes tor\u00e1cicas finas y blandas que no presentan ning\u00fan trastorno cardiovascular aparente. Normalmente, algo peque\u00f1o y duro (como una pelota de b\u00e9isbol o de hockey) golpea el lado izquierdo del pecho durante una situaci\u00f3n cr\u00edtica del latido card\u00edaco. Otras causas incluyen enfermedades card\u00edacas hereditarias que afectan al sistema el\u00e9ctrico del coraz\u00f3n, enfermedades del m\u00fasculo card\u00edaco o inflamaci\u00f3n.<\/p>\n<p>En <strong>atletas mayores<\/strong>, la arteriopat\u00eda coronaria es la causa predominante de <a href=\"https:\/\/www.msdmanuals.com\/professional\/cardiovascular-disorders\/coronary-artery-disease\/overview-of-coronary-artery-disease\" target=\"_blank\" rel=\"noopener\">muerte s\u00fabita card\u00edaca<\/a>.<sup>4<\/sup><\/p>\n<h3>\u00bfCu\u00e1les son los s\u00edntomas m\u00e1s comunes de paro card\u00edaco?<\/h3>\n<p>En m\u00e1s de la mitad de los casos, el paro card\u00edaco se da <strong>sin s\u00edntomas previos<\/strong>.<\/p>\n<p>Los s\u00edntomas antes de un paro card\u00edaco pueden incluir:<\/p>\n<ul>\n<li>ritmo card\u00edaco acelerado.<\/li>\n<li>dolor tor\u00e1cico.<\/li>\n<li>dificultad para respirar.<\/li>\n<li>mareo.<\/li>\n<li>desmayo.<\/li>\n<\/ul>\n<p>Estos s\u00edntomas son signos de patolog\u00edas card\u00edacas potencialmente graves que pueden derivar en paro card\u00edaco y en muerte s\u00fabita card\u00edaca.<\/p>\n<h3>\u00bfCu\u00e1ndo debo sospechar que alguien est\u00e1 sufriendo un paro card\u00edaco?<\/h3>\n<p>Los s\u00edntomas m\u00e1s comunes de paro card\u00edaco son:<\/p>\n<ul>\n<li>Ausencia repentina de respuesta: la persona no responde (incluso si se le golpea) y no habla ni se mueve.<\/li>\n<li>La persona no respira o respira con dificultad.<\/li>\n<\/ul>\n<p>Si sospecha que alguien est\u00e1 sufriendo un paro card\u00edaco, debe pedir ayuda inmediatamente, llamar a una ambulancia y empezar una maniobra RCP.<\/p>\n<h4>Referencias<\/h4>\n<ol>\n<li>Adabag AS, Luepker RV, Roger VL, et al. Sudden cardiac death: epidemiology and risk factors. <em>Nature reviews Cardiology<\/em> 2010;7(4):216-25. doi: 10.1038\/nrcardio.2010.3 [publicado en l\u00ednea: 2010\/02\/10]<\/li>\n<li>Zeppenfeld K, Tfelt-Hansen J, de Riva M, et al. 2022 ESC Guidelines for the management of patients with ventricular arrhythmias and the prevention of sudden cardiac death. <em>Eur Heart J<\/em> 2022;43(40):3997-4126. doi: 10.1093\/eurheartj\/ehac262 [publicado en l\u00ednea: 2022\/08\/27]<\/li>\n<li>Maron BJ, Haas TS, Ahluwalia A, et al. Demographics and Epidemiology of Sudden Deaths in Young Competitive Athletes: From the United States National Registry. <em>The American journal of medicine<\/em> 2016;129(11):1170-77. doi: 10.1016\/j.amjmed.2016.02.031 [publicado en l\u00ednea: 2016\/10\/25]<\/li>\n<li>Harmon KG, Asif IM, Maleszewski JJ, et al. Incidence, Cause, and Comparative Frequency of Sudden Cardiac Death in National Collegiate Athletic Association Athletes: A Decade in Review. <em>Circulation<\/em> 2015;132(1):10-9. doi: 10.1161\/CIRCULATIONAHA.115.015431 [publicado en l\u00ednea: 2015\/05\/16]<\/li>\n<\/ol>\n","protected":false},"excerpt":{"rendered":"<p>\u00bfQu\u00e9 causa un paro card\u00edaco? Un sistema el\u00e9ctrico controla la frecuencia y el ritmo del coraz\u00f3n. Cuando el sistema el\u00e9ctrico del coraz\u00f3n no funciona correctamente, puede dar lugar a ritmos card\u00edacos an\u00f3malos, es decir, arritmias. Las arritmias hacen que el coraz\u00f3n lata de forma r\u00e1pida, lenta o irregular. No todas las arritmias suponen una amenaza: [&hellip;]<\/p>\n","protected":false},"author":1,"featured_media":0,"parent":853,"menu_order":0,"comment_status":"closed","ping_status":"closed","template":"","meta":{"_acf_changed":false,"footnotes":""},"categories":[],"tags":[],"class_list":["post-855","page","type-page","status-publish","hentry"],"acf":[],"yoast_head":"<!-- This site is optimized with the Yoast SEO plugin v26.0 - https:\/\/yoast.com\/wordpress\/plugins\/seo\/ -->\n<title>Causas de muerte s\u00fabita card\u00edaca (MSC) | My Rhythm Device<\/title>\n<meta name=\"description\" content=\"Cuando el sistema el\u00e9ctrico del coraz\u00f3n no funciona correctamente, puede dar lugar a ritmos card\u00edacos an\u00f3malos, es decir, arritmias.\" \/>\n<meta name=\"robots\" content=\"index, follow, max-snippet:-1, max-image-preview:large, max-video-preview:-1\" \/>\n<link rel=\"canonical\" href=\"https:\/\/www.myrhythmdevice.org\/es\/muerte-subita-cardiaca-msc\/causas-de-muerte-subita-cardiaca\/\" \/>\n<meta property=\"og:locale\" content=\"es_ES\" \/>\n<meta property=\"og:type\" content=\"article\" \/>\n<meta property=\"og:title\" content=\"Causas de muerte s\u00fabita card\u00edaca (MSC) | My Rhythm Device\" \/>\n<meta property=\"og:description\" content=\"Cuando el sistema el\u00e9ctrico del coraz\u00f3n no funciona correctamente, puede dar lugar a ritmos card\u00edacos an\u00f3malos, es decir, arritmias.\" \/>\n<meta property=\"og:url\" content=\"https:\/\/www.myrhythmdevice.org\/es\/muerte-subita-cardiaca-msc\/causas-de-muerte-subita-cardiaca\/\" \/>\n<meta property=\"og:site_name\" content=\"myrhythmdevice.org\" \/>\n<meta property=\"article:modified_time\" content=\"2025-06-26T12:41:14+00:00\" \/>\n<meta name=\"twitter:card\" content=\"summary_large_image\" \/>\n<meta name=\"twitter:label1\" content=\"Tiempo de lectura\" \/>\n\t<meta name=\"twitter:data1\" content=\"7 minutos\" \/>\n<script type=\"application\/ld+json\" class=\"yoast-schema-graph\">{\"@context\":\"https:\/\/schema.org\",\"@graph\":[{\"@type\":\"WebPage\",\"@id\":\"https:\/\/www.myrhythmdevice.org\/es\/muerte-subita-cardiaca-msc\/causas-de-muerte-subita-cardiaca\/\",\"url\":\"https:\/\/www.myrhythmdevice.org\/es\/muerte-subita-cardiaca-msc\/causas-de-muerte-subita-cardiaca\/\",\"name\":\"Causas de muerte s\u00fabita card\u00edaca (MSC) | My Rhythm Device\",\"isPartOf\":{\"@id\":\"https:\/\/www.myrhythmdevice.org\/#website\"},\"datePublished\":\"2023-04-25T08:24:29+00:00\",\"dateModified\":\"2025-06-26T12:41:14+00:00\",\"description\":\"Cuando el sistema el\u00e9ctrico del coraz\u00f3n no funciona correctamente, puede dar lugar a ritmos card\u00edacos an\u00f3malos, es decir, arritmias.\",\"breadcrumb\":{\"@id\":\"https:\/\/www.myrhythmdevice.org\/es\/muerte-subita-cardiaca-msc\/causas-de-muerte-subita-cardiaca\/#breadcrumb\"},\"inLanguage\":\"es\",\"potentialAction\":[{\"@type\":\"ReadAction\",\"target\":[\"https:\/\/www.myrhythmdevice.org\/es\/muerte-subita-cardiaca-msc\/causas-de-muerte-subita-cardiaca\/\"]}]},{\"@type\":\"BreadcrumbList\",\"@id\":\"https:\/\/www.myrhythmdevice.org\/es\/muerte-subita-cardiaca-msc\/causas-de-muerte-subita-cardiaca\/#breadcrumb\",\"itemListElement\":[{\"@type\":\"ListItem\",\"position\":1,\"name\":\"Home\",\"item\":\"https:\/\/www.myrhythmdevice.org\/es\/\"},{\"@type\":\"ListItem\",\"position\":2,\"name\":\"Muerte s\u00fabita card\u00edaca (MSC)\",\"item\":\"https:\/\/www.myrhythmdevice.org\/sudden-cardiac-death-scd\/\"},{\"@type\":\"ListItem\",\"position\":3,\"name\":\"Causas de muerte s\u00fabita card\u00edaca\"}]},{\"@type\":\"WebSite\",\"@id\":\"https:\/\/www.myrhythmdevice.org\/#website\",\"url\":\"https:\/\/www.myrhythmdevice.org\/\",\"name\":\"myrhythmdevice.org\",\"description\":\"The website for patients with implanted cardiac devices, their caregivers and families.\",\"publisher\":{\"@id\":\"https:\/\/www.myrhythmdevice.org\/#organization\"},\"potentialAction\":[{\"@type\":\"SearchAction\",\"target\":{\"@type\":\"EntryPoint\",\"urlTemplate\":\"https:\/\/www.myrhythmdevice.org\/?s={search_term_string}\"},\"query-input\":{\"@type\":\"PropertyValueSpecification\",\"valueRequired\":true,\"valueName\":\"search_term_string\"}}],\"inLanguage\":\"es\"},{\"@type\":\"Organization\",\"@id\":\"https:\/\/www.myrhythmdevice.org\/#organization\",\"name\":\"myrhythmdevice.org\",\"url\":\"https:\/\/www.myrhythmdevice.org\/\",\"logo\":{\"@type\":\"ImageObject\",\"inLanguage\":\"es\",\"@id\":\"https:\/\/www.myrhythmdevice.org\/#\/schema\/logo\/image\/\",\"url\":\"https:\/\/cdn-endpoint-mrd.azureedge.net\/myrhythmdevice\/2022\/02\/LOGO-MRD.jpg\",\"contentUrl\":\"https:\/\/cdn-endpoint-mrd.azureedge.net\/myrhythmdevice\/2022\/02\/LOGO-MRD.jpg\",\"width\":1478,\"height\":326,\"caption\":\"myrhythmdevice.org\"},\"image\":{\"@id\":\"https:\/\/www.myrhythmdevice.org\/#\/schema\/logo\/image\/\"}}]}<\/script>\n<!-- \/ Yoast SEO plugin. -->","yoast_head_json":{"title":"Causas de muerte s\u00fabita card\u00edaca (MSC) | My Rhythm Device","description":"Cuando el sistema el\u00e9ctrico del coraz\u00f3n no funciona correctamente, puede dar lugar a ritmos card\u00edacos an\u00f3malos, es decir, arritmias.","robots":{"index":"index","follow":"follow","max-snippet":"max-snippet:-1","max-image-preview":"max-image-preview:large","max-video-preview":"max-video-preview:-1"},"canonical":"https:\/\/www.myrhythmdevice.org\/es\/muerte-subita-cardiaca-msc\/causas-de-muerte-subita-cardiaca\/","og_locale":"es_ES","og_type":"article","og_title":"Causas de muerte s\u00fabita card\u00edaca (MSC) | My Rhythm Device","og_description":"Cuando el sistema el\u00e9ctrico del coraz\u00f3n no funciona correctamente, puede dar lugar a ritmos card\u00edacos an\u00f3malos, es decir, arritmias.","og_url":"https:\/\/www.myrhythmdevice.org\/es\/muerte-subita-cardiaca-msc\/causas-de-muerte-subita-cardiaca\/","og_site_name":"myrhythmdevice.org","article_modified_time":"2025-06-26T12:41:14+00:00","twitter_card":"summary_large_image","twitter_misc":{"Tiempo de lectura":"7 minutos"},"schema":{"@context":"https:\/\/schema.org","@graph":[{"@type":"WebPage","@id":"https:\/\/www.myrhythmdevice.org\/es\/muerte-subita-cardiaca-msc\/causas-de-muerte-subita-cardiaca\/","url":"https:\/\/www.myrhythmdevice.org\/es\/muerte-subita-cardiaca-msc\/causas-de-muerte-subita-cardiaca\/","name":"Causas de muerte s\u00fabita card\u00edaca (MSC) | My Rhythm Device","isPartOf":{"@id":"https:\/\/www.myrhythmdevice.org\/#website"},"datePublished":"2023-04-25T08:24:29+00:00","dateModified":"2025-06-26T12:41:14+00:00","description":"Cuando el sistema el\u00e9ctrico del coraz\u00f3n no funciona correctamente, puede dar lugar a ritmos card\u00edacos an\u00f3malos, es decir, arritmias.","breadcrumb":{"@id":"https:\/\/www.myrhythmdevice.org\/es\/muerte-subita-cardiaca-msc\/causas-de-muerte-subita-cardiaca\/#breadcrumb"},"inLanguage":"es","potentialAction":[{"@type":"ReadAction","target":["https:\/\/www.myrhythmdevice.org\/es\/muerte-subita-cardiaca-msc\/causas-de-muerte-subita-cardiaca\/"]}]},{"@type":"BreadcrumbList","@id":"https:\/\/www.myrhythmdevice.org\/es\/muerte-subita-cardiaca-msc\/causas-de-muerte-subita-cardiaca\/#breadcrumb","itemListElement":[{"@type":"ListItem","position":1,"name":"Home","item":"https:\/\/www.myrhythmdevice.org\/es\/"},{"@type":"ListItem","position":2,"name":"Muerte s\u00fabita card\u00edaca (MSC)","item":"https:\/\/www.myrhythmdevice.org\/sudden-cardiac-death-scd\/"},{"@type":"ListItem","position":3,"name":"Causas de muerte s\u00fabita card\u00edaca"}]},{"@type":"WebSite","@id":"https:\/\/www.myrhythmdevice.org\/#website","url":"https:\/\/www.myrhythmdevice.org\/","name":"myrhythmdevice.org","description":"The website for patients with implanted cardiac devices, their caregivers and families.","publisher":{"@id":"https:\/\/www.myrhythmdevice.org\/#organization"},"potentialAction":[{"@type":"SearchAction","target":{"@type":"EntryPoint","urlTemplate":"https:\/\/www.myrhythmdevice.org\/?s={search_term_string}"},"query-input":{"@type":"PropertyValueSpecification","valueRequired":true,"valueName":"search_term_string"}}],"inLanguage":"es"},{"@type":"Organization","@id":"https:\/\/www.myrhythmdevice.org\/#organization","name":"myrhythmdevice.org","url":"https:\/\/www.myrhythmdevice.org\/","logo":{"@type":"ImageObject","inLanguage":"es","@id":"https:\/\/www.myrhythmdevice.org\/#\/schema\/logo\/image\/","url":"https:\/\/cdn-endpoint-mrd.azureedge.net\/myrhythmdevice\/2022\/02\/LOGO-MRD.jpg","contentUrl":"https:\/\/cdn-endpoint-mrd.azureedge.net\/myrhythmdevice\/2022\/02\/LOGO-MRD.jpg","width":1478,"height":326,"caption":"myrhythmdevice.org"},"image":{"@id":"https:\/\/www.myrhythmdevice.org\/#\/schema\/logo\/image\/"}}]}},"_links":{"self":[{"href":"https:\/\/www.myrhythmdevice.org\/es\/wp-json\/wp\/v2\/pages\/855","targetHints":{"allow":["GET"]}}],"collection":[{"href":"https:\/\/www.myrhythmdevice.org\/es\/wp-json\/wp\/v2\/pages"}],"about":[{"href":"https:\/\/www.myrhythmdevice.org\/es\/wp-json\/wp\/v2\/types\/page"}],"author":[{"embeddable":true,"href":"https:\/\/www.myrhythmdevice.org\/es\/wp-json\/wp\/v2\/users\/1"}],"replies":[{"embeddable":true,"href":"https:\/\/www.myrhythmdevice.org\/es\/wp-json\/wp\/v2\/comments?post=855"}],"version-history":[{"count":1,"href":"https:\/\/www.myrhythmdevice.org\/es\/wp-json\/wp\/v2\/pages\/855\/revisions"}],"predecessor-version":[{"id":1234,"href":"https:\/\/www.myrhythmdevice.org\/es\/wp-json\/wp\/v2\/pages\/855\/revisions\/1234"}],"up":[{"embeddable":true,"href":"https:\/\/www.myrhythmdevice.org\/es\/wp-json\/wp\/v2\/pages\/853"}],"wp:attachment":[{"href":"https:\/\/www.myrhythmdevice.org\/es\/wp-json\/wp\/v2\/media?parent=855"}],"wp:term":[{"taxonomy":"category","embeddable":true,"href":"https:\/\/www.myrhythmdevice.org\/es\/wp-json\/wp\/v2\/categories?post=855"},{"taxonomy":"post_tag","embeddable":true,"href":"https:\/\/www.myrhythmdevice.org\/es\/wp-json\/wp\/v2\/tags?post=855"}],"curies":[{"name":"wp","href":"https:\/\/api.w.org\/{rel}","templated":true}]}}