{"id":854,"date":"2023-04-25T09:24:27","date_gmt":"2023-04-25T08:24:27","guid":{"rendered":"https:\/\/www.myrhythmdevice.org\/muerte-subita-cardiaca-msc\/que-es-la-muerte-subita-cardiaca\/"},"modified":"2023-04-25T09:24:27","modified_gmt":"2023-04-25T08:24:27","slug":"que-es-la-muerte-subita-cardiaca","status":"publish","type":"page","link":"https:\/\/www.myrhythmdevice.org\/es\/muerte-subita-cardiaca-msc\/que-es-la-muerte-subita-cardiaca\/","title":{"rendered":"\u00bfQu\u00e9 es la muerte s\u00fabita card\u00edaca?"},"content":{"rendered":"<p>La muerte s\u00fabita card\u00edaca (MSC) se produce cuando el coraz\u00f3n se para (paro card\u00edaco) en un plazo m\u00e1ximo de una hora desde la aparici\u00f3n de los primeros s\u00edntomas; o, en caso de muerte en las 24 horas posteriores al diagn\u00f3stico asintom\u00e1tico, cuando el fallecimiento se deba, probablemente, a una arritmia card\u00edaca o a una cat\u00e1strofe hemodin\u00e1mica. La MSC tambi\u00e9n puede producirse sin ning\u00fan s\u00edntoma previo. Antiguamente, el t\u00e9rmino \u00abmuerte s\u00fabita card\u00edaca\u00bb a menudo era sin\u00f3nimo de MUERTE, ya que no hab\u00eda posibilidad de prevenci\u00f3n o tratamiento. Gracias a la evoluci\u00f3n de la cardiolog\u00eda moderna, \u00a1esto ya NO sucede!<\/p>\n<p>El paro s\u00fabito card\u00edaco puede (o no) derivar en muerte s\u00fabita card\u00edaca. Ahora podemos evaluar el riesgo y diagnosticar las enfermedades que predisponen a una persona al paro s\u00fabito card\u00edaco y a la MSC. Por ello, a veces podemos prevenir y anticipar el riesgo de muerte s\u00fabita card\u00edaca.<\/p>\n<p>Tambi\u00e9n podemos tratar la MSC de forma efectiva gracias a la resucitaci\u00f3n inmediata para restablecer el ritmo card\u00edaco y devolver a la vida.<\/p>\n<p>Adem\u00e1s, las personas que ya han sido salvadas una vez y han sobrevivido a una parada cardiaca s\u00fabita pueden protegerse de forma muy eficaz para evitar que vuelva a ocurrir. Por tanto, la prevenci\u00f3n y el tratamiento de la muerte s\u00fabita card\u00edaca es posible, y la muerte se puede prevenir.<\/p>\n<h2>\u00bfHay alguna diferencia entre un infarto y un paro card\u00edaco?<\/h2>\n<p>Un infarto y un paro card\u00edaco son dos enfermedades diferentes que pueden estar relacionadas.<\/p>\n<p>Un infarto ocurre cuando el m\u00fasculo card\u00edaco deja de recibir sangre. Suele deberse a un co\u00e1gulo en una arteria coronaria, que irriga sangre al m\u00fasculo card\u00edaco. Esta patolog\u00eda se conoce como s\u00edndrome coronario agudo o infarto de miocardio. Durante un infarto, el coraz\u00f3n contin\u00faa bombeando sangre. Por lo general, la persona tiene dolor tor\u00e1cico (puede presentar s\u00edntomas at\u00edpicos) pero suele estar consciente y respirar.<\/p>\n<p>Un infarto puede derivar en un paro card\u00edaco, ya que la persona presenta un mayor riesgo de sufrir arritmias graves, como la fibrilaci\u00f3n ventricular.<\/p>\n","protected":false},"excerpt":{"rendered":"<p>La muerte s\u00fabita card\u00edaca (MSC) se produce cuando el coraz\u00f3n se para (paro card\u00edaco) en un plazo m\u00e1ximo de una hora desde la aparici\u00f3n de los primeros s\u00edntomas; o, en caso de muerte en las 24 horas posteriores al diagn\u00f3stico asintom\u00e1tico, cuando el fallecimiento se deba, probablemente, a una arritmia card\u00edaca o a una cat\u00e1strofe [&hellip;]<\/p>\n","protected":false},"author":1,"featured_media":0,"parent":853,"menu_order":0,"comment_status":"closed","ping_status":"closed","template":"","meta":{"_acf_changed":false,"footnotes":""},"categories":[],"tags":[],"class_list":["post-854","page","type-page","status-publish","hentry"],"acf":[],"yoast_head":"<!-- This site is optimized with the Yoast SEO plugin v26.0 - https:\/\/yoast.com\/wordpress\/plugins\/seo\/ -->\n<title>\u00bfQu\u00e9 es la muerte s\u00fabita card\u00edaca? | My Rhythm Device<\/title>\n<meta name=\"description\" content=\"La muerte s\u00fabita card\u00edaca (MSC) se produce cuando el coraz\u00f3n se para (paro card\u00edaco) en un plazo m\u00e1ximo de una hora desde la aparici\u00f3n de los primeros s\u00edntomas.\" \/>\n<meta name=\"robots\" content=\"index, follow, max-snippet:-1, max-image-preview:large, max-video-preview:-1\" \/>\n<link rel=\"canonical\" href=\"https:\/\/www.myrhythmdevice.org\/es\/muerte-subita-cardiaca-msc\/que-es-la-muerte-subita-cardiaca\/\" \/>\n<meta property=\"og:locale\" content=\"es_ES\" \/>\n<meta property=\"og:type\" content=\"article\" \/>\n<meta property=\"og:title\" content=\"\u00bfQu\u00e9 es la muerte s\u00fabita card\u00edaca? | My Rhythm Device\" \/>\n<meta property=\"og:description\" content=\"La muerte s\u00fabita card\u00edaca (MSC) se produce cuando el coraz\u00f3n se para (paro card\u00edaco) en un plazo m\u00e1ximo de una hora desde la aparici\u00f3n de los primeros s\u00edntomas.\" \/>\n<meta property=\"og:url\" content=\"https:\/\/www.myrhythmdevice.org\/es\/muerte-subita-cardiaca-msc\/que-es-la-muerte-subita-cardiaca\/\" \/>\n<meta property=\"og:site_name\" content=\"myrhythmdevice.org\" \/>\n<meta name=\"twitter:card\" content=\"summary_large_image\" \/>\n<meta name=\"twitter:label1\" content=\"Tiempo de lectura\" \/>\n\t<meta name=\"twitter:data1\" content=\"2 minutos\" \/>\n<script type=\"application\/ld+json\" class=\"yoast-schema-graph\">{\"@context\":\"https:\/\/schema.org\",\"@graph\":[{\"@type\":\"WebPage\",\"@id\":\"https:\/\/www.myrhythmdevice.org\/es\/muerte-subita-cardiaca-msc\/que-es-la-muerte-subita-cardiaca\/\",\"url\":\"https:\/\/www.myrhythmdevice.org\/es\/muerte-subita-cardiaca-msc\/que-es-la-muerte-subita-cardiaca\/\",\"name\":\"\u00bfQu\u00e9 es la muerte s\u00fabita card\u00edaca? | My Rhythm Device\",\"isPartOf\":{\"@id\":\"https:\/\/www.myrhythmdevice.org\/#website\"},\"datePublished\":\"2023-04-25T08:24:27+00:00\",\"description\":\"La muerte s\u00fabita card\u00edaca (MSC) se produce cuando el coraz\u00f3n se para (paro card\u00edaco) en un plazo m\u00e1ximo de una hora desde la aparici\u00f3n de los primeros s\u00edntomas.\",\"breadcrumb\":{\"@id\":\"https:\/\/www.myrhythmdevice.org\/es\/muerte-subita-cardiaca-msc\/que-es-la-muerte-subita-cardiaca\/#breadcrumb\"},\"inLanguage\":\"es\",\"potentialAction\":[{\"@type\":\"ReadAction\",\"target\":[\"https:\/\/www.myrhythmdevice.org\/es\/muerte-subita-cardiaca-msc\/que-es-la-muerte-subita-cardiaca\/\"]}]},{\"@type\":\"BreadcrumbList\",\"@id\":\"https:\/\/www.myrhythmdevice.org\/es\/muerte-subita-cardiaca-msc\/que-es-la-muerte-subita-cardiaca\/#breadcrumb\",\"itemListElement\":[{\"@type\":\"ListItem\",\"position\":1,\"name\":\"Home\",\"item\":\"https:\/\/www.myrhythmdevice.org\/es\/\"},{\"@type\":\"ListItem\",\"position\":2,\"name\":\"Muerte s\u00fabita card\u00edaca (MSC)\",\"item\":\"https:\/\/www.myrhythmdevice.org\/sudden-cardiac-death-scd\/\"},{\"@type\":\"ListItem\",\"position\":3,\"name\":\"\u00bfQu\u00e9 es la muerte s\u00fabita card\u00edaca?\"}]},{\"@type\":\"WebSite\",\"@id\":\"https:\/\/www.myrhythmdevice.org\/#website\",\"url\":\"https:\/\/www.myrhythmdevice.org\/\",\"name\":\"myrhythmdevice.org\",\"description\":\"The website for patients with implanted cardiac devices, their caregivers and families.\",\"publisher\":{\"@id\":\"https:\/\/www.myrhythmdevice.org\/#organization\"},\"potentialAction\":[{\"@type\":\"SearchAction\",\"target\":{\"@type\":\"EntryPoint\",\"urlTemplate\":\"https:\/\/www.myrhythmdevice.org\/?s={search_term_string}\"},\"query-input\":{\"@type\":\"PropertyValueSpecification\",\"valueRequired\":true,\"valueName\":\"search_term_string\"}}],\"inLanguage\":\"es\"},{\"@type\":\"Organization\",\"@id\":\"https:\/\/www.myrhythmdevice.org\/#organization\",\"name\":\"myrhythmdevice.org\",\"url\":\"https:\/\/www.myrhythmdevice.org\/\",\"logo\":{\"@type\":\"ImageObject\",\"inLanguage\":\"es\",\"@id\":\"https:\/\/www.myrhythmdevice.org\/#\/schema\/logo\/image\/\",\"url\":\"https:\/\/cdn-endpoint-mrd.azureedge.net\/myrhythmdevice\/2022\/02\/LOGO-MRD.jpg\",\"contentUrl\":\"https:\/\/cdn-endpoint-mrd.azureedge.net\/myrhythmdevice\/2022\/02\/LOGO-MRD.jpg\",\"width\":1478,\"height\":326,\"caption\":\"myrhythmdevice.org\"},\"image\":{\"@id\":\"https:\/\/www.myrhythmdevice.org\/#\/schema\/logo\/image\/\"}}]}<\/script>\n<!-- \/ Yoast SEO plugin. -->","yoast_head_json":{"title":"\u00bfQu\u00e9 es la muerte s\u00fabita card\u00edaca? | My Rhythm Device","description":"La muerte s\u00fabita card\u00edaca (MSC) se produce cuando el coraz\u00f3n se para (paro card\u00edaco) en un plazo m\u00e1ximo de una hora desde la aparici\u00f3n de los primeros s\u00edntomas.","robots":{"index":"index","follow":"follow","max-snippet":"max-snippet:-1","max-image-preview":"max-image-preview:large","max-video-preview":"max-video-preview:-1"},"canonical":"https:\/\/www.myrhythmdevice.org\/es\/muerte-subita-cardiaca-msc\/que-es-la-muerte-subita-cardiaca\/","og_locale":"es_ES","og_type":"article","og_title":"\u00bfQu\u00e9 es la muerte s\u00fabita card\u00edaca? | My Rhythm Device","og_description":"La muerte s\u00fabita card\u00edaca (MSC) se produce cuando el coraz\u00f3n se para (paro card\u00edaco) en un plazo m\u00e1ximo de una hora desde la aparici\u00f3n de los primeros s\u00edntomas.","og_url":"https:\/\/www.myrhythmdevice.org\/es\/muerte-subita-cardiaca-msc\/que-es-la-muerte-subita-cardiaca\/","og_site_name":"myrhythmdevice.org","twitter_card":"summary_large_image","twitter_misc":{"Tiempo de lectura":"2 minutos"},"schema":{"@context":"https:\/\/schema.org","@graph":[{"@type":"WebPage","@id":"https:\/\/www.myrhythmdevice.org\/es\/muerte-subita-cardiaca-msc\/que-es-la-muerte-subita-cardiaca\/","url":"https:\/\/www.myrhythmdevice.org\/es\/muerte-subita-cardiaca-msc\/que-es-la-muerte-subita-cardiaca\/","name":"\u00bfQu\u00e9 es la muerte s\u00fabita card\u00edaca? | My Rhythm Device","isPartOf":{"@id":"https:\/\/www.myrhythmdevice.org\/#website"},"datePublished":"2023-04-25T08:24:27+00:00","description":"La muerte s\u00fabita card\u00edaca (MSC) se produce cuando el coraz\u00f3n se para (paro card\u00edaco) en un plazo m\u00e1ximo de una hora desde la aparici\u00f3n de los primeros s\u00edntomas.","breadcrumb":{"@id":"https:\/\/www.myrhythmdevice.org\/es\/muerte-subita-cardiaca-msc\/que-es-la-muerte-subita-cardiaca\/#breadcrumb"},"inLanguage":"es","potentialAction":[{"@type":"ReadAction","target":["https:\/\/www.myrhythmdevice.org\/es\/muerte-subita-cardiaca-msc\/que-es-la-muerte-subita-cardiaca\/"]}]},{"@type":"BreadcrumbList","@id":"https:\/\/www.myrhythmdevice.org\/es\/muerte-subita-cardiaca-msc\/que-es-la-muerte-subita-cardiaca\/#breadcrumb","itemListElement":[{"@type":"ListItem","position":1,"name":"Home","item":"https:\/\/www.myrhythmdevice.org\/es\/"},{"@type":"ListItem","position":2,"name":"Muerte s\u00fabita card\u00edaca (MSC)","item":"https:\/\/www.myrhythmdevice.org\/sudden-cardiac-death-scd\/"},{"@type":"ListItem","position":3,"name":"\u00bfQu\u00e9 es la muerte s\u00fabita card\u00edaca?"}]},{"@type":"WebSite","@id":"https:\/\/www.myrhythmdevice.org\/#website","url":"https:\/\/www.myrhythmdevice.org\/","name":"myrhythmdevice.org","description":"The website for patients with implanted cardiac devices, their caregivers and families.","publisher":{"@id":"https:\/\/www.myrhythmdevice.org\/#organization"},"potentialAction":[{"@type":"SearchAction","target":{"@type":"EntryPoint","urlTemplate":"https:\/\/www.myrhythmdevice.org\/?s={search_term_string}"},"query-input":{"@type":"PropertyValueSpecification","valueRequired":true,"valueName":"search_term_string"}}],"inLanguage":"es"},{"@type":"Organization","@id":"https:\/\/www.myrhythmdevice.org\/#organization","name":"myrhythmdevice.org","url":"https:\/\/www.myrhythmdevice.org\/","logo":{"@type":"ImageObject","inLanguage":"es","@id":"https:\/\/www.myrhythmdevice.org\/#\/schema\/logo\/image\/","url":"https:\/\/cdn-endpoint-mrd.azureedge.net\/myrhythmdevice\/2022\/02\/LOGO-MRD.jpg","contentUrl":"https:\/\/cdn-endpoint-mrd.azureedge.net\/myrhythmdevice\/2022\/02\/LOGO-MRD.jpg","width":1478,"height":326,"caption":"myrhythmdevice.org"},"image":{"@id":"https:\/\/www.myrhythmdevice.org\/#\/schema\/logo\/image\/"}}]}},"_links":{"self":[{"href":"https:\/\/www.myrhythmdevice.org\/es\/wp-json\/wp\/v2\/pages\/854","targetHints":{"allow":["GET"]}}],"collection":[{"href":"https:\/\/www.myrhythmdevice.org\/es\/wp-json\/wp\/v2\/pages"}],"about":[{"href":"https:\/\/www.myrhythmdevice.org\/es\/wp-json\/wp\/v2\/types\/page"}],"author":[{"embeddable":true,"href":"https:\/\/www.myrhythmdevice.org\/es\/wp-json\/wp\/v2\/users\/1"}],"replies":[{"embeddable":true,"href":"https:\/\/www.myrhythmdevice.org\/es\/wp-json\/wp\/v2\/comments?post=854"}],"version-history":[{"count":0,"href":"https:\/\/www.myrhythmdevice.org\/es\/wp-json\/wp\/v2\/pages\/854\/revisions"}],"up":[{"embeddable":true,"href":"https:\/\/www.myrhythmdevice.org\/es\/wp-json\/wp\/v2\/pages\/853"}],"wp:attachment":[{"href":"https:\/\/www.myrhythmdevice.org\/es\/wp-json\/wp\/v2\/media?parent=854"}],"wp:term":[{"taxonomy":"category","embeddable":true,"href":"https:\/\/www.myrhythmdevice.org\/es\/wp-json\/wp\/v2\/categories?post=854"},{"taxonomy":"post_tag","embeddable":true,"href":"https:\/\/www.myrhythmdevice.org\/es\/wp-json\/wp\/v2\/tags?post=854"}],"curies":[{"name":"wp","href":"https:\/\/api.w.org\/{rel}","templated":true}]}}