{"id":853,"date":"2023-04-25T09:24:25","date_gmt":"2023-04-25T08:24:25","guid":{"rendered":"https:\/\/www.myrhythmdevice.org\/muerte-subita-cardiaca-msc\/"},"modified":"2023-04-25T09:24:25","modified_gmt":"2023-04-25T08:24:25","slug":"muerte-subita-cardiaca-msc","status":"publish","type":"page","link":"https:\/\/www.myrhythmdevice.org\/es\/muerte-subita-cardiaca-msc\/","title":{"rendered":"Muerte s\u00fabita card\u00edaca (MSC)"},"content":{"rendered":"<ul>\n<li><a href=\"\/?page_id=822\">\u00bfQu\u00e9 es la muerte s\u00fabita card\u00edaca?<\/a><\/li>\n<li><a href=\"\/?page_id=826\">Causas de muerte s\u00fabita card\u00edaca<\/a><\/li>\n<li><a href=\"\/?page_id=828\">C\u00f3mo tratar la muerte s\u00fabita card\u00edaca<\/a><\/li>\n<li><a href=\"\/?page_id=835\">Superviviente de MSC<\/a><\/li>\n<li><a href=\"\/?page_id=837\">Familiares de v\u00edctimas de MSC<\/a><\/li>\n<\/ul>\n","protected":false},"excerpt":{"rendered":"<p>\u00bfQu\u00e9 es la muerte s\u00fabita card\u00edaca? Causas de muerte s\u00fabita card\u00edaca C\u00f3mo tratar la muerte s\u00fabita card\u00edaca Superviviente de MSC Familiares de v\u00edctimas de MSC<\/p>\n","protected":false},"author":1,"featured_media":0,"parent":0,"menu_order":0,"comment_status":"closed","ping_status":"closed","template":"","meta":{"_acf_changed":false,"footnotes":""},"categories":[],"tags":[],"class_list":["post-853","page","type-page","status-publish","hentry"],"acf":[],"yoast_head":"<!-- This site is optimized with the Yoast SEO plugin v25.3.1 - https:\/\/yoast.com\/wordpress\/plugins\/seo\/ -->\n<title>Muerte s\u00fabita card\u00edaca (MSC) | My Rhythm Device<\/title>\n<meta name=\"description\" content=\"Antiguamente, el t\u00e9rmino \u00abmuerte s\u00fabita card\u00edaca\u00bb a menudo era sin\u00f3nimo de MUERTE, ya que no hab\u00eda posibilidad de prevenci\u00f3n o tratamiento.\" \/>\n<meta name=\"robots\" content=\"index, follow, max-snippet:-1, max-image-preview:large, max-video-preview:-1\" \/>\n<link rel=\"canonical\" href=\"https:\/\/www.myrhythmdevice.org\/sudden-cardiac-death-scd\/\" \/>\n<meta property=\"og:locale\" content=\"es_ES\" \/>\n<meta property=\"og:type\" content=\"article\" \/>\n<meta property=\"og:title\" content=\"Muerte s\u00fabita card\u00edaca (MSC) | My Rhythm Device\" \/>\n<meta property=\"og:description\" content=\"Antiguamente, el t\u00e9rmino \u00abmuerte s\u00fabita card\u00edaca\u00bb a menudo era sin\u00f3nimo de MUERTE, ya que no hab\u00eda posibilidad de prevenci\u00f3n o tratamiento.\" \/>\n<meta property=\"og:url\" content=\"https:\/\/www.myrhythmdevice.org\/sudden-cardiac-death-scd\/\" \/>\n<meta property=\"og:site_name\" content=\"myrhythmdevice.org\" \/>\n<meta name=\"twitter:card\" content=\"summary_large_image\" \/>\n<script type=\"application\/ld+json\" class=\"yoast-schema-graph\">{\"@context\":\"https:\/\/schema.org\",\"@graph\":[{\"@type\":\"WebPage\",\"@id\":\"https:\/\/www.myrhythmdevice.org\/sudden-cardiac-death-scd\/\",\"url\":\"https:\/\/www.myrhythmdevice.org\/sudden-cardiac-death-scd\/\",\"name\":\"Muerte s\u00fabita card\u00edaca (MSC) | My Rhythm Device\",\"isPartOf\":{\"@id\":\"https:\/\/www.myrhythmdevice.org\/#website\"},\"datePublished\":\"2023-04-25T08:24:25+00:00\",\"description\":\"Antiguamente, el t\u00e9rmino \u00abmuerte s\u00fabita card\u00edaca\u00bb a menudo era sin\u00f3nimo de MUERTE, ya que no hab\u00eda posibilidad de prevenci\u00f3n o tratamiento.\",\"breadcrumb\":{\"@id\":\"https:\/\/www.myrhythmdevice.org\/sudden-cardiac-death-scd\/#breadcrumb\"},\"inLanguage\":\"es\",\"potentialAction\":[{\"@type\":\"ReadAction\",\"target\":[\"https:\/\/www.myrhythmdevice.org\/sudden-cardiac-death-scd\/\"]}]},{\"@type\":\"BreadcrumbList\",\"@id\":\"https:\/\/www.myrhythmdevice.org\/sudden-cardiac-death-scd\/#breadcrumb\",\"itemListElement\":[{\"@type\":\"ListItem\",\"position\":1,\"name\":\"Home\",\"item\":\"https:\/\/www.myrhythmdevice.org\/es\/\"},{\"@type\":\"ListItem\",\"position\":2,\"name\":\"Muerte s\u00fabita card\u00edaca (MSC)\"}]},{\"@type\":\"WebSite\",\"@id\":\"https:\/\/www.myrhythmdevice.org\/#website\",\"url\":\"https:\/\/www.myrhythmdevice.org\/\",\"name\":\"myrhythmdevice.org\",\"description\":\"The website for patients with implanted cardiac devices, their caregivers and families.\",\"publisher\":{\"@id\":\"https:\/\/www.myrhythmdevice.org\/#organization\"},\"potentialAction\":[{\"@type\":\"SearchAction\",\"target\":{\"@type\":\"EntryPoint\",\"urlTemplate\":\"https:\/\/www.myrhythmdevice.org\/?s={search_term_string}\"},\"query-input\":{\"@type\":\"PropertyValueSpecification\",\"valueRequired\":true,\"valueName\":\"search_term_string\"}}],\"inLanguage\":\"es\"},{\"@type\":\"Organization\",\"@id\":\"https:\/\/www.myrhythmdevice.org\/#organization\",\"name\":\"myrhythmdevice.org\",\"url\":\"https:\/\/www.myrhythmdevice.org\/\",\"logo\":{\"@type\":\"ImageObject\",\"inLanguage\":\"es\",\"@id\":\"https:\/\/www.myrhythmdevice.org\/#\/schema\/logo\/image\/\",\"url\":\"https:\/\/cdn-endpoint-mrd.azureedge.net\/myrhythmdevice\/2022\/02\/LOGO-MRD.jpg\",\"contentUrl\":\"https:\/\/cdn-endpoint-mrd.azureedge.net\/myrhythmdevice\/2022\/02\/LOGO-MRD.jpg\",\"width\":1478,\"height\":326,\"caption\":\"myrhythmdevice.org\"},\"image\":{\"@id\":\"https:\/\/www.myrhythmdevice.org\/#\/schema\/logo\/image\/\"}}]}<\/script>\n<!-- \/ Yoast SEO plugin. -->","yoast_head_json":{"title":"Muerte s\u00fabita card\u00edaca (MSC) | My Rhythm Device","description":"Antiguamente, el t\u00e9rmino \u00abmuerte s\u00fabita card\u00edaca\u00bb a menudo era sin\u00f3nimo de MUERTE, ya que no hab\u00eda posibilidad de prevenci\u00f3n o tratamiento.","robots":{"index":"index","follow":"follow","max-snippet":"max-snippet:-1","max-image-preview":"max-image-preview:large","max-video-preview":"max-video-preview:-1"},"canonical":"https:\/\/www.myrhythmdevice.org\/sudden-cardiac-death-scd\/","og_locale":"es_ES","og_type":"article","og_title":"Muerte s\u00fabita card\u00edaca (MSC) | My Rhythm Device","og_description":"Antiguamente, el t\u00e9rmino \u00abmuerte s\u00fabita card\u00edaca\u00bb a menudo era sin\u00f3nimo de MUERTE, ya que no hab\u00eda posibilidad de prevenci\u00f3n o tratamiento.","og_url":"https:\/\/www.myrhythmdevice.org\/sudden-cardiac-death-scd\/","og_site_name":"myrhythmdevice.org","twitter_card":"summary_large_image","schema":{"@context":"https:\/\/schema.org","@graph":[{"@type":"WebPage","@id":"https:\/\/www.myrhythmdevice.org\/sudden-cardiac-death-scd\/","url":"https:\/\/www.myrhythmdevice.org\/sudden-cardiac-death-scd\/","name":"Muerte s\u00fabita card\u00edaca (MSC) | My Rhythm Device","isPartOf":{"@id":"https:\/\/www.myrhythmdevice.org\/#website"},"datePublished":"2023-04-25T08:24:25+00:00","description":"Antiguamente, el t\u00e9rmino \u00abmuerte s\u00fabita card\u00edaca\u00bb a menudo era sin\u00f3nimo de MUERTE, ya que no hab\u00eda posibilidad de prevenci\u00f3n o tratamiento.","breadcrumb":{"@id":"https:\/\/www.myrhythmdevice.org\/sudden-cardiac-death-scd\/#breadcrumb"},"inLanguage":"es","potentialAction":[{"@type":"ReadAction","target":["https:\/\/www.myrhythmdevice.org\/sudden-cardiac-death-scd\/"]}]},{"@type":"BreadcrumbList","@id":"https:\/\/www.myrhythmdevice.org\/sudden-cardiac-death-scd\/#breadcrumb","itemListElement":[{"@type":"ListItem","position":1,"name":"Home","item":"https:\/\/www.myrhythmdevice.org\/es\/"},{"@type":"ListItem","position":2,"name":"Muerte s\u00fabita card\u00edaca (MSC)"}]},{"@type":"WebSite","@id":"https:\/\/www.myrhythmdevice.org\/#website","url":"https:\/\/www.myrhythmdevice.org\/","name":"myrhythmdevice.org","description":"The website for patients with implanted cardiac devices, their caregivers and families.","publisher":{"@id":"https:\/\/www.myrhythmdevice.org\/#organization"},"potentialAction":[{"@type":"SearchAction","target":{"@type":"EntryPoint","urlTemplate":"https:\/\/www.myrhythmdevice.org\/?s={search_term_string}"},"query-input":{"@type":"PropertyValueSpecification","valueRequired":true,"valueName":"search_term_string"}}],"inLanguage":"es"},{"@type":"Organization","@id":"https:\/\/www.myrhythmdevice.org\/#organization","name":"myrhythmdevice.org","url":"https:\/\/www.myrhythmdevice.org\/","logo":{"@type":"ImageObject","inLanguage":"es","@id":"https:\/\/www.myrhythmdevice.org\/#\/schema\/logo\/image\/","url":"https:\/\/cdn-endpoint-mrd.azureedge.net\/myrhythmdevice\/2022\/02\/LOGO-MRD.jpg","contentUrl":"https:\/\/cdn-endpoint-mrd.azureedge.net\/myrhythmdevice\/2022\/02\/LOGO-MRD.jpg","width":1478,"height":326,"caption":"myrhythmdevice.org"},"image":{"@id":"https:\/\/www.myrhythmdevice.org\/#\/schema\/logo\/image\/"}}]}},"_links":{"self":[{"href":"https:\/\/www.myrhythmdevice.org\/es\/wp-json\/wp\/v2\/pages\/853","targetHints":{"allow":["GET"]}}],"collection":[{"href":"https:\/\/www.myrhythmdevice.org\/es\/wp-json\/wp\/v2\/pages"}],"about":[{"href":"https:\/\/www.myrhythmdevice.org\/es\/wp-json\/wp\/v2\/types\/page"}],"author":[{"embeddable":true,"href":"https:\/\/www.myrhythmdevice.org\/es\/wp-json\/wp\/v2\/users\/1"}],"replies":[{"embeddable":true,"href":"https:\/\/www.myrhythmdevice.org\/es\/wp-json\/wp\/v2\/comments?post=853"}],"version-history":[{"count":0,"href":"https:\/\/www.myrhythmdevice.org\/es\/wp-json\/wp\/v2\/pages\/853\/revisions"}],"wp:attachment":[{"href":"https:\/\/www.myrhythmdevice.org\/es\/wp-json\/wp\/v2\/media?parent=853"}],"wp:term":[{"taxonomy":"category","embeddable":true,"href":"https:\/\/www.myrhythmdevice.org\/es\/wp-json\/wp\/v2\/categories?post=853"},{"taxonomy":"post_tag","embeddable":true,"href":"https:\/\/www.myrhythmdevice.org\/es\/wp-json\/wp\/v2\/tags?post=853"}],"curies":[{"name":"wp","href":"https:\/\/api.w.org\/{rel}","templated":true}]}}