{"id":852,"date":"2023-04-25T09:24:25","date_gmt":"2023-04-25T08:24:25","guid":{"rendered":"https:\/\/www.myrhythmdevice.org\/familiares-de-victimas-de-msc\/"},"modified":"2023-04-25T09:29:30","modified_gmt":"2023-04-25T08:29:30","slug":"familiares-de-victimas-de-msc","status":"publish","type":"page","link":"https:\/\/www.myrhythmdevice.org\/es\/muerte-subita-cardiaca-msc\/familiares-de-victimas-de-msc\/","title":{"rendered":"Familiares de v\u00edctimas de MSC"},"content":{"rendered":"<p>La exploraci\u00f3n de la familia es esencial siempre que haya un diagn\u00f3stico de enfermedad cardiovascular hereditaria o potencialmente hereditaria. Establecemos un caso \u00edndice para el primer paciente al que se le hace un diagn\u00f3stico. La exploraci\u00f3n de la familia debe seguir una organizaci\u00f3n en cascada para no realizar pruebas potencialmente peligrosas o innecesarias a miembros de la familia que no pueden padecer la enfermedad; por ejemplo, un ni\u00f1o no deber\u00eda ser valorado cuando la enfermedad se ha diagnosticado inicialmente en el padre o madre que mantiene una vinculaci\u00f3n directa con el paciente con la misma enfermedad.<\/p>\n<h3>\u00bfQu\u00e9 tipo de valoraci\u00f3n debe realizarse a los miembros de la familia?<\/h3>\n<p>Cuando el caso \u00edndice presenta el diagn\u00f3stico de una enfermedad card\u00edaca hereditaria, todos los familiares de primer grado deben ser valorados cl\u00ednicamente. Los estudios posteriores depender\u00e1n de la enfermedad subyacente. En el estudio de cardiomiopat\u00edas (enfermedades del m\u00fasculo card\u00edaco), las pruebas de imagen son fundamentales, mientras que, por ejemplo, en el caso de enfermedad del sistema el\u00e9ctrico del coraz\u00f3n, el electrocardiograma, el holter o la prueba de estr\u00e9s son m\u00e1s importantes. Es importante ser consciente de que lo importante es valorar a los miembros de la familia, y que cualquier decisi\u00f3n relativa al tipo de prueba debe ser personalizada.<\/p>\n<h3>\u00bfCu\u00e1ndo deber\u00edan los familiares someterse a una prueba gen\u00e9tica?<\/h3>\n<p>Las pruebas gen\u00e9ticas no deben realizarse en masa, ya que, a menudo, existen variante gen\u00e9ticas benignas que no provocan la enfermedad. La solicitud de pruebas gen\u00e9ticas cumple con recomendaciones internacionales con el fin de evitar el diagn\u00f3stico de enfermedades que no existen. Por tanto, son los cardi\u00f3logos quienes solicitan las pruebas gen\u00e9ticas para los pacientes \u00edndice, as\u00ed como en los casos de valoraci\u00f3n <em>post-mortem<\/em> en los que est\u00e9 indicado, seg\u00fan la patolog\u00eda. Cuando se identifica una mutaci\u00f3n gen\u00e9tica con valor cl\u00ednico, la informaci\u00f3n se puede utilizar para realizar un diagn\u00f3stico familiar en una consulta multidisciplinar donde hay un genetista involucrado. A menudo hay cambios en uno o m\u00e1s genes, aunque pueden existir formas hereditarias m\u00e1s complejas. El tipo de transmisi\u00f3n hereditaria es muy variable: puede ser autos\u00f3mico dominante (50 % de probabilidad de que un paciente lo transmita al descendiente y la herencia de un \u00fanico gen defectuoso, ya sea el materno o el paterno, es suficiente para causar el trastorno), autos\u00f3mico recesivo (el familiar necesita heredar la mutaci\u00f3n del padre o de la madre para tener la enfermedad) y otras formas menos frecuentes. En algunos casos, una patolog\u00eda autos\u00f3mica dominante puede resultar en una nueva variante del gen y puede darse en personas sin antecedentes familiares del trastorno.<\/p>\n<p>Sin embargo, hay muchas enfermedades hereditarias en las que no es posible identificar la mutaci\u00f3n del paciente aunque est\u00e9 presente. En ese caso, si no fuera posible identificar la mutaci\u00f3n gen\u00e9tica en el caso \u00edndice, no tendr\u00eda sentido realizar las pruebas gen\u00e9ticas a los familiares.<\/p>\n<p>Puede que en aquellos que sean portadores de la mutaci\u00f3n gen\u00e9tica nunca se manifieste la enfermedad. Por tanto, no es sorprendente que las pruebas de partida sean normales aunque sean portadores de la mutaci\u00f3n gen\u00e9tica, que es lo que en medicina se llama penetrancia variable.<\/p>\n<p><img loading=\"lazy\" decoding=\"async\" class=\"alignnone size-large wp-image-858\" src=\"https:\/\/cdn-endpoint-mrd.azureedge.net\/myrhythmdevice\/2023\/04\/es-dialog-1024x392.png\" alt=\"\" width=\"1024\" height=\"392\" srcset=\"https:\/\/cdn-endpoint-mrd.azureedge.net\/myrhythmdevice\/2023\/04\/es-dialog-1024x392.png 1024w, https:\/\/cdn-endpoint-mrd.azureedge.net\/myrhythmdevice\/2023\/04\/es-dialog-300x115.png 300w, https:\/\/cdn-endpoint-mrd.azureedge.net\/myrhythmdevice\/2023\/04\/es-dialog-768x294.png 768w, https:\/\/cdn-endpoint-mrd.azureedge.net\/myrhythmdevice\/2023\/04\/es-dialog-600x230.png 600w, https:\/\/cdn-endpoint-mrd.azureedge.net\/myrhythmdevice\/2023\/04\/es-dialog-900x345.png 900w, https:\/\/cdn-endpoint-mrd.azureedge.net\/myrhythmdevice\/2023\/04\/es-dialog.png 1036w\" sizes=\"auto, (max-width: 1024px) 100vw, 1024px\" \/><\/p>\n<h3>Un familiar muri\u00f3 de muerte s\u00fabita. \u00bfTengo que someterme a una valoraci\u00f3n?<\/h3>\n<p>Deber\u00eda someterse a una valoraci\u00f3n si el resultado de la autopsia indica la existencia de una cardiopat\u00eda hereditaria. Para hacerlo, es fundamental que se lleve a cabo la autopsia, ya que, de lo contrario, es posible que no haya forma de diagnosticar una enfermedad hereditaria a otros familiares y, en consecuencia, que no se puedan prevenir otros casos de muerte s\u00fabita en la familia. La disponibilidad de los resultados de la autopsia var\u00edan en funci\u00f3n del pa\u00eds. Si se encuentra en un pa\u00eds donde el resultado de la autopsia no se env\u00eda a un equipo m\u00e9dico que pueda reunir a los miembros de la familia, deber\u00eda recoger el resultado y consultar con su m\u00e9dico la necesidad de valorar a los miembros de la familia.<\/p>\n<p>Hay dos resultados de la autopsia que involucran la necesidad de valorar a familiares de primer grado: el diagn\u00f3stico de enfermedades hereditarias O una autopsia normal (sin hallazgos relevantes), lo cual implica la posibilidad de padecer enfermedad del sistema el\u00e9ctrico del coraz\u00f3n (algo que no se percibe en la autopsia) y que est\u00e1 relacionado con el riesgo de muerte s\u00fabita en familiares que tambi\u00e9n la padecieron. Una autopsia normal no es el final de la l\u00ednea de investigaci\u00f3n. En ese caso, se recomienda tomar una muestra durante la autopsia para realizar la prueba gen\u00e9tica.<\/p>\n","protected":false},"excerpt":{"rendered":"<p>La exploraci\u00f3n de la familia es esencial siempre que haya un diagn\u00f3stico de enfermedad cardiovascular hereditaria o potencialmente hereditaria. Establecemos un caso \u00edndice para el primer paciente al que se le hace un diagn\u00f3stico. La exploraci\u00f3n de la familia debe seguir una organizaci\u00f3n en cascada para no realizar pruebas potencialmente peligrosas o innecesarias a miembros [&hellip;]<\/p>\n","protected":false},"author":1,"featured_media":0,"parent":853,"menu_order":0,"comment_status":"closed","ping_status":"closed","template":"","meta":{"_acf_changed":false,"footnotes":""},"categories":[],"tags":[],"class_list":["post-852","page","type-page","status-publish","hentry"],"acf":[],"yoast_head":"<!-- This site is optimized with the Yoast SEO plugin v25.3.1 - https:\/\/yoast.com\/wordpress\/plugins\/seo\/ -->\n<title>Familiares de pacientes con MSC | My Rhythm Device<\/title>\n<meta name=\"description\" content=\"La exploraci\u00f3n de la familia es esencial siempre que haya un diagn\u00f3stico de enfermedad cardiovascular hereditaria o potencialmente hereditaria.\" \/>\n<meta name=\"robots\" content=\"index, follow, max-snippet:-1, max-image-preview:large, max-video-preview:-1\" \/>\n<link rel=\"canonical\" href=\"https:\/\/www.myrhythmdevice.org\/es\/muerte-subita-cardiaca-msc\/familiares-de-victimas-de-msc\/\" \/>\n<meta property=\"og:locale\" content=\"es_ES\" \/>\n<meta property=\"og:type\" content=\"article\" \/>\n<meta property=\"og:title\" content=\"Familiares de pacientes con MSC | My Rhythm Device\" \/>\n<meta property=\"og:description\" content=\"La exploraci\u00f3n de la familia es esencial siempre que haya un diagn\u00f3stico de enfermedad cardiovascular hereditaria o potencialmente hereditaria.\" \/>\n<meta property=\"og:url\" content=\"https:\/\/www.myrhythmdevice.org\/es\/muerte-subita-cardiaca-msc\/familiares-de-victimas-de-msc\/\" \/>\n<meta property=\"og:site_name\" content=\"myrhythmdevice.org\" \/>\n<meta property=\"article:modified_time\" content=\"2023-04-25T08:29:30+00:00\" \/>\n<meta property=\"og:image\" content=\"https:\/\/cdn-endpoint-mrd.azureedge.net\/myrhythmdevice\/2023\/04\/es-dialog.png\" \/>\n\t<meta property=\"og:image:width\" content=\"1036\" \/>\n\t<meta property=\"og:image:height\" content=\"397\" \/>\n\t<meta property=\"og:image:type\" content=\"image\/png\" \/>\n<meta name=\"twitter:card\" content=\"summary_large_image\" \/>\n<meta name=\"twitter:label1\" content=\"Tiempo de lectura\" \/>\n\t<meta name=\"twitter:data1\" content=\"4 minutos\" \/>\n<script type=\"application\/ld+json\" class=\"yoast-schema-graph\">{\"@context\":\"https:\/\/schema.org\",\"@graph\":[{\"@type\":\"WebPage\",\"@id\":\"https:\/\/www.myrhythmdevice.org\/es\/muerte-subita-cardiaca-msc\/familiares-de-victimas-de-msc\/\",\"url\":\"https:\/\/www.myrhythmdevice.org\/es\/muerte-subita-cardiaca-msc\/familiares-de-victimas-de-msc\/\",\"name\":\"Familiares de pacientes con MSC | My Rhythm Device\",\"isPartOf\":{\"@id\":\"https:\/\/www.myrhythmdevice.org\/#website\"},\"primaryImageOfPage\":{\"@id\":\"https:\/\/www.myrhythmdevice.org\/es\/muerte-subita-cardiaca-msc\/familiares-de-victimas-de-msc\/#primaryimage\"},\"image\":{\"@id\":\"https:\/\/www.myrhythmdevice.org\/es\/muerte-subita-cardiaca-msc\/familiares-de-victimas-de-msc\/#primaryimage\"},\"thumbnailUrl\":\"https:\/\/cdn-endpoint-mrd.azureedge.net\/myrhythmdevice\/2023\/04\/es-dialog-1024x392.png\",\"datePublished\":\"2023-04-25T08:24:25+00:00\",\"dateModified\":\"2023-04-25T08:29:30+00:00\",\"description\":\"La exploraci\u00f3n de la familia es esencial siempre que haya un diagn\u00f3stico de enfermedad cardiovascular hereditaria o potencialmente hereditaria.\",\"breadcrumb\":{\"@id\":\"https:\/\/www.myrhythmdevice.org\/es\/muerte-subita-cardiaca-msc\/familiares-de-victimas-de-msc\/#breadcrumb\"},\"inLanguage\":\"es\",\"potentialAction\":[{\"@type\":\"ReadAction\",\"target\":[\"https:\/\/www.myrhythmdevice.org\/es\/muerte-subita-cardiaca-msc\/familiares-de-victimas-de-msc\/\"]}]},{\"@type\":\"ImageObject\",\"inLanguage\":\"es\",\"@id\":\"https:\/\/www.myrhythmdevice.org\/es\/muerte-subita-cardiaca-msc\/familiares-de-victimas-de-msc\/#primaryimage\",\"url\":\"https:\/\/cdn-endpoint-mrd.azureedge.net\/myrhythmdevice\/2023\/04\/es-dialog-1024x392.png\",\"contentUrl\":\"https:\/\/cdn-endpoint-mrd.azureedge.net\/myrhythmdevice\/2023\/04\/es-dialog-1024x392.png\"},{\"@type\":\"BreadcrumbList\",\"@id\":\"https:\/\/www.myrhythmdevice.org\/es\/muerte-subita-cardiaca-msc\/familiares-de-victimas-de-msc\/#breadcrumb\",\"itemListElement\":[{\"@type\":\"ListItem\",\"position\":1,\"name\":\"Home\",\"item\":\"https:\/\/www.myrhythmdevice.org\/es\/\"},{\"@type\":\"ListItem\",\"position\":2,\"name\":\"Muerte s\u00fabita card\u00edaca (MSC)\",\"item\":\"https:\/\/www.myrhythmdevice.org\/sudden-cardiac-death-scd\/\"},{\"@type\":\"ListItem\",\"position\":3,\"name\":\"Familiares de v\u00edctimas de MSC\"}]},{\"@type\":\"WebSite\",\"@id\":\"https:\/\/www.myrhythmdevice.org\/#website\",\"url\":\"https:\/\/www.myrhythmdevice.org\/\",\"name\":\"myrhythmdevice.org\",\"description\":\"The website for patients with implanted cardiac devices, their caregivers and families.\",\"publisher\":{\"@id\":\"https:\/\/www.myrhythmdevice.org\/#organization\"},\"potentialAction\":[{\"@type\":\"SearchAction\",\"target\":{\"@type\":\"EntryPoint\",\"urlTemplate\":\"https:\/\/www.myrhythmdevice.org\/?s={search_term_string}\"},\"query-input\":{\"@type\":\"PropertyValueSpecification\",\"valueRequired\":true,\"valueName\":\"search_term_string\"}}],\"inLanguage\":\"es\"},{\"@type\":\"Organization\",\"@id\":\"https:\/\/www.myrhythmdevice.org\/#organization\",\"name\":\"myrhythmdevice.org\",\"url\":\"https:\/\/www.myrhythmdevice.org\/\",\"logo\":{\"@type\":\"ImageObject\",\"inLanguage\":\"es\",\"@id\":\"https:\/\/www.myrhythmdevice.org\/#\/schema\/logo\/image\/\",\"url\":\"https:\/\/cdn-endpoint-mrd.azureedge.net\/myrhythmdevice\/2022\/02\/LOGO-MRD.jpg\",\"contentUrl\":\"https:\/\/cdn-endpoint-mrd.azureedge.net\/myrhythmdevice\/2022\/02\/LOGO-MRD.jpg\",\"width\":1478,\"height\":326,\"caption\":\"myrhythmdevice.org\"},\"image\":{\"@id\":\"https:\/\/www.myrhythmdevice.org\/#\/schema\/logo\/image\/\"}}]}<\/script>\n<!-- \/ Yoast SEO plugin. -->","yoast_head_json":{"title":"Familiares de pacientes con MSC | My Rhythm Device","description":"La exploraci\u00f3n de la familia es esencial siempre que haya un diagn\u00f3stico de enfermedad cardiovascular hereditaria o potencialmente hereditaria.","robots":{"index":"index","follow":"follow","max-snippet":"max-snippet:-1","max-image-preview":"max-image-preview:large","max-video-preview":"max-video-preview:-1"},"canonical":"https:\/\/www.myrhythmdevice.org\/es\/muerte-subita-cardiaca-msc\/familiares-de-victimas-de-msc\/","og_locale":"es_ES","og_type":"article","og_title":"Familiares de pacientes con MSC | My Rhythm Device","og_description":"La exploraci\u00f3n de la familia es esencial siempre que haya un diagn\u00f3stico de enfermedad cardiovascular hereditaria o potencialmente hereditaria.","og_url":"https:\/\/www.myrhythmdevice.org\/es\/muerte-subita-cardiaca-msc\/familiares-de-victimas-de-msc\/","og_site_name":"myrhythmdevice.org","article_modified_time":"2023-04-25T08:29:30+00:00","og_image":[{"width":1036,"height":397,"url":"https:\/\/cdn-endpoint-mrd.azureedge.net\/myrhythmdevice\/2023\/04\/es-dialog.png","type":"image\/png"}],"twitter_card":"summary_large_image","twitter_misc":{"Tiempo de lectura":"4 minutos"},"schema":{"@context":"https:\/\/schema.org","@graph":[{"@type":"WebPage","@id":"https:\/\/www.myrhythmdevice.org\/es\/muerte-subita-cardiaca-msc\/familiares-de-victimas-de-msc\/","url":"https:\/\/www.myrhythmdevice.org\/es\/muerte-subita-cardiaca-msc\/familiares-de-victimas-de-msc\/","name":"Familiares de pacientes con MSC | My Rhythm Device","isPartOf":{"@id":"https:\/\/www.myrhythmdevice.org\/#website"},"primaryImageOfPage":{"@id":"https:\/\/www.myrhythmdevice.org\/es\/muerte-subita-cardiaca-msc\/familiares-de-victimas-de-msc\/#primaryimage"},"image":{"@id":"https:\/\/www.myrhythmdevice.org\/es\/muerte-subita-cardiaca-msc\/familiares-de-victimas-de-msc\/#primaryimage"},"thumbnailUrl":"https:\/\/cdn-endpoint-mrd.azureedge.net\/myrhythmdevice\/2023\/04\/es-dialog-1024x392.png","datePublished":"2023-04-25T08:24:25+00:00","dateModified":"2023-04-25T08:29:30+00:00","description":"La exploraci\u00f3n de la familia es esencial siempre que haya un diagn\u00f3stico de enfermedad cardiovascular hereditaria o potencialmente hereditaria.","breadcrumb":{"@id":"https:\/\/www.myrhythmdevice.org\/es\/muerte-subita-cardiaca-msc\/familiares-de-victimas-de-msc\/#breadcrumb"},"inLanguage":"es","potentialAction":[{"@type":"ReadAction","target":["https:\/\/www.myrhythmdevice.org\/es\/muerte-subita-cardiaca-msc\/familiares-de-victimas-de-msc\/"]}]},{"@type":"ImageObject","inLanguage":"es","@id":"https:\/\/www.myrhythmdevice.org\/es\/muerte-subita-cardiaca-msc\/familiares-de-victimas-de-msc\/#primaryimage","url":"https:\/\/cdn-endpoint-mrd.azureedge.net\/myrhythmdevice\/2023\/04\/es-dialog-1024x392.png","contentUrl":"https:\/\/cdn-endpoint-mrd.azureedge.net\/myrhythmdevice\/2023\/04\/es-dialog-1024x392.png"},{"@type":"BreadcrumbList","@id":"https:\/\/www.myrhythmdevice.org\/es\/muerte-subita-cardiaca-msc\/familiares-de-victimas-de-msc\/#breadcrumb","itemListElement":[{"@type":"ListItem","position":1,"name":"Home","item":"https:\/\/www.myrhythmdevice.org\/es\/"},{"@type":"ListItem","position":2,"name":"Muerte s\u00fabita card\u00edaca (MSC)","item":"https:\/\/www.myrhythmdevice.org\/sudden-cardiac-death-scd\/"},{"@type":"ListItem","position":3,"name":"Familiares de v\u00edctimas de MSC"}]},{"@type":"WebSite","@id":"https:\/\/www.myrhythmdevice.org\/#website","url":"https:\/\/www.myrhythmdevice.org\/","name":"myrhythmdevice.org","description":"The website for patients with implanted cardiac devices, their caregivers and families.","publisher":{"@id":"https:\/\/www.myrhythmdevice.org\/#organization"},"potentialAction":[{"@type":"SearchAction","target":{"@type":"EntryPoint","urlTemplate":"https:\/\/www.myrhythmdevice.org\/?s={search_term_string}"},"query-input":{"@type":"PropertyValueSpecification","valueRequired":true,"valueName":"search_term_string"}}],"inLanguage":"es"},{"@type":"Organization","@id":"https:\/\/www.myrhythmdevice.org\/#organization","name":"myrhythmdevice.org","url":"https:\/\/www.myrhythmdevice.org\/","logo":{"@type":"ImageObject","inLanguage":"es","@id":"https:\/\/www.myrhythmdevice.org\/#\/schema\/logo\/image\/","url":"https:\/\/cdn-endpoint-mrd.azureedge.net\/myrhythmdevice\/2022\/02\/LOGO-MRD.jpg","contentUrl":"https:\/\/cdn-endpoint-mrd.azureedge.net\/myrhythmdevice\/2022\/02\/LOGO-MRD.jpg","width":1478,"height":326,"caption":"myrhythmdevice.org"},"image":{"@id":"https:\/\/www.myrhythmdevice.org\/#\/schema\/logo\/image\/"}}]}},"_links":{"self":[{"href":"https:\/\/www.myrhythmdevice.org\/es\/wp-json\/wp\/v2\/pages\/852","targetHints":{"allow":["GET"]}}],"collection":[{"href":"https:\/\/www.myrhythmdevice.org\/es\/wp-json\/wp\/v2\/pages"}],"about":[{"href":"https:\/\/www.myrhythmdevice.org\/es\/wp-json\/wp\/v2\/types\/page"}],"author":[{"embeddable":true,"href":"https:\/\/www.myrhythmdevice.org\/es\/wp-json\/wp\/v2\/users\/1"}],"replies":[{"embeddable":true,"href":"https:\/\/www.myrhythmdevice.org\/es\/wp-json\/wp\/v2\/comments?post=852"}],"version-history":[{"count":1,"href":"https:\/\/www.myrhythmdevice.org\/es\/wp-json\/wp\/v2\/pages\/852\/revisions"}],"predecessor-version":[{"id":860,"href":"https:\/\/www.myrhythmdevice.org\/es\/wp-json\/wp\/v2\/pages\/852\/revisions\/860"}],"up":[{"embeddable":true,"href":"https:\/\/www.myrhythmdevice.org\/es\/wp-json\/wp\/v2\/pages\/853"}],"wp:attachment":[{"href":"https:\/\/www.myrhythmdevice.org\/es\/wp-json\/wp\/v2\/media?parent=852"}],"wp:term":[{"taxonomy":"category","embeddable":true,"href":"https:\/\/www.myrhythmdevice.org\/es\/wp-json\/wp\/v2\/categories?post=852"},{"taxonomy":"post_tag","embeddable":true,"href":"https:\/\/www.myrhythmdevice.org\/es\/wp-json\/wp\/v2\/tags?post=852"}],"curies":[{"name":"wp","href":"https:\/\/api.w.org\/{rel}","templated":true}]}}