{"id":659,"date":"2022-11-30T11:02:45","date_gmt":"2022-11-30T11:02:45","guid":{"rendered":"https:\/\/www.myrhythmdevice.org\/vivir-con-un-dispositivo-cardiaco\/cc-y-embarazo\/"},"modified":"2023-01-05T09:59:28","modified_gmt":"2023-01-05T09:59:28","slug":"cc-y-embarazo","status":"publish","type":"page","link":"https:\/\/www.myrhythmdevice.org\/es\/vivir-con-un-dispositivo-cardiaco\/cc-y-embarazo\/","title":{"rendered":"CC y embarazo"},"content":{"rendered":"<p><img loading=\"lazy\" decoding=\"async\" class=\"alignnone wp-image-529\" src=\"https:\/\/cdn-endpoint-mrd.azureedge.net\/myrhythmdevice\/2022\/11\/pregnancy.jpg\" alt=\"\" width=\"501\" height=\"334\" srcset=\"https:\/\/cdn-endpoint-mrd.azureedge.net\/myrhythmdevice\/2022\/11\/pregnancy.jpg 1000w, https:\/\/www.myrhythmdevice.org\/wp-content\/uploads\/2022\/11\/pregnancy-300x200.jpg 300w, https:\/\/www.myrhythmdevice.org\/wp-content\/uploads\/2022\/11\/pregnancy-768x512.jpg 768w, https:\/\/www.myrhythmdevice.org\/wp-content\/uploads\/2022\/11\/pregnancy-600x400.jpg 600w, https:\/\/www.myrhythmdevice.org\/wp-content\/uploads\/2022\/11\/pregnancy-900x600.jpg 900w\" sizes=\"auto, (max-width: 501px) 100vw, 501px\" \/><\/p>\n<p>Si tiene una cardiopat\u00eda cong\u00e9nita (CC), puede que necesite un marcapasos o un DAI. Esto puede estar causado por la propia enfermedad card\u00edaca o las terapias administradas, incluidas las correcciones quir\u00fargicas. En el caso de CC, la implantaci\u00f3n de un dispositivo resulta m\u00e1s compleja debido a las particularidades anat\u00f3micas. Principalmente, el acceso al coraz\u00f3n a trav\u00e9s de los vasos puede ser diferente que en los pacientes sin CC y puede que la circulaci\u00f3n sangu\u00ednea se comunique entre las c\u00e1maras derechas y las c\u00e1maras izquierdas del coraz\u00f3n. Adem\u00e1s, los pacientes con CC a menudo necesitan la implantaci\u00f3n de un dispositivo durante un largo per\u00edodo de su vida. Su m\u00e9dico tendr\u00e1 que tener en consideraci\u00f3n lo anterior. Este no siempre es el caso, pero a veces, debido a las particularidades mencionadas anteriormente, la implantaci\u00f3n se utiliza desde un enfoque quir\u00fargico, es decir, los cables no se introducen a trav\u00e9s de los vasos sangu\u00edneos, sino que se suturan en la superficie del m\u00fasculo card\u00edaco a nivel de las aur\u00edculas o los ventr\u00edculos mediante cirug\u00eda. Por todas estas razones, es frecuente que sea un equipo que incluya especialistas en cardiopat\u00edas cong\u00e9nitas y en desfibrilaci\u00f3n\/estimulaci\u00f3n quienes tomen las decisiones sobre la implantaci\u00f3n y el seguimiento de su dispositivo. T\u00e9cnicamente, la monitorizaci\u00f3n y el seguimiento del dispositivo es el mismo que en el caso de los pacientes sin CC.<\/p>\n<p>En caso de embarazo, no existen precauciones especiales relacionadas con la presencia de un marcapasos o de un desfibrilador. No hay interferencia entre la implementaci\u00f3n y el funcionamiento del dispositivo y el feto. Sin embargo, una paciente con un marcapasos o un DAI puede tener una enfermedad card\u00edaca concomitante. Durante el embarazo, en caso de enfermedades card\u00edacas, estas deber\u00e1n vigilarse con especial atenci\u00f3n.<\/p>\n","protected":false},"excerpt":{"rendered":"<p>Si tiene una cardiopat\u00eda cong\u00e9nita (CC), puede que necesite un marcapasos o un DAI. Esto puede estar causado por la propia enfermedad card\u00edaca o las terapias administradas, incluidas las correcciones quir\u00fargicas. En el caso de CC, la implantaci\u00f3n de un dispositivo resulta m\u00e1s compleja debido a las particularidades anat\u00f3micas. Principalmente, el acceso al coraz\u00f3n a [&hellip;]<\/p>\n","protected":false},"author":1,"featured_media":0,"parent":642,"menu_order":0,"comment_status":"closed","ping_status":"closed","template":"","meta":{"_acf_changed":false,"footnotes":""},"categories":[],"tags":[],"class_list":["post-659","page","type-page","status-publish","hentry"],"acf":[],"yoast_head":"<!-- This site is optimized with the Yoast SEO plugin v26.0 - https:\/\/yoast.com\/wordpress\/plugins\/seo\/ -->\n<title>CC y embarazo - myrhythmdevice.org<\/title>\n<meta name=\"robots\" content=\"index, follow, max-snippet:-1, max-image-preview:large, max-video-preview:-1\" \/>\n<link rel=\"canonical\" href=\"https:\/\/www.myrhythmdevice.org\/living-with-a-cardiac-device\/chd-and-pregnancy\/\" \/>\n<meta property=\"og:locale\" content=\"es_ES\" \/>\n<meta property=\"og:type\" content=\"article\" \/>\n<meta property=\"og:title\" content=\"CC y embarazo - myrhythmdevice.org\" \/>\n<meta property=\"og:description\" content=\"Si tiene una cardiopat\u00eda cong\u00e9nita (CC), puede que necesite un marcapasos o un DAI. Esto puede estar causado por la propia enfermedad card\u00edaca o las terapias administradas, incluidas las correcciones quir\u00fargicas. En el caso de CC, la implantaci\u00f3n de un dispositivo resulta m\u00e1s compleja debido a las particularidades anat\u00f3micas. Principalmente, el acceso al coraz\u00f3n a [&hellip;]\" \/>\n<meta property=\"og:url\" content=\"https:\/\/www.myrhythmdevice.org\/living-with-a-cardiac-device\/chd-and-pregnancy\/\" \/>\n<meta property=\"og:site_name\" content=\"myrhythmdevice.org\" \/>\n<meta property=\"article:modified_time\" content=\"2023-01-05T09:59:28+00:00\" \/>\n<meta property=\"og:image\" content=\"https:\/\/cdn-endpoint-mrd.azureedge.net\/myrhythmdevice\/2022\/11\/pregnancy.jpg\" \/>\n<meta name=\"twitter:card\" content=\"summary_large_image\" \/>\n<meta name=\"twitter:label1\" content=\"Tiempo de lectura\" \/>\n\t<meta name=\"twitter:data1\" content=\"2 minutos\" \/>\n<script type=\"application\/ld+json\" class=\"yoast-schema-graph\">{\"@context\":\"https:\/\/schema.org\",\"@graph\":[{\"@type\":\"WebPage\",\"@id\":\"https:\/\/www.myrhythmdevice.org\/living-with-a-cardiac-device\/chd-and-pregnancy\/\",\"url\":\"https:\/\/www.myrhythmdevice.org\/living-with-a-cardiac-device\/chd-and-pregnancy\/\",\"name\":\"CC y embarazo - myrhythmdevice.org\",\"isPartOf\":{\"@id\":\"https:\/\/www.myrhythmdevice.org\/#website\"},\"primaryImageOfPage\":{\"@id\":\"https:\/\/www.myrhythmdevice.org\/living-with-a-cardiac-device\/chd-and-pregnancy\/#primaryimage\"},\"image\":{\"@id\":\"https:\/\/www.myrhythmdevice.org\/living-with-a-cardiac-device\/chd-and-pregnancy\/#primaryimage\"},\"thumbnailUrl\":\"https:\/\/cdn-endpoint-mrd.azureedge.net\/myrhythmdevice\/2022\/11\/pregnancy.jpg\",\"datePublished\":\"2022-11-30T11:02:45+00:00\",\"dateModified\":\"2023-01-05T09:59:28+00:00\",\"breadcrumb\":{\"@id\":\"https:\/\/www.myrhythmdevice.org\/living-with-a-cardiac-device\/chd-and-pregnancy\/#breadcrumb\"},\"inLanguage\":\"es\",\"potentialAction\":[{\"@type\":\"ReadAction\",\"target\":[\"https:\/\/www.myrhythmdevice.org\/living-with-a-cardiac-device\/chd-and-pregnancy\/\"]}]},{\"@type\":\"ImageObject\",\"inLanguage\":\"es\",\"@id\":\"https:\/\/www.myrhythmdevice.org\/living-with-a-cardiac-device\/chd-and-pregnancy\/#primaryimage\",\"url\":\"https:\/\/cdn-endpoint-mrd.azureedge.net\/myrhythmdevice\/2022\/11\/pregnancy.jpg\",\"contentUrl\":\"https:\/\/cdn-endpoint-mrd.azureedge.net\/myrhythmdevice\/2022\/11\/pregnancy.jpg\"},{\"@type\":\"BreadcrumbList\",\"@id\":\"https:\/\/www.myrhythmdevice.org\/living-with-a-cardiac-device\/chd-and-pregnancy\/#breadcrumb\",\"itemListElement\":[{\"@type\":\"ListItem\",\"position\":1,\"name\":\"Home\",\"item\":\"https:\/\/www.myrhythmdevice.org\/es\/\"},{\"@type\":\"ListItem\",\"position\":2,\"name\":\"Vivir con un dispositivo card\u00edaco\",\"item\":\"https:\/\/www.myrhythmdevice.org\/es\/vivir-con-un-dispositivo-cardiaco\/\"},{\"@type\":\"ListItem\",\"position\":3,\"name\":\"CC y embarazo\"}]},{\"@type\":\"WebSite\",\"@id\":\"https:\/\/www.myrhythmdevice.org\/#website\",\"url\":\"https:\/\/www.myrhythmdevice.org\/\",\"name\":\"myrhythmdevice.org\",\"description\":\"The website for patients with implanted cardiac devices, their caregivers and families.\",\"publisher\":{\"@id\":\"https:\/\/www.myrhythmdevice.org\/#organization\"},\"potentialAction\":[{\"@type\":\"SearchAction\",\"target\":{\"@type\":\"EntryPoint\",\"urlTemplate\":\"https:\/\/www.myrhythmdevice.org\/?s={search_term_string}\"},\"query-input\":{\"@type\":\"PropertyValueSpecification\",\"valueRequired\":true,\"valueName\":\"search_term_string\"}}],\"inLanguage\":\"es\"},{\"@type\":\"Organization\",\"@id\":\"https:\/\/www.myrhythmdevice.org\/#organization\",\"name\":\"myrhythmdevice.org\",\"url\":\"https:\/\/www.myrhythmdevice.org\/\",\"logo\":{\"@type\":\"ImageObject\",\"inLanguage\":\"es\",\"@id\":\"https:\/\/www.myrhythmdevice.org\/#\/schema\/logo\/image\/\",\"url\":\"https:\/\/cdn-endpoint-mrd.azureedge.net\/myrhythmdevice\/2022\/02\/LOGO-MRD.jpg\",\"contentUrl\":\"https:\/\/cdn-endpoint-mrd.azureedge.net\/myrhythmdevice\/2022\/02\/LOGO-MRD.jpg\",\"width\":1478,\"height\":326,\"caption\":\"myrhythmdevice.org\"},\"image\":{\"@id\":\"https:\/\/www.myrhythmdevice.org\/#\/schema\/logo\/image\/\"}}]}<\/script>\n<!-- \/ Yoast SEO plugin. -->","yoast_head_json":{"title":"CC y embarazo - myrhythmdevice.org","robots":{"index":"index","follow":"follow","max-snippet":"max-snippet:-1","max-image-preview":"max-image-preview:large","max-video-preview":"max-video-preview:-1"},"canonical":"https:\/\/www.myrhythmdevice.org\/living-with-a-cardiac-device\/chd-and-pregnancy\/","og_locale":"es_ES","og_type":"article","og_title":"CC y embarazo - myrhythmdevice.org","og_description":"Si tiene una cardiopat\u00eda cong\u00e9nita (CC), puede que necesite un marcapasos o un DAI. Esto puede estar causado por la propia enfermedad card\u00edaca o las terapias administradas, incluidas las correcciones quir\u00fargicas. En el caso de CC, la implantaci\u00f3n de un dispositivo resulta m\u00e1s compleja debido a las particularidades anat\u00f3micas. Principalmente, el acceso al coraz\u00f3n a [&hellip;]","og_url":"https:\/\/www.myrhythmdevice.org\/living-with-a-cardiac-device\/chd-and-pregnancy\/","og_site_name":"myrhythmdevice.org","article_modified_time":"2023-01-05T09:59:28+00:00","og_image":[{"url":"https:\/\/cdn-endpoint-mrd.azureedge.net\/myrhythmdevice\/2022\/11\/pregnancy.jpg","type":"","width":"","height":""}],"twitter_card":"summary_large_image","twitter_misc":{"Tiempo de lectura":"2 minutos"},"schema":{"@context":"https:\/\/schema.org","@graph":[{"@type":"WebPage","@id":"https:\/\/www.myrhythmdevice.org\/living-with-a-cardiac-device\/chd-and-pregnancy\/","url":"https:\/\/www.myrhythmdevice.org\/living-with-a-cardiac-device\/chd-and-pregnancy\/","name":"CC y embarazo - myrhythmdevice.org","isPartOf":{"@id":"https:\/\/www.myrhythmdevice.org\/#website"},"primaryImageOfPage":{"@id":"https:\/\/www.myrhythmdevice.org\/living-with-a-cardiac-device\/chd-and-pregnancy\/#primaryimage"},"image":{"@id":"https:\/\/www.myrhythmdevice.org\/living-with-a-cardiac-device\/chd-and-pregnancy\/#primaryimage"},"thumbnailUrl":"https:\/\/cdn-endpoint-mrd.azureedge.net\/myrhythmdevice\/2022\/11\/pregnancy.jpg","datePublished":"2022-11-30T11:02:45+00:00","dateModified":"2023-01-05T09:59:28+00:00","breadcrumb":{"@id":"https:\/\/www.myrhythmdevice.org\/living-with-a-cardiac-device\/chd-and-pregnancy\/#breadcrumb"},"inLanguage":"es","potentialAction":[{"@type":"ReadAction","target":["https:\/\/www.myrhythmdevice.org\/living-with-a-cardiac-device\/chd-and-pregnancy\/"]}]},{"@type":"ImageObject","inLanguage":"es","@id":"https:\/\/www.myrhythmdevice.org\/living-with-a-cardiac-device\/chd-and-pregnancy\/#primaryimage","url":"https:\/\/cdn-endpoint-mrd.azureedge.net\/myrhythmdevice\/2022\/11\/pregnancy.jpg","contentUrl":"https:\/\/cdn-endpoint-mrd.azureedge.net\/myrhythmdevice\/2022\/11\/pregnancy.jpg"},{"@type":"BreadcrumbList","@id":"https:\/\/www.myrhythmdevice.org\/living-with-a-cardiac-device\/chd-and-pregnancy\/#breadcrumb","itemListElement":[{"@type":"ListItem","position":1,"name":"Home","item":"https:\/\/www.myrhythmdevice.org\/es\/"},{"@type":"ListItem","position":2,"name":"Vivir con un dispositivo card\u00edaco","item":"https:\/\/www.myrhythmdevice.org\/es\/vivir-con-un-dispositivo-cardiaco\/"},{"@type":"ListItem","position":3,"name":"CC y embarazo"}]},{"@type":"WebSite","@id":"https:\/\/www.myrhythmdevice.org\/#website","url":"https:\/\/www.myrhythmdevice.org\/","name":"myrhythmdevice.org","description":"The website for patients with implanted cardiac devices, their caregivers and families.","publisher":{"@id":"https:\/\/www.myrhythmdevice.org\/#organization"},"potentialAction":[{"@type":"SearchAction","target":{"@type":"EntryPoint","urlTemplate":"https:\/\/www.myrhythmdevice.org\/?s={search_term_string}"},"query-input":{"@type":"PropertyValueSpecification","valueRequired":true,"valueName":"search_term_string"}}],"inLanguage":"es"},{"@type":"Organization","@id":"https:\/\/www.myrhythmdevice.org\/#organization","name":"myrhythmdevice.org","url":"https:\/\/www.myrhythmdevice.org\/","logo":{"@type":"ImageObject","inLanguage":"es","@id":"https:\/\/www.myrhythmdevice.org\/#\/schema\/logo\/image\/","url":"https:\/\/cdn-endpoint-mrd.azureedge.net\/myrhythmdevice\/2022\/02\/LOGO-MRD.jpg","contentUrl":"https:\/\/cdn-endpoint-mrd.azureedge.net\/myrhythmdevice\/2022\/02\/LOGO-MRD.jpg","width":1478,"height":326,"caption":"myrhythmdevice.org"},"image":{"@id":"https:\/\/www.myrhythmdevice.org\/#\/schema\/logo\/image\/"}}]}},"_links":{"self":[{"href":"https:\/\/www.myrhythmdevice.org\/es\/wp-json\/wp\/v2\/pages\/659","targetHints":{"allow":["GET"]}}],"collection":[{"href":"https:\/\/www.myrhythmdevice.org\/es\/wp-json\/wp\/v2\/pages"}],"about":[{"href":"https:\/\/www.myrhythmdevice.org\/es\/wp-json\/wp\/v2\/types\/page"}],"author":[{"embeddable":true,"href":"https:\/\/www.myrhythmdevice.org\/es\/wp-json\/wp\/v2\/users\/1"}],"replies":[{"embeddable":true,"href":"https:\/\/www.myrhythmdevice.org\/es\/wp-json\/wp\/v2\/comments?post=659"}],"version-history":[{"count":1,"href":"https:\/\/www.myrhythmdevice.org\/es\/wp-json\/wp\/v2\/pages\/659\/revisions"}],"predecessor-version":[{"id":778,"href":"https:\/\/www.myrhythmdevice.org\/es\/wp-json\/wp\/v2\/pages\/659\/revisions\/778"}],"up":[{"embeddable":true,"href":"https:\/\/www.myrhythmdevice.org\/es\/wp-json\/wp\/v2\/pages\/642"}],"wp:attachment":[{"href":"https:\/\/www.myrhythmdevice.org\/es\/wp-json\/wp\/v2\/media?parent=659"}],"wp:term":[{"taxonomy":"category","embeddable":true,"href":"https:\/\/www.myrhythmdevice.org\/es\/wp-json\/wp\/v2\/categories?post=659"},{"taxonomy":"post_tag","embeddable":true,"href":"https:\/\/www.myrhythmdevice.org\/es\/wp-json\/wp\/v2\/tags?post=659"}],"curies":[{"name":"wp","href":"https:\/\/api.w.org\/{rel}","templated":true}]}}