{"id":655,"date":"2022-11-30T11:02:40","date_gmt":"2022-11-30T11:02:40","guid":{"rendered":"https:\/\/www.myrhythmdevice.org\/vivir-con-un-dispositivo-cardiaco\/de-viaje\/"},"modified":"2023-01-05T09:59:29","modified_gmt":"2023-01-05T09:59:29","slug":"de-viaje","status":"publish","type":"page","link":"https:\/\/www.myrhythmdevice.org\/es\/vivir-con-un-dispositivo-cardiaco\/de-viaje\/","title":{"rendered":"De viaje"},"content":{"rendered":"<p><img loading=\"lazy\" decoding=\"async\" class=\"aligncenter wp-image-190\" src=\"https:\/\/cdn-endpoint-mrd.azureedge.net\/myrhythmdevice\/2022\/02\/shutterstock_425996818-1-min.jpg\" alt=\"\" width=\"500\" height=\"333\" srcset=\"https:\/\/cdn-endpoint-mrd.azureedge.net\/myrhythmdevice\/2022\/02\/shutterstock_425996818-1-min.jpg 900w, https:\/\/www.myrhythmdevice.org\/wp-content\/uploads\/2022\/02\/shutterstock_425996818-1-min-300x200.jpg 300w, https:\/\/www.myrhythmdevice.org\/wp-content\/uploads\/2022\/02\/shutterstock_425996818-1-min-768x512.jpg 768w, https:\/\/www.myrhythmdevice.org\/wp-content\/uploads\/2022\/02\/shutterstock_425996818-1-min-600x400.jpg 600w\" sizes=\"auto, (max-width: 500px) 100vw, 500px\" \/><\/p>\n<p>El dispositivo card\u00edaco en s\u00ed mismo casi no supone l\u00edmites al viajar. Por lo general, es la enfermedad card\u00edaca subyacente o la arritmia lo que limita los viajes de los pacientes. Por tanto, antes de viajar, consulte con su cardi\u00f3logo sobre cualquier limitaci\u00f3n para la planificaci\u00f3n de sus vacaciones. Puede que sea necesario hacer una revisi\u00f3n del dispositivo, especialmente en caso de viajes largos.<\/p>\n<p>Es recomendable que, si se viaja despu\u00e9s de la implantaci\u00f3n del dispositivo, sea cuando haya cicatrizado la herida, ya que el movimiento del brazo en la zona de la implantaci\u00f3n es limitado y el riesgo de infecci\u00f3n de la herida y de dislocaci\u00f3n del cable es elevado en la fase temprana tras la implantaci\u00f3n del dispositivo. Sin embargo, si lo necesita, podr\u00e1 volar dos d\u00edas despu\u00e9s de una implantaci\u00f3n sin complicaciones si se descarta un neumot\u00f3rax (aire en el espacio que hay entre el pulm\u00f3n y la pared tor\u00e1cica que empuja en la parte exterior del pulm\u00f3n y hace que falle).<\/p>\n<p>Los pacientes con dispositivos card\u00edacos pueden pasar los controles de seguridad, incluidos los detectores de metales y los esc\u00e1neres corporales, de forma segura. Solo deber\u00e1 evitarse el movimiento repetitivo de un detector de metales port\u00e1til sobre el dispositivo. Sin embargo, dado que hay riesgo de interacci\u00f3n entre el detector de metales y el dispositivo card\u00edaco, se aconseja que informe que lleva un dispositivo card\u00edaco y que presente su identificaci\u00f3n o pasaporte. En los viajes al extranjero, se recomienda llevar una tarjeta con esta informaci\u00f3n en ingl\u00e9s.<\/p>\n<p>Cuando se viaja a otras zonas horarias, es conveniente desactivar una frecuencia de sue\u00f1o programada.<\/p>\n<p>Lleve siempre consigo el n\u00famero de p\u00f3liza de su seguro m\u00e9dico y de viaje y su tarjeta sanitaria europea para demostrar que tiene derecho a recibir atenci\u00f3n m\u00e9dica. Adem\u00e1s, cuando viaje con un dispositivo card\u00edaco, se recomienda llevar consigo lo siguiente:<\/p>\n<ul>\n<li>Medicaci\u00f3n suficiente<\/li>\n<li>Resumen de su historial m\u00e9dico y de sus prescripciones medicas<\/li>\n<li>N\u00famero de tel\u00e9fono de su hospital de tratamiento<\/li>\n<li>Datos del seguro m\u00e9dico y del seguro de viaje, incluidos los n\u00fameros de tel\u00e9fono de emergencia<\/li>\n<li>N\u00famero de tel\u00e9fono del fabricante de su dispositivo<\/li>\n<li>Identificaci\u00f3n o pasaporte del dispositivo card\u00edaco<\/li>\n<\/ul>\n<p>&nbsp;<\/p>\n<p>Especialmente en el caso de tener un DAI, es aconsejable que, antes de irse de vacaciones, compruebe si tendr\u00e1 alg\u00fan hospital cerca donde pueda acudir en caso de emergencia. Los siguientes fabricantes de dispositivos card\u00edacos proporcionan una lista de hospitales en todo el mundo que est\u00e1n en condiciones de atender a pacientes con dichos dispositivos:<\/p>\n<ul>\n<li>Biotronik: <a href=\"https:\/\/www.biotronik.com\/en-us\/patients\/travel-guide\">https:\/\/www.biotronik.com\/es-es\/patients\/travel-guide<\/a><\/li>\n<li>Medtronic: <a href=\"http:\/\/www.medtronic.com\/traveling\/\">http:\/\/www.medtronic.com\/traveling<\/a><\/li>\n<li>BostonScientific: <a href=\"https:\/\/www.bostonscientific.com\/en-US\/patients\/find-a-heart-specialist.html\">https:\/\/www.bostonscientific.com\/en-US\/patients\/find-a-heart-specialist.html<\/a><\/li>\n<\/ul>\n","protected":false},"excerpt":{"rendered":"<p>El dispositivo card\u00edaco en s\u00ed mismo casi no supone l\u00edmites al viajar. Por lo general, es la enfermedad card\u00edaca subyacente o la arritmia lo que limita los viajes de los pacientes. Por tanto, antes de viajar, consulte con su cardi\u00f3logo sobre cualquier limitaci\u00f3n para la planificaci\u00f3n de sus vacaciones. Puede que sea necesario hacer una [&hellip;]<\/p>\n","protected":false},"author":1,"featured_media":575,"parent":642,"menu_order":3,"comment_status":"closed","ping_status":"closed","template":"","meta":{"_acf_changed":false,"footnotes":""},"categories":[],"tags":[],"class_list":["post-655","page","type-page","status-publish","has-post-thumbnail","hentry"],"acf":[],"yoast_head":"<!-- This site is optimized with the Yoast SEO plugin v26.0 - https:\/\/yoast.com\/wordpress\/plugins\/seo\/ -->\n<title>De viaje | My Rhythm Device<\/title>\n<meta name=\"description\" content=\"El dispositivo card\u00edaco en s\u00ed mismo casi no supone l\u00edmites al viajar. Sin embargo, deber\u00eda consultarle a su cardi\u00f3logo antes de viajar.\" \/>\n<meta name=\"robots\" content=\"index, follow, max-snippet:-1, max-image-preview:large, max-video-preview:-1\" \/>\n<link rel=\"canonical\" href=\"https:\/\/www.myrhythmdevice.org\/es\/vivir-con-un-dispositivo-cardiaco\/de-viaje\/\" \/>\n<meta property=\"og:locale\" content=\"es_ES\" \/>\n<meta property=\"og:type\" content=\"article\" \/>\n<meta property=\"og:title\" content=\"De viaje | My Rhythm Device\" \/>\n<meta property=\"og:description\" content=\"El dispositivo card\u00edaco en s\u00ed mismo casi no supone l\u00edmites al viajar. Sin embargo, deber\u00eda consultarle a su cardi\u00f3logo antes de viajar.\" \/>\n<meta property=\"og:url\" content=\"https:\/\/www.myrhythmdevice.org\/es\/vivir-con-un-dispositivo-cardiaco\/de-viaje\/\" \/>\n<meta property=\"og:site_name\" content=\"myrhythmdevice.org\" \/>\n<meta property=\"article:modified_time\" content=\"2023-01-05T09:59:29+00:00\" \/>\n<meta property=\"og:image\" content=\"https:\/\/www.myrhythmdevice.org\/wp-content\/uploads\/2022\/02\/shutterstock_425996818-1-min.jpg\" \/>\n\t<meta property=\"og:image:width\" content=\"900\" \/>\n\t<meta property=\"og:image:height\" content=\"600\" \/>\n\t<meta property=\"og:image:type\" content=\"image\/jpeg\" \/>\n<meta name=\"twitter:card\" content=\"summary_large_image\" \/>\n<meta name=\"twitter:label1\" content=\"Tiempo de lectura\" \/>\n\t<meta name=\"twitter:data1\" content=\"2 minutos\" \/>\n<script type=\"application\/ld+json\" class=\"yoast-schema-graph\">{\"@context\":\"https:\/\/schema.org\",\"@graph\":[{\"@type\":\"WebPage\",\"@id\":\"https:\/\/www.myrhythmdevice.org\/es\/vivir-con-un-dispositivo-cardiaco\/de-viaje\/\",\"url\":\"https:\/\/www.myrhythmdevice.org\/es\/vivir-con-un-dispositivo-cardiaco\/de-viaje\/\",\"name\":\"De viaje | My Rhythm Device\",\"isPartOf\":{\"@id\":\"https:\/\/www.myrhythmdevice.org\/#website\"},\"primaryImageOfPage\":{\"@id\":\"https:\/\/www.myrhythmdevice.org\/es\/vivir-con-un-dispositivo-cardiaco\/de-viaje\/#primaryimage\"},\"image\":{\"@id\":\"https:\/\/www.myrhythmdevice.org\/es\/vivir-con-un-dispositivo-cardiaco\/de-viaje\/#primaryimage\"},\"thumbnailUrl\":\"https:\/\/www.myrhythmdevice.org\/wp-content\/uploads\/2022\/02\/shutterstock_425996818-1-min.jpg\",\"datePublished\":\"2022-11-30T11:02:40+00:00\",\"dateModified\":\"2023-01-05T09:59:29+00:00\",\"description\":\"El dispositivo card\u00edaco en s\u00ed mismo casi no supone l\u00edmites al viajar. Sin embargo, deber\u00eda consultarle a su cardi\u00f3logo antes de viajar.\",\"breadcrumb\":{\"@id\":\"https:\/\/www.myrhythmdevice.org\/es\/vivir-con-un-dispositivo-cardiaco\/de-viaje\/#breadcrumb\"},\"inLanguage\":\"es\",\"potentialAction\":[{\"@type\":\"ReadAction\",\"target\":[\"https:\/\/www.myrhythmdevice.org\/es\/vivir-con-un-dispositivo-cardiaco\/de-viaje\/\"]}]},{\"@type\":\"ImageObject\",\"inLanguage\":\"es\",\"@id\":\"https:\/\/www.myrhythmdevice.org\/es\/vivir-con-un-dispositivo-cardiaco\/de-viaje\/#primaryimage\",\"url\":\"https:\/\/www.myrhythmdevice.org\/wp-content\/uploads\/2022\/02\/shutterstock_425996818-1-min.jpg\",\"contentUrl\":\"https:\/\/www.myrhythmdevice.org\/wp-content\/uploads\/2022\/02\/shutterstock_425996818-1-min.jpg\",\"width\":900,\"height\":600},{\"@type\":\"BreadcrumbList\",\"@id\":\"https:\/\/www.myrhythmdevice.org\/es\/vivir-con-un-dispositivo-cardiaco\/de-viaje\/#breadcrumb\",\"itemListElement\":[{\"@type\":\"ListItem\",\"position\":1,\"name\":\"Home\",\"item\":\"https:\/\/www.myrhythmdevice.org\/es\/\"},{\"@type\":\"ListItem\",\"position\":2,\"name\":\"Vivir con un dispositivo card\u00edaco\",\"item\":\"https:\/\/www.myrhythmdevice.org\/es\/vivir-con-un-dispositivo-cardiaco\/\"},{\"@type\":\"ListItem\",\"position\":3,\"name\":\"De viaje\"}]},{\"@type\":\"WebSite\",\"@id\":\"https:\/\/www.myrhythmdevice.org\/#website\",\"url\":\"https:\/\/www.myrhythmdevice.org\/\",\"name\":\"myrhythmdevice.org\",\"description\":\"The website for patients with implanted cardiac devices, their caregivers and families.\",\"publisher\":{\"@id\":\"https:\/\/www.myrhythmdevice.org\/#organization\"},\"potentialAction\":[{\"@type\":\"SearchAction\",\"target\":{\"@type\":\"EntryPoint\",\"urlTemplate\":\"https:\/\/www.myrhythmdevice.org\/?s={search_term_string}\"},\"query-input\":{\"@type\":\"PropertyValueSpecification\",\"valueRequired\":true,\"valueName\":\"search_term_string\"}}],\"inLanguage\":\"es\"},{\"@type\":\"Organization\",\"@id\":\"https:\/\/www.myrhythmdevice.org\/#organization\",\"name\":\"myrhythmdevice.org\",\"url\":\"https:\/\/www.myrhythmdevice.org\/\",\"logo\":{\"@type\":\"ImageObject\",\"inLanguage\":\"es\",\"@id\":\"https:\/\/www.myrhythmdevice.org\/#\/schema\/logo\/image\/\",\"url\":\"https:\/\/cdn-endpoint-mrd.azureedge.net\/myrhythmdevice\/2022\/02\/LOGO-MRD.jpg\",\"contentUrl\":\"https:\/\/cdn-endpoint-mrd.azureedge.net\/myrhythmdevice\/2022\/02\/LOGO-MRD.jpg\",\"width\":1478,\"height\":326,\"caption\":\"myrhythmdevice.org\"},\"image\":{\"@id\":\"https:\/\/www.myrhythmdevice.org\/#\/schema\/logo\/image\/\"}}]}<\/script>\n<!-- \/ Yoast SEO plugin. -->","yoast_head_json":{"title":"De viaje | My Rhythm Device","description":"El dispositivo card\u00edaco en s\u00ed mismo casi no supone l\u00edmites al viajar. Sin embargo, deber\u00eda consultarle a su cardi\u00f3logo antes de viajar.","robots":{"index":"index","follow":"follow","max-snippet":"max-snippet:-1","max-image-preview":"max-image-preview:large","max-video-preview":"max-video-preview:-1"},"canonical":"https:\/\/www.myrhythmdevice.org\/es\/vivir-con-un-dispositivo-cardiaco\/de-viaje\/","og_locale":"es_ES","og_type":"article","og_title":"De viaje | My Rhythm Device","og_description":"El dispositivo card\u00edaco en s\u00ed mismo casi no supone l\u00edmites al viajar. Sin embargo, deber\u00eda consultarle a su cardi\u00f3logo antes de viajar.","og_url":"https:\/\/www.myrhythmdevice.org\/es\/vivir-con-un-dispositivo-cardiaco\/de-viaje\/","og_site_name":"myrhythmdevice.org","article_modified_time":"2023-01-05T09:59:29+00:00","og_image":[{"width":900,"height":600,"url":"https:\/\/www.myrhythmdevice.org\/wp-content\/uploads\/2022\/02\/shutterstock_425996818-1-min.jpg","type":"image\/jpeg"}],"twitter_card":"summary_large_image","twitter_misc":{"Tiempo de lectura":"2 minutos"},"schema":{"@context":"https:\/\/schema.org","@graph":[{"@type":"WebPage","@id":"https:\/\/www.myrhythmdevice.org\/es\/vivir-con-un-dispositivo-cardiaco\/de-viaje\/","url":"https:\/\/www.myrhythmdevice.org\/es\/vivir-con-un-dispositivo-cardiaco\/de-viaje\/","name":"De viaje | My Rhythm Device","isPartOf":{"@id":"https:\/\/www.myrhythmdevice.org\/#website"},"primaryImageOfPage":{"@id":"https:\/\/www.myrhythmdevice.org\/es\/vivir-con-un-dispositivo-cardiaco\/de-viaje\/#primaryimage"},"image":{"@id":"https:\/\/www.myrhythmdevice.org\/es\/vivir-con-un-dispositivo-cardiaco\/de-viaje\/#primaryimage"},"thumbnailUrl":"https:\/\/www.myrhythmdevice.org\/wp-content\/uploads\/2022\/02\/shutterstock_425996818-1-min.jpg","datePublished":"2022-11-30T11:02:40+00:00","dateModified":"2023-01-05T09:59:29+00:00","description":"El dispositivo card\u00edaco en s\u00ed mismo casi no supone l\u00edmites al viajar. Sin embargo, deber\u00eda consultarle a su cardi\u00f3logo antes de viajar.","breadcrumb":{"@id":"https:\/\/www.myrhythmdevice.org\/es\/vivir-con-un-dispositivo-cardiaco\/de-viaje\/#breadcrumb"},"inLanguage":"es","potentialAction":[{"@type":"ReadAction","target":["https:\/\/www.myrhythmdevice.org\/es\/vivir-con-un-dispositivo-cardiaco\/de-viaje\/"]}]},{"@type":"ImageObject","inLanguage":"es","@id":"https:\/\/www.myrhythmdevice.org\/es\/vivir-con-un-dispositivo-cardiaco\/de-viaje\/#primaryimage","url":"https:\/\/www.myrhythmdevice.org\/wp-content\/uploads\/2022\/02\/shutterstock_425996818-1-min.jpg","contentUrl":"https:\/\/www.myrhythmdevice.org\/wp-content\/uploads\/2022\/02\/shutterstock_425996818-1-min.jpg","width":900,"height":600},{"@type":"BreadcrumbList","@id":"https:\/\/www.myrhythmdevice.org\/es\/vivir-con-un-dispositivo-cardiaco\/de-viaje\/#breadcrumb","itemListElement":[{"@type":"ListItem","position":1,"name":"Home","item":"https:\/\/www.myrhythmdevice.org\/es\/"},{"@type":"ListItem","position":2,"name":"Vivir con un dispositivo card\u00edaco","item":"https:\/\/www.myrhythmdevice.org\/es\/vivir-con-un-dispositivo-cardiaco\/"},{"@type":"ListItem","position":3,"name":"De viaje"}]},{"@type":"WebSite","@id":"https:\/\/www.myrhythmdevice.org\/#website","url":"https:\/\/www.myrhythmdevice.org\/","name":"myrhythmdevice.org","description":"The website for patients with implanted cardiac devices, their caregivers and families.","publisher":{"@id":"https:\/\/www.myrhythmdevice.org\/#organization"},"potentialAction":[{"@type":"SearchAction","target":{"@type":"EntryPoint","urlTemplate":"https:\/\/www.myrhythmdevice.org\/?s={search_term_string}"},"query-input":{"@type":"PropertyValueSpecification","valueRequired":true,"valueName":"search_term_string"}}],"inLanguage":"es"},{"@type":"Organization","@id":"https:\/\/www.myrhythmdevice.org\/#organization","name":"myrhythmdevice.org","url":"https:\/\/www.myrhythmdevice.org\/","logo":{"@type":"ImageObject","inLanguage":"es","@id":"https:\/\/www.myrhythmdevice.org\/#\/schema\/logo\/image\/","url":"https:\/\/cdn-endpoint-mrd.azureedge.net\/myrhythmdevice\/2022\/02\/LOGO-MRD.jpg","contentUrl":"https:\/\/cdn-endpoint-mrd.azureedge.net\/myrhythmdevice\/2022\/02\/LOGO-MRD.jpg","width":1478,"height":326,"caption":"myrhythmdevice.org"},"image":{"@id":"https:\/\/www.myrhythmdevice.org\/#\/schema\/logo\/image\/"}}]}},"_links":{"self":[{"href":"https:\/\/www.myrhythmdevice.org\/es\/wp-json\/wp\/v2\/pages\/655","targetHints":{"allow":["GET"]}}],"collection":[{"href":"https:\/\/www.myrhythmdevice.org\/es\/wp-json\/wp\/v2\/pages"}],"about":[{"href":"https:\/\/www.myrhythmdevice.org\/es\/wp-json\/wp\/v2\/types\/page"}],"author":[{"embeddable":true,"href":"https:\/\/www.myrhythmdevice.org\/es\/wp-json\/wp\/v2\/users\/1"}],"replies":[{"embeddable":true,"href":"https:\/\/www.myrhythmdevice.org\/es\/wp-json\/wp\/v2\/comments?post=655"}],"version-history":[{"count":1,"href":"https:\/\/www.myrhythmdevice.org\/es\/wp-json\/wp\/v2\/pages\/655\/revisions"}],"predecessor-version":[{"id":779,"href":"https:\/\/www.myrhythmdevice.org\/es\/wp-json\/wp\/v2\/pages\/655\/revisions\/779"}],"up":[{"embeddable":true,"href":"https:\/\/www.myrhythmdevice.org\/es\/wp-json\/wp\/v2\/pages\/642"}],"wp:featuredmedia":[{"embeddable":true,"href":"https:\/\/www.myrhythmdevice.org\/es\/wp-json\/wp\/v2\/media\/575"}],"wp:attachment":[{"href":"https:\/\/www.myrhythmdevice.org\/es\/wp-json\/wp\/v2\/media?parent=655"}],"wp:term":[{"taxonomy":"category","embeddable":true,"href":"https:\/\/www.myrhythmdevice.org\/es\/wp-json\/wp\/v2\/categories?post=655"},{"taxonomy":"post_tag","embeddable":true,"href":"https:\/\/www.myrhythmdevice.org\/es\/wp-json\/wp\/v2\/tags?post=655"}],"curies":[{"name":"wp","href":"https:\/\/api.w.org\/{rel}","templated":true}]}}