{"id":654,"date":"2022-11-30T11:02:40","date_gmt":"2022-11-30T11:02:40","guid":{"rendered":"https:\/\/www.myrhythmdevice.org\/vivir-con-un-dispositivo-cardiaco\/procedimientos-medicos\/"},"modified":"2023-01-05T09:59:29","modified_gmt":"2023-01-05T09:59:29","slug":"procedimientos-medicos","status":"publish","type":"page","link":"https:\/\/www.myrhythmdevice.org\/es\/vivir-con-un-dispositivo-cardiaco\/procedimientos-medicos\/","title":{"rendered":"Procedimientos m\u00e9dicos"},"content":{"rendered":"<p><img loading=\"lazy\" decoding=\"async\" class=\"aligncenter wp-image-210\" src=\"https:\/\/cdn-endpoint-mrd.azureedge.net\/myrhythmdevice\/2022\/02\/shutterstock_703970935-1-min.jpg\" alt=\"\" width=\"500\" height=\"249\" srcset=\"https:\/\/cdn-endpoint-mrd.azureedge.net\/myrhythmdevice\/2022\/02\/shutterstock_703970935-1-min.jpg 900w, https:\/\/www.myrhythmdevice.org\/wp-content\/uploads\/2022\/02\/shutterstock_703970935-1-min-300x150.jpg 300w, https:\/\/www.myrhythmdevice.org\/wp-content\/uploads\/2022\/02\/shutterstock_703970935-1-min-768x383.jpg 768w, https:\/\/www.myrhythmdevice.org\/wp-content\/uploads\/2022\/02\/shutterstock_703970935-1-min-600x299.jpg 600w\" sizes=\"auto, (max-width: 500px) 100vw, 500px\" \/><\/p>\n<h3>\u00bfEx\u00e1menes radiol\u00f3gicos como rayos X o tomograf\u00eda computarizada (TC)?<\/h3>\n<p>Un dispositivo card\u00edaco no se ver\u00e1 afectado por una radiograf\u00eda. Por tanto, no ser\u00e1 necesario tomar precauciones en caso de un examen radiol\u00f3gico como una radiograf\u00eda de t\u00f3rax o una tomograf\u00eda computarizada (TAC).<\/p>\n<h3>Terapia de radiaci\u00f3n<\/h3>\n<p>No es com\u00fan que la radioterapia, que se utiliza principalmente para el tratamiento del c\u00e1ncer, afecte a la funci\u00f3n de un marcapasos o de un DAI. Esto depender\u00e1 de la dosis de energ\u00eda y de la regi\u00f3n a tratar. Si necesita radioterapia, deber\u00e1 informar a su m\u00e9dico sobre su dispositivo card\u00edaco. A continuaci\u00f3n, su m\u00e9dico valorar\u00e1 la mejor estrategia. Por lo general, ser\u00e1 necesario controlar el dispositivo card\u00edaco con m\u00e1s atenci\u00f3n durante el curso de la radioterapia.<\/p>\n<h3>Imagen por resonancia magn\u00e9tica (IRM)<\/h3>\n<p>Las IRM utilizan un campo magn\u00e9tico para hacer el esc\u00e1ner. Este campo electromagn\u00e9tico puede afectar a los marcapasos o a los DAI. A pesar de que muchos fabricantes ofrecen marcapasos y DAI que son MRI compatibles, las exploraciones de IRM a\u00fan requieren cierta precauci\u00f3n en pacientes con dispositivos card\u00edacos. Si necesita una resonancia magn\u00e9tica, hable con su radi\u00f3logo\/cardi\u00f3logo para que aconsejen de la mejor forma posible.<\/p>\n<h3>Otros procedimientos m\u00e9dicos (incluidos procedimientos dentales, estimulaci\u00f3n nerviosa transcut\u00e1nea o litotricia)<\/h3>\n<p>Como har\u00eda para otros procedimientos m\u00e9dicos, informe a su m\u00e9dico si tiene un marcapasos o un DAI. Se podr\u00e1 realizar la mayor parte de los procedimientos m\u00e9dicos incluso con un dispositivo implantado, pero algunos pueden requerir precauciones especiales para la realizaci\u00f3n del procedimiento. Por lo general, se pueden realizar procedimientos dentales sin tomar precauciones especiales. En caso de cirug\u00eda, se debe tener en cuenta el dispositivo cuando se use electrocauterizaci\u00f3n. La estimulaci\u00f3n nerviosa el\u00e9ctrica transcut\u00e1nea (TENS, por sus siglas en ingl\u00e9s), que se utiliza para reducir el dolor y el espasmo muscular en diferentes patolog\u00edas m\u00e9dicas, no est\u00e1 recomendada para pacientes con marcapasos o DAI. Es posible realizar una litotricia. Hable con su m\u00e9dico para obtener m\u00e1s informaci\u00f3n sobre un procedimiento espec\u00edfico.<\/p>\n<h3>Cardioversi\u00f3n (por ejemplo, en caso de fibrilaci\u00f3n auricular)<\/h3>\n<p>Al igual que para otros procedimientos m\u00e9dicos, informe a su m\u00e9dico de que tiene un marcapasos o un DAI. Se puede utilizar cardioversi\u00f3n en pacientes con marcapasos. Tambi\u00e9n se puede reutilizar en pacientes con un DAI de forma interna. Se suele hacer una comprobaci\u00f3n del dispositivo antes y despu\u00e9s de la cardioversi\u00f3n.<\/p>\n<p>&nbsp;<\/p>\n<p>Muchos fabricantes de dispositivos card\u00edacos ofrecen a los pacientes informaci\u00f3n general e indicaciones m\u00e1s detalladas:<\/p>\n<ul>\n<li><a href=\"https:\/\/www.medtronic.com\/content\/dam\/medtronic-com\/01_crhf\/tachy\/documents\/EMC%20Guide%202016%20201103391eENp8.pdf?bypassIM=true\" target=\"_blank\" rel=\"noopener\">Medtronic<\/a><\/li>\n<li><a href=\"https:\/\/biotronik.cdn.mediamid.com\/cdn_bio_doc\/bio23016\/8207\/bio23016.pdf\" target=\"_blank\" rel=\"noopener\">Biotronik<\/a><\/li>\n<li><a href=\"https:\/\/www.cardiovascular.abbott\/us\/en\/patients\/cardiovascular-device-patient-services\/emi.html\" target=\"_blank\" rel=\"noopener\">Abbott<\/a><\/li>\n<li><a href=\"https:\/\/www.bostonscientific.com\/content\/dam\/lifebeat-online\/en\/documents\/BSC_Electromagnetic_Compatibility_Guide.pdf\" target=\"_blank\" rel=\"noopener\">Boston Scientific<\/a><\/li>\n<\/ul>\n","protected":false},"excerpt":{"rendered":"<p>\u00bfEx\u00e1menes radiol\u00f3gicos como rayos X o tomograf\u00eda computarizada (TC)? Un dispositivo card\u00edaco no se ver\u00e1 afectado por una radiograf\u00eda. Por tanto, no ser\u00e1 necesario tomar precauciones en caso de un examen radiol\u00f3gico como una radiograf\u00eda de t\u00f3rax o una tomograf\u00eda computarizada (TAC). Terapia de radiaci\u00f3n No es com\u00fan que la radioterapia, que se utiliza principalmente [&hellip;]<\/p>\n","protected":false},"author":1,"featured_media":579,"parent":642,"menu_order":8,"comment_status":"closed","ping_status":"closed","template":"","meta":{"_acf_changed":false,"footnotes":""},"categories":[],"tags":[],"class_list":["post-654","page","type-page","status-publish","has-post-thumbnail","hentry"],"acf":[],"yoast_head":"<!-- This site is optimized with the Yoast SEO plugin v26.0 - https:\/\/yoast.com\/wordpress\/plugins\/seo\/ -->\n<title>Procedimientos m\u00e9dicos | My Rhythm Device<\/title>\n<meta name=\"description\" content=\"Informaci\u00f3n sobre dispositivos card\u00edacos y procedimientos m\u00e9dicos, como radiograf\u00edas, tomograf\u00eda computarizada y radioterapia, entre otros.\" \/>\n<meta name=\"robots\" content=\"index, follow, max-snippet:-1, max-image-preview:large, max-video-preview:-1\" \/>\n<link rel=\"canonical\" href=\"https:\/\/www.myrhythmdevice.org\/living-with-a-cardiac-device\/medical-procedures\/\" \/>\n<meta property=\"og:locale\" content=\"es_ES\" \/>\n<meta property=\"og:type\" content=\"article\" \/>\n<meta property=\"og:title\" content=\"Procedimientos m\u00e9dicos | My Rhythm Device\" \/>\n<meta property=\"og:description\" content=\"Informaci\u00f3n sobre dispositivos card\u00edacos y procedimientos m\u00e9dicos, como radiograf\u00edas, tomograf\u00eda computarizada y radioterapia, entre otros.\" \/>\n<meta property=\"og:url\" content=\"https:\/\/www.myrhythmdevice.org\/living-with-a-cardiac-device\/medical-procedures\/\" \/>\n<meta property=\"og:site_name\" content=\"myrhythmdevice.org\" \/>\n<meta property=\"article:modified_time\" content=\"2023-01-05T09:59:29+00:00\" \/>\n<meta property=\"og:image\" content=\"https:\/\/www.myrhythmdevice.org\/wp-content\/uploads\/2022\/02\/shutterstock_703970935-1-min.jpg\" \/>\n\t<meta property=\"og:image:width\" content=\"900\" \/>\n\t<meta property=\"og:image:height\" content=\"449\" \/>\n\t<meta property=\"og:image:type\" content=\"image\/jpeg\" \/>\n<meta name=\"twitter:card\" content=\"summary_large_image\" \/>\n<meta name=\"twitter:label1\" content=\"Tiempo de lectura\" \/>\n\t<meta name=\"twitter:data1\" content=\"2 minutos\" \/>\n<script type=\"application\/ld+json\" class=\"yoast-schema-graph\">{\"@context\":\"https:\/\/schema.org\",\"@graph\":[{\"@type\":\"WebPage\",\"@id\":\"https:\/\/www.myrhythmdevice.org\/living-with-a-cardiac-device\/medical-procedures\/\",\"url\":\"https:\/\/www.myrhythmdevice.org\/living-with-a-cardiac-device\/medical-procedures\/\",\"name\":\"Procedimientos m\u00e9dicos | My Rhythm Device\",\"isPartOf\":{\"@id\":\"https:\/\/www.myrhythmdevice.org\/#website\"},\"primaryImageOfPage\":{\"@id\":\"https:\/\/www.myrhythmdevice.org\/living-with-a-cardiac-device\/medical-procedures\/#primaryimage\"},\"image\":{\"@id\":\"https:\/\/www.myrhythmdevice.org\/living-with-a-cardiac-device\/medical-procedures\/#primaryimage\"},\"thumbnailUrl\":\"https:\/\/www.myrhythmdevice.org\/wp-content\/uploads\/2022\/02\/shutterstock_703970935-1-min.jpg\",\"datePublished\":\"2022-11-30T11:02:40+00:00\",\"dateModified\":\"2023-01-05T09:59:29+00:00\",\"description\":\"Informaci\u00f3n sobre dispositivos card\u00edacos y procedimientos m\u00e9dicos, como radiograf\u00edas, tomograf\u00eda computarizada y radioterapia, entre otros.\",\"breadcrumb\":{\"@id\":\"https:\/\/www.myrhythmdevice.org\/living-with-a-cardiac-device\/medical-procedures\/#breadcrumb\"},\"inLanguage\":\"es\",\"potentialAction\":[{\"@type\":\"ReadAction\",\"target\":[\"https:\/\/www.myrhythmdevice.org\/living-with-a-cardiac-device\/medical-procedures\/\"]}]},{\"@type\":\"ImageObject\",\"inLanguage\":\"es\",\"@id\":\"https:\/\/www.myrhythmdevice.org\/living-with-a-cardiac-device\/medical-procedures\/#primaryimage\",\"url\":\"https:\/\/www.myrhythmdevice.org\/wp-content\/uploads\/2022\/02\/shutterstock_703970935-1-min.jpg\",\"contentUrl\":\"https:\/\/www.myrhythmdevice.org\/wp-content\/uploads\/2022\/02\/shutterstock_703970935-1-min.jpg\",\"width\":900,\"height\":449},{\"@type\":\"BreadcrumbList\",\"@id\":\"https:\/\/www.myrhythmdevice.org\/living-with-a-cardiac-device\/medical-procedures\/#breadcrumb\",\"itemListElement\":[{\"@type\":\"ListItem\",\"position\":1,\"name\":\"Home\",\"item\":\"https:\/\/www.myrhythmdevice.org\/es\/\"},{\"@type\":\"ListItem\",\"position\":2,\"name\":\"Vivir con un dispositivo card\u00edaco\",\"item\":\"https:\/\/www.myrhythmdevice.org\/es\/vivir-con-un-dispositivo-cardiaco\/\"},{\"@type\":\"ListItem\",\"position\":3,\"name\":\"Procedimientos m\u00e9dicos\"}]},{\"@type\":\"WebSite\",\"@id\":\"https:\/\/www.myrhythmdevice.org\/#website\",\"url\":\"https:\/\/www.myrhythmdevice.org\/\",\"name\":\"myrhythmdevice.org\",\"description\":\"The website for patients with implanted cardiac devices, their caregivers and families.\",\"publisher\":{\"@id\":\"https:\/\/www.myrhythmdevice.org\/#organization\"},\"potentialAction\":[{\"@type\":\"SearchAction\",\"target\":{\"@type\":\"EntryPoint\",\"urlTemplate\":\"https:\/\/www.myrhythmdevice.org\/?s={search_term_string}\"},\"query-input\":{\"@type\":\"PropertyValueSpecification\",\"valueRequired\":true,\"valueName\":\"search_term_string\"}}],\"inLanguage\":\"es\"},{\"@type\":\"Organization\",\"@id\":\"https:\/\/www.myrhythmdevice.org\/#organization\",\"name\":\"myrhythmdevice.org\",\"url\":\"https:\/\/www.myrhythmdevice.org\/\",\"logo\":{\"@type\":\"ImageObject\",\"inLanguage\":\"es\",\"@id\":\"https:\/\/www.myrhythmdevice.org\/#\/schema\/logo\/image\/\",\"url\":\"https:\/\/cdn-endpoint-mrd.azureedge.net\/myrhythmdevice\/2022\/02\/LOGO-MRD.jpg\",\"contentUrl\":\"https:\/\/cdn-endpoint-mrd.azureedge.net\/myrhythmdevice\/2022\/02\/LOGO-MRD.jpg\",\"width\":1478,\"height\":326,\"caption\":\"myrhythmdevice.org\"},\"image\":{\"@id\":\"https:\/\/www.myrhythmdevice.org\/#\/schema\/logo\/image\/\"}}]}<\/script>\n<!-- \/ Yoast SEO plugin. -->","yoast_head_json":{"title":"Procedimientos m\u00e9dicos | My Rhythm Device","description":"Informaci\u00f3n sobre dispositivos card\u00edacos y procedimientos m\u00e9dicos, como radiograf\u00edas, tomograf\u00eda computarizada y radioterapia, entre otros.","robots":{"index":"index","follow":"follow","max-snippet":"max-snippet:-1","max-image-preview":"max-image-preview:large","max-video-preview":"max-video-preview:-1"},"canonical":"https:\/\/www.myrhythmdevice.org\/living-with-a-cardiac-device\/medical-procedures\/","og_locale":"es_ES","og_type":"article","og_title":"Procedimientos m\u00e9dicos | My Rhythm Device","og_description":"Informaci\u00f3n sobre dispositivos card\u00edacos y procedimientos m\u00e9dicos, como radiograf\u00edas, tomograf\u00eda computarizada y radioterapia, entre otros.","og_url":"https:\/\/www.myrhythmdevice.org\/living-with-a-cardiac-device\/medical-procedures\/","og_site_name":"myrhythmdevice.org","article_modified_time":"2023-01-05T09:59:29+00:00","og_image":[{"width":900,"height":449,"url":"https:\/\/www.myrhythmdevice.org\/wp-content\/uploads\/2022\/02\/shutterstock_703970935-1-min.jpg","type":"image\/jpeg"}],"twitter_card":"summary_large_image","twitter_misc":{"Tiempo de lectura":"2 minutos"},"schema":{"@context":"https:\/\/schema.org","@graph":[{"@type":"WebPage","@id":"https:\/\/www.myrhythmdevice.org\/living-with-a-cardiac-device\/medical-procedures\/","url":"https:\/\/www.myrhythmdevice.org\/living-with-a-cardiac-device\/medical-procedures\/","name":"Procedimientos m\u00e9dicos | My Rhythm Device","isPartOf":{"@id":"https:\/\/www.myrhythmdevice.org\/#website"},"primaryImageOfPage":{"@id":"https:\/\/www.myrhythmdevice.org\/living-with-a-cardiac-device\/medical-procedures\/#primaryimage"},"image":{"@id":"https:\/\/www.myrhythmdevice.org\/living-with-a-cardiac-device\/medical-procedures\/#primaryimage"},"thumbnailUrl":"https:\/\/www.myrhythmdevice.org\/wp-content\/uploads\/2022\/02\/shutterstock_703970935-1-min.jpg","datePublished":"2022-11-30T11:02:40+00:00","dateModified":"2023-01-05T09:59:29+00:00","description":"Informaci\u00f3n sobre dispositivos card\u00edacos y procedimientos m\u00e9dicos, como radiograf\u00edas, tomograf\u00eda computarizada y radioterapia, entre otros.","breadcrumb":{"@id":"https:\/\/www.myrhythmdevice.org\/living-with-a-cardiac-device\/medical-procedures\/#breadcrumb"},"inLanguage":"es","potentialAction":[{"@type":"ReadAction","target":["https:\/\/www.myrhythmdevice.org\/living-with-a-cardiac-device\/medical-procedures\/"]}]},{"@type":"ImageObject","inLanguage":"es","@id":"https:\/\/www.myrhythmdevice.org\/living-with-a-cardiac-device\/medical-procedures\/#primaryimage","url":"https:\/\/www.myrhythmdevice.org\/wp-content\/uploads\/2022\/02\/shutterstock_703970935-1-min.jpg","contentUrl":"https:\/\/www.myrhythmdevice.org\/wp-content\/uploads\/2022\/02\/shutterstock_703970935-1-min.jpg","width":900,"height":449},{"@type":"BreadcrumbList","@id":"https:\/\/www.myrhythmdevice.org\/living-with-a-cardiac-device\/medical-procedures\/#breadcrumb","itemListElement":[{"@type":"ListItem","position":1,"name":"Home","item":"https:\/\/www.myrhythmdevice.org\/es\/"},{"@type":"ListItem","position":2,"name":"Vivir con un dispositivo card\u00edaco","item":"https:\/\/www.myrhythmdevice.org\/es\/vivir-con-un-dispositivo-cardiaco\/"},{"@type":"ListItem","position":3,"name":"Procedimientos m\u00e9dicos"}]},{"@type":"WebSite","@id":"https:\/\/www.myrhythmdevice.org\/#website","url":"https:\/\/www.myrhythmdevice.org\/","name":"myrhythmdevice.org","description":"The website for patients with implanted cardiac devices, their caregivers and families.","publisher":{"@id":"https:\/\/www.myrhythmdevice.org\/#organization"},"potentialAction":[{"@type":"SearchAction","target":{"@type":"EntryPoint","urlTemplate":"https:\/\/www.myrhythmdevice.org\/?s={search_term_string}"},"query-input":{"@type":"PropertyValueSpecification","valueRequired":true,"valueName":"search_term_string"}}],"inLanguage":"es"},{"@type":"Organization","@id":"https:\/\/www.myrhythmdevice.org\/#organization","name":"myrhythmdevice.org","url":"https:\/\/www.myrhythmdevice.org\/","logo":{"@type":"ImageObject","inLanguage":"es","@id":"https:\/\/www.myrhythmdevice.org\/#\/schema\/logo\/image\/","url":"https:\/\/cdn-endpoint-mrd.azureedge.net\/myrhythmdevice\/2022\/02\/LOGO-MRD.jpg","contentUrl":"https:\/\/cdn-endpoint-mrd.azureedge.net\/myrhythmdevice\/2022\/02\/LOGO-MRD.jpg","width":1478,"height":326,"caption":"myrhythmdevice.org"},"image":{"@id":"https:\/\/www.myrhythmdevice.org\/#\/schema\/logo\/image\/"}}]}},"_links":{"self":[{"href":"https:\/\/www.myrhythmdevice.org\/es\/wp-json\/wp\/v2\/pages\/654","targetHints":{"allow":["GET"]}}],"collection":[{"href":"https:\/\/www.myrhythmdevice.org\/es\/wp-json\/wp\/v2\/pages"}],"about":[{"href":"https:\/\/www.myrhythmdevice.org\/es\/wp-json\/wp\/v2\/types\/page"}],"author":[{"embeddable":true,"href":"https:\/\/www.myrhythmdevice.org\/es\/wp-json\/wp\/v2\/users\/1"}],"replies":[{"embeddable":true,"href":"https:\/\/www.myrhythmdevice.org\/es\/wp-json\/wp\/v2\/comments?post=654"}],"version-history":[{"count":1,"href":"https:\/\/www.myrhythmdevice.org\/es\/wp-json\/wp\/v2\/pages\/654\/revisions"}],"predecessor-version":[{"id":781,"href":"https:\/\/www.myrhythmdevice.org\/es\/wp-json\/wp\/v2\/pages\/654\/revisions\/781"}],"up":[{"embeddable":true,"href":"https:\/\/www.myrhythmdevice.org\/es\/wp-json\/wp\/v2\/pages\/642"}],"wp:featuredmedia":[{"embeddable":true,"href":"https:\/\/www.myrhythmdevice.org\/es\/wp-json\/wp\/v2\/media\/579"}],"wp:attachment":[{"href":"https:\/\/www.myrhythmdevice.org\/es\/wp-json\/wp\/v2\/media?parent=654"}],"wp:term":[{"taxonomy":"category","embeddable":true,"href":"https:\/\/www.myrhythmdevice.org\/es\/wp-json\/wp\/v2\/categories?post=654"},{"taxonomy":"post_tag","embeddable":true,"href":"https:\/\/www.myrhythmdevice.org\/es\/wp-json\/wp\/v2\/tags?post=654"}],"curies":[{"name":"wp","href":"https:\/\/api.w.org\/{rel}","templated":true}]}}