{"id":652,"date":"2022-11-30T11:02:39","date_gmt":"2022-11-30T11:02:39","guid":{"rendered":"https:\/\/www.myrhythmdevice.org\/vivir-con-un-dispositivo-cardiaco\/fallecimiento\/"},"modified":"2025-06-26T14:24:44","modified_gmt":"2025-06-26T13:24:44","slug":"fallecimiento","status":"publish","type":"page","link":"https:\/\/www.myrhythmdevice.org\/es\/vivir-con-un-dispositivo-cardiaco\/fallecimiento\/","title":{"rendered":"Fallecimiento"},"content":{"rendered":"<p><img loading=\"lazy\" decoding=\"async\" class=\"aligncenter wp-image-219\" src=\"https:\/\/cdn-endpoint-mrd.azureedge.net\/myrhythmdevice\/2022\/02\/shutterstock_1408652666-1-min.jpg\" alt=\"\" width=\"500\" height=\"375\" srcset=\"https:\/\/cdn-endpoint-mrd.azureedge.net\/myrhythmdevice\/2022\/02\/shutterstock_1408652666-1-min.jpg 900w, https:\/\/www.myrhythmdevice.org\/wp-content\/uploads\/2022\/02\/shutterstock_1408652666-1-min-300x225.jpg 300w, https:\/\/www.myrhythmdevice.org\/wp-content\/uploads\/2022\/02\/shutterstock_1408652666-1-min-768x576.jpg 768w, https:\/\/www.myrhythmdevice.org\/wp-content\/uploads\/2022\/02\/shutterstock_1408652666-1-min-533x400.jpg 533w, https:\/\/www.myrhythmdevice.org\/wp-content\/uploads\/2022\/02\/shutterstock_1408652666-1-min-800x600.jpg 800w\" sizes=\"auto, (max-width: 500px) 100vw, 500px\" \/><\/p>\n<h3>\u00bfMi dispositivo har\u00e1 que el coraz\u00f3n siga latiendo para siempre?<\/h3>\n<p>Los marcapasos no evitan la muerte. Por lo general, no es necesario tomar medidas adicionales con un marcapasos, incluso en caso de fallecimiento.<\/p>\n<p>En casos de DAI, es necesario tener en cuenta ciertas consideraciones. En la fase de fallecimiento, muchos pacientes experimentan arritmias ventriculares que ser\u00edan tratadas por un DAI. Sin embargo, en esta situaci\u00f3n ya no se mantendr\u00e1 el objetivo inicial de la terapia con DAI, que era la prevenci\u00f3n de la muerte s\u00fabita card\u00edaca. Las descargas del DAI le pueden resultar dolorosas a usted y agobiantes para las personas que le rodean. Por tanto, deber\u00e1 hablar con su m\u00e9dico sobre la desactivaci\u00f3n de las terapias del DAI en caso de fallecimiento. Puesto que esto no siempre se puede predecir, en un momento dado puede informar a su m\u00e9dico y a sus familiares acerca de su voluntad.<\/p>\n<p>Hay varias funciones, que pueden activarse o desactivarse por separado y sobre las que puede decidir de forma individual:<\/p>\n<ul>\n<li>Funci\u00f3n del marcapasos<\/li>\n<li>Funci\u00f3n ATP (normalmente, un m\u00e9todo indoloro para frenar las arritmias ventriculares)<\/li>\n<li>Descargas del DAI<\/li>\n<li>Terapia de resincronizaci\u00f3n card\u00edaca<\/li>\n<\/ul>\n<h3>\u00bfQu\u00e9 deber\u00eda hablar con mis familiares y con mi m\u00e9dico?<\/h3>\n<p><img loading=\"lazy\" decoding=\"async\" class=\"aligncenter wp-image-220\" src=\"https:\/\/cdn-endpoint-mrd.azureedge.net\/myrhythmdevice\/2022\/02\/shutterstock_775058404-1-min.jpg\" alt=\"\" width=\"500\" height=\"334\" srcset=\"https:\/\/cdn-endpoint-mrd.azureedge.net\/myrhythmdevice\/2022\/02\/shutterstock_775058404-1-min.jpg 900w, https:\/\/www.myrhythmdevice.org\/wp-content\/uploads\/2022\/02\/shutterstock_775058404-1-min-300x200.jpg 300w, https:\/\/www.myrhythmdevice.org\/wp-content\/uploads\/2022\/02\/shutterstock_775058404-1-min-768x513.jpg 768w, https:\/\/www.myrhythmdevice.org\/wp-content\/uploads\/2022\/02\/shutterstock_775058404-1-min-600x400.jpg 600w\" sizes=\"auto, (max-width: 500px) 100vw, 500px\" \/><br \/>\nHable con su m\u00e9dico sobre las funciones del dispositivo y sus preferencias personales. Informe a su m\u00e9dico y a su familia sobre c\u00f3mo le gustar\u00eda actuar en caso de fallecimiento. Escr\u00edbalo y d\u00edgale a su familia d\u00f3nde podr\u00e1 encontrar esta informaci\u00f3n.<\/p>\n<h3>Voluntad del paciente (testamento vital): \u00bfC\u00f3mo debo decir si quiero que mi dispositivo se desactive o no?<\/h3>\n<p>Para redactar su escrito, sea lo m\u00e1s preciso que pueda en una situaci\u00f3n espec\u00edfica. Si necesita m\u00e1s informaci\u00f3n, vuelva a comentarlo con su m\u00e9dico.<br \/>\nAlgunos de los puntos que debe incluir su escrito podr\u00edan ser:<\/p>\n<ul>\n<li>Tengo un marcapasos\/DAI.<\/li>\n<li>Si ya no puedo dar mi consentimiento y estoy muriendo\/en la etapa terminal de una enfermedad incurable y mortal\/incluso si a\u00fan no se puede prever la hora de la muerte\u2026 Me gustar\u00eda proceder con la desactivaci\u00f3n de todas las funciones del DAI que ya no se usan para aliviar el posible sufrimiento y que alargar\u00edan mi muerte.<\/li>\n<li>Para m\u00ed, es muy importante: &#8230;&#8230;&#8230;&#8230;&#8230;&#8230;&#8230;&#8230;&#8230;&#8230;<\/li>\n<\/ul>\n<h3>Incineraci\u00f3n\/entierro<\/h3>\n<p>Normalmente, los implantes (como dientes, pr\u00f3tesis, etc.) permanecen en el cuerpo de la persona fallecida. Los marcapasos y los DAI, tambi\u00e9n. Sin embargo, algunos crematorios solicitan informaci\u00f3n sobre los dispositivos antes de la incineraci\u00f3n debido a la bater\u00eda que estos incluyen. Si esto le preocupa, hable con su funeraria local y con sus familiares para comunicarles sus deseos personales.<\/p>\n","protected":false},"excerpt":{"rendered":"<p>\u00bfMi dispositivo har\u00e1 que el coraz\u00f3n siga latiendo para siempre? Los marcapasos no evitan la muerte. Por lo general, no es necesario tomar medidas adicionales con un marcapasos, incluso en caso de fallecimiento. En casos de DAI, es necesario tener en cuenta ciertas consideraciones. En la fase de fallecimiento, muchos pacientes experimentan arritmias ventriculares que [&hellip;]<\/p>\n","protected":false},"author":1,"featured_media":581,"parent":642,"menu_order":11,"comment_status":"closed","ping_status":"closed","template":"","meta":{"_acf_changed":false,"footnotes":""},"categories":[],"tags":[],"class_list":["post-652","page","type-page","status-publish","has-post-thumbnail","hentry"],"acf":[],"yoast_head":"<!-- This site is optimized with the Yoast SEO plugin v25.3.1 - https:\/\/yoast.com\/wordpress\/plugins\/seo\/ -->\n<title>Fallecimiento | My Rhythm Device<\/title>\n<meta name=\"description\" content=\"Hable con su m\u00e9dico sobre sus preferencias personales. Informe a su m\u00e9dico y a su familia sobre c\u00f3mo le gustar\u00eda actuar en caso de fallecimiento.\" \/>\n<meta name=\"robots\" content=\"index, follow, max-snippet:-1, max-image-preview:large, max-video-preview:-1\" \/>\n<link rel=\"canonical\" href=\"https:\/\/www.myrhythmdevice.org\/es\/vivir-con-un-dispositivo-cardiaco\/fallecimiento\/\" \/>\n<meta property=\"og:locale\" content=\"es_ES\" \/>\n<meta property=\"og:type\" content=\"article\" \/>\n<meta property=\"og:title\" content=\"Fallecimiento | My Rhythm Device\" \/>\n<meta property=\"og:description\" content=\"Hable con su m\u00e9dico sobre sus preferencias personales. Informe a su m\u00e9dico y a su familia sobre c\u00f3mo le gustar\u00eda actuar en caso de fallecimiento.\" \/>\n<meta property=\"og:url\" content=\"https:\/\/www.myrhythmdevice.org\/es\/vivir-con-un-dispositivo-cardiaco\/fallecimiento\/\" \/>\n<meta property=\"og:site_name\" content=\"myrhythmdevice.org\" \/>\n<meta property=\"article:modified_time\" content=\"2025-06-26T13:24:44+00:00\" \/>\n<meta property=\"og:image\" content=\"https:\/\/www.myrhythmdevice.org\/wp-content\/uploads\/2022\/02\/shutterstock_1408652666-1-min.jpg\" \/>\n\t<meta property=\"og:image:width\" content=\"900\" \/>\n\t<meta property=\"og:image:height\" content=\"675\" \/>\n\t<meta property=\"og:image:type\" content=\"image\/jpeg\" \/>\n<meta name=\"twitter:card\" content=\"summary_large_image\" \/>\n<meta name=\"twitter:label1\" content=\"Tiempo de lectura\" \/>\n\t<meta name=\"twitter:data1\" content=\"2 minutos\" \/>\n<script type=\"application\/ld+json\" class=\"yoast-schema-graph\">{\"@context\":\"https:\/\/schema.org\",\"@graph\":[{\"@type\":\"WebPage\",\"@id\":\"https:\/\/www.myrhythmdevice.org\/es\/vivir-con-un-dispositivo-cardiaco\/fallecimiento\/\",\"url\":\"https:\/\/www.myrhythmdevice.org\/es\/vivir-con-un-dispositivo-cardiaco\/fallecimiento\/\",\"name\":\"Fallecimiento | My Rhythm Device\",\"isPartOf\":{\"@id\":\"https:\/\/www.myrhythmdevice.org\/#website\"},\"primaryImageOfPage\":{\"@id\":\"https:\/\/www.myrhythmdevice.org\/es\/vivir-con-un-dispositivo-cardiaco\/fallecimiento\/#primaryimage\"},\"image\":{\"@id\":\"https:\/\/www.myrhythmdevice.org\/es\/vivir-con-un-dispositivo-cardiaco\/fallecimiento\/#primaryimage\"},\"thumbnailUrl\":\"https:\/\/www.myrhythmdevice.org\/wp-content\/uploads\/2022\/02\/shutterstock_1408652666-1-min.jpg\",\"datePublished\":\"2022-11-30T11:02:39+00:00\",\"dateModified\":\"2025-06-26T13:24:44+00:00\",\"description\":\"Hable con su m\u00e9dico sobre sus preferencias personales. Informe a su m\u00e9dico y a su familia sobre c\u00f3mo le gustar\u00eda actuar en caso de fallecimiento.\",\"breadcrumb\":{\"@id\":\"https:\/\/www.myrhythmdevice.org\/es\/vivir-con-un-dispositivo-cardiaco\/fallecimiento\/#breadcrumb\"},\"inLanguage\":\"es\",\"potentialAction\":[{\"@type\":\"ReadAction\",\"target\":[\"https:\/\/www.myrhythmdevice.org\/es\/vivir-con-un-dispositivo-cardiaco\/fallecimiento\/\"]}]},{\"@type\":\"ImageObject\",\"inLanguage\":\"es\",\"@id\":\"https:\/\/www.myrhythmdevice.org\/es\/vivir-con-un-dispositivo-cardiaco\/fallecimiento\/#primaryimage\",\"url\":\"https:\/\/www.myrhythmdevice.org\/wp-content\/uploads\/2022\/02\/shutterstock_1408652666-1-min.jpg\",\"contentUrl\":\"https:\/\/www.myrhythmdevice.org\/wp-content\/uploads\/2022\/02\/shutterstock_1408652666-1-min.jpg\",\"width\":900,\"height\":675},{\"@type\":\"BreadcrumbList\",\"@id\":\"https:\/\/www.myrhythmdevice.org\/es\/vivir-con-un-dispositivo-cardiaco\/fallecimiento\/#breadcrumb\",\"itemListElement\":[{\"@type\":\"ListItem\",\"position\":1,\"name\":\"Home\",\"item\":\"https:\/\/www.myrhythmdevice.org\/es\/\"},{\"@type\":\"ListItem\",\"position\":2,\"name\":\"Vivir con un dispositivo card\u00edaco\",\"item\":\"https:\/\/www.myrhythmdevice.org\/es\/vivir-con-un-dispositivo-cardiaco\/\"},{\"@type\":\"ListItem\",\"position\":3,\"name\":\"Fallecimiento\"}]},{\"@type\":\"WebSite\",\"@id\":\"https:\/\/www.myrhythmdevice.org\/#website\",\"url\":\"https:\/\/www.myrhythmdevice.org\/\",\"name\":\"myrhythmdevice.org\",\"description\":\"The website for patients with implanted cardiac devices, their caregivers and families.\",\"publisher\":{\"@id\":\"https:\/\/www.myrhythmdevice.org\/#organization\"},\"potentialAction\":[{\"@type\":\"SearchAction\",\"target\":{\"@type\":\"EntryPoint\",\"urlTemplate\":\"https:\/\/www.myrhythmdevice.org\/?s={search_term_string}\"},\"query-input\":{\"@type\":\"PropertyValueSpecification\",\"valueRequired\":true,\"valueName\":\"search_term_string\"}}],\"inLanguage\":\"es\"},{\"@type\":\"Organization\",\"@id\":\"https:\/\/www.myrhythmdevice.org\/#organization\",\"name\":\"myrhythmdevice.org\",\"url\":\"https:\/\/www.myrhythmdevice.org\/\",\"logo\":{\"@type\":\"ImageObject\",\"inLanguage\":\"es\",\"@id\":\"https:\/\/www.myrhythmdevice.org\/#\/schema\/logo\/image\/\",\"url\":\"https:\/\/cdn-endpoint-mrd.azureedge.net\/myrhythmdevice\/2022\/02\/LOGO-MRD.jpg\",\"contentUrl\":\"https:\/\/cdn-endpoint-mrd.azureedge.net\/myrhythmdevice\/2022\/02\/LOGO-MRD.jpg\",\"width\":1478,\"height\":326,\"caption\":\"myrhythmdevice.org\"},\"image\":{\"@id\":\"https:\/\/www.myrhythmdevice.org\/#\/schema\/logo\/image\/\"}}]}<\/script>\n<!-- \/ Yoast SEO plugin. -->","yoast_head_json":{"title":"Fallecimiento | My Rhythm Device","description":"Hable con su m\u00e9dico sobre sus preferencias personales. Informe a su m\u00e9dico y a su familia sobre c\u00f3mo le gustar\u00eda actuar en caso de fallecimiento.","robots":{"index":"index","follow":"follow","max-snippet":"max-snippet:-1","max-image-preview":"max-image-preview:large","max-video-preview":"max-video-preview:-1"},"canonical":"https:\/\/www.myrhythmdevice.org\/es\/vivir-con-un-dispositivo-cardiaco\/fallecimiento\/","og_locale":"es_ES","og_type":"article","og_title":"Fallecimiento | My Rhythm Device","og_description":"Hable con su m\u00e9dico sobre sus preferencias personales. Informe a su m\u00e9dico y a su familia sobre c\u00f3mo le gustar\u00eda actuar en caso de fallecimiento.","og_url":"https:\/\/www.myrhythmdevice.org\/es\/vivir-con-un-dispositivo-cardiaco\/fallecimiento\/","og_site_name":"myrhythmdevice.org","article_modified_time":"2025-06-26T13:24:44+00:00","og_image":[{"width":900,"height":675,"url":"https:\/\/www.myrhythmdevice.org\/wp-content\/uploads\/2022\/02\/shutterstock_1408652666-1-min.jpg","type":"image\/jpeg"}],"twitter_card":"summary_large_image","twitter_misc":{"Tiempo de lectura":"2 minutos"},"schema":{"@context":"https:\/\/schema.org","@graph":[{"@type":"WebPage","@id":"https:\/\/www.myrhythmdevice.org\/es\/vivir-con-un-dispositivo-cardiaco\/fallecimiento\/","url":"https:\/\/www.myrhythmdevice.org\/es\/vivir-con-un-dispositivo-cardiaco\/fallecimiento\/","name":"Fallecimiento | My Rhythm Device","isPartOf":{"@id":"https:\/\/www.myrhythmdevice.org\/#website"},"primaryImageOfPage":{"@id":"https:\/\/www.myrhythmdevice.org\/es\/vivir-con-un-dispositivo-cardiaco\/fallecimiento\/#primaryimage"},"image":{"@id":"https:\/\/www.myrhythmdevice.org\/es\/vivir-con-un-dispositivo-cardiaco\/fallecimiento\/#primaryimage"},"thumbnailUrl":"https:\/\/www.myrhythmdevice.org\/wp-content\/uploads\/2022\/02\/shutterstock_1408652666-1-min.jpg","datePublished":"2022-11-30T11:02:39+00:00","dateModified":"2025-06-26T13:24:44+00:00","description":"Hable con su m\u00e9dico sobre sus preferencias personales. Informe a su m\u00e9dico y a su familia sobre c\u00f3mo le gustar\u00eda actuar en caso de fallecimiento.","breadcrumb":{"@id":"https:\/\/www.myrhythmdevice.org\/es\/vivir-con-un-dispositivo-cardiaco\/fallecimiento\/#breadcrumb"},"inLanguage":"es","potentialAction":[{"@type":"ReadAction","target":["https:\/\/www.myrhythmdevice.org\/es\/vivir-con-un-dispositivo-cardiaco\/fallecimiento\/"]}]},{"@type":"ImageObject","inLanguage":"es","@id":"https:\/\/www.myrhythmdevice.org\/es\/vivir-con-un-dispositivo-cardiaco\/fallecimiento\/#primaryimage","url":"https:\/\/www.myrhythmdevice.org\/wp-content\/uploads\/2022\/02\/shutterstock_1408652666-1-min.jpg","contentUrl":"https:\/\/www.myrhythmdevice.org\/wp-content\/uploads\/2022\/02\/shutterstock_1408652666-1-min.jpg","width":900,"height":675},{"@type":"BreadcrumbList","@id":"https:\/\/www.myrhythmdevice.org\/es\/vivir-con-un-dispositivo-cardiaco\/fallecimiento\/#breadcrumb","itemListElement":[{"@type":"ListItem","position":1,"name":"Home","item":"https:\/\/www.myrhythmdevice.org\/es\/"},{"@type":"ListItem","position":2,"name":"Vivir con un dispositivo card\u00edaco","item":"https:\/\/www.myrhythmdevice.org\/es\/vivir-con-un-dispositivo-cardiaco\/"},{"@type":"ListItem","position":3,"name":"Fallecimiento"}]},{"@type":"WebSite","@id":"https:\/\/www.myrhythmdevice.org\/#website","url":"https:\/\/www.myrhythmdevice.org\/","name":"myrhythmdevice.org","description":"The website for patients with implanted cardiac devices, their caregivers and families.","publisher":{"@id":"https:\/\/www.myrhythmdevice.org\/#organization"},"potentialAction":[{"@type":"SearchAction","target":{"@type":"EntryPoint","urlTemplate":"https:\/\/www.myrhythmdevice.org\/?s={search_term_string}"},"query-input":{"@type":"PropertyValueSpecification","valueRequired":true,"valueName":"search_term_string"}}],"inLanguage":"es"},{"@type":"Organization","@id":"https:\/\/www.myrhythmdevice.org\/#organization","name":"myrhythmdevice.org","url":"https:\/\/www.myrhythmdevice.org\/","logo":{"@type":"ImageObject","inLanguage":"es","@id":"https:\/\/www.myrhythmdevice.org\/#\/schema\/logo\/image\/","url":"https:\/\/cdn-endpoint-mrd.azureedge.net\/myrhythmdevice\/2022\/02\/LOGO-MRD.jpg","contentUrl":"https:\/\/cdn-endpoint-mrd.azureedge.net\/myrhythmdevice\/2022\/02\/LOGO-MRD.jpg","width":1478,"height":326,"caption":"myrhythmdevice.org"},"image":{"@id":"https:\/\/www.myrhythmdevice.org\/#\/schema\/logo\/image\/"}}]}},"_links":{"self":[{"href":"https:\/\/www.myrhythmdevice.org\/es\/wp-json\/wp\/v2\/pages\/652","targetHints":{"allow":["GET"]}}],"collection":[{"href":"https:\/\/www.myrhythmdevice.org\/es\/wp-json\/wp\/v2\/pages"}],"about":[{"href":"https:\/\/www.myrhythmdevice.org\/es\/wp-json\/wp\/v2\/types\/page"}],"author":[{"embeddable":true,"href":"https:\/\/www.myrhythmdevice.org\/es\/wp-json\/wp\/v2\/users\/1"}],"replies":[{"embeddable":true,"href":"https:\/\/www.myrhythmdevice.org\/es\/wp-json\/wp\/v2\/comments?post=652"}],"version-history":[{"count":1,"href":"https:\/\/www.myrhythmdevice.org\/es\/wp-json\/wp\/v2\/pages\/652\/revisions"}],"predecessor-version":[{"id":772,"href":"https:\/\/www.myrhythmdevice.org\/es\/wp-json\/wp\/v2\/pages\/652\/revisions\/772"}],"up":[{"embeddable":true,"href":"https:\/\/www.myrhythmdevice.org\/es\/wp-json\/wp\/v2\/pages\/642"}],"wp:featuredmedia":[{"embeddable":true,"href":"https:\/\/www.myrhythmdevice.org\/es\/wp-json\/wp\/v2\/media\/581"}],"wp:attachment":[{"href":"https:\/\/www.myrhythmdevice.org\/es\/wp-json\/wp\/v2\/media?parent=652"}],"wp:term":[{"taxonomy":"category","embeddable":true,"href":"https:\/\/www.myrhythmdevice.org\/es\/wp-json\/wp\/v2\/categories?post=652"},{"taxonomy":"post_tag","embeddable":true,"href":"https:\/\/www.myrhythmdevice.org\/es\/wp-json\/wp\/v2\/tags?post=652"}],"curies":[{"name":"wp","href":"https:\/\/api.w.org\/{rel}","templated":true}]}}