{"id":650,"date":"2022-11-30T11:02:38","date_gmt":"2022-11-30T11:02:38","guid":{"rendered":"https:\/\/www.myrhythmdevice.org\/vivir-con-un-dispositivo-cardiaco\/posibles-interferencias-en-la-vida-diaria-y-en-el-entorno-medico\/"},"modified":"2023-01-05T09:59:28","modified_gmt":"2023-01-05T09:59:28","slug":"posibles-interferencias-en-la-vida-diaria-y-en-el-entorno-medico","status":"publish","type":"page","link":"https:\/\/www.myrhythmdevice.org\/es\/vivir-con-un-dispositivo-cardiaco\/posibles-interferencias-en-la-vida-diaria-y-en-el-entorno-medico\/","title":{"rendered":"Posibles interferencias en la vida diaria y en el entorno m\u00e9dico"},"content":{"rendered":"<p><img loading=\"lazy\" decoding=\"async\" class=\"aligncenter wp-image-361 size-medium\" src=\"https:\/\/cdn-endpoint-mrd.azureedge.net\/myrhythmdevice\/2022\/02\/shutterstock_1087151576-1-min-300x300.jpg\" alt=\"\" width=\"300\" height=\"300\" srcset=\"https:\/\/www.myrhythmdevice.org\/wp-content\/uploads\/2022\/02\/shutterstock_1087151576-1-min-300x300.jpg 300w, https:\/\/www.myrhythmdevice.org\/wp-content\/uploads\/2022\/02\/shutterstock_1087151576-1-min-150x150.jpg 150w, https:\/\/www.myrhythmdevice.org\/wp-content\/uploads\/2022\/02\/shutterstock_1087151576-1-min-768x768.jpg 768w, https:\/\/www.myrhythmdevice.org\/wp-content\/uploads\/2022\/02\/shutterstock_1087151576-1-min-400x400.jpg 400w, https:\/\/www.myrhythmdevice.org\/wp-content\/uploads\/2022\/02\/shutterstock_1087151576-1-min-600x600.jpg 600w, https:\/\/cdn-endpoint-mrd.azureedge.net\/myrhythmdevice\/2022\/02\/shutterstock_1087151576-1-min.jpg 900w\" sizes=\"auto, (max-width: 300px) 100vw, 300px\" \/><\/p>\n<p>Algunos dispositivos tecnol\u00f3gicos que generan o utilizan electricidad, o transmiten se\u00f1ales inal\u00e1mbricas est\u00e1n rodeados por campos electromagn\u00e9ticos. Estos campos pueden afectar a la funcionalidad de su dispositivo card\u00edaco. Por ello, se deben evitar los campos electromagn\u00e9ticos fuertes. A continuaci\u00f3n encontrar\u00e1 informaci\u00f3n sobre el uso de dispositivos electr\u00f3nicos y los procedimientos m\u00e9dicos a los que se someter\u00e1 para la implantaci\u00f3n de un dispositivo card\u00edaco.<\/p>\n<ul>\n<li><a href=\"\/?page_id=654\">Procedimientos m\u00e9dicos<\/a><\/li>\n<li><a href=\"\/?page_id=644\">Interferencias electromagn\u00e9ticas en la tecnolog\u00eda de la vida diaria<\/a><\/li>\n<\/ul>\n","protected":false},"excerpt":{"rendered":"<p>Algunos dispositivos tecnol\u00f3gicos que generan o utilizan electricidad, o transmiten se\u00f1ales inal\u00e1mbricas est\u00e1n rodeados por campos electromagn\u00e9ticos. Estos campos pueden afectar a la funcionalidad de su dispositivo card\u00edaco. Por ello, se deben evitar los campos electromagn\u00e9ticos fuertes. A continuaci\u00f3n encontrar\u00e1 informaci\u00f3n sobre el uso de dispositivos electr\u00f3nicos y los procedimientos m\u00e9dicos a los que se [&hellip;]<\/p>\n","protected":false},"author":1,"featured_media":580,"parent":642,"menu_order":7,"comment_status":"closed","ping_status":"closed","template":"","meta":{"_acf_changed":false,"footnotes":""},"categories":[],"tags":[],"class_list":["post-650","page","type-page","status-publish","has-post-thumbnail","hentry"],"acf":[],"yoast_head":"<!-- This site is optimized with the Yoast SEO plugin v26.0 - https:\/\/yoast.com\/wordpress\/plugins\/seo\/ -->\n<title>Posibles interferencias en la vida diaria | My Rhythm Device<\/title>\n<meta name=\"description\" content=\"Algunos dispositivos tecnol\u00f3gicos que generan o utilizan electricidad, o transmiten se\u00f1ales inal\u00e1mbricas pueden afectar al funcionamiento de su dispositivo electr\u00f3nico.\" \/>\n<meta name=\"robots\" content=\"index, follow, max-snippet:-1, max-image-preview:large, max-video-preview:-1\" \/>\n<link rel=\"canonical\" href=\"https:\/\/www.myrhythmdevice.org\/living-with-a-cardiac-device\/potential-interferences-in-daily-life-and-medical-environment\/\" \/>\n<meta property=\"og:locale\" content=\"es_ES\" \/>\n<meta property=\"og:type\" content=\"article\" \/>\n<meta property=\"og:title\" content=\"Posibles interferencias en la vida diaria | My Rhythm Device\" \/>\n<meta property=\"og:description\" content=\"Algunos dispositivos tecnol\u00f3gicos que generan o utilizan electricidad, o transmiten se\u00f1ales inal\u00e1mbricas pueden afectar al funcionamiento de su dispositivo electr\u00f3nico.\" \/>\n<meta property=\"og:url\" content=\"https:\/\/www.myrhythmdevice.org\/living-with-a-cardiac-device\/potential-interferences-in-daily-life-and-medical-environment\/\" \/>\n<meta property=\"og:site_name\" content=\"myrhythmdevice.org\" \/>\n<meta property=\"article:modified_time\" content=\"2023-01-05T09:59:28+00:00\" \/>\n<meta property=\"og:image\" content=\"https:\/\/www.myrhythmdevice.org\/wp-content\/uploads\/2022\/02\/shutterstock_1198030981-1-min.jpg\" \/>\n\t<meta property=\"og:image:width\" content=\"900\" \/>\n\t<meta property=\"og:image:height\" content=\"393\" \/>\n\t<meta property=\"og:image:type\" content=\"image\/jpeg\" \/>\n<meta name=\"twitter:card\" content=\"summary_large_image\" \/>\n<script type=\"application\/ld+json\" class=\"yoast-schema-graph\">{\"@context\":\"https:\/\/schema.org\",\"@graph\":[{\"@type\":\"WebPage\",\"@id\":\"https:\/\/www.myrhythmdevice.org\/living-with-a-cardiac-device\/potential-interferences-in-daily-life-and-medical-environment\/\",\"url\":\"https:\/\/www.myrhythmdevice.org\/living-with-a-cardiac-device\/potential-interferences-in-daily-life-and-medical-environment\/\",\"name\":\"Posibles interferencias en la vida diaria | My Rhythm Device\",\"isPartOf\":{\"@id\":\"https:\/\/www.myrhythmdevice.org\/#website\"},\"primaryImageOfPage\":{\"@id\":\"https:\/\/www.myrhythmdevice.org\/living-with-a-cardiac-device\/potential-interferences-in-daily-life-and-medical-environment\/#primaryimage\"},\"image\":{\"@id\":\"https:\/\/www.myrhythmdevice.org\/living-with-a-cardiac-device\/potential-interferences-in-daily-life-and-medical-environment\/#primaryimage\"},\"thumbnailUrl\":\"https:\/\/www.myrhythmdevice.org\/wp-content\/uploads\/2022\/02\/shutterstock_1198030981-1-min.jpg\",\"datePublished\":\"2022-11-30T11:02:38+00:00\",\"dateModified\":\"2023-01-05T09:59:28+00:00\",\"description\":\"Algunos dispositivos tecnol\u00f3gicos que generan o utilizan electricidad, o transmiten se\u00f1ales inal\u00e1mbricas pueden afectar al funcionamiento de su dispositivo electr\u00f3nico.\",\"breadcrumb\":{\"@id\":\"https:\/\/www.myrhythmdevice.org\/living-with-a-cardiac-device\/potential-interferences-in-daily-life-and-medical-environment\/#breadcrumb\"},\"inLanguage\":\"es\",\"potentialAction\":[{\"@type\":\"ReadAction\",\"target\":[\"https:\/\/www.myrhythmdevice.org\/living-with-a-cardiac-device\/potential-interferences-in-daily-life-and-medical-environment\/\"]}]},{\"@type\":\"ImageObject\",\"inLanguage\":\"es\",\"@id\":\"https:\/\/www.myrhythmdevice.org\/living-with-a-cardiac-device\/potential-interferences-in-daily-life-and-medical-environment\/#primaryimage\",\"url\":\"https:\/\/www.myrhythmdevice.org\/wp-content\/uploads\/2022\/02\/shutterstock_1198030981-1-min.jpg\",\"contentUrl\":\"https:\/\/www.myrhythmdevice.org\/wp-content\/uploads\/2022\/02\/shutterstock_1198030981-1-min.jpg\",\"width\":900,\"height\":393},{\"@type\":\"BreadcrumbList\",\"@id\":\"https:\/\/www.myrhythmdevice.org\/living-with-a-cardiac-device\/potential-interferences-in-daily-life-and-medical-environment\/#breadcrumb\",\"itemListElement\":[{\"@type\":\"ListItem\",\"position\":1,\"name\":\"Home\",\"item\":\"https:\/\/www.myrhythmdevice.org\/es\/\"},{\"@type\":\"ListItem\",\"position\":2,\"name\":\"Vivir con un dispositivo card\u00edaco\",\"item\":\"https:\/\/www.myrhythmdevice.org\/es\/vivir-con-un-dispositivo-cardiaco\/\"},{\"@type\":\"ListItem\",\"position\":3,\"name\":\"Posibles interferencias en la vida diaria y en el entorno m\u00e9dico\"}]},{\"@type\":\"WebSite\",\"@id\":\"https:\/\/www.myrhythmdevice.org\/#website\",\"url\":\"https:\/\/www.myrhythmdevice.org\/\",\"name\":\"myrhythmdevice.org\",\"description\":\"The website for patients with implanted cardiac devices, their caregivers and families.\",\"publisher\":{\"@id\":\"https:\/\/www.myrhythmdevice.org\/#organization\"},\"potentialAction\":[{\"@type\":\"SearchAction\",\"target\":{\"@type\":\"EntryPoint\",\"urlTemplate\":\"https:\/\/www.myrhythmdevice.org\/?s={search_term_string}\"},\"query-input\":{\"@type\":\"PropertyValueSpecification\",\"valueRequired\":true,\"valueName\":\"search_term_string\"}}],\"inLanguage\":\"es\"},{\"@type\":\"Organization\",\"@id\":\"https:\/\/www.myrhythmdevice.org\/#organization\",\"name\":\"myrhythmdevice.org\",\"url\":\"https:\/\/www.myrhythmdevice.org\/\",\"logo\":{\"@type\":\"ImageObject\",\"inLanguage\":\"es\",\"@id\":\"https:\/\/www.myrhythmdevice.org\/#\/schema\/logo\/image\/\",\"url\":\"https:\/\/cdn-endpoint-mrd.azureedge.net\/myrhythmdevice\/2022\/02\/LOGO-MRD.jpg\",\"contentUrl\":\"https:\/\/cdn-endpoint-mrd.azureedge.net\/myrhythmdevice\/2022\/02\/LOGO-MRD.jpg\",\"width\":1478,\"height\":326,\"caption\":\"myrhythmdevice.org\"},\"image\":{\"@id\":\"https:\/\/www.myrhythmdevice.org\/#\/schema\/logo\/image\/\"}}]}<\/script>\n<!-- \/ Yoast SEO plugin. -->","yoast_head_json":{"title":"Posibles interferencias en la vida diaria | My Rhythm Device","description":"Algunos dispositivos tecnol\u00f3gicos que generan o utilizan electricidad, o transmiten se\u00f1ales inal\u00e1mbricas pueden afectar al funcionamiento de su dispositivo electr\u00f3nico.","robots":{"index":"index","follow":"follow","max-snippet":"max-snippet:-1","max-image-preview":"max-image-preview:large","max-video-preview":"max-video-preview:-1"},"canonical":"https:\/\/www.myrhythmdevice.org\/living-with-a-cardiac-device\/potential-interferences-in-daily-life-and-medical-environment\/","og_locale":"es_ES","og_type":"article","og_title":"Posibles interferencias en la vida diaria | My Rhythm Device","og_description":"Algunos dispositivos tecnol\u00f3gicos que generan o utilizan electricidad, o transmiten se\u00f1ales inal\u00e1mbricas pueden afectar al funcionamiento de su dispositivo electr\u00f3nico.","og_url":"https:\/\/www.myrhythmdevice.org\/living-with-a-cardiac-device\/potential-interferences-in-daily-life-and-medical-environment\/","og_site_name":"myrhythmdevice.org","article_modified_time":"2023-01-05T09:59:28+00:00","og_image":[{"width":900,"height":393,"url":"https:\/\/www.myrhythmdevice.org\/wp-content\/uploads\/2022\/02\/shutterstock_1198030981-1-min.jpg","type":"image\/jpeg"}],"twitter_card":"summary_large_image","schema":{"@context":"https:\/\/schema.org","@graph":[{"@type":"WebPage","@id":"https:\/\/www.myrhythmdevice.org\/living-with-a-cardiac-device\/potential-interferences-in-daily-life-and-medical-environment\/","url":"https:\/\/www.myrhythmdevice.org\/living-with-a-cardiac-device\/potential-interferences-in-daily-life-and-medical-environment\/","name":"Posibles interferencias en la vida diaria | My Rhythm Device","isPartOf":{"@id":"https:\/\/www.myrhythmdevice.org\/#website"},"primaryImageOfPage":{"@id":"https:\/\/www.myrhythmdevice.org\/living-with-a-cardiac-device\/potential-interferences-in-daily-life-and-medical-environment\/#primaryimage"},"image":{"@id":"https:\/\/www.myrhythmdevice.org\/living-with-a-cardiac-device\/potential-interferences-in-daily-life-and-medical-environment\/#primaryimage"},"thumbnailUrl":"https:\/\/www.myrhythmdevice.org\/wp-content\/uploads\/2022\/02\/shutterstock_1198030981-1-min.jpg","datePublished":"2022-11-30T11:02:38+00:00","dateModified":"2023-01-05T09:59:28+00:00","description":"Algunos dispositivos tecnol\u00f3gicos que generan o utilizan electricidad, o transmiten se\u00f1ales inal\u00e1mbricas pueden afectar al funcionamiento de su dispositivo electr\u00f3nico.","breadcrumb":{"@id":"https:\/\/www.myrhythmdevice.org\/living-with-a-cardiac-device\/potential-interferences-in-daily-life-and-medical-environment\/#breadcrumb"},"inLanguage":"es","potentialAction":[{"@type":"ReadAction","target":["https:\/\/www.myrhythmdevice.org\/living-with-a-cardiac-device\/potential-interferences-in-daily-life-and-medical-environment\/"]}]},{"@type":"ImageObject","inLanguage":"es","@id":"https:\/\/www.myrhythmdevice.org\/living-with-a-cardiac-device\/potential-interferences-in-daily-life-and-medical-environment\/#primaryimage","url":"https:\/\/www.myrhythmdevice.org\/wp-content\/uploads\/2022\/02\/shutterstock_1198030981-1-min.jpg","contentUrl":"https:\/\/www.myrhythmdevice.org\/wp-content\/uploads\/2022\/02\/shutterstock_1198030981-1-min.jpg","width":900,"height":393},{"@type":"BreadcrumbList","@id":"https:\/\/www.myrhythmdevice.org\/living-with-a-cardiac-device\/potential-interferences-in-daily-life-and-medical-environment\/#breadcrumb","itemListElement":[{"@type":"ListItem","position":1,"name":"Home","item":"https:\/\/www.myrhythmdevice.org\/es\/"},{"@type":"ListItem","position":2,"name":"Vivir con un dispositivo card\u00edaco","item":"https:\/\/www.myrhythmdevice.org\/es\/vivir-con-un-dispositivo-cardiaco\/"},{"@type":"ListItem","position":3,"name":"Posibles interferencias en la vida diaria y en el entorno m\u00e9dico"}]},{"@type":"WebSite","@id":"https:\/\/www.myrhythmdevice.org\/#website","url":"https:\/\/www.myrhythmdevice.org\/","name":"myrhythmdevice.org","description":"The website for patients with implanted cardiac devices, their caregivers and families.","publisher":{"@id":"https:\/\/www.myrhythmdevice.org\/#organization"},"potentialAction":[{"@type":"SearchAction","target":{"@type":"EntryPoint","urlTemplate":"https:\/\/www.myrhythmdevice.org\/?s={search_term_string}"},"query-input":{"@type":"PropertyValueSpecification","valueRequired":true,"valueName":"search_term_string"}}],"inLanguage":"es"},{"@type":"Organization","@id":"https:\/\/www.myrhythmdevice.org\/#organization","name":"myrhythmdevice.org","url":"https:\/\/www.myrhythmdevice.org\/","logo":{"@type":"ImageObject","inLanguage":"es","@id":"https:\/\/www.myrhythmdevice.org\/#\/schema\/logo\/image\/","url":"https:\/\/cdn-endpoint-mrd.azureedge.net\/myrhythmdevice\/2022\/02\/LOGO-MRD.jpg","contentUrl":"https:\/\/cdn-endpoint-mrd.azureedge.net\/myrhythmdevice\/2022\/02\/LOGO-MRD.jpg","width":1478,"height":326,"caption":"myrhythmdevice.org"},"image":{"@id":"https:\/\/www.myrhythmdevice.org\/#\/schema\/logo\/image\/"}}]}},"_links":{"self":[{"href":"https:\/\/www.myrhythmdevice.org\/es\/wp-json\/wp\/v2\/pages\/650","targetHints":{"allow":["GET"]}}],"collection":[{"href":"https:\/\/www.myrhythmdevice.org\/es\/wp-json\/wp\/v2\/pages"}],"about":[{"href":"https:\/\/www.myrhythmdevice.org\/es\/wp-json\/wp\/v2\/types\/page"}],"author":[{"embeddable":true,"href":"https:\/\/www.myrhythmdevice.org\/es\/wp-json\/wp\/v2\/users\/1"}],"replies":[{"embeddable":true,"href":"https:\/\/www.myrhythmdevice.org\/es\/wp-json\/wp\/v2\/comments?post=650"}],"version-history":[{"count":1,"href":"https:\/\/www.myrhythmdevice.org\/es\/wp-json\/wp\/v2\/pages\/650\/revisions"}],"predecessor-version":[{"id":777,"href":"https:\/\/www.myrhythmdevice.org\/es\/wp-json\/wp\/v2\/pages\/650\/revisions\/777"}],"up":[{"embeddable":true,"href":"https:\/\/www.myrhythmdevice.org\/es\/wp-json\/wp\/v2\/pages\/642"}],"wp:featuredmedia":[{"embeddable":true,"href":"https:\/\/www.myrhythmdevice.org\/es\/wp-json\/wp\/v2\/media\/580"}],"wp:attachment":[{"href":"https:\/\/www.myrhythmdevice.org\/es\/wp-json\/wp\/v2\/media?parent=650"}],"wp:term":[{"taxonomy":"category","embeddable":true,"href":"https:\/\/www.myrhythmdevice.org\/es\/wp-json\/wp\/v2\/categories?post=650"},{"taxonomy":"post_tag","embeddable":true,"href":"https:\/\/www.myrhythmdevice.org\/es\/wp-json\/wp\/v2\/tags?post=650"}],"curies":[{"name":"wp","href":"https:\/\/api.w.org\/{rel}","templated":true}]}}