{"id":647,"date":"2022-11-30T11:02:36","date_gmt":"2022-11-30T11:02:36","guid":{"rendered":"https:\/\/www.myrhythmdevice.org\/vivir-con-un-dispositivo-cardiaco\/actividad-fisica-y-deporte\/"},"modified":"2023-01-05T09:59:25","modified_gmt":"2023-01-05T09:59:25","slug":"actividad-fisica-y-deporte","status":"publish","type":"page","link":"https:\/\/www.myrhythmdevice.org\/es\/vivir-con-un-dispositivo-cardiaco\/actividad-fisica-y-deporte\/","title":{"rendered":"Actividad f\u00edsica y deporte"},"content":{"rendered":"<p><img loading=\"lazy\" decoding=\"async\" class=\"aligncenter wp-image-183\" src=\"https:\/\/cdn-endpoint-mrd.azureedge.net\/myrhythmdevice\/2022\/02\/shutterstock_216783763-1-min.jpg\" alt=\"\" width=\"500\" height=\"333\" srcset=\"https:\/\/cdn-endpoint-mrd.azureedge.net\/myrhythmdevice\/2022\/02\/shutterstock_216783763-1-min.jpg 900w, https:\/\/www.myrhythmdevice.org\/wp-content\/uploads\/2022\/02\/shutterstock_216783763-1-min-300x200.jpg 300w, https:\/\/www.myrhythmdevice.org\/wp-content\/uploads\/2022\/02\/shutterstock_216783763-1-min-768x512.jpg 768w, https:\/\/www.myrhythmdevice.org\/wp-content\/uploads\/2022\/02\/shutterstock_216783763-1-min-600x400.jpg 600w\" sizes=\"auto, (max-width: 500px) 100vw, 500px\" \/><\/p>\n<p>Despu\u00e9s de un cambio de implante o de generador, por lo general, podr\u00e1 reanudar sus actividades f\u00edsicas y deportivas en un par de semanas. Se recomienda consultar con su m\u00e9dico o enfermero antes de incorporarse para garantizar que la herida se haya curado correctamente y para conocer las precauciones o limitaciones a tomar. Algunas recomendaciones generales son las siguientes:<\/p>\n<ul>\n<li>Todos los pacientes con dispositivos card\u00edacos deben evitar las actividades f\u00edsicas asociadas con un riesgo de traumatismo tor\u00e1cico (por ejemplo, rugby, boxeo o artes marciales).<\/li>\n<li>Se pueden practicar otros deportes (como f\u00fatbol, baloncesto o b\u00e9isbol) mientras se use la amortiguaci\u00f3n adecuada.<\/li>\n<li>Cabe destacar que los deportes con movimientos pronunciados de los brazos (como voleibol, baloncesto, tenis, golf o escalada) pueden aumentar el riesgo de da\u00f1os posteriores en los cables.<\/li>\n<li>La implantaci\u00f3n en el lado opuesto del brazo dominante (por ejemplo, en el lado izquierdo en un tenista diestro), la fijaci\u00f3n dentro del bolsillo o la colocaci\u00f3n submuscular pueden mejorar la durabilidad del sistema.<\/li>\n<\/ul>\n<p>&nbsp;<\/p>\n<p>En todos los dispositivos card\u00edacos es posible programar la estimulaci\u00f3n frecuencia-respuesta. La estimulaci\u00f3n que responde a la frecuencia adapta la frecuencia card\u00edaca estimulada a los cambios en la actividad f\u00edsica. El dispositivo utiliza un sensor de actividad para medir el movimiento y determinar una estimulaci\u00f3n adecuada de la frecuencia card\u00edaca. Esto es especialmente beneficioso en casos de frecuencia card\u00edaca lenta y de un aumento insuficiente de la frecuencia card\u00edaca durante el ejercicio, lo cual puede provocar dificultad para respirar, molestias en el pecho y otros s\u00edntomas. Como no todos los pacientes con un dispositivo card\u00edaco presentan s\u00edntomas de frecuencia card\u00edaca lenta, esto no es necesario para todos los pacientes. La programaci\u00f3n de la estimulaci\u00f3n que responde a la frecuencia queda a discreci\u00f3n del cardi\u00f3logo y del t\u00e9cnico, pero se puede programar f\u00e1cilmente durante la revisi\u00f3n del dispositivo.<\/p>\n","protected":false},"excerpt":{"rendered":"<p>Despu\u00e9s de un cambio de implante o de generador, por lo general, podr\u00e1 reanudar sus actividades f\u00edsicas y deportivas en un par de semanas. Se recomienda consultar con su m\u00e9dico o enfermero antes de incorporarse para garantizar que la herida se haya curado correctamente y para conocer las precauciones o limitaciones a tomar. Algunas recomendaciones [&hellip;]<\/p>\n","protected":false},"author":1,"featured_media":573,"parent":642,"menu_order":1,"comment_status":"closed","ping_status":"closed","template":"","meta":{"_acf_changed":false,"footnotes":""},"categories":[],"tags":[],"class_list":["post-647","page","type-page","status-publish","has-post-thumbnail","hentry"],"acf":[],"yoast_head":"<!-- This site is optimized with the Yoast SEO plugin v26.0 - https:\/\/yoast.com\/wordpress\/plugins\/seo\/ -->\n<title>Actividad f\u00edsica y deporte | My Rhythm Device<\/title>\n<meta name=\"description\" content=\"Despu\u00e9s de un cambio de implante o de generador, por lo general, podr\u00e1 reanudar sus actividades f\u00edsicas y deportivas en un par de semanas.\" \/>\n<meta name=\"robots\" content=\"index, follow, max-snippet:-1, max-image-preview:large, max-video-preview:-1\" \/>\n<link rel=\"canonical\" href=\"https:\/\/www.myrhythmdevice.org\/es\/vivir-con-un-dispositivo-cardiaco\/actividad-fisica-y-deporte\/\" \/>\n<meta property=\"og:locale\" content=\"es_ES\" \/>\n<meta property=\"og:type\" content=\"article\" \/>\n<meta property=\"og:title\" content=\"Actividad f\u00edsica y deporte | My Rhythm Device\" \/>\n<meta property=\"og:description\" content=\"Despu\u00e9s de un cambio de implante o de generador, por lo general, podr\u00e1 reanudar sus actividades f\u00edsicas y deportivas en un par de semanas.\" \/>\n<meta property=\"og:url\" content=\"https:\/\/www.myrhythmdevice.org\/es\/vivir-con-un-dispositivo-cardiaco\/actividad-fisica-y-deporte\/\" \/>\n<meta property=\"og:site_name\" content=\"myrhythmdevice.org\" \/>\n<meta property=\"article:modified_time\" content=\"2023-01-05T09:59:25+00:00\" \/>\n<meta property=\"og:image\" content=\"https:\/\/www.myrhythmdevice.org\/wp-content\/uploads\/2022\/02\/shutterstock_216783763-1-min.jpg\" \/>\n\t<meta property=\"og:image:width\" content=\"900\" \/>\n\t<meta property=\"og:image:height\" content=\"600\" \/>\n\t<meta property=\"og:image:type\" content=\"image\/jpeg\" \/>\n<meta name=\"twitter:card\" content=\"summary_large_image\" \/>\n<meta name=\"twitter:label1\" content=\"Tiempo de lectura\" \/>\n\t<meta name=\"twitter:data1\" content=\"2 minutos\" \/>\n<script type=\"application\/ld+json\" class=\"yoast-schema-graph\">{\"@context\":\"https:\/\/schema.org\",\"@graph\":[{\"@type\":\"WebPage\",\"@id\":\"https:\/\/www.myrhythmdevice.org\/es\/vivir-con-un-dispositivo-cardiaco\/actividad-fisica-y-deporte\/\",\"url\":\"https:\/\/www.myrhythmdevice.org\/es\/vivir-con-un-dispositivo-cardiaco\/actividad-fisica-y-deporte\/\",\"name\":\"Actividad f\u00edsica y deporte | My Rhythm Device\",\"isPartOf\":{\"@id\":\"https:\/\/www.myrhythmdevice.org\/#website\"},\"primaryImageOfPage\":{\"@id\":\"https:\/\/www.myrhythmdevice.org\/es\/vivir-con-un-dispositivo-cardiaco\/actividad-fisica-y-deporte\/#primaryimage\"},\"image\":{\"@id\":\"https:\/\/www.myrhythmdevice.org\/es\/vivir-con-un-dispositivo-cardiaco\/actividad-fisica-y-deporte\/#primaryimage\"},\"thumbnailUrl\":\"https:\/\/www.myrhythmdevice.org\/wp-content\/uploads\/2022\/02\/shutterstock_216783763-1-min.jpg\",\"datePublished\":\"2022-11-30T11:02:36+00:00\",\"dateModified\":\"2023-01-05T09:59:25+00:00\",\"description\":\"Despu\u00e9s de un cambio de implante o de generador, por lo general, podr\u00e1 reanudar sus actividades f\u00edsicas y deportivas en un par de semanas.\",\"breadcrumb\":{\"@id\":\"https:\/\/www.myrhythmdevice.org\/es\/vivir-con-un-dispositivo-cardiaco\/actividad-fisica-y-deporte\/#breadcrumb\"},\"inLanguage\":\"es\",\"potentialAction\":[{\"@type\":\"ReadAction\",\"target\":[\"https:\/\/www.myrhythmdevice.org\/es\/vivir-con-un-dispositivo-cardiaco\/actividad-fisica-y-deporte\/\"]}]},{\"@type\":\"ImageObject\",\"inLanguage\":\"es\",\"@id\":\"https:\/\/www.myrhythmdevice.org\/es\/vivir-con-un-dispositivo-cardiaco\/actividad-fisica-y-deporte\/#primaryimage\",\"url\":\"https:\/\/www.myrhythmdevice.org\/wp-content\/uploads\/2022\/02\/shutterstock_216783763-1-min.jpg\",\"contentUrl\":\"https:\/\/www.myrhythmdevice.org\/wp-content\/uploads\/2022\/02\/shutterstock_216783763-1-min.jpg\",\"width\":900,\"height\":600},{\"@type\":\"BreadcrumbList\",\"@id\":\"https:\/\/www.myrhythmdevice.org\/es\/vivir-con-un-dispositivo-cardiaco\/actividad-fisica-y-deporte\/#breadcrumb\",\"itemListElement\":[{\"@type\":\"ListItem\",\"position\":1,\"name\":\"Home\",\"item\":\"https:\/\/www.myrhythmdevice.org\/es\/\"},{\"@type\":\"ListItem\",\"position\":2,\"name\":\"Vivir con un dispositivo card\u00edaco\",\"item\":\"https:\/\/www.myrhythmdevice.org\/es\/vivir-con-un-dispositivo-cardiaco\/\"},{\"@type\":\"ListItem\",\"position\":3,\"name\":\"Actividad f\u00edsica y deporte\"}]},{\"@type\":\"WebSite\",\"@id\":\"https:\/\/www.myrhythmdevice.org\/#website\",\"url\":\"https:\/\/www.myrhythmdevice.org\/\",\"name\":\"myrhythmdevice.org\",\"description\":\"The website for patients with implanted cardiac devices, their caregivers and families.\",\"publisher\":{\"@id\":\"https:\/\/www.myrhythmdevice.org\/#organization\"},\"potentialAction\":[{\"@type\":\"SearchAction\",\"target\":{\"@type\":\"EntryPoint\",\"urlTemplate\":\"https:\/\/www.myrhythmdevice.org\/?s={search_term_string}\"},\"query-input\":{\"@type\":\"PropertyValueSpecification\",\"valueRequired\":true,\"valueName\":\"search_term_string\"}}],\"inLanguage\":\"es\"},{\"@type\":\"Organization\",\"@id\":\"https:\/\/www.myrhythmdevice.org\/#organization\",\"name\":\"myrhythmdevice.org\",\"url\":\"https:\/\/www.myrhythmdevice.org\/\",\"logo\":{\"@type\":\"ImageObject\",\"inLanguage\":\"es\",\"@id\":\"https:\/\/www.myrhythmdevice.org\/#\/schema\/logo\/image\/\",\"url\":\"https:\/\/cdn-endpoint-mrd.azureedge.net\/myrhythmdevice\/2022\/02\/LOGO-MRD.jpg\",\"contentUrl\":\"https:\/\/cdn-endpoint-mrd.azureedge.net\/myrhythmdevice\/2022\/02\/LOGO-MRD.jpg\",\"width\":1478,\"height\":326,\"caption\":\"myrhythmdevice.org\"},\"image\":{\"@id\":\"https:\/\/www.myrhythmdevice.org\/#\/schema\/logo\/image\/\"}}]}<\/script>\n<!-- \/ Yoast SEO plugin. -->","yoast_head_json":{"title":"Actividad f\u00edsica y deporte | My Rhythm Device","description":"Despu\u00e9s de un cambio de implante o de generador, por lo general, podr\u00e1 reanudar sus actividades f\u00edsicas y deportivas en un par de semanas.","robots":{"index":"index","follow":"follow","max-snippet":"max-snippet:-1","max-image-preview":"max-image-preview:large","max-video-preview":"max-video-preview:-1"},"canonical":"https:\/\/www.myrhythmdevice.org\/es\/vivir-con-un-dispositivo-cardiaco\/actividad-fisica-y-deporte\/","og_locale":"es_ES","og_type":"article","og_title":"Actividad f\u00edsica y deporte | My Rhythm Device","og_description":"Despu\u00e9s de un cambio de implante o de generador, por lo general, podr\u00e1 reanudar sus actividades f\u00edsicas y deportivas en un par de semanas.","og_url":"https:\/\/www.myrhythmdevice.org\/es\/vivir-con-un-dispositivo-cardiaco\/actividad-fisica-y-deporte\/","og_site_name":"myrhythmdevice.org","article_modified_time":"2023-01-05T09:59:25+00:00","og_image":[{"width":900,"height":600,"url":"https:\/\/www.myrhythmdevice.org\/wp-content\/uploads\/2022\/02\/shutterstock_216783763-1-min.jpg","type":"image\/jpeg"}],"twitter_card":"summary_large_image","twitter_misc":{"Tiempo de lectura":"2 minutos"},"schema":{"@context":"https:\/\/schema.org","@graph":[{"@type":"WebPage","@id":"https:\/\/www.myrhythmdevice.org\/es\/vivir-con-un-dispositivo-cardiaco\/actividad-fisica-y-deporte\/","url":"https:\/\/www.myrhythmdevice.org\/es\/vivir-con-un-dispositivo-cardiaco\/actividad-fisica-y-deporte\/","name":"Actividad f\u00edsica y deporte | My Rhythm Device","isPartOf":{"@id":"https:\/\/www.myrhythmdevice.org\/#website"},"primaryImageOfPage":{"@id":"https:\/\/www.myrhythmdevice.org\/es\/vivir-con-un-dispositivo-cardiaco\/actividad-fisica-y-deporte\/#primaryimage"},"image":{"@id":"https:\/\/www.myrhythmdevice.org\/es\/vivir-con-un-dispositivo-cardiaco\/actividad-fisica-y-deporte\/#primaryimage"},"thumbnailUrl":"https:\/\/www.myrhythmdevice.org\/wp-content\/uploads\/2022\/02\/shutterstock_216783763-1-min.jpg","datePublished":"2022-11-30T11:02:36+00:00","dateModified":"2023-01-05T09:59:25+00:00","description":"Despu\u00e9s de un cambio de implante o de generador, por lo general, podr\u00e1 reanudar sus actividades f\u00edsicas y deportivas en un par de semanas.","breadcrumb":{"@id":"https:\/\/www.myrhythmdevice.org\/es\/vivir-con-un-dispositivo-cardiaco\/actividad-fisica-y-deporte\/#breadcrumb"},"inLanguage":"es","potentialAction":[{"@type":"ReadAction","target":["https:\/\/www.myrhythmdevice.org\/es\/vivir-con-un-dispositivo-cardiaco\/actividad-fisica-y-deporte\/"]}]},{"@type":"ImageObject","inLanguage":"es","@id":"https:\/\/www.myrhythmdevice.org\/es\/vivir-con-un-dispositivo-cardiaco\/actividad-fisica-y-deporte\/#primaryimage","url":"https:\/\/www.myrhythmdevice.org\/wp-content\/uploads\/2022\/02\/shutterstock_216783763-1-min.jpg","contentUrl":"https:\/\/www.myrhythmdevice.org\/wp-content\/uploads\/2022\/02\/shutterstock_216783763-1-min.jpg","width":900,"height":600},{"@type":"BreadcrumbList","@id":"https:\/\/www.myrhythmdevice.org\/es\/vivir-con-un-dispositivo-cardiaco\/actividad-fisica-y-deporte\/#breadcrumb","itemListElement":[{"@type":"ListItem","position":1,"name":"Home","item":"https:\/\/www.myrhythmdevice.org\/es\/"},{"@type":"ListItem","position":2,"name":"Vivir con un dispositivo card\u00edaco","item":"https:\/\/www.myrhythmdevice.org\/es\/vivir-con-un-dispositivo-cardiaco\/"},{"@type":"ListItem","position":3,"name":"Actividad f\u00edsica y deporte"}]},{"@type":"WebSite","@id":"https:\/\/www.myrhythmdevice.org\/#website","url":"https:\/\/www.myrhythmdevice.org\/","name":"myrhythmdevice.org","description":"The website for patients with implanted cardiac devices, their caregivers and families.","publisher":{"@id":"https:\/\/www.myrhythmdevice.org\/#organization"},"potentialAction":[{"@type":"SearchAction","target":{"@type":"EntryPoint","urlTemplate":"https:\/\/www.myrhythmdevice.org\/?s={search_term_string}"},"query-input":{"@type":"PropertyValueSpecification","valueRequired":true,"valueName":"search_term_string"}}],"inLanguage":"es"},{"@type":"Organization","@id":"https:\/\/www.myrhythmdevice.org\/#organization","name":"myrhythmdevice.org","url":"https:\/\/www.myrhythmdevice.org\/","logo":{"@type":"ImageObject","inLanguage":"es","@id":"https:\/\/www.myrhythmdevice.org\/#\/schema\/logo\/image\/","url":"https:\/\/cdn-endpoint-mrd.azureedge.net\/myrhythmdevice\/2022\/02\/LOGO-MRD.jpg","contentUrl":"https:\/\/cdn-endpoint-mrd.azureedge.net\/myrhythmdevice\/2022\/02\/LOGO-MRD.jpg","width":1478,"height":326,"caption":"myrhythmdevice.org"},"image":{"@id":"https:\/\/www.myrhythmdevice.org\/#\/schema\/logo\/image\/"}}]}},"_links":{"self":[{"href":"https:\/\/www.myrhythmdevice.org\/es\/wp-json\/wp\/v2\/pages\/647","targetHints":{"allow":["GET"]}}],"collection":[{"href":"https:\/\/www.myrhythmdevice.org\/es\/wp-json\/wp\/v2\/pages"}],"about":[{"href":"https:\/\/www.myrhythmdevice.org\/es\/wp-json\/wp\/v2\/types\/page"}],"author":[{"embeddable":true,"href":"https:\/\/www.myrhythmdevice.org\/es\/wp-json\/wp\/v2\/users\/1"}],"replies":[{"embeddable":true,"href":"https:\/\/www.myrhythmdevice.org\/es\/wp-json\/wp\/v2\/comments?post=647"}],"version-history":[{"count":1,"href":"https:\/\/www.myrhythmdevice.org\/es\/wp-json\/wp\/v2\/pages\/647\/revisions"}],"predecessor-version":[{"id":771,"href":"https:\/\/www.myrhythmdevice.org\/es\/wp-json\/wp\/v2\/pages\/647\/revisions\/771"}],"up":[{"embeddable":true,"href":"https:\/\/www.myrhythmdevice.org\/es\/wp-json\/wp\/v2\/pages\/642"}],"wp:featuredmedia":[{"embeddable":true,"href":"https:\/\/www.myrhythmdevice.org\/es\/wp-json\/wp\/v2\/media\/573"}],"wp:attachment":[{"href":"https:\/\/www.myrhythmdevice.org\/es\/wp-json\/wp\/v2\/media?parent=647"}],"wp:term":[{"taxonomy":"category","embeddable":true,"href":"https:\/\/www.myrhythmdevice.org\/es\/wp-json\/wp\/v2\/categories?post=647"},{"taxonomy":"post_tag","embeddable":true,"href":"https:\/\/www.myrhythmdevice.org\/es\/wp-json\/wp\/v2\/tags?post=647"}],"curies":[{"name":"wp","href":"https:\/\/api.w.org\/{rel}","templated":true}]}}