{"id":646,"date":"2022-11-30T11:02:36","date_gmt":"2022-11-30T11:02:36","guid":{"rendered":"https:\/\/www.myrhythmdevice.org\/vivir-con-un-dispositivo-cardiaco\/salud-mental\/"},"modified":"2023-01-05T09:59:26","modified_gmt":"2023-01-05T09:59:26","slug":"salud-mental","status":"publish","type":"page","link":"https:\/\/www.myrhythmdevice.org\/es\/vivir-con-un-dispositivo-cardiaco\/salud-mental\/","title":{"rendered":"Salud mental"},"content":{"rendered":"<p><img loading=\"lazy\" decoding=\"async\" class=\"aligncenter wp-image-205\" src=\"https:\/\/cdn-endpoint-mrd.azureedge.net\/myrhythmdevice\/2022\/02\/shutterstock_549090334-1-min.jpg\" alt=\"\" width=\"500\" height=\"333\" srcset=\"https:\/\/cdn-endpoint-mrd.azureedge.net\/myrhythmdevice\/2022\/02\/shutterstock_549090334-1-min.jpg 900w, https:\/\/www.myrhythmdevice.org\/wp-content\/uploads\/2022\/02\/shutterstock_549090334-1-min-300x200.jpg 300w, https:\/\/www.myrhythmdevice.org\/wp-content\/uploads\/2022\/02\/shutterstock_549090334-1-min-768x512.jpg 768w, https:\/\/www.myrhythmdevice.org\/wp-content\/uploads\/2022\/02\/shutterstock_549090334-1-min-600x400.jpg 600w\" sizes=\"auto, (max-width: 500px) 100vw, 500px\" \/><\/p>\n<h3>Miedo a las descargas<\/h3>\n<p>Un DAI se utiliza para prevenir la muerte s\u00fabita card\u00edaca mediante la administraci\u00f3n de una descarga del DAI. Por tanto, recibir una descarga le salvar\u00e1 la vida. Sin embargo, una peque\u00f1a cantidad de descargas de DAI son inapropiadas. Esto puede darse en caso de que el cable no funcione correctamente o en caso de arritmias no potencialmente peligrosas. Tanto las descargas oportunas como las inoportunas pueden causar sensaci\u00f3n de agobio y miedo. Es importante que hable sobre sus miedos con el m\u00e9dico. Puede ayudarle a recuperar la confianza en el dispositivo y asegurarse de adaptar la terapia si es necesario (por ejemplo, para el tratamiento de la arritmia) o la funci\u00f3n del dispositivo (por ejemplo, reprogramando el dispositivo o revisando el cable).<\/p>\n<h3>Trauma tras una tormenta arr\u00edtmica o mal funcionamiento del dispositivo con m\u00faltiples descargas<\/h3>\n<p>Algunos pacientes que experimentan una serie de arritmias y, en consecuencia, descargas o que reciben una serie de descargas inapropiadas pueden sufrir un trauma. Esto parece bastante obvio, ya que estas experiencias suponen afrontar circunstancias de riesgo para la vida y los pacientes pueden sentirse vulnerables e impotentes. Estas situaciones pueden incluso conducir a un trastorno de estr\u00e9s postraum\u00e1tico. Si estos acontecimientos le abruman, hable con su m\u00e9dico. Le ayudar\u00e1 a llevar mejor la situaci\u00f3n (asesoramiento, grupos de apoyo, etc.).<\/p>\n<h3>Buscar apoyo (psicol\u00f3gico y de compa\u00f1eros)<\/h3>\n<p>Hay numerosas formas de ayuda en situaciones estresantes. En caso de trastornos postraum\u00e1ticos, le recomendamos que busque ayuda psiqui\u00e1trica profesional. Pero tambi\u00e9n hay grupos de pacientes que proporcionan apoyo a otros pacientes para situaciones de la vida cotidiana.<br \/>\nPuede pedirle a su m\u00e9dico que le ponga en contacto con grupos de pacientes locales.<\/p>\n<p>Intente hablar de ello con alguien cercano. Intente hablar con otros pacientes. A menudo, ayuda hablar con ellos y compartir experiencias. Pregunte a su m\u00e9dico c\u00f3mo puede ponerse en contacto con ellos.<\/p>\n<h3>Consumo de antidepresivos<\/h3>\n<p>Es com\u00fan que los pacientes con un DAI o insuficiencia card\u00edaca muestren s\u00edntomas de depresi\u00f3n. En tal caso, es recomendable consultar a un m\u00e9dico especializado. La medicaci\u00f3n antidepresiva puede ayudar a algunos pacientes afectados, pero debe administrarse con precauci\u00f3n y en funci\u00f3n de la enfermedad card\u00edaca subyacente y del tipo de dispositivo implantado. Tambi\u00e9n puede haber interacciones con otros medicamentos al combinar antidepresivos con otros medicamentos para el coraz\u00f3n. Por tanto, deber\u00eda informar a todos sus m\u00e9dicos sobre todos los medicamentos que consume. Esto garantizar\u00e1 que se pueda comprobar si hay interacciones farmacol\u00f3gicas y posibles contraindicaciones.<\/p>\n","protected":false},"excerpt":{"rendered":"<p>Miedo a las descargas Un DAI se utiliza para prevenir la muerte s\u00fabita card\u00edaca mediante la administraci\u00f3n de una descarga del DAI. Por tanto, recibir una descarga le salvar\u00e1 la vida. Sin embargo, una peque\u00f1a cantidad de descargas de DAI son inapropiadas. Esto puede darse en caso de que el cable no funcione correctamente o [&hellip;]<\/p>\n","protected":false},"author":1,"featured_media":578,"parent":642,"menu_order":6,"comment_status":"closed","ping_status":"closed","template":"","meta":{"_acf_changed":false,"footnotes":""},"categories":[],"tags":[],"class_list":["post-646","page","type-page","status-publish","has-post-thumbnail","hentry"],"acf":[],"yoast_head":"<!-- This site is optimized with the Yoast SEO plugin v26.0 - https:\/\/yoast.com\/wordpress\/plugins\/seo\/ -->\n<title>Salud mental | My Rhythm Device<\/title>\n<meta name=\"description\" content=\"Hay numerosas formas de ayuda en situaciones estresantes. En caso de trastornos postraum\u00e1ticos, le recomendamos que busque ayuda psiqui\u00e1trica profesional.\" \/>\n<meta name=\"robots\" content=\"index, follow, max-snippet:-1, max-image-preview:large, max-video-preview:-1\" \/>\n<link rel=\"canonical\" href=\"https:\/\/www.myrhythmdevice.org\/living-with-a-cardiac-device\/mental-well-being\/\" \/>\n<meta property=\"og:locale\" content=\"es_ES\" \/>\n<meta property=\"og:type\" content=\"article\" \/>\n<meta property=\"og:title\" content=\"Salud mental | My Rhythm Device\" \/>\n<meta property=\"og:description\" content=\"Hay numerosas formas de ayuda en situaciones estresantes. En caso de trastornos postraum\u00e1ticos, le recomendamos que busque ayuda psiqui\u00e1trica profesional.\" \/>\n<meta property=\"og:url\" content=\"https:\/\/www.myrhythmdevice.org\/living-with-a-cardiac-device\/mental-well-being\/\" \/>\n<meta property=\"og:site_name\" content=\"myrhythmdevice.org\" \/>\n<meta property=\"article:modified_time\" content=\"2023-01-05T09:59:26+00:00\" \/>\n<meta property=\"og:image\" content=\"https:\/\/www.myrhythmdevice.org\/wp-content\/uploads\/2022\/02\/shutterstock_549090334-1-min.jpg\" \/>\n\t<meta property=\"og:image:width\" content=\"900\" \/>\n\t<meta property=\"og:image:height\" content=\"600\" \/>\n\t<meta property=\"og:image:type\" content=\"image\/jpeg\" \/>\n<meta name=\"twitter:card\" content=\"summary_large_image\" \/>\n<meta name=\"twitter:label1\" content=\"Tiempo de lectura\" \/>\n\t<meta name=\"twitter:data1\" content=\"2 minutos\" \/>\n<script type=\"application\/ld+json\" class=\"yoast-schema-graph\">{\"@context\":\"https:\/\/schema.org\",\"@graph\":[{\"@type\":\"WebPage\",\"@id\":\"https:\/\/www.myrhythmdevice.org\/living-with-a-cardiac-device\/mental-well-being\/\",\"url\":\"https:\/\/www.myrhythmdevice.org\/living-with-a-cardiac-device\/mental-well-being\/\",\"name\":\"Salud mental | My Rhythm Device\",\"isPartOf\":{\"@id\":\"https:\/\/www.myrhythmdevice.org\/#website\"},\"primaryImageOfPage\":{\"@id\":\"https:\/\/www.myrhythmdevice.org\/living-with-a-cardiac-device\/mental-well-being\/#primaryimage\"},\"image\":{\"@id\":\"https:\/\/www.myrhythmdevice.org\/living-with-a-cardiac-device\/mental-well-being\/#primaryimage\"},\"thumbnailUrl\":\"https:\/\/www.myrhythmdevice.org\/wp-content\/uploads\/2022\/02\/shutterstock_549090334-1-min.jpg\",\"datePublished\":\"2022-11-30T11:02:36+00:00\",\"dateModified\":\"2023-01-05T09:59:26+00:00\",\"description\":\"Hay numerosas formas de ayuda en situaciones estresantes. En caso de trastornos postraum\u00e1ticos, le recomendamos que busque ayuda psiqui\u00e1trica profesional.\",\"breadcrumb\":{\"@id\":\"https:\/\/www.myrhythmdevice.org\/living-with-a-cardiac-device\/mental-well-being\/#breadcrumb\"},\"inLanguage\":\"es\",\"potentialAction\":[{\"@type\":\"ReadAction\",\"target\":[\"https:\/\/www.myrhythmdevice.org\/living-with-a-cardiac-device\/mental-well-being\/\"]}]},{\"@type\":\"ImageObject\",\"inLanguage\":\"es\",\"@id\":\"https:\/\/www.myrhythmdevice.org\/living-with-a-cardiac-device\/mental-well-being\/#primaryimage\",\"url\":\"https:\/\/www.myrhythmdevice.org\/wp-content\/uploads\/2022\/02\/shutterstock_549090334-1-min.jpg\",\"contentUrl\":\"https:\/\/www.myrhythmdevice.org\/wp-content\/uploads\/2022\/02\/shutterstock_549090334-1-min.jpg\",\"width\":900,\"height\":600},{\"@type\":\"BreadcrumbList\",\"@id\":\"https:\/\/www.myrhythmdevice.org\/living-with-a-cardiac-device\/mental-well-being\/#breadcrumb\",\"itemListElement\":[{\"@type\":\"ListItem\",\"position\":1,\"name\":\"Home\",\"item\":\"https:\/\/www.myrhythmdevice.org\/es\/\"},{\"@type\":\"ListItem\",\"position\":2,\"name\":\"Vivir con un dispositivo card\u00edaco\",\"item\":\"https:\/\/www.myrhythmdevice.org\/es\/vivir-con-un-dispositivo-cardiaco\/\"},{\"@type\":\"ListItem\",\"position\":3,\"name\":\"Salud mental\"}]},{\"@type\":\"WebSite\",\"@id\":\"https:\/\/www.myrhythmdevice.org\/#website\",\"url\":\"https:\/\/www.myrhythmdevice.org\/\",\"name\":\"myrhythmdevice.org\",\"description\":\"The website for patients with implanted cardiac devices, their caregivers and families.\",\"publisher\":{\"@id\":\"https:\/\/www.myrhythmdevice.org\/#organization\"},\"potentialAction\":[{\"@type\":\"SearchAction\",\"target\":{\"@type\":\"EntryPoint\",\"urlTemplate\":\"https:\/\/www.myrhythmdevice.org\/?s={search_term_string}\"},\"query-input\":{\"@type\":\"PropertyValueSpecification\",\"valueRequired\":true,\"valueName\":\"search_term_string\"}}],\"inLanguage\":\"es\"},{\"@type\":\"Organization\",\"@id\":\"https:\/\/www.myrhythmdevice.org\/#organization\",\"name\":\"myrhythmdevice.org\",\"url\":\"https:\/\/www.myrhythmdevice.org\/\",\"logo\":{\"@type\":\"ImageObject\",\"inLanguage\":\"es\",\"@id\":\"https:\/\/www.myrhythmdevice.org\/#\/schema\/logo\/image\/\",\"url\":\"https:\/\/cdn-endpoint-mrd.azureedge.net\/myrhythmdevice\/2022\/02\/LOGO-MRD.jpg\",\"contentUrl\":\"https:\/\/cdn-endpoint-mrd.azureedge.net\/myrhythmdevice\/2022\/02\/LOGO-MRD.jpg\",\"width\":1478,\"height\":326,\"caption\":\"myrhythmdevice.org\"},\"image\":{\"@id\":\"https:\/\/www.myrhythmdevice.org\/#\/schema\/logo\/image\/\"}}]}<\/script>\n<!-- \/ Yoast SEO plugin. -->","yoast_head_json":{"title":"Salud mental | My Rhythm Device","description":"Hay numerosas formas de ayuda en situaciones estresantes. En caso de trastornos postraum\u00e1ticos, le recomendamos que busque ayuda psiqui\u00e1trica profesional.","robots":{"index":"index","follow":"follow","max-snippet":"max-snippet:-1","max-image-preview":"max-image-preview:large","max-video-preview":"max-video-preview:-1"},"canonical":"https:\/\/www.myrhythmdevice.org\/living-with-a-cardiac-device\/mental-well-being\/","og_locale":"es_ES","og_type":"article","og_title":"Salud mental | My Rhythm Device","og_description":"Hay numerosas formas de ayuda en situaciones estresantes. En caso de trastornos postraum\u00e1ticos, le recomendamos que busque ayuda psiqui\u00e1trica profesional.","og_url":"https:\/\/www.myrhythmdevice.org\/living-with-a-cardiac-device\/mental-well-being\/","og_site_name":"myrhythmdevice.org","article_modified_time":"2023-01-05T09:59:26+00:00","og_image":[{"width":900,"height":600,"url":"https:\/\/www.myrhythmdevice.org\/wp-content\/uploads\/2022\/02\/shutterstock_549090334-1-min.jpg","type":"image\/jpeg"}],"twitter_card":"summary_large_image","twitter_misc":{"Tiempo de lectura":"2 minutos"},"schema":{"@context":"https:\/\/schema.org","@graph":[{"@type":"WebPage","@id":"https:\/\/www.myrhythmdevice.org\/living-with-a-cardiac-device\/mental-well-being\/","url":"https:\/\/www.myrhythmdevice.org\/living-with-a-cardiac-device\/mental-well-being\/","name":"Salud mental | My Rhythm Device","isPartOf":{"@id":"https:\/\/www.myrhythmdevice.org\/#website"},"primaryImageOfPage":{"@id":"https:\/\/www.myrhythmdevice.org\/living-with-a-cardiac-device\/mental-well-being\/#primaryimage"},"image":{"@id":"https:\/\/www.myrhythmdevice.org\/living-with-a-cardiac-device\/mental-well-being\/#primaryimage"},"thumbnailUrl":"https:\/\/www.myrhythmdevice.org\/wp-content\/uploads\/2022\/02\/shutterstock_549090334-1-min.jpg","datePublished":"2022-11-30T11:02:36+00:00","dateModified":"2023-01-05T09:59:26+00:00","description":"Hay numerosas formas de ayuda en situaciones estresantes. En caso de trastornos postraum\u00e1ticos, le recomendamos que busque ayuda psiqui\u00e1trica profesional.","breadcrumb":{"@id":"https:\/\/www.myrhythmdevice.org\/living-with-a-cardiac-device\/mental-well-being\/#breadcrumb"},"inLanguage":"es","potentialAction":[{"@type":"ReadAction","target":["https:\/\/www.myrhythmdevice.org\/living-with-a-cardiac-device\/mental-well-being\/"]}]},{"@type":"ImageObject","inLanguage":"es","@id":"https:\/\/www.myrhythmdevice.org\/living-with-a-cardiac-device\/mental-well-being\/#primaryimage","url":"https:\/\/www.myrhythmdevice.org\/wp-content\/uploads\/2022\/02\/shutterstock_549090334-1-min.jpg","contentUrl":"https:\/\/www.myrhythmdevice.org\/wp-content\/uploads\/2022\/02\/shutterstock_549090334-1-min.jpg","width":900,"height":600},{"@type":"BreadcrumbList","@id":"https:\/\/www.myrhythmdevice.org\/living-with-a-cardiac-device\/mental-well-being\/#breadcrumb","itemListElement":[{"@type":"ListItem","position":1,"name":"Home","item":"https:\/\/www.myrhythmdevice.org\/es\/"},{"@type":"ListItem","position":2,"name":"Vivir con un dispositivo card\u00edaco","item":"https:\/\/www.myrhythmdevice.org\/es\/vivir-con-un-dispositivo-cardiaco\/"},{"@type":"ListItem","position":3,"name":"Salud mental"}]},{"@type":"WebSite","@id":"https:\/\/www.myrhythmdevice.org\/#website","url":"https:\/\/www.myrhythmdevice.org\/","name":"myrhythmdevice.org","description":"The website for patients with implanted cardiac devices, their caregivers and families.","publisher":{"@id":"https:\/\/www.myrhythmdevice.org\/#organization"},"potentialAction":[{"@type":"SearchAction","target":{"@type":"EntryPoint","urlTemplate":"https:\/\/www.myrhythmdevice.org\/?s={search_term_string}"},"query-input":{"@type":"PropertyValueSpecification","valueRequired":true,"valueName":"search_term_string"}}],"inLanguage":"es"},{"@type":"Organization","@id":"https:\/\/www.myrhythmdevice.org\/#organization","name":"myrhythmdevice.org","url":"https:\/\/www.myrhythmdevice.org\/","logo":{"@type":"ImageObject","inLanguage":"es","@id":"https:\/\/www.myrhythmdevice.org\/#\/schema\/logo\/image\/","url":"https:\/\/cdn-endpoint-mrd.azureedge.net\/myrhythmdevice\/2022\/02\/LOGO-MRD.jpg","contentUrl":"https:\/\/cdn-endpoint-mrd.azureedge.net\/myrhythmdevice\/2022\/02\/LOGO-MRD.jpg","width":1478,"height":326,"caption":"myrhythmdevice.org"},"image":{"@id":"https:\/\/www.myrhythmdevice.org\/#\/schema\/logo\/image\/"}}]}},"_links":{"self":[{"href":"https:\/\/www.myrhythmdevice.org\/es\/wp-json\/wp\/v2\/pages\/646","targetHints":{"allow":["GET"]}}],"collection":[{"href":"https:\/\/www.myrhythmdevice.org\/es\/wp-json\/wp\/v2\/pages"}],"about":[{"href":"https:\/\/www.myrhythmdevice.org\/es\/wp-json\/wp\/v2\/types\/page"}],"author":[{"embeddable":true,"href":"https:\/\/www.myrhythmdevice.org\/es\/wp-json\/wp\/v2\/users\/1"}],"replies":[{"embeddable":true,"href":"https:\/\/www.myrhythmdevice.org\/es\/wp-json\/wp\/v2\/comments?post=646"}],"version-history":[{"count":1,"href":"https:\/\/www.myrhythmdevice.org\/es\/wp-json\/wp\/v2\/pages\/646\/revisions"}],"predecessor-version":[{"id":773,"href":"https:\/\/www.myrhythmdevice.org\/es\/wp-json\/wp\/v2\/pages\/646\/revisions\/773"}],"up":[{"embeddable":true,"href":"https:\/\/www.myrhythmdevice.org\/es\/wp-json\/wp\/v2\/pages\/642"}],"wp:featuredmedia":[{"embeddable":true,"href":"https:\/\/www.myrhythmdevice.org\/es\/wp-json\/wp\/v2\/media\/578"}],"wp:attachment":[{"href":"https:\/\/www.myrhythmdevice.org\/es\/wp-json\/wp\/v2\/media?parent=646"}],"wp:term":[{"taxonomy":"category","embeddable":true,"href":"https:\/\/www.myrhythmdevice.org\/es\/wp-json\/wp\/v2\/categories?post=646"},{"taxonomy":"post_tag","embeddable":true,"href":"https:\/\/www.myrhythmdevice.org\/es\/wp-json\/wp\/v2\/tags?post=646"}],"curies":[{"name":"wp","href":"https:\/\/api.w.org\/{rel}","templated":true}]}}