{"id":644,"date":"2022-11-30T11:02:34","date_gmt":"2022-11-30T11:02:34","guid":{"rendered":"https:\/\/www.myrhythmdevice.org\/interferencias-electromagneticas-en-la-tecnologia-de-la-vida-diaria\/"},"modified":"2023-01-05T09:59:21","modified_gmt":"2023-01-05T09:59:21","slug":"interferencias-electromagneticas-en-la-tecnologia-de-la-vida-diaria","status":"publish","type":"page","link":"https:\/\/www.myrhythmdevice.org\/es\/vivir-con-un-dispositivo-cardiaco\/interferencias-electromagneticas-en-la-tecnologia-de-la-vida-diaria\/","title":{"rendered":"Interferencias electromagn\u00e9ticas en la tecnolog\u00eda de la vida diaria"},"content":{"rendered":"<h3>(tel\u00e9fonos m\u00f3viles\/inteligentes, relojes inteligentes, equipos de jardiner\u00eda, microondas, placas de inducci\u00f3n, aeropuertos, tiendas, coches el\u00e9ctricos\u2026)<\/h3>\n<p><img loading=\"lazy\" decoding=\"async\" class=\"aligncenter wp-image-213\" src=\"https:\/\/cdn-endpoint-mrd.azureedge.net\/myrhythmdevice\/2022\/02\/shutterstock_1198030981-1-min.jpg\" alt=\"\" width=\"500\" height=\"218\" srcset=\"https:\/\/cdn-endpoint-mrd.azureedge.net\/myrhythmdevice\/2022\/02\/shutterstock_1198030981-1-min.jpg 900w, https:\/\/www.myrhythmdevice.org\/wp-content\/uploads\/2022\/02\/shutterstock_1198030981-1-min-300x131.jpg 300w, https:\/\/www.myrhythmdevice.org\/wp-content\/uploads\/2022\/02\/shutterstock_1198030981-1-min-768x335.jpg 768w, https:\/\/www.myrhythmdevice.org\/wp-content\/uploads\/2022\/02\/shutterstock_1198030981-1-min-600x262.jpg 600w\" sizes=\"auto, (max-width: 500px) 100vw, 500px\" \/><\/p>\n<p>Se recomienda tomar precauciones en caso de:<\/p>\n<ul>\n<li>Puede usar tel\u00e9fonos m\u00f3viles o tel\u00e9fonos inteligentes, pero deber\u00e1 intentar mantener una distancia de entre 15 y 30 cm entre el tel\u00e9fono y su dispositivo. Tenga en cuenta que los \u00faltimos tel\u00e9fonos inteligentes pueden llevar un fuerte im\u00e1n (como el iPhone 12+) que puede desactivar algunas funciones de DAI cuando est\u00e1n en contacto directo con el dispositivo.<\/li>\n<li>Las placas de inducci\u00f3n utilizan un campo magn\u00e9tico para generar el calor. Puede utilizar placas de inducci\u00f3n, pero deber\u00e1 mantener una distancia de 50 cm entre su dispositivo y la placa mientras esta est\u00e9 encendida.<\/li>\n<li>En el aeropuerto, los controles de seguridad pueden utilizar campos electromagn\u00e9ticos para escanear a los pasajeros. Debe informar a los guardias de seguridad de que lleva un dispositivo card\u00edaco implantado. Probablemente le llevar\u00e1n hasta un control de seguridad alternativo y har\u00e1n la comprobaci\u00f3n de forma manual. Se recomienda llevar la identificaci\u00f3n de su dispositivo como certificado.<\/li>\n<\/ul>\n<p>&nbsp;<\/p>\n<p>Los siguientes se pueden usar sin restricciones especiales:<\/p>\n<ul>\n<li>Relojes inteligentes<\/li>\n<li>Microondas<\/li>\n<li>Los equipos de jardiner\u00eda como tijeras de podar el\u00e9ctricas o segadoras se pueden utilizar sin m\u00e1s restricciones. Aseg\u00farese de que todo el equipo est\u00e9 correctamente apoyado en la tierra.<\/li>\n<\/ul>\n<p>&nbsp;<\/p>\n<p>Muchos fabricantes de dispositivos card\u00edacos ofrecen a los pacientes informaci\u00f3n general e indicaciones m\u00e1s detalladas:<\/p>\n<ul>\n<li><a href=\"https:\/\/www.medtronic.com\/content\/dam\/medtronic-com\/01_crhf\/tachy\/documents\/EMC%20Guide%202016%20201103391eENp8.pdf?bypassIM=true\" target=\"_blank\" rel=\"noopener\">Medtronic<\/a><\/li>\n<li><a href=\"https:\/\/biotronik.cdn.mediamid.com\/cdn_bio_doc\/bio23016\/8207\/bio23016.pdf\" target=\"_blank\" rel=\"noopener\">Biotronik<\/a><\/li>\n<li><a href=\"https:\/\/www.cardiovascular.abbott\/us\/en\/patients\/cardiovascular-device-patient-services\/emi.html\" target=\"_blank\" rel=\"noopener\">Abbott<\/a><\/li>\n<li><a href=\"https:\/\/www.bostonscientific.com\/content\/dam\/lifebeat-online\/en\/documents\/BSC_Electromagnetic_Compatibility_Guide.pdf\" target=\"_blank\" rel=\"noopener\">Boston Scientific<\/a><\/li>\n<\/ul>\n","protected":false},"excerpt":{"rendered":"<p>(tel\u00e9fonos m\u00f3viles\/inteligentes, relojes inteligentes, equipos de jardiner\u00eda, microondas, placas de inducci\u00f3n, aeropuertos, tiendas, coches el\u00e9ctricos\u2026) Se recomienda tomar precauciones en caso de: Puede usar tel\u00e9fonos m\u00f3viles o tel\u00e9fonos inteligentes, pero deber\u00e1 intentar mantener una distancia de entre 15 y 30 cm entre el tel\u00e9fono y su dispositivo. Tenga en cuenta que los \u00faltimos tel\u00e9fonos inteligentes [&hellip;]<\/p>\n","protected":false},"author":1,"featured_media":580,"parent":642,"menu_order":9,"comment_status":"closed","ping_status":"closed","template":"","meta":{"_acf_changed":false,"footnotes":""},"categories":[],"tags":[],"class_list":["post-644","page","type-page","status-publish","has-post-thumbnail","hentry"],"acf":[],"yoast_head":"<!-- This site is optimized with the Yoast SEO plugin v25.3.1 - https:\/\/yoast.com\/wordpress\/plugins\/seo\/ -->\n<title>Interferencias electromagn\u00e9ticas | My Rhythm Device<\/title>\n<meta name=\"description\" content=\"Obtenga m\u00e1s informaci\u00f3n sobre las precauciones a tomar relacionadas con los dispositivos tecnol\u00f3gicos.\" \/>\n<meta name=\"robots\" content=\"index, follow, max-snippet:-1, max-image-preview:large, max-video-preview:-1\" \/>\n<link rel=\"canonical\" href=\"https:\/\/www.myrhythmdevice.org\/es\/vivir-con-un-dispositivo-cardiaco\/interferencias-electromagneticas-en-la-tecnologia-de-la-vida-diaria\/\" \/>\n<meta property=\"og:locale\" content=\"es_ES\" \/>\n<meta property=\"og:type\" content=\"article\" \/>\n<meta property=\"og:title\" content=\"Interferencias electromagn\u00e9ticas | My Rhythm Device\" \/>\n<meta property=\"og:description\" content=\"Obtenga m\u00e1s informaci\u00f3n sobre las precauciones a tomar relacionadas con los dispositivos tecnol\u00f3gicos.\" \/>\n<meta property=\"og:url\" content=\"https:\/\/www.myrhythmdevice.org\/es\/vivir-con-un-dispositivo-cardiaco\/interferencias-electromagneticas-en-la-tecnologia-de-la-vida-diaria\/\" \/>\n<meta property=\"og:site_name\" content=\"myrhythmdevice.org\" \/>\n<meta property=\"article:modified_time\" content=\"2023-01-05T09:59:21+00:00\" \/>\n<meta property=\"og:image\" content=\"https:\/\/www.myrhythmdevice.org\/wp-content\/uploads\/2022\/02\/shutterstock_1198030981-1-min.jpg\" \/>\n\t<meta property=\"og:image:width\" content=\"900\" \/>\n\t<meta property=\"og:image:height\" content=\"393\" \/>\n\t<meta property=\"og:image:type\" content=\"image\/jpeg\" \/>\n<meta name=\"twitter:card\" content=\"summary_large_image\" \/>\n<meta name=\"twitter:label1\" content=\"Tiempo de lectura\" \/>\n\t<meta name=\"twitter:data1\" content=\"1 minuto\" \/>\n<script type=\"application\/ld+json\" class=\"yoast-schema-graph\">{\"@context\":\"https:\/\/schema.org\",\"@graph\":[{\"@type\":\"WebPage\",\"@id\":\"https:\/\/www.myrhythmdevice.org\/es\/vivir-con-un-dispositivo-cardiaco\/interferencias-electromagneticas-en-la-tecnologia-de-la-vida-diaria\/\",\"url\":\"https:\/\/www.myrhythmdevice.org\/es\/vivir-con-un-dispositivo-cardiaco\/interferencias-electromagneticas-en-la-tecnologia-de-la-vida-diaria\/\",\"name\":\"Interferencias electromagn\u00e9ticas | My Rhythm Device\",\"isPartOf\":{\"@id\":\"https:\/\/www.myrhythmdevice.org\/#website\"},\"primaryImageOfPage\":{\"@id\":\"https:\/\/www.myrhythmdevice.org\/es\/vivir-con-un-dispositivo-cardiaco\/interferencias-electromagneticas-en-la-tecnologia-de-la-vida-diaria\/#primaryimage\"},\"image\":{\"@id\":\"https:\/\/www.myrhythmdevice.org\/es\/vivir-con-un-dispositivo-cardiaco\/interferencias-electromagneticas-en-la-tecnologia-de-la-vida-diaria\/#primaryimage\"},\"thumbnailUrl\":\"https:\/\/www.myrhythmdevice.org\/wp-content\/uploads\/2022\/02\/shutterstock_1198030981-1-min.jpg\",\"datePublished\":\"2022-11-30T11:02:34+00:00\",\"dateModified\":\"2023-01-05T09:59:21+00:00\",\"description\":\"Obtenga m\u00e1s informaci\u00f3n sobre las precauciones a tomar relacionadas con los dispositivos tecnol\u00f3gicos.\",\"breadcrumb\":{\"@id\":\"https:\/\/www.myrhythmdevice.org\/es\/vivir-con-un-dispositivo-cardiaco\/interferencias-electromagneticas-en-la-tecnologia-de-la-vida-diaria\/#breadcrumb\"},\"inLanguage\":\"es\",\"potentialAction\":[{\"@type\":\"ReadAction\",\"target\":[\"https:\/\/www.myrhythmdevice.org\/es\/vivir-con-un-dispositivo-cardiaco\/interferencias-electromagneticas-en-la-tecnologia-de-la-vida-diaria\/\"]}]},{\"@type\":\"ImageObject\",\"inLanguage\":\"es\",\"@id\":\"https:\/\/www.myrhythmdevice.org\/es\/vivir-con-un-dispositivo-cardiaco\/interferencias-electromagneticas-en-la-tecnologia-de-la-vida-diaria\/#primaryimage\",\"url\":\"https:\/\/www.myrhythmdevice.org\/wp-content\/uploads\/2022\/02\/shutterstock_1198030981-1-min.jpg\",\"contentUrl\":\"https:\/\/www.myrhythmdevice.org\/wp-content\/uploads\/2022\/02\/shutterstock_1198030981-1-min.jpg\",\"width\":900,\"height\":393},{\"@type\":\"BreadcrumbList\",\"@id\":\"https:\/\/www.myrhythmdevice.org\/es\/vivir-con-un-dispositivo-cardiaco\/interferencias-electromagneticas-en-la-tecnologia-de-la-vida-diaria\/#breadcrumb\",\"itemListElement\":[{\"@type\":\"ListItem\",\"position\":1,\"name\":\"Home\",\"item\":\"https:\/\/www.myrhythmdevice.org\/es\/\"},{\"@type\":\"ListItem\",\"position\":2,\"name\":\"Vivir con un dispositivo card\u00edaco\",\"item\":\"https:\/\/www.myrhythmdevice.org\/es\/vivir-con-un-dispositivo-cardiaco\/\"},{\"@type\":\"ListItem\",\"position\":3,\"name\":\"Interferencias electromagn\u00e9ticas en la tecnolog\u00eda de la vida diaria\"}]},{\"@type\":\"WebSite\",\"@id\":\"https:\/\/www.myrhythmdevice.org\/#website\",\"url\":\"https:\/\/www.myrhythmdevice.org\/\",\"name\":\"myrhythmdevice.org\",\"description\":\"The website for patients with implanted cardiac devices, their caregivers and families.\",\"publisher\":{\"@id\":\"https:\/\/www.myrhythmdevice.org\/#organization\"},\"potentialAction\":[{\"@type\":\"SearchAction\",\"target\":{\"@type\":\"EntryPoint\",\"urlTemplate\":\"https:\/\/www.myrhythmdevice.org\/?s={search_term_string}\"},\"query-input\":{\"@type\":\"PropertyValueSpecification\",\"valueRequired\":true,\"valueName\":\"search_term_string\"}}],\"inLanguage\":\"es\"},{\"@type\":\"Organization\",\"@id\":\"https:\/\/www.myrhythmdevice.org\/#organization\",\"name\":\"myrhythmdevice.org\",\"url\":\"https:\/\/www.myrhythmdevice.org\/\",\"logo\":{\"@type\":\"ImageObject\",\"inLanguage\":\"es\",\"@id\":\"https:\/\/www.myrhythmdevice.org\/#\/schema\/logo\/image\/\",\"url\":\"https:\/\/cdn-endpoint-mrd.azureedge.net\/myrhythmdevice\/2022\/02\/LOGO-MRD.jpg\",\"contentUrl\":\"https:\/\/cdn-endpoint-mrd.azureedge.net\/myrhythmdevice\/2022\/02\/LOGO-MRD.jpg\",\"width\":1478,\"height\":326,\"caption\":\"myrhythmdevice.org\"},\"image\":{\"@id\":\"https:\/\/www.myrhythmdevice.org\/#\/schema\/logo\/image\/\"}}]}<\/script>\n<!-- \/ Yoast SEO plugin. -->","yoast_head_json":{"title":"Interferencias electromagn\u00e9ticas | My Rhythm Device","description":"Obtenga m\u00e1s informaci\u00f3n sobre las precauciones a tomar relacionadas con los dispositivos tecnol\u00f3gicos.","robots":{"index":"index","follow":"follow","max-snippet":"max-snippet:-1","max-image-preview":"max-image-preview:large","max-video-preview":"max-video-preview:-1"},"canonical":"https:\/\/www.myrhythmdevice.org\/es\/vivir-con-un-dispositivo-cardiaco\/interferencias-electromagneticas-en-la-tecnologia-de-la-vida-diaria\/","og_locale":"es_ES","og_type":"article","og_title":"Interferencias electromagn\u00e9ticas | My Rhythm Device","og_description":"Obtenga m\u00e1s informaci\u00f3n sobre las precauciones a tomar relacionadas con los dispositivos tecnol\u00f3gicos.","og_url":"https:\/\/www.myrhythmdevice.org\/es\/vivir-con-un-dispositivo-cardiaco\/interferencias-electromagneticas-en-la-tecnologia-de-la-vida-diaria\/","og_site_name":"myrhythmdevice.org","article_modified_time":"2023-01-05T09:59:21+00:00","og_image":[{"width":900,"height":393,"url":"https:\/\/www.myrhythmdevice.org\/wp-content\/uploads\/2022\/02\/shutterstock_1198030981-1-min.jpg","type":"image\/jpeg"}],"twitter_card":"summary_large_image","twitter_misc":{"Tiempo de lectura":"1 minuto"},"schema":{"@context":"https:\/\/schema.org","@graph":[{"@type":"WebPage","@id":"https:\/\/www.myrhythmdevice.org\/es\/vivir-con-un-dispositivo-cardiaco\/interferencias-electromagneticas-en-la-tecnologia-de-la-vida-diaria\/","url":"https:\/\/www.myrhythmdevice.org\/es\/vivir-con-un-dispositivo-cardiaco\/interferencias-electromagneticas-en-la-tecnologia-de-la-vida-diaria\/","name":"Interferencias electromagn\u00e9ticas | My Rhythm Device","isPartOf":{"@id":"https:\/\/www.myrhythmdevice.org\/#website"},"primaryImageOfPage":{"@id":"https:\/\/www.myrhythmdevice.org\/es\/vivir-con-un-dispositivo-cardiaco\/interferencias-electromagneticas-en-la-tecnologia-de-la-vida-diaria\/#primaryimage"},"image":{"@id":"https:\/\/www.myrhythmdevice.org\/es\/vivir-con-un-dispositivo-cardiaco\/interferencias-electromagneticas-en-la-tecnologia-de-la-vida-diaria\/#primaryimage"},"thumbnailUrl":"https:\/\/www.myrhythmdevice.org\/wp-content\/uploads\/2022\/02\/shutterstock_1198030981-1-min.jpg","datePublished":"2022-11-30T11:02:34+00:00","dateModified":"2023-01-05T09:59:21+00:00","description":"Obtenga m\u00e1s informaci\u00f3n sobre las precauciones a tomar relacionadas con los dispositivos tecnol\u00f3gicos.","breadcrumb":{"@id":"https:\/\/www.myrhythmdevice.org\/es\/vivir-con-un-dispositivo-cardiaco\/interferencias-electromagneticas-en-la-tecnologia-de-la-vida-diaria\/#breadcrumb"},"inLanguage":"es","potentialAction":[{"@type":"ReadAction","target":["https:\/\/www.myrhythmdevice.org\/es\/vivir-con-un-dispositivo-cardiaco\/interferencias-electromagneticas-en-la-tecnologia-de-la-vida-diaria\/"]}]},{"@type":"ImageObject","inLanguage":"es","@id":"https:\/\/www.myrhythmdevice.org\/es\/vivir-con-un-dispositivo-cardiaco\/interferencias-electromagneticas-en-la-tecnologia-de-la-vida-diaria\/#primaryimage","url":"https:\/\/www.myrhythmdevice.org\/wp-content\/uploads\/2022\/02\/shutterstock_1198030981-1-min.jpg","contentUrl":"https:\/\/www.myrhythmdevice.org\/wp-content\/uploads\/2022\/02\/shutterstock_1198030981-1-min.jpg","width":900,"height":393},{"@type":"BreadcrumbList","@id":"https:\/\/www.myrhythmdevice.org\/es\/vivir-con-un-dispositivo-cardiaco\/interferencias-electromagneticas-en-la-tecnologia-de-la-vida-diaria\/#breadcrumb","itemListElement":[{"@type":"ListItem","position":1,"name":"Home","item":"https:\/\/www.myrhythmdevice.org\/es\/"},{"@type":"ListItem","position":2,"name":"Vivir con un dispositivo card\u00edaco","item":"https:\/\/www.myrhythmdevice.org\/es\/vivir-con-un-dispositivo-cardiaco\/"},{"@type":"ListItem","position":3,"name":"Interferencias electromagn\u00e9ticas en la tecnolog\u00eda de la vida diaria"}]},{"@type":"WebSite","@id":"https:\/\/www.myrhythmdevice.org\/#website","url":"https:\/\/www.myrhythmdevice.org\/","name":"myrhythmdevice.org","description":"The website for patients with implanted cardiac devices, their caregivers and families.","publisher":{"@id":"https:\/\/www.myrhythmdevice.org\/#organization"},"potentialAction":[{"@type":"SearchAction","target":{"@type":"EntryPoint","urlTemplate":"https:\/\/www.myrhythmdevice.org\/?s={search_term_string}"},"query-input":{"@type":"PropertyValueSpecification","valueRequired":true,"valueName":"search_term_string"}}],"inLanguage":"es"},{"@type":"Organization","@id":"https:\/\/www.myrhythmdevice.org\/#organization","name":"myrhythmdevice.org","url":"https:\/\/www.myrhythmdevice.org\/","logo":{"@type":"ImageObject","inLanguage":"es","@id":"https:\/\/www.myrhythmdevice.org\/#\/schema\/logo\/image\/","url":"https:\/\/cdn-endpoint-mrd.azureedge.net\/myrhythmdevice\/2022\/02\/LOGO-MRD.jpg","contentUrl":"https:\/\/cdn-endpoint-mrd.azureedge.net\/myrhythmdevice\/2022\/02\/LOGO-MRD.jpg","width":1478,"height":326,"caption":"myrhythmdevice.org"},"image":{"@id":"https:\/\/www.myrhythmdevice.org\/#\/schema\/logo\/image\/"}}]}},"_links":{"self":[{"href":"https:\/\/www.myrhythmdevice.org\/es\/wp-json\/wp\/v2\/pages\/644","targetHints":{"allow":["GET"]}}],"collection":[{"href":"https:\/\/www.myrhythmdevice.org\/es\/wp-json\/wp\/v2\/pages"}],"about":[{"href":"https:\/\/www.myrhythmdevice.org\/es\/wp-json\/wp\/v2\/types\/page"}],"author":[{"embeddable":true,"href":"https:\/\/www.myrhythmdevice.org\/es\/wp-json\/wp\/v2\/users\/1"}],"replies":[{"embeddable":true,"href":"https:\/\/www.myrhythmdevice.org\/es\/wp-json\/wp\/v2\/comments?post=644"}],"version-history":[{"count":1,"href":"https:\/\/www.myrhythmdevice.org\/es\/wp-json\/wp\/v2\/pages\/644\/revisions"}],"predecessor-version":[{"id":763,"href":"https:\/\/www.myrhythmdevice.org\/es\/wp-json\/wp\/v2\/pages\/644\/revisions\/763"}],"up":[{"embeddable":true,"href":"https:\/\/www.myrhythmdevice.org\/es\/wp-json\/wp\/v2\/pages\/642"}],"wp:featuredmedia":[{"embeddable":true,"href":"https:\/\/www.myrhythmdevice.org\/es\/wp-json\/wp\/v2\/media\/580"}],"wp:attachment":[{"href":"https:\/\/www.myrhythmdevice.org\/es\/wp-json\/wp\/v2\/media?parent=644"}],"wp:term":[{"taxonomy":"category","embeddable":true,"href":"https:\/\/www.myrhythmdevice.org\/es\/wp-json\/wp\/v2\/categories?post=644"},{"taxonomy":"post_tag","embeddable":true,"href":"https:\/\/www.myrhythmdevice.org\/es\/wp-json\/wp\/v2\/tags?post=644"}],"curies":[{"name":"wp","href":"https:\/\/api.w.org\/{rel}","templated":true}]}}