{"id":640,"date":"2022-11-30T11:02:32","date_gmt":"2022-11-30T11:02:32","guid":{"rendered":"https:\/\/www.myrhythmdevice.org\/al-volante\/"},"modified":"2023-01-05T09:59:21","modified_gmt":"2023-01-05T09:59:21","slug":"al-volante","status":"publish","type":"page","link":"https:\/\/www.myrhythmdevice.org\/es\/vivir-con-un-dispositivo-cardiaco\/al-volante\/","title":{"rendered":"Al volante"},"content":{"rendered":"<p><img loading=\"lazy\" decoding=\"async\" class=\"aligncenter wp-image-195\" src=\"https:\/\/cdn-endpoint-mrd.azureedge.net\/myrhythmdevice\/2022\/02\/shutterstock_557719861-1-min.jpg\" alt=\"\" width=\"500\" height=\"334\" srcset=\"https:\/\/cdn-endpoint-mrd.azureedge.net\/myrhythmdevice\/2022\/02\/shutterstock_557719861-1-min.jpg 900w, https:\/\/www.myrhythmdevice.org\/wp-content\/uploads\/2022\/02\/shutterstock_557719861-1-min-300x200.jpg 300w, https:\/\/www.myrhythmdevice.org\/wp-content\/uploads\/2022\/02\/shutterstock_557719861-1-min-768x513.jpg 768w, https:\/\/www.myrhythmdevice.org\/wp-content\/uploads\/2022\/02\/shutterstock_557719861-1-min-600x400.jpg 600w\" sizes=\"auto, (max-width: 500px) 100vw, 500px\" \/><\/p>\n<p>Conducir es una necesidad b\u00e1sica para muchas personas. La incapacidad de conducir puede limitar gravemente la libertad de un individuo y afectar de forma negativa a su calidad de vida. Sin embargo, desmayarse o experimentar descargas durante la conducci\u00f3n puede derivar en efectos perjudiciales para usted, los pasajeros y otros usuarios viales. Por tanto, es importante conocer las restricciones de conducci\u00f3n en diferentes situaciones tras la implantaci\u00f3n del marcapasos y del DAI.<\/p>\n<p>Cabe se\u00f1alar que las recomendaciones relativas a las restricciones a la circulaci\u00f3n difieren considerablemente entre pa\u00edses. Estas no solo difieren seg\u00fan la regi\u00f3n, sino tambi\u00e9n seg\u00fan la enfermedad subyacente y el dispositivo implantado. Por tanto, debe pedirle a su m\u00e9dico que le explique las restricciones concretas en su caso en particular y la duraci\u00f3n de las mismas.<\/p>\n<p>Algunos datos generales que pueden servirle de gu\u00eda:<\/p>\n<ul>\n<li>Evite conducir cuando no se encuentre bien, cuando experimente dolor en el pecho o mareo. Si experimenta estos s\u00edntomas mientras conduce, deber\u00eda intentar parar en un lugar seguro.<\/li>\n<li>Por lo general, no deber\u00eda conducir durante las primeras semanas tras la implantaci\u00f3n de un nuevo dispositivo.<\/li>\n<li>Por lo general, las restricciones de conducci\u00f3n son diferentes para conductores privados y conductores profesionales. Pida m\u00e1s informaci\u00f3n a su m\u00e9dico si lo necesita.<\/li>\n<li>Experimentar una descarga del DAI puede suponer restricciones de conducci\u00f3n adicionales.<\/li>\n<li>Tenga en cuenta que el factor que determina las restricciones de conducci\u00f3n no es el dispositivo, sino la enfermedad card\u00edaca subyacente. Por tanto, puede que tenga restricciones para conducir aunque decida no usar un dispositivo.<\/li>\n<li>Por tanto, las restricciones de conducci\u00f3n no deben influir en su decisi\u00f3n si decide aceptar o no el uso de un dispositivo implantado.<\/li>\n<\/ul>\n<p>&nbsp;<\/p>\n<p>Pregunte siempre a su m\u00e9dico y a las autoridades locales de su pa\u00eds si se aplican restricciones de conducci\u00f3n en su caso. La Sociedad Europea de Cardiolog\u00eda\/Asociaci\u00f3n Europea de Ritmo Card\u00edaco solo puede dar recomendaciones generales y no se hace responsable de los consejos proporcionados anteriormente.<\/p>\n","protected":false},"excerpt":{"rendered":"<p>Conducir es una necesidad b\u00e1sica para muchas personas. La incapacidad de conducir puede limitar gravemente la libertad de un individuo y afectar de forma negativa a su calidad de vida. Sin embargo, desmayarse o experimentar descargas durante la conducci\u00f3n puede derivar en efectos perjudiciales para usted, los pasajeros y otros usuarios viales. Por tanto, es [&hellip;]<\/p>\n","protected":false},"author":1,"featured_media":576,"parent":642,"menu_order":4,"comment_status":"closed","ping_status":"closed","template":"","meta":{"_acf_changed":false,"footnotes":""},"categories":[],"tags":[],"class_list":["post-640","page","type-page","status-publish","has-post-thumbnail","hentry"],"acf":[],"yoast_head":"<!-- This site is optimized with the Yoast SEO plugin v25.3.1 - https:\/\/yoast.com\/wordpress\/plugins\/seo\/ -->\n<title>Al volante | My Rhythm Device<\/title>\n<meta name=\"description\" content=\"Es importante conocer las restricciones de conducci\u00f3n en diferentes situaciones tras la implantaci\u00f3n del marcapasos y del DAI.\" \/>\n<meta name=\"robots\" content=\"index, follow, max-snippet:-1, max-image-preview:large, max-video-preview:-1\" \/>\n<link rel=\"canonical\" href=\"https:\/\/www.myrhythmdevice.org\/es\/vivir-con-un-dispositivo-cardiaco\/al-volante\/\" \/>\n<meta property=\"og:locale\" content=\"es_ES\" \/>\n<meta property=\"og:type\" content=\"article\" \/>\n<meta property=\"og:title\" content=\"Al volante | My Rhythm Device\" \/>\n<meta property=\"og:description\" content=\"Es importante conocer las restricciones de conducci\u00f3n en diferentes situaciones tras la implantaci\u00f3n del marcapasos y del DAI.\" \/>\n<meta property=\"og:url\" content=\"https:\/\/www.myrhythmdevice.org\/es\/vivir-con-un-dispositivo-cardiaco\/al-volante\/\" \/>\n<meta property=\"og:site_name\" content=\"myrhythmdevice.org\" \/>\n<meta property=\"article:modified_time\" content=\"2023-01-05T09:59:21+00:00\" \/>\n<meta property=\"og:image\" content=\"https:\/\/www.myrhythmdevice.org\/wp-content\/uploads\/2022\/02\/shutterstock_557719861-1-min.jpg\" \/>\n\t<meta property=\"og:image:width\" content=\"900\" \/>\n\t<meta property=\"og:image:height\" content=\"601\" \/>\n\t<meta property=\"og:image:type\" content=\"image\/jpeg\" \/>\n<meta name=\"twitter:card\" content=\"summary_large_image\" \/>\n<meta name=\"twitter:label1\" content=\"Tiempo de lectura\" \/>\n\t<meta name=\"twitter:data1\" content=\"2 minutos\" \/>\n<script type=\"application\/ld+json\" class=\"yoast-schema-graph\">{\"@context\":\"https:\/\/schema.org\",\"@graph\":[{\"@type\":\"WebPage\",\"@id\":\"https:\/\/www.myrhythmdevice.org\/es\/vivir-con-un-dispositivo-cardiaco\/al-volante\/\",\"url\":\"https:\/\/www.myrhythmdevice.org\/es\/vivir-con-un-dispositivo-cardiaco\/al-volante\/\",\"name\":\"Al volante | My Rhythm Device\",\"isPartOf\":{\"@id\":\"https:\/\/www.myrhythmdevice.org\/#website\"},\"primaryImageOfPage\":{\"@id\":\"https:\/\/www.myrhythmdevice.org\/es\/vivir-con-un-dispositivo-cardiaco\/al-volante\/#primaryimage\"},\"image\":{\"@id\":\"https:\/\/www.myrhythmdevice.org\/es\/vivir-con-un-dispositivo-cardiaco\/al-volante\/#primaryimage\"},\"thumbnailUrl\":\"https:\/\/www.myrhythmdevice.org\/wp-content\/uploads\/2022\/02\/shutterstock_557719861-1-min.jpg\",\"datePublished\":\"2022-11-30T11:02:32+00:00\",\"dateModified\":\"2023-01-05T09:59:21+00:00\",\"description\":\"Es importante conocer las restricciones de conducci\u00f3n en diferentes situaciones tras la implantaci\u00f3n del marcapasos y del DAI.\",\"breadcrumb\":{\"@id\":\"https:\/\/www.myrhythmdevice.org\/es\/vivir-con-un-dispositivo-cardiaco\/al-volante\/#breadcrumb\"},\"inLanguage\":\"es\",\"potentialAction\":[{\"@type\":\"ReadAction\",\"target\":[\"https:\/\/www.myrhythmdevice.org\/es\/vivir-con-un-dispositivo-cardiaco\/al-volante\/\"]}]},{\"@type\":\"ImageObject\",\"inLanguage\":\"es\",\"@id\":\"https:\/\/www.myrhythmdevice.org\/es\/vivir-con-un-dispositivo-cardiaco\/al-volante\/#primaryimage\",\"url\":\"https:\/\/www.myrhythmdevice.org\/wp-content\/uploads\/2022\/02\/shutterstock_557719861-1-min.jpg\",\"contentUrl\":\"https:\/\/www.myrhythmdevice.org\/wp-content\/uploads\/2022\/02\/shutterstock_557719861-1-min.jpg\",\"width\":900,\"height\":601},{\"@type\":\"BreadcrumbList\",\"@id\":\"https:\/\/www.myrhythmdevice.org\/es\/vivir-con-un-dispositivo-cardiaco\/al-volante\/#breadcrumb\",\"itemListElement\":[{\"@type\":\"ListItem\",\"position\":1,\"name\":\"Home\",\"item\":\"https:\/\/www.myrhythmdevice.org\/es\/\"},{\"@type\":\"ListItem\",\"position\":2,\"name\":\"Vivir con un dispositivo card\u00edaco\",\"item\":\"https:\/\/www.myrhythmdevice.org\/es\/vivir-con-un-dispositivo-cardiaco\/\"},{\"@type\":\"ListItem\",\"position\":3,\"name\":\"Al volante\"}]},{\"@type\":\"WebSite\",\"@id\":\"https:\/\/www.myrhythmdevice.org\/#website\",\"url\":\"https:\/\/www.myrhythmdevice.org\/\",\"name\":\"myrhythmdevice.org\",\"description\":\"The website for patients with implanted cardiac devices, their caregivers and families.\",\"publisher\":{\"@id\":\"https:\/\/www.myrhythmdevice.org\/#organization\"},\"potentialAction\":[{\"@type\":\"SearchAction\",\"target\":{\"@type\":\"EntryPoint\",\"urlTemplate\":\"https:\/\/www.myrhythmdevice.org\/?s={search_term_string}\"},\"query-input\":{\"@type\":\"PropertyValueSpecification\",\"valueRequired\":true,\"valueName\":\"search_term_string\"}}],\"inLanguage\":\"es\"},{\"@type\":\"Organization\",\"@id\":\"https:\/\/www.myrhythmdevice.org\/#organization\",\"name\":\"myrhythmdevice.org\",\"url\":\"https:\/\/www.myrhythmdevice.org\/\",\"logo\":{\"@type\":\"ImageObject\",\"inLanguage\":\"es\",\"@id\":\"https:\/\/www.myrhythmdevice.org\/#\/schema\/logo\/image\/\",\"url\":\"https:\/\/cdn-endpoint-mrd.azureedge.net\/myrhythmdevice\/2022\/02\/LOGO-MRD.jpg\",\"contentUrl\":\"https:\/\/cdn-endpoint-mrd.azureedge.net\/myrhythmdevice\/2022\/02\/LOGO-MRD.jpg\",\"width\":1478,\"height\":326,\"caption\":\"myrhythmdevice.org\"},\"image\":{\"@id\":\"https:\/\/www.myrhythmdevice.org\/#\/schema\/logo\/image\/\"}}]}<\/script>\n<!-- \/ Yoast SEO plugin. -->","yoast_head_json":{"title":"Al volante | My Rhythm Device","description":"Es importante conocer las restricciones de conducci\u00f3n en diferentes situaciones tras la implantaci\u00f3n del marcapasos y del DAI.","robots":{"index":"index","follow":"follow","max-snippet":"max-snippet:-1","max-image-preview":"max-image-preview:large","max-video-preview":"max-video-preview:-1"},"canonical":"https:\/\/www.myrhythmdevice.org\/es\/vivir-con-un-dispositivo-cardiaco\/al-volante\/","og_locale":"es_ES","og_type":"article","og_title":"Al volante | My Rhythm Device","og_description":"Es importante conocer las restricciones de conducci\u00f3n en diferentes situaciones tras la implantaci\u00f3n del marcapasos y del DAI.","og_url":"https:\/\/www.myrhythmdevice.org\/es\/vivir-con-un-dispositivo-cardiaco\/al-volante\/","og_site_name":"myrhythmdevice.org","article_modified_time":"2023-01-05T09:59:21+00:00","og_image":[{"width":900,"height":601,"url":"https:\/\/www.myrhythmdevice.org\/wp-content\/uploads\/2022\/02\/shutterstock_557719861-1-min.jpg","type":"image\/jpeg"}],"twitter_card":"summary_large_image","twitter_misc":{"Tiempo de lectura":"2 minutos"},"schema":{"@context":"https:\/\/schema.org","@graph":[{"@type":"WebPage","@id":"https:\/\/www.myrhythmdevice.org\/es\/vivir-con-un-dispositivo-cardiaco\/al-volante\/","url":"https:\/\/www.myrhythmdevice.org\/es\/vivir-con-un-dispositivo-cardiaco\/al-volante\/","name":"Al volante | My Rhythm Device","isPartOf":{"@id":"https:\/\/www.myrhythmdevice.org\/#website"},"primaryImageOfPage":{"@id":"https:\/\/www.myrhythmdevice.org\/es\/vivir-con-un-dispositivo-cardiaco\/al-volante\/#primaryimage"},"image":{"@id":"https:\/\/www.myrhythmdevice.org\/es\/vivir-con-un-dispositivo-cardiaco\/al-volante\/#primaryimage"},"thumbnailUrl":"https:\/\/www.myrhythmdevice.org\/wp-content\/uploads\/2022\/02\/shutterstock_557719861-1-min.jpg","datePublished":"2022-11-30T11:02:32+00:00","dateModified":"2023-01-05T09:59:21+00:00","description":"Es importante conocer las restricciones de conducci\u00f3n en diferentes situaciones tras la implantaci\u00f3n del marcapasos y del DAI.","breadcrumb":{"@id":"https:\/\/www.myrhythmdevice.org\/es\/vivir-con-un-dispositivo-cardiaco\/al-volante\/#breadcrumb"},"inLanguage":"es","potentialAction":[{"@type":"ReadAction","target":["https:\/\/www.myrhythmdevice.org\/es\/vivir-con-un-dispositivo-cardiaco\/al-volante\/"]}]},{"@type":"ImageObject","inLanguage":"es","@id":"https:\/\/www.myrhythmdevice.org\/es\/vivir-con-un-dispositivo-cardiaco\/al-volante\/#primaryimage","url":"https:\/\/www.myrhythmdevice.org\/wp-content\/uploads\/2022\/02\/shutterstock_557719861-1-min.jpg","contentUrl":"https:\/\/www.myrhythmdevice.org\/wp-content\/uploads\/2022\/02\/shutterstock_557719861-1-min.jpg","width":900,"height":601},{"@type":"BreadcrumbList","@id":"https:\/\/www.myrhythmdevice.org\/es\/vivir-con-un-dispositivo-cardiaco\/al-volante\/#breadcrumb","itemListElement":[{"@type":"ListItem","position":1,"name":"Home","item":"https:\/\/www.myrhythmdevice.org\/es\/"},{"@type":"ListItem","position":2,"name":"Vivir con un dispositivo card\u00edaco","item":"https:\/\/www.myrhythmdevice.org\/es\/vivir-con-un-dispositivo-cardiaco\/"},{"@type":"ListItem","position":3,"name":"Al volante"}]},{"@type":"WebSite","@id":"https:\/\/www.myrhythmdevice.org\/#website","url":"https:\/\/www.myrhythmdevice.org\/","name":"myrhythmdevice.org","description":"The website for patients with implanted cardiac devices, their caregivers and families.","publisher":{"@id":"https:\/\/www.myrhythmdevice.org\/#organization"},"potentialAction":[{"@type":"SearchAction","target":{"@type":"EntryPoint","urlTemplate":"https:\/\/www.myrhythmdevice.org\/?s={search_term_string}"},"query-input":{"@type":"PropertyValueSpecification","valueRequired":true,"valueName":"search_term_string"}}],"inLanguage":"es"},{"@type":"Organization","@id":"https:\/\/www.myrhythmdevice.org\/#organization","name":"myrhythmdevice.org","url":"https:\/\/www.myrhythmdevice.org\/","logo":{"@type":"ImageObject","inLanguage":"es","@id":"https:\/\/www.myrhythmdevice.org\/#\/schema\/logo\/image\/","url":"https:\/\/cdn-endpoint-mrd.azureedge.net\/myrhythmdevice\/2022\/02\/LOGO-MRD.jpg","contentUrl":"https:\/\/cdn-endpoint-mrd.azureedge.net\/myrhythmdevice\/2022\/02\/LOGO-MRD.jpg","width":1478,"height":326,"caption":"myrhythmdevice.org"},"image":{"@id":"https:\/\/www.myrhythmdevice.org\/#\/schema\/logo\/image\/"}}]}},"_links":{"self":[{"href":"https:\/\/www.myrhythmdevice.org\/es\/wp-json\/wp\/v2\/pages\/640","targetHints":{"allow":["GET"]}}],"collection":[{"href":"https:\/\/www.myrhythmdevice.org\/es\/wp-json\/wp\/v2\/pages"}],"about":[{"href":"https:\/\/www.myrhythmdevice.org\/es\/wp-json\/wp\/v2\/types\/page"}],"author":[{"embeddable":true,"href":"https:\/\/www.myrhythmdevice.org\/es\/wp-json\/wp\/v2\/users\/1"}],"replies":[{"embeddable":true,"href":"https:\/\/www.myrhythmdevice.org\/es\/wp-json\/wp\/v2\/comments?post=640"}],"version-history":[{"count":1,"href":"https:\/\/www.myrhythmdevice.org\/es\/wp-json\/wp\/v2\/pages\/640\/revisions"}],"predecessor-version":[{"id":764,"href":"https:\/\/www.myrhythmdevice.org\/es\/wp-json\/wp\/v2\/pages\/640\/revisions\/764"}],"up":[{"embeddable":true,"href":"https:\/\/www.myrhythmdevice.org\/es\/wp-json\/wp\/v2\/pages\/642"}],"wp:featuredmedia":[{"embeddable":true,"href":"https:\/\/www.myrhythmdevice.org\/es\/wp-json\/wp\/v2\/media\/576"}],"wp:attachment":[{"href":"https:\/\/www.myrhythmdevice.org\/es\/wp-json\/wp\/v2\/media?parent=640"}],"wp:term":[{"taxonomy":"category","embeddable":true,"href":"https:\/\/www.myrhythmdevice.org\/es\/wp-json\/wp\/v2\/categories?post=640"},{"taxonomy":"post_tag","embeddable":true,"href":"https:\/\/www.myrhythmdevice.org\/es\/wp-json\/wp\/v2\/tags?post=640"}],"curies":[{"name":"wp","href":"https:\/\/api.w.org\/{rel}","templated":true}]}}