{"id":639,"date":"2022-11-30T11:02:32","date_gmt":"2022-11-30T11:02:32","guid":{"rendered":"https:\/\/www.myrhythmdevice.org\/monitor-de-ritmo-cardiaco-implantable\/que-sucede-si-el-dispositivo-registra-una-arritmia\/"},"modified":"2023-01-05T09:59:21","modified_gmt":"2023-01-05T09:59:21","slug":"que-sucede-si-el-dispositivo-registra-una-arritmia","status":"publish","type":"page","link":"https:\/\/www.myrhythmdevice.org\/es\/monitor-de-ritmo-cardiaco-implantable\/que-sucede-si-el-dispositivo-registra-una-arritmia\/","title":{"rendered":"\u00bfQu\u00e9 sucede si el dispositivo registra una arritmia?"},"content":{"rendered":"<p><img loading=\"lazy\" decoding=\"async\" class=\"aligncenter wp-image-170\" src=\"https:\/\/cdn-endpoint-mrd.azureedge.net\/myrhythmdevice\/2022\/02\/shutterstock_2012253452-1-min.jpg\" alt=\"\" width=\"600\" height=\"501\" srcset=\"https:\/\/cdn-endpoint-mrd.azureedge.net\/myrhythmdevice\/2022\/02\/shutterstock_2012253452-1-min.jpg 900w, https:\/\/www.myrhythmdevice.org\/wp-content\/uploads\/2022\/02\/shutterstock_2012253452-1-min-300x251.jpg 300w, https:\/\/www.myrhythmdevice.org\/wp-content\/uploads\/2022\/02\/shutterstock_2012253452-1-min-768x642.jpg 768w, https:\/\/www.myrhythmdevice.org\/wp-content\/uploads\/2022\/02\/shutterstock_2012253452-1-min-479x400.jpg 479w, https:\/\/www.myrhythmdevice.org\/wp-content\/uploads\/2022\/02\/shutterstock_2012253452-1-min-718x600.jpg 718w\" sizes=\"auto, (max-width: 600px) 100vw, 600px\" \/><br \/>\nUn monitor card\u00edaco implantable es un dispositivo que solo sirve para registrar un registro electrocardiogr\u00e1fico en el momento de los s\u00edntomas o en caso de detecci\u00f3n autom\u00e1tica de un ritmo card\u00edaco anormal. Este dispositivo de diagn\u00f3stico no tiene ninguna funci\u00f3n terap\u00e9utica, sea cual sea el grado de urgencia. Por tanto, es muy importante saber c\u00f3mo funciona y ponerse en contacto con el centro de implantaci\u00f3n tras registrar un s\u00edntoma. Del mismo modo, es muy importante enviar transmisiones con regularidad si su centro le hace un seguimiento de forma remota, ya que es posible que los episodios se hayan almacenado autom\u00e1ticamente.<\/p>\n","protected":false},"excerpt":{"rendered":"<p>Un monitor card\u00edaco implantable es un dispositivo que solo sirve para registrar un registro electrocardiogr\u00e1fico en el momento de los s\u00edntomas o en caso de detecci\u00f3n autom\u00e1tica de un ritmo card\u00edaco anormal. Este dispositivo de diagn\u00f3stico no tiene ninguna funci\u00f3n terap\u00e9utica, sea cual sea el grado de urgencia. Por tanto, es muy importante saber c\u00f3mo [&hellip;]<\/p>\n","protected":false},"author":1,"featured_media":571,"parent":619,"menu_order":5,"comment_status":"closed","ping_status":"closed","template":"","meta":{"_acf_changed":false,"footnotes":""},"categories":[],"tags":[],"class_list":["post-639","page","type-page","status-publish","has-post-thumbnail","hentry"],"acf":[],"yoast_head":"<!-- This site is optimized with the Yoast SEO plugin v25.3.1 - https:\/\/yoast.com\/wordpress\/plugins\/seo\/ -->\n<title>\u00bfQu\u00e9 sucede si el dispositivo registra una arritmia? | My Rhythm Device<\/title>\n<meta name=\"description\" content=\"Un monitor card\u00edaco implantable es un dispositivo que solo sirve para registrar un registro electrocardiogr\u00e1fico y no tiene funci\u00f3n terap\u00e9utica.\" \/>\n<meta name=\"robots\" content=\"index, follow, max-snippet:-1, max-image-preview:large, max-video-preview:-1\" \/>\n<link rel=\"canonical\" href=\"https:\/\/www.myrhythmdevice.org\/implantable-heart-rhythm-monitor\/what-happens-if-the-device-records-an-arrhythmia\/\" \/>\n<meta property=\"og:locale\" content=\"es_ES\" \/>\n<meta property=\"og:type\" content=\"article\" \/>\n<meta property=\"og:title\" content=\"\u00bfQu\u00e9 sucede si el dispositivo registra una arritmia? | My Rhythm Device\" \/>\n<meta property=\"og:description\" content=\"Un monitor card\u00edaco implantable es un dispositivo que solo sirve para registrar un registro electrocardiogr\u00e1fico y no tiene funci\u00f3n terap\u00e9utica.\" \/>\n<meta property=\"og:url\" content=\"https:\/\/www.myrhythmdevice.org\/implantable-heart-rhythm-monitor\/what-happens-if-the-device-records-an-arrhythmia\/\" \/>\n<meta property=\"og:site_name\" content=\"myrhythmdevice.org\" \/>\n<meta property=\"article:modified_time\" content=\"2023-01-05T09:59:21+00:00\" \/>\n<meta property=\"og:image\" content=\"https:\/\/www.myrhythmdevice.org\/wp-content\/uploads\/2022\/02\/shutterstock_2012253452-1-min.jpg\" \/>\n\t<meta property=\"og:image:width\" content=\"900\" \/>\n\t<meta property=\"og:image:height\" content=\"752\" \/>\n\t<meta property=\"og:image:type\" content=\"image\/jpeg\" \/>\n<meta name=\"twitter:card\" content=\"summary_large_image\" \/>\n<meta name=\"twitter:label1\" content=\"Tiempo de lectura\" \/>\n\t<meta name=\"twitter:data1\" content=\"1 minuto\" \/>\n<script type=\"application\/ld+json\" class=\"yoast-schema-graph\">{\"@context\":\"https:\/\/schema.org\",\"@graph\":[{\"@type\":\"WebPage\",\"@id\":\"https:\/\/www.myrhythmdevice.org\/implantable-heart-rhythm-monitor\/what-happens-if-the-device-records-an-arrhythmia\/\",\"url\":\"https:\/\/www.myrhythmdevice.org\/implantable-heart-rhythm-monitor\/what-happens-if-the-device-records-an-arrhythmia\/\",\"name\":\"\u00bfQu\u00e9 sucede si el dispositivo registra una arritmia? | My Rhythm Device\",\"isPartOf\":{\"@id\":\"https:\/\/www.myrhythmdevice.org\/#website\"},\"primaryImageOfPage\":{\"@id\":\"https:\/\/www.myrhythmdevice.org\/implantable-heart-rhythm-monitor\/what-happens-if-the-device-records-an-arrhythmia\/#primaryimage\"},\"image\":{\"@id\":\"https:\/\/www.myrhythmdevice.org\/implantable-heart-rhythm-monitor\/what-happens-if-the-device-records-an-arrhythmia\/#primaryimage\"},\"thumbnailUrl\":\"https:\/\/www.myrhythmdevice.org\/wp-content\/uploads\/2022\/02\/shutterstock_2012253452-1-min.jpg\",\"datePublished\":\"2022-11-30T11:02:32+00:00\",\"dateModified\":\"2023-01-05T09:59:21+00:00\",\"description\":\"Un monitor card\u00edaco implantable es un dispositivo que solo sirve para registrar un registro electrocardiogr\u00e1fico y no tiene funci\u00f3n terap\u00e9utica.\",\"breadcrumb\":{\"@id\":\"https:\/\/www.myrhythmdevice.org\/implantable-heart-rhythm-monitor\/what-happens-if-the-device-records-an-arrhythmia\/#breadcrumb\"},\"inLanguage\":\"es\",\"potentialAction\":[{\"@type\":\"ReadAction\",\"target\":[\"https:\/\/www.myrhythmdevice.org\/implantable-heart-rhythm-monitor\/what-happens-if-the-device-records-an-arrhythmia\/\"]}]},{\"@type\":\"ImageObject\",\"inLanguage\":\"es\",\"@id\":\"https:\/\/www.myrhythmdevice.org\/implantable-heart-rhythm-monitor\/what-happens-if-the-device-records-an-arrhythmia\/#primaryimage\",\"url\":\"https:\/\/www.myrhythmdevice.org\/wp-content\/uploads\/2022\/02\/shutterstock_2012253452-1-min.jpg\",\"contentUrl\":\"https:\/\/www.myrhythmdevice.org\/wp-content\/uploads\/2022\/02\/shutterstock_2012253452-1-min.jpg\",\"width\":900,\"height\":752},{\"@type\":\"BreadcrumbList\",\"@id\":\"https:\/\/www.myrhythmdevice.org\/implantable-heart-rhythm-monitor\/what-happens-if-the-device-records-an-arrhythmia\/#breadcrumb\",\"itemListElement\":[{\"@type\":\"ListItem\",\"position\":1,\"name\":\"Home\",\"item\":\"https:\/\/www.myrhythmdevice.org\/es\/\"},{\"@type\":\"ListItem\",\"position\":2,\"name\":\"Monitor de ritmo card\u00edaco implantable\",\"item\":\"https:\/\/www.myrhythmdevice.org\/implantable-heart-rhythm-monitor\/\"},{\"@type\":\"ListItem\",\"position\":3,\"name\":\"\u00bfQu\u00e9 sucede si el dispositivo registra una arritmia?\"}]},{\"@type\":\"WebSite\",\"@id\":\"https:\/\/www.myrhythmdevice.org\/#website\",\"url\":\"https:\/\/www.myrhythmdevice.org\/\",\"name\":\"myrhythmdevice.org\",\"description\":\"The website for patients with implanted cardiac devices, their caregivers and families.\",\"publisher\":{\"@id\":\"https:\/\/www.myrhythmdevice.org\/#organization\"},\"potentialAction\":[{\"@type\":\"SearchAction\",\"target\":{\"@type\":\"EntryPoint\",\"urlTemplate\":\"https:\/\/www.myrhythmdevice.org\/?s={search_term_string}\"},\"query-input\":{\"@type\":\"PropertyValueSpecification\",\"valueRequired\":true,\"valueName\":\"search_term_string\"}}],\"inLanguage\":\"es\"},{\"@type\":\"Organization\",\"@id\":\"https:\/\/www.myrhythmdevice.org\/#organization\",\"name\":\"myrhythmdevice.org\",\"url\":\"https:\/\/www.myrhythmdevice.org\/\",\"logo\":{\"@type\":\"ImageObject\",\"inLanguage\":\"es\",\"@id\":\"https:\/\/www.myrhythmdevice.org\/#\/schema\/logo\/image\/\",\"url\":\"https:\/\/cdn-endpoint-mrd.azureedge.net\/myrhythmdevice\/2022\/02\/LOGO-MRD.jpg\",\"contentUrl\":\"https:\/\/cdn-endpoint-mrd.azureedge.net\/myrhythmdevice\/2022\/02\/LOGO-MRD.jpg\",\"width\":1478,\"height\":326,\"caption\":\"myrhythmdevice.org\"},\"image\":{\"@id\":\"https:\/\/www.myrhythmdevice.org\/#\/schema\/logo\/image\/\"}}]}<\/script>\n<!-- \/ Yoast SEO plugin. -->","yoast_head_json":{"title":"\u00bfQu\u00e9 sucede si el dispositivo registra una arritmia? | My Rhythm Device","description":"Un monitor card\u00edaco implantable es un dispositivo que solo sirve para registrar un registro electrocardiogr\u00e1fico y no tiene funci\u00f3n terap\u00e9utica.","robots":{"index":"index","follow":"follow","max-snippet":"max-snippet:-1","max-image-preview":"max-image-preview:large","max-video-preview":"max-video-preview:-1"},"canonical":"https:\/\/www.myrhythmdevice.org\/implantable-heart-rhythm-monitor\/what-happens-if-the-device-records-an-arrhythmia\/","og_locale":"es_ES","og_type":"article","og_title":"\u00bfQu\u00e9 sucede si el dispositivo registra una arritmia? | My Rhythm Device","og_description":"Un monitor card\u00edaco implantable es un dispositivo que solo sirve para registrar un registro electrocardiogr\u00e1fico y no tiene funci\u00f3n terap\u00e9utica.","og_url":"https:\/\/www.myrhythmdevice.org\/implantable-heart-rhythm-monitor\/what-happens-if-the-device-records-an-arrhythmia\/","og_site_name":"myrhythmdevice.org","article_modified_time":"2023-01-05T09:59:21+00:00","og_image":[{"width":900,"height":752,"url":"https:\/\/www.myrhythmdevice.org\/wp-content\/uploads\/2022\/02\/shutterstock_2012253452-1-min.jpg","type":"image\/jpeg"}],"twitter_card":"summary_large_image","twitter_misc":{"Tiempo de lectura":"1 minuto"},"schema":{"@context":"https:\/\/schema.org","@graph":[{"@type":"WebPage","@id":"https:\/\/www.myrhythmdevice.org\/implantable-heart-rhythm-monitor\/what-happens-if-the-device-records-an-arrhythmia\/","url":"https:\/\/www.myrhythmdevice.org\/implantable-heart-rhythm-monitor\/what-happens-if-the-device-records-an-arrhythmia\/","name":"\u00bfQu\u00e9 sucede si el dispositivo registra una arritmia? | My Rhythm Device","isPartOf":{"@id":"https:\/\/www.myrhythmdevice.org\/#website"},"primaryImageOfPage":{"@id":"https:\/\/www.myrhythmdevice.org\/implantable-heart-rhythm-monitor\/what-happens-if-the-device-records-an-arrhythmia\/#primaryimage"},"image":{"@id":"https:\/\/www.myrhythmdevice.org\/implantable-heart-rhythm-monitor\/what-happens-if-the-device-records-an-arrhythmia\/#primaryimage"},"thumbnailUrl":"https:\/\/www.myrhythmdevice.org\/wp-content\/uploads\/2022\/02\/shutterstock_2012253452-1-min.jpg","datePublished":"2022-11-30T11:02:32+00:00","dateModified":"2023-01-05T09:59:21+00:00","description":"Un monitor card\u00edaco implantable es un dispositivo que solo sirve para registrar un registro electrocardiogr\u00e1fico y no tiene funci\u00f3n terap\u00e9utica.","breadcrumb":{"@id":"https:\/\/www.myrhythmdevice.org\/implantable-heart-rhythm-monitor\/what-happens-if-the-device-records-an-arrhythmia\/#breadcrumb"},"inLanguage":"es","potentialAction":[{"@type":"ReadAction","target":["https:\/\/www.myrhythmdevice.org\/implantable-heart-rhythm-monitor\/what-happens-if-the-device-records-an-arrhythmia\/"]}]},{"@type":"ImageObject","inLanguage":"es","@id":"https:\/\/www.myrhythmdevice.org\/implantable-heart-rhythm-monitor\/what-happens-if-the-device-records-an-arrhythmia\/#primaryimage","url":"https:\/\/www.myrhythmdevice.org\/wp-content\/uploads\/2022\/02\/shutterstock_2012253452-1-min.jpg","contentUrl":"https:\/\/www.myrhythmdevice.org\/wp-content\/uploads\/2022\/02\/shutterstock_2012253452-1-min.jpg","width":900,"height":752},{"@type":"BreadcrumbList","@id":"https:\/\/www.myrhythmdevice.org\/implantable-heart-rhythm-monitor\/what-happens-if-the-device-records-an-arrhythmia\/#breadcrumb","itemListElement":[{"@type":"ListItem","position":1,"name":"Home","item":"https:\/\/www.myrhythmdevice.org\/es\/"},{"@type":"ListItem","position":2,"name":"Monitor de ritmo card\u00edaco implantable","item":"https:\/\/www.myrhythmdevice.org\/implantable-heart-rhythm-monitor\/"},{"@type":"ListItem","position":3,"name":"\u00bfQu\u00e9 sucede si el dispositivo registra una arritmia?"}]},{"@type":"WebSite","@id":"https:\/\/www.myrhythmdevice.org\/#website","url":"https:\/\/www.myrhythmdevice.org\/","name":"myrhythmdevice.org","description":"The website for patients with implanted cardiac devices, their caregivers and families.","publisher":{"@id":"https:\/\/www.myrhythmdevice.org\/#organization"},"potentialAction":[{"@type":"SearchAction","target":{"@type":"EntryPoint","urlTemplate":"https:\/\/www.myrhythmdevice.org\/?s={search_term_string}"},"query-input":{"@type":"PropertyValueSpecification","valueRequired":true,"valueName":"search_term_string"}}],"inLanguage":"es"},{"@type":"Organization","@id":"https:\/\/www.myrhythmdevice.org\/#organization","name":"myrhythmdevice.org","url":"https:\/\/www.myrhythmdevice.org\/","logo":{"@type":"ImageObject","inLanguage":"es","@id":"https:\/\/www.myrhythmdevice.org\/#\/schema\/logo\/image\/","url":"https:\/\/cdn-endpoint-mrd.azureedge.net\/myrhythmdevice\/2022\/02\/LOGO-MRD.jpg","contentUrl":"https:\/\/cdn-endpoint-mrd.azureedge.net\/myrhythmdevice\/2022\/02\/LOGO-MRD.jpg","width":1478,"height":326,"caption":"myrhythmdevice.org"},"image":{"@id":"https:\/\/www.myrhythmdevice.org\/#\/schema\/logo\/image\/"}}]}},"_links":{"self":[{"href":"https:\/\/www.myrhythmdevice.org\/es\/wp-json\/wp\/v2\/pages\/639","targetHints":{"allow":["GET"]}}],"collection":[{"href":"https:\/\/www.myrhythmdevice.org\/es\/wp-json\/wp\/v2\/pages"}],"about":[{"href":"https:\/\/www.myrhythmdevice.org\/es\/wp-json\/wp\/v2\/types\/page"}],"author":[{"embeddable":true,"href":"https:\/\/www.myrhythmdevice.org\/es\/wp-json\/wp\/v2\/users\/1"}],"replies":[{"embeddable":true,"href":"https:\/\/www.myrhythmdevice.org\/es\/wp-json\/wp\/v2\/comments?post=639"}],"version-history":[{"count":1,"href":"https:\/\/www.myrhythmdevice.org\/es\/wp-json\/wp\/v2\/pages\/639\/revisions"}],"predecessor-version":[{"id":762,"href":"https:\/\/www.myrhythmdevice.org\/es\/wp-json\/wp\/v2\/pages\/639\/revisions\/762"}],"up":[{"embeddable":true,"href":"https:\/\/www.myrhythmdevice.org\/es\/wp-json\/wp\/v2\/pages\/619"}],"wp:featuredmedia":[{"embeddable":true,"href":"https:\/\/www.myrhythmdevice.org\/es\/wp-json\/wp\/v2\/media\/571"}],"wp:attachment":[{"href":"https:\/\/www.myrhythmdevice.org\/es\/wp-json\/wp\/v2\/media?parent=639"}],"wp:term":[{"taxonomy":"category","embeddable":true,"href":"https:\/\/www.myrhythmdevice.org\/es\/wp-json\/wp\/v2\/categories?post=639"},{"taxonomy":"post_tag","embeddable":true,"href":"https:\/\/www.myrhythmdevice.org\/es\/wp-json\/wp\/v2\/tags?post=639"}],"curies":[{"name":"wp","href":"https:\/\/api.w.org\/{rel}","templated":true}]}}