{"id":637,"date":"2022-11-30T11:02:29","date_gmt":"2022-11-30T11:02:29","guid":{"rendered":"https:\/\/www.myrhythmdevice.org\/que-es-un-dispositivo-cardiaco\/"},"modified":"2023-01-05T09:59:18","modified_gmt":"2023-01-05T09:59:18","slug":"que-es-un-dispositivo-cardiaco","status":"publish","type":"page","link":"https:\/\/www.myrhythmdevice.org\/es\/que-es-un-dispositivo-cardiaco\/","title":{"rendered":"\u00bfQu\u00e9 es un dispositivo card\u00edaco?"},"content":{"rendered":"<p>Un dispositivo card\u00edaco electr\u00f3nico implantable (DCEI) es un dispositivo que se implanta en el cuerpo para ayudar a registrar y controlar las anomal\u00edas del ritmo card\u00edaco o la insuficiencia card\u00edaca. Los principales tipos de dispositivos card\u00edacos son los siguientes:<\/p>\n<ul>\n<li>Marcapasos<\/li>\n<li>Desfibrilador cardioversor implantable (DAI)<\/li>\n<li>Terapia de resincronizaci\u00f3n card\u00edaca (TRC)<\/li>\n<li>Monitor de ritmo card\u00edaco<\/li>\n<\/ul>\n","protected":false},"excerpt":{"rendered":"<p>Un dispositivo card\u00edaco electr\u00f3nico implantable (DCEI) es un dispositivo que se implanta en el cuerpo para ayudar a registrar y controlar las anomal\u00edas del ritmo card\u00edaco o la insuficiencia card\u00edaca. Los principales tipos de dispositivos card\u00edacos son los siguientes: Marcapasos Desfibrilador cardioversor implantable (DAI) Terapia de resincronizaci\u00f3n card\u00edaca (TRC) Monitor de ritmo card\u00edaco<\/p>\n","protected":false},"author":1,"featured_media":537,"parent":0,"menu_order":0,"comment_status":"closed","ping_status":"closed","template":"","meta":{"_acf_changed":false,"footnotes":""},"categories":[],"tags":[],"class_list":["post-637","page","type-page","status-publish","has-post-thumbnail","hentry"],"acf":[],"yoast_head":"<!-- This site is optimized with the Yoast SEO plugin v26.0 - https:\/\/yoast.com\/wordpress\/plugins\/seo\/ -->\n<title>\u00bfQu\u00e9 es un dispositivo card\u00edaco? | My Rhythm Device<\/title>\n<meta name=\"description\" content=\"Un dispositivo card\u00edaco electr\u00f3nico implantable es un aparato que se implanta en el cuerpo para ayudar a registrar y controlar las anomal\u00edas del ritmo card\u00edaco o la insuficiencia card\u00edaca.\" \/>\n<meta name=\"robots\" content=\"index, follow, max-snippet:-1, max-image-preview:large, max-video-preview:-1\" \/>\n<link rel=\"canonical\" href=\"https:\/\/www.myrhythmdevice.org\/es\/que-es-un-dispositivo-cardiaco\/\" \/>\n<meta property=\"og:locale\" content=\"es_ES\" \/>\n<meta property=\"og:type\" content=\"article\" \/>\n<meta property=\"og:title\" content=\"\u00bfQu\u00e9 es un dispositivo card\u00edaco? | My Rhythm Device\" \/>\n<meta property=\"og:description\" content=\"Un dispositivo card\u00edaco electr\u00f3nico implantable es un aparato que se implanta en el cuerpo para ayudar a registrar y controlar las anomal\u00edas del ritmo card\u00edaco o la insuficiencia card\u00edaca.\" \/>\n<meta property=\"og:url\" content=\"https:\/\/www.myrhythmdevice.org\/es\/que-es-un-dispositivo-cardiaco\/\" \/>\n<meta property=\"og:site_name\" content=\"myrhythmdevice.org\" \/>\n<meta property=\"article:modified_time\" content=\"2023-01-05T09:59:18+00:00\" \/>\n<meta property=\"og:image\" content=\"https:\/\/www.myrhythmdevice.org\/wp-content\/uploads\/2022\/02\/heart-hands.png\" \/>\n\t<meta property=\"og:image:width\" content=\"865\" \/>\n\t<meta property=\"og:image:height\" content=\"566\" \/>\n\t<meta property=\"og:image:type\" content=\"image\/png\" \/>\n<meta name=\"twitter:card\" content=\"summary_large_image\" \/>\n<meta name=\"twitter:label1\" content=\"Tiempo de lectura\" \/>\n\t<meta name=\"twitter:data1\" content=\"1 minuto\" \/>\n<script type=\"application\/ld+json\" class=\"yoast-schema-graph\">{\"@context\":\"https:\/\/schema.org\",\"@graph\":[{\"@type\":\"WebPage\",\"@id\":\"https:\/\/www.myrhythmdevice.org\/es\/que-es-un-dispositivo-cardiaco\/\",\"url\":\"https:\/\/www.myrhythmdevice.org\/es\/que-es-un-dispositivo-cardiaco\/\",\"name\":\"\u00bfQu\u00e9 es un dispositivo card\u00edaco? | My Rhythm Device\",\"isPartOf\":{\"@id\":\"https:\/\/www.myrhythmdevice.org\/#website\"},\"primaryImageOfPage\":{\"@id\":\"https:\/\/www.myrhythmdevice.org\/es\/que-es-un-dispositivo-cardiaco\/#primaryimage\"},\"image\":{\"@id\":\"https:\/\/www.myrhythmdevice.org\/es\/que-es-un-dispositivo-cardiaco\/#primaryimage\"},\"thumbnailUrl\":\"https:\/\/www.myrhythmdevice.org\/wp-content\/uploads\/2022\/02\/heart-hands.png\",\"datePublished\":\"2022-11-30T11:02:29+00:00\",\"dateModified\":\"2023-01-05T09:59:18+00:00\",\"description\":\"Un dispositivo card\u00edaco electr\u00f3nico implantable es un aparato que se implanta en el cuerpo para ayudar a registrar y controlar las anomal\u00edas del ritmo card\u00edaco o la insuficiencia card\u00edaca.\",\"breadcrumb\":{\"@id\":\"https:\/\/www.myrhythmdevice.org\/es\/que-es-un-dispositivo-cardiaco\/#breadcrumb\"},\"inLanguage\":\"es\",\"potentialAction\":[{\"@type\":\"ReadAction\",\"target\":[\"https:\/\/www.myrhythmdevice.org\/es\/que-es-un-dispositivo-cardiaco\/\"]}]},{\"@type\":\"ImageObject\",\"inLanguage\":\"es\",\"@id\":\"https:\/\/www.myrhythmdevice.org\/es\/que-es-un-dispositivo-cardiaco\/#primaryimage\",\"url\":\"https:\/\/www.myrhythmdevice.org\/wp-content\/uploads\/2022\/02\/heart-hands.png\",\"contentUrl\":\"https:\/\/www.myrhythmdevice.org\/wp-content\/uploads\/2022\/02\/heart-hands.png\",\"width\":865,\"height\":566},{\"@type\":\"BreadcrumbList\",\"@id\":\"https:\/\/www.myrhythmdevice.org\/es\/que-es-un-dispositivo-cardiaco\/#breadcrumb\",\"itemListElement\":[{\"@type\":\"ListItem\",\"position\":1,\"name\":\"Home\",\"item\":\"https:\/\/www.myrhythmdevice.org\/es\/\"},{\"@type\":\"ListItem\",\"position\":2,\"name\":\"\u00bfQu\u00e9 es un dispositivo card\u00edaco?\"}]},{\"@type\":\"WebSite\",\"@id\":\"https:\/\/www.myrhythmdevice.org\/#website\",\"url\":\"https:\/\/www.myrhythmdevice.org\/\",\"name\":\"myrhythmdevice.org\",\"description\":\"The website for patients with implanted cardiac devices, their caregivers and families.\",\"publisher\":{\"@id\":\"https:\/\/www.myrhythmdevice.org\/#organization\"},\"potentialAction\":[{\"@type\":\"SearchAction\",\"target\":{\"@type\":\"EntryPoint\",\"urlTemplate\":\"https:\/\/www.myrhythmdevice.org\/?s={search_term_string}\"},\"query-input\":{\"@type\":\"PropertyValueSpecification\",\"valueRequired\":true,\"valueName\":\"search_term_string\"}}],\"inLanguage\":\"es\"},{\"@type\":\"Organization\",\"@id\":\"https:\/\/www.myrhythmdevice.org\/#organization\",\"name\":\"myrhythmdevice.org\",\"url\":\"https:\/\/www.myrhythmdevice.org\/\",\"logo\":{\"@type\":\"ImageObject\",\"inLanguage\":\"es\",\"@id\":\"https:\/\/www.myrhythmdevice.org\/#\/schema\/logo\/image\/\",\"url\":\"https:\/\/cdn-endpoint-mrd.azureedge.net\/myrhythmdevice\/2022\/02\/LOGO-MRD.jpg\",\"contentUrl\":\"https:\/\/cdn-endpoint-mrd.azureedge.net\/myrhythmdevice\/2022\/02\/LOGO-MRD.jpg\",\"width\":1478,\"height\":326,\"caption\":\"myrhythmdevice.org\"},\"image\":{\"@id\":\"https:\/\/www.myrhythmdevice.org\/#\/schema\/logo\/image\/\"}}]}<\/script>\n<!-- \/ Yoast SEO plugin. -->","yoast_head_json":{"title":"\u00bfQu\u00e9 es un dispositivo card\u00edaco? | My Rhythm Device","description":"Un dispositivo card\u00edaco electr\u00f3nico implantable es un aparato que se implanta en el cuerpo para ayudar a registrar y controlar las anomal\u00edas del ritmo card\u00edaco o la insuficiencia card\u00edaca.","robots":{"index":"index","follow":"follow","max-snippet":"max-snippet:-1","max-image-preview":"max-image-preview:large","max-video-preview":"max-video-preview:-1"},"canonical":"https:\/\/www.myrhythmdevice.org\/es\/que-es-un-dispositivo-cardiaco\/","og_locale":"es_ES","og_type":"article","og_title":"\u00bfQu\u00e9 es un dispositivo card\u00edaco? | My Rhythm Device","og_description":"Un dispositivo card\u00edaco electr\u00f3nico implantable es un aparato que se implanta en el cuerpo para ayudar a registrar y controlar las anomal\u00edas del ritmo card\u00edaco o la insuficiencia card\u00edaca.","og_url":"https:\/\/www.myrhythmdevice.org\/es\/que-es-un-dispositivo-cardiaco\/","og_site_name":"myrhythmdevice.org","article_modified_time":"2023-01-05T09:59:18+00:00","og_image":[{"width":865,"height":566,"url":"https:\/\/www.myrhythmdevice.org\/wp-content\/uploads\/2022\/02\/heart-hands.png","type":"image\/png"}],"twitter_card":"summary_large_image","twitter_misc":{"Tiempo de lectura":"1 minuto"},"schema":{"@context":"https:\/\/schema.org","@graph":[{"@type":"WebPage","@id":"https:\/\/www.myrhythmdevice.org\/es\/que-es-un-dispositivo-cardiaco\/","url":"https:\/\/www.myrhythmdevice.org\/es\/que-es-un-dispositivo-cardiaco\/","name":"\u00bfQu\u00e9 es un dispositivo card\u00edaco? | My Rhythm Device","isPartOf":{"@id":"https:\/\/www.myrhythmdevice.org\/#website"},"primaryImageOfPage":{"@id":"https:\/\/www.myrhythmdevice.org\/es\/que-es-un-dispositivo-cardiaco\/#primaryimage"},"image":{"@id":"https:\/\/www.myrhythmdevice.org\/es\/que-es-un-dispositivo-cardiaco\/#primaryimage"},"thumbnailUrl":"https:\/\/www.myrhythmdevice.org\/wp-content\/uploads\/2022\/02\/heart-hands.png","datePublished":"2022-11-30T11:02:29+00:00","dateModified":"2023-01-05T09:59:18+00:00","description":"Un dispositivo card\u00edaco electr\u00f3nico implantable es un aparato que se implanta en el cuerpo para ayudar a registrar y controlar las anomal\u00edas del ritmo card\u00edaco o la insuficiencia card\u00edaca.","breadcrumb":{"@id":"https:\/\/www.myrhythmdevice.org\/es\/que-es-un-dispositivo-cardiaco\/#breadcrumb"},"inLanguage":"es","potentialAction":[{"@type":"ReadAction","target":["https:\/\/www.myrhythmdevice.org\/es\/que-es-un-dispositivo-cardiaco\/"]}]},{"@type":"ImageObject","inLanguage":"es","@id":"https:\/\/www.myrhythmdevice.org\/es\/que-es-un-dispositivo-cardiaco\/#primaryimage","url":"https:\/\/www.myrhythmdevice.org\/wp-content\/uploads\/2022\/02\/heart-hands.png","contentUrl":"https:\/\/www.myrhythmdevice.org\/wp-content\/uploads\/2022\/02\/heart-hands.png","width":865,"height":566},{"@type":"BreadcrumbList","@id":"https:\/\/www.myrhythmdevice.org\/es\/que-es-un-dispositivo-cardiaco\/#breadcrumb","itemListElement":[{"@type":"ListItem","position":1,"name":"Home","item":"https:\/\/www.myrhythmdevice.org\/es\/"},{"@type":"ListItem","position":2,"name":"\u00bfQu\u00e9 es un dispositivo card\u00edaco?"}]},{"@type":"WebSite","@id":"https:\/\/www.myrhythmdevice.org\/#website","url":"https:\/\/www.myrhythmdevice.org\/","name":"myrhythmdevice.org","description":"The website for patients with implanted cardiac devices, their caregivers and families.","publisher":{"@id":"https:\/\/www.myrhythmdevice.org\/#organization"},"potentialAction":[{"@type":"SearchAction","target":{"@type":"EntryPoint","urlTemplate":"https:\/\/www.myrhythmdevice.org\/?s={search_term_string}"},"query-input":{"@type":"PropertyValueSpecification","valueRequired":true,"valueName":"search_term_string"}}],"inLanguage":"es"},{"@type":"Organization","@id":"https:\/\/www.myrhythmdevice.org\/#organization","name":"myrhythmdevice.org","url":"https:\/\/www.myrhythmdevice.org\/","logo":{"@type":"ImageObject","inLanguage":"es","@id":"https:\/\/www.myrhythmdevice.org\/#\/schema\/logo\/image\/","url":"https:\/\/cdn-endpoint-mrd.azureedge.net\/myrhythmdevice\/2022\/02\/LOGO-MRD.jpg","contentUrl":"https:\/\/cdn-endpoint-mrd.azureedge.net\/myrhythmdevice\/2022\/02\/LOGO-MRD.jpg","width":1478,"height":326,"caption":"myrhythmdevice.org"},"image":{"@id":"https:\/\/www.myrhythmdevice.org\/#\/schema\/logo\/image\/"}}]}},"_links":{"self":[{"href":"https:\/\/www.myrhythmdevice.org\/es\/wp-json\/wp\/v2\/pages\/637","targetHints":{"allow":["GET"]}}],"collection":[{"href":"https:\/\/www.myrhythmdevice.org\/es\/wp-json\/wp\/v2\/pages"}],"about":[{"href":"https:\/\/www.myrhythmdevice.org\/es\/wp-json\/wp\/v2\/types\/page"}],"author":[{"embeddable":true,"href":"https:\/\/www.myrhythmdevice.org\/es\/wp-json\/wp\/v2\/users\/1"}],"replies":[{"embeddable":true,"href":"https:\/\/www.myrhythmdevice.org\/es\/wp-json\/wp\/v2\/comments?post=637"}],"version-history":[{"count":2,"href":"https:\/\/www.myrhythmdevice.org\/es\/wp-json\/wp\/v2\/pages\/637\/revisions"}],"predecessor-version":[{"id":760,"href":"https:\/\/www.myrhythmdevice.org\/es\/wp-json\/wp\/v2\/pages\/637\/revisions\/760"}],"wp:featuredmedia":[{"embeddable":true,"href":"https:\/\/www.myrhythmdevice.org\/es\/wp-json\/wp\/v2\/media\/537"}],"wp:attachment":[{"href":"https:\/\/www.myrhythmdevice.org\/es\/wp-json\/wp\/v2\/media?parent=637"}],"wp:term":[{"taxonomy":"category","embeddable":true,"href":"https:\/\/www.myrhythmdevice.org\/es\/wp-json\/wp\/v2\/categories?post=637"},{"taxonomy":"post_tag","embeddable":true,"href":"https:\/\/www.myrhythmdevice.org\/es\/wp-json\/wp\/v2\/tags?post=637"}],"curies":[{"name":"wp","href":"https:\/\/api.w.org\/{rel}","templated":true}]}}