{"id":636,"date":"2022-11-30T11:02:28","date_gmt":"2022-11-30T11:02:28","guid":{"rendered":"https:\/\/www.myrhythmdevice.org\/dci\/cuando-necesito-un-dci\/"},"modified":"2023-01-05T09:59:17","modified_gmt":"2023-01-05T09:59:17","slug":"cuando-necesito-un-dci","status":"publish","type":"page","link":"https:\/\/www.myrhythmdevice.org\/es\/dci\/cuando-necesito-un-dci\/","title":{"rendered":"\u00bfCu\u00e1ndo necesito un DAI?"},"content":{"rendered":"<p><img loading=\"lazy\" decoding=\"async\" class=\"aligncenter wp-image-74\" src=\"https:\/\/cdn-endpoint-mrd.azureedge.net\/myrhythmdevice\/2022\/02\/shutterstock_1978865867-1-min.jpg\" alt=\"\" width=\"500\" height=\"333\" srcset=\"https:\/\/cdn-endpoint-mrd.azureedge.net\/myrhythmdevice\/2022\/02\/shutterstock_1978865867-1-min.jpg 900w, https:\/\/www.myrhythmdevice.org\/wp-content\/uploads\/2022\/02\/shutterstock_1978865867-1-min-300x200.jpg 300w, https:\/\/www.myrhythmdevice.org\/wp-content\/uploads\/2022\/02\/shutterstock_1978865867-1-min-768x512.jpg 768w, https:\/\/www.myrhythmdevice.org\/wp-content\/uploads\/2022\/02\/shutterstock_1978865867-1-min-600x400.jpg 600w\" sizes=\"auto, (max-width: 500px) 100vw, 500px\" \/><\/p>\n<p>Son varias las situaciones en las que se puede requerir la implantaci\u00f3n de un desfibrilador autom\u00e1tico implantable (DAI).<\/p>\n<ul>\n<li>Es posible que ya haya experimentado una arritmia ventricular potencialmente mortal, ya sea cierta o sospechada. Volver a sufrir una arritmia podr\u00eda suponer un peligro. Los m\u00e9dicos se refieren a esta situaci\u00f3n como \u00abprevenci\u00f3n secundaria de la muerte card\u00edaca s\u00fabita\u00bb o, simplemente, como \u00abprevenci\u00f3n secundaria\u00bb. En este caso, se le puede ofrecer un desfibrilador solo, combinaci\u00f3n con un tratamiento farmacol\u00f3gico de medicamentos antiarr\u00edtmicos o tras la terapia de ablaci\u00f3n de la arritmia.<\/li>\n<li>Tambi\u00e9n es posible que nunca haya tenido arritmias, pero que tenga un alto riesgo de desarrollar arritmias potencialmente mortales debido a una enfermedad card\u00edaca diagnosticada. En este caso, el desfibrilador se ofrece como medida de \u00abprevenci\u00f3n primaria (de muerte s\u00fabita card\u00edaca)\u00bb.<\/li>\n<li>Por \u00faltimo, de forma similar a la anterior, puede darse el caso de que se haya detectado una enfermedad en su familia o que usted sea portador de la enfermedad o de la anomal\u00eda gen\u00e9tica que la causa, lo que conlleva un alto riesgo de arritmias potencialmente mortales. En este caso, a veces se le puede recomendar un desfibrilador como medida de \u00abprevenci\u00f3n primaria\u00bb.<\/li>\n<\/ul>\n","protected":false},"excerpt":{"rendered":"<p>Son varias las situaciones en las que se puede requerir la implantaci\u00f3n de un desfibrilador autom\u00e1tico implantable (DAI). Es posible que ya haya experimentado una arritmia ventricular potencialmente mortal, ya sea cierta o sospechada. Volver a sufrir una arritmia podr\u00eda suponer un peligro. Los m\u00e9dicos se refieren a esta situaci\u00f3n como \u00abprevenci\u00f3n secundaria de la [&hellip;]<\/p>\n","protected":false},"author":1,"featured_media":550,"parent":631,"menu_order":1,"comment_status":"closed","ping_status":"closed","template":"","meta":{"_acf_changed":false,"footnotes":""},"categories":[],"tags":[],"class_list":["post-636","page","type-page","status-publish","has-post-thumbnail","hentry"],"acf":[],"yoast_head":"<!-- This site is optimized with the Yoast SEO plugin v25.3.1 - https:\/\/yoast.com\/wordpress\/plugins\/seo\/ -->\n<title>\u00bfCu\u00e1ndo necesito un DAI? | My Rhythm Device<\/title>\n<meta name=\"description\" content=\"Son varias las situaciones en las que se puede requerir la implantaci\u00f3n de un desfibrilador autom\u00e1tico implantable (DAI). Obtenga m\u00e1s informaci\u00f3n.\" \/>\n<meta name=\"robots\" content=\"index, follow, max-snippet:-1, max-image-preview:large, max-video-preview:-1\" \/>\n<link rel=\"canonical\" href=\"https:\/\/www.myrhythmdevice.org\/icd\/when-do-i-need-an-icd\/\" \/>\n<meta property=\"og:locale\" content=\"es_ES\" \/>\n<meta property=\"og:type\" content=\"article\" \/>\n<meta property=\"og:title\" content=\"\u00bfCu\u00e1ndo necesito un DAI? | My Rhythm Device\" \/>\n<meta property=\"og:description\" content=\"Son varias las situaciones en las que se puede requerir la implantaci\u00f3n de un desfibrilador autom\u00e1tico implantable (DAI). Obtenga m\u00e1s informaci\u00f3n.\" \/>\n<meta property=\"og:url\" content=\"https:\/\/www.myrhythmdevice.org\/icd\/when-do-i-need-an-icd\/\" \/>\n<meta property=\"og:site_name\" content=\"myrhythmdevice.org\" \/>\n<meta property=\"article:modified_time\" content=\"2023-01-05T09:59:17+00:00\" \/>\n<meta property=\"og:image\" content=\"https:\/\/www.myrhythmdevice.org\/wp-content\/uploads\/2022\/02\/shutterstock_1978865867-1-min.jpg\" \/>\n\t<meta property=\"og:image:width\" content=\"900\" \/>\n\t<meta property=\"og:image:height\" content=\"600\" \/>\n\t<meta property=\"og:image:type\" content=\"image\/jpeg\" \/>\n<meta name=\"twitter:card\" content=\"summary_large_image\" \/>\n<meta name=\"twitter:label1\" content=\"Tiempo de lectura\" \/>\n\t<meta name=\"twitter:data1\" content=\"1 minuto\" \/>\n<script type=\"application\/ld+json\" class=\"yoast-schema-graph\">{\"@context\":\"https:\/\/schema.org\",\"@graph\":[{\"@type\":\"WebPage\",\"@id\":\"https:\/\/www.myrhythmdevice.org\/icd\/when-do-i-need-an-icd\/\",\"url\":\"https:\/\/www.myrhythmdevice.org\/icd\/when-do-i-need-an-icd\/\",\"name\":\"\u00bfCu\u00e1ndo necesito un DAI? | My Rhythm Device\",\"isPartOf\":{\"@id\":\"https:\/\/www.myrhythmdevice.org\/#website\"},\"primaryImageOfPage\":{\"@id\":\"https:\/\/www.myrhythmdevice.org\/icd\/when-do-i-need-an-icd\/#primaryimage\"},\"image\":{\"@id\":\"https:\/\/www.myrhythmdevice.org\/icd\/when-do-i-need-an-icd\/#primaryimage\"},\"thumbnailUrl\":\"https:\/\/www.myrhythmdevice.org\/wp-content\/uploads\/2022\/02\/shutterstock_1978865867-1-min.jpg\",\"datePublished\":\"2022-11-30T11:02:28+00:00\",\"dateModified\":\"2023-01-05T09:59:17+00:00\",\"description\":\"Son varias las situaciones en las que se puede requerir la implantaci\u00f3n de un desfibrilador autom\u00e1tico implantable (DAI). Obtenga m\u00e1s informaci\u00f3n.\",\"breadcrumb\":{\"@id\":\"https:\/\/www.myrhythmdevice.org\/icd\/when-do-i-need-an-icd\/#breadcrumb\"},\"inLanguage\":\"es\",\"potentialAction\":[{\"@type\":\"ReadAction\",\"target\":[\"https:\/\/www.myrhythmdevice.org\/icd\/when-do-i-need-an-icd\/\"]}]},{\"@type\":\"ImageObject\",\"inLanguage\":\"es\",\"@id\":\"https:\/\/www.myrhythmdevice.org\/icd\/when-do-i-need-an-icd\/#primaryimage\",\"url\":\"https:\/\/www.myrhythmdevice.org\/wp-content\/uploads\/2022\/02\/shutterstock_1978865867-1-min.jpg\",\"contentUrl\":\"https:\/\/www.myrhythmdevice.org\/wp-content\/uploads\/2022\/02\/shutterstock_1978865867-1-min.jpg\",\"width\":900,\"height\":600},{\"@type\":\"BreadcrumbList\",\"@id\":\"https:\/\/www.myrhythmdevice.org\/icd\/when-do-i-need-an-icd\/#breadcrumb\",\"itemListElement\":[{\"@type\":\"ListItem\",\"position\":1,\"name\":\"Home\",\"item\":\"https:\/\/www.myrhythmdevice.org\/es\/\"},{\"@type\":\"ListItem\",\"position\":2,\"name\":\"DAI\",\"item\":\"https:\/\/www.myrhythmdevice.org\/es\/dci\/\"},{\"@type\":\"ListItem\",\"position\":3,\"name\":\"\u00bfCu\u00e1ndo necesito un DAI?\"}]},{\"@type\":\"WebSite\",\"@id\":\"https:\/\/www.myrhythmdevice.org\/#website\",\"url\":\"https:\/\/www.myrhythmdevice.org\/\",\"name\":\"myrhythmdevice.org\",\"description\":\"The website for patients with implanted cardiac devices, their caregivers and families.\",\"publisher\":{\"@id\":\"https:\/\/www.myrhythmdevice.org\/#organization\"},\"potentialAction\":[{\"@type\":\"SearchAction\",\"target\":{\"@type\":\"EntryPoint\",\"urlTemplate\":\"https:\/\/www.myrhythmdevice.org\/?s={search_term_string}\"},\"query-input\":{\"@type\":\"PropertyValueSpecification\",\"valueRequired\":true,\"valueName\":\"search_term_string\"}}],\"inLanguage\":\"es\"},{\"@type\":\"Organization\",\"@id\":\"https:\/\/www.myrhythmdevice.org\/#organization\",\"name\":\"myrhythmdevice.org\",\"url\":\"https:\/\/www.myrhythmdevice.org\/\",\"logo\":{\"@type\":\"ImageObject\",\"inLanguage\":\"es\",\"@id\":\"https:\/\/www.myrhythmdevice.org\/#\/schema\/logo\/image\/\",\"url\":\"https:\/\/cdn-endpoint-mrd.azureedge.net\/myrhythmdevice\/2022\/02\/LOGO-MRD.jpg\",\"contentUrl\":\"https:\/\/cdn-endpoint-mrd.azureedge.net\/myrhythmdevice\/2022\/02\/LOGO-MRD.jpg\",\"width\":1478,\"height\":326,\"caption\":\"myrhythmdevice.org\"},\"image\":{\"@id\":\"https:\/\/www.myrhythmdevice.org\/#\/schema\/logo\/image\/\"}}]}<\/script>\n<!-- \/ Yoast SEO plugin. -->","yoast_head_json":{"title":"\u00bfCu\u00e1ndo necesito un DAI? | My Rhythm Device","description":"Son varias las situaciones en las que se puede requerir la implantaci\u00f3n de un desfibrilador autom\u00e1tico implantable (DAI). Obtenga m\u00e1s informaci\u00f3n.","robots":{"index":"index","follow":"follow","max-snippet":"max-snippet:-1","max-image-preview":"max-image-preview:large","max-video-preview":"max-video-preview:-1"},"canonical":"https:\/\/www.myrhythmdevice.org\/icd\/when-do-i-need-an-icd\/","og_locale":"es_ES","og_type":"article","og_title":"\u00bfCu\u00e1ndo necesito un DAI? | My Rhythm Device","og_description":"Son varias las situaciones en las que se puede requerir la implantaci\u00f3n de un desfibrilador autom\u00e1tico implantable (DAI). Obtenga m\u00e1s informaci\u00f3n.","og_url":"https:\/\/www.myrhythmdevice.org\/icd\/when-do-i-need-an-icd\/","og_site_name":"myrhythmdevice.org","article_modified_time":"2023-01-05T09:59:17+00:00","og_image":[{"width":900,"height":600,"url":"https:\/\/www.myrhythmdevice.org\/wp-content\/uploads\/2022\/02\/shutterstock_1978865867-1-min.jpg","type":"image\/jpeg"}],"twitter_card":"summary_large_image","twitter_misc":{"Tiempo de lectura":"1 minuto"},"schema":{"@context":"https:\/\/schema.org","@graph":[{"@type":"WebPage","@id":"https:\/\/www.myrhythmdevice.org\/icd\/when-do-i-need-an-icd\/","url":"https:\/\/www.myrhythmdevice.org\/icd\/when-do-i-need-an-icd\/","name":"\u00bfCu\u00e1ndo necesito un DAI? | My Rhythm Device","isPartOf":{"@id":"https:\/\/www.myrhythmdevice.org\/#website"},"primaryImageOfPage":{"@id":"https:\/\/www.myrhythmdevice.org\/icd\/when-do-i-need-an-icd\/#primaryimage"},"image":{"@id":"https:\/\/www.myrhythmdevice.org\/icd\/when-do-i-need-an-icd\/#primaryimage"},"thumbnailUrl":"https:\/\/www.myrhythmdevice.org\/wp-content\/uploads\/2022\/02\/shutterstock_1978865867-1-min.jpg","datePublished":"2022-11-30T11:02:28+00:00","dateModified":"2023-01-05T09:59:17+00:00","description":"Son varias las situaciones en las que se puede requerir la implantaci\u00f3n de un desfibrilador autom\u00e1tico implantable (DAI). Obtenga m\u00e1s informaci\u00f3n.","breadcrumb":{"@id":"https:\/\/www.myrhythmdevice.org\/icd\/when-do-i-need-an-icd\/#breadcrumb"},"inLanguage":"es","potentialAction":[{"@type":"ReadAction","target":["https:\/\/www.myrhythmdevice.org\/icd\/when-do-i-need-an-icd\/"]}]},{"@type":"ImageObject","inLanguage":"es","@id":"https:\/\/www.myrhythmdevice.org\/icd\/when-do-i-need-an-icd\/#primaryimage","url":"https:\/\/www.myrhythmdevice.org\/wp-content\/uploads\/2022\/02\/shutterstock_1978865867-1-min.jpg","contentUrl":"https:\/\/www.myrhythmdevice.org\/wp-content\/uploads\/2022\/02\/shutterstock_1978865867-1-min.jpg","width":900,"height":600},{"@type":"BreadcrumbList","@id":"https:\/\/www.myrhythmdevice.org\/icd\/when-do-i-need-an-icd\/#breadcrumb","itemListElement":[{"@type":"ListItem","position":1,"name":"Home","item":"https:\/\/www.myrhythmdevice.org\/es\/"},{"@type":"ListItem","position":2,"name":"DAI","item":"https:\/\/www.myrhythmdevice.org\/es\/dci\/"},{"@type":"ListItem","position":3,"name":"\u00bfCu\u00e1ndo necesito un DAI?"}]},{"@type":"WebSite","@id":"https:\/\/www.myrhythmdevice.org\/#website","url":"https:\/\/www.myrhythmdevice.org\/","name":"myrhythmdevice.org","description":"The website for patients with implanted cardiac devices, their caregivers and families.","publisher":{"@id":"https:\/\/www.myrhythmdevice.org\/#organization"},"potentialAction":[{"@type":"SearchAction","target":{"@type":"EntryPoint","urlTemplate":"https:\/\/www.myrhythmdevice.org\/?s={search_term_string}"},"query-input":{"@type":"PropertyValueSpecification","valueRequired":true,"valueName":"search_term_string"}}],"inLanguage":"es"},{"@type":"Organization","@id":"https:\/\/www.myrhythmdevice.org\/#organization","name":"myrhythmdevice.org","url":"https:\/\/www.myrhythmdevice.org\/","logo":{"@type":"ImageObject","inLanguage":"es","@id":"https:\/\/www.myrhythmdevice.org\/#\/schema\/logo\/image\/","url":"https:\/\/cdn-endpoint-mrd.azureedge.net\/myrhythmdevice\/2022\/02\/LOGO-MRD.jpg","contentUrl":"https:\/\/cdn-endpoint-mrd.azureedge.net\/myrhythmdevice\/2022\/02\/LOGO-MRD.jpg","width":1478,"height":326,"caption":"myrhythmdevice.org"},"image":{"@id":"https:\/\/www.myrhythmdevice.org\/#\/schema\/logo\/image\/"}}]}},"_links":{"self":[{"href":"https:\/\/www.myrhythmdevice.org\/es\/wp-json\/wp\/v2\/pages\/636","targetHints":{"allow":["GET"]}}],"collection":[{"href":"https:\/\/www.myrhythmdevice.org\/es\/wp-json\/wp\/v2\/pages"}],"about":[{"href":"https:\/\/www.myrhythmdevice.org\/es\/wp-json\/wp\/v2\/types\/page"}],"author":[{"embeddable":true,"href":"https:\/\/www.myrhythmdevice.org\/es\/wp-json\/wp\/v2\/users\/1"}],"replies":[{"embeddable":true,"href":"https:\/\/www.myrhythmdevice.org\/es\/wp-json\/wp\/v2\/comments?post=636"}],"version-history":[{"count":1,"href":"https:\/\/www.myrhythmdevice.org\/es\/wp-json\/wp\/v2\/pages\/636\/revisions"}],"predecessor-version":[{"id":758,"href":"https:\/\/www.myrhythmdevice.org\/es\/wp-json\/wp\/v2\/pages\/636\/revisions\/758"}],"up":[{"embeddable":true,"href":"https:\/\/www.myrhythmdevice.org\/es\/wp-json\/wp\/v2\/pages\/631"}],"wp:featuredmedia":[{"embeddable":true,"href":"https:\/\/www.myrhythmdevice.org\/es\/wp-json\/wp\/v2\/media\/550"}],"wp:attachment":[{"href":"https:\/\/www.myrhythmdevice.org\/es\/wp-json\/wp\/v2\/media?parent=636"}],"wp:term":[{"taxonomy":"category","embeddable":true,"href":"https:\/\/www.myrhythmdevice.org\/es\/wp-json\/wp\/v2\/categories?post=636"},{"taxonomy":"post_tag","embeddable":true,"href":"https:\/\/www.myrhythmdevice.org\/es\/wp-json\/wp\/v2\/tags?post=636"}],"curies":[{"name":"wp","href":"https:\/\/api.w.org\/{rel}","templated":true}]}}