{"id":635,"date":"2022-11-30T11:02:27","date_gmt":"2022-11-30T11:02:27","guid":{"rendered":"https:\/\/www.myrhythmdevice.org\/monitor-de-ritmo-cardiaco-implantable\/que-ocurre-cuando-hago-un-registro\/"},"modified":"2023-01-05T12:49:43","modified_gmt":"2023-01-05T12:49:43","slug":"que-ocurre-cuando-hago-un-registro","status":"publish","type":"page","link":"https:\/\/www.myrhythmdevice.org\/es\/monitor-de-ritmo-cardiaco-implantable\/que-ocurre-cuando-hago-un-registro\/","title":{"rendered":"\u00bfQu\u00e9 ocurre cuando activo un registro?"},"content":{"rendered":"<p><img loading=\"lazy\" decoding=\"async\" class=\"alignnone size-large wp-image-794\" src=\"https:\/\/cdn-endpoint-mrd.azureedge.net\/myrhythmdevice\/2023\/01\/Screenshot-2023-01-05-at-12.48.12-1024x426.png\" alt=\"\" width=\"1024\" height=\"426\" srcset=\"https:\/\/cdn-endpoint-mrd.azureedge.net\/myrhythmdevice\/2023\/01\/Screenshot-2023-01-05-at-12.48.12-1024x426.png 1024w, https:\/\/cdn-endpoint-mrd.azureedge.net\/myrhythmdevice\/2023\/01\/Screenshot-2023-01-05-at-12.48.12-300x125.png 300w, https:\/\/cdn-endpoint-mrd.azureedge.net\/myrhythmdevice\/2023\/01\/Screenshot-2023-01-05-at-12.48.12-768x320.png 768w, https:\/\/cdn-endpoint-mrd.azureedge.net\/myrhythmdevice\/2023\/01\/Screenshot-2023-01-05-at-12.48.12-1536x639.png 1536w, https:\/\/cdn-endpoint-mrd.azureedge.net\/myrhythmdevice\/2023\/01\/Screenshot-2023-01-05-at-12.48.12-2048x853.png 2048w, https:\/\/cdn-endpoint-mrd.azureedge.net\/myrhythmdevice\/2023\/01\/Screenshot-2023-01-05-at-12.48.12-1980x824.png 1980w, https:\/\/cdn-endpoint-mrd.azureedge.net\/myrhythmdevice\/2023\/01\/Screenshot-2023-01-05-at-12.48.12-600x250.png 600w, https:\/\/cdn-endpoint-mrd.azureedge.net\/myrhythmdevice\/2023\/01\/Screenshot-2023-01-05-at-12.48.12-900x375.png 900w\" sizes=\"auto, (max-width: 1024px) 100vw, 1024px\" \/><\/p>\n<p>Cuando realiza una registro, el seguimiento del ritmo card\u00edaco que se registr\u00f3 durante los minutos anteriores a su activaci\u00f3n y el que se registrar\u00e1 durante los minutos posteriores a la activaci\u00f3n, se almacenan en el dispositivo para que el personal del centro de implantaci\u00f3n pueda consultarlos despu\u00e9s mediante comprobaci\u00f3n directa o transferencia de datos durante la monitorizaci\u00f3n remota. Es muy importante entender que la memoria del dispositivo es breve, lo que significa que solo se guardan unos minutos previos a la activaci\u00f3n. Cualquier rastreo previo a esos minutos antes de la activaci\u00f3n se habr\u00e1 borrado. Por tanto, es muy importante proceder a la activaci\u00f3n lo antes posible tras la aparici\u00f3n de un s\u00edntoma. El m\u00e9dico o el enfermero le explicar\u00e1n c\u00f3mo realizar dicho registro.<\/p>\n","protected":false},"excerpt":{"rendered":"<p>Cuando realiza una registro, el seguimiento del ritmo card\u00edaco que se registr\u00f3 durante los minutos anteriores a su activaci\u00f3n y el que se registrar\u00e1 durante los minutos posteriores a la activaci\u00f3n, se almacenan en el dispositivo para que el personal del centro de implantaci\u00f3n pueda consultarlos despu\u00e9s mediante comprobaci\u00f3n directa o transferencia de datos durante [&hellip;]<\/p>\n","protected":false},"author":1,"featured_media":572,"parent":619,"menu_order":4,"comment_status":"closed","ping_status":"closed","template":"","meta":{"_acf_changed":false,"footnotes":""},"categories":[],"tags":[],"class_list":["post-635","page","type-page","status-publish","has-post-thumbnail","hentry"],"acf":[],"yoast_head":"<!-- This site is optimized with the Yoast SEO plugin v26.0 - https:\/\/yoast.com\/wordpress\/plugins\/seo\/ -->\n<title>\u00bfQu\u00e9 ocurre cuando activo un registro? | My Rhythm Device<\/title>\n<meta name=\"description\" content=\"Al realizar un registro, el seguimiento del ritmo card\u00edaco se almacena en el dispositivo para que el personal del centro de implantaci\u00f3n tenga acceso a este despu\u00e9s.\" \/>\n<meta name=\"robots\" content=\"index, follow, max-snippet:-1, max-image-preview:large, max-video-preview:-1\" \/>\n<link rel=\"canonical\" href=\"https:\/\/www.myrhythmdevice.org\/implantable-heart-rhythm-monitor\/what-happens-when-i-make-a-recording\/\" \/>\n<meta property=\"og:locale\" content=\"es_ES\" \/>\n<meta property=\"og:type\" content=\"article\" \/>\n<meta property=\"og:title\" content=\"\u00bfQu\u00e9 ocurre cuando activo un registro? | My Rhythm Device\" \/>\n<meta property=\"og:description\" content=\"Al realizar un registro, el seguimiento del ritmo card\u00edaco se almacena en el dispositivo para que el personal del centro de implantaci\u00f3n tenga acceso a este despu\u00e9s.\" \/>\n<meta property=\"og:url\" content=\"https:\/\/www.myrhythmdevice.org\/implantable-heart-rhythm-monitor\/what-happens-when-i-make-a-recording\/\" \/>\n<meta property=\"og:site_name\" content=\"myrhythmdevice.org\" \/>\n<meta property=\"article:modified_time\" content=\"2023-01-05T12:49:43+00:00\" \/>\n<meta property=\"og:image\" content=\"https:\/\/www.myrhythmdevice.org\/wp-content\/uploads\/2022\/02\/shutterstock_2019504416-1-min.jpg\" \/>\n\t<meta property=\"og:image:width\" content=\"900\" \/>\n\t<meta property=\"og:image:height\" content=\"612\" \/>\n\t<meta property=\"og:image:type\" content=\"image\/jpeg\" \/>\n<meta name=\"twitter:card\" content=\"summary_large_image\" \/>\n<meta name=\"twitter:label1\" content=\"Tiempo de lectura\" \/>\n\t<meta name=\"twitter:data1\" content=\"1 minuto\" \/>\n<script type=\"application\/ld+json\" class=\"yoast-schema-graph\">{\"@context\":\"https:\/\/schema.org\",\"@graph\":[{\"@type\":\"WebPage\",\"@id\":\"https:\/\/www.myrhythmdevice.org\/implantable-heart-rhythm-monitor\/what-happens-when-i-make-a-recording\/\",\"url\":\"https:\/\/www.myrhythmdevice.org\/implantable-heart-rhythm-monitor\/what-happens-when-i-make-a-recording\/\",\"name\":\"\u00bfQu\u00e9 ocurre cuando activo un registro? | My Rhythm Device\",\"isPartOf\":{\"@id\":\"https:\/\/www.myrhythmdevice.org\/#website\"},\"primaryImageOfPage\":{\"@id\":\"https:\/\/www.myrhythmdevice.org\/implantable-heart-rhythm-monitor\/what-happens-when-i-make-a-recording\/#primaryimage\"},\"image\":{\"@id\":\"https:\/\/www.myrhythmdevice.org\/implantable-heart-rhythm-monitor\/what-happens-when-i-make-a-recording\/#primaryimage\"},\"thumbnailUrl\":\"https:\/\/www.myrhythmdevice.org\/wp-content\/uploads\/2022\/02\/shutterstock_2019504416-1-min.jpg\",\"datePublished\":\"2022-11-30T11:02:27+00:00\",\"dateModified\":\"2023-01-05T12:49:43+00:00\",\"description\":\"Al realizar un registro, el seguimiento del ritmo card\u00edaco se almacena en el dispositivo para que el personal del centro de implantaci\u00f3n tenga acceso a este despu\u00e9s.\",\"breadcrumb\":{\"@id\":\"https:\/\/www.myrhythmdevice.org\/implantable-heart-rhythm-monitor\/what-happens-when-i-make-a-recording\/#breadcrumb\"},\"inLanguage\":\"es\",\"potentialAction\":[{\"@type\":\"ReadAction\",\"target\":[\"https:\/\/www.myrhythmdevice.org\/implantable-heart-rhythm-monitor\/what-happens-when-i-make-a-recording\/\"]}]},{\"@type\":\"ImageObject\",\"inLanguage\":\"es\",\"@id\":\"https:\/\/www.myrhythmdevice.org\/implantable-heart-rhythm-monitor\/what-happens-when-i-make-a-recording\/#primaryimage\",\"url\":\"https:\/\/www.myrhythmdevice.org\/wp-content\/uploads\/2022\/02\/shutterstock_2019504416-1-min.jpg\",\"contentUrl\":\"https:\/\/www.myrhythmdevice.org\/wp-content\/uploads\/2022\/02\/shutterstock_2019504416-1-min.jpg\",\"width\":900,\"height\":612},{\"@type\":\"BreadcrumbList\",\"@id\":\"https:\/\/www.myrhythmdevice.org\/implantable-heart-rhythm-monitor\/what-happens-when-i-make-a-recording\/#breadcrumb\",\"itemListElement\":[{\"@type\":\"ListItem\",\"position\":1,\"name\":\"Home\",\"item\":\"https:\/\/www.myrhythmdevice.org\/es\/\"},{\"@type\":\"ListItem\",\"position\":2,\"name\":\"Monitor de ritmo card\u00edaco implantable\",\"item\":\"https:\/\/www.myrhythmdevice.org\/implantable-heart-rhythm-monitor\/\"},{\"@type\":\"ListItem\",\"position\":3,\"name\":\"\u00bfQu\u00e9 ocurre cuando activo un registro?\"}]},{\"@type\":\"WebSite\",\"@id\":\"https:\/\/www.myrhythmdevice.org\/#website\",\"url\":\"https:\/\/www.myrhythmdevice.org\/\",\"name\":\"myrhythmdevice.org\",\"description\":\"The website for patients with implanted cardiac devices, their caregivers and families.\",\"publisher\":{\"@id\":\"https:\/\/www.myrhythmdevice.org\/#organization\"},\"potentialAction\":[{\"@type\":\"SearchAction\",\"target\":{\"@type\":\"EntryPoint\",\"urlTemplate\":\"https:\/\/www.myrhythmdevice.org\/?s={search_term_string}\"},\"query-input\":{\"@type\":\"PropertyValueSpecification\",\"valueRequired\":true,\"valueName\":\"search_term_string\"}}],\"inLanguage\":\"es\"},{\"@type\":\"Organization\",\"@id\":\"https:\/\/www.myrhythmdevice.org\/#organization\",\"name\":\"myrhythmdevice.org\",\"url\":\"https:\/\/www.myrhythmdevice.org\/\",\"logo\":{\"@type\":\"ImageObject\",\"inLanguage\":\"es\",\"@id\":\"https:\/\/www.myrhythmdevice.org\/#\/schema\/logo\/image\/\",\"url\":\"https:\/\/cdn-endpoint-mrd.azureedge.net\/myrhythmdevice\/2022\/02\/LOGO-MRD.jpg\",\"contentUrl\":\"https:\/\/cdn-endpoint-mrd.azureedge.net\/myrhythmdevice\/2022\/02\/LOGO-MRD.jpg\",\"width\":1478,\"height\":326,\"caption\":\"myrhythmdevice.org\"},\"image\":{\"@id\":\"https:\/\/www.myrhythmdevice.org\/#\/schema\/logo\/image\/\"}}]}<\/script>\n<!-- \/ Yoast SEO plugin. -->","yoast_head_json":{"title":"\u00bfQu\u00e9 ocurre cuando activo un registro? | My Rhythm Device","description":"Al realizar un registro, el seguimiento del ritmo card\u00edaco se almacena en el dispositivo para que el personal del centro de implantaci\u00f3n tenga acceso a este despu\u00e9s.","robots":{"index":"index","follow":"follow","max-snippet":"max-snippet:-1","max-image-preview":"max-image-preview:large","max-video-preview":"max-video-preview:-1"},"canonical":"https:\/\/www.myrhythmdevice.org\/implantable-heart-rhythm-monitor\/what-happens-when-i-make-a-recording\/","og_locale":"es_ES","og_type":"article","og_title":"\u00bfQu\u00e9 ocurre cuando activo un registro? | My Rhythm Device","og_description":"Al realizar un registro, el seguimiento del ritmo card\u00edaco se almacena en el dispositivo para que el personal del centro de implantaci\u00f3n tenga acceso a este despu\u00e9s.","og_url":"https:\/\/www.myrhythmdevice.org\/implantable-heart-rhythm-monitor\/what-happens-when-i-make-a-recording\/","og_site_name":"myrhythmdevice.org","article_modified_time":"2023-01-05T12:49:43+00:00","og_image":[{"width":900,"height":612,"url":"https:\/\/www.myrhythmdevice.org\/wp-content\/uploads\/2022\/02\/shutterstock_2019504416-1-min.jpg","type":"image\/jpeg"}],"twitter_card":"summary_large_image","twitter_misc":{"Tiempo de lectura":"1 minuto"},"schema":{"@context":"https:\/\/schema.org","@graph":[{"@type":"WebPage","@id":"https:\/\/www.myrhythmdevice.org\/implantable-heart-rhythm-monitor\/what-happens-when-i-make-a-recording\/","url":"https:\/\/www.myrhythmdevice.org\/implantable-heart-rhythm-monitor\/what-happens-when-i-make-a-recording\/","name":"\u00bfQu\u00e9 ocurre cuando activo un registro? | My Rhythm Device","isPartOf":{"@id":"https:\/\/www.myrhythmdevice.org\/#website"},"primaryImageOfPage":{"@id":"https:\/\/www.myrhythmdevice.org\/implantable-heart-rhythm-monitor\/what-happens-when-i-make-a-recording\/#primaryimage"},"image":{"@id":"https:\/\/www.myrhythmdevice.org\/implantable-heart-rhythm-monitor\/what-happens-when-i-make-a-recording\/#primaryimage"},"thumbnailUrl":"https:\/\/www.myrhythmdevice.org\/wp-content\/uploads\/2022\/02\/shutterstock_2019504416-1-min.jpg","datePublished":"2022-11-30T11:02:27+00:00","dateModified":"2023-01-05T12:49:43+00:00","description":"Al realizar un registro, el seguimiento del ritmo card\u00edaco se almacena en el dispositivo para que el personal del centro de implantaci\u00f3n tenga acceso a este despu\u00e9s.","breadcrumb":{"@id":"https:\/\/www.myrhythmdevice.org\/implantable-heart-rhythm-monitor\/what-happens-when-i-make-a-recording\/#breadcrumb"},"inLanguage":"es","potentialAction":[{"@type":"ReadAction","target":["https:\/\/www.myrhythmdevice.org\/implantable-heart-rhythm-monitor\/what-happens-when-i-make-a-recording\/"]}]},{"@type":"ImageObject","inLanguage":"es","@id":"https:\/\/www.myrhythmdevice.org\/implantable-heart-rhythm-monitor\/what-happens-when-i-make-a-recording\/#primaryimage","url":"https:\/\/www.myrhythmdevice.org\/wp-content\/uploads\/2022\/02\/shutterstock_2019504416-1-min.jpg","contentUrl":"https:\/\/www.myrhythmdevice.org\/wp-content\/uploads\/2022\/02\/shutterstock_2019504416-1-min.jpg","width":900,"height":612},{"@type":"BreadcrumbList","@id":"https:\/\/www.myrhythmdevice.org\/implantable-heart-rhythm-monitor\/what-happens-when-i-make-a-recording\/#breadcrumb","itemListElement":[{"@type":"ListItem","position":1,"name":"Home","item":"https:\/\/www.myrhythmdevice.org\/es\/"},{"@type":"ListItem","position":2,"name":"Monitor de ritmo card\u00edaco implantable","item":"https:\/\/www.myrhythmdevice.org\/implantable-heart-rhythm-monitor\/"},{"@type":"ListItem","position":3,"name":"\u00bfQu\u00e9 ocurre cuando activo un registro?"}]},{"@type":"WebSite","@id":"https:\/\/www.myrhythmdevice.org\/#website","url":"https:\/\/www.myrhythmdevice.org\/","name":"myrhythmdevice.org","description":"The website for patients with implanted cardiac devices, their caregivers and families.","publisher":{"@id":"https:\/\/www.myrhythmdevice.org\/#organization"},"potentialAction":[{"@type":"SearchAction","target":{"@type":"EntryPoint","urlTemplate":"https:\/\/www.myrhythmdevice.org\/?s={search_term_string}"},"query-input":{"@type":"PropertyValueSpecification","valueRequired":true,"valueName":"search_term_string"}}],"inLanguage":"es"},{"@type":"Organization","@id":"https:\/\/www.myrhythmdevice.org\/#organization","name":"myrhythmdevice.org","url":"https:\/\/www.myrhythmdevice.org\/","logo":{"@type":"ImageObject","inLanguage":"es","@id":"https:\/\/www.myrhythmdevice.org\/#\/schema\/logo\/image\/","url":"https:\/\/cdn-endpoint-mrd.azureedge.net\/myrhythmdevice\/2022\/02\/LOGO-MRD.jpg","contentUrl":"https:\/\/cdn-endpoint-mrd.azureedge.net\/myrhythmdevice\/2022\/02\/LOGO-MRD.jpg","width":1478,"height":326,"caption":"myrhythmdevice.org"},"image":{"@id":"https:\/\/www.myrhythmdevice.org\/#\/schema\/logo\/image\/"}}]}},"_links":{"self":[{"href":"https:\/\/www.myrhythmdevice.org\/es\/wp-json\/wp\/v2\/pages\/635","targetHints":{"allow":["GET"]}}],"collection":[{"href":"https:\/\/www.myrhythmdevice.org\/es\/wp-json\/wp\/v2\/pages"}],"about":[{"href":"https:\/\/www.myrhythmdevice.org\/es\/wp-json\/wp\/v2\/types\/page"}],"author":[{"embeddable":true,"href":"https:\/\/www.myrhythmdevice.org\/es\/wp-json\/wp\/v2\/users\/1"}],"replies":[{"embeddable":true,"href":"https:\/\/www.myrhythmdevice.org\/es\/wp-json\/wp\/v2\/comments?post=635"}],"version-history":[{"count":3,"href":"https:\/\/www.myrhythmdevice.org\/es\/wp-json\/wp\/v2\/pages\/635\/revisions"}],"predecessor-version":[{"id":796,"href":"https:\/\/www.myrhythmdevice.org\/es\/wp-json\/wp\/v2\/pages\/635\/revisions\/796"}],"up":[{"embeddable":true,"href":"https:\/\/www.myrhythmdevice.org\/es\/wp-json\/wp\/v2\/pages\/619"}],"wp:featuredmedia":[{"embeddable":true,"href":"https:\/\/www.myrhythmdevice.org\/es\/wp-json\/wp\/v2\/media\/572"}],"wp:attachment":[{"href":"https:\/\/www.myrhythmdevice.org\/es\/wp-json\/wp\/v2\/media?parent=635"}],"wp:term":[{"taxonomy":"category","embeddable":true,"href":"https:\/\/www.myrhythmdevice.org\/es\/wp-json\/wp\/v2\/categories?post=635"},{"taxonomy":"post_tag","embeddable":true,"href":"https:\/\/www.myrhythmdevice.org\/es\/wp-json\/wp\/v2\/tags?post=635"}],"curies":[{"name":"wp","href":"https:\/\/api.w.org\/{rel}","templated":true}]}}