{"id":634,"date":"2022-11-30T11:02:27","date_gmt":"2022-11-30T11:02:27","guid":{"rendered":"https:\/\/www.myrhythmdevice.org\/marcapasos\/cuando-necesito-un-marcapasos\/"},"modified":"2023-01-05T09:59:16","modified_gmt":"2023-01-05T09:59:16","slug":"cuando-necesito-un-marcapasos","status":"publish","type":"page","link":"https:\/\/www.myrhythmdevice.org\/es\/marcapasos\/cuando-necesito-un-marcapasos\/","title":{"rendered":"\u00bfCu\u00e1ndo necesito un marcapasos?"},"content":{"rendered":"<h3>Cuando la frecuencia card\u00edaca es lenta<\/h3>\n<p><img loading=\"lazy\" decoding=\"async\" class=\"alignnone size-large wp-image-499\" src=\"https:\/\/cdn-endpoint-mrd.azureedge.net\/myrhythmdevice\/2022\/11\/mrd-pic-1024x261.png\" alt=\"\" width=\"1024\" height=\"261\" srcset=\"https:\/\/www.myrhythmdevice.org\/wp-content\/uploads\/2022\/11\/mrd-pic-1024x261.png 1024w, https:\/\/www.myrhythmdevice.org\/wp-content\/uploads\/2022\/11\/mrd-pic-300x77.png 300w, https:\/\/www.myrhythmdevice.org\/wp-content\/uploads\/2022\/11\/mrd-pic-768x196.png 768w, https:\/\/www.myrhythmdevice.org\/wp-content\/uploads\/2022\/11\/mrd-pic-1536x392.png 1536w, https:\/\/www.myrhythmdevice.org\/wp-content\/uploads\/2022\/11\/mrd-pic-600x153.png 600w, https:\/\/www.myrhythmdevice.org\/wp-content\/uploads\/2022\/11\/mrd-pic-900x230.png 900w, https:\/\/cdn-endpoint-mrd.azureedge.net\/myrhythmdevice\/2022\/11\/mrd-pic.png 1740w\" sizes=\"auto, (max-width: 1024px) 100vw, 1024px\" \/><\/p>\n<p>En algunos pacientes, el coraz\u00f3n late demasiado lento. Las se\u00f1ales el\u00e9ctricas pueden seguir el sistema de conducci\u00f3n normal del coraz\u00f3n, que comienza en el nodo sinusal y viaja hacia los ventr\u00edculos, pero la frecuencia de las se\u00f1ales (latidos por minuto) que se producen en el nodo sinusal es demasiado baja. Esta patolog\u00eda se denomina bradicardia sinusal. A veces, las se\u00f1ales del coraz\u00f3n se producen en el nodo sinusal con una frecuencia normal, pero ninguna (o solo un peque\u00f1o porcentaje de estas se\u00f1ales) llega a los ventr\u00edculos. Esta patolog\u00eda se denomina bloqueo auriculoventricular o bloqueo AV.<\/p>\n<p>La causa m\u00e1s frecuente de ritmo card\u00edaco lento es el envejecimiento normal del coraz\u00f3n y de su sistema de conducci\u00f3n. Sin embargo, algunos medicamentos, como los betabloqueantes o determinadas afecciones card\u00edacas (por ejemplo, una enfermedad del m\u00fasculo card\u00edaco, un infarto de miocardio o ciertas afecciones gen\u00e9ticas) tambi\u00e9n pueden causar un ritmo card\u00edaco lento, lo cual requiere tratamiento. Un ritmo card\u00edaco lento puede no mostrar ning\u00fan s\u00edntoma. Sin embargo, en la mayor\u00eda de los casos, puede causar s\u00edntomas como cansancio, disminuci\u00f3n de la condici\u00f3n f\u00edsica, mareos, desmayos o incluso, en el peor de los casos, paro card\u00edaco (ataque card\u00edaco). En algunos casos, una anomal\u00eda del ritmo card\u00edaco puede tratarse abordando la afecci\u00f3n subyacente (por ejemplo, suspendiendo la medicaci\u00f3n causante). Cuando esto no es posible o no es suficiente, <a href=\"\/?page_id=618\">se puede necesitar un dispositivo card\u00edaco llamado marcapasos<\/a>.<\/p>\n<p>Un marcapasos suele implantarse en pacientes de edad avanzada, ya que el envejecimiento del coraz\u00f3n es la raz\u00f3n m\u00e1s com\u00fan de la disfunci\u00f3n del sistema de conducci\u00f3n normal. Sin embargo, algunos pacientes m\u00e1s j\u00f3venes tambi\u00e9n pueden necesitar un marcapasos, sobre todo cuando tienen otra patolog\u00eda card\u00edaca o se han sometido a una operaci\u00f3n card\u00edaca que ha afectado el sistema de conducci\u00f3n.<\/p>\n<h3 id=\"2\">Cuando la fuerza card\u00edaca es d\u00e9bil<\/h3>\n<p>En la insuficiencia card\u00edaca, el m\u00fasculo card\u00edaco a menudo bombea con poca fuerza, por lo que es incapaz de bombear suficiente sangre a los pulmones o al resto del cuerpo. Esto puede empeorar cuando hay determinados problemas de conducci\u00f3n el\u00e9ctrica a trav\u00e9s del m\u00fasculo card\u00edaco que derivan en la descoordinaci\u00f3n del m\u00fasculo en los ventr\u00edculos (bloqueo de la rama izquierda del haz). Esta afecci\u00f3n se denomina disincron\u00eda card\u00edaca o ventricular.<\/p>\n<p>La disincron\u00eda card\u00edaca puede empeorar los s\u00edntomas de insuficiencia card\u00edaca (falta de aliento, cansancio, mareos, palpitaciones, inflamaci\u00f3n de tobillos y piernas, tos, etc.). Los medicamentos que se utilizan para tratar la insuficiencia card\u00edaca pueden reducir los s\u00edntomas y mejorar la funci\u00f3n del coraz\u00f3n. Sin embargo, en algunos casos graves, se puede necesitar la implantaci\u00f3n de un dispositivo card\u00edaco, llamado terapia de resincronizaci\u00f3n card\u00edaca (TRC) o <a href=\"\/?page_id=618\">marcapasos biventricular<\/a>.<\/p>\n","protected":false},"excerpt":{"rendered":"<p>Cuando la frecuencia card\u00edaca es lenta En algunos pacientes, el coraz\u00f3n late demasiado lento. Las se\u00f1ales el\u00e9ctricas pueden seguir el sistema de conducci\u00f3n normal del coraz\u00f3n, que comienza en el nodo sinusal y viaja hacia los ventr\u00edculos, pero la frecuencia de las se\u00f1ales (latidos por minuto) que se producen en el nodo sinusal es demasiado [&hellip;]<\/p>\n","protected":false},"author":1,"featured_media":551,"parent":629,"menu_order":1,"comment_status":"closed","ping_status":"closed","template":"","meta":{"_acf_changed":false,"footnotes":""},"categories":[],"tags":[],"class_list":["post-634","page","type-page","status-publish","has-post-thumbnail","hentry"],"acf":[],"yoast_head":"<!-- This site is optimized with the Yoast SEO plugin v26.0 - https:\/\/yoast.com\/wordpress\/plugins\/seo\/ -->\n<title>\u00bfCu\u00e1ndo necesito un marcapasos? | My Rhythm Device<\/title>\n<meta name=\"description\" content=\"Conozca m\u00e1s sobre los dispositivos de marcapasos y sobre cu\u00e1ndo se necesita este dispositivo.\" \/>\n<meta name=\"robots\" content=\"index, follow, max-snippet:-1, max-image-preview:large, max-video-preview:-1\" \/>\n<link rel=\"canonical\" href=\"https:\/\/www.myrhythmdevice.org\/es\/marcapasos\/cuando-necesito-un-marcapasos\/\" \/>\n<meta property=\"og:locale\" content=\"es_ES\" \/>\n<meta property=\"og:type\" content=\"article\" \/>\n<meta property=\"og:title\" content=\"\u00bfCu\u00e1ndo necesito un marcapasos? | My Rhythm Device\" \/>\n<meta property=\"og:description\" content=\"Conozca m\u00e1s sobre los dispositivos de marcapasos y sobre cu\u00e1ndo se necesita este dispositivo.\" \/>\n<meta property=\"og:url\" content=\"https:\/\/www.myrhythmdevice.org\/es\/marcapasos\/cuando-necesito-un-marcapasos\/\" \/>\n<meta property=\"og:site_name\" content=\"myrhythmdevice.org\" \/>\n<meta property=\"article:modified_time\" content=\"2023-01-05T09:59:16+00:00\" \/>\n<meta property=\"og:image\" content=\"https:\/\/www.myrhythmdevice.org\/wp-content\/uploads\/2022\/02\/shutterstock_608377106-1-min.jpg\" \/>\n\t<meta property=\"og:image:width\" content=\"900\" \/>\n\t<meta property=\"og:image:height\" content=\"600\" \/>\n\t<meta property=\"og:image:type\" content=\"image\/jpeg\" \/>\n<meta name=\"twitter:card\" content=\"summary_large_image\" \/>\n<meta name=\"twitter:label1\" content=\"Tiempo de lectura\" \/>\n\t<meta name=\"twitter:data1\" content=\"3 minutos\" \/>\n<script type=\"application\/ld+json\" class=\"yoast-schema-graph\">{\"@context\":\"https:\/\/schema.org\",\"@graph\":[{\"@type\":\"WebPage\",\"@id\":\"https:\/\/www.myrhythmdevice.org\/es\/marcapasos\/cuando-necesito-un-marcapasos\/\",\"url\":\"https:\/\/www.myrhythmdevice.org\/es\/marcapasos\/cuando-necesito-un-marcapasos\/\",\"name\":\"\u00bfCu\u00e1ndo necesito un marcapasos? | My Rhythm Device\",\"isPartOf\":{\"@id\":\"https:\/\/www.myrhythmdevice.org\/#website\"},\"primaryImageOfPage\":{\"@id\":\"https:\/\/www.myrhythmdevice.org\/es\/marcapasos\/cuando-necesito-un-marcapasos\/#primaryimage\"},\"image\":{\"@id\":\"https:\/\/www.myrhythmdevice.org\/es\/marcapasos\/cuando-necesito-un-marcapasos\/#primaryimage\"},\"thumbnailUrl\":\"https:\/\/www.myrhythmdevice.org\/wp-content\/uploads\/2022\/02\/shutterstock_608377106-1-min.jpg\",\"datePublished\":\"2022-11-30T11:02:27+00:00\",\"dateModified\":\"2023-01-05T09:59:16+00:00\",\"description\":\"Conozca m\u00e1s sobre los dispositivos de marcapasos y sobre cu\u00e1ndo se necesita este dispositivo.\",\"breadcrumb\":{\"@id\":\"https:\/\/www.myrhythmdevice.org\/es\/marcapasos\/cuando-necesito-un-marcapasos\/#breadcrumb\"},\"inLanguage\":\"es\",\"potentialAction\":[{\"@type\":\"ReadAction\",\"target\":[\"https:\/\/www.myrhythmdevice.org\/es\/marcapasos\/cuando-necesito-un-marcapasos\/\"]}]},{\"@type\":\"ImageObject\",\"inLanguage\":\"es\",\"@id\":\"https:\/\/www.myrhythmdevice.org\/es\/marcapasos\/cuando-necesito-un-marcapasos\/#primaryimage\",\"url\":\"https:\/\/www.myrhythmdevice.org\/wp-content\/uploads\/2022\/02\/shutterstock_608377106-1-min.jpg\",\"contentUrl\":\"https:\/\/www.myrhythmdevice.org\/wp-content\/uploads\/2022\/02\/shutterstock_608377106-1-min.jpg\",\"width\":900,\"height\":600},{\"@type\":\"BreadcrumbList\",\"@id\":\"https:\/\/www.myrhythmdevice.org\/es\/marcapasos\/cuando-necesito-un-marcapasos\/#breadcrumb\",\"itemListElement\":[{\"@type\":\"ListItem\",\"position\":1,\"name\":\"Home\",\"item\":\"https:\/\/www.myrhythmdevice.org\/es\/\"},{\"@type\":\"ListItem\",\"position\":2,\"name\":\"Marcapasos\",\"item\":\"https:\/\/www.myrhythmdevice.org\/es\/marcapasos\/\"},{\"@type\":\"ListItem\",\"position\":3,\"name\":\"\u00bfCu\u00e1ndo necesito un marcapasos?\"}]},{\"@type\":\"WebSite\",\"@id\":\"https:\/\/www.myrhythmdevice.org\/#website\",\"url\":\"https:\/\/www.myrhythmdevice.org\/\",\"name\":\"myrhythmdevice.org\",\"description\":\"The website for patients with implanted cardiac devices, their caregivers and families.\",\"publisher\":{\"@id\":\"https:\/\/www.myrhythmdevice.org\/#organization\"},\"potentialAction\":[{\"@type\":\"SearchAction\",\"target\":{\"@type\":\"EntryPoint\",\"urlTemplate\":\"https:\/\/www.myrhythmdevice.org\/?s={search_term_string}\"},\"query-input\":{\"@type\":\"PropertyValueSpecification\",\"valueRequired\":true,\"valueName\":\"search_term_string\"}}],\"inLanguage\":\"es\"},{\"@type\":\"Organization\",\"@id\":\"https:\/\/www.myrhythmdevice.org\/#organization\",\"name\":\"myrhythmdevice.org\",\"url\":\"https:\/\/www.myrhythmdevice.org\/\",\"logo\":{\"@type\":\"ImageObject\",\"inLanguage\":\"es\",\"@id\":\"https:\/\/www.myrhythmdevice.org\/#\/schema\/logo\/image\/\",\"url\":\"https:\/\/cdn-endpoint-mrd.azureedge.net\/myrhythmdevice\/2022\/02\/LOGO-MRD.jpg\",\"contentUrl\":\"https:\/\/cdn-endpoint-mrd.azureedge.net\/myrhythmdevice\/2022\/02\/LOGO-MRD.jpg\",\"width\":1478,\"height\":326,\"caption\":\"myrhythmdevice.org\"},\"image\":{\"@id\":\"https:\/\/www.myrhythmdevice.org\/#\/schema\/logo\/image\/\"}}]}<\/script>\n<!-- \/ Yoast SEO plugin. -->","yoast_head_json":{"title":"\u00bfCu\u00e1ndo necesito un marcapasos? | My Rhythm Device","description":"Conozca m\u00e1s sobre los dispositivos de marcapasos y sobre cu\u00e1ndo se necesita este dispositivo.","robots":{"index":"index","follow":"follow","max-snippet":"max-snippet:-1","max-image-preview":"max-image-preview:large","max-video-preview":"max-video-preview:-1"},"canonical":"https:\/\/www.myrhythmdevice.org\/es\/marcapasos\/cuando-necesito-un-marcapasos\/","og_locale":"es_ES","og_type":"article","og_title":"\u00bfCu\u00e1ndo necesito un marcapasos? | My Rhythm Device","og_description":"Conozca m\u00e1s sobre los dispositivos de marcapasos y sobre cu\u00e1ndo se necesita este dispositivo.","og_url":"https:\/\/www.myrhythmdevice.org\/es\/marcapasos\/cuando-necesito-un-marcapasos\/","og_site_name":"myrhythmdevice.org","article_modified_time":"2023-01-05T09:59:16+00:00","og_image":[{"width":900,"height":600,"url":"https:\/\/www.myrhythmdevice.org\/wp-content\/uploads\/2022\/02\/shutterstock_608377106-1-min.jpg","type":"image\/jpeg"}],"twitter_card":"summary_large_image","twitter_misc":{"Tiempo de lectura":"3 minutos"},"schema":{"@context":"https:\/\/schema.org","@graph":[{"@type":"WebPage","@id":"https:\/\/www.myrhythmdevice.org\/es\/marcapasos\/cuando-necesito-un-marcapasos\/","url":"https:\/\/www.myrhythmdevice.org\/es\/marcapasos\/cuando-necesito-un-marcapasos\/","name":"\u00bfCu\u00e1ndo necesito un marcapasos? | My Rhythm Device","isPartOf":{"@id":"https:\/\/www.myrhythmdevice.org\/#website"},"primaryImageOfPage":{"@id":"https:\/\/www.myrhythmdevice.org\/es\/marcapasos\/cuando-necesito-un-marcapasos\/#primaryimage"},"image":{"@id":"https:\/\/www.myrhythmdevice.org\/es\/marcapasos\/cuando-necesito-un-marcapasos\/#primaryimage"},"thumbnailUrl":"https:\/\/www.myrhythmdevice.org\/wp-content\/uploads\/2022\/02\/shutterstock_608377106-1-min.jpg","datePublished":"2022-11-30T11:02:27+00:00","dateModified":"2023-01-05T09:59:16+00:00","description":"Conozca m\u00e1s sobre los dispositivos de marcapasos y sobre cu\u00e1ndo se necesita este dispositivo.","breadcrumb":{"@id":"https:\/\/www.myrhythmdevice.org\/es\/marcapasos\/cuando-necesito-un-marcapasos\/#breadcrumb"},"inLanguage":"es","potentialAction":[{"@type":"ReadAction","target":["https:\/\/www.myrhythmdevice.org\/es\/marcapasos\/cuando-necesito-un-marcapasos\/"]}]},{"@type":"ImageObject","inLanguage":"es","@id":"https:\/\/www.myrhythmdevice.org\/es\/marcapasos\/cuando-necesito-un-marcapasos\/#primaryimage","url":"https:\/\/www.myrhythmdevice.org\/wp-content\/uploads\/2022\/02\/shutterstock_608377106-1-min.jpg","contentUrl":"https:\/\/www.myrhythmdevice.org\/wp-content\/uploads\/2022\/02\/shutterstock_608377106-1-min.jpg","width":900,"height":600},{"@type":"BreadcrumbList","@id":"https:\/\/www.myrhythmdevice.org\/es\/marcapasos\/cuando-necesito-un-marcapasos\/#breadcrumb","itemListElement":[{"@type":"ListItem","position":1,"name":"Home","item":"https:\/\/www.myrhythmdevice.org\/es\/"},{"@type":"ListItem","position":2,"name":"Marcapasos","item":"https:\/\/www.myrhythmdevice.org\/es\/marcapasos\/"},{"@type":"ListItem","position":3,"name":"\u00bfCu\u00e1ndo necesito un marcapasos?"}]},{"@type":"WebSite","@id":"https:\/\/www.myrhythmdevice.org\/#website","url":"https:\/\/www.myrhythmdevice.org\/","name":"myrhythmdevice.org","description":"The website for patients with implanted cardiac devices, their caregivers and families.","publisher":{"@id":"https:\/\/www.myrhythmdevice.org\/#organization"},"potentialAction":[{"@type":"SearchAction","target":{"@type":"EntryPoint","urlTemplate":"https:\/\/www.myrhythmdevice.org\/?s={search_term_string}"},"query-input":{"@type":"PropertyValueSpecification","valueRequired":true,"valueName":"search_term_string"}}],"inLanguage":"es"},{"@type":"Organization","@id":"https:\/\/www.myrhythmdevice.org\/#organization","name":"myrhythmdevice.org","url":"https:\/\/www.myrhythmdevice.org\/","logo":{"@type":"ImageObject","inLanguage":"es","@id":"https:\/\/www.myrhythmdevice.org\/#\/schema\/logo\/image\/","url":"https:\/\/cdn-endpoint-mrd.azureedge.net\/myrhythmdevice\/2022\/02\/LOGO-MRD.jpg","contentUrl":"https:\/\/cdn-endpoint-mrd.azureedge.net\/myrhythmdevice\/2022\/02\/LOGO-MRD.jpg","width":1478,"height":326,"caption":"myrhythmdevice.org"},"image":{"@id":"https:\/\/www.myrhythmdevice.org\/#\/schema\/logo\/image\/"}}]}},"_links":{"self":[{"href":"https:\/\/www.myrhythmdevice.org\/es\/wp-json\/wp\/v2\/pages\/634","targetHints":{"allow":["GET"]}}],"collection":[{"href":"https:\/\/www.myrhythmdevice.org\/es\/wp-json\/wp\/v2\/pages"}],"about":[{"href":"https:\/\/www.myrhythmdevice.org\/es\/wp-json\/wp\/v2\/types\/page"}],"author":[{"embeddable":true,"href":"https:\/\/www.myrhythmdevice.org\/es\/wp-json\/wp\/v2\/users\/1"}],"replies":[{"embeddable":true,"href":"https:\/\/www.myrhythmdevice.org\/es\/wp-json\/wp\/v2\/comments?post=634"}],"version-history":[{"count":1,"href":"https:\/\/www.myrhythmdevice.org\/es\/wp-json\/wp\/v2\/pages\/634\/revisions"}],"predecessor-version":[{"id":756,"href":"https:\/\/www.myrhythmdevice.org\/es\/wp-json\/wp\/v2\/pages\/634\/revisions\/756"}],"up":[{"embeddable":true,"href":"https:\/\/www.myrhythmdevice.org\/es\/wp-json\/wp\/v2\/pages\/629"}],"wp:featuredmedia":[{"embeddable":true,"href":"https:\/\/www.myrhythmdevice.org\/es\/wp-json\/wp\/v2\/media\/551"}],"wp:attachment":[{"href":"https:\/\/www.myrhythmdevice.org\/es\/wp-json\/wp\/v2\/media?parent=634"}],"wp:term":[{"taxonomy":"category","embeddable":true,"href":"https:\/\/www.myrhythmdevice.org\/es\/wp-json\/wp\/v2\/categories?post=634"},{"taxonomy":"post_tag","embeddable":true,"href":"https:\/\/www.myrhythmdevice.org\/es\/wp-json\/wp\/v2\/tags?post=634"}],"curies":[{"name":"wp","href":"https:\/\/api.w.org\/{rel}","templated":true}]}}