{"id":632,"date":"2022-11-30T11:02:25","date_gmt":"2022-11-30T11:02:25","guid":{"rendered":"https:\/\/www.myrhythmdevice.org\/monitor-de-ritmo-cardiaco-implantable\/implantacion-de-un-monitor-de-ritmo-cardiaco\/"},"modified":"2023-01-05T12:46:53","modified_gmt":"2023-01-05T12:46:53","slug":"implantacion-de-un-monitor-de-ritmo-cardiaco","status":"publish","type":"page","link":"https:\/\/www.myrhythmdevice.org\/es\/monitor-de-ritmo-cardiaco-implantable\/implantacion-de-un-monitor-de-ritmo-cardiaco\/","title":{"rendered":"Implantaci\u00f3n de un monitor de ritmo card\u00edaco"},"content":{"rendered":"<p><img loading=\"lazy\" decoding=\"async\" class=\"alignnone wp-image-723\" src=\"https:\/\/cdn-endpoint-mrd.azureedge.net\/myrhythmdevice\/2022\/12\/mci-es.png\" alt=\"\" width=\"599\" height=\"371\" srcset=\"https:\/\/cdn-endpoint-mrd.azureedge.net\/myrhythmdevice\/2022\/12\/mci-es.png 900w, https:\/\/cdn-endpoint-mrd.azureedge.net\/myrhythmdevice\/2022\/12\/mci-es-300x186.png 300w, https:\/\/cdn-endpoint-mrd.azureedge.net\/myrhythmdevice\/2022\/12\/mci-es-768x475.png 768w, https:\/\/cdn-endpoint-mrd.azureedge.net\/myrhythmdevice\/2022\/12\/mci-es-600x371.png 600w\" sizes=\"auto, (max-width: 599px) 100vw, 599px\" \/><\/p>\n<p>Hoy en d\u00eda, los monitores de ECG implantables son dispositivos muy peque\u00f1os que se insertan debajo de la piel del t\u00f3rax, al nivel del coraz\u00f3n, mediante un procedimiento muy sencillo. La implantaci\u00f3n se realiza con anestesia local, la mayor\u00eda de las veces de forma ambulatoria. Lleva unos minutos y consiste en deslizar el dispositivo por debajo de la piel en un ambiente est\u00e9ril. La piel se cerrar\u00e1 mediante suturas o pegamento quir\u00fargico. El resultado de la intervenci\u00f3n es, por lo general, muy simple: el dolor sigue siendo m\u00ednimo y la herida se cierra por completo unos d\u00edas despu\u00e9s de la implantaci\u00f3n. Es muy importante entender el funcionamiento del dispositivo antes de salir del centro de implantaci\u00f3n para poder utilizarlo lo mejor posible.<\/p>\n","protected":false},"excerpt":{"rendered":"<p>Hoy en d\u00eda, los monitores de ECG implantables son dispositivos muy peque\u00f1os que se insertan debajo de la piel del t\u00f3rax, al nivel del coraz\u00f3n, mediante un procedimiento muy sencillo. La implantaci\u00f3n se realiza con anestesia local, la mayor\u00eda de las veces de forma ambulatoria. Lleva unos minutos y consiste en deslizar el dispositivo por [&hellip;]<\/p>\n","protected":false},"author":1,"featured_media":572,"parent":619,"menu_order":3,"comment_status":"closed","ping_status":"closed","template":"","meta":{"_acf_changed":false,"footnotes":""},"categories":[],"tags":[],"class_list":["post-632","page","type-page","status-publish","has-post-thumbnail","hentry"],"acf":[],"yoast_head":"<!-- This site is optimized with the Yoast SEO plugin v26.0 - https:\/\/yoast.com\/wordpress\/plugins\/seo\/ -->\n<title>Implantaci\u00f3n de un monitor de ritmo card\u00edaco | My Rhythm Device<\/title>\n<meta name=\"description\" content=\"Los monitores de ECG implantables son dispositivos muy peque\u00f1os que se insertan debajo de la piel, con anestesia local, mediante un procedimiento muy sencillo que dura unos minutos.\" \/>\n<meta name=\"robots\" content=\"index, follow, max-snippet:-1, max-image-preview:large, max-video-preview:-1\" \/>\n<link rel=\"canonical\" href=\"https:\/\/www.myrhythmdevice.org\/es\/monitor-de-ritmo-cardiaco-implantable\/implantacion-de-un-monitor-de-ritmo-cardiaco\/\" \/>\n<meta property=\"og:locale\" content=\"es_ES\" \/>\n<meta property=\"og:type\" content=\"article\" \/>\n<meta property=\"og:title\" content=\"Implantaci\u00f3n de un monitor de ritmo card\u00edaco | My Rhythm Device\" \/>\n<meta property=\"og:description\" content=\"Los monitores de ECG implantables son dispositivos muy peque\u00f1os que se insertan debajo de la piel, con anestesia local, mediante un procedimiento muy sencillo que dura unos minutos.\" \/>\n<meta property=\"og:url\" content=\"https:\/\/www.myrhythmdevice.org\/es\/monitor-de-ritmo-cardiaco-implantable\/implantacion-de-un-monitor-de-ritmo-cardiaco\/\" \/>\n<meta property=\"og:site_name\" content=\"myrhythmdevice.org\" \/>\n<meta property=\"article:modified_time\" content=\"2023-01-05T12:46:53+00:00\" \/>\n<meta property=\"og:image\" content=\"https:\/\/www.myrhythmdevice.org\/wp-content\/uploads\/2022\/02\/shutterstock_2019504416-1-min.jpg\" \/>\n\t<meta property=\"og:image:width\" content=\"900\" \/>\n\t<meta property=\"og:image:height\" content=\"612\" \/>\n\t<meta property=\"og:image:type\" content=\"image\/jpeg\" \/>\n<meta name=\"twitter:card\" content=\"summary_large_image\" \/>\n<meta name=\"twitter:label1\" content=\"Tiempo de lectura\" \/>\n\t<meta name=\"twitter:data1\" content=\"1 minuto\" \/>\n<script type=\"application\/ld+json\" class=\"yoast-schema-graph\">{\"@context\":\"https:\/\/schema.org\",\"@graph\":[{\"@type\":\"WebPage\",\"@id\":\"https:\/\/www.myrhythmdevice.org\/es\/monitor-de-ritmo-cardiaco-implantable\/implantacion-de-un-monitor-de-ritmo-cardiaco\/\",\"url\":\"https:\/\/www.myrhythmdevice.org\/es\/monitor-de-ritmo-cardiaco-implantable\/implantacion-de-un-monitor-de-ritmo-cardiaco\/\",\"name\":\"Implantaci\u00f3n de un monitor de ritmo card\u00edaco | My Rhythm Device\",\"isPartOf\":{\"@id\":\"https:\/\/www.myrhythmdevice.org\/#website\"},\"primaryImageOfPage\":{\"@id\":\"https:\/\/www.myrhythmdevice.org\/es\/monitor-de-ritmo-cardiaco-implantable\/implantacion-de-un-monitor-de-ritmo-cardiaco\/#primaryimage\"},\"image\":{\"@id\":\"https:\/\/www.myrhythmdevice.org\/es\/monitor-de-ritmo-cardiaco-implantable\/implantacion-de-un-monitor-de-ritmo-cardiaco\/#primaryimage\"},\"thumbnailUrl\":\"https:\/\/www.myrhythmdevice.org\/wp-content\/uploads\/2022\/02\/shutterstock_2019504416-1-min.jpg\",\"datePublished\":\"2022-11-30T11:02:25+00:00\",\"dateModified\":\"2023-01-05T12:46:53+00:00\",\"description\":\"Los monitores de ECG implantables son dispositivos muy peque\u00f1os que se insertan debajo de la piel, con anestesia local, mediante un procedimiento muy sencillo que dura unos minutos.\",\"breadcrumb\":{\"@id\":\"https:\/\/www.myrhythmdevice.org\/es\/monitor-de-ritmo-cardiaco-implantable\/implantacion-de-un-monitor-de-ritmo-cardiaco\/#breadcrumb\"},\"inLanguage\":\"es\",\"potentialAction\":[{\"@type\":\"ReadAction\",\"target\":[\"https:\/\/www.myrhythmdevice.org\/es\/monitor-de-ritmo-cardiaco-implantable\/implantacion-de-un-monitor-de-ritmo-cardiaco\/\"]}]},{\"@type\":\"ImageObject\",\"inLanguage\":\"es\",\"@id\":\"https:\/\/www.myrhythmdevice.org\/es\/monitor-de-ritmo-cardiaco-implantable\/implantacion-de-un-monitor-de-ritmo-cardiaco\/#primaryimage\",\"url\":\"https:\/\/www.myrhythmdevice.org\/wp-content\/uploads\/2022\/02\/shutterstock_2019504416-1-min.jpg\",\"contentUrl\":\"https:\/\/www.myrhythmdevice.org\/wp-content\/uploads\/2022\/02\/shutterstock_2019504416-1-min.jpg\",\"width\":900,\"height\":612},{\"@type\":\"BreadcrumbList\",\"@id\":\"https:\/\/www.myrhythmdevice.org\/es\/monitor-de-ritmo-cardiaco-implantable\/implantacion-de-un-monitor-de-ritmo-cardiaco\/#breadcrumb\",\"itemListElement\":[{\"@type\":\"ListItem\",\"position\":1,\"name\":\"Home\",\"item\":\"https:\/\/www.myrhythmdevice.org\/es\/\"},{\"@type\":\"ListItem\",\"position\":2,\"name\":\"Monitor de ritmo card\u00edaco implantable\",\"item\":\"https:\/\/www.myrhythmdevice.org\/implantable-heart-rhythm-monitor\/\"},{\"@type\":\"ListItem\",\"position\":3,\"name\":\"Implantaci\u00f3n de un monitor de ritmo card\u00edaco\"}]},{\"@type\":\"WebSite\",\"@id\":\"https:\/\/www.myrhythmdevice.org\/#website\",\"url\":\"https:\/\/www.myrhythmdevice.org\/\",\"name\":\"myrhythmdevice.org\",\"description\":\"The website for patients with implanted cardiac devices, their caregivers and families.\",\"publisher\":{\"@id\":\"https:\/\/www.myrhythmdevice.org\/#organization\"},\"potentialAction\":[{\"@type\":\"SearchAction\",\"target\":{\"@type\":\"EntryPoint\",\"urlTemplate\":\"https:\/\/www.myrhythmdevice.org\/?s={search_term_string}\"},\"query-input\":{\"@type\":\"PropertyValueSpecification\",\"valueRequired\":true,\"valueName\":\"search_term_string\"}}],\"inLanguage\":\"es\"},{\"@type\":\"Organization\",\"@id\":\"https:\/\/www.myrhythmdevice.org\/#organization\",\"name\":\"myrhythmdevice.org\",\"url\":\"https:\/\/www.myrhythmdevice.org\/\",\"logo\":{\"@type\":\"ImageObject\",\"inLanguage\":\"es\",\"@id\":\"https:\/\/www.myrhythmdevice.org\/#\/schema\/logo\/image\/\",\"url\":\"https:\/\/cdn-endpoint-mrd.azureedge.net\/myrhythmdevice\/2022\/02\/LOGO-MRD.jpg\",\"contentUrl\":\"https:\/\/cdn-endpoint-mrd.azureedge.net\/myrhythmdevice\/2022\/02\/LOGO-MRD.jpg\",\"width\":1478,\"height\":326,\"caption\":\"myrhythmdevice.org\"},\"image\":{\"@id\":\"https:\/\/www.myrhythmdevice.org\/#\/schema\/logo\/image\/\"}}]}<\/script>\n<!-- \/ Yoast SEO plugin. -->","yoast_head_json":{"title":"Implantaci\u00f3n de un monitor de ritmo card\u00edaco | My Rhythm Device","description":"Los monitores de ECG implantables son dispositivos muy peque\u00f1os que se insertan debajo de la piel, con anestesia local, mediante un procedimiento muy sencillo que dura unos minutos.","robots":{"index":"index","follow":"follow","max-snippet":"max-snippet:-1","max-image-preview":"max-image-preview:large","max-video-preview":"max-video-preview:-1"},"canonical":"https:\/\/www.myrhythmdevice.org\/es\/monitor-de-ritmo-cardiaco-implantable\/implantacion-de-un-monitor-de-ritmo-cardiaco\/","og_locale":"es_ES","og_type":"article","og_title":"Implantaci\u00f3n de un monitor de ritmo card\u00edaco | My Rhythm Device","og_description":"Los monitores de ECG implantables son dispositivos muy peque\u00f1os que se insertan debajo de la piel, con anestesia local, mediante un procedimiento muy sencillo que dura unos minutos.","og_url":"https:\/\/www.myrhythmdevice.org\/es\/monitor-de-ritmo-cardiaco-implantable\/implantacion-de-un-monitor-de-ritmo-cardiaco\/","og_site_name":"myrhythmdevice.org","article_modified_time":"2023-01-05T12:46:53+00:00","og_image":[{"width":900,"height":612,"url":"https:\/\/www.myrhythmdevice.org\/wp-content\/uploads\/2022\/02\/shutterstock_2019504416-1-min.jpg","type":"image\/jpeg"}],"twitter_card":"summary_large_image","twitter_misc":{"Tiempo de lectura":"1 minuto"},"schema":{"@context":"https:\/\/schema.org","@graph":[{"@type":"WebPage","@id":"https:\/\/www.myrhythmdevice.org\/es\/monitor-de-ritmo-cardiaco-implantable\/implantacion-de-un-monitor-de-ritmo-cardiaco\/","url":"https:\/\/www.myrhythmdevice.org\/es\/monitor-de-ritmo-cardiaco-implantable\/implantacion-de-un-monitor-de-ritmo-cardiaco\/","name":"Implantaci\u00f3n de un monitor de ritmo card\u00edaco | My Rhythm Device","isPartOf":{"@id":"https:\/\/www.myrhythmdevice.org\/#website"},"primaryImageOfPage":{"@id":"https:\/\/www.myrhythmdevice.org\/es\/monitor-de-ritmo-cardiaco-implantable\/implantacion-de-un-monitor-de-ritmo-cardiaco\/#primaryimage"},"image":{"@id":"https:\/\/www.myrhythmdevice.org\/es\/monitor-de-ritmo-cardiaco-implantable\/implantacion-de-un-monitor-de-ritmo-cardiaco\/#primaryimage"},"thumbnailUrl":"https:\/\/www.myrhythmdevice.org\/wp-content\/uploads\/2022\/02\/shutterstock_2019504416-1-min.jpg","datePublished":"2022-11-30T11:02:25+00:00","dateModified":"2023-01-05T12:46:53+00:00","description":"Los monitores de ECG implantables son dispositivos muy peque\u00f1os que se insertan debajo de la piel, con anestesia local, mediante un procedimiento muy sencillo que dura unos minutos.","breadcrumb":{"@id":"https:\/\/www.myrhythmdevice.org\/es\/monitor-de-ritmo-cardiaco-implantable\/implantacion-de-un-monitor-de-ritmo-cardiaco\/#breadcrumb"},"inLanguage":"es","potentialAction":[{"@type":"ReadAction","target":["https:\/\/www.myrhythmdevice.org\/es\/monitor-de-ritmo-cardiaco-implantable\/implantacion-de-un-monitor-de-ritmo-cardiaco\/"]}]},{"@type":"ImageObject","inLanguage":"es","@id":"https:\/\/www.myrhythmdevice.org\/es\/monitor-de-ritmo-cardiaco-implantable\/implantacion-de-un-monitor-de-ritmo-cardiaco\/#primaryimage","url":"https:\/\/www.myrhythmdevice.org\/wp-content\/uploads\/2022\/02\/shutterstock_2019504416-1-min.jpg","contentUrl":"https:\/\/www.myrhythmdevice.org\/wp-content\/uploads\/2022\/02\/shutterstock_2019504416-1-min.jpg","width":900,"height":612},{"@type":"BreadcrumbList","@id":"https:\/\/www.myrhythmdevice.org\/es\/monitor-de-ritmo-cardiaco-implantable\/implantacion-de-un-monitor-de-ritmo-cardiaco\/#breadcrumb","itemListElement":[{"@type":"ListItem","position":1,"name":"Home","item":"https:\/\/www.myrhythmdevice.org\/es\/"},{"@type":"ListItem","position":2,"name":"Monitor de ritmo card\u00edaco implantable","item":"https:\/\/www.myrhythmdevice.org\/implantable-heart-rhythm-monitor\/"},{"@type":"ListItem","position":3,"name":"Implantaci\u00f3n de un monitor de ritmo card\u00edaco"}]},{"@type":"WebSite","@id":"https:\/\/www.myrhythmdevice.org\/#website","url":"https:\/\/www.myrhythmdevice.org\/","name":"myrhythmdevice.org","description":"The website for patients with implanted cardiac devices, their caregivers and families.","publisher":{"@id":"https:\/\/www.myrhythmdevice.org\/#organization"},"potentialAction":[{"@type":"SearchAction","target":{"@type":"EntryPoint","urlTemplate":"https:\/\/www.myrhythmdevice.org\/?s={search_term_string}"},"query-input":{"@type":"PropertyValueSpecification","valueRequired":true,"valueName":"search_term_string"}}],"inLanguage":"es"},{"@type":"Organization","@id":"https:\/\/www.myrhythmdevice.org\/#organization","name":"myrhythmdevice.org","url":"https:\/\/www.myrhythmdevice.org\/","logo":{"@type":"ImageObject","inLanguage":"es","@id":"https:\/\/www.myrhythmdevice.org\/#\/schema\/logo\/image\/","url":"https:\/\/cdn-endpoint-mrd.azureedge.net\/myrhythmdevice\/2022\/02\/LOGO-MRD.jpg","contentUrl":"https:\/\/cdn-endpoint-mrd.azureedge.net\/myrhythmdevice\/2022\/02\/LOGO-MRD.jpg","width":1478,"height":326,"caption":"myrhythmdevice.org"},"image":{"@id":"https:\/\/www.myrhythmdevice.org\/#\/schema\/logo\/image\/"}}]}},"_links":{"self":[{"href":"https:\/\/www.myrhythmdevice.org\/es\/wp-json\/wp\/v2\/pages\/632","targetHints":{"allow":["GET"]}}],"collection":[{"href":"https:\/\/www.myrhythmdevice.org\/es\/wp-json\/wp\/v2\/pages"}],"about":[{"href":"https:\/\/www.myrhythmdevice.org\/es\/wp-json\/wp\/v2\/types\/page"}],"author":[{"embeddable":true,"href":"https:\/\/www.myrhythmdevice.org\/es\/wp-json\/wp\/v2\/users\/1"}],"replies":[{"embeddable":true,"href":"https:\/\/www.myrhythmdevice.org\/es\/wp-json\/wp\/v2\/comments?post=632"}],"version-history":[{"count":4,"href":"https:\/\/www.myrhythmdevice.org\/es\/wp-json\/wp\/v2\/pages\/632\/revisions"}],"predecessor-version":[{"id":793,"href":"https:\/\/www.myrhythmdevice.org\/es\/wp-json\/wp\/v2\/pages\/632\/revisions\/793"}],"up":[{"embeddable":true,"href":"https:\/\/www.myrhythmdevice.org\/es\/wp-json\/wp\/v2\/pages\/619"}],"wp:featuredmedia":[{"embeddable":true,"href":"https:\/\/www.myrhythmdevice.org\/es\/wp-json\/wp\/v2\/media\/572"}],"wp:attachment":[{"href":"https:\/\/www.myrhythmdevice.org\/es\/wp-json\/wp\/v2\/media?parent=632"}],"wp:term":[{"taxonomy":"category","embeddable":true,"href":"https:\/\/www.myrhythmdevice.org\/es\/wp-json\/wp\/v2\/categories?post=632"},{"taxonomy":"post_tag","embeddable":true,"href":"https:\/\/www.myrhythmdevice.org\/es\/wp-json\/wp\/v2\/tags?post=632"}],"curies":[{"name":"wp","href":"https:\/\/api.w.org\/{rel}","templated":true}]}}