{"id":628,"date":"2022-11-30T11:02:23","date_gmt":"2022-11-30T11:02:23","guid":{"rendered":"https:\/\/www.myrhythmdevice.org\/monitor-de-ritmo-cardiaco-implantable\/como-funciona-un-monitor-cardiaco-implantable-mci\/"},"modified":"2023-01-05T09:59:13","modified_gmt":"2023-01-05T09:59:13","slug":"como-funciona-un-monitor-cardiaco-implantable-mci","status":"publish","type":"page","link":"https:\/\/www.myrhythmdevice.org\/es\/monitor-de-ritmo-cardiaco-implantable\/como-funciona-un-monitor-cardiaco-implantable-mci\/","title":{"rendered":"\u00bfC\u00f3mo funciona un monitor card\u00edaco implantable (MCI)?"},"content":{"rendered":"<p><img loading=\"lazy\" decoding=\"async\" class=\"aligncenter wp-image-170\" src=\"https:\/\/cdn-endpoint-mrd.azureedge.net\/myrhythmdevice\/2022\/02\/shutterstock_2012253452-1-min.jpg\" alt=\"\" width=\"600\" height=\"501\" srcset=\"https:\/\/cdn-endpoint-mrd.azureedge.net\/myrhythmdevice\/2022\/02\/shutterstock_2012253452-1-min.jpg 900w, https:\/\/www.myrhythmdevice.org\/wp-content\/uploads\/2022\/02\/shutterstock_2012253452-1-min-300x251.jpg 300w, https:\/\/www.myrhythmdevice.org\/wp-content\/uploads\/2022\/02\/shutterstock_2012253452-1-min-768x642.jpg 768w, https:\/\/www.myrhythmdevice.org\/wp-content\/uploads\/2022\/02\/shutterstock_2012253452-1-min-479x400.jpg 479w, https:\/\/www.myrhythmdevice.org\/wp-content\/uploads\/2022\/02\/shutterstock_2012253452-1-min-718x600.jpg 718w\" sizes=\"auto, (max-width: 600px) 100vw, 600px\" \/><\/p>\n<p>Este peque\u00f1o dispositivo se coloca debajo de la piel y registra, de forma continua, una se\u00f1al similar a la del electrocardiograma. Debido a la capacidad de almacenamiento de este dispositivo, solo se conservar\u00e1n los registros realizados en dos casos:<\/p>\n<ul>\n<li>Ya sea porque usted mismo ha enviado una se\u00f1al al dispositivo solicitando que se conserve el rastreo. Esto ocurre cuando sufre un s\u00edntoma y el paciente desea que se conserve el rastreo registrado en el momento del s\u00edntoma.<\/li>\n<li>Si ha experimentado situaciones en las que el propio dispositivo ha considerado su registro anormal por una frecuencia card\u00edaca alta o lenta o por un ritmo irregular.<\/li>\n<\/ul>\n<p>Es muy importante entender que el registro que se almacena en la memoria corresponde al que se realiza durante los minutos previos a la activaci\u00f3n que usted o el propio dispositivo solicite. Por lo tanto, es muy importante conocer siempre el procedimiento para activar el almacenamiento de memoria e implementarlo lo antes posible tras un s\u00edntoma. Si se activa demasiado tarde, el registro almacenado ya no corresponder\u00e1 con el momento del s\u00edntoma.<\/p>\n<p>Los registros almacenados en la memoria son muy f\u00e1ciles de analizar por el personal centro de implantaci\u00f3n, ya sea comprobando el dispositivo de forma presencial o mediante la transmisi\u00f3n de forma remota.<\/p>\n","protected":false},"excerpt":{"rendered":"<p>Este peque\u00f1o dispositivo se coloca debajo de la piel y registra, de forma continua, una se\u00f1al similar a la del electrocardiograma. Debido a la capacidad de almacenamiento de este dispositivo, solo se conservar\u00e1n los registros realizados en dos casos: Ya sea porque usted mismo ha enviado una se\u00f1al al dispositivo solicitando que se conserve el [&hellip;]<\/p>\n","protected":false},"author":1,"featured_media":571,"parent":619,"menu_order":2,"comment_status":"closed","ping_status":"closed","template":"","meta":{"_acf_changed":false,"footnotes":""},"categories":[],"tags":[],"class_list":["post-628","page","type-page","status-publish","has-post-thumbnail","hentry"],"acf":[],"yoast_head":"<!-- This site is optimized with the Yoast SEO plugin v26.0 - https:\/\/yoast.com\/wordpress\/plugins\/seo\/ -->\n<title>Monitor card\u00edaco implantable (MCI) | My Rhythm Device<\/title>\n<meta name=\"description\" content=\"El monitor card\u00edaco implantable se coloca debajo de la piel y registra, de forma continua, una se\u00f1al similar a la del electrocardiograma.\" \/>\n<meta name=\"robots\" content=\"index, follow, max-snippet:-1, max-image-preview:large, max-video-preview:-1\" \/>\n<link rel=\"canonical\" href=\"https:\/\/www.myrhythmdevice.org\/es\/monitor-de-ritmo-cardiaco-implantable\/como-funciona-un-monitor-cardiaco-implantable-mci\/\" \/>\n<meta property=\"og:locale\" content=\"es_ES\" \/>\n<meta property=\"og:type\" content=\"article\" \/>\n<meta property=\"og:title\" content=\"Monitor card\u00edaco implantable (MCI) | My Rhythm Device\" \/>\n<meta property=\"og:description\" content=\"El monitor card\u00edaco implantable se coloca debajo de la piel y registra, de forma continua, una se\u00f1al similar a la del electrocardiograma.\" \/>\n<meta property=\"og:url\" content=\"https:\/\/www.myrhythmdevice.org\/es\/monitor-de-ritmo-cardiaco-implantable\/como-funciona-un-monitor-cardiaco-implantable-mci\/\" \/>\n<meta property=\"og:site_name\" content=\"myrhythmdevice.org\" \/>\n<meta property=\"article:modified_time\" content=\"2023-01-05T09:59:13+00:00\" \/>\n<meta property=\"og:image\" content=\"https:\/\/www.myrhythmdevice.org\/wp-content\/uploads\/2022\/02\/shutterstock_2012253452-1-min.jpg\" \/>\n\t<meta property=\"og:image:width\" content=\"900\" \/>\n\t<meta property=\"og:image:height\" content=\"752\" \/>\n\t<meta property=\"og:image:type\" content=\"image\/jpeg\" \/>\n<meta name=\"twitter:card\" content=\"summary_large_image\" \/>\n<meta name=\"twitter:label1\" content=\"Tiempo de lectura\" \/>\n\t<meta name=\"twitter:data1\" content=\"1 minuto\" \/>\n<script type=\"application\/ld+json\" class=\"yoast-schema-graph\">{\"@context\":\"https:\/\/schema.org\",\"@graph\":[{\"@type\":\"WebPage\",\"@id\":\"https:\/\/www.myrhythmdevice.org\/es\/monitor-de-ritmo-cardiaco-implantable\/como-funciona-un-monitor-cardiaco-implantable-mci\/\",\"url\":\"https:\/\/www.myrhythmdevice.org\/es\/monitor-de-ritmo-cardiaco-implantable\/como-funciona-un-monitor-cardiaco-implantable-mci\/\",\"name\":\"Monitor card\u00edaco implantable (MCI) | My Rhythm Device\",\"isPartOf\":{\"@id\":\"https:\/\/www.myrhythmdevice.org\/#website\"},\"primaryImageOfPage\":{\"@id\":\"https:\/\/www.myrhythmdevice.org\/es\/monitor-de-ritmo-cardiaco-implantable\/como-funciona-un-monitor-cardiaco-implantable-mci\/#primaryimage\"},\"image\":{\"@id\":\"https:\/\/www.myrhythmdevice.org\/es\/monitor-de-ritmo-cardiaco-implantable\/como-funciona-un-monitor-cardiaco-implantable-mci\/#primaryimage\"},\"thumbnailUrl\":\"https:\/\/www.myrhythmdevice.org\/wp-content\/uploads\/2022\/02\/shutterstock_2012253452-1-min.jpg\",\"datePublished\":\"2022-11-30T11:02:23+00:00\",\"dateModified\":\"2023-01-05T09:59:13+00:00\",\"description\":\"El monitor card\u00edaco implantable se coloca debajo de la piel y registra, de forma continua, una se\u00f1al similar a la del electrocardiograma.\",\"breadcrumb\":{\"@id\":\"https:\/\/www.myrhythmdevice.org\/es\/monitor-de-ritmo-cardiaco-implantable\/como-funciona-un-monitor-cardiaco-implantable-mci\/#breadcrumb\"},\"inLanguage\":\"es\",\"potentialAction\":[{\"@type\":\"ReadAction\",\"target\":[\"https:\/\/www.myrhythmdevice.org\/es\/monitor-de-ritmo-cardiaco-implantable\/como-funciona-un-monitor-cardiaco-implantable-mci\/\"]}]},{\"@type\":\"ImageObject\",\"inLanguage\":\"es\",\"@id\":\"https:\/\/www.myrhythmdevice.org\/es\/monitor-de-ritmo-cardiaco-implantable\/como-funciona-un-monitor-cardiaco-implantable-mci\/#primaryimage\",\"url\":\"https:\/\/www.myrhythmdevice.org\/wp-content\/uploads\/2022\/02\/shutterstock_2012253452-1-min.jpg\",\"contentUrl\":\"https:\/\/www.myrhythmdevice.org\/wp-content\/uploads\/2022\/02\/shutterstock_2012253452-1-min.jpg\",\"width\":900,\"height\":752},{\"@type\":\"BreadcrumbList\",\"@id\":\"https:\/\/www.myrhythmdevice.org\/es\/monitor-de-ritmo-cardiaco-implantable\/como-funciona-un-monitor-cardiaco-implantable-mci\/#breadcrumb\",\"itemListElement\":[{\"@type\":\"ListItem\",\"position\":1,\"name\":\"Home\",\"item\":\"https:\/\/www.myrhythmdevice.org\/es\/\"},{\"@type\":\"ListItem\",\"position\":2,\"name\":\"Monitor de ritmo card\u00edaco implantable\",\"item\":\"https:\/\/www.myrhythmdevice.org\/implantable-heart-rhythm-monitor\/\"},{\"@type\":\"ListItem\",\"position\":3,\"name\":\"\u00bfC\u00f3mo funciona un monitor card\u00edaco implantable (MCI)?\"}]},{\"@type\":\"WebSite\",\"@id\":\"https:\/\/www.myrhythmdevice.org\/#website\",\"url\":\"https:\/\/www.myrhythmdevice.org\/\",\"name\":\"myrhythmdevice.org\",\"description\":\"The website for patients with implanted cardiac devices, their caregivers and families.\",\"publisher\":{\"@id\":\"https:\/\/www.myrhythmdevice.org\/#organization\"},\"potentialAction\":[{\"@type\":\"SearchAction\",\"target\":{\"@type\":\"EntryPoint\",\"urlTemplate\":\"https:\/\/www.myrhythmdevice.org\/?s={search_term_string}\"},\"query-input\":{\"@type\":\"PropertyValueSpecification\",\"valueRequired\":true,\"valueName\":\"search_term_string\"}}],\"inLanguage\":\"es\"},{\"@type\":\"Organization\",\"@id\":\"https:\/\/www.myrhythmdevice.org\/#organization\",\"name\":\"myrhythmdevice.org\",\"url\":\"https:\/\/www.myrhythmdevice.org\/\",\"logo\":{\"@type\":\"ImageObject\",\"inLanguage\":\"es\",\"@id\":\"https:\/\/www.myrhythmdevice.org\/#\/schema\/logo\/image\/\",\"url\":\"https:\/\/cdn-endpoint-mrd.azureedge.net\/myrhythmdevice\/2022\/02\/LOGO-MRD.jpg\",\"contentUrl\":\"https:\/\/cdn-endpoint-mrd.azureedge.net\/myrhythmdevice\/2022\/02\/LOGO-MRD.jpg\",\"width\":1478,\"height\":326,\"caption\":\"myrhythmdevice.org\"},\"image\":{\"@id\":\"https:\/\/www.myrhythmdevice.org\/#\/schema\/logo\/image\/\"}}]}<\/script>\n<!-- \/ Yoast SEO plugin. -->","yoast_head_json":{"title":"Monitor card\u00edaco implantable (MCI) | My Rhythm Device","description":"El monitor card\u00edaco implantable se coloca debajo de la piel y registra, de forma continua, una se\u00f1al similar a la del electrocardiograma.","robots":{"index":"index","follow":"follow","max-snippet":"max-snippet:-1","max-image-preview":"max-image-preview:large","max-video-preview":"max-video-preview:-1"},"canonical":"https:\/\/www.myrhythmdevice.org\/es\/monitor-de-ritmo-cardiaco-implantable\/como-funciona-un-monitor-cardiaco-implantable-mci\/","og_locale":"es_ES","og_type":"article","og_title":"Monitor card\u00edaco implantable (MCI) | My Rhythm Device","og_description":"El monitor card\u00edaco implantable se coloca debajo de la piel y registra, de forma continua, una se\u00f1al similar a la del electrocardiograma.","og_url":"https:\/\/www.myrhythmdevice.org\/es\/monitor-de-ritmo-cardiaco-implantable\/como-funciona-un-monitor-cardiaco-implantable-mci\/","og_site_name":"myrhythmdevice.org","article_modified_time":"2023-01-05T09:59:13+00:00","og_image":[{"width":900,"height":752,"url":"https:\/\/www.myrhythmdevice.org\/wp-content\/uploads\/2022\/02\/shutterstock_2012253452-1-min.jpg","type":"image\/jpeg"}],"twitter_card":"summary_large_image","twitter_misc":{"Tiempo de lectura":"1 minuto"},"schema":{"@context":"https:\/\/schema.org","@graph":[{"@type":"WebPage","@id":"https:\/\/www.myrhythmdevice.org\/es\/monitor-de-ritmo-cardiaco-implantable\/como-funciona-un-monitor-cardiaco-implantable-mci\/","url":"https:\/\/www.myrhythmdevice.org\/es\/monitor-de-ritmo-cardiaco-implantable\/como-funciona-un-monitor-cardiaco-implantable-mci\/","name":"Monitor card\u00edaco implantable (MCI) | My Rhythm Device","isPartOf":{"@id":"https:\/\/www.myrhythmdevice.org\/#website"},"primaryImageOfPage":{"@id":"https:\/\/www.myrhythmdevice.org\/es\/monitor-de-ritmo-cardiaco-implantable\/como-funciona-un-monitor-cardiaco-implantable-mci\/#primaryimage"},"image":{"@id":"https:\/\/www.myrhythmdevice.org\/es\/monitor-de-ritmo-cardiaco-implantable\/como-funciona-un-monitor-cardiaco-implantable-mci\/#primaryimage"},"thumbnailUrl":"https:\/\/www.myrhythmdevice.org\/wp-content\/uploads\/2022\/02\/shutterstock_2012253452-1-min.jpg","datePublished":"2022-11-30T11:02:23+00:00","dateModified":"2023-01-05T09:59:13+00:00","description":"El monitor card\u00edaco implantable se coloca debajo de la piel y registra, de forma continua, una se\u00f1al similar a la del electrocardiograma.","breadcrumb":{"@id":"https:\/\/www.myrhythmdevice.org\/es\/monitor-de-ritmo-cardiaco-implantable\/como-funciona-un-monitor-cardiaco-implantable-mci\/#breadcrumb"},"inLanguage":"es","potentialAction":[{"@type":"ReadAction","target":["https:\/\/www.myrhythmdevice.org\/es\/monitor-de-ritmo-cardiaco-implantable\/como-funciona-un-monitor-cardiaco-implantable-mci\/"]}]},{"@type":"ImageObject","inLanguage":"es","@id":"https:\/\/www.myrhythmdevice.org\/es\/monitor-de-ritmo-cardiaco-implantable\/como-funciona-un-monitor-cardiaco-implantable-mci\/#primaryimage","url":"https:\/\/www.myrhythmdevice.org\/wp-content\/uploads\/2022\/02\/shutterstock_2012253452-1-min.jpg","contentUrl":"https:\/\/www.myrhythmdevice.org\/wp-content\/uploads\/2022\/02\/shutterstock_2012253452-1-min.jpg","width":900,"height":752},{"@type":"BreadcrumbList","@id":"https:\/\/www.myrhythmdevice.org\/es\/monitor-de-ritmo-cardiaco-implantable\/como-funciona-un-monitor-cardiaco-implantable-mci\/#breadcrumb","itemListElement":[{"@type":"ListItem","position":1,"name":"Home","item":"https:\/\/www.myrhythmdevice.org\/es\/"},{"@type":"ListItem","position":2,"name":"Monitor de ritmo card\u00edaco implantable","item":"https:\/\/www.myrhythmdevice.org\/implantable-heart-rhythm-monitor\/"},{"@type":"ListItem","position":3,"name":"\u00bfC\u00f3mo funciona un monitor card\u00edaco implantable (MCI)?"}]},{"@type":"WebSite","@id":"https:\/\/www.myrhythmdevice.org\/#website","url":"https:\/\/www.myrhythmdevice.org\/","name":"myrhythmdevice.org","description":"The website for patients with implanted cardiac devices, their caregivers and families.","publisher":{"@id":"https:\/\/www.myrhythmdevice.org\/#organization"},"potentialAction":[{"@type":"SearchAction","target":{"@type":"EntryPoint","urlTemplate":"https:\/\/www.myrhythmdevice.org\/?s={search_term_string}"},"query-input":{"@type":"PropertyValueSpecification","valueRequired":true,"valueName":"search_term_string"}}],"inLanguage":"es"},{"@type":"Organization","@id":"https:\/\/www.myrhythmdevice.org\/#organization","name":"myrhythmdevice.org","url":"https:\/\/www.myrhythmdevice.org\/","logo":{"@type":"ImageObject","inLanguage":"es","@id":"https:\/\/www.myrhythmdevice.org\/#\/schema\/logo\/image\/","url":"https:\/\/cdn-endpoint-mrd.azureedge.net\/myrhythmdevice\/2022\/02\/LOGO-MRD.jpg","contentUrl":"https:\/\/cdn-endpoint-mrd.azureedge.net\/myrhythmdevice\/2022\/02\/LOGO-MRD.jpg","width":1478,"height":326,"caption":"myrhythmdevice.org"},"image":{"@id":"https:\/\/www.myrhythmdevice.org\/#\/schema\/logo\/image\/"}}]}},"_links":{"self":[{"href":"https:\/\/www.myrhythmdevice.org\/es\/wp-json\/wp\/v2\/pages\/628","targetHints":{"allow":["GET"]}}],"collection":[{"href":"https:\/\/www.myrhythmdevice.org\/es\/wp-json\/wp\/v2\/pages"}],"about":[{"href":"https:\/\/www.myrhythmdevice.org\/es\/wp-json\/wp\/v2\/types\/page"}],"author":[{"embeddable":true,"href":"https:\/\/www.myrhythmdevice.org\/es\/wp-json\/wp\/v2\/users\/1"}],"replies":[{"embeddable":true,"href":"https:\/\/www.myrhythmdevice.org\/es\/wp-json\/wp\/v2\/comments?post=628"}],"version-history":[{"count":1,"href":"https:\/\/www.myrhythmdevice.org\/es\/wp-json\/wp\/v2\/pages\/628\/revisions"}],"predecessor-version":[{"id":750,"href":"https:\/\/www.myrhythmdevice.org\/es\/wp-json\/wp\/v2\/pages\/628\/revisions\/750"}],"up":[{"embeddable":true,"href":"https:\/\/www.myrhythmdevice.org\/es\/wp-json\/wp\/v2\/pages\/619"}],"wp:featuredmedia":[{"embeddable":true,"href":"https:\/\/www.myrhythmdevice.org\/es\/wp-json\/wp\/v2\/media\/571"}],"wp:attachment":[{"href":"https:\/\/www.myrhythmdevice.org\/es\/wp-json\/wp\/v2\/media?parent=628"}],"wp:term":[{"taxonomy":"category","embeddable":true,"href":"https:\/\/www.myrhythmdevice.org\/es\/wp-json\/wp\/v2\/categories?post=628"},{"taxonomy":"post_tag","embeddable":true,"href":"https:\/\/www.myrhythmdevice.org\/es\/wp-json\/wp\/v2\/tags?post=628"}],"curies":[{"name":"wp","href":"https:\/\/api.w.org\/{rel}","templated":true}]}}