{"id":626,"date":"2022-11-30T11:02:23","date_gmt":"2022-11-30T11:02:23","guid":{"rendered":"https:\/\/www.myrhythmdevice.org\/que-es-un-monitor-de-ritmo-cardiaco-implantable\/"},"modified":"2023-01-05T10:05:32","modified_gmt":"2023-01-05T10:05:32","slug":"que-es-un-monitor-de-ritmo-cardiaco-implantable","status":"publish","type":"page","link":"https:\/\/www.myrhythmdevice.org\/es\/que-es-un-dispositivo-cardiaco\/que-es-un-monitor-de-ritmo-cardiaco-implantable\/","title":{"rendered":"\u00bfQu\u00e9 es un monitor de ritmo card\u00edaco implantable?"},"content":{"rendered":"<p><img loading=\"lazy\" decoding=\"async\" class=\"alignnone wp-image-723 size-full\" src=\"https:\/\/cdn-endpoint-mrd.azureedge.net\/myrhythmdevice\/2022\/12\/mci-es.png\" alt=\"\" width=\"900\" height=\"557\" srcset=\"https:\/\/cdn-endpoint-mrd.azureedge.net\/myrhythmdevice\/2022\/12\/mci-es.png 900w, https:\/\/cdn-endpoint-mrd.azureedge.net\/myrhythmdevice\/2022\/12\/mci-es-300x186.png 300w, https:\/\/cdn-endpoint-mrd.azureedge.net\/myrhythmdevice\/2022\/12\/mci-es-768x475.png 768w, https:\/\/cdn-endpoint-mrd.azureedge.net\/myrhythmdevice\/2022\/12\/mci-es-600x371.png 600w\" sizes=\"auto, (max-width: 900px) 100vw, 900px\" \/><\/p>\n<p>Un monitor de ritmo card\u00edaco implantable (tambi\u00e9n llamado registrador de bucle implantable o Holter subcut\u00e1neo) es un dispositivo card\u00edaco que se coloca debajo de la piel del pecho. Este dispositivo monitoriza el ritmo card\u00edaco de forma continua durante un per\u00edodo de hasta tres a\u00f1os y registra el ritmo card\u00edaco cuando se detecta cualquier anomal\u00eda. Los registradores de bucle implantables se colocan cuando se sospecha de un ritmo card\u00edaco anormal (arritmia) y las pruebas habituales (es decir, electrocardiograma, monitorizaci\u00f3n de ECG de 24 horas) no pueden detectarlo. Sin embargo, no puede administrar ninguna terapia. Solo se usa con fines diagn\u00f3sticos.<\/p>\n","protected":false},"excerpt":{"rendered":"<p>Un monitor de ritmo card\u00edaco implantable (tambi\u00e9n llamado registrador de bucle implantable o Holter subcut\u00e1neo) es un dispositivo card\u00edaco que se coloca debajo de la piel del pecho. Este dispositivo monitoriza el ritmo card\u00edaco de forma continua durante un per\u00edodo de hasta tres a\u00f1os y registra el ritmo card\u00edaco cuando se detecta cualquier anomal\u00eda. Los [&hellip;]<\/p>\n","protected":false},"author":1,"featured_media":553,"parent":637,"menu_order":0,"comment_status":"closed","ping_status":"closed","template":"","meta":{"_acf_changed":false,"footnotes":""},"categories":[],"tags":[],"class_list":["post-626","page","type-page","status-publish","has-post-thumbnail","hentry"],"acf":[],"yoast_head":"<!-- This site is optimized with the Yoast SEO plugin v26.0 - https:\/\/yoast.com\/wordpress\/plugins\/seo\/ -->\n<title>Monitor de ritmo card\u00edaco implantable | My Rhythm Device<\/title>\n<meta name=\"description\" content=\"Un monitor card\u00edaco implantable o registrador de bucle es un dispositivo card\u00edaco que monitoriza el ritmo card\u00edaco durante un per\u00edodo de hasta 3 a\u00f1os.\" \/>\n<meta name=\"robots\" content=\"index, follow, max-snippet:-1, max-image-preview:large, max-video-preview:-1\" \/>\n<link rel=\"canonical\" href=\"https:\/\/www.myrhythmdevice.org\/es\/que-es-un-dispositivo-cardiaco\/que-es-un-monitor-de-ritmo-cardiaco-implantable\/\" \/>\n<meta property=\"og:locale\" content=\"es_ES\" \/>\n<meta property=\"og:type\" content=\"article\" \/>\n<meta property=\"og:title\" content=\"Monitor de ritmo card\u00edaco implantable | My Rhythm Device\" \/>\n<meta property=\"og:description\" content=\"Un monitor card\u00edaco implantable o registrador de bucle es un dispositivo card\u00edaco que monitoriza el ritmo card\u00edaco durante un per\u00edodo de hasta 3 a\u00f1os.\" \/>\n<meta property=\"og:url\" content=\"https:\/\/www.myrhythmdevice.org\/es\/que-es-un-dispositivo-cardiaco\/que-es-un-monitor-de-ritmo-cardiaco-implantable\/\" \/>\n<meta property=\"og:site_name\" content=\"myrhythmdevice.org\" \/>\n<meta property=\"article:modified_time\" content=\"2023-01-05T10:05:32+00:00\" \/>\n<meta property=\"og:image\" content=\"https:\/\/www.myrhythmdevice.org\/wp-content\/uploads\/2022\/02\/shutterstock_2012252054-ai-min.jpg\" \/>\n\t<meta property=\"og:image:width\" content=\"900\" \/>\n\t<meta property=\"og:image:height\" content=\"557\" \/>\n\t<meta property=\"og:image:type\" content=\"image\/jpeg\" \/>\n<meta name=\"twitter:card\" content=\"summary_large_image\" \/>\n<meta name=\"twitter:label1\" content=\"Tiempo de lectura\" \/>\n\t<meta name=\"twitter:data1\" content=\"1 minuto\" \/>\n<script type=\"application\/ld+json\" class=\"yoast-schema-graph\">{\"@context\":\"https:\/\/schema.org\",\"@graph\":[{\"@type\":\"WebPage\",\"@id\":\"https:\/\/www.myrhythmdevice.org\/es\/que-es-un-dispositivo-cardiaco\/que-es-un-monitor-de-ritmo-cardiaco-implantable\/\",\"url\":\"https:\/\/www.myrhythmdevice.org\/es\/que-es-un-dispositivo-cardiaco\/que-es-un-monitor-de-ritmo-cardiaco-implantable\/\",\"name\":\"Monitor de ritmo card\u00edaco implantable | My Rhythm Device\",\"isPartOf\":{\"@id\":\"https:\/\/www.myrhythmdevice.org\/#website\"},\"primaryImageOfPage\":{\"@id\":\"https:\/\/www.myrhythmdevice.org\/es\/que-es-un-dispositivo-cardiaco\/que-es-un-monitor-de-ritmo-cardiaco-implantable\/#primaryimage\"},\"image\":{\"@id\":\"https:\/\/www.myrhythmdevice.org\/es\/que-es-un-dispositivo-cardiaco\/que-es-un-monitor-de-ritmo-cardiaco-implantable\/#primaryimage\"},\"thumbnailUrl\":\"https:\/\/www.myrhythmdevice.org\/wp-content\/uploads\/2022\/02\/shutterstock_2012252054-ai-min.jpg\",\"datePublished\":\"2022-11-30T11:02:23+00:00\",\"dateModified\":\"2023-01-05T10:05:32+00:00\",\"description\":\"Un monitor card\u00edaco implantable o registrador de bucle es un dispositivo card\u00edaco que monitoriza el ritmo card\u00edaco durante un per\u00edodo de hasta 3 a\u00f1os.\",\"breadcrumb\":{\"@id\":\"https:\/\/www.myrhythmdevice.org\/es\/que-es-un-dispositivo-cardiaco\/que-es-un-monitor-de-ritmo-cardiaco-implantable\/#breadcrumb\"},\"inLanguage\":\"es\",\"potentialAction\":[{\"@type\":\"ReadAction\",\"target\":[\"https:\/\/www.myrhythmdevice.org\/es\/que-es-un-dispositivo-cardiaco\/que-es-un-monitor-de-ritmo-cardiaco-implantable\/\"]}]},{\"@type\":\"ImageObject\",\"inLanguage\":\"es\",\"@id\":\"https:\/\/www.myrhythmdevice.org\/es\/que-es-un-dispositivo-cardiaco\/que-es-un-monitor-de-ritmo-cardiaco-implantable\/#primaryimage\",\"url\":\"https:\/\/www.myrhythmdevice.org\/wp-content\/uploads\/2022\/02\/shutterstock_2012252054-ai-min.jpg\",\"contentUrl\":\"https:\/\/www.myrhythmdevice.org\/wp-content\/uploads\/2022\/02\/shutterstock_2012252054-ai-min.jpg\",\"width\":900,\"height\":557},{\"@type\":\"BreadcrumbList\",\"@id\":\"https:\/\/www.myrhythmdevice.org\/es\/que-es-un-dispositivo-cardiaco\/que-es-un-monitor-de-ritmo-cardiaco-implantable\/#breadcrumb\",\"itemListElement\":[{\"@type\":\"ListItem\",\"position\":1,\"name\":\"Home\",\"item\":\"https:\/\/www.myrhythmdevice.org\/es\/\"},{\"@type\":\"ListItem\",\"position\":2,\"name\":\"\u00bfQu\u00e9 es un dispositivo card\u00edaco?\",\"item\":\"https:\/\/www.myrhythmdevice.org\/es\/que-es-un-dispositivo-cardiaco\/\"},{\"@type\":\"ListItem\",\"position\":3,\"name\":\"\u00bfQu\u00e9 es un monitor de ritmo card\u00edaco implantable?\"}]},{\"@type\":\"WebSite\",\"@id\":\"https:\/\/www.myrhythmdevice.org\/#website\",\"url\":\"https:\/\/www.myrhythmdevice.org\/\",\"name\":\"myrhythmdevice.org\",\"description\":\"The website for patients with implanted cardiac devices, their caregivers and families.\",\"publisher\":{\"@id\":\"https:\/\/www.myrhythmdevice.org\/#organization\"},\"potentialAction\":[{\"@type\":\"SearchAction\",\"target\":{\"@type\":\"EntryPoint\",\"urlTemplate\":\"https:\/\/www.myrhythmdevice.org\/?s={search_term_string}\"},\"query-input\":{\"@type\":\"PropertyValueSpecification\",\"valueRequired\":true,\"valueName\":\"search_term_string\"}}],\"inLanguage\":\"es\"},{\"@type\":\"Organization\",\"@id\":\"https:\/\/www.myrhythmdevice.org\/#organization\",\"name\":\"myrhythmdevice.org\",\"url\":\"https:\/\/www.myrhythmdevice.org\/\",\"logo\":{\"@type\":\"ImageObject\",\"inLanguage\":\"es\",\"@id\":\"https:\/\/www.myrhythmdevice.org\/#\/schema\/logo\/image\/\",\"url\":\"https:\/\/cdn-endpoint-mrd.azureedge.net\/myrhythmdevice\/2022\/02\/LOGO-MRD.jpg\",\"contentUrl\":\"https:\/\/cdn-endpoint-mrd.azureedge.net\/myrhythmdevice\/2022\/02\/LOGO-MRD.jpg\",\"width\":1478,\"height\":326,\"caption\":\"myrhythmdevice.org\"},\"image\":{\"@id\":\"https:\/\/www.myrhythmdevice.org\/#\/schema\/logo\/image\/\"}}]}<\/script>\n<!-- \/ Yoast SEO plugin. -->","yoast_head_json":{"title":"Monitor de ritmo card\u00edaco implantable | My Rhythm Device","description":"Un monitor card\u00edaco implantable o registrador de bucle es un dispositivo card\u00edaco que monitoriza el ritmo card\u00edaco durante un per\u00edodo de hasta 3 a\u00f1os.","robots":{"index":"index","follow":"follow","max-snippet":"max-snippet:-1","max-image-preview":"max-image-preview:large","max-video-preview":"max-video-preview:-1"},"canonical":"https:\/\/www.myrhythmdevice.org\/es\/que-es-un-dispositivo-cardiaco\/que-es-un-monitor-de-ritmo-cardiaco-implantable\/","og_locale":"es_ES","og_type":"article","og_title":"Monitor de ritmo card\u00edaco implantable | My Rhythm Device","og_description":"Un monitor card\u00edaco implantable o registrador de bucle es un dispositivo card\u00edaco que monitoriza el ritmo card\u00edaco durante un per\u00edodo de hasta 3 a\u00f1os.","og_url":"https:\/\/www.myrhythmdevice.org\/es\/que-es-un-dispositivo-cardiaco\/que-es-un-monitor-de-ritmo-cardiaco-implantable\/","og_site_name":"myrhythmdevice.org","article_modified_time":"2023-01-05T10:05:32+00:00","og_image":[{"width":900,"height":557,"url":"https:\/\/www.myrhythmdevice.org\/wp-content\/uploads\/2022\/02\/shutterstock_2012252054-ai-min.jpg","type":"image\/jpeg"}],"twitter_card":"summary_large_image","twitter_misc":{"Tiempo de lectura":"1 minuto"},"schema":{"@context":"https:\/\/schema.org","@graph":[{"@type":"WebPage","@id":"https:\/\/www.myrhythmdevice.org\/es\/que-es-un-dispositivo-cardiaco\/que-es-un-monitor-de-ritmo-cardiaco-implantable\/","url":"https:\/\/www.myrhythmdevice.org\/es\/que-es-un-dispositivo-cardiaco\/que-es-un-monitor-de-ritmo-cardiaco-implantable\/","name":"Monitor de ritmo card\u00edaco implantable | My Rhythm Device","isPartOf":{"@id":"https:\/\/www.myrhythmdevice.org\/#website"},"primaryImageOfPage":{"@id":"https:\/\/www.myrhythmdevice.org\/es\/que-es-un-dispositivo-cardiaco\/que-es-un-monitor-de-ritmo-cardiaco-implantable\/#primaryimage"},"image":{"@id":"https:\/\/www.myrhythmdevice.org\/es\/que-es-un-dispositivo-cardiaco\/que-es-un-monitor-de-ritmo-cardiaco-implantable\/#primaryimage"},"thumbnailUrl":"https:\/\/www.myrhythmdevice.org\/wp-content\/uploads\/2022\/02\/shutterstock_2012252054-ai-min.jpg","datePublished":"2022-11-30T11:02:23+00:00","dateModified":"2023-01-05T10:05:32+00:00","description":"Un monitor card\u00edaco implantable o registrador de bucle es un dispositivo card\u00edaco que monitoriza el ritmo card\u00edaco durante un per\u00edodo de hasta 3 a\u00f1os.","breadcrumb":{"@id":"https:\/\/www.myrhythmdevice.org\/es\/que-es-un-dispositivo-cardiaco\/que-es-un-monitor-de-ritmo-cardiaco-implantable\/#breadcrumb"},"inLanguage":"es","potentialAction":[{"@type":"ReadAction","target":["https:\/\/www.myrhythmdevice.org\/es\/que-es-un-dispositivo-cardiaco\/que-es-un-monitor-de-ritmo-cardiaco-implantable\/"]}]},{"@type":"ImageObject","inLanguage":"es","@id":"https:\/\/www.myrhythmdevice.org\/es\/que-es-un-dispositivo-cardiaco\/que-es-un-monitor-de-ritmo-cardiaco-implantable\/#primaryimage","url":"https:\/\/www.myrhythmdevice.org\/wp-content\/uploads\/2022\/02\/shutterstock_2012252054-ai-min.jpg","contentUrl":"https:\/\/www.myrhythmdevice.org\/wp-content\/uploads\/2022\/02\/shutterstock_2012252054-ai-min.jpg","width":900,"height":557},{"@type":"BreadcrumbList","@id":"https:\/\/www.myrhythmdevice.org\/es\/que-es-un-dispositivo-cardiaco\/que-es-un-monitor-de-ritmo-cardiaco-implantable\/#breadcrumb","itemListElement":[{"@type":"ListItem","position":1,"name":"Home","item":"https:\/\/www.myrhythmdevice.org\/es\/"},{"@type":"ListItem","position":2,"name":"\u00bfQu\u00e9 es un dispositivo card\u00edaco?","item":"https:\/\/www.myrhythmdevice.org\/es\/que-es-un-dispositivo-cardiaco\/"},{"@type":"ListItem","position":3,"name":"\u00bfQu\u00e9 es un monitor de ritmo card\u00edaco implantable?"}]},{"@type":"WebSite","@id":"https:\/\/www.myrhythmdevice.org\/#website","url":"https:\/\/www.myrhythmdevice.org\/","name":"myrhythmdevice.org","description":"The website for patients with implanted cardiac devices, their caregivers and families.","publisher":{"@id":"https:\/\/www.myrhythmdevice.org\/#organization"},"potentialAction":[{"@type":"SearchAction","target":{"@type":"EntryPoint","urlTemplate":"https:\/\/www.myrhythmdevice.org\/?s={search_term_string}"},"query-input":{"@type":"PropertyValueSpecification","valueRequired":true,"valueName":"search_term_string"}}],"inLanguage":"es"},{"@type":"Organization","@id":"https:\/\/www.myrhythmdevice.org\/#organization","name":"myrhythmdevice.org","url":"https:\/\/www.myrhythmdevice.org\/","logo":{"@type":"ImageObject","inLanguage":"es","@id":"https:\/\/www.myrhythmdevice.org\/#\/schema\/logo\/image\/","url":"https:\/\/cdn-endpoint-mrd.azureedge.net\/myrhythmdevice\/2022\/02\/LOGO-MRD.jpg","contentUrl":"https:\/\/cdn-endpoint-mrd.azureedge.net\/myrhythmdevice\/2022\/02\/LOGO-MRD.jpg","width":1478,"height":326,"caption":"myrhythmdevice.org"},"image":{"@id":"https:\/\/www.myrhythmdevice.org\/#\/schema\/logo\/image\/"}}]}},"_links":{"self":[{"href":"https:\/\/www.myrhythmdevice.org\/es\/wp-json\/wp\/v2\/pages\/626","targetHints":{"allow":["GET"]}}],"collection":[{"href":"https:\/\/www.myrhythmdevice.org\/es\/wp-json\/wp\/v2\/pages"}],"about":[{"href":"https:\/\/www.myrhythmdevice.org\/es\/wp-json\/wp\/v2\/types\/page"}],"author":[{"embeddable":true,"href":"https:\/\/www.myrhythmdevice.org\/es\/wp-json\/wp\/v2\/users\/1"}],"replies":[{"embeddable":true,"href":"https:\/\/www.myrhythmdevice.org\/es\/wp-json\/wp\/v2\/comments?post=626"}],"version-history":[{"count":4,"href":"https:\/\/www.myrhythmdevice.org\/es\/wp-json\/wp\/v2\/pages\/626\/revisions"}],"predecessor-version":[{"id":784,"href":"https:\/\/www.myrhythmdevice.org\/es\/wp-json\/wp\/v2\/pages\/626\/revisions\/784"}],"up":[{"embeddable":true,"href":"https:\/\/www.myrhythmdevice.org\/es\/wp-json\/wp\/v2\/pages\/637"}],"wp:featuredmedia":[{"embeddable":true,"href":"https:\/\/www.myrhythmdevice.org\/es\/wp-json\/wp\/v2\/media\/553"}],"wp:attachment":[{"href":"https:\/\/www.myrhythmdevice.org\/es\/wp-json\/wp\/v2\/media?parent=626"}],"wp:term":[{"taxonomy":"category","embeddable":true,"href":"https:\/\/www.myrhythmdevice.org\/es\/wp-json\/wp\/v2\/categories?post=626"},{"taxonomy":"post_tag","embeddable":true,"href":"https:\/\/www.myrhythmdevice.org\/es\/wp-json\/wp\/v2\/tags?post=626"}],"curies":[{"name":"wp","href":"https:\/\/api.w.org\/{rel}","templated":true}]}}