{"id":624,"date":"2022-11-30T11:02:21","date_gmt":"2022-11-30T11:02:21","guid":{"rendered":"https:\/\/www.myrhythmdevice.org\/monitor-de-ritmo-cardiaco-implantable\/cuando-necesito-un-monitor-cardiaco-mci\/"},"modified":"2023-01-05T09:59:11","modified_gmt":"2023-01-05T09:59:11","slug":"cuando-necesito-un-monitor-cardiaco-mci","status":"publish","type":"page","link":"https:\/\/www.myrhythmdevice.org\/es\/monitor-de-ritmo-cardiaco-implantable\/cuando-necesito-un-monitor-cardiaco-mci\/","title":{"rendered":"\u00bfCu\u00e1ndo necesito un monitor card\u00edaco (MCI)?"},"content":{"rendered":"<p><img loading=\"lazy\" decoding=\"async\" class=\"wp-image-501 aligncenter\" src=\"https:\/\/cdn-endpoint-mrd.azureedge.net\/myrhythmdevice\/2022\/11\/fainting.jpg\" alt=\"\" width=\"501\" height=\"334\" srcset=\"https:\/\/cdn-endpoint-mrd.azureedge.net\/myrhythmdevice\/2022\/11\/fainting.jpg 1000w, https:\/\/www.myrhythmdevice.org\/wp-content\/uploads\/2022\/11\/fainting-300x200.jpg 300w, https:\/\/www.myrhythmdevice.org\/wp-content\/uploads\/2022\/11\/fainting-768x512.jpg 768w, https:\/\/www.myrhythmdevice.org\/wp-content\/uploads\/2022\/11\/fainting-600x400.jpg 600w, https:\/\/www.myrhythmdevice.org\/wp-content\/uploads\/2022\/11\/fainting-900x600.jpg 900w\" sizes=\"auto, (max-width: 501px) 100vw, 501px\" \/><\/p>\n<p>Hay diferentes razones por las que puede necesitar un monitor card\u00edaco implantable (MCI), tambi\u00e9n llamado registrador de bucle implantable:<\/p>\n<ul>\n<li>Si tiene s\u00edntomas inexplicables, como p\u00e9rdida de conocimiento o palpitaciones, y su m\u00e9dico necesita un registro de ECG en el momento de los s\u00edntomas.<\/li>\n<li>Si ha sufrido un accidente cerebrovascular, es importante saber si usted sufre o no de forma ocasional una arritmia llamada fibrilaci\u00f3n auricular, una arritmia que se origina en las c\u00e1maras superiores del coraz\u00f3n que puede causar co\u00e1gulos de sangre que pueden viajar al cerebro y causar un accidente cerebrovascular (para obtener m\u00e1s informaci\u00f3n sobre la fibrilaci\u00f3n auricular, visite: https:\/\/www.afibmatters.org\/).<\/li>\n<li>Es posible, aunque no frecuente, que se pueda implantar tras una ablaci\u00f3n con cat\u00e9ter de arritmias para monitorizar el resultado.<\/li>\n<\/ul>\n","protected":false},"excerpt":{"rendered":"<p>Hay diferentes razones por las que puede necesitar un monitor card\u00edaco implantable (MCI), tambi\u00e9n llamado registrador de bucle implantable: Si tiene s\u00edntomas inexplicables, como p\u00e9rdida de conocimiento o palpitaciones, y su m\u00e9dico necesita un registro de ECG en el momento de los s\u00edntomas. Si ha sufrido un accidente cerebrovascular, es importante saber si usted sufre [&hellip;]<\/p>\n","protected":false},"author":1,"featured_media":570,"parent":619,"menu_order":1,"comment_status":"closed","ping_status":"closed","template":"","meta":{"_acf_changed":false,"footnotes":""},"categories":[],"tags":[],"class_list":["post-624","page","type-page","status-publish","has-post-thumbnail","hentry"],"acf":[],"yoast_head":"<!-- This site is optimized with the Yoast SEO plugin v25.3.1 - https:\/\/yoast.com\/wordpress\/plugins\/seo\/ -->\n<title>\u00bfMonitor Card\u00edaco Implantable (MCI)? | My Rhythm Device<\/title>\n<meta name=\"description\" content=\"Es posible que necesite un monitor card\u00edaco implantable (MCI), tambi\u00e9n llamado registrador de bucle implantable, por diferentes razones.\" \/>\n<meta name=\"robots\" content=\"index, follow, max-snippet:-1, max-image-preview:large, max-video-preview:-1\" \/>\n<link rel=\"canonical\" href=\"https:\/\/www.myrhythmdevice.org\/es\/monitor-de-ritmo-cardiaco-implantable\/cuando-necesito-un-monitor-cardiaco-mci\/\" \/>\n<meta property=\"og:locale\" content=\"es_ES\" \/>\n<meta property=\"og:type\" content=\"article\" \/>\n<meta property=\"og:title\" content=\"\u00bfMonitor Card\u00edaco Implantable (MCI)? | My Rhythm Device\" \/>\n<meta property=\"og:description\" content=\"Es posible que necesite un monitor card\u00edaco implantable (MCI), tambi\u00e9n llamado registrador de bucle implantable, por diferentes razones.\" \/>\n<meta property=\"og:url\" content=\"https:\/\/www.myrhythmdevice.org\/es\/monitor-de-ritmo-cardiaco-implantable\/cuando-necesito-un-monitor-cardiaco-mci\/\" \/>\n<meta property=\"og:site_name\" content=\"myrhythmdevice.org\" \/>\n<meta property=\"article:modified_time\" content=\"2023-01-05T09:59:11+00:00\" \/>\n<meta property=\"og:image\" content=\"https:\/\/www.myrhythmdevice.org\/wp-content\/uploads\/2022\/02\/shutterstock_1103889479-1-min.jpg\" \/>\n\t<meta property=\"og:image:width\" content=\"900\" \/>\n\t<meta property=\"og:image:height\" content=\"600\" \/>\n\t<meta property=\"og:image:type\" content=\"image\/jpeg\" \/>\n<meta name=\"twitter:card\" content=\"summary_large_image\" \/>\n<meta name=\"twitter:label1\" content=\"Tiempo de lectura\" \/>\n\t<meta name=\"twitter:data1\" content=\"1 minuto\" \/>\n<script type=\"application\/ld+json\" class=\"yoast-schema-graph\">{\"@context\":\"https:\/\/schema.org\",\"@graph\":[{\"@type\":\"WebPage\",\"@id\":\"https:\/\/www.myrhythmdevice.org\/es\/monitor-de-ritmo-cardiaco-implantable\/cuando-necesito-un-monitor-cardiaco-mci\/\",\"url\":\"https:\/\/www.myrhythmdevice.org\/es\/monitor-de-ritmo-cardiaco-implantable\/cuando-necesito-un-monitor-cardiaco-mci\/\",\"name\":\"\u00bfMonitor Card\u00edaco Implantable (MCI)? | My Rhythm Device\",\"isPartOf\":{\"@id\":\"https:\/\/www.myrhythmdevice.org\/#website\"},\"primaryImageOfPage\":{\"@id\":\"https:\/\/www.myrhythmdevice.org\/es\/monitor-de-ritmo-cardiaco-implantable\/cuando-necesito-un-monitor-cardiaco-mci\/#primaryimage\"},\"image\":{\"@id\":\"https:\/\/www.myrhythmdevice.org\/es\/monitor-de-ritmo-cardiaco-implantable\/cuando-necesito-un-monitor-cardiaco-mci\/#primaryimage\"},\"thumbnailUrl\":\"https:\/\/www.myrhythmdevice.org\/wp-content\/uploads\/2022\/02\/shutterstock_1103889479-1-min.jpg\",\"datePublished\":\"2022-11-30T11:02:21+00:00\",\"dateModified\":\"2023-01-05T09:59:11+00:00\",\"description\":\"Es posible que necesite un monitor card\u00edaco implantable (MCI), tambi\u00e9n llamado registrador de bucle implantable, por diferentes razones.\",\"breadcrumb\":{\"@id\":\"https:\/\/www.myrhythmdevice.org\/es\/monitor-de-ritmo-cardiaco-implantable\/cuando-necesito-un-monitor-cardiaco-mci\/#breadcrumb\"},\"inLanguage\":\"es\",\"potentialAction\":[{\"@type\":\"ReadAction\",\"target\":[\"https:\/\/www.myrhythmdevice.org\/es\/monitor-de-ritmo-cardiaco-implantable\/cuando-necesito-un-monitor-cardiaco-mci\/\"]}]},{\"@type\":\"ImageObject\",\"inLanguage\":\"es\",\"@id\":\"https:\/\/www.myrhythmdevice.org\/es\/monitor-de-ritmo-cardiaco-implantable\/cuando-necesito-un-monitor-cardiaco-mci\/#primaryimage\",\"url\":\"https:\/\/www.myrhythmdevice.org\/wp-content\/uploads\/2022\/02\/shutterstock_1103889479-1-min.jpg\",\"contentUrl\":\"https:\/\/www.myrhythmdevice.org\/wp-content\/uploads\/2022\/02\/shutterstock_1103889479-1-min.jpg\",\"width\":900,\"height\":600},{\"@type\":\"BreadcrumbList\",\"@id\":\"https:\/\/www.myrhythmdevice.org\/es\/monitor-de-ritmo-cardiaco-implantable\/cuando-necesito-un-monitor-cardiaco-mci\/#breadcrumb\",\"itemListElement\":[{\"@type\":\"ListItem\",\"position\":1,\"name\":\"Home\",\"item\":\"https:\/\/www.myrhythmdevice.org\/es\/\"},{\"@type\":\"ListItem\",\"position\":2,\"name\":\"Monitor de ritmo card\u00edaco implantable\",\"item\":\"https:\/\/www.myrhythmdevice.org\/implantable-heart-rhythm-monitor\/\"},{\"@type\":\"ListItem\",\"position\":3,\"name\":\"\u00bfCu\u00e1ndo necesito un monitor card\u00edaco (MCI)?\"}]},{\"@type\":\"WebSite\",\"@id\":\"https:\/\/www.myrhythmdevice.org\/#website\",\"url\":\"https:\/\/www.myrhythmdevice.org\/\",\"name\":\"myrhythmdevice.org\",\"description\":\"The website for patients with implanted cardiac devices, their caregivers and families.\",\"publisher\":{\"@id\":\"https:\/\/www.myrhythmdevice.org\/#organization\"},\"potentialAction\":[{\"@type\":\"SearchAction\",\"target\":{\"@type\":\"EntryPoint\",\"urlTemplate\":\"https:\/\/www.myrhythmdevice.org\/?s={search_term_string}\"},\"query-input\":{\"@type\":\"PropertyValueSpecification\",\"valueRequired\":true,\"valueName\":\"search_term_string\"}}],\"inLanguage\":\"es\"},{\"@type\":\"Organization\",\"@id\":\"https:\/\/www.myrhythmdevice.org\/#organization\",\"name\":\"myrhythmdevice.org\",\"url\":\"https:\/\/www.myrhythmdevice.org\/\",\"logo\":{\"@type\":\"ImageObject\",\"inLanguage\":\"es\",\"@id\":\"https:\/\/www.myrhythmdevice.org\/#\/schema\/logo\/image\/\",\"url\":\"https:\/\/cdn-endpoint-mrd.azureedge.net\/myrhythmdevice\/2022\/02\/LOGO-MRD.jpg\",\"contentUrl\":\"https:\/\/cdn-endpoint-mrd.azureedge.net\/myrhythmdevice\/2022\/02\/LOGO-MRD.jpg\",\"width\":1478,\"height\":326,\"caption\":\"myrhythmdevice.org\"},\"image\":{\"@id\":\"https:\/\/www.myrhythmdevice.org\/#\/schema\/logo\/image\/\"}}]}<\/script>\n<!-- \/ Yoast SEO plugin. -->","yoast_head_json":{"title":"\u00bfMonitor Card\u00edaco Implantable (MCI)? | My Rhythm Device","description":"Es posible que necesite un monitor card\u00edaco implantable (MCI), tambi\u00e9n llamado registrador de bucle implantable, por diferentes razones.","robots":{"index":"index","follow":"follow","max-snippet":"max-snippet:-1","max-image-preview":"max-image-preview:large","max-video-preview":"max-video-preview:-1"},"canonical":"https:\/\/www.myrhythmdevice.org\/es\/monitor-de-ritmo-cardiaco-implantable\/cuando-necesito-un-monitor-cardiaco-mci\/","og_locale":"es_ES","og_type":"article","og_title":"\u00bfMonitor Card\u00edaco Implantable (MCI)? | My Rhythm Device","og_description":"Es posible que necesite un monitor card\u00edaco implantable (MCI), tambi\u00e9n llamado registrador de bucle implantable, por diferentes razones.","og_url":"https:\/\/www.myrhythmdevice.org\/es\/monitor-de-ritmo-cardiaco-implantable\/cuando-necesito-un-monitor-cardiaco-mci\/","og_site_name":"myrhythmdevice.org","article_modified_time":"2023-01-05T09:59:11+00:00","og_image":[{"width":900,"height":600,"url":"https:\/\/www.myrhythmdevice.org\/wp-content\/uploads\/2022\/02\/shutterstock_1103889479-1-min.jpg","type":"image\/jpeg"}],"twitter_card":"summary_large_image","twitter_misc":{"Tiempo de lectura":"1 minuto"},"schema":{"@context":"https:\/\/schema.org","@graph":[{"@type":"WebPage","@id":"https:\/\/www.myrhythmdevice.org\/es\/monitor-de-ritmo-cardiaco-implantable\/cuando-necesito-un-monitor-cardiaco-mci\/","url":"https:\/\/www.myrhythmdevice.org\/es\/monitor-de-ritmo-cardiaco-implantable\/cuando-necesito-un-monitor-cardiaco-mci\/","name":"\u00bfMonitor Card\u00edaco Implantable (MCI)? | My Rhythm Device","isPartOf":{"@id":"https:\/\/www.myrhythmdevice.org\/#website"},"primaryImageOfPage":{"@id":"https:\/\/www.myrhythmdevice.org\/es\/monitor-de-ritmo-cardiaco-implantable\/cuando-necesito-un-monitor-cardiaco-mci\/#primaryimage"},"image":{"@id":"https:\/\/www.myrhythmdevice.org\/es\/monitor-de-ritmo-cardiaco-implantable\/cuando-necesito-un-monitor-cardiaco-mci\/#primaryimage"},"thumbnailUrl":"https:\/\/www.myrhythmdevice.org\/wp-content\/uploads\/2022\/02\/shutterstock_1103889479-1-min.jpg","datePublished":"2022-11-30T11:02:21+00:00","dateModified":"2023-01-05T09:59:11+00:00","description":"Es posible que necesite un monitor card\u00edaco implantable (MCI), tambi\u00e9n llamado registrador de bucle implantable, por diferentes razones.","breadcrumb":{"@id":"https:\/\/www.myrhythmdevice.org\/es\/monitor-de-ritmo-cardiaco-implantable\/cuando-necesito-un-monitor-cardiaco-mci\/#breadcrumb"},"inLanguage":"es","potentialAction":[{"@type":"ReadAction","target":["https:\/\/www.myrhythmdevice.org\/es\/monitor-de-ritmo-cardiaco-implantable\/cuando-necesito-un-monitor-cardiaco-mci\/"]}]},{"@type":"ImageObject","inLanguage":"es","@id":"https:\/\/www.myrhythmdevice.org\/es\/monitor-de-ritmo-cardiaco-implantable\/cuando-necesito-un-monitor-cardiaco-mci\/#primaryimage","url":"https:\/\/www.myrhythmdevice.org\/wp-content\/uploads\/2022\/02\/shutterstock_1103889479-1-min.jpg","contentUrl":"https:\/\/www.myrhythmdevice.org\/wp-content\/uploads\/2022\/02\/shutterstock_1103889479-1-min.jpg","width":900,"height":600},{"@type":"BreadcrumbList","@id":"https:\/\/www.myrhythmdevice.org\/es\/monitor-de-ritmo-cardiaco-implantable\/cuando-necesito-un-monitor-cardiaco-mci\/#breadcrumb","itemListElement":[{"@type":"ListItem","position":1,"name":"Home","item":"https:\/\/www.myrhythmdevice.org\/es\/"},{"@type":"ListItem","position":2,"name":"Monitor de ritmo card\u00edaco implantable","item":"https:\/\/www.myrhythmdevice.org\/implantable-heart-rhythm-monitor\/"},{"@type":"ListItem","position":3,"name":"\u00bfCu\u00e1ndo necesito un monitor card\u00edaco (MCI)?"}]},{"@type":"WebSite","@id":"https:\/\/www.myrhythmdevice.org\/#website","url":"https:\/\/www.myrhythmdevice.org\/","name":"myrhythmdevice.org","description":"The website for patients with implanted cardiac devices, their caregivers and families.","publisher":{"@id":"https:\/\/www.myrhythmdevice.org\/#organization"},"potentialAction":[{"@type":"SearchAction","target":{"@type":"EntryPoint","urlTemplate":"https:\/\/www.myrhythmdevice.org\/?s={search_term_string}"},"query-input":{"@type":"PropertyValueSpecification","valueRequired":true,"valueName":"search_term_string"}}],"inLanguage":"es"},{"@type":"Organization","@id":"https:\/\/www.myrhythmdevice.org\/#organization","name":"myrhythmdevice.org","url":"https:\/\/www.myrhythmdevice.org\/","logo":{"@type":"ImageObject","inLanguage":"es","@id":"https:\/\/www.myrhythmdevice.org\/#\/schema\/logo\/image\/","url":"https:\/\/cdn-endpoint-mrd.azureedge.net\/myrhythmdevice\/2022\/02\/LOGO-MRD.jpg","contentUrl":"https:\/\/cdn-endpoint-mrd.azureedge.net\/myrhythmdevice\/2022\/02\/LOGO-MRD.jpg","width":1478,"height":326,"caption":"myrhythmdevice.org"},"image":{"@id":"https:\/\/www.myrhythmdevice.org\/#\/schema\/logo\/image\/"}}]}},"_links":{"self":[{"href":"https:\/\/www.myrhythmdevice.org\/es\/wp-json\/wp\/v2\/pages\/624","targetHints":{"allow":["GET"]}}],"collection":[{"href":"https:\/\/www.myrhythmdevice.org\/es\/wp-json\/wp\/v2\/pages"}],"about":[{"href":"https:\/\/www.myrhythmdevice.org\/es\/wp-json\/wp\/v2\/types\/page"}],"author":[{"embeddable":true,"href":"https:\/\/www.myrhythmdevice.org\/es\/wp-json\/wp\/v2\/users\/1"}],"replies":[{"embeddable":true,"href":"https:\/\/www.myrhythmdevice.org\/es\/wp-json\/wp\/v2\/comments?post=624"}],"version-history":[{"count":1,"href":"https:\/\/www.myrhythmdevice.org\/es\/wp-json\/wp\/v2\/pages\/624\/revisions"}],"predecessor-version":[{"id":746,"href":"https:\/\/www.myrhythmdevice.org\/es\/wp-json\/wp\/v2\/pages\/624\/revisions\/746"}],"up":[{"embeddable":true,"href":"https:\/\/www.myrhythmdevice.org\/es\/wp-json\/wp\/v2\/pages\/619"}],"wp:featuredmedia":[{"embeddable":true,"href":"https:\/\/www.myrhythmdevice.org\/es\/wp-json\/wp\/v2\/media\/570"}],"wp:attachment":[{"href":"https:\/\/www.myrhythmdevice.org\/es\/wp-json\/wp\/v2\/media?parent=624"}],"wp:term":[{"taxonomy":"category","embeddable":true,"href":"https:\/\/www.myrhythmdevice.org\/es\/wp-json\/wp\/v2\/categories?post=624"},{"taxonomy":"post_tag","embeddable":true,"href":"https:\/\/www.myrhythmdevice.org\/es\/wp-json\/wp\/v2\/tags?post=624"}],"curies":[{"name":"wp","href":"https:\/\/api.w.org\/{rel}","templated":true}]}}