{"id":622,"date":"2022-11-30T11:02:21","date_gmt":"2022-11-30T11:02:21","guid":{"rendered":"https:\/\/www.myrhythmdevice.org\/hay-diferentes-tipos-de-marcapasos\/"},"modified":"2023-01-05T12:19:18","modified_gmt":"2023-01-05T12:19:18","slug":"hay-diferentes-tipos-de-marcapasos","status":"publish","type":"page","link":"https:\/\/www.myrhythmdevice.org\/es\/marcapasos\/hay-diferentes-tipos-de-marcapasos\/","title":{"rendered":"Hay diferentes tipos de marcapasos"},"content":{"rendered":"<p>El n\u00famero de cables (o electrodos) var\u00eda en funci\u00f3n del n\u00famero de c\u00e1maras del coraz\u00f3n que necesiten tratamiento. Los marcapasos pueden tener 1, 2 o 3 cables. Algunos marcapasos modernos no usan cables para transmitir las se\u00f1ales el\u00e9ctricas a los m\u00fasculos del coraz\u00f3n. Estos son marcapasos inal\u00e1mbricos.<\/p>\n<p><img loading=\"lazy\" decoding=\"async\" class=\"size-full wp-image-727 aligncenter\" src=\"https:\/\/cdn-endpoint-mrd.azureedge.net\/myrhythmdevice\/2022\/12\/pacemaker-insertion-es.png\" alt=\"\" width=\"600\" height=\"595\" srcset=\"https:\/\/cdn-endpoint-mrd.azureedge.net\/myrhythmdevice\/2022\/12\/pacemaker-insertion-es.png 600w, https:\/\/cdn-endpoint-mrd.azureedge.net\/myrhythmdevice\/2022\/12\/pacemaker-insertion-es-300x298.png 300w, https:\/\/cdn-endpoint-mrd.azureedge.net\/myrhythmdevice\/2022\/12\/pacemaker-insertion-es-150x150.png 150w, https:\/\/cdn-endpoint-mrd.azureedge.net\/myrhythmdevice\/2022\/12\/pacemaker-insertion-es-403x400.png 403w\" sizes=\"auto, (max-width: 600px) 100vw, 600px\" \/><\/p>\n<h2>Marcapasos unicameral<\/h2>\n<p>Un marcapasos unicameral cuenta con un solo electrodo o cable, lo que significa que solo suministra impulsos el\u00e9ctricos a una c\u00e1mara del coraz\u00f3n. El electrodo se puede colocar en la aur\u00edcula derecha del coraz\u00f3n (cuando las se\u00f1ales el\u00e9ctricas comienzan en el n\u00f3dulo sinusal, pero son lentas) o en el ventr\u00edculo derecho (cuando el ritmo card\u00edaco es lento, pero no comienza en el n\u00f3dulo sinusal, como en los casos de fibrilaci\u00f3n auricular).<\/p>\n<h2>Marcapasos bicameral<\/h2>\n<p>Un marcapasos bicameral cuenta con dos cables que transmiten impulsos el\u00e9ctricos a la aur\u00edcula derecha y al ventr\u00edculo derecho del coraz\u00f3n. Se utiliza un marcapasos bicameral cuando las se\u00f1ales el\u00e9ctricas se bloquean entre la aur\u00edcula y el ventr\u00edculo (bloqueo AV), ya que ayuda a coordinar la contracci\u00f3n de estas dos c\u00e1maras.<\/p>\n<h2>Marcapasos biventricular<\/h2>\n<p>Un marcapasos biventricular, tambi\u00e9n llamado terapia de resincronizaci\u00f3n card\u00edaca (TRC), cuenta con dos o tres electrodos, que suministran impulsos el\u00e9ctricos al ventr\u00edculo derecho, al ventr\u00edculo izquierdo y a la aur\u00edcula derecha. Cuando el ritmo card\u00edaco es fibrilaci\u00f3n auricular, no se requiere ning\u00fan electrodo en la aur\u00edcula derecha.<\/p>\n<p>Un dispositivo de TRC tiene la funci\u00f3n de coordinar la contracci\u00f3n de los ventr\u00edculos derecho e izquierdo para que los latido sean m\u00e1s eficiente.<\/p>\n<h2>Marcapasos inal\u00e1mbrico<\/h2>\n<p>Los marcapasos inal\u00e1mbricos son peque\u00f1os dispositivos que solo constan de un generador de impulsos y no tienen cables. Se colocan conduci\u00e9ndolos a trav\u00e9s de la vena femoral en la parte superior de la pierna hasta el ventr\u00edculo derecho del coraz\u00f3n. Suministran impulsos el\u00e9ctricos a trav\u00e9s del contacto directo con el m\u00fasculo card\u00edaco. Los marcapasos inal\u00e1mbricos se pueden utilizar para estimular una sola c\u00e1mara del coraz\u00f3n, el ventr\u00edculo derecho. Por lo tanto, su uso est\u00e1 limitado a los pacientes que solo requieren la estimulaci\u00f3n unicameral del ventr\u00edculo derecho.<\/p>\n","protected":false},"excerpt":{"rendered":"<p>El n\u00famero de cables (o electrodos) var\u00eda en funci\u00f3n del n\u00famero de c\u00e1maras del coraz\u00f3n que necesiten tratamiento. Los marcapasos pueden tener 1, 2 o 3 cables. Algunos marcapasos modernos no usan cables para transmitir las se\u00f1ales el\u00e9ctricas a los m\u00fasculos del coraz\u00f3n. Estos son marcapasos inal\u00e1mbricos. Marcapasos unicameral Un marcapasos unicameral cuenta con un [&hellip;]<\/p>\n","protected":false},"author":1,"featured_media":557,"parent":629,"menu_order":3,"comment_status":"closed","ping_status":"closed","template":"","meta":{"_acf_changed":false,"footnotes":""},"categories":[],"tags":[],"class_list":["post-622","page","type-page","status-publish","has-post-thumbnail","hentry"],"acf":[],"yoast_head":"<!-- This site is optimized with the Yoast SEO plugin v26.0 - https:\/\/yoast.com\/wordpress\/plugins\/seo\/ -->\n<title>Los diferentes tipos de marcapasos | My Rhythm Device<\/title>\n<meta name=\"description\" content=\"Los marcapasos pueden tener 1, 2 o 3 cables. Algunos marcapasos modernos no usan cables para transmitir las se\u00f1ales el\u00e9ctricas a los m\u00fasculos del coraz\u00f3n.\" \/>\n<meta name=\"robots\" content=\"index, follow, max-snippet:-1, max-image-preview:large, max-video-preview:-1\" \/>\n<link rel=\"canonical\" href=\"https:\/\/www.myrhythmdevice.org\/es\/marcapasos\/hay-diferentes-tipos-de-marcapasos\/\" \/>\n<meta property=\"og:locale\" content=\"es_ES\" \/>\n<meta property=\"og:type\" content=\"article\" \/>\n<meta property=\"og:title\" content=\"Los diferentes tipos de marcapasos | My Rhythm Device\" \/>\n<meta property=\"og:description\" content=\"Los marcapasos pueden tener 1, 2 o 3 cables. Algunos marcapasos modernos no usan cables para transmitir las se\u00f1ales el\u00e9ctricas a los m\u00fasculos del coraz\u00f3n.\" \/>\n<meta property=\"og:url\" content=\"https:\/\/www.myrhythmdevice.org\/es\/marcapasos\/hay-diferentes-tipos-de-marcapasos\/\" \/>\n<meta property=\"og:site_name\" content=\"myrhythmdevice.org\" \/>\n<meta property=\"article:modified_time\" content=\"2023-01-05T12:19:18+00:00\" \/>\n<meta property=\"og:image\" content=\"https:\/\/www.myrhythmdevice.org\/wp-content\/uploads\/2022\/02\/shutterstock_1692041692-min.jpg\" \/>\n\t<meta property=\"og:image:width\" content=\"600\" \/>\n\t<meta property=\"og:image:height\" content=\"407\" \/>\n\t<meta property=\"og:image:type\" content=\"image\/jpeg\" \/>\n<meta name=\"twitter:card\" content=\"summary_large_image\" \/>\n<meta name=\"twitter:label1\" content=\"Tiempo de lectura\" \/>\n\t<meta name=\"twitter:data1\" content=\"2 minutos\" \/>\n<script type=\"application\/ld+json\" class=\"yoast-schema-graph\">{\"@context\":\"https:\/\/schema.org\",\"@graph\":[{\"@type\":\"WebPage\",\"@id\":\"https:\/\/www.myrhythmdevice.org\/es\/marcapasos\/hay-diferentes-tipos-de-marcapasos\/\",\"url\":\"https:\/\/www.myrhythmdevice.org\/es\/marcapasos\/hay-diferentes-tipos-de-marcapasos\/\",\"name\":\"Los diferentes tipos de marcapasos | My Rhythm Device\",\"isPartOf\":{\"@id\":\"https:\/\/www.myrhythmdevice.org\/#website\"},\"primaryImageOfPage\":{\"@id\":\"https:\/\/www.myrhythmdevice.org\/es\/marcapasos\/hay-diferentes-tipos-de-marcapasos\/#primaryimage\"},\"image\":{\"@id\":\"https:\/\/www.myrhythmdevice.org\/es\/marcapasos\/hay-diferentes-tipos-de-marcapasos\/#primaryimage\"},\"thumbnailUrl\":\"https:\/\/www.myrhythmdevice.org\/wp-content\/uploads\/2022\/02\/shutterstock_1692041692-min.jpg\",\"datePublished\":\"2022-11-30T11:02:21+00:00\",\"dateModified\":\"2023-01-05T12:19:18+00:00\",\"description\":\"Los marcapasos pueden tener 1, 2 o 3 cables. Algunos marcapasos modernos no usan cables para transmitir las se\u00f1ales el\u00e9ctricas a los m\u00fasculos del coraz\u00f3n.\",\"breadcrumb\":{\"@id\":\"https:\/\/www.myrhythmdevice.org\/es\/marcapasos\/hay-diferentes-tipos-de-marcapasos\/#breadcrumb\"},\"inLanguage\":\"es\",\"potentialAction\":[{\"@type\":\"ReadAction\",\"target\":[\"https:\/\/www.myrhythmdevice.org\/es\/marcapasos\/hay-diferentes-tipos-de-marcapasos\/\"]}]},{\"@type\":\"ImageObject\",\"inLanguage\":\"es\",\"@id\":\"https:\/\/www.myrhythmdevice.org\/es\/marcapasos\/hay-diferentes-tipos-de-marcapasos\/#primaryimage\",\"url\":\"https:\/\/www.myrhythmdevice.org\/wp-content\/uploads\/2022\/02\/shutterstock_1692041692-min.jpg\",\"contentUrl\":\"https:\/\/www.myrhythmdevice.org\/wp-content\/uploads\/2022\/02\/shutterstock_1692041692-min.jpg\",\"width\":600,\"height\":407},{\"@type\":\"BreadcrumbList\",\"@id\":\"https:\/\/www.myrhythmdevice.org\/es\/marcapasos\/hay-diferentes-tipos-de-marcapasos\/#breadcrumb\",\"itemListElement\":[{\"@type\":\"ListItem\",\"position\":1,\"name\":\"Home\",\"item\":\"https:\/\/www.myrhythmdevice.org\/es\/\"},{\"@type\":\"ListItem\",\"position\":2,\"name\":\"Marcapasos\",\"item\":\"https:\/\/www.myrhythmdevice.org\/es\/marcapasos\/\"},{\"@type\":\"ListItem\",\"position\":3,\"name\":\"Hay diferentes tipos de marcapasos\"}]},{\"@type\":\"WebSite\",\"@id\":\"https:\/\/www.myrhythmdevice.org\/#website\",\"url\":\"https:\/\/www.myrhythmdevice.org\/\",\"name\":\"myrhythmdevice.org\",\"description\":\"The website for patients with implanted cardiac devices, their caregivers and families.\",\"publisher\":{\"@id\":\"https:\/\/www.myrhythmdevice.org\/#organization\"},\"potentialAction\":[{\"@type\":\"SearchAction\",\"target\":{\"@type\":\"EntryPoint\",\"urlTemplate\":\"https:\/\/www.myrhythmdevice.org\/?s={search_term_string}\"},\"query-input\":{\"@type\":\"PropertyValueSpecification\",\"valueRequired\":true,\"valueName\":\"search_term_string\"}}],\"inLanguage\":\"es\"},{\"@type\":\"Organization\",\"@id\":\"https:\/\/www.myrhythmdevice.org\/#organization\",\"name\":\"myrhythmdevice.org\",\"url\":\"https:\/\/www.myrhythmdevice.org\/\",\"logo\":{\"@type\":\"ImageObject\",\"inLanguage\":\"es\",\"@id\":\"https:\/\/www.myrhythmdevice.org\/#\/schema\/logo\/image\/\",\"url\":\"https:\/\/cdn-endpoint-mrd.azureedge.net\/myrhythmdevice\/2022\/02\/LOGO-MRD.jpg\",\"contentUrl\":\"https:\/\/cdn-endpoint-mrd.azureedge.net\/myrhythmdevice\/2022\/02\/LOGO-MRD.jpg\",\"width\":1478,\"height\":326,\"caption\":\"myrhythmdevice.org\"},\"image\":{\"@id\":\"https:\/\/www.myrhythmdevice.org\/#\/schema\/logo\/image\/\"}}]}<\/script>\n<!-- \/ Yoast SEO plugin. -->","yoast_head_json":{"title":"Los diferentes tipos de marcapasos | My Rhythm Device","description":"Los marcapasos pueden tener 1, 2 o 3 cables. Algunos marcapasos modernos no usan cables para transmitir las se\u00f1ales el\u00e9ctricas a los m\u00fasculos del coraz\u00f3n.","robots":{"index":"index","follow":"follow","max-snippet":"max-snippet:-1","max-image-preview":"max-image-preview:large","max-video-preview":"max-video-preview:-1"},"canonical":"https:\/\/www.myrhythmdevice.org\/es\/marcapasos\/hay-diferentes-tipos-de-marcapasos\/","og_locale":"es_ES","og_type":"article","og_title":"Los diferentes tipos de marcapasos | My Rhythm Device","og_description":"Los marcapasos pueden tener 1, 2 o 3 cables. Algunos marcapasos modernos no usan cables para transmitir las se\u00f1ales el\u00e9ctricas a los m\u00fasculos del coraz\u00f3n.","og_url":"https:\/\/www.myrhythmdevice.org\/es\/marcapasos\/hay-diferentes-tipos-de-marcapasos\/","og_site_name":"myrhythmdevice.org","article_modified_time":"2023-01-05T12:19:18+00:00","og_image":[{"width":600,"height":407,"url":"https:\/\/www.myrhythmdevice.org\/wp-content\/uploads\/2022\/02\/shutterstock_1692041692-min.jpg","type":"image\/jpeg"}],"twitter_card":"summary_large_image","twitter_misc":{"Tiempo de lectura":"2 minutos"},"schema":{"@context":"https:\/\/schema.org","@graph":[{"@type":"WebPage","@id":"https:\/\/www.myrhythmdevice.org\/es\/marcapasos\/hay-diferentes-tipos-de-marcapasos\/","url":"https:\/\/www.myrhythmdevice.org\/es\/marcapasos\/hay-diferentes-tipos-de-marcapasos\/","name":"Los diferentes tipos de marcapasos | My Rhythm Device","isPartOf":{"@id":"https:\/\/www.myrhythmdevice.org\/#website"},"primaryImageOfPage":{"@id":"https:\/\/www.myrhythmdevice.org\/es\/marcapasos\/hay-diferentes-tipos-de-marcapasos\/#primaryimage"},"image":{"@id":"https:\/\/www.myrhythmdevice.org\/es\/marcapasos\/hay-diferentes-tipos-de-marcapasos\/#primaryimage"},"thumbnailUrl":"https:\/\/www.myrhythmdevice.org\/wp-content\/uploads\/2022\/02\/shutterstock_1692041692-min.jpg","datePublished":"2022-11-30T11:02:21+00:00","dateModified":"2023-01-05T12:19:18+00:00","description":"Los marcapasos pueden tener 1, 2 o 3 cables. Algunos marcapasos modernos no usan cables para transmitir las se\u00f1ales el\u00e9ctricas a los m\u00fasculos del coraz\u00f3n.","breadcrumb":{"@id":"https:\/\/www.myrhythmdevice.org\/es\/marcapasos\/hay-diferentes-tipos-de-marcapasos\/#breadcrumb"},"inLanguage":"es","potentialAction":[{"@type":"ReadAction","target":["https:\/\/www.myrhythmdevice.org\/es\/marcapasos\/hay-diferentes-tipos-de-marcapasos\/"]}]},{"@type":"ImageObject","inLanguage":"es","@id":"https:\/\/www.myrhythmdevice.org\/es\/marcapasos\/hay-diferentes-tipos-de-marcapasos\/#primaryimage","url":"https:\/\/www.myrhythmdevice.org\/wp-content\/uploads\/2022\/02\/shutterstock_1692041692-min.jpg","contentUrl":"https:\/\/www.myrhythmdevice.org\/wp-content\/uploads\/2022\/02\/shutterstock_1692041692-min.jpg","width":600,"height":407},{"@type":"BreadcrumbList","@id":"https:\/\/www.myrhythmdevice.org\/es\/marcapasos\/hay-diferentes-tipos-de-marcapasos\/#breadcrumb","itemListElement":[{"@type":"ListItem","position":1,"name":"Home","item":"https:\/\/www.myrhythmdevice.org\/es\/"},{"@type":"ListItem","position":2,"name":"Marcapasos","item":"https:\/\/www.myrhythmdevice.org\/es\/marcapasos\/"},{"@type":"ListItem","position":3,"name":"Hay diferentes tipos de marcapasos"}]},{"@type":"WebSite","@id":"https:\/\/www.myrhythmdevice.org\/#website","url":"https:\/\/www.myrhythmdevice.org\/","name":"myrhythmdevice.org","description":"The website for patients with implanted cardiac devices, their caregivers and families.","publisher":{"@id":"https:\/\/www.myrhythmdevice.org\/#organization"},"potentialAction":[{"@type":"SearchAction","target":{"@type":"EntryPoint","urlTemplate":"https:\/\/www.myrhythmdevice.org\/?s={search_term_string}"},"query-input":{"@type":"PropertyValueSpecification","valueRequired":true,"valueName":"search_term_string"}}],"inLanguage":"es"},{"@type":"Organization","@id":"https:\/\/www.myrhythmdevice.org\/#organization","name":"myrhythmdevice.org","url":"https:\/\/www.myrhythmdevice.org\/","logo":{"@type":"ImageObject","inLanguage":"es","@id":"https:\/\/www.myrhythmdevice.org\/#\/schema\/logo\/image\/","url":"https:\/\/cdn-endpoint-mrd.azureedge.net\/myrhythmdevice\/2022\/02\/LOGO-MRD.jpg","contentUrl":"https:\/\/cdn-endpoint-mrd.azureedge.net\/myrhythmdevice\/2022\/02\/LOGO-MRD.jpg","width":1478,"height":326,"caption":"myrhythmdevice.org"},"image":{"@id":"https:\/\/www.myrhythmdevice.org\/#\/schema\/logo\/image\/"}}]}},"_links":{"self":[{"href":"https:\/\/www.myrhythmdevice.org\/es\/wp-json\/wp\/v2\/pages\/622","targetHints":{"allow":["GET"]}}],"collection":[{"href":"https:\/\/www.myrhythmdevice.org\/es\/wp-json\/wp\/v2\/pages"}],"about":[{"href":"https:\/\/www.myrhythmdevice.org\/es\/wp-json\/wp\/v2\/types\/page"}],"author":[{"embeddable":true,"href":"https:\/\/www.myrhythmdevice.org\/es\/wp-json\/wp\/v2\/users\/1"}],"replies":[{"embeddable":true,"href":"https:\/\/www.myrhythmdevice.org\/es\/wp-json\/wp\/v2\/comments?post=622"}],"version-history":[{"count":3,"href":"https:\/\/www.myrhythmdevice.org\/es\/wp-json\/wp\/v2\/pages\/622\/revisions"}],"predecessor-version":[{"id":785,"href":"https:\/\/www.myrhythmdevice.org\/es\/wp-json\/wp\/v2\/pages\/622\/revisions\/785"}],"up":[{"embeddable":true,"href":"https:\/\/www.myrhythmdevice.org\/es\/wp-json\/wp\/v2\/pages\/629"}],"wp:featuredmedia":[{"embeddable":true,"href":"https:\/\/www.myrhythmdevice.org\/es\/wp-json\/wp\/v2\/media\/557"}],"wp:attachment":[{"href":"https:\/\/www.myrhythmdevice.org\/es\/wp-json\/wp\/v2\/media?parent=622"}],"wp:term":[{"taxonomy":"category","embeddable":true,"href":"https:\/\/www.myrhythmdevice.org\/es\/wp-json\/wp\/v2\/categories?post=622"},{"taxonomy":"post_tag","embeddable":true,"href":"https:\/\/www.myrhythmdevice.org\/es\/wp-json\/wp\/v2\/tags?post=622"}],"curies":[{"name":"wp","href":"https:\/\/api.w.org\/{rel}","templated":true}]}}