{"id":621,"date":"2022-11-30T11:02:21","date_gmt":"2022-11-30T11:02:21","guid":{"rendered":"https:\/\/www.myrhythmdevice.org\/que-es-un-desfibrilador\/"},"modified":"2023-01-05T09:59:11","modified_gmt":"2023-01-05T09:59:11","slug":"que-es-un-desfibrilador","status":"publish","type":"page","link":"https:\/\/www.myrhythmdevice.org\/es\/que-es-un-dispositivo-cardiaco\/que-es-un-desfibrilador\/","title":{"rendered":"\u00bfQu\u00e9 es un desfibrilador?"},"content":{"rendered":"<p><img loading=\"lazy\" decoding=\"async\" class=\"alignnone wp-image-507\" src=\"https:\/\/cdn-endpoint-mrd.azureedge.net\/myrhythmdevice\/2022\/11\/defib.jpg\" alt=\"\" width=\"501\" height=\"334\" srcset=\"https:\/\/cdn-endpoint-mrd.azureedge.net\/myrhythmdevice\/2022\/11\/defib.jpg 1000w, https:\/\/www.myrhythmdevice.org\/wp-content\/uploads\/2022\/11\/defib-300x200.jpg 300w, https:\/\/www.myrhythmdevice.org\/wp-content\/uploads\/2022\/11\/defib-768x512.jpg 768w, https:\/\/www.myrhythmdevice.org\/wp-content\/uploads\/2022\/11\/defib-600x400.jpg 600w, https:\/\/www.myrhythmdevice.org\/wp-content\/uploads\/2022\/11\/defib-900x600.jpg 900w\" sizes=\"auto, (max-width: 501px) 100vw, 501px\" \/><\/p>\n<p>Un desfibrilador autom\u00e1tico implantable (DAI), tambi\u00e9n llamado desfibrilador, es un dispositivo card\u00edaco implantado para detectar y ralentizar ritmos card\u00edacos peligrosamente r\u00e1pidos (taquicardia ventricular y fibrilaci\u00f3n ventricular). Es un dispositivo alimentado por bater\u00eda que monitoriza el ritmo card\u00edaco de forma continua. Cuando se detecta un ritmo card\u00edaco ventricular anormalmente r\u00e1pido, el DAI proporciona est\u00edmulos el\u00e9ctricos cortos y r\u00e1pidos indoloros (a menudo solo 8 latidos) o una descarga el\u00e9ctrica (que suele ser dolorosa) para restablecer un ritmo card\u00edaco normal.<\/p>\n<p>Un DAI transvenoso tambi\u00e9n funciona como marcapasos. Esto significa que, una vez que se implanta un DAI, se pueden tratar las patolog\u00edas que causan un ritmo card\u00edaco lento o r\u00e1pido. Algunos DAI tambi\u00e9n cuentan con funciones de terapia de resincronizaci\u00f3n card\u00edaca (TRC) en caso necesario.<\/p>\n<p>El tama\u00f1o y la forma de un DAI pueden variar en funci\u00f3n del fabricante y del modelo. En general, los DAI son m\u00e1s grandes que los marcapasos\/marcapasos biventriculares, ya que la carcasa del generador tambi\u00e9n cuenta con la funci\u00f3n de desfibrilaci\u00f3n, lo que la hace m\u00e1s grande.<\/p>\n","protected":false},"excerpt":{"rendered":"<p>Un desfibrilador autom\u00e1tico implantable (DAI), tambi\u00e9n llamado desfibrilador, es un dispositivo card\u00edaco implantado para detectar y ralentizar ritmos card\u00edacos peligrosamente r\u00e1pidos (taquicardia ventricular y fibrilaci\u00f3n ventricular). Es un dispositivo alimentado por bater\u00eda que monitoriza el ritmo card\u00edaco de forma continua. Cuando se detecta un ritmo card\u00edaco ventricular anormalmente r\u00e1pido, el DAI proporciona est\u00edmulos el\u00e9ctricos cortos [&hellip;]<\/p>\n","protected":false},"author":1,"featured_media":552,"parent":637,"menu_order":0,"comment_status":"closed","ping_status":"closed","template":"","meta":{"_acf_changed":false,"footnotes":""},"categories":[],"tags":[],"class_list":["post-621","page","type-page","status-publish","has-post-thumbnail","hentry"],"acf":[],"yoast_head":"<!-- This site is optimized with the Yoast SEO plugin v25.3.1 - https:\/\/yoast.com\/wordpress\/plugins\/seo\/ -->\n<title>\u00bfQu\u00e9 es un desfibrilador? | My Rhythm Device<\/title>\n<meta name=\"description\" content=\"Un desfibrilador cardioversor implantable, tambi\u00e9n llamado desfibrilador, es un dispositivo card\u00edaco implantado para detectar y ralentizar ritmos card\u00edacos r\u00e1pidos.\" \/>\n<meta name=\"robots\" content=\"index, follow, max-snippet:-1, max-image-preview:large, max-video-preview:-1\" \/>\n<link rel=\"canonical\" href=\"https:\/\/www.myrhythmdevice.org\/es\/que-es-un-dispositivo-cardiaco\/que-es-un-desfibrilador\/\" \/>\n<meta property=\"og:locale\" content=\"es_ES\" \/>\n<meta property=\"og:type\" content=\"article\" \/>\n<meta property=\"og:title\" content=\"\u00bfQu\u00e9 es un desfibrilador? | My Rhythm Device\" \/>\n<meta property=\"og:description\" content=\"Un desfibrilador cardioversor implantable, tambi\u00e9n llamado desfibrilador, es un dispositivo card\u00edaco implantado para detectar y ralentizar ritmos card\u00edacos r\u00e1pidos.\" \/>\n<meta property=\"og:url\" content=\"https:\/\/www.myrhythmdevice.org\/es\/que-es-un-dispositivo-cardiaco\/que-es-un-desfibrilador\/\" \/>\n<meta property=\"og:site_name\" content=\"myrhythmdevice.org\" \/>\n<meta property=\"article:modified_time\" content=\"2023-01-05T09:59:11+00:00\" \/>\n<meta property=\"og:image\" content=\"https:\/\/www.myrhythmdevice.org\/wp-content\/uploads\/2022\/02\/shutterstock_1560925949-1-min.jpg\" \/>\n\t<meta property=\"og:image:width\" content=\"900\" \/>\n\t<meta property=\"og:image:height\" content=\"600\" \/>\n\t<meta property=\"og:image:type\" content=\"image\/jpeg\" \/>\n<meta name=\"twitter:card\" content=\"summary_large_image\" \/>\n<meta name=\"twitter:label1\" content=\"Tiempo de lectura\" \/>\n\t<meta name=\"twitter:data1\" content=\"1 minuto\" \/>\n<script type=\"application\/ld+json\" class=\"yoast-schema-graph\">{\"@context\":\"https:\/\/schema.org\",\"@graph\":[{\"@type\":\"WebPage\",\"@id\":\"https:\/\/www.myrhythmdevice.org\/es\/que-es-un-dispositivo-cardiaco\/que-es-un-desfibrilador\/\",\"url\":\"https:\/\/www.myrhythmdevice.org\/es\/que-es-un-dispositivo-cardiaco\/que-es-un-desfibrilador\/\",\"name\":\"\u00bfQu\u00e9 es un desfibrilador? | My Rhythm Device\",\"isPartOf\":{\"@id\":\"https:\/\/www.myrhythmdevice.org\/#website\"},\"primaryImageOfPage\":{\"@id\":\"https:\/\/www.myrhythmdevice.org\/es\/que-es-un-dispositivo-cardiaco\/que-es-un-desfibrilador\/#primaryimage\"},\"image\":{\"@id\":\"https:\/\/www.myrhythmdevice.org\/es\/que-es-un-dispositivo-cardiaco\/que-es-un-desfibrilador\/#primaryimage\"},\"thumbnailUrl\":\"https:\/\/www.myrhythmdevice.org\/wp-content\/uploads\/2022\/02\/shutterstock_1560925949-1-min.jpg\",\"datePublished\":\"2022-11-30T11:02:21+00:00\",\"dateModified\":\"2023-01-05T09:59:11+00:00\",\"description\":\"Un desfibrilador cardioversor implantable, tambi\u00e9n llamado desfibrilador, es un dispositivo card\u00edaco implantado para detectar y ralentizar ritmos card\u00edacos r\u00e1pidos.\",\"breadcrumb\":{\"@id\":\"https:\/\/www.myrhythmdevice.org\/es\/que-es-un-dispositivo-cardiaco\/que-es-un-desfibrilador\/#breadcrumb\"},\"inLanguage\":\"es\",\"potentialAction\":[{\"@type\":\"ReadAction\",\"target\":[\"https:\/\/www.myrhythmdevice.org\/es\/que-es-un-dispositivo-cardiaco\/que-es-un-desfibrilador\/\"]}]},{\"@type\":\"ImageObject\",\"inLanguage\":\"es\",\"@id\":\"https:\/\/www.myrhythmdevice.org\/es\/que-es-un-dispositivo-cardiaco\/que-es-un-desfibrilador\/#primaryimage\",\"url\":\"https:\/\/www.myrhythmdevice.org\/wp-content\/uploads\/2022\/02\/shutterstock_1560925949-1-min.jpg\",\"contentUrl\":\"https:\/\/www.myrhythmdevice.org\/wp-content\/uploads\/2022\/02\/shutterstock_1560925949-1-min.jpg\",\"width\":900,\"height\":600},{\"@type\":\"BreadcrumbList\",\"@id\":\"https:\/\/www.myrhythmdevice.org\/es\/que-es-un-dispositivo-cardiaco\/que-es-un-desfibrilador\/#breadcrumb\",\"itemListElement\":[{\"@type\":\"ListItem\",\"position\":1,\"name\":\"Home\",\"item\":\"https:\/\/www.myrhythmdevice.org\/es\/\"},{\"@type\":\"ListItem\",\"position\":2,\"name\":\"\u00bfQu\u00e9 es un dispositivo card\u00edaco?\",\"item\":\"https:\/\/www.myrhythmdevice.org\/es\/que-es-un-dispositivo-cardiaco\/\"},{\"@type\":\"ListItem\",\"position\":3,\"name\":\"\u00bfQu\u00e9 es un desfibrilador?\"}]},{\"@type\":\"WebSite\",\"@id\":\"https:\/\/www.myrhythmdevice.org\/#website\",\"url\":\"https:\/\/www.myrhythmdevice.org\/\",\"name\":\"myrhythmdevice.org\",\"description\":\"The website for patients with implanted cardiac devices, their caregivers and families.\",\"publisher\":{\"@id\":\"https:\/\/www.myrhythmdevice.org\/#organization\"},\"potentialAction\":[{\"@type\":\"SearchAction\",\"target\":{\"@type\":\"EntryPoint\",\"urlTemplate\":\"https:\/\/www.myrhythmdevice.org\/?s={search_term_string}\"},\"query-input\":{\"@type\":\"PropertyValueSpecification\",\"valueRequired\":true,\"valueName\":\"search_term_string\"}}],\"inLanguage\":\"es\"},{\"@type\":\"Organization\",\"@id\":\"https:\/\/www.myrhythmdevice.org\/#organization\",\"name\":\"myrhythmdevice.org\",\"url\":\"https:\/\/www.myrhythmdevice.org\/\",\"logo\":{\"@type\":\"ImageObject\",\"inLanguage\":\"es\",\"@id\":\"https:\/\/www.myrhythmdevice.org\/#\/schema\/logo\/image\/\",\"url\":\"https:\/\/cdn-endpoint-mrd.azureedge.net\/myrhythmdevice\/2022\/02\/LOGO-MRD.jpg\",\"contentUrl\":\"https:\/\/cdn-endpoint-mrd.azureedge.net\/myrhythmdevice\/2022\/02\/LOGO-MRD.jpg\",\"width\":1478,\"height\":326,\"caption\":\"myrhythmdevice.org\"},\"image\":{\"@id\":\"https:\/\/www.myrhythmdevice.org\/#\/schema\/logo\/image\/\"}}]}<\/script>\n<!-- \/ Yoast SEO plugin. -->","yoast_head_json":{"title":"\u00bfQu\u00e9 es un desfibrilador? | My Rhythm Device","description":"Un desfibrilador cardioversor implantable, tambi\u00e9n llamado desfibrilador, es un dispositivo card\u00edaco implantado para detectar y ralentizar ritmos card\u00edacos r\u00e1pidos.","robots":{"index":"index","follow":"follow","max-snippet":"max-snippet:-1","max-image-preview":"max-image-preview:large","max-video-preview":"max-video-preview:-1"},"canonical":"https:\/\/www.myrhythmdevice.org\/es\/que-es-un-dispositivo-cardiaco\/que-es-un-desfibrilador\/","og_locale":"es_ES","og_type":"article","og_title":"\u00bfQu\u00e9 es un desfibrilador? | My Rhythm Device","og_description":"Un desfibrilador cardioversor implantable, tambi\u00e9n llamado desfibrilador, es un dispositivo card\u00edaco implantado para detectar y ralentizar ritmos card\u00edacos r\u00e1pidos.","og_url":"https:\/\/www.myrhythmdevice.org\/es\/que-es-un-dispositivo-cardiaco\/que-es-un-desfibrilador\/","og_site_name":"myrhythmdevice.org","article_modified_time":"2023-01-05T09:59:11+00:00","og_image":[{"width":900,"height":600,"url":"https:\/\/www.myrhythmdevice.org\/wp-content\/uploads\/2022\/02\/shutterstock_1560925949-1-min.jpg","type":"image\/jpeg"}],"twitter_card":"summary_large_image","twitter_misc":{"Tiempo de lectura":"1 minuto"},"schema":{"@context":"https:\/\/schema.org","@graph":[{"@type":"WebPage","@id":"https:\/\/www.myrhythmdevice.org\/es\/que-es-un-dispositivo-cardiaco\/que-es-un-desfibrilador\/","url":"https:\/\/www.myrhythmdevice.org\/es\/que-es-un-dispositivo-cardiaco\/que-es-un-desfibrilador\/","name":"\u00bfQu\u00e9 es un desfibrilador? | My Rhythm Device","isPartOf":{"@id":"https:\/\/www.myrhythmdevice.org\/#website"},"primaryImageOfPage":{"@id":"https:\/\/www.myrhythmdevice.org\/es\/que-es-un-dispositivo-cardiaco\/que-es-un-desfibrilador\/#primaryimage"},"image":{"@id":"https:\/\/www.myrhythmdevice.org\/es\/que-es-un-dispositivo-cardiaco\/que-es-un-desfibrilador\/#primaryimage"},"thumbnailUrl":"https:\/\/www.myrhythmdevice.org\/wp-content\/uploads\/2022\/02\/shutterstock_1560925949-1-min.jpg","datePublished":"2022-11-30T11:02:21+00:00","dateModified":"2023-01-05T09:59:11+00:00","description":"Un desfibrilador cardioversor implantable, tambi\u00e9n llamado desfibrilador, es un dispositivo card\u00edaco implantado para detectar y ralentizar ritmos card\u00edacos r\u00e1pidos.","breadcrumb":{"@id":"https:\/\/www.myrhythmdevice.org\/es\/que-es-un-dispositivo-cardiaco\/que-es-un-desfibrilador\/#breadcrumb"},"inLanguage":"es","potentialAction":[{"@type":"ReadAction","target":["https:\/\/www.myrhythmdevice.org\/es\/que-es-un-dispositivo-cardiaco\/que-es-un-desfibrilador\/"]}]},{"@type":"ImageObject","inLanguage":"es","@id":"https:\/\/www.myrhythmdevice.org\/es\/que-es-un-dispositivo-cardiaco\/que-es-un-desfibrilador\/#primaryimage","url":"https:\/\/www.myrhythmdevice.org\/wp-content\/uploads\/2022\/02\/shutterstock_1560925949-1-min.jpg","contentUrl":"https:\/\/www.myrhythmdevice.org\/wp-content\/uploads\/2022\/02\/shutterstock_1560925949-1-min.jpg","width":900,"height":600},{"@type":"BreadcrumbList","@id":"https:\/\/www.myrhythmdevice.org\/es\/que-es-un-dispositivo-cardiaco\/que-es-un-desfibrilador\/#breadcrumb","itemListElement":[{"@type":"ListItem","position":1,"name":"Home","item":"https:\/\/www.myrhythmdevice.org\/es\/"},{"@type":"ListItem","position":2,"name":"\u00bfQu\u00e9 es un dispositivo card\u00edaco?","item":"https:\/\/www.myrhythmdevice.org\/es\/que-es-un-dispositivo-cardiaco\/"},{"@type":"ListItem","position":3,"name":"\u00bfQu\u00e9 es un desfibrilador?"}]},{"@type":"WebSite","@id":"https:\/\/www.myrhythmdevice.org\/#website","url":"https:\/\/www.myrhythmdevice.org\/","name":"myrhythmdevice.org","description":"The website for patients with implanted cardiac devices, their caregivers and families.","publisher":{"@id":"https:\/\/www.myrhythmdevice.org\/#organization"},"potentialAction":[{"@type":"SearchAction","target":{"@type":"EntryPoint","urlTemplate":"https:\/\/www.myrhythmdevice.org\/?s={search_term_string}"},"query-input":{"@type":"PropertyValueSpecification","valueRequired":true,"valueName":"search_term_string"}}],"inLanguage":"es"},{"@type":"Organization","@id":"https:\/\/www.myrhythmdevice.org\/#organization","name":"myrhythmdevice.org","url":"https:\/\/www.myrhythmdevice.org\/","logo":{"@type":"ImageObject","inLanguage":"es","@id":"https:\/\/www.myrhythmdevice.org\/#\/schema\/logo\/image\/","url":"https:\/\/cdn-endpoint-mrd.azureedge.net\/myrhythmdevice\/2022\/02\/LOGO-MRD.jpg","contentUrl":"https:\/\/cdn-endpoint-mrd.azureedge.net\/myrhythmdevice\/2022\/02\/LOGO-MRD.jpg","width":1478,"height":326,"caption":"myrhythmdevice.org"},"image":{"@id":"https:\/\/www.myrhythmdevice.org\/#\/schema\/logo\/image\/"}}]}},"_links":{"self":[{"href":"https:\/\/www.myrhythmdevice.org\/es\/wp-json\/wp\/v2\/pages\/621","targetHints":{"allow":["GET"]}}],"collection":[{"href":"https:\/\/www.myrhythmdevice.org\/es\/wp-json\/wp\/v2\/pages"}],"about":[{"href":"https:\/\/www.myrhythmdevice.org\/es\/wp-json\/wp\/v2\/types\/page"}],"author":[{"embeddable":true,"href":"https:\/\/www.myrhythmdevice.org\/es\/wp-json\/wp\/v2\/users\/1"}],"replies":[{"embeddable":true,"href":"https:\/\/www.myrhythmdevice.org\/es\/wp-json\/wp\/v2\/comments?post=621"}],"version-history":[{"count":1,"href":"https:\/\/www.myrhythmdevice.org\/es\/wp-json\/wp\/v2\/pages\/621\/revisions"}],"predecessor-version":[{"id":744,"href":"https:\/\/www.myrhythmdevice.org\/es\/wp-json\/wp\/v2\/pages\/621\/revisions\/744"}],"up":[{"embeddable":true,"href":"https:\/\/www.myrhythmdevice.org\/es\/wp-json\/wp\/v2\/pages\/637"}],"wp:featuredmedia":[{"embeddable":true,"href":"https:\/\/www.myrhythmdevice.org\/es\/wp-json\/wp\/v2\/media\/552"}],"wp:attachment":[{"href":"https:\/\/www.myrhythmdevice.org\/es\/wp-json\/wp\/v2\/media?parent=621"}],"wp:term":[{"taxonomy":"category","embeddable":true,"href":"https:\/\/www.myrhythmdevice.org\/es\/wp-json\/wp\/v2\/categories?post=621"},{"taxonomy":"post_tag","embeddable":true,"href":"https:\/\/www.myrhythmdevice.org\/es\/wp-json\/wp\/v2\/tags?post=621"}],"curies":[{"name":"wp","href":"https:\/\/api.w.org\/{rel}","templated":true}]}}