{"id":619,"date":"2022-11-30T11:02:19","date_gmt":"2022-11-30T11:02:19","guid":{"rendered":"https:\/\/www.myrhythmdevice.org\/monitor-de-ritmo-cardiaco-implantable\/"},"modified":"2023-01-05T09:59:08","modified_gmt":"2023-01-05T09:59:08","slug":"monitor-de-ritmo-cardiaco-implantable","status":"publish","type":"page","link":"https:\/\/www.myrhythmdevice.org\/es\/monitor-de-ritmo-cardiaco-implantable\/","title":{"rendered":"Monitor de ritmo card\u00edaco implantable"},"content":{"rendered":"<ul>\n<li><a href=\"\/?page_id=624\">\u00bfCu\u00e1ndo necesito un monitor card\u00edaco (MCI)?<\/a><\/li>\n<li><a href=\"\/?page_id=628\">\u00bfC\u00f3mo funciona un monitor card\u00edaco implantable (MCI)?<\/a><\/li>\n<li><a href=\"\/?page_id=632\">Implantaci\u00f3n de un monitor de ritmo card\u00edaco<\/a><\/li>\n<li><a href=\"\/?page_id=635\">\u00bfQu\u00e9 ocurre cuando activo un registro?<\/a><\/li>\n<li><a href=\"\/?page_id=639\">\u00bfQu\u00e9 sucede si el dispositivo registra una arritmia?<\/a><\/li>\n<\/ul>\n","protected":false},"excerpt":{"rendered":"<p>\u00bfCu\u00e1ndo necesito un monitor card\u00edaco (MCI)? \u00bfC\u00f3mo funciona un monitor card\u00edaco implantable (MCI)? Implantaci\u00f3n de un monitor de ritmo card\u00edaco \u00bfQu\u00e9 ocurre cuando activo un registro? \u00bfQu\u00e9 sucede si el dispositivo registra una arritmia?<\/p>\n","protected":false},"author":1,"featured_media":572,"parent":0,"menu_order":0,"comment_status":"closed","ping_status":"closed","template":"","meta":{"_acf_changed":false,"footnotes":""},"categories":[],"tags":[],"class_list":["post-619","page","type-page","status-publish","has-post-thumbnail","hentry"],"acf":[],"yoast_head":"<!-- This site is optimized with the Yoast SEO plugin v26.0 - https:\/\/yoast.com\/wordpress\/plugins\/seo\/ -->\n<title>Monitor de ritmo card\u00edaco implantable | My Rhythm Device<\/title>\n<meta name=\"description\" content=\"Descubra m\u00e1s sobre qu\u00e9 es un monitor card\u00edaco implantable y los diferentes tipos que existen, cu\u00e1ndo se necesita y c\u00f3mo funciona.\" \/>\n<meta name=\"robots\" content=\"index, follow, max-snippet:-1, max-image-preview:large, max-video-preview:-1\" \/>\n<link rel=\"canonical\" href=\"https:\/\/www.myrhythmdevice.org\/implantable-heart-rhythm-monitor\/\" \/>\n<meta property=\"og:locale\" content=\"es_ES\" \/>\n<meta property=\"og:type\" content=\"article\" \/>\n<meta property=\"og:title\" content=\"Monitor de ritmo card\u00edaco implantable | My Rhythm Device\" \/>\n<meta property=\"og:description\" content=\"Descubra m\u00e1s sobre qu\u00e9 es un monitor card\u00edaco implantable y los diferentes tipos que existen, cu\u00e1ndo se necesita y c\u00f3mo funciona.\" \/>\n<meta property=\"og:url\" content=\"https:\/\/www.myrhythmdevice.org\/implantable-heart-rhythm-monitor\/\" \/>\n<meta property=\"og:site_name\" content=\"myrhythmdevice.org\" \/>\n<meta property=\"article:modified_time\" content=\"2023-01-05T09:59:08+00:00\" \/>\n<meta property=\"og:image\" content=\"https:\/\/www.myrhythmdevice.org\/wp-content\/uploads\/2022\/02\/shutterstock_2019504416-1-min.jpg\" \/>\n\t<meta property=\"og:image:width\" content=\"900\" \/>\n\t<meta property=\"og:image:height\" content=\"612\" \/>\n\t<meta property=\"og:image:type\" content=\"image\/jpeg\" \/>\n<meta name=\"twitter:card\" content=\"summary_large_image\" \/>\n<script type=\"application\/ld+json\" class=\"yoast-schema-graph\">{\"@context\":\"https:\/\/schema.org\",\"@graph\":[{\"@type\":\"WebPage\",\"@id\":\"https:\/\/www.myrhythmdevice.org\/implantable-heart-rhythm-monitor\/\",\"url\":\"https:\/\/www.myrhythmdevice.org\/implantable-heart-rhythm-monitor\/\",\"name\":\"Monitor de ritmo card\u00edaco implantable | My Rhythm Device\",\"isPartOf\":{\"@id\":\"https:\/\/www.myrhythmdevice.org\/#website\"},\"primaryImageOfPage\":{\"@id\":\"https:\/\/www.myrhythmdevice.org\/implantable-heart-rhythm-monitor\/#primaryimage\"},\"image\":{\"@id\":\"https:\/\/www.myrhythmdevice.org\/implantable-heart-rhythm-monitor\/#primaryimage\"},\"thumbnailUrl\":\"https:\/\/www.myrhythmdevice.org\/wp-content\/uploads\/2022\/02\/shutterstock_2019504416-1-min.jpg\",\"datePublished\":\"2022-11-30T11:02:19+00:00\",\"dateModified\":\"2023-01-05T09:59:08+00:00\",\"description\":\"Descubra m\u00e1s sobre qu\u00e9 es un monitor card\u00edaco implantable y los diferentes tipos que existen, cu\u00e1ndo se necesita y c\u00f3mo funciona.\",\"breadcrumb\":{\"@id\":\"https:\/\/www.myrhythmdevice.org\/implantable-heart-rhythm-monitor\/#breadcrumb\"},\"inLanguage\":\"es\",\"potentialAction\":[{\"@type\":\"ReadAction\",\"target\":[\"https:\/\/www.myrhythmdevice.org\/implantable-heart-rhythm-monitor\/\"]}]},{\"@type\":\"ImageObject\",\"inLanguage\":\"es\",\"@id\":\"https:\/\/www.myrhythmdevice.org\/implantable-heart-rhythm-monitor\/#primaryimage\",\"url\":\"https:\/\/www.myrhythmdevice.org\/wp-content\/uploads\/2022\/02\/shutterstock_2019504416-1-min.jpg\",\"contentUrl\":\"https:\/\/www.myrhythmdevice.org\/wp-content\/uploads\/2022\/02\/shutterstock_2019504416-1-min.jpg\",\"width\":900,\"height\":612},{\"@type\":\"BreadcrumbList\",\"@id\":\"https:\/\/www.myrhythmdevice.org\/implantable-heart-rhythm-monitor\/#breadcrumb\",\"itemListElement\":[{\"@type\":\"ListItem\",\"position\":1,\"name\":\"Home\",\"item\":\"https:\/\/www.myrhythmdevice.org\/es\/\"},{\"@type\":\"ListItem\",\"position\":2,\"name\":\"Monitor de ritmo card\u00edaco implantable\"}]},{\"@type\":\"WebSite\",\"@id\":\"https:\/\/www.myrhythmdevice.org\/#website\",\"url\":\"https:\/\/www.myrhythmdevice.org\/\",\"name\":\"myrhythmdevice.org\",\"description\":\"The website for patients with implanted cardiac devices, their caregivers and families.\",\"publisher\":{\"@id\":\"https:\/\/www.myrhythmdevice.org\/#organization\"},\"potentialAction\":[{\"@type\":\"SearchAction\",\"target\":{\"@type\":\"EntryPoint\",\"urlTemplate\":\"https:\/\/www.myrhythmdevice.org\/?s={search_term_string}\"},\"query-input\":{\"@type\":\"PropertyValueSpecification\",\"valueRequired\":true,\"valueName\":\"search_term_string\"}}],\"inLanguage\":\"es\"},{\"@type\":\"Organization\",\"@id\":\"https:\/\/www.myrhythmdevice.org\/#organization\",\"name\":\"myrhythmdevice.org\",\"url\":\"https:\/\/www.myrhythmdevice.org\/\",\"logo\":{\"@type\":\"ImageObject\",\"inLanguage\":\"es\",\"@id\":\"https:\/\/www.myrhythmdevice.org\/#\/schema\/logo\/image\/\",\"url\":\"https:\/\/cdn-endpoint-mrd.azureedge.net\/myrhythmdevice\/2022\/02\/LOGO-MRD.jpg\",\"contentUrl\":\"https:\/\/cdn-endpoint-mrd.azureedge.net\/myrhythmdevice\/2022\/02\/LOGO-MRD.jpg\",\"width\":1478,\"height\":326,\"caption\":\"myrhythmdevice.org\"},\"image\":{\"@id\":\"https:\/\/www.myrhythmdevice.org\/#\/schema\/logo\/image\/\"}}]}<\/script>\n<!-- \/ Yoast SEO plugin. -->","yoast_head_json":{"title":"Monitor de ritmo card\u00edaco implantable | My Rhythm Device","description":"Descubra m\u00e1s sobre qu\u00e9 es un monitor card\u00edaco implantable y los diferentes tipos que existen, cu\u00e1ndo se necesita y c\u00f3mo funciona.","robots":{"index":"index","follow":"follow","max-snippet":"max-snippet:-1","max-image-preview":"max-image-preview:large","max-video-preview":"max-video-preview:-1"},"canonical":"https:\/\/www.myrhythmdevice.org\/implantable-heart-rhythm-monitor\/","og_locale":"es_ES","og_type":"article","og_title":"Monitor de ritmo card\u00edaco implantable | My Rhythm Device","og_description":"Descubra m\u00e1s sobre qu\u00e9 es un monitor card\u00edaco implantable y los diferentes tipos que existen, cu\u00e1ndo se necesita y c\u00f3mo funciona.","og_url":"https:\/\/www.myrhythmdevice.org\/implantable-heart-rhythm-monitor\/","og_site_name":"myrhythmdevice.org","article_modified_time":"2023-01-05T09:59:08+00:00","og_image":[{"width":900,"height":612,"url":"https:\/\/www.myrhythmdevice.org\/wp-content\/uploads\/2022\/02\/shutterstock_2019504416-1-min.jpg","type":"image\/jpeg"}],"twitter_card":"summary_large_image","schema":{"@context":"https:\/\/schema.org","@graph":[{"@type":"WebPage","@id":"https:\/\/www.myrhythmdevice.org\/implantable-heart-rhythm-monitor\/","url":"https:\/\/www.myrhythmdevice.org\/implantable-heart-rhythm-monitor\/","name":"Monitor de ritmo card\u00edaco implantable | My Rhythm Device","isPartOf":{"@id":"https:\/\/www.myrhythmdevice.org\/#website"},"primaryImageOfPage":{"@id":"https:\/\/www.myrhythmdevice.org\/implantable-heart-rhythm-monitor\/#primaryimage"},"image":{"@id":"https:\/\/www.myrhythmdevice.org\/implantable-heart-rhythm-monitor\/#primaryimage"},"thumbnailUrl":"https:\/\/www.myrhythmdevice.org\/wp-content\/uploads\/2022\/02\/shutterstock_2019504416-1-min.jpg","datePublished":"2022-11-30T11:02:19+00:00","dateModified":"2023-01-05T09:59:08+00:00","description":"Descubra m\u00e1s sobre qu\u00e9 es un monitor card\u00edaco implantable y los diferentes tipos que existen, cu\u00e1ndo se necesita y c\u00f3mo funciona.","breadcrumb":{"@id":"https:\/\/www.myrhythmdevice.org\/implantable-heart-rhythm-monitor\/#breadcrumb"},"inLanguage":"es","potentialAction":[{"@type":"ReadAction","target":["https:\/\/www.myrhythmdevice.org\/implantable-heart-rhythm-monitor\/"]}]},{"@type":"ImageObject","inLanguage":"es","@id":"https:\/\/www.myrhythmdevice.org\/implantable-heart-rhythm-monitor\/#primaryimage","url":"https:\/\/www.myrhythmdevice.org\/wp-content\/uploads\/2022\/02\/shutterstock_2019504416-1-min.jpg","contentUrl":"https:\/\/www.myrhythmdevice.org\/wp-content\/uploads\/2022\/02\/shutterstock_2019504416-1-min.jpg","width":900,"height":612},{"@type":"BreadcrumbList","@id":"https:\/\/www.myrhythmdevice.org\/implantable-heart-rhythm-monitor\/#breadcrumb","itemListElement":[{"@type":"ListItem","position":1,"name":"Home","item":"https:\/\/www.myrhythmdevice.org\/es\/"},{"@type":"ListItem","position":2,"name":"Monitor de ritmo card\u00edaco implantable"}]},{"@type":"WebSite","@id":"https:\/\/www.myrhythmdevice.org\/#website","url":"https:\/\/www.myrhythmdevice.org\/","name":"myrhythmdevice.org","description":"The website for patients with implanted cardiac devices, their caregivers and families.","publisher":{"@id":"https:\/\/www.myrhythmdevice.org\/#organization"},"potentialAction":[{"@type":"SearchAction","target":{"@type":"EntryPoint","urlTemplate":"https:\/\/www.myrhythmdevice.org\/?s={search_term_string}"},"query-input":{"@type":"PropertyValueSpecification","valueRequired":true,"valueName":"search_term_string"}}],"inLanguage":"es"},{"@type":"Organization","@id":"https:\/\/www.myrhythmdevice.org\/#organization","name":"myrhythmdevice.org","url":"https:\/\/www.myrhythmdevice.org\/","logo":{"@type":"ImageObject","inLanguage":"es","@id":"https:\/\/www.myrhythmdevice.org\/#\/schema\/logo\/image\/","url":"https:\/\/cdn-endpoint-mrd.azureedge.net\/myrhythmdevice\/2022\/02\/LOGO-MRD.jpg","contentUrl":"https:\/\/cdn-endpoint-mrd.azureedge.net\/myrhythmdevice\/2022\/02\/LOGO-MRD.jpg","width":1478,"height":326,"caption":"myrhythmdevice.org"},"image":{"@id":"https:\/\/www.myrhythmdevice.org\/#\/schema\/logo\/image\/"}}]}},"_links":{"self":[{"href":"https:\/\/www.myrhythmdevice.org\/es\/wp-json\/wp\/v2\/pages\/619","targetHints":{"allow":["GET"]}}],"collection":[{"href":"https:\/\/www.myrhythmdevice.org\/es\/wp-json\/wp\/v2\/pages"}],"about":[{"href":"https:\/\/www.myrhythmdevice.org\/es\/wp-json\/wp\/v2\/types\/page"}],"author":[{"embeddable":true,"href":"https:\/\/www.myrhythmdevice.org\/es\/wp-json\/wp\/v2\/users\/1"}],"replies":[{"embeddable":true,"href":"https:\/\/www.myrhythmdevice.org\/es\/wp-json\/wp\/v2\/comments?post=619"}],"version-history":[{"count":1,"href":"https:\/\/www.myrhythmdevice.org\/es\/wp-json\/wp\/v2\/pages\/619\/revisions"}],"predecessor-version":[{"id":742,"href":"https:\/\/www.myrhythmdevice.org\/es\/wp-json\/wp\/v2\/pages\/619\/revisions\/742"}],"wp:featuredmedia":[{"embeddable":true,"href":"https:\/\/www.myrhythmdevice.org\/es\/wp-json\/wp\/v2\/media\/572"}],"wp:attachment":[{"href":"https:\/\/www.myrhythmdevice.org\/es\/wp-json\/wp\/v2\/media?parent=619"}],"wp:term":[{"taxonomy":"category","embeddable":true,"href":"https:\/\/www.myrhythmdevice.org\/es\/wp-json\/wp\/v2\/categories?post=619"},{"taxonomy":"post_tag","embeddable":true,"href":"https:\/\/www.myrhythmdevice.org\/es\/wp-json\/wp\/v2\/tags?post=619"}],"curies":[{"name":"wp","href":"https:\/\/api.w.org\/{rel}","templated":true}]}}