{"id":618,"date":"2022-11-30T11:02:19","date_gmt":"2022-11-30T11:02:19","guid":{"rendered":"https:\/\/www.myrhythmdevice.org\/que-es-un-marcapasos\/"},"modified":"2023-01-05T09:59:08","modified_gmt":"2023-01-05T09:59:08","slug":"que-es-un-marcapasos","status":"publish","type":"page","link":"https:\/\/www.myrhythmdevice.org\/es\/que-es-un-dispositivo-cardiaco\/que-es-un-marcapasos\/","title":{"rendered":"\u00bfQu\u00e9 es un marcapasos?"},"content":{"rendered":"<p><img loading=\"lazy\" decoding=\"async\" class=\"alignnone wp-image-504\" src=\"https:\/\/cdn-endpoint-mrd.azureedge.net\/myrhythmdevice\/2022\/11\/pacemaker.jpg\" alt=\"\" width=\"501\" height=\"334\" srcset=\"https:\/\/cdn-endpoint-mrd.azureedge.net\/myrhythmdevice\/2022\/11\/pacemaker.jpg 1000w, https:\/\/www.myrhythmdevice.org\/wp-content\/uploads\/2022\/11\/pacemaker-300x200.jpg 300w, https:\/\/www.myrhythmdevice.org\/wp-content\/uploads\/2022\/11\/pacemaker-768x512.jpg 768w, https:\/\/www.myrhythmdevice.org\/wp-content\/uploads\/2022\/11\/pacemaker-600x400.jpg 600w, https:\/\/www.myrhythmdevice.org\/wp-content\/uploads\/2022\/11\/pacemaker-900x600.jpg 900w\" sizes=\"auto, (max-width: 501px) 100vw, 501px\" \/><\/p>\n<p>Un marcapasos es un dispositivo con una bater\u00eda interna que se implanta bajo la piel del pecho para evitar que la frecuencia card\u00edaca sea demasiado lenta. El marcapasos monitoriza el ritmo card\u00edaco y, cuando detecta un ritmo lento, produce se\u00f1ales el\u00e9ctricas y estimula el coraz\u00f3n. Un marcapasos puede tratar los s\u00edntomas derivados de una frecuencia card\u00edaca lenta (cansancio, mareos, desmayos, etc.). Sin embargo, no puede tratar la frecuencia card\u00edaca r\u00e1pida y los s\u00edntomas causados por las taquicardias.<\/p>\n<p>Un marcapasos biventricular o terapia de resincronizaci\u00f3n card\u00edaca (TRC) es un tipo espec\u00edfico de marcapasos que se utiliza en casos de insuficiencia card\u00edaca y de contracci\u00f3n descoordinada de los ventr\u00edculos. Un dispositivo de TRC puede estimular ambos ventr\u00edculos del coraz\u00f3n de forma simult\u00e1nea y coordinada para conseguir que el coraz\u00f3n se contraiga de manera m\u00e1s eficiente. Un marcapasos biventricular tiene las mismas funciones que un marcapasos com\u00fan, por lo que tambi\u00e9n previene la frecuencia card\u00edaca lenta y alivia los s\u00edntomas causados por las bradicardias, pero no sirve para prevenir o tratar la frecuencia card\u00edaca r\u00e1pida.<\/p>\n<p>El tama\u00f1o y la forma de los marcapasos pueden variar en funci\u00f3n del fabricante y el modelo. Un marcapasos biventricular es, por lo general, m\u00e1s grande que un marcapasos com\u00fan.<\/p>\n","protected":false},"excerpt":{"rendered":"<p>Un marcapasos es un dispositivo con una bater\u00eda interna que se implanta bajo la piel del pecho para evitar que la frecuencia card\u00edaca sea demasiado lenta. El marcapasos monitoriza el ritmo card\u00edaco y, cuando detecta un ritmo lento, produce se\u00f1ales el\u00e9ctricas y estimula el coraz\u00f3n. Un marcapasos puede tratar los s\u00edntomas derivados de una frecuencia [&hellip;]<\/p>\n","protected":false},"author":1,"featured_media":551,"parent":637,"menu_order":3,"comment_status":"closed","ping_status":"closed","template":"","meta":{"_acf_changed":false,"footnotes":""},"categories":[],"tags":[],"class_list":["post-618","page","type-page","status-publish","has-post-thumbnail","hentry"],"acf":[],"yoast_head":"<!-- This site is optimized with the Yoast SEO plugin v26.0 - https:\/\/yoast.com\/wordpress\/plugins\/seo\/ -->\n<title>\u00bfQu\u00e9 es un marcapasos? | My Rhythm Device<\/title>\n<meta name=\"description\" content=\"Un marcapasos es un dispositivo de bater\u00eda que se implanta en el pecho para evitar que la frecuencia card\u00edaca sea demasiado lenta.\" \/>\n<meta name=\"robots\" content=\"index, follow, max-snippet:-1, max-image-preview:large, max-video-preview:-1\" \/>\n<link rel=\"canonical\" href=\"https:\/\/www.myrhythmdevice.org\/es\/que-es-un-dispositivo-cardiaco\/que-es-un-marcapasos\/\" \/>\n<meta property=\"og:locale\" content=\"es_ES\" \/>\n<meta property=\"og:type\" content=\"article\" \/>\n<meta property=\"og:title\" content=\"\u00bfQu\u00e9 es un marcapasos? | My Rhythm Device\" \/>\n<meta property=\"og:description\" content=\"Un marcapasos es un dispositivo de bater\u00eda que se implanta en el pecho para evitar que la frecuencia card\u00edaca sea demasiado lenta.\" \/>\n<meta property=\"og:url\" content=\"https:\/\/www.myrhythmdevice.org\/es\/que-es-un-dispositivo-cardiaco\/que-es-un-marcapasos\/\" \/>\n<meta property=\"og:site_name\" content=\"myrhythmdevice.org\" \/>\n<meta property=\"article:modified_time\" content=\"2023-01-05T09:59:08+00:00\" \/>\n<meta property=\"og:image\" content=\"https:\/\/www.myrhythmdevice.org\/wp-content\/uploads\/2022\/02\/shutterstock_608377106-1-min.jpg\" \/>\n\t<meta property=\"og:image:width\" content=\"900\" \/>\n\t<meta property=\"og:image:height\" content=\"600\" \/>\n\t<meta property=\"og:image:type\" content=\"image\/jpeg\" \/>\n<meta name=\"twitter:card\" content=\"summary_large_image\" \/>\n<meta name=\"twitter:label1\" content=\"Tiempo de lectura\" \/>\n\t<meta name=\"twitter:data1\" content=\"1 minuto\" \/>\n<script type=\"application\/ld+json\" class=\"yoast-schema-graph\">{\"@context\":\"https:\/\/schema.org\",\"@graph\":[{\"@type\":\"WebPage\",\"@id\":\"https:\/\/www.myrhythmdevice.org\/es\/que-es-un-dispositivo-cardiaco\/que-es-un-marcapasos\/\",\"url\":\"https:\/\/www.myrhythmdevice.org\/es\/que-es-un-dispositivo-cardiaco\/que-es-un-marcapasos\/\",\"name\":\"\u00bfQu\u00e9 es un marcapasos? | My Rhythm Device\",\"isPartOf\":{\"@id\":\"https:\/\/www.myrhythmdevice.org\/#website\"},\"primaryImageOfPage\":{\"@id\":\"https:\/\/www.myrhythmdevice.org\/es\/que-es-un-dispositivo-cardiaco\/que-es-un-marcapasos\/#primaryimage\"},\"image\":{\"@id\":\"https:\/\/www.myrhythmdevice.org\/es\/que-es-un-dispositivo-cardiaco\/que-es-un-marcapasos\/#primaryimage\"},\"thumbnailUrl\":\"https:\/\/www.myrhythmdevice.org\/wp-content\/uploads\/2022\/02\/shutterstock_608377106-1-min.jpg\",\"datePublished\":\"2022-11-30T11:02:19+00:00\",\"dateModified\":\"2023-01-05T09:59:08+00:00\",\"description\":\"Un marcapasos es un dispositivo de bater\u00eda que se implanta en el pecho para evitar que la frecuencia card\u00edaca sea demasiado lenta.\",\"breadcrumb\":{\"@id\":\"https:\/\/www.myrhythmdevice.org\/es\/que-es-un-dispositivo-cardiaco\/que-es-un-marcapasos\/#breadcrumb\"},\"inLanguage\":\"es\",\"potentialAction\":[{\"@type\":\"ReadAction\",\"target\":[\"https:\/\/www.myrhythmdevice.org\/es\/que-es-un-dispositivo-cardiaco\/que-es-un-marcapasos\/\"]}]},{\"@type\":\"ImageObject\",\"inLanguage\":\"es\",\"@id\":\"https:\/\/www.myrhythmdevice.org\/es\/que-es-un-dispositivo-cardiaco\/que-es-un-marcapasos\/#primaryimage\",\"url\":\"https:\/\/www.myrhythmdevice.org\/wp-content\/uploads\/2022\/02\/shutterstock_608377106-1-min.jpg\",\"contentUrl\":\"https:\/\/www.myrhythmdevice.org\/wp-content\/uploads\/2022\/02\/shutterstock_608377106-1-min.jpg\",\"width\":900,\"height\":600},{\"@type\":\"BreadcrumbList\",\"@id\":\"https:\/\/www.myrhythmdevice.org\/es\/que-es-un-dispositivo-cardiaco\/que-es-un-marcapasos\/#breadcrumb\",\"itemListElement\":[{\"@type\":\"ListItem\",\"position\":1,\"name\":\"Home\",\"item\":\"https:\/\/www.myrhythmdevice.org\/es\/\"},{\"@type\":\"ListItem\",\"position\":2,\"name\":\"\u00bfQu\u00e9 es un dispositivo card\u00edaco?\",\"item\":\"https:\/\/www.myrhythmdevice.org\/es\/que-es-un-dispositivo-cardiaco\/\"},{\"@type\":\"ListItem\",\"position\":3,\"name\":\"\u00bfQu\u00e9 es un marcapasos?\"}]},{\"@type\":\"WebSite\",\"@id\":\"https:\/\/www.myrhythmdevice.org\/#website\",\"url\":\"https:\/\/www.myrhythmdevice.org\/\",\"name\":\"myrhythmdevice.org\",\"description\":\"The website for patients with implanted cardiac devices, their caregivers and families.\",\"publisher\":{\"@id\":\"https:\/\/www.myrhythmdevice.org\/#organization\"},\"potentialAction\":[{\"@type\":\"SearchAction\",\"target\":{\"@type\":\"EntryPoint\",\"urlTemplate\":\"https:\/\/www.myrhythmdevice.org\/?s={search_term_string}\"},\"query-input\":{\"@type\":\"PropertyValueSpecification\",\"valueRequired\":true,\"valueName\":\"search_term_string\"}}],\"inLanguage\":\"es\"},{\"@type\":\"Organization\",\"@id\":\"https:\/\/www.myrhythmdevice.org\/#organization\",\"name\":\"myrhythmdevice.org\",\"url\":\"https:\/\/www.myrhythmdevice.org\/\",\"logo\":{\"@type\":\"ImageObject\",\"inLanguage\":\"es\",\"@id\":\"https:\/\/www.myrhythmdevice.org\/#\/schema\/logo\/image\/\",\"url\":\"https:\/\/cdn-endpoint-mrd.azureedge.net\/myrhythmdevice\/2022\/02\/LOGO-MRD.jpg\",\"contentUrl\":\"https:\/\/cdn-endpoint-mrd.azureedge.net\/myrhythmdevice\/2022\/02\/LOGO-MRD.jpg\",\"width\":1478,\"height\":326,\"caption\":\"myrhythmdevice.org\"},\"image\":{\"@id\":\"https:\/\/www.myrhythmdevice.org\/#\/schema\/logo\/image\/\"}}]}<\/script>\n<!-- \/ Yoast SEO plugin. -->","yoast_head_json":{"title":"\u00bfQu\u00e9 es un marcapasos? | My Rhythm Device","description":"Un marcapasos es un dispositivo de bater\u00eda que se implanta en el pecho para evitar que la frecuencia card\u00edaca sea demasiado lenta.","robots":{"index":"index","follow":"follow","max-snippet":"max-snippet:-1","max-image-preview":"max-image-preview:large","max-video-preview":"max-video-preview:-1"},"canonical":"https:\/\/www.myrhythmdevice.org\/es\/que-es-un-dispositivo-cardiaco\/que-es-un-marcapasos\/","og_locale":"es_ES","og_type":"article","og_title":"\u00bfQu\u00e9 es un marcapasos? | My Rhythm Device","og_description":"Un marcapasos es un dispositivo de bater\u00eda que se implanta en el pecho para evitar que la frecuencia card\u00edaca sea demasiado lenta.","og_url":"https:\/\/www.myrhythmdevice.org\/es\/que-es-un-dispositivo-cardiaco\/que-es-un-marcapasos\/","og_site_name":"myrhythmdevice.org","article_modified_time":"2023-01-05T09:59:08+00:00","og_image":[{"width":900,"height":600,"url":"https:\/\/www.myrhythmdevice.org\/wp-content\/uploads\/2022\/02\/shutterstock_608377106-1-min.jpg","type":"image\/jpeg"}],"twitter_card":"summary_large_image","twitter_misc":{"Tiempo de lectura":"1 minuto"},"schema":{"@context":"https:\/\/schema.org","@graph":[{"@type":"WebPage","@id":"https:\/\/www.myrhythmdevice.org\/es\/que-es-un-dispositivo-cardiaco\/que-es-un-marcapasos\/","url":"https:\/\/www.myrhythmdevice.org\/es\/que-es-un-dispositivo-cardiaco\/que-es-un-marcapasos\/","name":"\u00bfQu\u00e9 es un marcapasos? | My Rhythm Device","isPartOf":{"@id":"https:\/\/www.myrhythmdevice.org\/#website"},"primaryImageOfPage":{"@id":"https:\/\/www.myrhythmdevice.org\/es\/que-es-un-dispositivo-cardiaco\/que-es-un-marcapasos\/#primaryimage"},"image":{"@id":"https:\/\/www.myrhythmdevice.org\/es\/que-es-un-dispositivo-cardiaco\/que-es-un-marcapasos\/#primaryimage"},"thumbnailUrl":"https:\/\/www.myrhythmdevice.org\/wp-content\/uploads\/2022\/02\/shutterstock_608377106-1-min.jpg","datePublished":"2022-11-30T11:02:19+00:00","dateModified":"2023-01-05T09:59:08+00:00","description":"Un marcapasos es un dispositivo de bater\u00eda que se implanta en el pecho para evitar que la frecuencia card\u00edaca sea demasiado lenta.","breadcrumb":{"@id":"https:\/\/www.myrhythmdevice.org\/es\/que-es-un-dispositivo-cardiaco\/que-es-un-marcapasos\/#breadcrumb"},"inLanguage":"es","potentialAction":[{"@type":"ReadAction","target":["https:\/\/www.myrhythmdevice.org\/es\/que-es-un-dispositivo-cardiaco\/que-es-un-marcapasos\/"]}]},{"@type":"ImageObject","inLanguage":"es","@id":"https:\/\/www.myrhythmdevice.org\/es\/que-es-un-dispositivo-cardiaco\/que-es-un-marcapasos\/#primaryimage","url":"https:\/\/www.myrhythmdevice.org\/wp-content\/uploads\/2022\/02\/shutterstock_608377106-1-min.jpg","contentUrl":"https:\/\/www.myrhythmdevice.org\/wp-content\/uploads\/2022\/02\/shutterstock_608377106-1-min.jpg","width":900,"height":600},{"@type":"BreadcrumbList","@id":"https:\/\/www.myrhythmdevice.org\/es\/que-es-un-dispositivo-cardiaco\/que-es-un-marcapasos\/#breadcrumb","itemListElement":[{"@type":"ListItem","position":1,"name":"Home","item":"https:\/\/www.myrhythmdevice.org\/es\/"},{"@type":"ListItem","position":2,"name":"\u00bfQu\u00e9 es un dispositivo card\u00edaco?","item":"https:\/\/www.myrhythmdevice.org\/es\/que-es-un-dispositivo-cardiaco\/"},{"@type":"ListItem","position":3,"name":"\u00bfQu\u00e9 es un marcapasos?"}]},{"@type":"WebSite","@id":"https:\/\/www.myrhythmdevice.org\/#website","url":"https:\/\/www.myrhythmdevice.org\/","name":"myrhythmdevice.org","description":"The website for patients with implanted cardiac devices, their caregivers and families.","publisher":{"@id":"https:\/\/www.myrhythmdevice.org\/#organization"},"potentialAction":[{"@type":"SearchAction","target":{"@type":"EntryPoint","urlTemplate":"https:\/\/www.myrhythmdevice.org\/?s={search_term_string}"},"query-input":{"@type":"PropertyValueSpecification","valueRequired":true,"valueName":"search_term_string"}}],"inLanguage":"es"},{"@type":"Organization","@id":"https:\/\/www.myrhythmdevice.org\/#organization","name":"myrhythmdevice.org","url":"https:\/\/www.myrhythmdevice.org\/","logo":{"@type":"ImageObject","inLanguage":"es","@id":"https:\/\/www.myrhythmdevice.org\/#\/schema\/logo\/image\/","url":"https:\/\/cdn-endpoint-mrd.azureedge.net\/myrhythmdevice\/2022\/02\/LOGO-MRD.jpg","contentUrl":"https:\/\/cdn-endpoint-mrd.azureedge.net\/myrhythmdevice\/2022\/02\/LOGO-MRD.jpg","width":1478,"height":326,"caption":"myrhythmdevice.org"},"image":{"@id":"https:\/\/www.myrhythmdevice.org\/#\/schema\/logo\/image\/"}}]}},"_links":{"self":[{"href":"https:\/\/www.myrhythmdevice.org\/es\/wp-json\/wp\/v2\/pages\/618","targetHints":{"allow":["GET"]}}],"collection":[{"href":"https:\/\/www.myrhythmdevice.org\/es\/wp-json\/wp\/v2\/pages"}],"about":[{"href":"https:\/\/www.myrhythmdevice.org\/es\/wp-json\/wp\/v2\/types\/page"}],"author":[{"embeddable":true,"href":"https:\/\/www.myrhythmdevice.org\/es\/wp-json\/wp\/v2\/users\/1"}],"replies":[{"embeddable":true,"href":"https:\/\/www.myrhythmdevice.org\/es\/wp-json\/wp\/v2\/comments?post=618"}],"version-history":[{"count":1,"href":"https:\/\/www.myrhythmdevice.org\/es\/wp-json\/wp\/v2\/pages\/618\/revisions"}],"predecessor-version":[{"id":740,"href":"https:\/\/www.myrhythmdevice.org\/es\/wp-json\/wp\/v2\/pages\/618\/revisions\/740"}],"up":[{"embeddable":true,"href":"https:\/\/www.myrhythmdevice.org\/es\/wp-json\/wp\/v2\/pages\/637"}],"wp:featuredmedia":[{"embeddable":true,"href":"https:\/\/www.myrhythmdevice.org\/es\/wp-json\/wp\/v2\/media\/551"}],"wp:attachment":[{"href":"https:\/\/www.myrhythmdevice.org\/es\/wp-json\/wp\/v2\/media?parent=618"}],"wp:term":[{"taxonomy":"category","embeddable":true,"href":"https:\/\/www.myrhythmdevice.org\/es\/wp-json\/wp\/v2\/categories?post=618"},{"taxonomy":"post_tag","embeddable":true,"href":"https:\/\/www.myrhythmdevice.org\/es\/wp-json\/wp\/v2\/tags?post=618"}],"curies":[{"name":"wp","href":"https:\/\/api.w.org\/{rel}","templated":true}]}}