{"id":616,"date":"2022-11-30T11:02:18","date_gmt":"2022-11-30T11:02:18","guid":{"rendered":"https:\/\/www.myrhythmdevice.org\/como-funciona-un-dci\/"},"modified":"2023-01-05T09:59:08","modified_gmt":"2023-01-05T09:59:08","slug":"como-funciona-un-dci","status":"publish","type":"page","link":"https:\/\/www.myrhythmdevice.org\/es\/dci\/como-funciona-un-dci\/","title":{"rendered":"\u00bfC\u00f3mo funciona un DAI?"},"content":{"rendered":"<p><img loading=\"lazy\" decoding=\"async\" class=\"alignnone wp-image-86 size-medium\" src=\"https:\/\/cdn-endpoint-mrd.azureedge.net\/myrhythmdevice\/2022\/02\/shutterstock_1560925949-1-min-300x200.jpg\" alt=\"\" width=\"300\" height=\"200\" srcset=\"https:\/\/www.myrhythmdevice.org\/wp-content\/uploads\/2022\/02\/shutterstock_1560925949-1-min-300x200.jpg 300w, https:\/\/www.myrhythmdevice.org\/wp-content\/uploads\/2022\/02\/shutterstock_1560925949-1-min-768x512.jpg 768w, https:\/\/www.myrhythmdevice.org\/wp-content\/uploads\/2022\/02\/shutterstock_1560925949-1-min-600x400.jpg 600w, https:\/\/cdn-endpoint-mrd.azureedge.net\/myrhythmdevice\/2022\/02\/shutterstock_1560925949-1-min.jpg 900w\" sizes=\"auto, (max-width: 300px) 100vw, 300px\" \/><\/p>\n<p>Un DAI es un dispositivo que puede administrar terapias, tanto descargas como estimulaciones card\u00edacas de alta frecuencia, para interrumpir arritmias ventriculares potencialmente mortales. Adem\u00e1s, los desfibriladores transvenosos tienen la misma capacidad de estimulaci\u00f3n card\u00edaca que un marcapasos.<\/p>\n<p>Un DAI consta de:<\/p>\n<ul>\n<li>una carcasa que comprende los circuitos electr\u00f3nicos, el \u00abcerebro\u00bb del dispositivo que permite que el este funcione, y la energ\u00eda necesaria para administrar el tratamiento en caso de arritmias;<\/li>\n<li>cable(s): alambre(s) el\u00e9ctrico(s) para detectar la actividad el\u00e9ctrica del coraz\u00f3n y transmitir terapias, como descargas o estimulaciones.<\/li>\n<\/ul>\n<p>&nbsp;<\/p>\n<p>Un DAI controla la actividad el\u00e9ctrica espont\u00e1nea del coraz\u00f3n de forma continua y, seg\u00fan ajustes muy precisos, puede necesitar administrar un tratamiento en caso de arritmia. Un desfibrilador pueden servir ser para acelerar la frecuencia card\u00edaca por encima de la frecuencia de la arritmia para interrumpirla, o para suministrar una descarga el\u00e9ctrica (corriente el\u00e9ctrica suministrada entre la caja y el cable desfibrilador que est\u00e1 en el ventr\u00edculo derecho o debajo de la piel) que interrumpe la arritmia. Adem\u00e1s, los desfibriladores transvenosos tienen la misma capacidad de estimulaci\u00f3n card\u00edaca que los marcapasos: estimulaci\u00f3n antibradicardia o terapia de resincronizaci\u00f3n.<\/p>\n","protected":false},"excerpt":{"rendered":"<p>Un DAI es un dispositivo que puede administrar terapias, tanto descargas como estimulaciones card\u00edacas de alta frecuencia, para interrumpir arritmias ventriculares potencialmente mortales. Adem\u00e1s, los desfibriladores transvenosos tienen la misma capacidad de estimulaci\u00f3n card\u00edaca que un marcapasos. Un DAI consta de: una carcasa que comprende los circuitos electr\u00f3nicos, el \u00abcerebro\u00bb del dispositivo que permite que [&hellip;]<\/p>\n","protected":false},"author":1,"featured_media":552,"parent":631,"menu_order":2,"comment_status":"closed","ping_status":"closed","template":"","meta":{"_acf_changed":false,"footnotes":""},"categories":[],"tags":[],"class_list":["post-616","page","type-page","status-publish","has-post-thumbnail","hentry"],"acf":[],"yoast_head":"<!-- This site is optimized with the Yoast SEO plugin v25.3.1 - https:\/\/yoast.com\/wordpress\/plugins\/seo\/ -->\n<title>\u00bfC\u00f3mo funciona un DAI? | My Rhythm Device<\/title>\n<meta name=\"description\" content=\"Un DAI es un dispositivo que puede administrar terapias para interrumpir arritmias ventriculares potencialmente mortales.\" \/>\n<meta name=\"robots\" content=\"index, follow, max-snippet:-1, max-image-preview:large, max-video-preview:-1\" \/>\n<link rel=\"canonical\" href=\"https:\/\/www.myrhythmdevice.org\/es\/dci\/como-funciona-un-dci\/\" \/>\n<meta property=\"og:locale\" content=\"es_ES\" \/>\n<meta property=\"og:type\" content=\"article\" \/>\n<meta property=\"og:title\" content=\"\u00bfC\u00f3mo funciona un DAI? | My Rhythm Device\" \/>\n<meta property=\"og:description\" content=\"Un DAI es un dispositivo que puede administrar terapias para interrumpir arritmias ventriculares potencialmente mortales.\" \/>\n<meta property=\"og:url\" content=\"https:\/\/www.myrhythmdevice.org\/es\/dci\/como-funciona-un-dci\/\" \/>\n<meta property=\"og:site_name\" content=\"myrhythmdevice.org\" \/>\n<meta property=\"article:modified_time\" content=\"2023-01-05T09:59:08+00:00\" \/>\n<meta property=\"og:image\" content=\"https:\/\/www.myrhythmdevice.org\/wp-content\/uploads\/2022\/02\/shutterstock_1560925949-1-min.jpg\" \/>\n\t<meta property=\"og:image:width\" content=\"900\" \/>\n\t<meta property=\"og:image:height\" content=\"600\" \/>\n\t<meta property=\"og:image:type\" content=\"image\/jpeg\" \/>\n<meta name=\"twitter:card\" content=\"summary_large_image\" \/>\n<meta name=\"twitter:label1\" content=\"Tiempo de lectura\" \/>\n\t<meta name=\"twitter:data1\" content=\"1 minuto\" \/>\n<script type=\"application\/ld+json\" class=\"yoast-schema-graph\">{\"@context\":\"https:\/\/schema.org\",\"@graph\":[{\"@type\":\"WebPage\",\"@id\":\"https:\/\/www.myrhythmdevice.org\/es\/dci\/como-funciona-un-dci\/\",\"url\":\"https:\/\/www.myrhythmdevice.org\/es\/dci\/como-funciona-un-dci\/\",\"name\":\"\u00bfC\u00f3mo funciona un DAI? | My Rhythm Device\",\"isPartOf\":{\"@id\":\"https:\/\/www.myrhythmdevice.org\/#website\"},\"primaryImageOfPage\":{\"@id\":\"https:\/\/www.myrhythmdevice.org\/es\/dci\/como-funciona-un-dci\/#primaryimage\"},\"image\":{\"@id\":\"https:\/\/www.myrhythmdevice.org\/es\/dci\/como-funciona-un-dci\/#primaryimage\"},\"thumbnailUrl\":\"https:\/\/www.myrhythmdevice.org\/wp-content\/uploads\/2022\/02\/shutterstock_1560925949-1-min.jpg\",\"datePublished\":\"2022-11-30T11:02:18+00:00\",\"dateModified\":\"2023-01-05T09:59:08+00:00\",\"description\":\"Un DAI es un dispositivo que puede administrar terapias para interrumpir arritmias ventriculares potencialmente mortales.\",\"breadcrumb\":{\"@id\":\"https:\/\/www.myrhythmdevice.org\/es\/dci\/como-funciona-un-dci\/#breadcrumb\"},\"inLanguage\":\"es\",\"potentialAction\":[{\"@type\":\"ReadAction\",\"target\":[\"https:\/\/www.myrhythmdevice.org\/es\/dci\/como-funciona-un-dci\/\"]}]},{\"@type\":\"ImageObject\",\"inLanguage\":\"es\",\"@id\":\"https:\/\/www.myrhythmdevice.org\/es\/dci\/como-funciona-un-dci\/#primaryimage\",\"url\":\"https:\/\/www.myrhythmdevice.org\/wp-content\/uploads\/2022\/02\/shutterstock_1560925949-1-min.jpg\",\"contentUrl\":\"https:\/\/www.myrhythmdevice.org\/wp-content\/uploads\/2022\/02\/shutterstock_1560925949-1-min.jpg\",\"width\":900,\"height\":600},{\"@type\":\"BreadcrumbList\",\"@id\":\"https:\/\/www.myrhythmdevice.org\/es\/dci\/como-funciona-un-dci\/#breadcrumb\",\"itemListElement\":[{\"@type\":\"ListItem\",\"position\":1,\"name\":\"Home\",\"item\":\"https:\/\/www.myrhythmdevice.org\/es\/\"},{\"@type\":\"ListItem\",\"position\":2,\"name\":\"DAI\",\"item\":\"https:\/\/www.myrhythmdevice.org\/es\/dci\/\"},{\"@type\":\"ListItem\",\"position\":3,\"name\":\"\u00bfC\u00f3mo funciona un DAI?\"}]},{\"@type\":\"WebSite\",\"@id\":\"https:\/\/www.myrhythmdevice.org\/#website\",\"url\":\"https:\/\/www.myrhythmdevice.org\/\",\"name\":\"myrhythmdevice.org\",\"description\":\"The website for patients with implanted cardiac devices, their caregivers and families.\",\"publisher\":{\"@id\":\"https:\/\/www.myrhythmdevice.org\/#organization\"},\"potentialAction\":[{\"@type\":\"SearchAction\",\"target\":{\"@type\":\"EntryPoint\",\"urlTemplate\":\"https:\/\/www.myrhythmdevice.org\/?s={search_term_string}\"},\"query-input\":{\"@type\":\"PropertyValueSpecification\",\"valueRequired\":true,\"valueName\":\"search_term_string\"}}],\"inLanguage\":\"es\"},{\"@type\":\"Organization\",\"@id\":\"https:\/\/www.myrhythmdevice.org\/#organization\",\"name\":\"myrhythmdevice.org\",\"url\":\"https:\/\/www.myrhythmdevice.org\/\",\"logo\":{\"@type\":\"ImageObject\",\"inLanguage\":\"es\",\"@id\":\"https:\/\/www.myrhythmdevice.org\/#\/schema\/logo\/image\/\",\"url\":\"https:\/\/cdn-endpoint-mrd.azureedge.net\/myrhythmdevice\/2022\/02\/LOGO-MRD.jpg\",\"contentUrl\":\"https:\/\/cdn-endpoint-mrd.azureedge.net\/myrhythmdevice\/2022\/02\/LOGO-MRD.jpg\",\"width\":1478,\"height\":326,\"caption\":\"myrhythmdevice.org\"},\"image\":{\"@id\":\"https:\/\/www.myrhythmdevice.org\/#\/schema\/logo\/image\/\"}}]}<\/script>\n<!-- \/ Yoast SEO plugin. -->","yoast_head_json":{"title":"\u00bfC\u00f3mo funciona un DAI? | My Rhythm Device","description":"Un DAI es un dispositivo que puede administrar terapias para interrumpir arritmias ventriculares potencialmente mortales.","robots":{"index":"index","follow":"follow","max-snippet":"max-snippet:-1","max-image-preview":"max-image-preview:large","max-video-preview":"max-video-preview:-1"},"canonical":"https:\/\/www.myrhythmdevice.org\/es\/dci\/como-funciona-un-dci\/","og_locale":"es_ES","og_type":"article","og_title":"\u00bfC\u00f3mo funciona un DAI? | My Rhythm Device","og_description":"Un DAI es un dispositivo que puede administrar terapias para interrumpir arritmias ventriculares potencialmente mortales.","og_url":"https:\/\/www.myrhythmdevice.org\/es\/dci\/como-funciona-un-dci\/","og_site_name":"myrhythmdevice.org","article_modified_time":"2023-01-05T09:59:08+00:00","og_image":[{"width":900,"height":600,"url":"https:\/\/www.myrhythmdevice.org\/wp-content\/uploads\/2022\/02\/shutterstock_1560925949-1-min.jpg","type":"image\/jpeg"}],"twitter_card":"summary_large_image","twitter_misc":{"Tiempo de lectura":"1 minuto"},"schema":{"@context":"https:\/\/schema.org","@graph":[{"@type":"WebPage","@id":"https:\/\/www.myrhythmdevice.org\/es\/dci\/como-funciona-un-dci\/","url":"https:\/\/www.myrhythmdevice.org\/es\/dci\/como-funciona-un-dci\/","name":"\u00bfC\u00f3mo funciona un DAI? | My Rhythm Device","isPartOf":{"@id":"https:\/\/www.myrhythmdevice.org\/#website"},"primaryImageOfPage":{"@id":"https:\/\/www.myrhythmdevice.org\/es\/dci\/como-funciona-un-dci\/#primaryimage"},"image":{"@id":"https:\/\/www.myrhythmdevice.org\/es\/dci\/como-funciona-un-dci\/#primaryimage"},"thumbnailUrl":"https:\/\/www.myrhythmdevice.org\/wp-content\/uploads\/2022\/02\/shutterstock_1560925949-1-min.jpg","datePublished":"2022-11-30T11:02:18+00:00","dateModified":"2023-01-05T09:59:08+00:00","description":"Un DAI es un dispositivo que puede administrar terapias para interrumpir arritmias ventriculares potencialmente mortales.","breadcrumb":{"@id":"https:\/\/www.myrhythmdevice.org\/es\/dci\/como-funciona-un-dci\/#breadcrumb"},"inLanguage":"es","potentialAction":[{"@type":"ReadAction","target":["https:\/\/www.myrhythmdevice.org\/es\/dci\/como-funciona-un-dci\/"]}]},{"@type":"ImageObject","inLanguage":"es","@id":"https:\/\/www.myrhythmdevice.org\/es\/dci\/como-funciona-un-dci\/#primaryimage","url":"https:\/\/www.myrhythmdevice.org\/wp-content\/uploads\/2022\/02\/shutterstock_1560925949-1-min.jpg","contentUrl":"https:\/\/www.myrhythmdevice.org\/wp-content\/uploads\/2022\/02\/shutterstock_1560925949-1-min.jpg","width":900,"height":600},{"@type":"BreadcrumbList","@id":"https:\/\/www.myrhythmdevice.org\/es\/dci\/como-funciona-un-dci\/#breadcrumb","itemListElement":[{"@type":"ListItem","position":1,"name":"Home","item":"https:\/\/www.myrhythmdevice.org\/es\/"},{"@type":"ListItem","position":2,"name":"DAI","item":"https:\/\/www.myrhythmdevice.org\/es\/dci\/"},{"@type":"ListItem","position":3,"name":"\u00bfC\u00f3mo funciona un DAI?"}]},{"@type":"WebSite","@id":"https:\/\/www.myrhythmdevice.org\/#website","url":"https:\/\/www.myrhythmdevice.org\/","name":"myrhythmdevice.org","description":"The website for patients with implanted cardiac devices, their caregivers and families.","publisher":{"@id":"https:\/\/www.myrhythmdevice.org\/#organization"},"potentialAction":[{"@type":"SearchAction","target":{"@type":"EntryPoint","urlTemplate":"https:\/\/www.myrhythmdevice.org\/?s={search_term_string}"},"query-input":{"@type":"PropertyValueSpecification","valueRequired":true,"valueName":"search_term_string"}}],"inLanguage":"es"},{"@type":"Organization","@id":"https:\/\/www.myrhythmdevice.org\/#organization","name":"myrhythmdevice.org","url":"https:\/\/www.myrhythmdevice.org\/","logo":{"@type":"ImageObject","inLanguage":"es","@id":"https:\/\/www.myrhythmdevice.org\/#\/schema\/logo\/image\/","url":"https:\/\/cdn-endpoint-mrd.azureedge.net\/myrhythmdevice\/2022\/02\/LOGO-MRD.jpg","contentUrl":"https:\/\/cdn-endpoint-mrd.azureedge.net\/myrhythmdevice\/2022\/02\/LOGO-MRD.jpg","width":1478,"height":326,"caption":"myrhythmdevice.org"},"image":{"@id":"https:\/\/www.myrhythmdevice.org\/#\/schema\/logo\/image\/"}}]}},"_links":{"self":[{"href":"https:\/\/www.myrhythmdevice.org\/es\/wp-json\/wp\/v2\/pages\/616","targetHints":{"allow":["GET"]}}],"collection":[{"href":"https:\/\/www.myrhythmdevice.org\/es\/wp-json\/wp\/v2\/pages"}],"about":[{"href":"https:\/\/www.myrhythmdevice.org\/es\/wp-json\/wp\/v2\/types\/page"}],"author":[{"embeddable":true,"href":"https:\/\/www.myrhythmdevice.org\/es\/wp-json\/wp\/v2\/users\/1"}],"replies":[{"embeddable":true,"href":"https:\/\/www.myrhythmdevice.org\/es\/wp-json\/wp\/v2\/comments?post=616"}],"version-history":[{"count":1,"href":"https:\/\/www.myrhythmdevice.org\/es\/wp-json\/wp\/v2\/pages\/616\/revisions"}],"predecessor-version":[{"id":741,"href":"https:\/\/www.myrhythmdevice.org\/es\/wp-json\/wp\/v2\/pages\/616\/revisions\/741"}],"up":[{"embeddable":true,"href":"https:\/\/www.myrhythmdevice.org\/es\/wp-json\/wp\/v2\/pages\/631"}],"wp:featuredmedia":[{"embeddable":true,"href":"https:\/\/www.myrhythmdevice.org\/es\/wp-json\/wp\/v2\/media\/552"}],"wp:attachment":[{"href":"https:\/\/www.myrhythmdevice.org\/es\/wp-json\/wp\/v2\/media?parent=616"}],"wp:term":[{"taxonomy":"category","embeddable":true,"href":"https:\/\/www.myrhythmdevice.org\/es\/wp-json\/wp\/v2\/categories?post=616"},{"taxonomy":"post_tag","embeddable":true,"href":"https:\/\/www.myrhythmdevice.org\/es\/wp-json\/wp\/v2\/tags?post=616"}],"curies":[{"name":"wp","href":"https:\/\/api.w.org\/{rel}","templated":true}]}}